{"id":5460,"date":"2018-07-12T16:07:01","date_gmt":"2018-07-12T21:07:01","guid":{"rendered":"http:\/\/www.panajamtours.com\/?post_type=product&#038;p=5460"},"modified":"2018-07-12T16:07:01","modified_gmt":"2018-07-12T21:07:01","slug":"isla-del-rosario-lizamar","status":"publish","type":"product","link":"https:\/\/www.panajamtours.com\/es\/product\/isla-del-rosario-lizamar","title":{"rendered":"Isla del Rosario Lizamar"},"content":{"rendered":"<h6 style=\"text-align: center;\"><span style=\"color: #000000;\"><strong>Internacionales\u00a0<\/strong><\/span><\/h6>\n<h4 style=\"text-align: center;\"><span style=\"color: #ffcc00;\"><strong>Tours en Cartagena<\/strong><\/span><\/h4>\n<h1 style=\"text-align: center;\"><strong><span style=\"color: #339966;\">Isla del Rosario Lizamar<\/span><\/strong><\/h1>\n<h6 style=\"text-align: center;\"><strong>\u00a0<\/strong><\/h6>\n<h6 style=\"text-align: center;\"><span style=\"color: #000000;\">Colombia ofrece a sus visitantes una gran variedad de lugares donde divertirse y pasarla bien. Un gran atractivo de este hermoso pa\u00eds son sus playas paradis\u00edacas con aguas cristalinas y arena blanca que son un regalo a la vista de quien las visita.<\/span><\/h6>\n<p>&nbsp;<\/p>\n<p style=\"text-align: left;\"><span style=\"color: #000000;\">El archipi\u00e9lago de islas del Rosario cuenta con una extensi\u00f3n de islas donde puedes disfrutar de aguas cristalinas y arena blanca. Lizamar es uno de los lugares donde puedes parar a disfrutar del hermoso paisaje que ofrece la costa caribe\u00f1a colombiana mientras degustas un delicioso plato t\u00edpico de la gastronom\u00eda del caribe colombiano. Todos los servicios que colocamos a tu disposici\u00f3n te permitir\u00e1n disfrutar de las mejores experiencias durante tu visita a Colombia. Todo lo que buscas para tu relajaci\u00f3n y recreaci\u00f3n est\u00e1 aqu\u00ed.<br \/>\n<\/span><\/p>\n<p>&nbsp;<\/p>\n<h4 style=\"text-align: center;\"><span style=\"color: #339966;\"><strong>Incluye:\u00a0<\/strong><\/span><\/h4>\n<p>&nbsp;<\/p>\n<h6><span style=\"color: #000000;\">\u2666\u00a0Gu\u00eda Biling\u00fce. <\/span><\/h6>\n<h6><span style=\"color: #000000;\">\u2666 Transporte n\u00e1utico <\/span><\/h6>\n<h6><span style=\"color: #000000;\">\u2666 Almuerzo t\u00edpico estilo buffet<\/span><\/h6>\n<h6><span style=\"color: #000000;\"> \u2666 Recorrido panor\u00e1mico por las 27 Islas del Rosario. <\/span><\/h6>\n<h6><span style=\"color: #000000;\">\u2666 Llegada a la Islas San Mart\u00edn de Pajarales donde se encuentra el Oceanario el cual presenta un espect\u00e1culo de delfines y tiburones (entrada opcional).<\/span><\/h6>\n<h6><span style=\"color: #000000;\">\u2666 Servicio regular<\/span><\/h6>\n<p>&nbsp;<\/p>\n<p>&nbsp;<\/p>\n<p><span style=\"color: #000000;\"><strong>No incluye:\u00a0<\/strong>Traslado hotel \/ muelle de zonas no mencionadas, impuesto portuario obligatorio a pagar en destino, Entrada opcional al acuario y Show De Delfines y Tiburones<strong><br \/>\n<\/strong><br \/>\n<\/span><\/p>\n<p><span style=\"color: #000000;\"><strong>Punto de inicio y Fin:<\/strong> Muelle la Bodeguita (dirigirse a la Taquilla Lizamar) Lobby del hotel \u00fanicamente para personas alojadas zona bocagrande, laguito y castillo grande<strong><br \/>\n<\/strong><br \/>\n<\/span><\/p>\n<p><span style=\"color: #000000;\"><strong>Hora de inicio:<\/strong>\u00a0 8:30 am<br \/>\n<\/span><\/p>\n<p><span style=\"color: #000000;\"><strong>Duraci\u00f3n:<\/strong>\u00a08 horas<\/span><\/p>\n<p>&nbsp;<\/p>\n<p><span style=\"color: #339966;\">\u25ca\u25ca\u25ca\u25ca\u25ca\u25ca\u25ca\u25ca\u25ca\u25ca\u25ca\u25ca\u25ca\u25ca\u25ca\u25ca\u25ca\u25ca\u25ca\u25ca\u25ca\u25ca\u25ca\u25ca\u25ca\u25ca\u25ca\u25ca\u25ca\u25ca\u25ca\u25ca\u25ca\u25ca\u25ca\u25ca\u25ca\u25ca\u25ca\u25ca\u25ca\u25ca\u25ca\u25ca\u25ca\u25ca\u25ca\u25ca\u25ca\u25ca\u25ca\u25ca\u25ca\u25ca\u25ca\u25ca\u25ca\u25ca\u25ca\u25ca\u25ca\u25ca\u25ca\u25ca\u25ca\u25ca\u25ca\u25ca\u25ca\u25ca\u25ca\u25ca\u25ca\u25ca\u25ca\u25ca\u25ca\u25ca\u25ca\u25ca\u25ca\u25ca\u25ca\u25ca\u25ca\u25ca\u25ca\u25ca\u25ca\u25ca\u25ca\u25ca\u25ca\u25ca\u25ca\u25ca\u25ca\u25ca\u25ca\u25ca\u25ca\u25ca\u25ca\u25ca\u25ca\u25ca\u25ca\u25ca\u25ca\u25ca\u25ca\u25ca\u25ca\u25ca\u25ca\u25ca\u25ca\u25ca\u25ca<\/span><\/p>\n<hr \/>\n<h4 style=\"text-align: center;\"><span style=\"color: #ffcc00;\"><strong>CONDICIONES COMERCIALES<\/strong><\/span><\/h4>\n<h6><span style=\"color: #000000;\"><strong>NOTAS IMPORTANTES:<\/strong><\/span><\/h6>\n<p><span style=\"color: #000000;\"><strong>\u2666 Tour Privado:<\/strong>\u00a0recuerde que puede optar por el servicio privado, por un precio adicional sobre el paquete brindado.<\/span><\/p>\n<p>&nbsp;<\/p>\n<h6><span style=\"color: #000000;\"><strong>FORMAS DE PAGO:<\/strong><\/span><\/h6>\n<p><span style=\"color: #000000;\"><strong>Nacionales<\/strong><\/span><\/p>\n<p><span style=\"color: #000000;\">\u25ca Los pagos puede realizarlos directamente en la caja de nuestra oficina.<\/span><br \/>\n<span style=\"color: #000000;\">\u25ca Transferencia por Banca en L\u00ednea, siempre que su cuenta de Origen sea Del Banco General.<\/span><br \/>\n<span style=\"color: #000000;\">\u25ca Los pagos los puede realizar por medio de dep\u00f3sito bancario, a nuestra cuenta empresarial.<\/span><br \/>\n<span style=\"color: #000000;\"><strong>Internacionales<\/strong><\/span><br \/>\n<span style=\"color: #000000;\">\u25ca Los pagos los puede realizar por medio de dep\u00f3sito bancario, a nuestra cuenta empresarial.<\/span><br \/>\n<span style=\"color: #000000;\">\u25ca Tarjeta de cr\u00e9dito, esta \u00faltima posee un recargo del 5% del total marcado.<\/span><\/p>\n<p>&nbsp;<\/p>\n<h6><span style=\"color: #000000;\"><strong>POL\u00cdTICAS:<\/strong><\/span><\/h6>\n<p><span style=\"color: #000000;\">\u221a Es responsabilidad del pasajero tener los documentos vigentes a la hora de viajar.<\/span><br \/>\n<span style=\"color: #000000;\">\u221a Tener documentos requeridos para viajar con menores de edad.<\/span><br \/>\n<span style=\"color: #000000;\">\u221a Pasaporte con vigencia m\u00ednima de 6 meses.<\/span><\/p>\n<p><span style=\"color: #000000;\">\u221a Se requiere Certificado de FIEBRE AMARILLA para ir a Jamaica, Aruba, Nicaragua, Brasil, Salvador, La India, Egipto, China.<\/span><br \/>\n<span style=\"color: #000000;\">\u221a Se requiere SEGURO DE VIAJE para viajar a cualquier destino de Europa, China y Cuba.<\/span><\/p>\n<h5 style=\"text-align: center;\"><\/h5>\n<p>&nbsp;<\/p>\n<h5 style=\"text-align: center;\"><strong><span style=\"color: #ffcc00;\">Isla del Rosario Lizamar<\/span><\/strong><\/h5>\n","protected":false},"excerpt":{"rendered":"<h5 style=\"text-align: center;\"><span style=\"color: #ffcc00;\"><strong>Tours en Cartagena<\/strong><\/span><\/h5>\n","protected":false},"featured_media":5461,"template":"","meta":[],"product_cat":[307],"product_tag":[308,268,267,346,313],"class_list":{"0":"post-5460","1":"product","2":"type-product","3":"status-publish","4":"has-post-thumbnail","6":"product_cat-tours-cartagena","7":"product_tag-cartagena","8":"product_tag-colombia","9":"product_tag-internacionales","10":"product_tag-isla-del-rosario-lizamar","11":"product_tag-tours-en-cartagena","13":"first","14":"instock","15":"shipping-taxable","16":"product-type-simple"},"translation":{"provider":"WPGlobus","version":"3.0.0","language":"es","enabled_languages":["en","es"],"languages":{"en":{"title":true,"content":false,"excerpt":false},"es":{"title":true,"content":true,"excerpt":true}}},"yoast_head":"<!-- This site is optimized with the Yoast SEO plugin v23.9 - https:\/\/yoast.com\/wordpress\/plugins\/seo\/ -->\n<title>Isla del Rosario Lizamar - PanaJam Tours<\/title>\n<meta name=\"robots\" content=\"index, follow, max-snippet:-1, max-image-preview:large, max-video-preview:-1\" \/>\n<link rel=\"canonical\" href=\"https:\/\/www.panajamtours.com\/product\/isla-del-rosario-lizamar\" \/>\n<meta property=\"og:locale\" content=\"es_ES\" \/>\n<meta property=\"og:type\" content=\"article\" \/>\n<meta property=\"og:title\" content=\"Isla del Rosario Lizamar - PanaJam Tours\" \/>\n<meta property=\"og:url\" content=\"https:\/\/www.panajamtours.com\/product\/isla-del-rosario-lizamar\" \/>\n<meta property=\"og:site_name\" content=\"PanaJam Tours\" \/>\n<meta property=\"article:publisher\" content=\"https:\/\/www.facebook.com\/PanaJamTours\/\" \/>\n<meta property=\"og:image\" content=\"https:\/\/www.panajamtours.com\/wp-content\/uploads\/2018\/07\/Picture1.png\" \/>\n\t<meta property=\"og:image:width\" content=\"403\" \/>\n\t<meta property=\"og:image:height\" content=\"202\" \/>\n\t<meta property=\"og:image:type\" content=\"image\/png\" \/>\n<meta name=\"twitter:card\" content=\"summary_large_image\" \/>\n<meta name=\"twitter:site\" content=\"@panajamtours\" \/>\n<meta name=\"twitter:label1\" content=\"Tiempo de lectura\" \/>\n\t<meta name=\"twitter:data1\" content=\"2 minutos\" \/>\n<script type=\"application\/ld+json\" class=\"yoast-schema-graph\">{\"@context\":\"https:\/\/schema.org\",\"@graph\":[{\"@type\":\"WebPage\",\"@id\":\"https:\/\/www.panajamtours.com\/product\/isla-del-rosario-lizamar\",\"url\":\"https:\/\/www.panajamtours.com\/product\/isla-del-rosario-lizamar\",\"name\":\"Isla del Rosario Lizamar - PanaJam Tours\",\"isPartOf\":{\"@id\":\"https:\/\/www.panajamtours.com\/es\/#website\"},\"primaryImageOfPage\":{\"@id\":\"https:\/\/www.panajamtours.com\/product\/isla-del-rosario-lizamar#primaryimage\"},\"image\":{\"@id\":\"https:\/\/www.panajamtours.com\/product\/isla-del-rosario-lizamar#primaryimage\"},\"thumbnailUrl\":\"https:\/\/www.panajamtours.com\/wp-content\/uploads\/2018\/07\/Picture1.png\",\"datePublished\":\"2018-07-12T21:07:01+00:00\",\"dateModified\":\"2018-07-12T21:07:01+00:00\",\"breadcrumb\":{\"@id\":\"https:\/\/www.panajamtours.com\/product\/isla-del-rosario-lizamar#breadcrumb\"},\"inLanguage\":\"es\",\"potentialAction\":[{\"@type\":\"ReadAction\",\"target\":[\"https:\/\/www.panajamtours.com\/product\/isla-del-rosario-lizamar\"]}]},{\"@type\":\"ImageObject\",\"inLanguage\":\"es\",\"@id\":\"https:\/\/www.panajamtours.com\/product\/isla-del-rosario-lizamar#primaryimage\",\"url\":\"https:\/\/www.panajamtours.com\/wp-content\/uploads\/2018\/07\/Picture1.png\",\"contentUrl\":\"https:\/\/www.panajamtours.com\/wp-content\/uploads\/2018\/07\/Picture1.png\",\"width\":403,\"height\":202},{\"@type\":\"BreadcrumbList\",\"@id\":\"https:\/\/www.panajamtours.com\/product\/isla-del-rosario-lizamar#breadcrumb\",\"itemListElement\":[{\"@type\":\"ListItem\",\"position\":1,\"name\":\"Home\",\"item\":\"https:\/\/www.panajamtours.com\/es\/\"},{\"@type\":\"ListItem\",\"position\":2,\"name\":\"Opciones de vacaciones\",\"item\":\"https:\/\/www.panajamtours.com\/es\/shop\"},{\"@type\":\"ListItem\",\"position\":3,\"name\":\"Isla del Rosario Lizamar\"}]},{\"@type\":\"WebSite\",\"@id\":\"https:\/\/www.panajamtours.com\/es\/#website\",\"url\":\"https:\/\/www.panajamtours.com\/es\/\",\"name\":\"PanaJam Tours\",\"description\":\"Agencia de Viajes\",\"publisher\":{\"@id\":\"https:\/\/www.panajamtours.com\/es\/#organization\"},\"potentialAction\":[{\"@type\":\"SearchAction\",\"target\":{\"@type\":\"EntryPoint\",\"urlTemplate\":\"https:\/\/www.panajamtours.com\/es\/?s={search_term_string}\"},\"query-input\":{\"@type\":\"PropertyValueSpecification\",\"valueRequired\":true,\"valueName\":\"search_term_string\"}}],\"inLanguage\":\"es\"},{\"@type\":\"Organization\",\"@id\":\"https:\/\/www.panajamtours.com\/es\/#organization\",\"name\":\"PanaJam Tours\",\"url\":\"https:\/\/www.panajamtours.com\/es\/\",\"logo\":{\"@type\":\"ImageObject\",\"inLanguage\":\"es\",\"@id\":\"https:\/\/www.panajamtours.com\/es\/#\/schema\/logo\/image\/\",\"url\":\"https:\/\/www.panajamtours.com\/wp-content\/uploads\/2015\/07\/cropped-PanaJamTours-1-e1452391999906.png\",\"contentUrl\":\"https:\/\/www.panajamtours.com\/wp-content\/uploads\/2015\/07\/cropped-PanaJamTours-1-e1452391999906.png\",\"width\":200,\"height\":166,\"caption\":\"PanaJam Tours\"},\"image\":{\"@id\":\"https:\/\/www.panajamtours.com\/es\/#\/schema\/logo\/image\/\"},\"sameAs\":[\"https:\/\/www.facebook.com\/PanaJamTours\/\",\"https:\/\/x.com\/panajamtours\",\"https:\/\/www.instagram.com\/PanaJamTours\/\"]}]}<\/script>\n<!-- \/ Yoast SEO plugin. -->","yoast_head_json":{"title":"Isla del Rosario Lizamar - PanaJam Tours","robots":{"index":"index","follow":"follow","max-snippet":"max-snippet:-1","max-image-preview":"max-image-preview:large","max-video-preview":"max-video-preview:-1"},"canonical":"https:\/\/www.panajamtours.com\/product\/isla-del-rosario-lizamar","og_locale":"es_ES","og_type":"article","og_title":"Isla del Rosario Lizamar - PanaJam Tours","og_url":"https:\/\/www.panajamtours.com\/product\/isla-del-rosario-lizamar","og_site_name":"PanaJam Tours","article_publisher":"https:\/\/www.facebook.com\/PanaJamTours\/","og_image":[{"width":403,"height":202,"url":"https:\/\/www.panajamtours.com\/wp-content\/uploads\/2018\/07\/Picture1.png","type":"image\/png"}],"twitter_card":"summary_large_image","twitter_site":"@panajamtours","twitter_misc":{"Tiempo de lectura":"2 minutos"},"schema":{"@context":"https:\/\/schema.org","@graph":[{"@type":"WebPage","@id":"https:\/\/www.panajamtours.com\/product\/isla-del-rosario-lizamar","url":"https:\/\/www.panajamtours.com\/product\/isla-del-rosario-lizamar","name":"Isla del Rosario Lizamar - PanaJam Tours","isPartOf":{"@id":"https:\/\/www.panajamtours.com\/es\/#website"},"primaryImageOfPage":{"@id":"https:\/\/www.panajamtours.com\/product\/isla-del-rosario-lizamar#primaryimage"},"image":{"@id":"https:\/\/www.panajamtours.com\/product\/isla-del-rosario-lizamar#primaryimage"},"thumbnailUrl":"https:\/\/www.panajamtours.com\/wp-content\/uploads\/2018\/07\/Picture1.png","datePublished":"2018-07-12T21:07:01+00:00","dateModified":"2018-07-12T21:07:01+00:00","breadcrumb":{"@id":"https:\/\/www.panajamtours.com\/product\/isla-del-rosario-lizamar#breadcrumb"},"inLanguage":"es","potentialAction":[{"@type":"ReadAction","target":["https:\/\/www.panajamtours.com\/product\/isla-del-rosario-lizamar"]}]},{"@type":"ImageObject","inLanguage":"es","@id":"https:\/\/www.panajamtours.com\/product\/isla-del-rosario-lizamar#primaryimage","url":"https:\/\/www.panajamtours.com\/wp-content\/uploads\/2018\/07\/Picture1.png","contentUrl":"https:\/\/www.panajamtours.com\/wp-content\/uploads\/2018\/07\/Picture1.png","width":403,"height":202},{"@type":"BreadcrumbList","@id":"https:\/\/www.panajamtours.com\/product\/isla-del-rosario-lizamar#breadcrumb","itemListElement":[{"@type":"ListItem","position":1,"name":"Home","item":"https:\/\/www.panajamtours.com\/es\/"},{"@type":"ListItem","position":2,"name":"Opciones de vacaciones","item":"https:\/\/www.panajamtours.com\/es\/shop"},{"@type":"ListItem","position":3,"name":"Isla del Rosario Lizamar"}]},{"@type":"WebSite","@id":"https:\/\/www.panajamtours.com\/es\/#website","url":"https:\/\/www.panajamtours.com\/es\/","name":"PanaJam Tours","description":"Agencia de Viajes","publisher":{"@id":"https:\/\/www.panajamtours.com\/es\/#organization"},"potentialAction":[{"@type":"SearchAction","target":{"@type":"EntryPoint","urlTemplate":"https:\/\/www.panajamtours.com\/es\/?s={search_term_string}"},"query-input":{"@type":"PropertyValueSpecification","valueRequired":true,"valueName":"search_term_string"}}],"inLanguage":"es"},{"@type":"Organization","@id":"https:\/\/www.panajamtours.com\/es\/#organization","name":"PanaJam Tours","url":"https:\/\/www.panajamtours.com\/es\/","logo":{"@type":"ImageObject","inLanguage":"es","@id":"https:\/\/www.panajamtours.com\/es\/#\/schema\/logo\/image\/","url":"https:\/\/www.panajamtours.com\/wp-content\/uploads\/2015\/07\/cropped-PanaJamTours-1-e1452391999906.png","contentUrl":"https:\/\/www.panajamtours.com\/wp-content\/uploads\/2015\/07\/cropped-PanaJamTours-1-e1452391999906.png","width":200,"height":166,"caption":"PanaJam Tours"},"image":{"@id":"https:\/\/www.panajamtours.com\/es\/#\/schema\/logo\/image\/"},"sameAs":["https:\/\/www.facebook.com\/PanaJamTours\/","https:\/\/x.com\/panajamtours","https:\/\/www.instagram.com\/PanaJamTours\/"]}]}},"_links":{"self":[{"href":"https:\/\/www.panajamtours.com\/es\/wp-json\/wp\/v2\/product\/5460","targetHints":{"allow":["GET"]}}],"collection":[{"href":"https:\/\/www.panajamtours.com\/es\/wp-json\/wp\/v2\/product"}],"about":[{"href":"https:\/\/www.panajamtours.com\/es\/wp-json\/wp\/v2\/types\/product"}],"wp:featuredmedia":[{"embeddable":true,"href":"https:\/\/www.panajamtours.com\/es\/wp-json\/wp\/v2\/media\/5461"}],"wp:attachment":[{"href":"https:\/\/www.panajamtours.com\/es\/wp-json\/wp\/v2\/media?parent=5460"}],"wp:term":[{"taxonomy":"product_cat","embeddable":true,"href":"https:\/\/www.panajamtours.com\/es\/wp-json\/wp\/v2\/product_cat?post=5460"},{"taxonomy":"product_tag","embeddable":true,"href":"https:\/\/www.panajamtours.com\/es\/wp-json\/wp\/v2\/product_tag?post=5460"}],"curies":[{"name":"wp","href":"https:\/\/api.w.org\/{rel}","templated":true}]}}