{"id":5457,"date":"2018-07-12T16:13:59","date_gmt":"2018-07-12T21:13:59","guid":{"rendered":"http:\/\/www.panajamtours.com\/?post_type=product&#038;p=5457"},"modified":"2018-07-12T16:13:59","modified_gmt":"2018-07-12T21:13:59","slug":"caminata-colonial-zona-bocagrande-laguito","status":"publish","type":"product","link":"https:\/\/www.panajamtours.com\/es\/product\/caminata-colonial-zona-bocagrande-laguito","title":{"rendered":"Caminata Colonial Zona Bocagrande y Laguito"},"content":{"rendered":"<h6 style=\"text-align: center;\"><span style=\"color: #000000;\"><strong>Internacionales\u00a0<\/strong><\/span><\/h6>\n<h4 style=\"text-align: center;\"><span style=\"color: #ffcc00;\"><strong>Tours en Cartagena<\/strong><\/span><\/h4>\n<h1 style=\"text-align: center;\"><strong><span style=\"color: #339966;\">Caminata Colonial Zona Bocagrande y Laguito<\/span><\/strong><\/h1>\n<h6 style=\"text-align: center;\"><strong>\u00a0<\/strong><\/h6>\n<h6 style=\"text-align: center;\"><span style=\"color: #000000;\">\u00a0La ciudad de Cartagena lleva consigo una gran cantidad de historia que resulta de gran inter\u00e9s. Cada lugar dentro de esta m\u00e1gica ciudad lleva consigo los vestigios del pasado hoy en d\u00eda siguen latiendo en cada rinc\u00f3n de Cartagena. El Tour de la Caminata Colonial es un hermoso paseo que te lleva a recorrer la Cartagena colonial. <\/span><\/h6>\n<h6 style=\"text-align: center;\"><span style=\"color: #000000;\">Comienza en la plaza de Santa Teresa, all\u00ed puedes notar el contraste entre las edificaciones coloniales del siglo, XVI, XVII y XVIII, como tambi\u00e9n un hermoso tramo de murallas. Luego la caminata toma rumbo hacia la calle San Juan de Dios hasta toparse con la Iglesia de San Pedro Clavier donde disfrutar\u00e1s de una visita guiada.<\/span><\/h6>\n<p>&nbsp;<\/p>\n<h4 style=\"text-align: center;\"><span style=\"color: #339966;\"><strong>Incluye:\u00a0<\/strong><\/span><\/h4>\n<p>&nbsp;<\/p>\n<h6><span style=\"color: #000000;\">\u2666 Transporte privado<\/span><\/h6>\n<h6><span style=\"color: #000000;\">\u2666 Tour por el centro hist\u00f3rico<\/span><\/h6>\n<h6><span style=\"color: #000000;\">\u2666 Gu\u00eda tur\u00edstico<\/span><span style=\"color: #000000;\"><br \/>\n<\/span><\/h6>\n<h6><span style=\"color: #000000;\">\u00a0\u2666 Servicio Privado<\/span><\/h6>\n<p>&nbsp;<\/p>\n<p>&nbsp;<\/p>\n<p><span style=\"color: #000000;\"><strong>No incluye:<\/strong>\u00a0Alimentaci\u00f3n, entrada a los monumentos, gastos no estipulados<br \/>\n<\/span><\/p>\n<p><span style=\"color: #000000;\"><strong>Punto de inicio y Fin:<\/strong> Lobby del hotel zona Bocagrande y Laguito<br \/>\n<\/span><\/p>\n<p><span style=\"color: #000000;\"><strong>Hora de inicio:<\/strong>\u00a0 9:00 am y 2:00 pm<br \/>\n<\/span><\/p>\n<p><span style=\"color: #000000;\"><strong>Duraci\u00f3n:<\/strong>\u00a03 horas\u00a0<\/span><\/p>\n<p>&nbsp;<\/p>\n<p>&nbsp;<\/p>\n<p><span style=\"color: #339966;\">\u25ca\u25ca\u25ca\u25ca\u25ca\u25ca\u25ca\u25ca\u25ca\u25ca\u25ca\u25ca\u25ca\u25ca\u25ca\u25ca\u25ca\u25ca\u25ca\u25ca\u25ca\u25ca\u25ca\u25ca\u25ca\u25ca\u25ca\u25ca\u25ca\u25ca\u25ca\u25ca\u25ca\u25ca\u25ca\u25ca\u25ca\u25ca\u25ca\u25ca\u25ca\u25ca\u25ca\u25ca\u25ca\u25ca\u25ca\u25ca\u25ca\u25ca\u25ca\u25ca\u25ca\u25ca\u25ca\u25ca\u25ca\u25ca\u25ca\u25ca\u25ca\u25ca\u25ca\u25ca\u25ca\u25ca\u25ca\u25ca\u25ca\u25ca\u25ca\u25ca\u25ca\u25ca\u25ca\u25ca\u25ca\u25ca\u25ca\u25ca\u25ca\u25ca\u25ca\u25ca\u25ca\u25ca\u25ca\u25ca\u25ca\u25ca\u25ca\u25ca\u25ca\u25ca\u25ca\u25ca\u25ca\u25ca\u25ca\u25ca\u25ca\u25ca\u25ca\u25ca\u25ca\u25ca\u25ca\u25ca\u25ca\u25ca\u25ca\u25ca\u25ca\u25ca\u25ca\u25ca\u25ca\u25ca\u25ca<\/span><\/p>\n<hr \/>\n<h4 style=\"text-align: center;\"><span style=\"color: #ffcc00;\"><strong>CONDICIONES COMERCIALES<\/strong><\/span><\/h4>\n<h6><span style=\"color: #000000;\"><strong>NOTAS IMPORTANTES:<\/strong><\/span><\/h6>\n<p><span style=\"color: #000000;\"><strong>\u2666 Tour Privado:<\/strong>\u00a0recuerde que puede optar por el servicio privado, por un precio adicional sobre el paquete brindado.<\/span><\/p>\n<p>&nbsp;<\/p>\n<h6><span style=\"color: #000000;\"><strong>FORMAS DE PAGO:<\/strong><\/span><\/h6>\n<p><span style=\"color: #000000;\"><strong>Nacionales<\/strong><\/span><\/p>\n<p><span style=\"color: #000000;\">\u25ca Los pagos puede realizarlos directamente en la caja de nuestra oficina.<\/span><br \/>\n<span style=\"color: #000000;\">\u25ca Transferencia por Banca en L\u00ednea, siempre que su cuenta de Origen sea Del Banco General.<\/span><br \/>\n<span style=\"color: #000000;\">\u25ca Los pagos los puede realizar por medio de dep\u00f3sito bancario, a nuestra cuenta empresarial.<\/span><br \/>\n<span style=\"color: #000000;\"><strong>Internacionales<\/strong><\/span><br \/>\n<span style=\"color: #000000;\">\u25ca Los pagos los puede realizar por medio de dep\u00f3sito bancario, a nuestra cuenta empresarial.<\/span><br \/>\n<span style=\"color: #000000;\">\u25ca Tarjeta de cr\u00e9dito, esta \u00faltima posee un recargo del 5% del total marcado.<\/span><\/p>\n<p>&nbsp;<\/p>\n<h6><span style=\"color: #000000;\"><strong>POL\u00cdTICAS:<\/strong><\/span><\/h6>\n<p><span style=\"color: #000000;\">\u221a Es responsabilidad del pasajero tener los documentos vigentes a la hora de viajar.<\/span><br \/>\n<span style=\"color: #000000;\">\u221a Tener documentos requeridos para viajar con menores de edad.<\/span><br \/>\n<span style=\"color: #000000;\">\u221a Pasaporte con vigencia m\u00ednima de 6 meses.<\/span><\/p>\n<p><span style=\"color: #000000;\">\u221a Se requiere Certificado de FIEBRE AMARILLA para ir a Jamaica, Aruba, Nicaragua, Brasil, Salvador, La India, Egipto, China.<\/span><br \/>\n<span style=\"color: #000000;\">\u221a Se requiere SEGURO DE VIAJE para viajar a cualquier destino de Europa, China y Cuba.<\/span><\/p>\n<h5 style=\"text-align: center;\"><\/h5>\n<p>&nbsp;<\/p>\n<h5 style=\"text-align: center;\"><span style=\"color: #ffcc00;\"><strong>Caminata\u00a0Colonial Zona Bocagrande y Laguito<\/strong><\/span><\/h5>\n","protected":false},"excerpt":{"rendered":"<h5 style=\"text-align: center;\"><span style=\"color: #ffcc00;\"><strong>Tours en Cartagena<\/strong><\/span><\/h5>\n","protected":false},"featured_media":5467,"template":"","meta":[],"product_cat":[307],"product_tag":[343,308,268,267,313],"class_list":{"0":"post-5457","1":"product","2":"type-product","3":"status-publish","4":"has-post-thumbnail","6":"product_cat-tours-cartagena","7":"product_tag-caminata-colonial-zona-bocagrande-y-laguito","8":"product_tag-cartagena","9":"product_tag-colombia","10":"product_tag-internacionales","11":"product_tag-tours-en-cartagena","13":"first","14":"instock","15":"shipping-taxable","16":"product-type-simple"},"translation":{"provider":"WPGlobus","version":"3.0.0","language":"es","enabled_languages":["en","es"],"languages":{"en":{"title":true,"content":false,"excerpt":false},"es":{"title":true,"content":true,"excerpt":true}}},"yoast_head":"<!-- This site is optimized with the Yoast SEO plugin v23.9 - https:\/\/yoast.com\/wordpress\/plugins\/seo\/ -->\n<title>Caminata Colonial Zona Bocagrande y Laguito - PanaJam Tours<\/title>\n<meta name=\"robots\" content=\"index, follow, max-snippet:-1, max-image-preview:large, max-video-preview:-1\" \/>\n<link rel=\"canonical\" href=\"https:\/\/www.panajamtours.com\/product\/caminata-colonial-zona-bocagrande-laguito\" \/>\n<meta property=\"og:locale\" content=\"es_ES\" \/>\n<meta property=\"og:type\" content=\"article\" \/>\n<meta property=\"og:title\" content=\"Caminata Colonial Zona Bocagrande y Laguito - PanaJam Tours\" \/>\n<meta property=\"og:url\" content=\"https:\/\/www.panajamtours.com\/product\/caminata-colonial-zona-bocagrande-laguito\" \/>\n<meta property=\"og:site_name\" content=\"PanaJam Tours\" \/>\n<meta property=\"article:publisher\" content=\"https:\/\/www.facebook.com\/PanaJamTours\/\" \/>\n<meta property=\"og:image\" content=\"https:\/\/www.panajamtours.com\/wp-content\/uploads\/2018\/07\/Picture4-1.jpg\" \/>\n\t<meta property=\"og:image:width\" content=\"802\" \/>\n\t<meta property=\"og:image:height\" content=\"309\" \/>\n\t<meta property=\"og:image:type\" content=\"image\/jpeg\" \/>\n<meta name=\"twitter:card\" content=\"summary_large_image\" \/>\n<meta name=\"twitter:site\" content=\"@panajamtours\" \/>\n<meta name=\"twitter:label1\" content=\"Tiempo de lectura\" \/>\n\t<meta name=\"twitter:data1\" content=\"2 minutos\" \/>\n<script type=\"application\/ld+json\" class=\"yoast-schema-graph\">{\"@context\":\"https:\/\/schema.org\",\"@graph\":[{\"@type\":\"WebPage\",\"@id\":\"https:\/\/www.panajamtours.com\/product\/caminata-colonial-zona-bocagrande-laguito\",\"url\":\"https:\/\/www.panajamtours.com\/product\/caminata-colonial-zona-bocagrande-laguito\",\"name\":\"Caminata Colonial Zona Bocagrande y Laguito - PanaJam Tours\",\"isPartOf\":{\"@id\":\"https:\/\/www.panajamtours.com\/es\/#website\"},\"primaryImageOfPage\":{\"@id\":\"https:\/\/www.panajamtours.com\/product\/caminata-colonial-zona-bocagrande-laguito#primaryimage\"},\"image\":{\"@id\":\"https:\/\/www.panajamtours.com\/product\/caminata-colonial-zona-bocagrande-laguito#primaryimage\"},\"thumbnailUrl\":\"https:\/\/www.panajamtours.com\/wp-content\/uploads\/2018\/07\/Picture4-1.jpg\",\"datePublished\":\"2018-07-12T21:13:59+00:00\",\"dateModified\":\"2018-07-12T21:13:59+00:00\",\"breadcrumb\":{\"@id\":\"https:\/\/www.panajamtours.com\/product\/caminata-colonial-zona-bocagrande-laguito#breadcrumb\"},\"inLanguage\":\"es\",\"potentialAction\":[{\"@type\":\"ReadAction\",\"target\":[\"https:\/\/www.panajamtours.com\/product\/caminata-colonial-zona-bocagrande-laguito\"]}]},{\"@type\":\"ImageObject\",\"inLanguage\":\"es\",\"@id\":\"https:\/\/www.panajamtours.com\/product\/caminata-colonial-zona-bocagrande-laguito#primaryimage\",\"url\":\"https:\/\/www.panajamtours.com\/wp-content\/uploads\/2018\/07\/Picture4-1.jpg\",\"contentUrl\":\"https:\/\/www.panajamtours.com\/wp-content\/uploads\/2018\/07\/Picture4-1.jpg\",\"width\":802,\"height\":309},{\"@type\":\"BreadcrumbList\",\"@id\":\"https:\/\/www.panajamtours.com\/product\/caminata-colonial-zona-bocagrande-laguito#breadcrumb\",\"itemListElement\":[{\"@type\":\"ListItem\",\"position\":1,\"name\":\"Home\",\"item\":\"https:\/\/www.panajamtours.com\/es\/\"},{\"@type\":\"ListItem\",\"position\":2,\"name\":\"Opciones de vacaciones\",\"item\":\"https:\/\/www.panajamtours.com\/es\/shop\"},{\"@type\":\"ListItem\",\"position\":3,\"name\":\"Caminata Colonial Zona Bocagrande y Laguito\"}]},{\"@type\":\"WebSite\",\"@id\":\"https:\/\/www.panajamtours.com\/es\/#website\",\"url\":\"https:\/\/www.panajamtours.com\/es\/\",\"name\":\"PanaJam Tours\",\"description\":\"Agencia de Viajes\",\"publisher\":{\"@id\":\"https:\/\/www.panajamtours.com\/es\/#organization\"},\"potentialAction\":[{\"@type\":\"SearchAction\",\"target\":{\"@type\":\"EntryPoint\",\"urlTemplate\":\"https:\/\/www.panajamtours.com\/es\/?s={search_term_string}\"},\"query-input\":{\"@type\":\"PropertyValueSpecification\",\"valueRequired\":true,\"valueName\":\"search_term_string\"}}],\"inLanguage\":\"es\"},{\"@type\":\"Organization\",\"@id\":\"https:\/\/www.panajamtours.com\/es\/#organization\",\"name\":\"PanaJam Tours\",\"url\":\"https:\/\/www.panajamtours.com\/es\/\",\"logo\":{\"@type\":\"ImageObject\",\"inLanguage\":\"es\",\"@id\":\"https:\/\/www.panajamtours.com\/es\/#\/schema\/logo\/image\/\",\"url\":\"https:\/\/www.panajamtours.com\/wp-content\/uploads\/2015\/07\/cropped-PanaJamTours-1-e1452391999906.png\",\"contentUrl\":\"https:\/\/www.panajamtours.com\/wp-content\/uploads\/2015\/07\/cropped-PanaJamTours-1-e1452391999906.png\",\"width\":200,\"height\":166,\"caption\":\"PanaJam Tours\"},\"image\":{\"@id\":\"https:\/\/www.panajamtours.com\/es\/#\/schema\/logo\/image\/\"},\"sameAs\":[\"https:\/\/www.facebook.com\/PanaJamTours\/\",\"https:\/\/x.com\/panajamtours\",\"https:\/\/www.instagram.com\/PanaJamTours\/\"]}]}<\/script>\n<!-- \/ Yoast SEO plugin. -->","yoast_head_json":{"title":"Caminata Colonial Zona Bocagrande y Laguito - PanaJam Tours","robots":{"index":"index","follow":"follow","max-snippet":"max-snippet:-1","max-image-preview":"max-image-preview:large","max-video-preview":"max-video-preview:-1"},"canonical":"https:\/\/www.panajamtours.com\/product\/caminata-colonial-zona-bocagrande-laguito","og_locale":"es_ES","og_type":"article","og_title":"Caminata Colonial Zona Bocagrande y Laguito - PanaJam Tours","og_url":"https:\/\/www.panajamtours.com\/product\/caminata-colonial-zona-bocagrande-laguito","og_site_name":"PanaJam Tours","article_publisher":"https:\/\/www.facebook.com\/PanaJamTours\/","og_image":[{"width":802,"height":309,"url":"https:\/\/www.panajamtours.com\/wp-content\/uploads\/2018\/07\/Picture4-1.jpg","type":"image\/jpeg"}],"twitter_card":"summary_large_image","twitter_site":"@panajamtours","twitter_misc":{"Tiempo de lectura":"2 minutos"},"schema":{"@context":"https:\/\/schema.org","@graph":[{"@type":"WebPage","@id":"https:\/\/www.panajamtours.com\/product\/caminata-colonial-zona-bocagrande-laguito","url":"https:\/\/www.panajamtours.com\/product\/caminata-colonial-zona-bocagrande-laguito","name":"Caminata Colonial Zona Bocagrande y Laguito - PanaJam Tours","isPartOf":{"@id":"https:\/\/www.panajamtours.com\/es\/#website"},"primaryImageOfPage":{"@id":"https:\/\/www.panajamtours.com\/product\/caminata-colonial-zona-bocagrande-laguito#primaryimage"},"image":{"@id":"https:\/\/www.panajamtours.com\/product\/caminata-colonial-zona-bocagrande-laguito#primaryimage"},"thumbnailUrl":"https:\/\/www.panajamtours.com\/wp-content\/uploads\/2018\/07\/Picture4-1.jpg","datePublished":"2018-07-12T21:13:59+00:00","dateModified":"2018-07-12T21:13:59+00:00","breadcrumb":{"@id":"https:\/\/www.panajamtours.com\/product\/caminata-colonial-zona-bocagrande-laguito#breadcrumb"},"inLanguage":"es","potentialAction":[{"@type":"ReadAction","target":["https:\/\/www.panajamtours.com\/product\/caminata-colonial-zona-bocagrande-laguito"]}]},{"@type":"ImageObject","inLanguage":"es","@id":"https:\/\/www.panajamtours.com\/product\/caminata-colonial-zona-bocagrande-laguito#primaryimage","url":"https:\/\/www.panajamtours.com\/wp-content\/uploads\/2018\/07\/Picture4-1.jpg","contentUrl":"https:\/\/www.panajamtours.com\/wp-content\/uploads\/2018\/07\/Picture4-1.jpg","width":802,"height":309},{"@type":"BreadcrumbList","@id":"https:\/\/www.panajamtours.com\/product\/caminata-colonial-zona-bocagrande-laguito#breadcrumb","itemListElement":[{"@type":"ListItem","position":1,"name":"Home","item":"https:\/\/www.panajamtours.com\/es\/"},{"@type":"ListItem","position":2,"name":"Opciones de vacaciones","item":"https:\/\/www.panajamtours.com\/es\/shop"},{"@type":"ListItem","position":3,"name":"Caminata Colonial Zona Bocagrande y Laguito"}]},{"@type":"WebSite","@id":"https:\/\/www.panajamtours.com\/es\/#website","url":"https:\/\/www.panajamtours.com\/es\/","name":"PanaJam Tours","description":"Agencia de Viajes","publisher":{"@id":"https:\/\/www.panajamtours.com\/es\/#organization"},"potentialAction":[{"@type":"SearchAction","target":{"@type":"EntryPoint","urlTemplate":"https:\/\/www.panajamtours.com\/es\/?s={search_term_string}"},"query-input":{"@type":"PropertyValueSpecification","valueRequired":true,"valueName":"search_term_string"}}],"inLanguage":"es"},{"@type":"Organization","@id":"https:\/\/www.panajamtours.com\/es\/#organization","name":"PanaJam Tours","url":"https:\/\/www.panajamtours.com\/es\/","logo":{"@type":"ImageObject","inLanguage":"es","@id":"https:\/\/www.panajamtours.com\/es\/#\/schema\/logo\/image\/","url":"https:\/\/www.panajamtours.com\/wp-content\/uploads\/2015\/07\/cropped-PanaJamTours-1-e1452391999906.png","contentUrl":"https:\/\/www.panajamtours.com\/wp-content\/uploads\/2015\/07\/cropped-PanaJamTours-1-e1452391999906.png","width":200,"height":166,"caption":"PanaJam Tours"},"image":{"@id":"https:\/\/www.panajamtours.com\/es\/#\/schema\/logo\/image\/"},"sameAs":["https:\/\/www.facebook.com\/PanaJamTours\/","https:\/\/x.com\/panajamtours","https:\/\/www.instagram.com\/PanaJamTours\/"]}]}},"_links":{"self":[{"href":"https:\/\/www.panajamtours.com\/es\/wp-json\/wp\/v2\/product\/5457","targetHints":{"allow":["GET"]}}],"collection":[{"href":"https:\/\/www.panajamtours.com\/es\/wp-json\/wp\/v2\/product"}],"about":[{"href":"https:\/\/www.panajamtours.com\/es\/wp-json\/wp\/v2\/types\/product"}],"wp:featuredmedia":[{"embeddable":true,"href":"https:\/\/www.panajamtours.com\/es\/wp-json\/wp\/v2\/media\/5467"}],"wp:attachment":[{"href":"https:\/\/www.panajamtours.com\/es\/wp-json\/wp\/v2\/media?parent=5457"}],"wp:term":[{"taxonomy":"product_cat","embeddable":true,"href":"https:\/\/www.panajamtours.com\/es\/wp-json\/wp\/v2\/product_cat?post=5457"},{"taxonomy":"product_tag","embeddable":true,"href":"https:\/\/www.panajamtours.com\/es\/wp-json\/wp\/v2\/product_tag?post=5457"}],"curies":[{"name":"wp","href":"https:\/\/api.w.org\/{rel}","templated":true}]}}