{"id":5380,"date":"2018-07-11T16:38:50","date_gmt":"2018-07-11T21:38:50","guid":{"rendered":"http:\/\/www.panajamtours.com\/?post_type=product&#038;p=5380"},"modified":"2018-07-11T16:38:50","modified_gmt":"2018-07-11T21:38:50","slug":"combo-tours-bogota-full-day","status":"publish","type":"product","link":"https:\/\/www.panajamtours.com\/es\/product\/combo-tours-bogota-full-day","title":{"rendered":"Combo Tours Bogot\u00e1 Full Day"},"content":{"rendered":"<h6 style=\"text-align: center;\"><span style=\"color: #000000;\"><strong>Internacionales\u00a0<\/strong><\/span><\/h6>\n<h4 style=\"text-align: center;\"><span style=\"color: #ffcc00;\"><strong>Tours en Bogot\u00e1<\/strong><\/span><\/h4>\n<h1 style=\"text-align: center;\"><span style=\"color: #339966;\"><strong>Combo Tours Bogot\u00e1 Full Day<\/strong><b>\u00a0<\/b><\/span><\/h1>\n<p>&nbsp;<\/p>\n<p>&nbsp;<\/p>\n<h5 style=\"text-align: center;\"><span style=\"color: #000000;\">Descubre y conoce los lugares m\u00e1s emblem\u00e1ticos de la ciudad de Bogot\u00e1, y d\u00e9jate encantar de su historia. <\/span><\/h5>\n<h5 style=\"text-align: center;\"><span style=\"color: #000000;\">La catedral de sal de Zipaquir\u00e1, una de las 7 maravillas es un lugar que ofrece imponentes espacios que unen la cultura minera y la f\u00e9 cat\u00f3lica colombiana.<\/span><\/h5>\n<p>&nbsp;<\/p>\n<h4 style=\"text-align: center;\"><span style=\"color: #339966;\"><strong>Incluye:\u00a0<\/strong><\/span><\/h4>\n<h6><span style=\"color: #000000;\">\u00a0<\/span><\/h6>\n<h6><span style=\"color: #000000;\">\u2666\u00a0Transporte,<\/span><\/h6>\n<h6><span style=\"color: #000000;\"> \u2666 Gu\u00eda Tur\u00edstico en espa\u00f1ol en el tiempo del city tour y en el tour interno de la catedral de sal<br \/>\n<\/span><\/h6>\n<h6><span style=\"color: #000000;\">\u2666 Entradas a los sitios mencionados.<br \/>\n<\/span><\/h6>\n<h6><span style=\"color: #000000;\">\u00a0<\/span><\/h6>\n<h6><span style=\"color: #000000;\">\u00a0<\/span><\/h6>\n<p><span style=\"color: #000000;\"><strong>No incluye:\u00a0\u00a0<\/strong>Gu\u00eda tur\u00edstico en los desplazamientos hacia la catedral de sal ni en el tiempo de compras y almuerzo.<\/span><\/p>\n<p><span style=\"color: #000000;\"><strong>Punto de inicio y fin:<\/strong>\u00a0Lobby del hotel<\/span><\/p>\n<p><span style=\"color: #000000;\"><strong>Hora de inicio:<\/strong>\u00a08:00 am\u00a0<\/span><\/p>\n<p><span style=\"color: #000000;\"><strong>Duraci\u00f3n:<\/strong>\u00a09 horas<\/span><\/p>\n<p>&nbsp;<\/p>\n<p>&nbsp;<\/p>\n<p><span style=\"color: #339966;\">\u25ca\u25ca\u25ca\u25ca\u25ca\u25ca\u25ca\u25ca\u25ca\u25ca\u25ca\u25ca\u25ca\u25ca\u25ca\u25ca\u25ca\u25ca\u25ca\u25ca\u25ca\u25ca\u25ca\u25ca\u25ca\u25ca\u25ca\u25ca\u25ca\u25ca\u25ca\u25ca\u25ca\u25ca\u25ca\u25ca\u25ca\u25ca\u25ca\u25ca\u25ca\u25ca\u25ca\u25ca\u25ca\u25ca\u25ca\u25ca\u25ca\u25ca\u25ca\u25ca\u25ca\u25ca\u25ca\u25ca\u25ca\u25ca\u25ca\u25ca\u25ca\u25ca\u25ca\u25ca\u25ca\u25ca\u25ca\u25ca\u25ca\u25ca\u25ca\u25ca\u25ca\u25ca\u25ca\u25ca\u25ca\u25ca\u25ca\u25ca\u25ca\u25ca\u25ca\u25ca\u25ca\u25ca\u25ca\u25ca\u25ca\u25ca\u25ca\u25ca\u25ca\u25ca\u25ca\u25ca\u25ca\u25ca\u25ca\u25ca\u25ca\u25ca\u25ca\u25ca\u25ca\u25ca\u25ca\u25ca\u25ca\u25ca\u25ca\u25ca\u25ca\u25ca\u25ca\u25ca\u25ca\u25ca\u25ca<\/span><\/p>\n<hr \/>\n<h4 style=\"text-align: center;\"><span style=\"color: #ffcc00;\"><strong>CONDICIONES COMERCIALES<\/strong><\/span><\/h4>\n<h6><span style=\"color: #000000;\"><strong>NOTAS IMPORTANTES:<\/strong><\/span><\/h6>\n<p><span style=\"color: #000000;\"><strong>\u2666 Tour Privado:<\/strong>\u00a0recuerde que puede optar por el servicio privado, por un precio adicional sobre el paquete brindado.<\/span><\/p>\n<p>&nbsp;<\/p>\n<h6><span style=\"color: #000000;\"><strong>FORMAS DE PAGO:<\/strong><\/span><\/h6>\n<p><span style=\"color: #000000;\"><strong>Nacionales<\/strong><\/span><\/p>\n<p><span style=\"color: #000000;\">\u25ca Los pagos puede realizarlos directamente en la caja de nuestra oficina.<\/span><br \/>\n<span style=\"color: #000000;\">\u25ca Transferencia por Banca en L\u00ednea, siempre que su cuenta de Origen sea Del Banco General.<\/span><br \/>\n<span style=\"color: #000000;\">\u25ca Los pagos los puede realizar por medio de dep\u00f3sito bancario, a nuestra cuenta empresarial.<\/span><br \/>\n<span style=\"color: #000000;\"><strong>Internacionales<\/strong><\/span><br \/>\n<span style=\"color: #000000;\">\u25ca Los pagos los puede realizar por medio de dep\u00f3sito bancario, a nuestra cuenta empresarial.<\/span><br \/>\n<span style=\"color: #000000;\">\u25ca Tarjeta de cr\u00e9dito, esta \u00faltima posee un recargo del 5% del total marcado.<\/span><\/p>\n<p>&nbsp;<\/p>\n<h6><span style=\"color: #000000;\"><strong>POL\u00cdTICAS:<\/strong><\/span><\/h6>\n<p><span style=\"color: #000000;\">\u221a Es responsabilidad del pasajero tener los documentos vigentes a la hora de viajar.<\/span><br \/>\n<span style=\"color: #000000;\">\u221a Tener documentos requeridos para viajar con menores de edad.<\/span><br \/>\n<span style=\"color: #000000;\">\u221a Pasaporte con vigencia m\u00ednima de 6 meses.<\/span><\/p>\n<p><span style=\"color: #000000;\">\u221a Se requiere Certificado de FIEBRE AMARILLA para ir a Jamaica, Aruba, Nicaragua, Brasil, Salvador, La India, Egipto, China.<\/span><br \/>\n<span style=\"color: #000000;\">\u221a Se requiere SEGURO DE VIAJE para viajar a cualquier destino de Europa, China y Cuba.<\/span><\/p>\n<h5 style=\"text-align: center;\"><\/h5>\n<p>&nbsp;<\/p>\n<h5 style=\"text-align: center;\"><span style=\"color: #ffcc00;\"><b>Combo Tours Bogot\u00e1 Full Day\u00a0<\/b><\/span><\/h5>\n","protected":false},"excerpt":{"rendered":"<h5 style=\"text-align: center;\"><span style=\"color: #ffcc00;\"><strong>Tours en Bogot\u00e1<\/strong><\/span><\/h5>\n","protected":false},"featured_media":5383,"template":"","meta":[],"product_cat":[265],"product_tag":[285,268,304,267,291],"class_list":{"0":"post-5380","1":"product","2":"type-product","3":"status-publish","4":"has-post-thumbnail","6":"product_cat-tours-bogota","7":"product_tag-bogota","8":"product_tag-colombia","9":"product_tag-combo-tours-bogota-full-day","10":"product_tag-internacionales","11":"product_tag-tours-en-bogota","13":"first","14":"instock","15":"shipping-taxable","16":"product-type-simple"},"translation":{"provider":"WPGlobus","version":"3.0.0","language":"es","enabled_languages":["en","es"],"languages":{"en":{"title":true,"content":false,"excerpt":false},"es":{"title":true,"content":true,"excerpt":true}}},"yoast_head":"<!-- This site is optimized with the Yoast SEO plugin v23.9 - https:\/\/yoast.com\/wordpress\/plugins\/seo\/ -->\n<title>Combo Tours Bogot\u00e1 Full Day - PanaJam Tours<\/title>\n<meta name=\"robots\" content=\"index, follow, max-snippet:-1, max-image-preview:large, max-video-preview:-1\" \/>\n<link rel=\"canonical\" href=\"https:\/\/www.panajamtours.com\/product\/combo-tours-bogota-full-day\" \/>\n<meta property=\"og:locale\" content=\"es_ES\" \/>\n<meta property=\"og:type\" content=\"article\" \/>\n<meta property=\"og:title\" content=\"Combo Tours Bogot\u00e1 Full Day - PanaJam Tours\" \/>\n<meta property=\"og:url\" content=\"https:\/\/www.panajamtours.com\/product\/combo-tours-bogota-full-day\" \/>\n<meta property=\"og:site_name\" content=\"PanaJam Tours\" \/>\n<meta property=\"article:publisher\" content=\"https:\/\/www.facebook.com\/PanaJamTours\/\" \/>\n<meta property=\"og:image\" content=\"https:\/\/www.panajamtours.com\/wp-content\/uploads\/2018\/07\/bogota-1.jpg\" \/>\n\t<meta property=\"og:image:width\" content=\"1024\" \/>\n\t<meta property=\"og:image:height\" content=\"684\" \/>\n\t<meta property=\"og:image:type\" content=\"image\/jpeg\" \/>\n<meta name=\"twitter:card\" content=\"summary_large_image\" \/>\n<meta name=\"twitter:site\" content=\"@panajamtours\" \/>\n<meta name=\"twitter:label1\" content=\"Tiempo de lectura\" \/>\n\t<meta name=\"twitter:data1\" content=\"2 minutos\" \/>\n<script type=\"application\/ld+json\" class=\"yoast-schema-graph\">{\"@context\":\"https:\/\/schema.org\",\"@graph\":[{\"@type\":\"WebPage\",\"@id\":\"https:\/\/www.panajamtours.com\/product\/combo-tours-bogota-full-day\",\"url\":\"https:\/\/www.panajamtours.com\/product\/combo-tours-bogota-full-day\",\"name\":\"Combo Tours Bogot\u00e1 Full Day - PanaJam Tours\",\"isPartOf\":{\"@id\":\"https:\/\/www.panajamtours.com\/es\/#website\"},\"primaryImageOfPage\":{\"@id\":\"https:\/\/www.panajamtours.com\/product\/combo-tours-bogota-full-day#primaryimage\"},\"image\":{\"@id\":\"https:\/\/www.panajamtours.com\/product\/combo-tours-bogota-full-day#primaryimage\"},\"thumbnailUrl\":\"https:\/\/www.panajamtours.com\/wp-content\/uploads\/2018\/07\/bogota-1.jpg\",\"datePublished\":\"2018-07-11T21:38:50+00:00\",\"dateModified\":\"2018-07-11T21:38:50+00:00\",\"breadcrumb\":{\"@id\":\"https:\/\/www.panajamtours.com\/product\/combo-tours-bogota-full-day#breadcrumb\"},\"inLanguage\":\"es\",\"potentialAction\":[{\"@type\":\"ReadAction\",\"target\":[\"https:\/\/www.panajamtours.com\/product\/combo-tours-bogota-full-day\"]}]},{\"@type\":\"ImageObject\",\"inLanguage\":\"es\",\"@id\":\"https:\/\/www.panajamtours.com\/product\/combo-tours-bogota-full-day#primaryimage\",\"url\":\"https:\/\/www.panajamtours.com\/wp-content\/uploads\/2018\/07\/bogota-1.jpg\",\"contentUrl\":\"https:\/\/www.panajamtours.com\/wp-content\/uploads\/2018\/07\/bogota-1.jpg\",\"width\":1024,\"height\":684},{\"@type\":\"BreadcrumbList\",\"@id\":\"https:\/\/www.panajamtours.com\/product\/combo-tours-bogota-full-day#breadcrumb\",\"itemListElement\":[{\"@type\":\"ListItem\",\"position\":1,\"name\":\"Home\",\"item\":\"https:\/\/www.panajamtours.com\/es\/\"},{\"@type\":\"ListItem\",\"position\":2,\"name\":\"Opciones de vacaciones\",\"item\":\"https:\/\/www.panajamtours.com\/es\/shop\"},{\"@type\":\"ListItem\",\"position\":3,\"name\":\"Combo Tours Bogot\u00e1 Full Day\"}]},{\"@type\":\"WebSite\",\"@id\":\"https:\/\/www.panajamtours.com\/es\/#website\",\"url\":\"https:\/\/www.panajamtours.com\/es\/\",\"name\":\"PanaJam Tours\",\"description\":\"Agencia de Viajes\",\"publisher\":{\"@id\":\"https:\/\/www.panajamtours.com\/es\/#organization\"},\"potentialAction\":[{\"@type\":\"SearchAction\",\"target\":{\"@type\":\"EntryPoint\",\"urlTemplate\":\"https:\/\/www.panajamtours.com\/es\/?s={search_term_string}\"},\"query-input\":{\"@type\":\"PropertyValueSpecification\",\"valueRequired\":true,\"valueName\":\"search_term_string\"}}],\"inLanguage\":\"es\"},{\"@type\":\"Organization\",\"@id\":\"https:\/\/www.panajamtours.com\/es\/#organization\",\"name\":\"PanaJam Tours\",\"url\":\"https:\/\/www.panajamtours.com\/es\/\",\"logo\":{\"@type\":\"ImageObject\",\"inLanguage\":\"es\",\"@id\":\"https:\/\/www.panajamtours.com\/es\/#\/schema\/logo\/image\/\",\"url\":\"https:\/\/www.panajamtours.com\/wp-content\/uploads\/2015\/07\/cropped-PanaJamTours-1-e1452391999906.png\",\"contentUrl\":\"https:\/\/www.panajamtours.com\/wp-content\/uploads\/2015\/07\/cropped-PanaJamTours-1-e1452391999906.png\",\"width\":200,\"height\":166,\"caption\":\"PanaJam Tours\"},\"image\":{\"@id\":\"https:\/\/www.panajamtours.com\/es\/#\/schema\/logo\/image\/\"},\"sameAs\":[\"https:\/\/www.facebook.com\/PanaJamTours\/\",\"https:\/\/x.com\/panajamtours\",\"https:\/\/www.instagram.com\/PanaJamTours\/\"]}]}<\/script>\n<!-- \/ Yoast SEO plugin. -->","yoast_head_json":{"title":"Combo Tours Bogot\u00e1 Full Day - PanaJam Tours","robots":{"index":"index","follow":"follow","max-snippet":"max-snippet:-1","max-image-preview":"max-image-preview:large","max-video-preview":"max-video-preview:-1"},"canonical":"https:\/\/www.panajamtours.com\/product\/combo-tours-bogota-full-day","og_locale":"es_ES","og_type":"article","og_title":"Combo Tours Bogot\u00e1 Full Day - PanaJam Tours","og_url":"https:\/\/www.panajamtours.com\/product\/combo-tours-bogota-full-day","og_site_name":"PanaJam Tours","article_publisher":"https:\/\/www.facebook.com\/PanaJamTours\/","og_image":[{"width":1024,"height":684,"url":"https:\/\/www.panajamtours.com\/wp-content\/uploads\/2018\/07\/bogota-1.jpg","type":"image\/jpeg"}],"twitter_card":"summary_large_image","twitter_site":"@panajamtours","twitter_misc":{"Tiempo de lectura":"2 minutos"},"schema":{"@context":"https:\/\/schema.org","@graph":[{"@type":"WebPage","@id":"https:\/\/www.panajamtours.com\/product\/combo-tours-bogota-full-day","url":"https:\/\/www.panajamtours.com\/product\/combo-tours-bogota-full-day","name":"Combo Tours Bogot\u00e1 Full Day - PanaJam Tours","isPartOf":{"@id":"https:\/\/www.panajamtours.com\/es\/#website"},"primaryImageOfPage":{"@id":"https:\/\/www.panajamtours.com\/product\/combo-tours-bogota-full-day#primaryimage"},"image":{"@id":"https:\/\/www.panajamtours.com\/product\/combo-tours-bogota-full-day#primaryimage"},"thumbnailUrl":"https:\/\/www.panajamtours.com\/wp-content\/uploads\/2018\/07\/bogota-1.jpg","datePublished":"2018-07-11T21:38:50+00:00","dateModified":"2018-07-11T21:38:50+00:00","breadcrumb":{"@id":"https:\/\/www.panajamtours.com\/product\/combo-tours-bogota-full-day#breadcrumb"},"inLanguage":"es","potentialAction":[{"@type":"ReadAction","target":["https:\/\/www.panajamtours.com\/product\/combo-tours-bogota-full-day"]}]},{"@type":"ImageObject","inLanguage":"es","@id":"https:\/\/www.panajamtours.com\/product\/combo-tours-bogota-full-day#primaryimage","url":"https:\/\/www.panajamtours.com\/wp-content\/uploads\/2018\/07\/bogota-1.jpg","contentUrl":"https:\/\/www.panajamtours.com\/wp-content\/uploads\/2018\/07\/bogota-1.jpg","width":1024,"height":684},{"@type":"BreadcrumbList","@id":"https:\/\/www.panajamtours.com\/product\/combo-tours-bogota-full-day#breadcrumb","itemListElement":[{"@type":"ListItem","position":1,"name":"Home","item":"https:\/\/www.panajamtours.com\/es\/"},{"@type":"ListItem","position":2,"name":"Opciones de vacaciones","item":"https:\/\/www.panajamtours.com\/es\/shop"},{"@type":"ListItem","position":3,"name":"Combo Tours Bogot\u00e1 Full Day"}]},{"@type":"WebSite","@id":"https:\/\/www.panajamtours.com\/es\/#website","url":"https:\/\/www.panajamtours.com\/es\/","name":"PanaJam Tours","description":"Agencia de Viajes","publisher":{"@id":"https:\/\/www.panajamtours.com\/es\/#organization"},"potentialAction":[{"@type":"SearchAction","target":{"@type":"EntryPoint","urlTemplate":"https:\/\/www.panajamtours.com\/es\/?s={search_term_string}"},"query-input":{"@type":"PropertyValueSpecification","valueRequired":true,"valueName":"search_term_string"}}],"inLanguage":"es"},{"@type":"Organization","@id":"https:\/\/www.panajamtours.com\/es\/#organization","name":"PanaJam Tours","url":"https:\/\/www.panajamtours.com\/es\/","logo":{"@type":"ImageObject","inLanguage":"es","@id":"https:\/\/www.panajamtours.com\/es\/#\/schema\/logo\/image\/","url":"https:\/\/www.panajamtours.com\/wp-content\/uploads\/2015\/07\/cropped-PanaJamTours-1-e1452391999906.png","contentUrl":"https:\/\/www.panajamtours.com\/wp-content\/uploads\/2015\/07\/cropped-PanaJamTours-1-e1452391999906.png","width":200,"height":166,"caption":"PanaJam Tours"},"image":{"@id":"https:\/\/www.panajamtours.com\/es\/#\/schema\/logo\/image\/"},"sameAs":["https:\/\/www.facebook.com\/PanaJamTours\/","https:\/\/x.com\/panajamtours","https:\/\/www.instagram.com\/PanaJamTours\/"]}]}},"_links":{"self":[{"href":"https:\/\/www.panajamtours.com\/es\/wp-json\/wp\/v2\/product\/5380","targetHints":{"allow":["GET"]}}],"collection":[{"href":"https:\/\/www.panajamtours.com\/es\/wp-json\/wp\/v2\/product"}],"about":[{"href":"https:\/\/www.panajamtours.com\/es\/wp-json\/wp\/v2\/types\/product"}],"wp:featuredmedia":[{"embeddable":true,"href":"https:\/\/www.panajamtours.com\/es\/wp-json\/wp\/v2\/media\/5383"}],"wp:attachment":[{"href":"https:\/\/www.panajamtours.com\/es\/wp-json\/wp\/v2\/media?parent=5380"}],"wp:term":[{"taxonomy":"product_cat","embeddable":true,"href":"https:\/\/www.panajamtours.com\/es\/wp-json\/wp\/v2\/product_cat?post=5380"},{"taxonomy":"product_tag","embeddable":true,"href":"https:\/\/www.panajamtours.com\/es\/wp-json\/wp\/v2\/product_tag?post=5380"}],"curies":[{"name":"wp","href":"https:\/\/api.w.org\/{rel}","templated":true}]}}