{"id":5378,"date":"2018-07-11T16:37:56","date_gmt":"2018-07-11T21:37:56","guid":{"rendered":"http:\/\/www.panajamtours.com\/?post_type=product&#038;p=5378"},"modified":"2018-07-11T16:37:56","modified_gmt":"2018-07-11T21:37:56","slug":"tour-villa-leyva-1-dia","status":"publish","type":"product","link":"https:\/\/www.panajamtours.com\/es\/product\/tour-villa-leyva-1-dia","title":{"rendered":"Tour Villa de Leyva 1 D\u00eda"},"content":{"rendered":"<h6 style=\"text-align: center;\"><span style=\"color: #000000;\"><strong>Internacionales\u00a0<\/strong><\/span><\/h6>\n<h4 style=\"text-align: center;\"><span style=\"color: #ffcc00;\"><strong>Tours en Bogot\u00e1<\/strong><\/span><\/h4>\n<h1 style=\"text-align: center;\"><span style=\"color: #339966;\"><strong>Tour Villa de Leyva 1 D\u00eda<\/strong><b>\u00a0<\/b><\/span><\/h1>\n<p>&nbsp;<\/p>\n<h6 style=\"text-align: center;\"><span style=\"color: #000000;\">Visita la colonial Villa de Leyva, fundada en 1572 y hoy reconocida como monumento nacional debido a su valor arquitect\u00f3nico colonial, sus variados paisajes incluyen el desierto y el p\u00e1ramo; tambi\u00e9n se considera como uno de los pueblos m\u00e1s hermosos de Colombia, Villa de Leyva tiene una amplia oferta de restaurantes de comida criolla e internacional. En el desplazamiento de ida como de regreso, se har\u00e1n paradas estrat\u00e9gicas en pueblos de encanto Cundiboyacence.<\/span><\/h6>\n<p>&nbsp;<\/p>\n<p>&nbsp;<\/p>\n<p style=\"text-align: left;\"><span style=\"color: #000000;\">Encuentro en el hotel a las 8:00 am y desplazamiento a la tradicional Villa de Leyva, caracterizada por su arquitectura de estilo colonial y por sus paisajes rurales, donde sobresale su enorme plaza principal, empedrada (14.000 m2) y flanqueada por viejos edificios coloniales con sus soportales, portales y balcones; a las edificaciones coloniales que se conservan se han a\u00f1adido muchas viviendas nuevas, que conservan la tipolog\u00eda tradicional: muros encalados blancos y puertas y ventanas de madera pintadas de verde. Museo del f\u00f3sil (entrada no incluida), donde se exhibe el f\u00f3sil del cronosaurio en excelente estado de conservaci\u00f3n. Durante el trayecto haremos parada en el Puente de Boyac\u00e1, escenario de la Batalla de Boyac\u00e1 y breve visita a la plaza de Tunja.<\/span><\/p>\n<p>&nbsp;<\/p>\n<h4 style=\"text-align: center;\"><span style=\"color: #339966;\"><strong>Incluye:\u00a0<\/strong><\/span><\/h4>\n<h6><span style=\"color: #000000;\">\u00a0<\/span><\/h6>\n<h6><span style=\"color: #000000;\">\u2666\u00a0Transporte\u00a0<\/span><\/h6>\n<h6><span style=\"color: #000000;\">\u00a0<\/span><\/h6>\n<h6><span style=\"color: #000000;\">\u00a0<\/span><\/h6>\n<p><span style=\"color: #000000;\"><strong>No incluye:<\/strong>\u00a0Gu\u00eda Tur\u00edstico, alimentaci\u00f3n,\u00a0 Ingreso a museos<\/span><\/p>\n<p><span style=\"color: #000000;\"><strong>Punto de inicio y fin:<\/strong>\u00a0Lobby del hotel<\/span><\/p>\n<p><span style=\"color: #000000;\"><strong>Hora de inicio:<\/strong>\u00a08:00 am\u00a0<\/span><\/p>\n<p><span style=\"color: #000000;\"><strong>Duraci\u00f3n:<\/strong>\u00a012 horas<\/span><\/p>\n<p>&nbsp;<\/p>\n<p>&nbsp;<\/p>\n<p><span style=\"color: #339966;\">\u25ca\u25ca\u25ca\u25ca\u25ca\u25ca\u25ca\u25ca\u25ca\u25ca\u25ca\u25ca\u25ca\u25ca\u25ca\u25ca\u25ca\u25ca\u25ca\u25ca\u25ca\u25ca\u25ca\u25ca\u25ca\u25ca\u25ca\u25ca\u25ca\u25ca\u25ca\u25ca\u25ca\u25ca\u25ca\u25ca\u25ca\u25ca\u25ca\u25ca\u25ca\u25ca\u25ca\u25ca\u25ca\u25ca\u25ca\u25ca\u25ca\u25ca\u25ca\u25ca\u25ca\u25ca\u25ca\u25ca\u25ca\u25ca\u25ca\u25ca\u25ca\u25ca\u25ca\u25ca\u25ca\u25ca\u25ca\u25ca\u25ca\u25ca\u25ca\u25ca\u25ca\u25ca\u25ca\u25ca\u25ca\u25ca\u25ca\u25ca\u25ca\u25ca\u25ca\u25ca\u25ca\u25ca\u25ca\u25ca\u25ca\u25ca\u25ca\u25ca\u25ca\u25ca\u25ca\u25ca\u25ca\u25ca\u25ca\u25ca\u25ca\u25ca\u25ca\u25ca\u25ca\u25ca\u25ca\u25ca\u25ca\u25ca\u25ca\u25ca\u25ca\u25ca\u25ca\u25ca\u25ca\u25ca\u25ca<\/span><\/p>\n<hr \/>\n<h4 style=\"text-align: center;\"><span style=\"color: #ffcc00;\"><strong>CONDICIONES COMERCIALES<\/strong><\/span><\/h4>\n<h6><span style=\"color: #000000;\"><strong>NOTAS IMPORTANTES:<\/strong><\/span><\/h6>\n<p><span style=\"color: #000000;\"><strong>\u2666 Tour Privado:<\/strong>\u00a0recuerde que puede optar por el servicio privado, por un precio adicional sobre el paquete brindado.<\/span><\/p>\n<p>&nbsp;<\/p>\n<h6><span style=\"color: #000000;\"><strong>FORMAS DE PAGO:<\/strong><\/span><\/h6>\n<p><span style=\"color: #000000;\"><strong>Nacionales<\/strong><\/span><\/p>\n<p><span style=\"color: #000000;\">\u25ca Los pagos puede realizarlos directamente en la caja de nuestra oficina.<\/span><br \/>\n<span style=\"color: #000000;\">\u25ca Transferencia por Banca en L\u00ednea, siempre que su cuenta de Origen sea Del Banco General.<\/span><br \/>\n<span style=\"color: #000000;\">\u25ca Los pagos los puede realizar por medio de dep\u00f3sito bancario, a nuestra cuenta empresarial.<\/span><br \/>\n<span style=\"color: #000000;\"><strong>Internacionales<\/strong><\/span><br \/>\n<span style=\"color: #000000;\">\u25ca Los pagos los puede realizar por medio de dep\u00f3sito bancario, a nuestra cuenta empresarial.<\/span><br \/>\n<span style=\"color: #000000;\">\u25ca Tarjeta de cr\u00e9dito, esta \u00faltima posee un recargo del 5% del total marcado.<\/span><\/p>\n<p>&nbsp;<\/p>\n<h6><span style=\"color: #000000;\"><strong>POL\u00cdTICAS:<\/strong><\/span><\/h6>\n<p><span style=\"color: #000000;\">\u221a Es responsabilidad del pasajero tener los documentos vigentes a la hora de viajar.<\/span><br \/>\n<span style=\"color: #000000;\">\u221a Tener documentos requeridos para viajar con menores de edad.<\/span><br \/>\n<span style=\"color: #000000;\">\u221a Pasaporte con vigencia m\u00ednima de 6 meses.<\/span><\/p>\n<p><span style=\"color: #000000;\">\u221a Se requiere Certificado de FIEBRE AMARILLA para ir a Jamaica, Aruba, Nicaragua, Brasil, Salvador, La India, Egipto, China.<\/span><br \/>\n<span style=\"color: #000000;\">\u221a Se requiere SEGURO DE VIAJE para viajar a cualquier destino de Europa, China y Cuba.<\/span><\/p>\n<h5 style=\"text-align: center;\"><\/h5>\n<p>&nbsp;<\/p>\n<h5 style=\"text-align: center;\"><span style=\"color: #ffcc00;\"><strong>Tour Villa de Leyva 1 D\u00eda<\/strong><\/span><\/h5>\n","protected":false},"excerpt":{"rendered":"<h5 style=\"text-align: center;\"><span style=\"color: #ffcc00;\"><strong>Tours en Bogot\u00e1<\/strong><\/span><\/h5>\n","protected":false},"featured_media":5412,"template":"","meta":[],"product_cat":[265],"product_tag":[285,268,267,303,291],"class_list":{"0":"post-5378","1":"product","2":"type-product","3":"status-publish","4":"has-post-thumbnail","6":"product_cat-tours-bogota","7":"product_tag-bogota","8":"product_tag-colombia","9":"product_tag-internacionales","10":"product_tag-tour-villa-de-leyva-1-dia","11":"product_tag-tours-en-bogota","13":"first","14":"instock","15":"shipping-taxable","16":"product-type-simple"},"translation":{"provider":"WPGlobus","version":"3.0.0","language":"es","enabled_languages":["en","es"],"languages":{"en":{"title":true,"content":false,"excerpt":false},"es":{"title":true,"content":true,"excerpt":true}}},"yoast_head":"<!-- This site is optimized with the Yoast SEO plugin v23.9 - https:\/\/yoast.com\/wordpress\/plugins\/seo\/ -->\n<title>Tour Villa de Leyva 1 D\u00eda - PanaJam Tours<\/title>\n<meta name=\"robots\" content=\"index, follow, max-snippet:-1, max-image-preview:large, max-video-preview:-1\" \/>\n<link rel=\"canonical\" href=\"https:\/\/www.panajamtours.com\/product\/tour-villa-leyva-1-dia\" \/>\n<meta property=\"og:locale\" content=\"es_ES\" \/>\n<meta property=\"og:type\" content=\"article\" \/>\n<meta property=\"og:title\" content=\"Tour Villa de Leyva 1 D\u00eda - PanaJam Tours\" \/>\n<meta property=\"og:url\" content=\"https:\/\/www.panajamtours.com\/product\/tour-villa-leyva-1-dia\" \/>\n<meta property=\"og:site_name\" content=\"PanaJam Tours\" \/>\n<meta property=\"article:publisher\" content=\"https:\/\/www.facebook.com\/PanaJamTours\/\" \/>\n<meta property=\"og:image\" content=\"https:\/\/www.panajamtours.com\/wp-content\/uploads\/2018\/07\/Picture8.jpg\" \/>\n\t<meta property=\"og:image:width\" content=\"563\" \/>\n\t<meta property=\"og:image:height\" content=\"469\" \/>\n\t<meta property=\"og:image:type\" content=\"image\/jpeg\" \/>\n<meta name=\"twitter:card\" content=\"summary_large_image\" \/>\n<meta name=\"twitter:site\" content=\"@panajamtours\" \/>\n<meta name=\"twitter:label1\" content=\"Tiempo de lectura\" \/>\n\t<meta name=\"twitter:data1\" content=\"2 minutos\" \/>\n<script type=\"application\/ld+json\" class=\"yoast-schema-graph\">{\"@context\":\"https:\/\/schema.org\",\"@graph\":[{\"@type\":\"WebPage\",\"@id\":\"https:\/\/www.panajamtours.com\/product\/tour-villa-leyva-1-dia\",\"url\":\"https:\/\/www.panajamtours.com\/product\/tour-villa-leyva-1-dia\",\"name\":\"Tour Villa de Leyva 1 D\u00eda - PanaJam Tours\",\"isPartOf\":{\"@id\":\"https:\/\/www.panajamtours.com\/es\/#website\"},\"primaryImageOfPage\":{\"@id\":\"https:\/\/www.panajamtours.com\/product\/tour-villa-leyva-1-dia#primaryimage\"},\"image\":{\"@id\":\"https:\/\/www.panajamtours.com\/product\/tour-villa-leyva-1-dia#primaryimage\"},\"thumbnailUrl\":\"https:\/\/www.panajamtours.com\/wp-content\/uploads\/2018\/07\/Picture8.jpg\",\"datePublished\":\"2018-07-11T21:37:56+00:00\",\"dateModified\":\"2018-07-11T21:37:56+00:00\",\"breadcrumb\":{\"@id\":\"https:\/\/www.panajamtours.com\/product\/tour-villa-leyva-1-dia#breadcrumb\"},\"inLanguage\":\"es\",\"potentialAction\":[{\"@type\":\"ReadAction\",\"target\":[\"https:\/\/www.panajamtours.com\/product\/tour-villa-leyva-1-dia\"]}]},{\"@type\":\"ImageObject\",\"inLanguage\":\"es\",\"@id\":\"https:\/\/www.panajamtours.com\/product\/tour-villa-leyva-1-dia#primaryimage\",\"url\":\"https:\/\/www.panajamtours.com\/wp-content\/uploads\/2018\/07\/Picture8.jpg\",\"contentUrl\":\"https:\/\/www.panajamtours.com\/wp-content\/uploads\/2018\/07\/Picture8.jpg\",\"width\":563,\"height\":469},{\"@type\":\"BreadcrumbList\",\"@id\":\"https:\/\/www.panajamtours.com\/product\/tour-villa-leyva-1-dia#breadcrumb\",\"itemListElement\":[{\"@type\":\"ListItem\",\"position\":1,\"name\":\"Home\",\"item\":\"https:\/\/www.panajamtours.com\/es\/\"},{\"@type\":\"ListItem\",\"position\":2,\"name\":\"Opciones de vacaciones\",\"item\":\"https:\/\/www.panajamtours.com\/es\/shop\"},{\"@type\":\"ListItem\",\"position\":3,\"name\":\"Tour Villa de Leyva 1 D\u00eda\"}]},{\"@type\":\"WebSite\",\"@id\":\"https:\/\/www.panajamtours.com\/es\/#website\",\"url\":\"https:\/\/www.panajamtours.com\/es\/\",\"name\":\"PanaJam Tours\",\"description\":\"Agencia de Viajes\",\"publisher\":{\"@id\":\"https:\/\/www.panajamtours.com\/es\/#organization\"},\"potentialAction\":[{\"@type\":\"SearchAction\",\"target\":{\"@type\":\"EntryPoint\",\"urlTemplate\":\"https:\/\/www.panajamtours.com\/es\/?s={search_term_string}\"},\"query-input\":{\"@type\":\"PropertyValueSpecification\",\"valueRequired\":true,\"valueName\":\"search_term_string\"}}],\"inLanguage\":\"es\"},{\"@type\":\"Organization\",\"@id\":\"https:\/\/www.panajamtours.com\/es\/#organization\",\"name\":\"PanaJam Tours\",\"url\":\"https:\/\/www.panajamtours.com\/es\/\",\"logo\":{\"@type\":\"ImageObject\",\"inLanguage\":\"es\",\"@id\":\"https:\/\/www.panajamtours.com\/es\/#\/schema\/logo\/image\/\",\"url\":\"https:\/\/www.panajamtours.com\/wp-content\/uploads\/2015\/07\/cropped-PanaJamTours-1-e1452391999906.png\",\"contentUrl\":\"https:\/\/www.panajamtours.com\/wp-content\/uploads\/2015\/07\/cropped-PanaJamTours-1-e1452391999906.png\",\"width\":200,\"height\":166,\"caption\":\"PanaJam Tours\"},\"image\":{\"@id\":\"https:\/\/www.panajamtours.com\/es\/#\/schema\/logo\/image\/\"},\"sameAs\":[\"https:\/\/www.facebook.com\/PanaJamTours\/\",\"https:\/\/x.com\/panajamtours\",\"https:\/\/www.instagram.com\/PanaJamTours\/\"]}]}<\/script>\n<!-- \/ Yoast SEO plugin. -->","yoast_head_json":{"title":"Tour Villa de Leyva 1 D\u00eda - PanaJam Tours","robots":{"index":"index","follow":"follow","max-snippet":"max-snippet:-1","max-image-preview":"max-image-preview:large","max-video-preview":"max-video-preview:-1"},"canonical":"https:\/\/www.panajamtours.com\/product\/tour-villa-leyva-1-dia","og_locale":"es_ES","og_type":"article","og_title":"Tour Villa de Leyva 1 D\u00eda - PanaJam Tours","og_url":"https:\/\/www.panajamtours.com\/product\/tour-villa-leyva-1-dia","og_site_name":"PanaJam Tours","article_publisher":"https:\/\/www.facebook.com\/PanaJamTours\/","og_image":[{"width":563,"height":469,"url":"https:\/\/www.panajamtours.com\/wp-content\/uploads\/2018\/07\/Picture8.jpg","type":"image\/jpeg"}],"twitter_card":"summary_large_image","twitter_site":"@panajamtours","twitter_misc":{"Tiempo de lectura":"2 minutos"},"schema":{"@context":"https:\/\/schema.org","@graph":[{"@type":"WebPage","@id":"https:\/\/www.panajamtours.com\/product\/tour-villa-leyva-1-dia","url":"https:\/\/www.panajamtours.com\/product\/tour-villa-leyva-1-dia","name":"Tour Villa de Leyva 1 D\u00eda - PanaJam Tours","isPartOf":{"@id":"https:\/\/www.panajamtours.com\/es\/#website"},"primaryImageOfPage":{"@id":"https:\/\/www.panajamtours.com\/product\/tour-villa-leyva-1-dia#primaryimage"},"image":{"@id":"https:\/\/www.panajamtours.com\/product\/tour-villa-leyva-1-dia#primaryimage"},"thumbnailUrl":"https:\/\/www.panajamtours.com\/wp-content\/uploads\/2018\/07\/Picture8.jpg","datePublished":"2018-07-11T21:37:56+00:00","dateModified":"2018-07-11T21:37:56+00:00","breadcrumb":{"@id":"https:\/\/www.panajamtours.com\/product\/tour-villa-leyva-1-dia#breadcrumb"},"inLanguage":"es","potentialAction":[{"@type":"ReadAction","target":["https:\/\/www.panajamtours.com\/product\/tour-villa-leyva-1-dia"]}]},{"@type":"ImageObject","inLanguage":"es","@id":"https:\/\/www.panajamtours.com\/product\/tour-villa-leyva-1-dia#primaryimage","url":"https:\/\/www.panajamtours.com\/wp-content\/uploads\/2018\/07\/Picture8.jpg","contentUrl":"https:\/\/www.panajamtours.com\/wp-content\/uploads\/2018\/07\/Picture8.jpg","width":563,"height":469},{"@type":"BreadcrumbList","@id":"https:\/\/www.panajamtours.com\/product\/tour-villa-leyva-1-dia#breadcrumb","itemListElement":[{"@type":"ListItem","position":1,"name":"Home","item":"https:\/\/www.panajamtours.com\/es\/"},{"@type":"ListItem","position":2,"name":"Opciones de vacaciones","item":"https:\/\/www.panajamtours.com\/es\/shop"},{"@type":"ListItem","position":3,"name":"Tour Villa de Leyva 1 D\u00eda"}]},{"@type":"WebSite","@id":"https:\/\/www.panajamtours.com\/es\/#website","url":"https:\/\/www.panajamtours.com\/es\/","name":"PanaJam Tours","description":"Agencia de Viajes","publisher":{"@id":"https:\/\/www.panajamtours.com\/es\/#organization"},"potentialAction":[{"@type":"SearchAction","target":{"@type":"EntryPoint","urlTemplate":"https:\/\/www.panajamtours.com\/es\/?s={search_term_string}"},"query-input":{"@type":"PropertyValueSpecification","valueRequired":true,"valueName":"search_term_string"}}],"inLanguage":"es"},{"@type":"Organization","@id":"https:\/\/www.panajamtours.com\/es\/#organization","name":"PanaJam Tours","url":"https:\/\/www.panajamtours.com\/es\/","logo":{"@type":"ImageObject","inLanguage":"es","@id":"https:\/\/www.panajamtours.com\/es\/#\/schema\/logo\/image\/","url":"https:\/\/www.panajamtours.com\/wp-content\/uploads\/2015\/07\/cropped-PanaJamTours-1-e1452391999906.png","contentUrl":"https:\/\/www.panajamtours.com\/wp-content\/uploads\/2015\/07\/cropped-PanaJamTours-1-e1452391999906.png","width":200,"height":166,"caption":"PanaJam Tours"},"image":{"@id":"https:\/\/www.panajamtours.com\/es\/#\/schema\/logo\/image\/"},"sameAs":["https:\/\/www.facebook.com\/PanaJamTours\/","https:\/\/x.com\/panajamtours","https:\/\/www.instagram.com\/PanaJamTours\/"]}]}},"_links":{"self":[{"href":"https:\/\/www.panajamtours.com\/es\/wp-json\/wp\/v2\/product\/5378","targetHints":{"allow":["GET"]}}],"collection":[{"href":"https:\/\/www.panajamtours.com\/es\/wp-json\/wp\/v2\/product"}],"about":[{"href":"https:\/\/www.panajamtours.com\/es\/wp-json\/wp\/v2\/types\/product"}],"wp:featuredmedia":[{"embeddable":true,"href":"https:\/\/www.panajamtours.com\/es\/wp-json\/wp\/v2\/media\/5412"}],"wp:attachment":[{"href":"https:\/\/www.panajamtours.com\/es\/wp-json\/wp\/v2\/media?parent=5378"}],"wp:term":[{"taxonomy":"product_cat","embeddable":true,"href":"https:\/\/www.panajamtours.com\/es\/wp-json\/wp\/v2\/product_cat?post=5378"},{"taxonomy":"product_tag","embeddable":true,"href":"https:\/\/www.panajamtours.com\/es\/wp-json\/wp\/v2\/product_tag?post=5378"}],"curies":[{"name":"wp","href":"https:\/\/api.w.org\/{rel}","templated":true}]}}