{"id":5363,"date":"2018-07-11T15:48:50","date_gmt":"2018-07-11T20:48:50","guid":{"rendered":"http:\/\/www.panajamtours.com\/?post_type=product&#038;p=5363"},"modified":"2018-07-11T15:48:50","modified_gmt":"2018-07-11T20:48:50","slug":"plan-3-dias-catedral-sal","status":"publish","type":"product","link":"https:\/\/www.panajamtours.com\/es\/product\/plan-3-dias-catedral-sal","title":{"rendered":"Plan 3 D\u00edas con Catedral de sal"},"content":{"rendered":"<h6 style=\"text-align: center;\"><span style=\"color: #000000;\"><strong>Internacionales<\/strong><\/span><\/h6>\n<h5 style=\"text-align: center;\"><span style=\"color: #ffcc00;\"><strong>Paquetes en Bogot\u00e1<\/strong><\/span><\/h5>\n<h1 style=\"text-align: center;\"><span style=\"color: #339966;\"><strong>Plan 3 D\u00edas con Catedral de sal<\/strong><\/span><\/h1>\n<p>&nbsp;<\/p>\n<h5 style=\"text-align: center;\"><span style=\"color: #339966;\"><strong>Incluye:<\/strong><\/span><\/h5>\n<h6><span style=\"color: #000000;\">\u221a\u00a0Traslados aeropuerto \/ hotel \/ aeropuerto (Horario Diurno)<\/span><br \/>\n<span style=\"color: #000000;\"> \u221a Alojamiento 2 noches\/3 d\u00edas en hotel seleccionado.<\/span><br \/>\n<span style=\"color: #000000;\"> \u221a Desayuno<\/span><br \/>\n<span style=\"color: #000000;\"> \u221a City Tour diurno en Bogot\u00e1 con Monserrate<\/span><br \/>\n<span style=\"color: #000000;\"> \u221a Catedral de Sal sin almuerzo<\/span><br \/>\n<span style=\"color: #000000;\"> \u221a Tarjeta de asistencia m\u00e9dica 3 d\u00edas<\/span><\/h6>\n<p>&nbsp;<\/p>\n<p><span style=\"color: #000000;\"><span style=\"color: #ffcc00;\"><strong>D\u00eda 1:<\/strong><\/span>\u00a0 Llegada al aeropuerto El Dorado de Bogot\u00e1, recibimiento y asistencia por un representante de nuestra empresa, qui\u00e9n lo estar\u00e1 esperando con un cartel con su nombre. Traslado al hotel y registro.<\/span><\/p>\n<p><span style=\"color: #000000;\"><span style=\"color: #ffcc00;\"><strong>D\u00eda 2:<\/strong><\/span> Catedral de sal, la catedral se encuentra a una hora aproximadamente de Bogot\u00e1; est\u00e1 construida al interior de las minas de sal de Zipaquir\u00e1 por lo que es un lugar realmente \u00fanico. As\u00ed mismo se ha convertido en un centro religioso y uno de los santuarios cat\u00f3licos m\u00e1s c\u00e9lebres del pa\u00eds que hace memoria del Viacrucis de Jesucristo, atrayendo a peregrinos y turistas. La salida es por la sabana de Bogot\u00e1, para llegar y hacer la visita a la catedral de sal en Zipaquir\u00e1, esta obra arquitect\u00f3nica construida a 180 metros de profundidad alberga mitos y leyendas de la regi\u00f3n y de los mineros y se hace una parada en la plaza de Zipaquir\u00e1 y en sus calles m\u00e1s representativas.<\/span><br \/>\n<span style=\"color: #000000;\">Incluye: transporte y entrada a la mina de sal <\/span><\/p>\n<p><span style=\"color: #000000;\"><strong>No incluye:<\/strong> gu\u00eda tur\u00edstico, almuerzo y gastos no estipulados <\/span><\/p>\n<p><span style=\"color: #000000;\"><strong>Punto de inicio y fin:<\/strong> Lobby del hotel <\/span><\/p>\n<p><span style=\"color: #000000;\"><strong>Hora de inicio:<\/strong> 8:00 am<\/span><\/p>\n<p><span style=\"color: #000000;\"><strong>Duraci\u00f3n:<\/strong> 4 horas <\/span><\/p>\n<p><span style=\"color: #000000;\"><strong>2:00 pm City tour con monserrate:<\/strong>\u00a0Descubre y conoce los lugares m\u00e1s emblem\u00e1ticos de la ciudad de Bogot\u00e1, capital de Colombia y ciudad m\u00e1s grande, diversa y multicultural del pa\u00eds; es la ciudad para todos, hay actividades y planes para cada gusto y cuenta con zonas de vida diurna y nocturna de diferentes estilos. Encuentro en el lobby del hotel a la hora seleccionada para iniciar la visita de la ciudad, comenzaremos con un recorrido por la Candelaria, centro hist\u00f3rico y cultural de Bogot\u00e1, all\u00ed visitaremos el Museo del Oro (cerrado los lunes) la manzana cultural banco de la Rep\u00fablica, ingreso a la Casa de la Moneda y el Museo de Botero (cerrado los martes). Haremos una caminata por la plaza de Bol\u00edvar para conocer la catedral primada, el Palacio del Li\u00e9vano, Palacio Arzobispal, Capilla del Sagrario, Capitolio, La Casa de los Comuneros y la Casa museo 20 de julio. Finalizaremos con ascenso al cerro de Monserrate, ubicado a 3152 Metros de altura sobre el nivel de mar para apreciar la mejor vista de la ciudad, alberga en su cima el santuario del se\u00f1or Ca\u00eddo de Monserrate, lugar de peregrinaci\u00f3n de nacionales y extranjeros.<\/span><br \/>\n<span style=\"color: #000000;\"><strong>Incluye:<\/strong> transporte, gu\u00eda tur\u00edstico en espa\u00f1ol, ascenso a Monserrate\u00a0<\/span><\/p>\n<p><span style=\"color: #000000;\"><strong>No incluye:<\/strong> Gastos no estipulados <\/span><\/p>\n<p><span style=\"color: #000000;\"><strong>Punto de inicio y fin:<\/strong> Lobby del hotel <\/span><\/p>\n<p><span style=\"color: #000000;\"><strong>Hora inicio:<\/strong> 2:00 pm <\/span><\/p>\n<p><span style=\"color: #000000;\"><strong>Duraci\u00f3n:<\/strong> 4 horas<\/span><\/p>\n<p><span style=\"color: #000000;\"><span style=\"color: #ffcc00;\"><strong>Dia 3<\/strong><\/span>\u00a0<\/span><span style=\"color: #000000;\">Traslado hotel \/ aeropuerto, A la hora acordada, asistencia y traslado por el conductor del veh\u00edculo hacia el aeropuerto.<\/span><\/p>\n<p><img loading=\"lazy\" decoding=\"async\" class=\"size-full wp-image-5359 aligncenter lazyload\" data-src=\"http:\/\/www.panajamtours.com\/wp-content\/uploads\/2018\/07\/Hoteles_de_Bogota.png\" alt=\"\" width=\"299\" height=\"271\" src=\"data:image\/gif;base64,R0lGODlhAQABAAAAACH5BAEKAAEALAAAAAABAAEAAAICTAEAOw==\" style=\"--smush-placeholder-width: 299px; --smush-placeholder-aspect-ratio: 299\/271;\" \/><noscript><img loading=\"lazy\" decoding=\"async\" class=\"size-full wp-image-5359 aligncenter\" src=\"http:\/\/www.panajamtours.com\/wp-content\/uploads\/2018\/07\/Hoteles_de_Bogota.png\" alt=\"\" width=\"299\" height=\"271\" \/><\/noscript><\/p>\n<p>&nbsp;<\/p>\n<h4><span style=\"color: #339966;\"><strong>Actividades Sugeridas PanaJam Plus<\/strong><\/span><\/h4>\n<h5><span style=\"color: #ffcc00;\"><strong>D\u00eda #2:\u00a0<\/strong><\/span><\/h5>\n<h6><span style=\"color: #000000;\">En horas de la noche; sugerimos:<\/span><br \/>\n<strong><span style=\"color: #000000;\">&#8211; City tour nocturno en Bogot\u00e1<\/span><\/strong><\/h6>\n<h6><strong><span style=\"color: #000000;\">&#8211; Fiesta y gastronom\u00eda en Andr\u00e9s Carne de res<\/span><\/strong><\/h6>\n<p>&nbsp;<\/p>\n<h5><span style=\"color: #ffcc00;\"><strong>D\u00eda #3:\u00a0<\/strong><\/span><\/h5>\n<h6><span style=\"color: #000000;\">En horas de la ma\u00f1ana; sugerimos:\u00a0<\/span><\/h6>\n<h6><strong><span style=\"color: #000000;\"> &#8211; Tour de compras<\/span><\/strong><\/h6>\n<p>&nbsp;<\/p>\n<h4><span style=\"color: #339966;\"><strong>Plan 3 D\u00edas B\u00e1sico<\/strong><\/span><\/h4>\n<h5><span style=\"color: #339966;\"><strong>No incluye:\u00a0<\/strong><\/span><\/h5>\n<h6><span style=\"color: #000000;\">\u03a7 Tiquete a\u00e9reo<\/span><br \/>\n<span style=\"color: #000000;\">\u03a7 Alimentaci\u00f3n no descrita\u00a0<\/span><br \/>\n<span style=\"color: #000000;\">\u03a7 Actividades sugeridas no est\u00e1n incluidas en el precio del programa<\/span><br \/>\n<span style=\"color: #000000;\">\u03a7 Gastos no estipulados o personales y propinas<\/span><br \/>\n<span style=\"color: #000000;\">\u03a7 Aplica recargo adicional para traslados en Horario Nocturnos y privados<\/span><\/h6>\n<p>&nbsp;<\/p>\n<hr \/>\n<h5 style=\"text-align: center;\"><span style=\"color: #ffcc00;\"><strong>CONDICIONES COMERCIALES<\/strong><\/span><\/h5>\n<h6><span style=\"color: #000000;\"><strong>NOTAS IMPORTANTES:<\/strong><\/span><\/h6>\n<p><span style=\"color: #000000;\">\u2666\u00a0<strong>Actividades sugeridas<\/strong>\u00a0no est\u00e1n incluidas en el valor del plan; se debe validar que la duraci\u00f3n de la actividad opcional no interfiera en la llegada y salida de los vuelos. Vuelos nacionales debe estar 2 horas antes en el aeropuerto, y 3 horas para vuelos internacionales.<\/span><br \/>\n<span style=\"color: #000000;\">\u2666\u00a0<strong>Las tarifas<\/strong>\u00a0No Incluyen el 19% de IVA (Los residentes fuera de Colombia y Extranjeros gozan de exenci\u00f3n de impuestos seg\u00fan lo establecido en el decreto 2646 de 2013 que regula el art\u00edculo) Para disfrutar de esta exenci\u00f3n al momento de hacer check in en hoteles deben presentar pasaporte sellado, en caso contrario deber\u00e1n pagar el impuesto en el hotel.\u00a0<\/span><br \/>\n<span style=\"color: #000000;\"><strong>\u2666 Ni\u00f1os:<\/strong>\u00a0Tarifa aplica compartiendo cama con sus padres y se pagan los consumos del ni\u00f1o en el hotel. Si desean cama aparte deben cancelar tarifa de adulto. M\u00e1ximo 2 ni\u00f1os por habitaci\u00f3n.<\/span><br \/>\n<span style=\"color: #000000;\"><strong>\u2666 Infantes:<\/strong>\u00a0S\u00f3lo pagan Seguro m\u00e9dico 3 USD \/ d\u00eda + tiquetes a\u00e9reos a partir de los 2 a\u00f1os.<\/span><br \/>\n<span style=\"color: #000000;\"><strong>\u2666 Acomodaciones:<\/strong>\u00a0Habitaciones DOBLES indicar si es twin o matrimonial, se asignar\u00e1 en twin si el hotel cuenta con disponibilidad al momento del check in, caso contrario siempre ser\u00e1 cama matrimonial. Habitaciones TRIPLES en cama matrimonial + adicional y\/o sofacama sujeto al tipo de habitaci\u00f3n que lo permite; salvo en hoteles que cuentan con habitaciones con 3 camas.<\/span><br \/>\n<span style=\"color: #000000;\"><strong>\u2666 Horarios hoteleros:<\/strong>\u00a0Check In 3:00 p.m. \u2013 Check out 1:00 p.m.<\/span><br \/>\n<span style=\"color: #000000;\"><strong>\u2666 Hoteles previstos:<\/strong>\u00a0Tener en cuenta al momento de reservar, en caso de no tener disponibilidad en los hoteles previstos, la reserva se confirmar\u00e1 en hoteles de categor\u00eda similar.<\/span><\/p>\n<p><span style=\"color: #000000;\"><strong>\u2666 Transporte Privado:<\/strong>\u00a0recuerde que puede optar por el servicio de transporte privado adicional sobre el paquete brindado.<\/span><\/p>\n<h6><span style=\"color: #000000;\"><strong>SUGERENCIAS:<\/strong><\/span><\/h6>\n<p><span style=\"color: #000000;\"><strong>ASISTENCIA AL VIAJERO:<\/strong>\u00a0Le recomendamos adquirir la ASISTENCIA AL VIAJERO.<\/span><br \/>\n<span style=\"color: #000000;\"><strong>SEGURO DE CANCELACI\u00d3N:<\/strong>\u00a0Le recomendamos adquirir el SEGURO DE CANCELACI\u00d3N, sobre todo para aquellas<\/span><br \/>\n<span style=\"color: #000000;\">compras realizadas con mucho tiempo de anticipaci\u00f3n.<\/span><\/p>\n<h6><span style=\"color: #000000;\"><strong>FORMAS DE PAGO:<\/strong><\/span><\/h6>\n<p><span style=\"color: #000000;\"><strong>Nacionales<\/strong><\/span><\/p>\n<p><span style=\"color: #000000;\">\u25ca Los pagos puede realizarlos directamente en la caja de nuestra oficina.<\/span><br \/>\n<span style=\"color: #000000;\">\u25ca Transferencia por Banca en L\u00ednea, siempre que su cuenta de Origen sea Del Banco General.<\/span><br \/>\n<span style=\"color: #000000;\">\u25ca Los pagos los puede realizar por medio de dep\u00f3sito bancario, a nuestra cuenta empresarial.<\/span><br \/>\n<span style=\"color: #000000;\"><strong>Internacionales<\/strong><\/span><br \/>\n<span style=\"color: #000000;\">\u25ca Los pagos los puede realizar por medio de dep\u00f3sito bancario, a nuestra cuenta empresarial.<\/span><br \/>\n<span style=\"color: #000000;\">\u25ca Tarjeta de cr\u00e9dito, esta \u00faltima posee un recargo del 5% del total marcado.<\/span><\/p>\n<h6><span style=\"color: #000000;\"><strong>POL\u00cdTICAS:<\/strong><\/span><\/h6>\n<p><span style=\"color: #000000;\">\u221a Es responsabilidad del pasajero tener los documentos vigentes a la hora de viajar.<\/span><br \/>\n<span style=\"color: #000000;\">\u221a Tener documentos requeridos para viajar con menores de edad.<\/span><br \/>\n<span style=\"color: #000000;\">\u221a Pasaporte con vigencia m\u00ednima de 6 meses.<\/span><\/p>\n<p><span style=\"color: #000000;\">\u221a Se requiere Certificado de FIEBRE AMARILLA para ir a Jamaica, Aruba, Nicaragua, Brasil, Salvador, La India,<\/span><br \/>\n<span style=\"color: #000000;\">Egipto, China.<\/span><br \/>\n<span style=\"color: #000000;\">\u221a Se requiere SEGURO DE VIAJE para viajar a cualquier destino de Europa, China y Cuba<\/span><br \/>\n<span style=\"color: #000000;\">\u221a Verifique que los datos del itinerario (nombres, apellidos, rutas, horarios, asientos, etc.) coinciden con sus requerimientos.<\/span><br \/>\n<span style=\"color: #000000;\">\u221a Actividades sugeridas en el PanaJam Plus le ofrece la posibilidad de incluir a un precio muy ventajosos, una<\/span><br \/>\n<span style=\"color: #000000;\">visita o excursi\u00f3n extra que complemente su viaje y mejore su experiencia en destino.<\/span><br \/>\n<span style=\"color: #000000;\">\u221a Hoteles previstos: Tener en cuenta al momento de reservar, en caso de no tener disponibilidad en los hoteles previstos, la reserva se confirmar\u00e1 en hoteles de categor\u00eda similar.<\/span><\/p>\n<p>&nbsp;<\/p>\n<h2 style=\"text-align: center;\"><span style=\"color: #ffcc00;\"><strong>Paquetes en Bogot\u00e1<\/strong><\/span><\/h2>\n","protected":false},"excerpt":{"rendered":"<h5 style=\"text-align: center;\"><span style=\"color: #ffcc00;\"><strong>Visita Bogot\u00e1 Colombia\u00a0<\/strong><\/span><\/h5>\n","protected":false},"featured_media":5386,"template":"","meta":[],"product_cat":[266],"product_tag":[285,268,267,288,289],"class_list":{"0":"post-5363","1":"product","2":"type-product","3":"status-publish","4":"has-post-thumbnail","6":"product_cat-paquetes-bogota","7":"product_tag-bogota","8":"product_tag-colombia","9":"product_tag-internacionales","10":"product_tag-paquetes-en-bogota","11":"product_tag-plan-3-dias-con-catedral-de-sal","13":"first","14":"instock","15":"shipping-taxable","16":"product-type-simple"},"translation":{"provider":"WPGlobus","version":"3.0.0","language":"es","enabled_languages":["en","es"],"languages":{"en":{"title":true,"content":false,"excerpt":false},"es":{"title":true,"content":true,"excerpt":true}}},"yoast_head":"<!-- This site is optimized with the Yoast SEO plugin v23.9 - https:\/\/yoast.com\/wordpress\/plugins\/seo\/ -->\n<title>Plan 3 D\u00edas con Catedral de sal - PanaJam Tours<\/title>\n<meta name=\"robots\" content=\"index, follow, max-snippet:-1, max-image-preview:large, max-video-preview:-1\" \/>\n<link rel=\"canonical\" href=\"https:\/\/www.panajamtours.com\/product\/plan-3-dias-catedral-sal\" \/>\n<meta property=\"og:locale\" content=\"es_ES\" \/>\n<meta property=\"og:type\" content=\"article\" \/>\n<meta property=\"og:title\" content=\"Plan 3 D\u00edas con Catedral de sal - PanaJam Tours\" \/>\n<meta property=\"og:url\" content=\"https:\/\/www.panajamtours.com\/product\/plan-3-dias-catedral-sal\" \/>\n<meta property=\"og:site_name\" content=\"PanaJam Tours\" \/>\n<meta property=\"article:publisher\" content=\"https:\/\/www.facebook.com\/PanaJamTours\/\" \/>\n<meta property=\"og:image\" content=\"https:\/\/www.panajamtours.com\/wp-content\/uploads\/2018\/07\/Plan-3-Dias-con-Catedral-de-Sal-Bogota.jpg\" \/>\n\t<meta property=\"og:image:width\" content=\"1024\" \/>\n\t<meta property=\"og:image:height\" content=\"684\" \/>\n\t<meta property=\"og:image:type\" content=\"image\/jpeg\" \/>\n<meta name=\"twitter:card\" content=\"summary_large_image\" \/>\n<meta name=\"twitter:site\" content=\"@panajamtours\" \/>\n<meta name=\"twitter:label1\" content=\"Tiempo de lectura\" \/>\n\t<meta name=\"twitter:data1\" content=\"6 minutos\" \/>\n<script type=\"application\/ld+json\" class=\"yoast-schema-graph\">{\"@context\":\"https:\/\/schema.org\",\"@graph\":[{\"@type\":\"WebPage\",\"@id\":\"https:\/\/www.panajamtours.com\/product\/plan-3-dias-catedral-sal\",\"url\":\"https:\/\/www.panajamtours.com\/product\/plan-3-dias-catedral-sal\",\"name\":\"Plan 3 D\u00edas con Catedral de sal - PanaJam Tours\",\"isPartOf\":{\"@id\":\"https:\/\/www.panajamtours.com\/es\/#website\"},\"primaryImageOfPage\":{\"@id\":\"https:\/\/www.panajamtours.com\/product\/plan-3-dias-catedral-sal#primaryimage\"},\"image\":{\"@id\":\"https:\/\/www.panajamtours.com\/product\/plan-3-dias-catedral-sal#primaryimage\"},\"thumbnailUrl\":\"https:\/\/www.panajamtours.com\/wp-content\/uploads\/2018\/07\/Plan-3-Dias-con-Catedral-de-Sal-Bogota.jpg\",\"datePublished\":\"2018-07-11T20:48:50+00:00\",\"dateModified\":\"2018-07-11T20:48:50+00:00\",\"breadcrumb\":{\"@id\":\"https:\/\/www.panajamtours.com\/product\/plan-3-dias-catedral-sal#breadcrumb\"},\"inLanguage\":\"es\",\"potentialAction\":[{\"@type\":\"ReadAction\",\"target\":[\"https:\/\/www.panajamtours.com\/product\/plan-3-dias-catedral-sal\"]}]},{\"@type\":\"ImageObject\",\"inLanguage\":\"es\",\"@id\":\"https:\/\/www.panajamtours.com\/product\/plan-3-dias-catedral-sal#primaryimage\",\"url\":\"https:\/\/www.panajamtours.com\/wp-content\/uploads\/2018\/07\/Plan-3-Dias-con-Catedral-de-Sal-Bogota.jpg\",\"contentUrl\":\"https:\/\/www.panajamtours.com\/wp-content\/uploads\/2018\/07\/Plan-3-Dias-con-Catedral-de-Sal-Bogota.jpg\",\"width\":1024,\"height\":684},{\"@type\":\"BreadcrumbList\",\"@id\":\"https:\/\/www.panajamtours.com\/product\/plan-3-dias-catedral-sal#breadcrumb\",\"itemListElement\":[{\"@type\":\"ListItem\",\"position\":1,\"name\":\"Home\",\"item\":\"https:\/\/www.panajamtours.com\/es\/\"},{\"@type\":\"ListItem\",\"position\":2,\"name\":\"Opciones de vacaciones\",\"item\":\"https:\/\/www.panajamtours.com\/es\/shop\"},{\"@type\":\"ListItem\",\"position\":3,\"name\":\"Plan 3 D\u00edas con Catedral de sal\"}]},{\"@type\":\"WebSite\",\"@id\":\"https:\/\/www.panajamtours.com\/es\/#website\",\"url\":\"https:\/\/www.panajamtours.com\/es\/\",\"name\":\"PanaJam Tours\",\"description\":\"Agencia de Viajes\",\"publisher\":{\"@id\":\"https:\/\/www.panajamtours.com\/es\/#organization\"},\"potentialAction\":[{\"@type\":\"SearchAction\",\"target\":{\"@type\":\"EntryPoint\",\"urlTemplate\":\"https:\/\/www.panajamtours.com\/es\/?s={search_term_string}\"},\"query-input\":{\"@type\":\"PropertyValueSpecification\",\"valueRequired\":true,\"valueName\":\"search_term_string\"}}],\"inLanguage\":\"es\"},{\"@type\":\"Organization\",\"@id\":\"https:\/\/www.panajamtours.com\/es\/#organization\",\"name\":\"PanaJam Tours\",\"url\":\"https:\/\/www.panajamtours.com\/es\/\",\"logo\":{\"@type\":\"ImageObject\",\"inLanguage\":\"es\",\"@id\":\"https:\/\/www.panajamtours.com\/es\/#\/schema\/logo\/image\/\",\"url\":\"https:\/\/www.panajamtours.com\/wp-content\/uploads\/2015\/07\/cropped-PanaJamTours-1-e1452391999906.png\",\"contentUrl\":\"https:\/\/www.panajamtours.com\/wp-content\/uploads\/2015\/07\/cropped-PanaJamTours-1-e1452391999906.png\",\"width\":200,\"height\":166,\"caption\":\"PanaJam Tours\"},\"image\":{\"@id\":\"https:\/\/www.panajamtours.com\/es\/#\/schema\/logo\/image\/\"},\"sameAs\":[\"https:\/\/www.facebook.com\/PanaJamTours\/\",\"https:\/\/x.com\/panajamtours\",\"https:\/\/www.instagram.com\/PanaJamTours\/\"]}]}<\/script>\n<!-- \/ Yoast SEO plugin. -->","yoast_head_json":{"title":"Plan 3 D\u00edas con Catedral de sal - PanaJam Tours","robots":{"index":"index","follow":"follow","max-snippet":"max-snippet:-1","max-image-preview":"max-image-preview:large","max-video-preview":"max-video-preview:-1"},"canonical":"https:\/\/www.panajamtours.com\/product\/plan-3-dias-catedral-sal","og_locale":"es_ES","og_type":"article","og_title":"Plan 3 D\u00edas con Catedral de sal - PanaJam Tours","og_url":"https:\/\/www.panajamtours.com\/product\/plan-3-dias-catedral-sal","og_site_name":"PanaJam Tours","article_publisher":"https:\/\/www.facebook.com\/PanaJamTours\/","og_image":[{"width":1024,"height":684,"url":"https:\/\/www.panajamtours.com\/wp-content\/uploads\/2018\/07\/Plan-3-Dias-con-Catedral-de-Sal-Bogota.jpg","type":"image\/jpeg"}],"twitter_card":"summary_large_image","twitter_site":"@panajamtours","twitter_misc":{"Tiempo de lectura":"6 minutos"},"schema":{"@context":"https:\/\/schema.org","@graph":[{"@type":"WebPage","@id":"https:\/\/www.panajamtours.com\/product\/plan-3-dias-catedral-sal","url":"https:\/\/www.panajamtours.com\/product\/plan-3-dias-catedral-sal","name":"Plan 3 D\u00edas con Catedral de sal - PanaJam Tours","isPartOf":{"@id":"https:\/\/www.panajamtours.com\/es\/#website"},"primaryImageOfPage":{"@id":"https:\/\/www.panajamtours.com\/product\/plan-3-dias-catedral-sal#primaryimage"},"image":{"@id":"https:\/\/www.panajamtours.com\/product\/plan-3-dias-catedral-sal#primaryimage"},"thumbnailUrl":"https:\/\/www.panajamtours.com\/wp-content\/uploads\/2018\/07\/Plan-3-Dias-con-Catedral-de-Sal-Bogota.jpg","datePublished":"2018-07-11T20:48:50+00:00","dateModified":"2018-07-11T20:48:50+00:00","breadcrumb":{"@id":"https:\/\/www.panajamtours.com\/product\/plan-3-dias-catedral-sal#breadcrumb"},"inLanguage":"es","potentialAction":[{"@type":"ReadAction","target":["https:\/\/www.panajamtours.com\/product\/plan-3-dias-catedral-sal"]}]},{"@type":"ImageObject","inLanguage":"es","@id":"https:\/\/www.panajamtours.com\/product\/plan-3-dias-catedral-sal#primaryimage","url":"https:\/\/www.panajamtours.com\/wp-content\/uploads\/2018\/07\/Plan-3-Dias-con-Catedral-de-Sal-Bogota.jpg","contentUrl":"https:\/\/www.panajamtours.com\/wp-content\/uploads\/2018\/07\/Plan-3-Dias-con-Catedral-de-Sal-Bogota.jpg","width":1024,"height":684},{"@type":"BreadcrumbList","@id":"https:\/\/www.panajamtours.com\/product\/plan-3-dias-catedral-sal#breadcrumb","itemListElement":[{"@type":"ListItem","position":1,"name":"Home","item":"https:\/\/www.panajamtours.com\/es\/"},{"@type":"ListItem","position":2,"name":"Opciones de vacaciones","item":"https:\/\/www.panajamtours.com\/es\/shop"},{"@type":"ListItem","position":3,"name":"Plan 3 D\u00edas con Catedral de sal"}]},{"@type":"WebSite","@id":"https:\/\/www.panajamtours.com\/es\/#website","url":"https:\/\/www.panajamtours.com\/es\/","name":"PanaJam Tours","description":"Agencia de Viajes","publisher":{"@id":"https:\/\/www.panajamtours.com\/es\/#organization"},"potentialAction":[{"@type":"SearchAction","target":{"@type":"EntryPoint","urlTemplate":"https:\/\/www.panajamtours.com\/es\/?s={search_term_string}"},"query-input":{"@type":"PropertyValueSpecification","valueRequired":true,"valueName":"search_term_string"}}],"inLanguage":"es"},{"@type":"Organization","@id":"https:\/\/www.panajamtours.com\/es\/#organization","name":"PanaJam Tours","url":"https:\/\/www.panajamtours.com\/es\/","logo":{"@type":"ImageObject","inLanguage":"es","@id":"https:\/\/www.panajamtours.com\/es\/#\/schema\/logo\/image\/","url":"https:\/\/www.panajamtours.com\/wp-content\/uploads\/2015\/07\/cropped-PanaJamTours-1-e1452391999906.png","contentUrl":"https:\/\/www.panajamtours.com\/wp-content\/uploads\/2015\/07\/cropped-PanaJamTours-1-e1452391999906.png","width":200,"height":166,"caption":"PanaJam Tours"},"image":{"@id":"https:\/\/www.panajamtours.com\/es\/#\/schema\/logo\/image\/"},"sameAs":["https:\/\/www.facebook.com\/PanaJamTours\/","https:\/\/x.com\/panajamtours","https:\/\/www.instagram.com\/PanaJamTours\/"]}]}},"_links":{"self":[{"href":"https:\/\/www.panajamtours.com\/es\/wp-json\/wp\/v2\/product\/5363","targetHints":{"allow":["GET"]}}],"collection":[{"href":"https:\/\/www.panajamtours.com\/es\/wp-json\/wp\/v2\/product"}],"about":[{"href":"https:\/\/www.panajamtours.com\/es\/wp-json\/wp\/v2\/types\/product"}],"wp:featuredmedia":[{"embeddable":true,"href":"https:\/\/www.panajamtours.com\/es\/wp-json\/wp\/v2\/media\/5386"}],"wp:attachment":[{"href":"https:\/\/www.panajamtours.com\/es\/wp-json\/wp\/v2\/media?parent=5363"}],"wp:term":[{"taxonomy":"product_cat","embeddable":true,"href":"https:\/\/www.panajamtours.com\/es\/wp-json\/wp\/v2\/product_cat?post=5363"},{"taxonomy":"product_tag","embeddable":true,"href":"https:\/\/www.panajamtours.com\/es\/wp-json\/wp\/v2\/product_tag?post=5363"}],"curies":[{"name":"wp","href":"https:\/\/api.w.org\/{rel}","templated":true}]}}