{"id":4861,"date":"2018-03-28T17:17:34","date_gmt":"2018-03-28T22:17:34","guid":{"rendered":"http:\/\/www.panajamtours.com\/?post_type=product&#038;p=4861"},"modified":"2020-07-03T11:29:44","modified_gmt":"2020-07-03T16:29:44","slug":"hotel-villa-marina-lodge","status":"publish","type":"product","link":"https:\/\/www.panajamtours.com\/es\/product\/hotel-villa-marina-lodge","title":{"rendered":"HOTEL VILLA MARINA LODGE"},"content":{"rendered":"<h2 style=\"text-align: center;\"><span style=\"color: #33cccc;\"><strong>HOTEL\u00a0\u00a0<\/strong><\/span><\/h2>\n<h2 style=\"text-align: center;\"><span style=\"color: #33cccc;\"><strong>VILLA MARINA LODGE<\/strong><\/span><\/h2>\n<h5 style=\"text-align: center;\"><span style=\"color: #000000;\">Ubicado en Playa Venao Los Santos, un para\u00edso internacional del surf.<\/span><\/h5>\n<p><img loading=\"lazy\" decoding=\"async\" class=\"size-full wp-image-4862 aligncenter lazyload\" data-src=\"http:\/\/www.panajamtours.com\/wp-content\/uploads\/2018\/03\/LOGO_VILLA_MARINA_.png\" alt=\"\" width=\"199\" height=\"100\" src=\"data:image\/gif;base64,R0lGODlhAQABAAAAACH5BAEKAAEALAAAAAABAAEAAAICTAEAOw==\" style=\"--smush-placeholder-width: 199px; --smush-placeholder-aspect-ratio: 199\/100;\" \/><noscript><img loading=\"lazy\" decoding=\"async\" class=\"size-full wp-image-4862 aligncenter\" src=\"http:\/\/www.panajamtours.com\/wp-content\/uploads\/2018\/03\/LOGO_VILLA_MARINA_.png\" alt=\"\" width=\"199\" height=\"100\" \/><\/noscript><\/p>\n<h5 style=\"text-align: center;\"><span style=\"color: #000000;\"><strong><span style=\"color: #33cccc;\">Check In:<\/span> 3:00 Pm\u00a0 \u00a0 <span style=\"color: #33cccc;\">Check Out:<\/span> 12:00 Md<\/strong><\/span><\/h5>\n<h6 style=\"text-align: center;\"><span style=\"color: #000000;\">Amamos el oc\u00e9ano tanto como t\u00fa. Por eso hemos creado el lugar perfecto para que disfrutes de las olas y de todo lo que el Pac\u00edfico paname\u00f1o tiene para ti en las playas de Pedas\u00ed.<\/span><\/h6>\n<p>&nbsp;<\/p>\n<h5><strong><span style=\"color: #33cccc;\">Servicios principales:<\/span><\/strong><\/h5>\n<h6><span style=\"color: #000000;\">\u2666 9 habitaciones\u00a0<\/span><\/h6>\n<h6><span style=\"color: #000000;\">\u2666 En la playa<\/span><\/h6>\n<h6><span style=\"color: #000000;\">\u2666 Restaurante y bar\u00a0<\/span><\/h6>\n<h6><span style=\"color: #000000;\">\u2666 Piscina\u00a0<\/span><\/h6>\n<h6><span style=\"color: #000000;\">\u2666 Terraza<\/span><\/h6>\n<h6><span style=\"color: #000000;\">\u2666 Aire acondicionado<\/span><\/h6>\n<h6><span style=\"color: #000000;\">\u2666 Servicio de limpieza diario<\/span><\/h6>\n<h6><span style=\"color: #000000;\">\u2666 Jard\u00edn<\/span><\/h6>\n<h6><span style=\"color: #000000;\">\u2666 \u00c1rea para parrillas<\/span><\/h6>\n<h6><span style=\"color: #000000;\">\u2666 Resguardo de equipaje<\/span><\/h6>\n<h6><span style=\"color: #000000;\">\u2666 Recepci\u00f3n con horario limitado<\/span><\/h6>\n<h6><span style=\"color: #000000;\">\u2666 Asistencia tur\u00edstica ($)<\/span><\/h6>\n<h6><span style=\"color: #000000;\">\u2666 wifi gratis\u00a0<\/span><\/h6>\n<h6><span style=\"color: #000000;\">\u2666 estacionamiento gratis<\/span><\/h6>\n<p>&nbsp;<\/p>\n<h5><span style=\"color: #33cccc;\"><strong>Habitaciones &amp; Suites:\u00a0<\/strong><\/span><\/h5>\n<h6><span style=\"color: #000000;\">Contamos con 9 habitaciones c\u00f3modas y finamente decoradas para que tu estad\u00eda sea placentera.<\/span><\/h6>\n<h6><span style=\"color: #000000;\">ofrecemos 5 habitaciones con camas dobles y 4 con dos camas twin.<\/span><\/h6>\n<h6><span style=\"color: #000000;\">Todas las habitaciones cuentan con:<\/span><br \/>\n<span style=\"color: #000000;\"> \u2022 Aire acondicionado<\/span><br \/>\n<span style=\"color: #000000;\"> \u2022 Televisi\u00f3n por cable<\/span><br \/>\n<span style=\"color: #000000;\"> \u2022 WiFi<\/span><br \/>\n<span style=\"color: #000000;\"> \u2022 Agua caliente<\/span><br \/>\n<span style=\"color: #000000;\"> \u2022 Caja de seguridad<\/span><\/h6>\n<p>&nbsp;<\/p>\n<h5><span style=\"color: #33cccc;\"><strong>Restaurante &amp; Bar:\u00a0<\/strong><\/span><\/h5>\n<h6><span style=\"color: #000000;\"><strong>Restaurante:\u00a0<\/strong>Desde frutas frescas para el desayuno hasta una excelente pesca del d\u00eda para un almuerzo inigualable, aqu\u00ed se come bien y sabroso, todo preparado por nuestros cocineros locales que conocen sus productos mejor que nadie.<\/span><\/h6>\n<h6><span style=\"color: #000000;\"><strong>Bar:<\/strong>\u00a0 Contamos con un bar listo para preparar tus bebidas favoritas snacks y platillos ligeros siempre est\u00e1n disponibles.<\/span><\/h6>\n<p>&nbsp;<\/p>\n<h5><span style=\"color: #008080;\"><strong>Actividades &amp; Deportes:<\/strong><\/span><\/h5>\n<h6><span style=\"color: #000000;\">El surf es rey en estas \u00e1reas, y puedes correr olas hasta que tu cuerpo te pida descanso. Tambi\u00e9n contamos con opciones para hacer buceo, ecoturismo y snorkeling, para que descubras toda nuestra belleza natural.<\/span><\/h6>\n<p>&nbsp;<\/p>\n<p>&nbsp;<\/p>\n<h2 style=\"text-align: center;\"><span style=\"color: #33cccc;\"><strong>HOTEL\u00a0\u00a0<\/strong><\/span><\/h2>\n<h2 style=\"text-align: center;\"><span style=\"color: #33cccc;\"><strong>VILLA MARINA LODGE<\/strong><\/span><\/h2>\n","protected":false},"excerpt":{"rendered":"<h5 style=\"text-align: center;\"><span style=\"color: #33cccc;\"><strong>Hotel Villa Marina Lodge<\/strong><\/span><\/h5>\n<h5 style=\"text-align: center;\"><span style=\"color: #33cccc;\"><strong>\u00a0En uno de los lugares m\u00e1s privilegiados del Pac\u00edfico paname\u00f1o.<\/strong><\/span><\/h5>\n","protected":false},"featured_media":4880,"template":"","meta":[],"product_cat":[250],"product_tag":[26,248,249,43,24],"class_list":{"0":"post-4861","1":"product","2":"type-product","3":"status-publish","4":"has-post-thumbnail","6":"product_cat-los-santos","7":"product_tag-beach","8":"product_tag-hoteles-de-los-santos","9":"product_tag-los-santos","10":"product_tag-playa","11":"product_tag-vacation","13":"first","14":"instock","15":"shipping-taxable","16":"product-type-simple"},"translation":{"provider":"WPGlobus","version":"3.0.0","language":"es","enabled_languages":["en","es"],"languages":{"en":{"title":true,"content":false,"excerpt":false},"es":{"title":true,"content":true,"excerpt":true}}},"yoast_head":"<!-- This site is optimized with the Yoast SEO plugin v23.9 - https:\/\/yoast.com\/wordpress\/plugins\/seo\/ -->\n<title>HOTEL VILLA MARINA LODGE - PanaJam Tours<\/title>\n<meta name=\"robots\" content=\"index, follow, max-snippet:-1, max-image-preview:large, max-video-preview:-1\" \/>\n<link rel=\"canonical\" href=\"https:\/\/www.panajamtours.com\/product\/hotel-villa-marina-lodge\" \/>\n<meta property=\"og:locale\" content=\"es_ES\" \/>\n<meta property=\"og:type\" content=\"article\" \/>\n<meta property=\"og:title\" content=\"HOTEL VILLA MARINA LODGE - PanaJam Tours\" \/>\n<meta property=\"og:url\" content=\"https:\/\/www.panajamtours.com\/product\/hotel-villa-marina-lodge\" \/>\n<meta property=\"og:site_name\" content=\"PanaJam Tours\" \/>\n<meta property=\"article:publisher\" content=\"https:\/\/www.facebook.com\/PanaJamTours\/\" \/>\n<meta property=\"article:modified_time\" content=\"2020-07-03T16:29:44+00:00\" \/>\n<meta property=\"og:image\" content=\"https:\/\/www.panajamtours.com\/wp-content\/uploads\/2018\/03\/38691223.jpg\" \/>\n\t<meta property=\"og:image:width\" content=\"1024\" \/>\n\t<meta property=\"og:image:height\" content=\"683\" \/>\n\t<meta property=\"og:image:type\" content=\"image\/jpeg\" \/>\n<meta name=\"twitter:card\" content=\"summary_large_image\" \/>\n<meta name=\"twitter:site\" content=\"@panajamtours\" \/>\n<meta name=\"twitter:label1\" content=\"Tiempo de lectura\" \/>\n\t<meta name=\"twitter:data1\" content=\"1 minuto\" \/>\n<script type=\"application\/ld+json\" class=\"yoast-schema-graph\">{\"@context\":\"https:\/\/schema.org\",\"@graph\":[{\"@type\":\"WebPage\",\"@id\":\"https:\/\/www.panajamtours.com\/product\/hotel-villa-marina-lodge\",\"url\":\"https:\/\/www.panajamtours.com\/product\/hotel-villa-marina-lodge\",\"name\":\"HOTEL VILLA MARINA LODGE - PanaJam Tours\",\"isPartOf\":{\"@id\":\"https:\/\/www.panajamtours.com\/es\/#website\"},\"primaryImageOfPage\":{\"@id\":\"https:\/\/www.panajamtours.com\/product\/hotel-villa-marina-lodge#primaryimage\"},\"image\":{\"@id\":\"https:\/\/www.panajamtours.com\/product\/hotel-villa-marina-lodge#primaryimage\"},\"thumbnailUrl\":\"https:\/\/www.panajamtours.com\/wp-content\/uploads\/2018\/03\/38691223.jpg\",\"datePublished\":\"2018-03-28T22:17:34+00:00\",\"dateModified\":\"2020-07-03T16:29:44+00:00\",\"breadcrumb\":{\"@id\":\"https:\/\/www.panajamtours.com\/product\/hotel-villa-marina-lodge#breadcrumb\"},\"inLanguage\":\"es\",\"potentialAction\":[{\"@type\":\"ReadAction\",\"target\":[\"https:\/\/www.panajamtours.com\/product\/hotel-villa-marina-lodge\"]}]},{\"@type\":\"ImageObject\",\"inLanguage\":\"es\",\"@id\":\"https:\/\/www.panajamtours.com\/product\/hotel-villa-marina-lodge#primaryimage\",\"url\":\"https:\/\/www.panajamtours.com\/wp-content\/uploads\/2018\/03\/38691223.jpg\",\"contentUrl\":\"https:\/\/www.panajamtours.com\/wp-content\/uploads\/2018\/03\/38691223.jpg\",\"width\":1024,\"height\":683},{\"@type\":\"BreadcrumbList\",\"@id\":\"https:\/\/www.panajamtours.com\/product\/hotel-villa-marina-lodge#breadcrumb\",\"itemListElement\":[{\"@type\":\"ListItem\",\"position\":1,\"name\":\"Home\",\"item\":\"https:\/\/www.panajamtours.com\/es\/\"},{\"@type\":\"ListItem\",\"position\":2,\"name\":\"Opciones de vacaciones\",\"item\":\"https:\/\/www.panajamtours.com\/es\/shop\"},{\"@type\":\"ListItem\",\"position\":3,\"name\":\"HOTEL VILLA MARINA LODGE\"}]},{\"@type\":\"WebSite\",\"@id\":\"https:\/\/www.panajamtours.com\/es\/#website\",\"url\":\"https:\/\/www.panajamtours.com\/es\/\",\"name\":\"PanaJam Tours\",\"description\":\"Agencia de Viajes\",\"publisher\":{\"@id\":\"https:\/\/www.panajamtours.com\/es\/#organization\"},\"potentialAction\":[{\"@type\":\"SearchAction\",\"target\":{\"@type\":\"EntryPoint\",\"urlTemplate\":\"https:\/\/www.panajamtours.com\/es\/?s={search_term_string}\"},\"query-input\":{\"@type\":\"PropertyValueSpecification\",\"valueRequired\":true,\"valueName\":\"search_term_string\"}}],\"inLanguage\":\"es\"},{\"@type\":\"Organization\",\"@id\":\"https:\/\/www.panajamtours.com\/es\/#organization\",\"name\":\"PanaJam Tours\",\"url\":\"https:\/\/www.panajamtours.com\/es\/\",\"logo\":{\"@type\":\"ImageObject\",\"inLanguage\":\"es\",\"@id\":\"https:\/\/www.panajamtours.com\/es\/#\/schema\/logo\/image\/\",\"url\":\"https:\/\/www.panajamtours.com\/wp-content\/uploads\/2015\/07\/cropped-PanaJamTours-1-e1452391999906.png\",\"contentUrl\":\"https:\/\/www.panajamtours.com\/wp-content\/uploads\/2015\/07\/cropped-PanaJamTours-1-e1452391999906.png\",\"width\":200,\"height\":166,\"caption\":\"PanaJam Tours\"},\"image\":{\"@id\":\"https:\/\/www.panajamtours.com\/es\/#\/schema\/logo\/image\/\"},\"sameAs\":[\"https:\/\/www.facebook.com\/PanaJamTours\/\",\"https:\/\/x.com\/panajamtours\",\"https:\/\/www.instagram.com\/PanaJamTours\/\"]}]}<\/script>\n<!-- \/ Yoast SEO plugin. -->","yoast_head_json":{"title":"HOTEL VILLA MARINA LODGE - PanaJam Tours","robots":{"index":"index","follow":"follow","max-snippet":"max-snippet:-1","max-image-preview":"max-image-preview:large","max-video-preview":"max-video-preview:-1"},"canonical":"https:\/\/www.panajamtours.com\/product\/hotel-villa-marina-lodge","og_locale":"es_ES","og_type":"article","og_title":"HOTEL VILLA MARINA LODGE - PanaJam Tours","og_url":"https:\/\/www.panajamtours.com\/product\/hotel-villa-marina-lodge","og_site_name":"PanaJam Tours","article_publisher":"https:\/\/www.facebook.com\/PanaJamTours\/","article_modified_time":"2020-07-03T16:29:44+00:00","og_image":[{"width":1024,"height":683,"url":"https:\/\/www.panajamtours.com\/wp-content\/uploads\/2018\/03\/38691223.jpg","type":"image\/jpeg"}],"twitter_card":"summary_large_image","twitter_site":"@panajamtours","twitter_misc":{"Tiempo de lectura":"1 minuto"},"schema":{"@context":"https:\/\/schema.org","@graph":[{"@type":"WebPage","@id":"https:\/\/www.panajamtours.com\/product\/hotel-villa-marina-lodge","url":"https:\/\/www.panajamtours.com\/product\/hotel-villa-marina-lodge","name":"HOTEL VILLA MARINA LODGE - PanaJam Tours","isPartOf":{"@id":"https:\/\/www.panajamtours.com\/es\/#website"},"primaryImageOfPage":{"@id":"https:\/\/www.panajamtours.com\/product\/hotel-villa-marina-lodge#primaryimage"},"image":{"@id":"https:\/\/www.panajamtours.com\/product\/hotel-villa-marina-lodge#primaryimage"},"thumbnailUrl":"https:\/\/www.panajamtours.com\/wp-content\/uploads\/2018\/03\/38691223.jpg","datePublished":"2018-03-28T22:17:34+00:00","dateModified":"2020-07-03T16:29:44+00:00","breadcrumb":{"@id":"https:\/\/www.panajamtours.com\/product\/hotel-villa-marina-lodge#breadcrumb"},"inLanguage":"es","potentialAction":[{"@type":"ReadAction","target":["https:\/\/www.panajamtours.com\/product\/hotel-villa-marina-lodge"]}]},{"@type":"ImageObject","inLanguage":"es","@id":"https:\/\/www.panajamtours.com\/product\/hotel-villa-marina-lodge#primaryimage","url":"https:\/\/www.panajamtours.com\/wp-content\/uploads\/2018\/03\/38691223.jpg","contentUrl":"https:\/\/www.panajamtours.com\/wp-content\/uploads\/2018\/03\/38691223.jpg","width":1024,"height":683},{"@type":"BreadcrumbList","@id":"https:\/\/www.panajamtours.com\/product\/hotel-villa-marina-lodge#breadcrumb","itemListElement":[{"@type":"ListItem","position":1,"name":"Home","item":"https:\/\/www.panajamtours.com\/es\/"},{"@type":"ListItem","position":2,"name":"Opciones de vacaciones","item":"https:\/\/www.panajamtours.com\/es\/shop"},{"@type":"ListItem","position":3,"name":"HOTEL VILLA MARINA LODGE"}]},{"@type":"WebSite","@id":"https:\/\/www.panajamtours.com\/es\/#website","url":"https:\/\/www.panajamtours.com\/es\/","name":"PanaJam Tours","description":"Agencia de Viajes","publisher":{"@id":"https:\/\/www.panajamtours.com\/es\/#organization"},"potentialAction":[{"@type":"SearchAction","target":{"@type":"EntryPoint","urlTemplate":"https:\/\/www.panajamtours.com\/es\/?s={search_term_string}"},"query-input":{"@type":"PropertyValueSpecification","valueRequired":true,"valueName":"search_term_string"}}],"inLanguage":"es"},{"@type":"Organization","@id":"https:\/\/www.panajamtours.com\/es\/#organization","name":"PanaJam Tours","url":"https:\/\/www.panajamtours.com\/es\/","logo":{"@type":"ImageObject","inLanguage":"es","@id":"https:\/\/www.panajamtours.com\/es\/#\/schema\/logo\/image\/","url":"https:\/\/www.panajamtours.com\/wp-content\/uploads\/2015\/07\/cropped-PanaJamTours-1-e1452391999906.png","contentUrl":"https:\/\/www.panajamtours.com\/wp-content\/uploads\/2015\/07\/cropped-PanaJamTours-1-e1452391999906.png","width":200,"height":166,"caption":"PanaJam Tours"},"image":{"@id":"https:\/\/www.panajamtours.com\/es\/#\/schema\/logo\/image\/"},"sameAs":["https:\/\/www.facebook.com\/PanaJamTours\/","https:\/\/x.com\/panajamtours","https:\/\/www.instagram.com\/PanaJamTours\/"]}]}},"_links":{"self":[{"href":"https:\/\/www.panajamtours.com\/es\/wp-json\/wp\/v2\/product\/4861","targetHints":{"allow":["GET"]}}],"collection":[{"href":"https:\/\/www.panajamtours.com\/es\/wp-json\/wp\/v2\/product"}],"about":[{"href":"https:\/\/www.panajamtours.com\/es\/wp-json\/wp\/v2\/types\/product"}],"wp:featuredmedia":[{"embeddable":true,"href":"https:\/\/www.panajamtours.com\/es\/wp-json\/wp\/v2\/media\/4880"}],"wp:attachment":[{"href":"https:\/\/www.panajamtours.com\/es\/wp-json\/wp\/v2\/media?parent=4861"}],"wp:term":[{"taxonomy":"product_cat","embeddable":true,"href":"https:\/\/www.panajamtours.com\/es\/wp-json\/wp\/v2\/product_cat?post=4861"},{"taxonomy":"product_tag","embeddable":true,"href":"https:\/\/www.panajamtours.com\/es\/wp-json\/wp\/v2\/product_tag?post=4861"}],"curies":[{"name":"wp","href":"https:\/\/api.w.org\/{rel}","templated":true}]}}