{"id":4818,"date":"2018-03-28T16:18:37","date_gmt":"2018-03-28T21:18:37","guid":{"rendered":"http:\/\/www.panajamtours.com\/?post_type=product&#038;p=4818"},"modified":"2018-03-28T16:21:44","modified_gmt":"2018-03-28T21:21:44","slug":"hotel-playa-venao-resort","status":"publish","type":"product","link":"https:\/\/www.panajamtours.com\/es\/product\/hotel-playa-venao-resort","title":{"rendered":"HOTEL PLAYA VENAO RESORT"},"content":{"rendered":"<h2 style=\"text-align: center;\"><span style=\"color: #3366ff;\"><strong>HOTEL<\/strong><\/span><\/h2>\n<h2 style=\"text-align: center;\"><span style=\"color: #3366ff;\"><strong>PLAYA VENAO RESORT\u00a0<\/strong><\/span><\/h2>\n<h5 style=\"text-align: center;\"><span style=\"color: #000000;\">Playa Venao Hotel Resort est\u00e1 ubicado en Pedas\u00ed Los Santos Panam\u00e1 y se extiende sobre dos millas y media de costa hermosa.<\/span><\/h5>\n<p><img loading=\"lazy\" decoding=\"async\" class=\"wp-image-4820 aligncenter lazyload\" data-src=\"http:\/\/www.panajamtours.com\/wp-content\/uploads\/2018\/03\/699f0ac6e441525af56df3a9824a90f228f550bb-300x155.jpg\" alt=\"\" width=\"271\" height=\"140\" data-srcset=\"https:\/\/www.panajamtours.com\/wp-content\/uploads\/2018\/03\/699f0ac6e441525af56df3a9824a90f228f550bb-300x155.jpg 300w, https:\/\/www.panajamtours.com\/wp-content\/uploads\/2018\/03\/699f0ac6e441525af56df3a9824a90f228f550bb.jpg 620w\" data-sizes=\"auto, (max-width: 271px) 100vw, 271px\" src=\"data:image\/gif;base64,R0lGODlhAQABAAAAACH5BAEKAAEALAAAAAABAAEAAAICTAEAOw==\" style=\"--smush-placeholder-width: 271px; --smush-placeholder-aspect-ratio: 271\/140;\" \/><noscript><img loading=\"lazy\" decoding=\"async\" class=\" wp-image-4820 aligncenter\" src=\"http:\/\/www.panajamtours.com\/wp-content\/uploads\/2018\/03\/699f0ac6e441525af56df3a9824a90f228f550bb-300x155.jpg\" alt=\"\" width=\"271\" height=\"140\" srcset=\"https:\/\/www.panajamtours.com\/wp-content\/uploads\/2018\/03\/699f0ac6e441525af56df3a9824a90f228f550bb-300x155.jpg 300w, https:\/\/www.panajamtours.com\/wp-content\/uploads\/2018\/03\/699f0ac6e441525af56df3a9824a90f228f550bb.jpg 620w\" sizes=\"auto, (max-width: 271px) 100vw, 271px\" \/><\/noscript><\/p>\n<h5 style=\"text-align: center;\"><span style=\"color: #3366ff;\"><strong>Check In: <span style=\"color: #000000;\">3:00 Pm\u00a0<\/span> \u00a0 \u00a0 \u00a0 \u00a0Check Out: <span style=\"color: #000000;\">12:00 Md<\/span><\/strong><\/span><\/h5>\n<h5 style=\"text-align: center;\"><span style=\"color: #000000;\">Aqu\u00ed podr\u00e1 disfrutar de un servicio de lujo y comodidades exclusivas del hotel.<\/span><\/h5>\n<p>&nbsp;<\/p>\n<h5><span style=\"color: #3366ff;\"><strong>Servicios principales:\u00a0<\/strong><\/span><\/h5>\n<h6><span style=\"color: #000000;\">\u2666 45 habitaciones<\/span><\/h6>\n<h6><span style=\"color: #000000;\">\u2666 En la playa<\/span><\/h6>\n<h6><span style=\"color: #000000;\">\u2666 Restaurante y bar o sal\u00f3n lounge<\/span><\/h6>\n<h6><span style=\"color: #000000;\">\u2666 Discoteca<\/span><\/h6>\n<h6><span style=\"color: #000000;\">\u2666 Terraza<\/span><\/h6>\n<h6><span style=\"color: #000000;\">\u2666 Club infantil<\/span><\/h6>\n<h6><span style=\"color: #000000;\">\u2666 traslado a la playa<\/span><\/h6>\n<h6><span style=\"color: #000000;\">\u2666 Piscina<\/span><\/h6>\n<h6><span style=\"color: #000000;\">\u2666 Gimnacio<\/span><\/h6>\n<h6><span style=\"color: #000000;\">\u2666 Centro de negocios abierto las 24 horas<\/span><\/h6>\n<h6><span style=\"color: #000000;\">\u2666 Wifi gratis<\/span><\/h6>\n<h6><span style=\"color: #000000;\">\u2666 Estacionamiento gratis<\/span><\/h6>\n<h5><\/h5>\n<h5><span style=\"color: #3366ff;\"><strong>Habitaciones &amp; Suites:\u00a0<\/strong><\/span><\/h5>\n<h6><span style=\"color: #000000;\">Cada una con su propia personalidad, ambiente y car\u00e1cter.<\/span><\/h6>\n<h6><strong><span style=\"color: #000000;\">Categor\u00eda de Habitaciones:\u00a0<\/span><\/strong><\/h6>\n<h6><span style=\"color: #000000;\">&#8211; Habitaciones Garden\u00a0<\/span><\/h6>\n<h6><span style=\"color: #000000;\">&#8211; Habitaciones Deluxe<\/span><\/h6>\n<h6><span style=\"color: #000000;\">&#8211; Habitaciones Pool Room\u00a0<\/span><\/h6>\n<h6><span style=\"color: #000000;\">&#8211; Habitaciones Junior Suite\u00a0<\/span><\/h6>\n<h6><span style=\"color: #000000;\">\u00a0Cada una disponen de: Aire Acondicionado, Tv con cable, Wifi, Caja fuerte, ba\u00f1o.\u00a0<\/span><\/h6>\n<p>&nbsp;<\/p>\n<h5><span style=\"color: #3366ff;\"><strong>Restaurante &amp; Bar:\u00a0<\/strong><\/span><\/h5>\n<h6><span style=\"color: #000000;\"><strong>Restaurante:<\/strong>\u00a0sirve cocina gourmet y est\u00e1 abierto para el desayuno, el almuerzo y la cena.<\/span><\/h6>\n<h6><span style=\"color: #000000;\"><strong>Sushi Bar:<\/strong> disfruta de nuestros c\u00f3cteles.\u00a0<\/span><\/h6>\n<p>&nbsp;<\/p>\n<h2 style=\"text-align: center;\"><span style=\"color: #3366ff;\"><strong>HOTEL<\/strong><\/span><\/h2>\n<h2 style=\"text-align: center;\"><span style=\"color: #3366ff;\"><strong>PLAYA VENAO RESORT\u00a0<\/strong><\/span><\/h2>\n","protected":false},"excerpt":{"rendered":"<h5 style=\"text-align: center;\"><span style=\"color: #3366ff;\"><strong>Hotel\u00a0 Playa Venao Resort<\/strong><\/span><\/h5>\n<h5 style=\"text-align: center;\"><span style=\"color: #3366ff;\"><b style=\"color: #3366ff;\">Ubicados en uno de los lugares <\/b><span style=\"color: #3366ff;\"><b>m\u00e1s<\/b><\/span><b style=\"color: #3366ff;\">\u00a0maravilloso de Playa<\/b><\/span><\/h5>\n","protected":false},"featured_media":4853,"template":"","meta":[],"product_cat":[250],"product_tag":[26,42,248,43,24],"class_list":{"0":"post-4818","1":"product","2":"type-product","3":"status-publish","4":"has-post-thumbnail","6":"product_cat-los-santos","7":"product_tag-beach","8":"product_tag-hotel","9":"product_tag-hoteles-de-los-santos","10":"product_tag-playa","11":"product_tag-vacation","13":"first","14":"instock","15":"shipping-taxable","16":"product-type-simple"},"translation":{"provider":"WPGlobus","version":"3.0.0","language":"es","enabled_languages":["en","es"],"languages":{"en":{"title":true,"content":false,"excerpt":false},"es":{"title":true,"content":true,"excerpt":true}}},"yoast_head":"<!-- This site is optimized with the Yoast SEO plugin v23.9 - https:\/\/yoast.com\/wordpress\/plugins\/seo\/ -->\n<title>HOTEL PLAYA VENAO RESORT - PanaJam Tours<\/title>\n<meta name=\"robots\" content=\"index, follow, max-snippet:-1, max-image-preview:large, max-video-preview:-1\" \/>\n<link rel=\"canonical\" href=\"https:\/\/www.panajamtours.com\/product\/hotel-playa-venao-resort\" \/>\n<meta property=\"og:locale\" content=\"es_ES\" \/>\n<meta property=\"og:type\" content=\"article\" \/>\n<meta property=\"og:title\" content=\"HOTEL PLAYA VENAO RESORT - PanaJam Tours\" \/>\n<meta property=\"og:url\" content=\"https:\/\/www.panajamtours.com\/product\/hotel-playa-venao-resort\" \/>\n<meta property=\"og:site_name\" content=\"PanaJam Tours\" \/>\n<meta property=\"article:publisher\" content=\"https:\/\/www.facebook.com\/PanaJamTours\/\" \/>\n<meta property=\"article:modified_time\" content=\"2018-03-28T21:21:44+00:00\" \/>\n<meta property=\"og:image\" content=\"https:\/\/www.panajamtours.com\/wp-content\/uploads\/2018\/03\/117432661.jpg\" \/>\n\t<meta property=\"og:image:width\" content=\"1024\" \/>\n\t<meta property=\"og:image:height\" content=\"683\" \/>\n\t<meta property=\"og:image:type\" content=\"image\/jpeg\" \/>\n<meta name=\"twitter:card\" content=\"summary_large_image\" \/>\n<meta name=\"twitter:site\" content=\"@panajamtours\" \/>\n<meta name=\"twitter:label1\" content=\"Tiempo de lectura\" \/>\n\t<meta name=\"twitter:data1\" content=\"1 minuto\" \/>\n<script type=\"application\/ld+json\" class=\"yoast-schema-graph\">{\"@context\":\"https:\/\/schema.org\",\"@graph\":[{\"@type\":\"WebPage\",\"@id\":\"https:\/\/www.panajamtours.com\/product\/hotel-playa-venao-resort\",\"url\":\"https:\/\/www.panajamtours.com\/product\/hotel-playa-venao-resort\",\"name\":\"HOTEL PLAYA VENAO RESORT - PanaJam Tours\",\"isPartOf\":{\"@id\":\"https:\/\/www.panajamtours.com\/es\/#website\"},\"primaryImageOfPage\":{\"@id\":\"https:\/\/www.panajamtours.com\/product\/hotel-playa-venao-resort#primaryimage\"},\"image\":{\"@id\":\"https:\/\/www.panajamtours.com\/product\/hotel-playa-venao-resort#primaryimage\"},\"thumbnailUrl\":\"https:\/\/www.panajamtours.com\/wp-content\/uploads\/2018\/03\/117432661.jpg\",\"datePublished\":\"2018-03-28T21:18:37+00:00\",\"dateModified\":\"2018-03-28T21:21:44+00:00\",\"breadcrumb\":{\"@id\":\"https:\/\/www.panajamtours.com\/product\/hotel-playa-venao-resort#breadcrumb\"},\"inLanguage\":\"es\",\"potentialAction\":[{\"@type\":\"ReadAction\",\"target\":[\"https:\/\/www.panajamtours.com\/product\/hotel-playa-venao-resort\"]}]},{\"@type\":\"ImageObject\",\"inLanguage\":\"es\",\"@id\":\"https:\/\/www.panajamtours.com\/product\/hotel-playa-venao-resort#primaryimage\",\"url\":\"https:\/\/www.panajamtours.com\/wp-content\/uploads\/2018\/03\/117432661.jpg\",\"contentUrl\":\"https:\/\/www.panajamtours.com\/wp-content\/uploads\/2018\/03\/117432661.jpg\",\"width\":1024,\"height\":683},{\"@type\":\"BreadcrumbList\",\"@id\":\"https:\/\/www.panajamtours.com\/product\/hotel-playa-venao-resort#breadcrumb\",\"itemListElement\":[{\"@type\":\"ListItem\",\"position\":1,\"name\":\"Home\",\"item\":\"https:\/\/www.panajamtours.com\/es\/\"},{\"@type\":\"ListItem\",\"position\":2,\"name\":\"Opciones de vacaciones\",\"item\":\"https:\/\/www.panajamtours.com\/es\/shop\"},{\"@type\":\"ListItem\",\"position\":3,\"name\":\"HOTEL PLAYA VENAO RESORT\"}]},{\"@type\":\"WebSite\",\"@id\":\"https:\/\/www.panajamtours.com\/es\/#website\",\"url\":\"https:\/\/www.panajamtours.com\/es\/\",\"name\":\"PanaJam Tours\",\"description\":\"Agencia de Viajes\",\"publisher\":{\"@id\":\"https:\/\/www.panajamtours.com\/es\/#organization\"},\"potentialAction\":[{\"@type\":\"SearchAction\",\"target\":{\"@type\":\"EntryPoint\",\"urlTemplate\":\"https:\/\/www.panajamtours.com\/es\/?s={search_term_string}\"},\"query-input\":{\"@type\":\"PropertyValueSpecification\",\"valueRequired\":true,\"valueName\":\"search_term_string\"}}],\"inLanguage\":\"es\"},{\"@type\":\"Organization\",\"@id\":\"https:\/\/www.panajamtours.com\/es\/#organization\",\"name\":\"PanaJam Tours\",\"url\":\"https:\/\/www.panajamtours.com\/es\/\",\"logo\":{\"@type\":\"ImageObject\",\"inLanguage\":\"es\",\"@id\":\"https:\/\/www.panajamtours.com\/es\/#\/schema\/logo\/image\/\",\"url\":\"https:\/\/www.panajamtours.com\/wp-content\/uploads\/2015\/07\/cropped-PanaJamTours-1-e1452391999906.png\",\"contentUrl\":\"https:\/\/www.panajamtours.com\/wp-content\/uploads\/2015\/07\/cropped-PanaJamTours-1-e1452391999906.png\",\"width\":200,\"height\":166,\"caption\":\"PanaJam Tours\"},\"image\":{\"@id\":\"https:\/\/www.panajamtours.com\/es\/#\/schema\/logo\/image\/\"},\"sameAs\":[\"https:\/\/www.facebook.com\/PanaJamTours\/\",\"https:\/\/x.com\/panajamtours\",\"https:\/\/www.instagram.com\/PanaJamTours\/\"]}]}<\/script>\n<!-- \/ Yoast SEO plugin. -->","yoast_head_json":{"title":"HOTEL PLAYA VENAO RESORT - PanaJam Tours","robots":{"index":"index","follow":"follow","max-snippet":"max-snippet:-1","max-image-preview":"max-image-preview:large","max-video-preview":"max-video-preview:-1"},"canonical":"https:\/\/www.panajamtours.com\/product\/hotel-playa-venao-resort","og_locale":"es_ES","og_type":"article","og_title":"HOTEL PLAYA VENAO RESORT - PanaJam Tours","og_url":"https:\/\/www.panajamtours.com\/product\/hotel-playa-venao-resort","og_site_name":"PanaJam Tours","article_publisher":"https:\/\/www.facebook.com\/PanaJamTours\/","article_modified_time":"2018-03-28T21:21:44+00:00","og_image":[{"width":1024,"height":683,"url":"https:\/\/www.panajamtours.com\/wp-content\/uploads\/2018\/03\/117432661.jpg","type":"image\/jpeg"}],"twitter_card":"summary_large_image","twitter_site":"@panajamtours","twitter_misc":{"Tiempo de lectura":"1 minuto"},"schema":{"@context":"https:\/\/schema.org","@graph":[{"@type":"WebPage","@id":"https:\/\/www.panajamtours.com\/product\/hotel-playa-venao-resort","url":"https:\/\/www.panajamtours.com\/product\/hotel-playa-venao-resort","name":"HOTEL PLAYA VENAO RESORT - PanaJam Tours","isPartOf":{"@id":"https:\/\/www.panajamtours.com\/es\/#website"},"primaryImageOfPage":{"@id":"https:\/\/www.panajamtours.com\/product\/hotel-playa-venao-resort#primaryimage"},"image":{"@id":"https:\/\/www.panajamtours.com\/product\/hotel-playa-venao-resort#primaryimage"},"thumbnailUrl":"https:\/\/www.panajamtours.com\/wp-content\/uploads\/2018\/03\/117432661.jpg","datePublished":"2018-03-28T21:18:37+00:00","dateModified":"2018-03-28T21:21:44+00:00","breadcrumb":{"@id":"https:\/\/www.panajamtours.com\/product\/hotel-playa-venao-resort#breadcrumb"},"inLanguage":"es","potentialAction":[{"@type":"ReadAction","target":["https:\/\/www.panajamtours.com\/product\/hotel-playa-venao-resort"]}]},{"@type":"ImageObject","inLanguage":"es","@id":"https:\/\/www.panajamtours.com\/product\/hotel-playa-venao-resort#primaryimage","url":"https:\/\/www.panajamtours.com\/wp-content\/uploads\/2018\/03\/117432661.jpg","contentUrl":"https:\/\/www.panajamtours.com\/wp-content\/uploads\/2018\/03\/117432661.jpg","width":1024,"height":683},{"@type":"BreadcrumbList","@id":"https:\/\/www.panajamtours.com\/product\/hotel-playa-venao-resort#breadcrumb","itemListElement":[{"@type":"ListItem","position":1,"name":"Home","item":"https:\/\/www.panajamtours.com\/es\/"},{"@type":"ListItem","position":2,"name":"Opciones de vacaciones","item":"https:\/\/www.panajamtours.com\/es\/shop"},{"@type":"ListItem","position":3,"name":"HOTEL PLAYA VENAO RESORT"}]},{"@type":"WebSite","@id":"https:\/\/www.panajamtours.com\/es\/#website","url":"https:\/\/www.panajamtours.com\/es\/","name":"PanaJam Tours","description":"Agencia de Viajes","publisher":{"@id":"https:\/\/www.panajamtours.com\/es\/#organization"},"potentialAction":[{"@type":"SearchAction","target":{"@type":"EntryPoint","urlTemplate":"https:\/\/www.panajamtours.com\/es\/?s={search_term_string}"},"query-input":{"@type":"PropertyValueSpecification","valueRequired":true,"valueName":"search_term_string"}}],"inLanguage":"es"},{"@type":"Organization","@id":"https:\/\/www.panajamtours.com\/es\/#organization","name":"PanaJam Tours","url":"https:\/\/www.panajamtours.com\/es\/","logo":{"@type":"ImageObject","inLanguage":"es","@id":"https:\/\/www.panajamtours.com\/es\/#\/schema\/logo\/image\/","url":"https:\/\/www.panajamtours.com\/wp-content\/uploads\/2015\/07\/cropped-PanaJamTours-1-e1452391999906.png","contentUrl":"https:\/\/www.panajamtours.com\/wp-content\/uploads\/2015\/07\/cropped-PanaJamTours-1-e1452391999906.png","width":200,"height":166,"caption":"PanaJam Tours"},"image":{"@id":"https:\/\/www.panajamtours.com\/es\/#\/schema\/logo\/image\/"},"sameAs":["https:\/\/www.facebook.com\/PanaJamTours\/","https:\/\/x.com\/panajamtours","https:\/\/www.instagram.com\/PanaJamTours\/"]}]}},"_links":{"self":[{"href":"https:\/\/www.panajamtours.com\/es\/wp-json\/wp\/v2\/product\/4818","targetHints":{"allow":["GET"]}}],"collection":[{"href":"https:\/\/www.panajamtours.com\/es\/wp-json\/wp\/v2\/product"}],"about":[{"href":"https:\/\/www.panajamtours.com\/es\/wp-json\/wp\/v2\/types\/product"}],"wp:featuredmedia":[{"embeddable":true,"href":"https:\/\/www.panajamtours.com\/es\/wp-json\/wp\/v2\/media\/4853"}],"wp:attachment":[{"href":"https:\/\/www.panajamtours.com\/es\/wp-json\/wp\/v2\/media?parent=4818"}],"wp:term":[{"taxonomy":"product_cat","embeddable":true,"href":"https:\/\/www.panajamtours.com\/es\/wp-json\/wp\/v2\/product_cat?post=4818"},{"taxonomy":"product_tag","embeddable":true,"href":"https:\/\/www.panajamtours.com\/es\/wp-json\/wp\/v2\/product_tag?post=4818"}],"curies":[{"name":"wp","href":"https:\/\/api.w.org\/{rel}","templated":true}]}}