{"id":4712,"date":"2018-03-26T17:34:48","date_gmt":"2018-03-26T22:34:48","guid":{"rendered":"http:\/\/www.panajamtours.com\/?post_type=product&#038;p=4712"},"modified":"2018-03-28T16:31:19","modified_gmt":"2018-03-28T21:31:19","slug":"hotel-gran-hotel-azuero","status":"publish","type":"product","link":"https:\/\/www.panajamtours.com\/es\/product\/hotel-gran-hotel-azuero","title":{"rendered":"EL GRAN HOTEL AZUERO"},"content":{"rendered":"<h3 style=\"text-align: center;\"><span style=\"color: #800000;\"><strong>HOTEL<\/strong><\/span><\/h3>\n<h3 style=\"text-align: center;\"><span style=\"color: #800000;\"><strong>EL GRAN HOTEL AZUERO<\/strong><\/span><\/h3>\n<h5 style=\"text-align: center;\"><span style=\"color: #000000;\">El Gran Hotel Azuero ubicado en la Pen\u00ednsula de Azuero Provincia de Herrera ubicado principalmente a la\u00a0 entrada de la ciudad y puertas del comercio regional.<\/span><\/h5>\n<p><img loading=\"lazy\" decoding=\"async\" class=\"size-full wp-image-4713 aligncenter lazyload\" data-src=\"http:\/\/www.panajamtours.com\/wp-content\/uploads\/2018\/03\/LOGO_GRAN_HOTEL_AZUERO.png\" alt=\"\" width=\"201\" height=\"105\" src=\"data:image\/gif;base64,R0lGODlhAQABAAAAACH5BAEKAAEALAAAAAABAAEAAAICTAEAOw==\" style=\"--smush-placeholder-width: 201px; --smush-placeholder-aspect-ratio: 201\/105;\" \/><noscript><img loading=\"lazy\" decoding=\"async\" class=\"size-full wp-image-4713 aligncenter\" src=\"http:\/\/www.panajamtours.com\/wp-content\/uploads\/2018\/03\/LOGO_GRAN_HOTEL_AZUERO.png\" alt=\"\" width=\"201\" height=\"105\" \/><\/noscript><\/p>\n<p style=\"text-align: center;\"><span style=\"color: #000000;\"><strong><span style=\"color: #800000;\">Check In:\u00a0<\/span> 3:00 Pm\u00a0 \u00a0 <span style=\"color: #800000;\">Check Out:<\/span> 1:00 Pm<\/strong><\/span><\/p>\n<h5 style=\"text-align: center;\"><span style=\"color: #000000;\">Ideal para negocios, vacaciones y disfrutar del turismo y la tierra del folclore nacional<\/span><\/h5>\n<p>&nbsp;<\/p>\n<h5><span style=\"color: #800000;\"><strong>Servicios principales:<\/strong><\/span><\/h5>\n<h6><span style=\"color: #000000;\">\u2666 108 habitaciones\u00a0<\/span><\/h6>\n<h6><span style=\"color: #000000;\">\u2666 Casino<\/span><\/h6>\n<h6><span style=\"color: #000000;\">\u2666 Restaurante y bar o sal\u00f3n lounge<\/span><\/h6>\n<h6><span style=\"color: #000000;\">\u2666 Piscina al aire libre<\/span><\/h6>\n<h6><span style=\"color: #000000;\">\u2666 Sala de fitness<\/span><\/h6>\n<h6><span style=\"color: #000000;\">\u2666 Centro de conferencias<\/span><\/h6>\n<h6><span style=\"color: #000000;\">\u2666 Servicio de traslado<\/span><\/h6>\n<h6><span style=\"color: #000000;\">\u2666 Terraza<\/span><\/h6>\n<h6><span style=\"color: #000000;\">\u2666 Recepci\u00f3n disponible las 24 horas<\/span><\/h6>\n<h6><span style=\"color: #000000;\">\u2666 Aire acondicionado<\/span><\/h6>\n<h6><span style=\"color: #000000;\">\u2666 Servicio de limpieza diario<\/span><\/h6>\n<h6><span style=\"color: #000000;\">\u2666 Jard\u00edn<\/span><\/h6>\n<h6><span style=\"color: #000000;\">\u2666 wifi gratis\u00a0<\/span><\/h6>\n<h6><span style=\"color: #000000;\"> \u2666 estacionamiento gratis<\/span><\/h6>\n<p>&nbsp;<\/p>\n<h5><span style=\"color: #800000;\"><strong>Habitaciones &amp; Suites:\u00a0<\/strong><\/span><\/h5>\n<h6><span style=\"color: #000000;\">Todas las Habitaciones cuentan con su comodidad completa para un alojamiento placentero, de la cual\u00a0 disponen de:\u00a0<\/span><\/h6>\n<h6><span style=\"color: #000000;\"> aire Acondicionado, LCD TV con Cable, Agua Fria\/Caliente, Conexion inal\u00e1mbrica, Caja fuerte, tel\u00e9fono, Escritorio de trabajo, Servicio de despertar, secador de pelo.<\/span><\/h6>\n<h6><span style=\"color: #000000;\"><strong>Categor\u00eda de Habitaciones:\u00a0<\/strong><\/span><\/h6>\n<h6><span style=\"color: #000000;\">&#8211; Habitacion Deluxe<\/span><\/h6>\n<h6><span style=\"color: #000000;\">&#8211; Habitacion Premium\u00a0<\/span><\/h6>\n<h6><span style=\"color: #000000;\">&#8211; Habitacion Junior Suite<\/span><\/h6>\n<h6><span style=\"color: #000000;\">&#8211; Habitacion Presidencial<\/span><\/h6>\n<p>&nbsp;<\/p>\n<h5><span style=\"color: #800000;\"><strong>Restaurante &amp; Bares:\u00a0<\/strong><\/span><\/h5>\n<h6><span style=\"color: #000000;\"><strong>Restaurante la Huaca:\u00a0<\/strong>\u00a0La Huaca ofrece a sus visitantes lo mejor en Cocina Paname\u00f1a e Internacional, llevando a su mesa deliciosos platillos que sin duda satisface todo tipo de paladar en un ambiente c\u00e1lido y acogedor, con un servicio r\u00e1pido y \u00e1gil.<\/span><\/h6>\n<h6><span style=\"color: #000000;\"><strong>Don chicho&#8217;s Bar:<\/strong>\u00a0 Disfrute de un c\u00f3ctel fr\u00edo, jugos completamente naturales y una gama de bebidas nacionales e internacionales.<\/span><\/h6>\n<p>&nbsp;<\/p>\n<h5><span style=\"color: #800000;\"><strong>Centro de Reuniones &amp; Eventos:\u00a0<\/strong><\/span><\/h5>\n<h6><span style=\"color: #000000;\">Ofreciendo el m\u00e1s alto nivel de servicio, seleccione cualquiera de nuestras 5 salas de reuniones con capacidad desde 15 hasta 800 personas, que acogen a grandes convenciones, reuniones de negocios, bodas y cualquier otro evento que usted desee realizar.<\/span><\/h6>\n<p>&nbsp;<\/p>\n<h3 style=\"text-align: center;\"><span style=\"color: #800000;\"><strong>HOTEL<\/strong><\/span><\/h3>\n<h3 style=\"text-align: center;\"><span style=\"color: #800000;\"><strong>EL GRAN HOTEL AZUERO<\/strong><\/span><\/h3>\n","protected":false},"excerpt":{"rendered":"<h5 style=\"text-align: center;\"><span style=\"color: #800000;\"><strong>El Gran Hotel Azuero\u00a0<\/strong><\/span><\/h5>\n<h5 style=\"text-align: center;\"><span style=\"color: #800000;\"><strong>Tierra del folclore Nacional<\/strong><\/span><\/h5>\n","protected":false},"featured_media":4750,"template":"","meta":[],"product_cat":[244],"product_tag":[134,246,247,24],"class_list":{"0":"post-4712","1":"product","2":"type-product","3":"status-publish","4":"has-post-thumbnail","6":"product_cat-herrera","7":"product_tag-gastronomia-panamena","8":"product_tag-herrera","9":"product_tag-hoteles-en-chitre","10":"product_tag-vacation","12":"first","13":"instock","14":"shipping-taxable","15":"product-type-simple"},"translation":{"provider":"WPGlobus","version":"3.0.0","language":"es","enabled_languages":["en","es"],"languages":{"en":{"title":true,"content":false,"excerpt":false},"es":{"title":true,"content":true,"excerpt":true}}},"yoast_head":"<!-- This site is optimized with the Yoast SEO plugin v23.9 - https:\/\/yoast.com\/wordpress\/plugins\/seo\/ -->\n<title>EL GRAN HOTEL AZUERO - PanaJam Tours<\/title>\n<meta name=\"robots\" content=\"index, follow, max-snippet:-1, max-image-preview:large, max-video-preview:-1\" \/>\n<link rel=\"canonical\" href=\"https:\/\/www.panajamtours.com\/product\/hotel-gran-hotel-azuero\" \/>\n<meta property=\"og:locale\" content=\"es_ES\" \/>\n<meta property=\"og:type\" content=\"article\" \/>\n<meta property=\"og:title\" content=\"EL GRAN HOTEL AZUERO - PanaJam Tours\" \/>\n<meta property=\"og:url\" content=\"https:\/\/www.panajamtours.com\/product\/hotel-gran-hotel-azuero\" \/>\n<meta property=\"og:site_name\" content=\"PanaJam Tours\" \/>\n<meta property=\"article:publisher\" content=\"https:\/\/www.facebook.com\/PanaJamTours\/\" \/>\n<meta property=\"article:modified_time\" content=\"2018-03-28T21:31:19+00:00\" \/>\n<meta property=\"og:image\" content=\"https:\/\/www.panajamtours.com\/wp-content\/uploads\/2018\/03\/gran_hotel_azuero_front_entrance-1.jpg\" \/>\n\t<meta property=\"og:image:width\" content=\"1020\" \/>\n\t<meta property=\"og:image:height\" content=\"680\" \/>\n\t<meta property=\"og:image:type\" content=\"image\/jpeg\" \/>\n<meta name=\"twitter:card\" content=\"summary_large_image\" \/>\n<meta name=\"twitter:site\" content=\"@panajamtours\" \/>\n<meta name=\"twitter:label1\" content=\"Tiempo de lectura\" \/>\n\t<meta name=\"twitter:data1\" content=\"1 minuto\" \/>\n<script type=\"application\/ld+json\" class=\"yoast-schema-graph\">{\"@context\":\"https:\/\/schema.org\",\"@graph\":[{\"@type\":\"WebPage\",\"@id\":\"https:\/\/www.panajamtours.com\/product\/hotel-gran-hotel-azuero\",\"url\":\"https:\/\/www.panajamtours.com\/product\/hotel-gran-hotel-azuero\",\"name\":\"EL GRAN HOTEL AZUERO - PanaJam Tours\",\"isPartOf\":{\"@id\":\"https:\/\/www.panajamtours.com\/es\/#website\"},\"primaryImageOfPage\":{\"@id\":\"https:\/\/www.panajamtours.com\/product\/hotel-gran-hotel-azuero#primaryimage\"},\"image\":{\"@id\":\"https:\/\/www.panajamtours.com\/product\/hotel-gran-hotel-azuero#primaryimage\"},\"thumbnailUrl\":\"https:\/\/www.panajamtours.com\/wp-content\/uploads\/2018\/03\/gran_hotel_azuero_front_entrance-1.jpg\",\"datePublished\":\"2018-03-26T22:34:48+00:00\",\"dateModified\":\"2018-03-28T21:31:19+00:00\",\"breadcrumb\":{\"@id\":\"https:\/\/www.panajamtours.com\/product\/hotel-gran-hotel-azuero#breadcrumb\"},\"inLanguage\":\"es\",\"potentialAction\":[{\"@type\":\"ReadAction\",\"target\":[\"https:\/\/www.panajamtours.com\/product\/hotel-gran-hotel-azuero\"]}]},{\"@type\":\"ImageObject\",\"inLanguage\":\"es\",\"@id\":\"https:\/\/www.panajamtours.com\/product\/hotel-gran-hotel-azuero#primaryimage\",\"url\":\"https:\/\/www.panajamtours.com\/wp-content\/uploads\/2018\/03\/gran_hotel_azuero_front_entrance-1.jpg\",\"contentUrl\":\"https:\/\/www.panajamtours.com\/wp-content\/uploads\/2018\/03\/gran_hotel_azuero_front_entrance-1.jpg\",\"width\":1020,\"height\":680},{\"@type\":\"BreadcrumbList\",\"@id\":\"https:\/\/www.panajamtours.com\/product\/hotel-gran-hotel-azuero#breadcrumb\",\"itemListElement\":[{\"@type\":\"ListItem\",\"position\":1,\"name\":\"Home\",\"item\":\"https:\/\/www.panajamtours.com\/es\/\"},{\"@type\":\"ListItem\",\"position\":2,\"name\":\"Opciones de vacaciones\",\"item\":\"https:\/\/www.panajamtours.com\/es\/shop\"},{\"@type\":\"ListItem\",\"position\":3,\"name\":\"EL GRAN HOTEL AZUERO\"}]},{\"@type\":\"WebSite\",\"@id\":\"https:\/\/www.panajamtours.com\/es\/#website\",\"url\":\"https:\/\/www.panajamtours.com\/es\/\",\"name\":\"PanaJam Tours\",\"description\":\"Agencia de Viajes\",\"publisher\":{\"@id\":\"https:\/\/www.panajamtours.com\/es\/#organization\"},\"potentialAction\":[{\"@type\":\"SearchAction\",\"target\":{\"@type\":\"EntryPoint\",\"urlTemplate\":\"https:\/\/www.panajamtours.com\/es\/?s={search_term_string}\"},\"query-input\":{\"@type\":\"PropertyValueSpecification\",\"valueRequired\":true,\"valueName\":\"search_term_string\"}}],\"inLanguage\":\"es\"},{\"@type\":\"Organization\",\"@id\":\"https:\/\/www.panajamtours.com\/es\/#organization\",\"name\":\"PanaJam Tours\",\"url\":\"https:\/\/www.panajamtours.com\/es\/\",\"logo\":{\"@type\":\"ImageObject\",\"inLanguage\":\"es\",\"@id\":\"https:\/\/www.panajamtours.com\/es\/#\/schema\/logo\/image\/\",\"url\":\"https:\/\/www.panajamtours.com\/wp-content\/uploads\/2015\/07\/cropped-PanaJamTours-1-e1452391999906.png\",\"contentUrl\":\"https:\/\/www.panajamtours.com\/wp-content\/uploads\/2015\/07\/cropped-PanaJamTours-1-e1452391999906.png\",\"width\":200,\"height\":166,\"caption\":\"PanaJam Tours\"},\"image\":{\"@id\":\"https:\/\/www.panajamtours.com\/es\/#\/schema\/logo\/image\/\"},\"sameAs\":[\"https:\/\/www.facebook.com\/PanaJamTours\/\",\"https:\/\/x.com\/panajamtours\",\"https:\/\/www.instagram.com\/PanaJamTours\/\"]}]}<\/script>\n<!-- \/ Yoast SEO plugin. -->","yoast_head_json":{"title":"EL GRAN HOTEL AZUERO - PanaJam Tours","robots":{"index":"index","follow":"follow","max-snippet":"max-snippet:-1","max-image-preview":"max-image-preview:large","max-video-preview":"max-video-preview:-1"},"canonical":"https:\/\/www.panajamtours.com\/product\/hotel-gran-hotel-azuero","og_locale":"es_ES","og_type":"article","og_title":"EL GRAN HOTEL AZUERO - PanaJam Tours","og_url":"https:\/\/www.panajamtours.com\/product\/hotel-gran-hotel-azuero","og_site_name":"PanaJam Tours","article_publisher":"https:\/\/www.facebook.com\/PanaJamTours\/","article_modified_time":"2018-03-28T21:31:19+00:00","og_image":[{"width":1020,"height":680,"url":"https:\/\/www.panajamtours.com\/wp-content\/uploads\/2018\/03\/gran_hotel_azuero_front_entrance-1.jpg","type":"image\/jpeg"}],"twitter_card":"summary_large_image","twitter_site":"@panajamtours","twitter_misc":{"Tiempo de lectura":"1 minuto"},"schema":{"@context":"https:\/\/schema.org","@graph":[{"@type":"WebPage","@id":"https:\/\/www.panajamtours.com\/product\/hotel-gran-hotel-azuero","url":"https:\/\/www.panajamtours.com\/product\/hotel-gran-hotel-azuero","name":"EL GRAN HOTEL AZUERO - PanaJam Tours","isPartOf":{"@id":"https:\/\/www.panajamtours.com\/es\/#website"},"primaryImageOfPage":{"@id":"https:\/\/www.panajamtours.com\/product\/hotel-gran-hotel-azuero#primaryimage"},"image":{"@id":"https:\/\/www.panajamtours.com\/product\/hotel-gran-hotel-azuero#primaryimage"},"thumbnailUrl":"https:\/\/www.panajamtours.com\/wp-content\/uploads\/2018\/03\/gran_hotel_azuero_front_entrance-1.jpg","datePublished":"2018-03-26T22:34:48+00:00","dateModified":"2018-03-28T21:31:19+00:00","breadcrumb":{"@id":"https:\/\/www.panajamtours.com\/product\/hotel-gran-hotel-azuero#breadcrumb"},"inLanguage":"es","potentialAction":[{"@type":"ReadAction","target":["https:\/\/www.panajamtours.com\/product\/hotel-gran-hotel-azuero"]}]},{"@type":"ImageObject","inLanguage":"es","@id":"https:\/\/www.panajamtours.com\/product\/hotel-gran-hotel-azuero#primaryimage","url":"https:\/\/www.panajamtours.com\/wp-content\/uploads\/2018\/03\/gran_hotel_azuero_front_entrance-1.jpg","contentUrl":"https:\/\/www.panajamtours.com\/wp-content\/uploads\/2018\/03\/gran_hotel_azuero_front_entrance-1.jpg","width":1020,"height":680},{"@type":"BreadcrumbList","@id":"https:\/\/www.panajamtours.com\/product\/hotel-gran-hotel-azuero#breadcrumb","itemListElement":[{"@type":"ListItem","position":1,"name":"Home","item":"https:\/\/www.panajamtours.com\/es\/"},{"@type":"ListItem","position":2,"name":"Opciones de vacaciones","item":"https:\/\/www.panajamtours.com\/es\/shop"},{"@type":"ListItem","position":3,"name":"EL GRAN HOTEL AZUERO"}]},{"@type":"WebSite","@id":"https:\/\/www.panajamtours.com\/es\/#website","url":"https:\/\/www.panajamtours.com\/es\/","name":"PanaJam Tours","description":"Agencia de Viajes","publisher":{"@id":"https:\/\/www.panajamtours.com\/es\/#organization"},"potentialAction":[{"@type":"SearchAction","target":{"@type":"EntryPoint","urlTemplate":"https:\/\/www.panajamtours.com\/es\/?s={search_term_string}"},"query-input":{"@type":"PropertyValueSpecification","valueRequired":true,"valueName":"search_term_string"}}],"inLanguage":"es"},{"@type":"Organization","@id":"https:\/\/www.panajamtours.com\/es\/#organization","name":"PanaJam Tours","url":"https:\/\/www.panajamtours.com\/es\/","logo":{"@type":"ImageObject","inLanguage":"es","@id":"https:\/\/www.panajamtours.com\/es\/#\/schema\/logo\/image\/","url":"https:\/\/www.panajamtours.com\/wp-content\/uploads\/2015\/07\/cropped-PanaJamTours-1-e1452391999906.png","contentUrl":"https:\/\/www.panajamtours.com\/wp-content\/uploads\/2015\/07\/cropped-PanaJamTours-1-e1452391999906.png","width":200,"height":166,"caption":"PanaJam Tours"},"image":{"@id":"https:\/\/www.panajamtours.com\/es\/#\/schema\/logo\/image\/"},"sameAs":["https:\/\/www.facebook.com\/PanaJamTours\/","https:\/\/x.com\/panajamtours","https:\/\/www.instagram.com\/PanaJamTours\/"]}]}},"_links":{"self":[{"href":"https:\/\/www.panajamtours.com\/es\/wp-json\/wp\/v2\/product\/4712","targetHints":{"allow":["GET"]}}],"collection":[{"href":"https:\/\/www.panajamtours.com\/es\/wp-json\/wp\/v2\/product"}],"about":[{"href":"https:\/\/www.panajamtours.com\/es\/wp-json\/wp\/v2\/types\/product"}],"wp:featuredmedia":[{"embeddable":true,"href":"https:\/\/www.panajamtours.com\/es\/wp-json\/wp\/v2\/media\/4750"}],"wp:attachment":[{"href":"https:\/\/www.panajamtours.com\/es\/wp-json\/wp\/v2\/media?parent=4712"}],"wp:term":[{"taxonomy":"product_cat","embeddable":true,"href":"https:\/\/www.panajamtours.com\/es\/wp-json\/wp\/v2\/product_cat?post=4712"},{"taxonomy":"product_tag","embeddable":true,"href":"https:\/\/www.panajamtours.com\/es\/wp-json\/wp\/v2\/product_tag?post=4712"}],"curies":[{"name":"wp","href":"https:\/\/api.w.org\/{rel}","templated":true}]}}