{"id":4626,"date":"2018-03-26T15:09:51","date_gmt":"2018-03-26T20:09:51","guid":{"rendered":"http:\/\/www.panajamtours.com\/?post_type=product&#038;p=4626"},"modified":"2018-03-26T15:12:12","modified_gmt":"2018-03-26T20:12:12","slug":"hotel-city-house-los-guayacanes","status":"publish","type":"product","link":"https:\/\/www.panajamtours.com\/es\/product\/hotel-city-house-los-guayacanes","title":{"rendered":"HOTEL CITY HOUSE LOS GUAYACANES"},"content":{"rendered":"<h2 style=\"text-align: center;\"><span style=\"color: #000080;\"><strong>HOTEL CITY HOUSE LOS GUAYACANES<\/strong><\/span><\/h2>\n<h5 style=\"text-align: center;\"><span style=\"color: #000000;\">Situado en Chitr\u00e9, Provincia de Herrera Rep\u00fablica de Panam\u00e1 en plena naturaleza e ideal para disfrutar de unas vacaciones y aventura.<\/span><img loading=\"lazy\" decoding=\"async\" class=\"wp-image-4627 aligncenter lazyload\" data-src=\"http:\/\/www.panajamtours.com\/wp-content\/uploads\/2018\/03\/LOGO_LOS_GUAYACANES.png\" alt=\"\" width=\"251\" height=\"118\" src=\"data:image\/gif;base64,R0lGODlhAQABAAAAACH5BAEKAAEALAAAAAABAAEAAAICTAEAOw==\" style=\"--smush-placeholder-width: 251px; --smush-placeholder-aspect-ratio: 251\/118;\" \/><noscript><img loading=\"lazy\" decoding=\"async\" class=\" wp-image-4627 aligncenter\" src=\"http:\/\/www.panajamtours.com\/wp-content\/uploads\/2018\/03\/LOGO_LOS_GUAYACANES.png\" alt=\"\" width=\"251\" height=\"118\" \/><\/noscript><span style=\"color: #000080;\"><strong>Check in: 3:00 PM\u00a0 \u00a0 \u00a0 Check Out: 1:00 PM<\/strong><\/span><\/h5>\n<h5><\/h5>\n<h5><span style=\"color: #000080;\"><strong>Servicios Principales:<\/strong><\/span><\/h5>\n<h6><span style=\"color: #000000;\">&#8211; Habitaciones\u00a0<\/span><\/h6>\n<h6><span style=\"color: #000000;\">&#8211; Acceso a internet<\/span><\/h6>\n<h6><span style=\"color: #000000;\">&#8211; Restaurante<\/span><\/h6>\n<h6><span style=\"color: #000000;\">&#8211; Casino\u00a0<\/span><\/h6>\n<h6><span style=\"color: #000000;\">&#8211; Limpieza diaria<\/span><\/h6>\n<h6><span style=\"color: #000000;\">&#8211; Parking Gratis<\/span><\/h6>\n<h6><span style=\"color: #000000;\">&#8211; Piscina exterior<\/span><\/h6>\n<h6><span style=\"color: #000000;\">&#8211; Recepci\u00f3n 24h<\/span><\/h6>\n<h6><span style=\"color: #000000;\">&#8211; Salones de reuniones y eventos\u00a0<\/span><\/h6>\n<h6><span style=\"color: #000000;\">&#8211; aire acondicionado<\/span><\/h6>\n<h6><span style=\"color: #000000;\">&#8211; Tenis<\/span><\/h6>\n<h6><span style=\"color: #000000;\">&#8211; Terraza con\u00a0 Wifi<\/span><\/h6>\n<p>&nbsp;<\/p>\n<h5><span style=\"color: #000080;\"><strong>Habitaciones y Suites:\u00a0\u00a0<\/strong><\/span><\/h5>\n<h6><span style=\"color: #000000;\">Rodeadas de un paisaje natural \u00fanico, las habitaciones del Hotel City House Los Guayacanes son ese rinc\u00f3n ideal al que escapar, dejando atr\u00e1s la rutina y dispuestos a abrazar el descanso.<\/span><\/h6>\n<h6><span style=\"color: #000000;\">Todas disponen de: aire acondicionado, ba\u00f1o completo,\u00a0secador, armarios, mesa de trabajo, TV por cable, balc\u00f3n, lavander\u00eda, cafetera.<\/span><\/h6>\n<h6><strong><span style=\"color: #000000;\">Categor\u00edas de habitaciones:\u00a0<\/span><\/strong><\/h6>\n<h6><span style=\"color: #000000;\">&#8211; Habitacion Standard\u00a0<\/span><\/h6>\n<h6><span style=\"color: #000000;\">&#8211; Habitacion Deluxe\u00a0<\/span><\/h6>\n<h6><span style=\"color: #000000;\">&#8211; Habitacion Junior Suite<\/span><\/h6>\n<h6><span style=\"color: #000000;\">&#8211; Habitacion Master Suite\u00a0<\/span><\/h6>\n<p>&nbsp;<\/p>\n<h5><span style=\"color: #000080;\"><strong>Restaurantes:\u00a0<\/strong><\/span><\/h5>\n<h6><span style=\"color: #000000;\">Restaurante Guayacanes:\u00a0ofrecemos un completo men\u00fa en el que podr\u00e1 encontrar los platos y recetas m\u00e1s aut\u00e9nticas de esta hermosa ciudad paname\u00f1a, as\u00ed como divertidos almuerzos para ni\u00f1os y servicios especiales para eventos<\/span><\/h6>\n<h5><\/h5>\n<h5><span style=\"color: #000080;\"><strong>Centro de Reuni\u00f3n y Eventos:\u00a0<\/strong><\/span><\/h5>\n<h6><span style=\"color: #000000;\">Este hotel en Chitr\u00e9 es destacado como alojamiento para bodas y congresos en Panam\u00e1, con atenci\u00f3n personalizada.<\/span><\/h6>\n<p>&nbsp;<\/p>\n<h2 style=\"text-align: center;\"><span style=\"color: #000080;\"><strong>HOTEL CITY HOUSE LOS GUAYACANES<\/strong><\/span><\/h2>\n<p>&nbsp;<\/p>\n<p>&nbsp;<\/p>\n","protected":false},"excerpt":{"rendered":"<h3 style=\"text-align: center;\"><span style=\"color: #000080;\"><strong>Ideal para disfrutar de unas vacaciones y aventura.<\/strong><\/span><\/h3>\n","protected":false},"featured_media":4629,"template":"","meta":[],"product_cat":[244],"product_tag":[134,246,245,103,24],"class_list":{"0":"post-4626","1":"product","2":"type-product","3":"status-publish","4":"has-post-thumbnail","6":"product_cat-herrera","7":"product_tag-gastronomia-panamena","8":"product_tag-herrera","9":"product_tag-hoteles-de-chitre","10":"product_tag-interiorano","11":"product_tag-vacation","13":"first","14":"instock","15":"shipping-taxable","16":"product-type-simple"},"translation":{"provider":"WPGlobus","version":"3.0.0","language":"es","enabled_languages":["en","es"],"languages":{"en":{"title":true,"content":false,"excerpt":false},"es":{"title":true,"content":true,"excerpt":true}}},"yoast_head":"<!-- This site is optimized with the Yoast SEO plugin v23.9 - https:\/\/yoast.com\/wordpress\/plugins\/seo\/ -->\n<title>HOTEL CITY HOUSE LOS GUAYACANES - PanaJam Tours<\/title>\n<meta name=\"robots\" content=\"index, follow, max-snippet:-1, max-image-preview:large, max-video-preview:-1\" \/>\n<link rel=\"canonical\" href=\"https:\/\/www.panajamtours.com\/product\/hotel-city-house-los-guayacanes\" \/>\n<meta property=\"og:locale\" content=\"es_ES\" \/>\n<meta property=\"og:type\" content=\"article\" \/>\n<meta property=\"og:title\" content=\"HOTEL CITY HOUSE LOS GUAYACANES - PanaJam Tours\" \/>\n<meta property=\"og:url\" content=\"https:\/\/www.panajamtours.com\/product\/hotel-city-house-los-guayacanes\" \/>\n<meta property=\"og:site_name\" content=\"PanaJam Tours\" \/>\n<meta property=\"article:publisher\" content=\"https:\/\/www.facebook.com\/PanaJamTours\/\" \/>\n<meta property=\"article:modified_time\" content=\"2018-03-26T20:12:12+00:00\" \/>\n<meta property=\"og:image\" content=\"https:\/\/www.panajamtours.com\/wp-content\/uploads\/2018\/03\/131772603.jpg\" \/>\n\t<meta property=\"og:image:width\" content=\"1024\" \/>\n\t<meta property=\"og:image:height\" content=\"683\" \/>\n\t<meta property=\"og:image:type\" content=\"image\/jpeg\" \/>\n<meta name=\"twitter:card\" content=\"summary_large_image\" \/>\n<meta name=\"twitter:site\" content=\"@panajamtours\" \/>\n<meta name=\"twitter:label1\" content=\"Tiempo de lectura\" \/>\n\t<meta name=\"twitter:data1\" content=\"1 minuto\" \/>\n<script type=\"application\/ld+json\" class=\"yoast-schema-graph\">{\"@context\":\"https:\/\/schema.org\",\"@graph\":[{\"@type\":\"WebPage\",\"@id\":\"https:\/\/www.panajamtours.com\/product\/hotel-city-house-los-guayacanes\",\"url\":\"https:\/\/www.panajamtours.com\/product\/hotel-city-house-los-guayacanes\",\"name\":\"HOTEL CITY HOUSE LOS GUAYACANES - PanaJam Tours\",\"isPartOf\":{\"@id\":\"https:\/\/www.panajamtours.com\/es\/#website\"},\"primaryImageOfPage\":{\"@id\":\"https:\/\/www.panajamtours.com\/product\/hotel-city-house-los-guayacanes#primaryimage\"},\"image\":{\"@id\":\"https:\/\/www.panajamtours.com\/product\/hotel-city-house-los-guayacanes#primaryimage\"},\"thumbnailUrl\":\"https:\/\/www.panajamtours.com\/wp-content\/uploads\/2018\/03\/131772603.jpg\",\"datePublished\":\"2018-03-26T20:09:51+00:00\",\"dateModified\":\"2018-03-26T20:12:12+00:00\",\"breadcrumb\":{\"@id\":\"https:\/\/www.panajamtours.com\/product\/hotel-city-house-los-guayacanes#breadcrumb\"},\"inLanguage\":\"es\",\"potentialAction\":[{\"@type\":\"ReadAction\",\"target\":[\"https:\/\/www.panajamtours.com\/product\/hotel-city-house-los-guayacanes\"]}]},{\"@type\":\"ImageObject\",\"inLanguage\":\"es\",\"@id\":\"https:\/\/www.panajamtours.com\/product\/hotel-city-house-los-guayacanes#primaryimage\",\"url\":\"https:\/\/www.panajamtours.com\/wp-content\/uploads\/2018\/03\/131772603.jpg\",\"contentUrl\":\"https:\/\/www.panajamtours.com\/wp-content\/uploads\/2018\/03\/131772603.jpg\",\"width\":1024,\"height\":683},{\"@type\":\"BreadcrumbList\",\"@id\":\"https:\/\/www.panajamtours.com\/product\/hotel-city-house-los-guayacanes#breadcrumb\",\"itemListElement\":[{\"@type\":\"ListItem\",\"position\":1,\"name\":\"Home\",\"item\":\"https:\/\/www.panajamtours.com\/es\/\"},{\"@type\":\"ListItem\",\"position\":2,\"name\":\"Opciones de vacaciones\",\"item\":\"https:\/\/www.panajamtours.com\/es\/shop\"},{\"@type\":\"ListItem\",\"position\":3,\"name\":\"HOTEL CITY HOUSE LOS GUAYACANES\"}]},{\"@type\":\"WebSite\",\"@id\":\"https:\/\/www.panajamtours.com\/es\/#website\",\"url\":\"https:\/\/www.panajamtours.com\/es\/\",\"name\":\"PanaJam Tours\",\"description\":\"Agencia de Viajes\",\"publisher\":{\"@id\":\"https:\/\/www.panajamtours.com\/es\/#organization\"},\"potentialAction\":[{\"@type\":\"SearchAction\",\"target\":{\"@type\":\"EntryPoint\",\"urlTemplate\":\"https:\/\/www.panajamtours.com\/es\/?s={search_term_string}\"},\"query-input\":{\"@type\":\"PropertyValueSpecification\",\"valueRequired\":true,\"valueName\":\"search_term_string\"}}],\"inLanguage\":\"es\"},{\"@type\":\"Organization\",\"@id\":\"https:\/\/www.panajamtours.com\/es\/#organization\",\"name\":\"PanaJam Tours\",\"url\":\"https:\/\/www.panajamtours.com\/es\/\",\"logo\":{\"@type\":\"ImageObject\",\"inLanguage\":\"es\",\"@id\":\"https:\/\/www.panajamtours.com\/es\/#\/schema\/logo\/image\/\",\"url\":\"https:\/\/www.panajamtours.com\/wp-content\/uploads\/2015\/07\/cropped-PanaJamTours-1-e1452391999906.png\",\"contentUrl\":\"https:\/\/www.panajamtours.com\/wp-content\/uploads\/2015\/07\/cropped-PanaJamTours-1-e1452391999906.png\",\"width\":200,\"height\":166,\"caption\":\"PanaJam Tours\"},\"image\":{\"@id\":\"https:\/\/www.panajamtours.com\/es\/#\/schema\/logo\/image\/\"},\"sameAs\":[\"https:\/\/www.facebook.com\/PanaJamTours\/\",\"https:\/\/x.com\/panajamtours\",\"https:\/\/www.instagram.com\/PanaJamTours\/\"]}]}<\/script>\n<!-- \/ Yoast SEO plugin. -->","yoast_head_json":{"title":"HOTEL CITY HOUSE LOS GUAYACANES - PanaJam Tours","robots":{"index":"index","follow":"follow","max-snippet":"max-snippet:-1","max-image-preview":"max-image-preview:large","max-video-preview":"max-video-preview:-1"},"canonical":"https:\/\/www.panajamtours.com\/product\/hotel-city-house-los-guayacanes","og_locale":"es_ES","og_type":"article","og_title":"HOTEL CITY HOUSE LOS GUAYACANES - PanaJam Tours","og_url":"https:\/\/www.panajamtours.com\/product\/hotel-city-house-los-guayacanes","og_site_name":"PanaJam Tours","article_publisher":"https:\/\/www.facebook.com\/PanaJamTours\/","article_modified_time":"2018-03-26T20:12:12+00:00","og_image":[{"width":1024,"height":683,"url":"https:\/\/www.panajamtours.com\/wp-content\/uploads\/2018\/03\/131772603.jpg","type":"image\/jpeg"}],"twitter_card":"summary_large_image","twitter_site":"@panajamtours","twitter_misc":{"Tiempo de lectura":"1 minuto"},"schema":{"@context":"https:\/\/schema.org","@graph":[{"@type":"WebPage","@id":"https:\/\/www.panajamtours.com\/product\/hotel-city-house-los-guayacanes","url":"https:\/\/www.panajamtours.com\/product\/hotel-city-house-los-guayacanes","name":"HOTEL CITY HOUSE LOS GUAYACANES - PanaJam Tours","isPartOf":{"@id":"https:\/\/www.panajamtours.com\/es\/#website"},"primaryImageOfPage":{"@id":"https:\/\/www.panajamtours.com\/product\/hotel-city-house-los-guayacanes#primaryimage"},"image":{"@id":"https:\/\/www.panajamtours.com\/product\/hotel-city-house-los-guayacanes#primaryimage"},"thumbnailUrl":"https:\/\/www.panajamtours.com\/wp-content\/uploads\/2018\/03\/131772603.jpg","datePublished":"2018-03-26T20:09:51+00:00","dateModified":"2018-03-26T20:12:12+00:00","breadcrumb":{"@id":"https:\/\/www.panajamtours.com\/product\/hotel-city-house-los-guayacanes#breadcrumb"},"inLanguage":"es","potentialAction":[{"@type":"ReadAction","target":["https:\/\/www.panajamtours.com\/product\/hotel-city-house-los-guayacanes"]}]},{"@type":"ImageObject","inLanguage":"es","@id":"https:\/\/www.panajamtours.com\/product\/hotel-city-house-los-guayacanes#primaryimage","url":"https:\/\/www.panajamtours.com\/wp-content\/uploads\/2018\/03\/131772603.jpg","contentUrl":"https:\/\/www.panajamtours.com\/wp-content\/uploads\/2018\/03\/131772603.jpg","width":1024,"height":683},{"@type":"BreadcrumbList","@id":"https:\/\/www.panajamtours.com\/product\/hotel-city-house-los-guayacanes#breadcrumb","itemListElement":[{"@type":"ListItem","position":1,"name":"Home","item":"https:\/\/www.panajamtours.com\/es\/"},{"@type":"ListItem","position":2,"name":"Opciones de vacaciones","item":"https:\/\/www.panajamtours.com\/es\/shop"},{"@type":"ListItem","position":3,"name":"HOTEL CITY HOUSE LOS GUAYACANES"}]},{"@type":"WebSite","@id":"https:\/\/www.panajamtours.com\/es\/#website","url":"https:\/\/www.panajamtours.com\/es\/","name":"PanaJam Tours","description":"Agencia de Viajes","publisher":{"@id":"https:\/\/www.panajamtours.com\/es\/#organization"},"potentialAction":[{"@type":"SearchAction","target":{"@type":"EntryPoint","urlTemplate":"https:\/\/www.panajamtours.com\/es\/?s={search_term_string}"},"query-input":{"@type":"PropertyValueSpecification","valueRequired":true,"valueName":"search_term_string"}}],"inLanguage":"es"},{"@type":"Organization","@id":"https:\/\/www.panajamtours.com\/es\/#organization","name":"PanaJam Tours","url":"https:\/\/www.panajamtours.com\/es\/","logo":{"@type":"ImageObject","inLanguage":"es","@id":"https:\/\/www.panajamtours.com\/es\/#\/schema\/logo\/image\/","url":"https:\/\/www.panajamtours.com\/wp-content\/uploads\/2015\/07\/cropped-PanaJamTours-1-e1452391999906.png","contentUrl":"https:\/\/www.panajamtours.com\/wp-content\/uploads\/2015\/07\/cropped-PanaJamTours-1-e1452391999906.png","width":200,"height":166,"caption":"PanaJam Tours"},"image":{"@id":"https:\/\/www.panajamtours.com\/es\/#\/schema\/logo\/image\/"},"sameAs":["https:\/\/www.facebook.com\/PanaJamTours\/","https:\/\/x.com\/panajamtours","https:\/\/www.instagram.com\/PanaJamTours\/"]}]}},"_links":{"self":[{"href":"https:\/\/www.panajamtours.com\/es\/wp-json\/wp\/v2\/product\/4626","targetHints":{"allow":["GET"]}}],"collection":[{"href":"https:\/\/www.panajamtours.com\/es\/wp-json\/wp\/v2\/product"}],"about":[{"href":"https:\/\/www.panajamtours.com\/es\/wp-json\/wp\/v2\/types\/product"}],"wp:featuredmedia":[{"embeddable":true,"href":"https:\/\/www.panajamtours.com\/es\/wp-json\/wp\/v2\/media\/4629"}],"wp:attachment":[{"href":"https:\/\/www.panajamtours.com\/es\/wp-json\/wp\/v2\/media?parent=4626"}],"wp:term":[{"taxonomy":"product_cat","embeddable":true,"href":"https:\/\/www.panajamtours.com\/es\/wp-json\/wp\/v2\/product_cat?post=4626"},{"taxonomy":"product_tag","embeddable":true,"href":"https:\/\/www.panajamtours.com\/es\/wp-json\/wp\/v2\/product_tag?post=4626"}],"curies":[{"name":"wp","href":"https:\/\/api.w.org\/{rel}","templated":true}]}}