{"id":4586,"date":"2018-02-21T15:15:41","date_gmt":"2018-02-21T20:15:41","guid":{"rendered":"http:\/\/www.panajamtours.com\/?post_type=product&#038;p=4586"},"modified":"2020-07-03T11:30:41","modified_gmt":"2020-07-03T16:30:41","slug":"hotel-casa-congo","status":"publish","type":"product","link":"https:\/\/www.panajamtours.com\/es\/product\/hotel-casa-congo","title":{"rendered":"HOTEL CASA CONGO"},"content":{"rendered":"<h2 style=\"text-align: center;\"><span style=\"color: #800000;\"><strong>HOTEL\u00a0 EL CASA CONGO<\/strong><\/span><\/h2>\n<p style=\"text-align: center;\"><span style=\"color: #800000;\">RESTAURANTE, GALER\u00cdA &amp; ALOJAMIENTO<\/span><\/p>\n<h6 style=\"text-align: center;\"><span style=\"color: #000000;\">Ubicado frente a la Bah\u00eda de Portobelo, Colon Panama\u00a0<\/span><\/h6>\n<h6 style=\"text-align: center;\"><span style=\"color: #000000;\">La Casa Congo es un espacio p\u00fablico, abierto e integrador, construido para ser la sede de talleres de formacion, produccion artesanal y la exaltaci\u00f3n art\u00edstica.<\/span><\/h6>\n<h3 style=\"text-align: center;\"><img loading=\"lazy\" decoding=\"async\" class=\"alignnone size-medium wp-image-4587 lazyload\" data-src=\"http:\/\/www.panajamtours.com\/wp-content\/uploads\/2018\/02\/LOGO_HOTEL_CASA_CONGO-300x113.png\" alt=\"\" width=\"300\" height=\"113\" data-srcset=\"https:\/\/www.panajamtours.com\/wp-content\/uploads\/2018\/02\/LOGO_HOTEL_CASA_CONGO-300x113.png 300w, https:\/\/www.panajamtours.com\/wp-content\/uploads\/2018\/02\/LOGO_HOTEL_CASA_CONGO.png 313w\" data-sizes=\"auto, (max-width: 300px) 100vw, 300px\" src=\"data:image\/gif;base64,R0lGODlhAQABAAAAACH5BAEKAAEALAAAAAABAAEAAAICTAEAOw==\" style=\"--smush-placeholder-width: 300px; --smush-placeholder-aspect-ratio: 300\/113;\" \/><noscript><img loading=\"lazy\" decoding=\"async\" class=\"alignnone size-medium wp-image-4587\" src=\"http:\/\/www.panajamtours.com\/wp-content\/uploads\/2018\/02\/LOGO_HOTEL_CASA_CONGO-300x113.png\" alt=\"\" width=\"300\" height=\"113\" srcset=\"https:\/\/www.panajamtours.com\/wp-content\/uploads\/2018\/02\/LOGO_HOTEL_CASA_CONGO-300x113.png 300w, https:\/\/www.panajamtours.com\/wp-content\/uploads\/2018\/02\/LOGO_HOTEL_CASA_CONGO.png 313w\" sizes=\"auto, (max-width: 300px) 100vw, 300px\" \/><\/noscript><\/h3>\n<p style=\"text-align: center;\"><span style=\"color: #000000;\"><strong>Check In: 3:00 Pm\u00a0 \u00a0Check Out: 12:00 Md<\/strong><\/span><\/p>\n<h6 style=\"text-align: center;\"><span style=\"color: #000000;\"><strong>Esta es una encantadora opci\u00f3n para experimentar unos d\u00edas de tranquilidad en la costa virgen del Caribe.<\/strong><\/span><\/h6>\n<p>&nbsp;<\/p>\n<h5><span style=\"color: #800000;\"><strong>Servicios Principales:\u00a0<\/strong><\/span><\/h5>\n<h6><span style=\"color: #000000;\">&#8211; 4 habitaciones<\/span><\/h6>\n<h6><span style=\"color: #000000;\">&#8211; En la playa<\/span><\/h6>\n<h6><span style=\"color: #000000;\">&#8211; Restaurante<\/span><\/h6>\n<h6><span style=\"color: #000000;\">&#8211; Terraza<\/span><\/h6>\n<h6><span style=\"color: #000000;\">&#8211; aire acondicionado<\/span><\/h6>\n<h6><span style=\"color: #000000;\">&#8211; Servicio de limpieza diario<\/span><\/h6>\n<h6><span style=\"color: #000000;\">&#8211; Recepci\u00f3n<\/span><\/h6>\n<h6><span style=\"color: #000000;\">&#8211; Kayak<\/span><\/h6>\n<h6><span style=\"color: #000000;\">&#8211; Ba\u00f1o privado<\/span><\/h6>\n<h6><span style=\"color: #000000;\">&#8211; Balc\u00f3n o patio<\/span><\/h6>\n<h6><span style=\"color: #000000;\">&#8211;\u00a0 wifi gratis<\/span><\/h6>\n<p>&nbsp;<\/p>\n<h5><span style=\"color: #800000;\"><strong>Habitaciones &amp; Suites:\u00a0<\/strong><\/span><\/h5>\n<h6><span style=\"color: #000000;\">La casa congo cuenta con cuatro habitaciones repletas de identidad y arte local. <\/span><\/h6>\n<h6><span style=\"color: #000000;\">La amarilla &amp; La Suite azul disponen de terrazas privadas en las cuales se puede disfrutar de una \u00fanica y exclusiva vista sobre la bah\u00eda de Portobelo.\u00a0<\/span><\/h6>\n<h6><span style=\"color: #000000;\">Todas las habitaciones de Casa congo cuentan con Ba\u00f1o privado, ventilador, aire acondicionado, mini-nevera.\u00a0<\/span><\/h6>\n<h6><span style=\"color: #000000;\"><strong>Nombres de las habitaciones:\u00a0<\/strong><\/span><\/h6>\n<h6><span style=\"color: #000000;\">&#8211; Reina Congo ( Capacidad Max. 2 pers)<\/span><\/h6>\n<h6><span style=\"color: #000000;\">&#8211; Rey Congo ( Capacidad Max. 2 pers)<\/span><\/h6>\n<h6><span style=\"color: #000000;\">&#8211; Tamborero ( Capacidad Max. 2 pers)<\/span><\/h6>\n<h6><span style=\"color: #000000;\">&#8211; Pajarito ( Capacidad Max. 4 pers)<\/span><\/h6>\n<h6><\/h6>\n<h5><span style=\"color: #800000;\"><strong>Restaurantes:\u00a0<\/strong><\/span><\/h5>\n<h6><span style=\"color: #000000;\">Ven a disfrutar la deliciosa gastronom\u00eda Caribe\u00f1a, elaborada con productos frescos y de calidad.\u00a0 <\/span><\/h6>\n<h6><span style=\"color: #000000;\">Nuestro amplio men\u00fa ofrece una variedad de platos en donde se mezclan la tradici\u00f3n y la cocina moderna.<\/span><\/h6>\n<p>&nbsp;<\/p>\n<h5><span style=\"color: #800000;\"><span style=\"color: #800000;\"><b>Galer\u00eda<\/b><\/span><strong style=\"color: #800000;\">&#8211; Taller<\/strong><\/span><\/h5>\n<h6><span style=\"color: #000000;\">Contamos con una galer\u00eda dedicada a la exposici\u00f3n y la venta producto art\u00edsticos y artesanales portobele\u00f1os: cuadros, fotograf\u00edas, bastones, cer\u00e1micas, piedras, cajas, espejos etc.<\/span><\/h6>\n<p>&nbsp;<\/p>\n<p>&nbsp;<\/p>\n<p>&nbsp;<\/p>\n","protected":false},"excerpt":{"rendered":"<h5 style=\"text-align: center;\"><span style=\"color: #800000;\"><strong>Ubicado frente a la Bah\u00eda de Portobelo, Colon Panama\u00a0<\/strong><\/span><\/h5>\n","protected":false},"featured_media":4588,"template":"","meta":[],"product_cat":[234],"product_tag":[26,228,125,134,238,24],"class_list":{"0":"post-4586","1":"product","2":"type-product","3":"status-publish","4":"has-post-thumbnail","6":"product_cat-colon","7":"product_tag-beach","8":"product_tag-caribe","9":"product_tag-colon","10":"product_tag-gastronomia-panamena","11":"product_tag-hoteles-de-colon","12":"product_tag-vacation","14":"first","15":"instock","16":"shipping-taxable","17":"product-type-simple"},"translation":{"provider":"WPGlobus","version":"3.0.0","language":"es","enabled_languages":["en","es"],"languages":{"en":{"title":true,"content":false,"excerpt":false},"es":{"title":true,"content":true,"excerpt":true}}},"yoast_head":"<!-- This site is optimized with the Yoast SEO plugin v23.9 - https:\/\/yoast.com\/wordpress\/plugins\/seo\/ -->\n<title>HOTEL CASA CONGO  - PanaJam Tours<\/title>\n<meta name=\"robots\" content=\"index, follow, max-snippet:-1, max-image-preview:large, max-video-preview:-1\" \/>\n<link rel=\"canonical\" href=\"https:\/\/www.panajamtours.com\/product\/hotel-casa-congo\" \/>\n<meta property=\"og:locale\" content=\"es_ES\" \/>\n<meta property=\"og:type\" content=\"article\" \/>\n<meta property=\"og:title\" content=\"HOTEL CASA CONGO  - PanaJam Tours\" \/>\n<meta property=\"og:url\" content=\"https:\/\/www.panajamtours.com\/product\/hotel-casa-congo\" \/>\n<meta property=\"og:site_name\" content=\"PanaJam Tours\" \/>\n<meta property=\"article:publisher\" content=\"https:\/\/www.facebook.com\/PanaJamTours\/\" \/>\n<meta property=\"article:modified_time\" content=\"2020-07-03T16:30:41+00:00\" \/>\n<meta property=\"og:image\" content=\"https:\/\/www.panajamtours.com\/wp-content\/uploads\/2018\/02\/24774669_892133047631914_275478964951926859_n.jpg\" \/>\n\t<meta property=\"og:image:width\" content=\"960\" \/>\n\t<meta property=\"og:image:height\" content=\"639\" \/>\n\t<meta property=\"og:image:type\" content=\"image\/jpeg\" \/>\n<meta name=\"twitter:card\" content=\"summary_large_image\" \/>\n<meta name=\"twitter:site\" content=\"@panajamtours\" \/>\n<meta name=\"twitter:label1\" content=\"Tiempo de lectura\" \/>\n\t<meta name=\"twitter:data1\" content=\"1 minuto\" \/>\n<script type=\"application\/ld+json\" class=\"yoast-schema-graph\">{\"@context\":\"https:\/\/schema.org\",\"@graph\":[{\"@type\":\"WebPage\",\"@id\":\"https:\/\/www.panajamtours.com\/product\/hotel-casa-congo\",\"url\":\"https:\/\/www.panajamtours.com\/product\/hotel-casa-congo\",\"name\":\"HOTEL CASA CONGO - PanaJam Tours\",\"isPartOf\":{\"@id\":\"https:\/\/www.panajamtours.com\/es\/#website\"},\"primaryImageOfPage\":{\"@id\":\"https:\/\/www.panajamtours.com\/product\/hotel-casa-congo#primaryimage\"},\"image\":{\"@id\":\"https:\/\/www.panajamtours.com\/product\/hotel-casa-congo#primaryimage\"},\"thumbnailUrl\":\"https:\/\/www.panajamtours.com\/wp-content\/uploads\/2018\/02\/24774669_892133047631914_275478964951926859_n.jpg\",\"datePublished\":\"2018-02-21T20:15:41+00:00\",\"dateModified\":\"2020-07-03T16:30:41+00:00\",\"breadcrumb\":{\"@id\":\"https:\/\/www.panajamtours.com\/product\/hotel-casa-congo#breadcrumb\"},\"inLanguage\":\"es\",\"potentialAction\":[{\"@type\":\"ReadAction\",\"target\":[\"https:\/\/www.panajamtours.com\/product\/hotel-casa-congo\"]}]},{\"@type\":\"ImageObject\",\"inLanguage\":\"es\",\"@id\":\"https:\/\/www.panajamtours.com\/product\/hotel-casa-congo#primaryimage\",\"url\":\"https:\/\/www.panajamtours.com\/wp-content\/uploads\/2018\/02\/24774669_892133047631914_275478964951926859_n.jpg\",\"contentUrl\":\"https:\/\/www.panajamtours.com\/wp-content\/uploads\/2018\/02\/24774669_892133047631914_275478964951926859_n.jpg\",\"width\":960,\"height\":639},{\"@type\":\"BreadcrumbList\",\"@id\":\"https:\/\/www.panajamtours.com\/product\/hotel-casa-congo#breadcrumb\",\"itemListElement\":[{\"@type\":\"ListItem\",\"position\":1,\"name\":\"Home\",\"item\":\"https:\/\/www.panajamtours.com\/es\/\"},{\"@type\":\"ListItem\",\"position\":2,\"name\":\"Opciones de vacaciones\",\"item\":\"https:\/\/www.panajamtours.com\/es\/shop\"},{\"@type\":\"ListItem\",\"position\":3,\"name\":\"HOTEL CASA CONGO\"}]},{\"@type\":\"WebSite\",\"@id\":\"https:\/\/www.panajamtours.com\/es\/#website\",\"url\":\"https:\/\/www.panajamtours.com\/es\/\",\"name\":\"PanaJam Tours\",\"description\":\"Agencia de Viajes\",\"publisher\":{\"@id\":\"https:\/\/www.panajamtours.com\/es\/#organization\"},\"potentialAction\":[{\"@type\":\"SearchAction\",\"target\":{\"@type\":\"EntryPoint\",\"urlTemplate\":\"https:\/\/www.panajamtours.com\/es\/?s={search_term_string}\"},\"query-input\":{\"@type\":\"PropertyValueSpecification\",\"valueRequired\":true,\"valueName\":\"search_term_string\"}}],\"inLanguage\":\"es\"},{\"@type\":\"Organization\",\"@id\":\"https:\/\/www.panajamtours.com\/es\/#organization\",\"name\":\"PanaJam Tours\",\"url\":\"https:\/\/www.panajamtours.com\/es\/\",\"logo\":{\"@type\":\"ImageObject\",\"inLanguage\":\"es\",\"@id\":\"https:\/\/www.panajamtours.com\/es\/#\/schema\/logo\/image\/\",\"url\":\"https:\/\/www.panajamtours.com\/wp-content\/uploads\/2015\/07\/cropped-PanaJamTours-1-e1452391999906.png\",\"contentUrl\":\"https:\/\/www.panajamtours.com\/wp-content\/uploads\/2015\/07\/cropped-PanaJamTours-1-e1452391999906.png\",\"width\":200,\"height\":166,\"caption\":\"PanaJam Tours\"},\"image\":{\"@id\":\"https:\/\/www.panajamtours.com\/es\/#\/schema\/logo\/image\/\"},\"sameAs\":[\"https:\/\/www.facebook.com\/PanaJamTours\/\",\"https:\/\/x.com\/panajamtours\",\"https:\/\/www.instagram.com\/PanaJamTours\/\"]}]}<\/script>\n<!-- \/ Yoast SEO plugin. -->","yoast_head_json":{"title":"HOTEL CASA CONGO  - PanaJam Tours","robots":{"index":"index","follow":"follow","max-snippet":"max-snippet:-1","max-image-preview":"max-image-preview:large","max-video-preview":"max-video-preview:-1"},"canonical":"https:\/\/www.panajamtours.com\/product\/hotel-casa-congo","og_locale":"es_ES","og_type":"article","og_title":"HOTEL CASA CONGO  - PanaJam Tours","og_url":"https:\/\/www.panajamtours.com\/product\/hotel-casa-congo","og_site_name":"PanaJam Tours","article_publisher":"https:\/\/www.facebook.com\/PanaJamTours\/","article_modified_time":"2020-07-03T16:30:41+00:00","og_image":[{"width":960,"height":639,"url":"https:\/\/www.panajamtours.com\/wp-content\/uploads\/2018\/02\/24774669_892133047631914_275478964951926859_n.jpg","type":"image\/jpeg"}],"twitter_card":"summary_large_image","twitter_site":"@panajamtours","twitter_misc":{"Tiempo de lectura":"1 minuto"},"schema":{"@context":"https:\/\/schema.org","@graph":[{"@type":"WebPage","@id":"https:\/\/www.panajamtours.com\/product\/hotel-casa-congo","url":"https:\/\/www.panajamtours.com\/product\/hotel-casa-congo","name":"HOTEL CASA CONGO - PanaJam Tours","isPartOf":{"@id":"https:\/\/www.panajamtours.com\/es\/#website"},"primaryImageOfPage":{"@id":"https:\/\/www.panajamtours.com\/product\/hotel-casa-congo#primaryimage"},"image":{"@id":"https:\/\/www.panajamtours.com\/product\/hotel-casa-congo#primaryimage"},"thumbnailUrl":"https:\/\/www.panajamtours.com\/wp-content\/uploads\/2018\/02\/24774669_892133047631914_275478964951926859_n.jpg","datePublished":"2018-02-21T20:15:41+00:00","dateModified":"2020-07-03T16:30:41+00:00","breadcrumb":{"@id":"https:\/\/www.panajamtours.com\/product\/hotel-casa-congo#breadcrumb"},"inLanguage":"es","potentialAction":[{"@type":"ReadAction","target":["https:\/\/www.panajamtours.com\/product\/hotel-casa-congo"]}]},{"@type":"ImageObject","inLanguage":"es","@id":"https:\/\/www.panajamtours.com\/product\/hotel-casa-congo#primaryimage","url":"https:\/\/www.panajamtours.com\/wp-content\/uploads\/2018\/02\/24774669_892133047631914_275478964951926859_n.jpg","contentUrl":"https:\/\/www.panajamtours.com\/wp-content\/uploads\/2018\/02\/24774669_892133047631914_275478964951926859_n.jpg","width":960,"height":639},{"@type":"BreadcrumbList","@id":"https:\/\/www.panajamtours.com\/product\/hotel-casa-congo#breadcrumb","itemListElement":[{"@type":"ListItem","position":1,"name":"Home","item":"https:\/\/www.panajamtours.com\/es\/"},{"@type":"ListItem","position":2,"name":"Opciones de vacaciones","item":"https:\/\/www.panajamtours.com\/es\/shop"},{"@type":"ListItem","position":3,"name":"HOTEL CASA CONGO"}]},{"@type":"WebSite","@id":"https:\/\/www.panajamtours.com\/es\/#website","url":"https:\/\/www.panajamtours.com\/es\/","name":"PanaJam Tours","description":"Agencia de Viajes","publisher":{"@id":"https:\/\/www.panajamtours.com\/es\/#organization"},"potentialAction":[{"@type":"SearchAction","target":{"@type":"EntryPoint","urlTemplate":"https:\/\/www.panajamtours.com\/es\/?s={search_term_string}"},"query-input":{"@type":"PropertyValueSpecification","valueRequired":true,"valueName":"search_term_string"}}],"inLanguage":"es"},{"@type":"Organization","@id":"https:\/\/www.panajamtours.com\/es\/#organization","name":"PanaJam Tours","url":"https:\/\/www.panajamtours.com\/es\/","logo":{"@type":"ImageObject","inLanguage":"es","@id":"https:\/\/www.panajamtours.com\/es\/#\/schema\/logo\/image\/","url":"https:\/\/www.panajamtours.com\/wp-content\/uploads\/2015\/07\/cropped-PanaJamTours-1-e1452391999906.png","contentUrl":"https:\/\/www.panajamtours.com\/wp-content\/uploads\/2015\/07\/cropped-PanaJamTours-1-e1452391999906.png","width":200,"height":166,"caption":"PanaJam Tours"},"image":{"@id":"https:\/\/www.panajamtours.com\/es\/#\/schema\/logo\/image\/"},"sameAs":["https:\/\/www.facebook.com\/PanaJamTours\/","https:\/\/x.com\/panajamtours","https:\/\/www.instagram.com\/PanaJamTours\/"]}]}},"_links":{"self":[{"href":"https:\/\/www.panajamtours.com\/es\/wp-json\/wp\/v2\/product\/4586","targetHints":{"allow":["GET"]}}],"collection":[{"href":"https:\/\/www.panajamtours.com\/es\/wp-json\/wp\/v2\/product"}],"about":[{"href":"https:\/\/www.panajamtours.com\/es\/wp-json\/wp\/v2\/types\/product"}],"wp:featuredmedia":[{"embeddable":true,"href":"https:\/\/www.panajamtours.com\/es\/wp-json\/wp\/v2\/media\/4588"}],"wp:attachment":[{"href":"https:\/\/www.panajamtours.com\/es\/wp-json\/wp\/v2\/media?parent=4586"}],"wp:term":[{"taxonomy":"product_cat","embeddable":true,"href":"https:\/\/www.panajamtours.com\/es\/wp-json\/wp\/v2\/product_cat?post=4586"},{"taxonomy":"product_tag","embeddable":true,"href":"https:\/\/www.panajamtours.com\/es\/wp-json\/wp\/v2\/product_tag?post=4586"}],"curies":[{"name":"wp","href":"https:\/\/api.w.org\/{rel}","templated":true}]}}