{"id":4519,"date":"2018-02-21T12:24:41","date_gmt":"2018-02-21T17:24:41","guid":{"rendered":"http:\/\/www.panajamtours.com\/?post_type=product&#038;p=4519"},"modified":"2019-05-18T10:17:01","modified_gmt":"2019-05-18T15:17:01","slug":"hotel-el-otro-lado","status":"publish","type":"product","link":"https:\/\/www.panajamtours.com\/es\/product\/hotel-el-otro-lado","title":{"rendered":"HOTEL EL OTRO LADO"},"content":{"rendered":"<h2 style=\"text-align: center;\"><span style=\"color: #993300;\"><strong>HOTEL EL OTRO LADO\u00a0<\/strong><\/span><\/h2>\n<p>&nbsp;<\/p>\n<h6 style=\"text-align: center;\"><span style=\"color: #000000;\">Ubicado en el enclave de la hist\u00f3rica bah\u00eda de Portobelo Colon, Panama<\/span><\/h6>\n<h6 style=\"text-align: center;\"><span style=\"color: #000000;\">Nuestro exclusivo Hotel boutique re\u00fane el dise\u00f1o, la naturaleza, la cultura, la historia de la regi\u00f3n y el lujo para que los hu\u00e9spedes disfruten de estad\u00edas llenas de experiencias inolvidables a la medida.<\/span><\/h6>\n<p><img loading=\"lazy\" decoding=\"async\" class=\"wp-image-4520 aligncenter lazyload\" data-src=\"http:\/\/www.panajamtours.com\/wp-content\/uploads\/2018\/02\/LOGO_EL_OTRO_LADO.png\" alt=\"\" width=\"125\" height=\"139\" src=\"data:image\/gif;base64,R0lGODlhAQABAAAAACH5BAEKAAEALAAAAAABAAEAAAICTAEAOw==\" style=\"--smush-placeholder-width: 125px; --smush-placeholder-aspect-ratio: 125\/139;\" \/><noscript><img loading=\"lazy\" decoding=\"async\" class=\" wp-image-4520 aligncenter\" src=\"http:\/\/www.panajamtours.com\/wp-content\/uploads\/2018\/02\/LOGO_EL_OTRO_LADO.png\" alt=\"\" width=\"125\" height=\"139\" \/><\/noscript><\/p>\n<p style=\"text-align: center;\"><strong><span style=\"color: #000000;\">Check In: 3:00 Pm\u00a0 \u00a0Check Out: 1:00 Pm<\/span><\/strong><\/p>\n<h6 style=\"text-align: center;\"><span style=\"color: #000000;\">Desde El Otro Lado podr\u00e1s aprender de la cultura caribe\u00f1a y espa\u00f1ola de Portobelo, del Cristo Negro, del baile del Congo o visitar los fuertes espa\u00f1oles, visitar las bellas playas de arena blanca a tan solo 30 minutos, realizar avistamiento de aves singulares, caminar por senderos en el bosque tropical, navegar entre los manglares o practicar pesca deportiva.<\/span><\/h6>\n<h5><span style=\"color: #993300;\"><strong>Servicios Principales:\u00a0<\/strong><\/span><\/h5>\n<ul class=\"details\">\n<li>\n<h6><span style=\"color: #000000;\">7 habitaciones<\/span><\/h6>\n<\/li>\n<li>\n<h6><span style=\"color: #000000;\">Cerca de la playa<\/span><\/h6>\n<\/li>\n<li>\n<h6><span style=\"color: #000000;\">Restaurante<\/span><\/h6>\n<\/li>\n<li>\n<h6><span style=\"color: #000000;\">Piscina al aire libre<\/span><\/h6>\n<\/li>\n<li>\n<h6><span style=\"color: #000000;\">Servicios de spa ($)<\/span><\/h6>\n<\/li>\n<li>\n<h6><span style=\"color: #000000;\">Servicio de ni\u00f1era ($)\u00a0<\/span><\/h6>\n<\/li>\n<li>\n<h6><span style=\"color: #000000;\">Terraza<\/span><\/h6>\n<\/li>\n<li>\n<h6><span style=\"color: #000000;\">Aire acondicionado<\/span><\/h6>\n<\/li>\n<li>\n<h6><span style=\"color: #000000;\">Servicio de limpieza diario<\/span><\/h6>\n<\/li>\n<li>\n<h6><span style=\"color: #000000;\">Jard\u00edn<\/span><\/h6>\n<\/li>\n<li>\n<h6><span style=\"color: #000000;\">Caja de seguridad en la recepci\u00f3n<\/span><\/h6>\n<\/li>\n<li>\n<h6><span style=\"color: #000000;\">Servicio de tintorer\u00eda\/lavander\u00eda ($)\u00a0<\/span><\/h6>\n<\/li>\n<li>\n<h6><span style=\"color: #000000;\">Conexi\u00f3n a internet wifi gratis<\/span><\/h6>\n<\/li>\n<li>\n<h6><span style=\"color: #000000;\">Uso de Kayaks<\/span><\/h6>\n<\/li>\n<li>\n<h6><span style=\"color: #000000;\">Servicios de Traslados ( previa reservacion)\u00a0<\/span><\/h6>\n<\/li>\n<\/ul>\n<p>&nbsp;<\/p>\n<h5><span style=\"color: #993300;\"><strong>Habitaciones &amp; Suites:\u00a0<\/strong><\/span><\/h5>\n<h6><span style=\"color: #000000;\">Cada una de las Habitaciones \/o casas cuentan con un motivo decorativo y distribuci\u00f3n \u00fanica en funci\u00f3n de un retiro privado, ofreciendo adem\u00e1s:\u00a0<\/span><\/h6>\n<h6><span style=\"color: #000000;\"> Room Service con cargo adicional, aire acondicionado, televisi\u00f3n con cable, wifi gratis, Balc\u00f3n\u00a0<\/span><\/h6>\n<h6><span style=\"color: #000000;\">\u00a0Habitaciones:\u00a0<\/span><\/h6>\n<h6><span style=\"color: #000000;\">&#8211; Forest House\u00a0<\/span><\/h6>\n<h6><span style=\"color: #000000;\">&#8211; Sea House<\/span><\/h6>\n<h6><span style=\"color: #000000;\">&#8211; Spirit House\u00a0<\/span><\/h6>\n<h6><span style=\"color: #000000;\">&#8211; Sun House<\/span><\/h6>\n<h6><span style=\"color: #000000;\">&#8211; Casa Grande\u00a0<\/span><\/h6>\n<h6><span style=\"color: #000000;\">\u00a0<\/span><\/h6>\n<h5><span style=\"color: #993300;\"><strong>Restaurante &amp; Bar:\u00a0<\/strong><\/span><\/h5>\n<p class=\"rm no-outline\" tabindex=\"-1\">El Otro Lado tiene un restaurante en el lugar se\u00a0sirve platos continental y ofrece servicios de habitacion con horario limitado.<\/p>\n<h2 style=\"text-align: center;\" tabindex=\"-1\"><span style=\"color: #993300;\"><strong>Descubre la belleza natural, hist\u00f3rica y cultural de Portobelo en El Otro Lado Private Retreat.<\/strong><\/span><\/h2>\n<p tabindex=\"-1\">\n","protected":false},"excerpt":{"rendered":"<h5 style=\"text-align: center;\" tabindex=\"-1\"><span style=\"color: #993300;\"><strong>Descubre la belleza natural, hist\u00f3rica y cultural de Portobelo en El Otro Lado Private Retreat.<\/strong><\/span><\/h5>\n","protected":false},"featured_media":4521,"template":"","meta":[],"product_cat":[234],"product_tag":[26,228,125,238,24],"class_list":{"0":"post-4519","1":"product","2":"type-product","3":"status-publish","4":"has-post-thumbnail","6":"product_cat-colon","7":"product_tag-beach","8":"product_tag-caribe","9":"product_tag-colon","10":"product_tag-hoteles-de-colon","11":"product_tag-vacation","13":"first","14":"instock","15":"shipping-taxable","16":"product-type-simple"},"translation":{"provider":"WPGlobus","version":"3.0.0","language":"es","enabled_languages":["en","es"],"languages":{"en":{"title":true,"content":false,"excerpt":false},"es":{"title":true,"content":true,"excerpt":true}}},"yoast_head":"<!-- This site is optimized with the Yoast SEO plugin v23.9 - https:\/\/yoast.com\/wordpress\/plugins\/seo\/ -->\n<title>HOTEL EL OTRO LADO  - PanaJam Tours<\/title>\n<meta name=\"robots\" content=\"index, follow, max-snippet:-1, max-image-preview:large, max-video-preview:-1\" \/>\n<link rel=\"canonical\" href=\"https:\/\/www.panajamtours.com\/product\/hotel-el-otro-lado\" \/>\n<meta property=\"og:locale\" content=\"es_ES\" \/>\n<meta property=\"og:type\" content=\"article\" \/>\n<meta property=\"og:title\" content=\"HOTEL EL OTRO LADO  - PanaJam Tours\" \/>\n<meta property=\"og:url\" content=\"https:\/\/www.panajamtours.com\/product\/hotel-el-otro-lado\" \/>\n<meta property=\"og:site_name\" content=\"PanaJam Tours\" \/>\n<meta property=\"article:publisher\" content=\"https:\/\/www.facebook.com\/PanaJamTours\/\" \/>\n<meta property=\"article:modified_time\" content=\"2019-05-18T15:17:01+00:00\" \/>\n<meta property=\"og:image\" content=\"https:\/\/www.panajamtours.com\/wp-content\/uploads\/2018\/02\/EL_OTRO_LADO_14.png\" \/>\n\t<meta property=\"og:image:width\" content=\"873\" \/>\n\t<meta property=\"og:image:height\" content=\"582\" \/>\n\t<meta property=\"og:image:type\" content=\"image\/png\" \/>\n<meta name=\"twitter:card\" content=\"summary_large_image\" \/>\n<meta name=\"twitter:site\" content=\"@panajamtours\" \/>\n<meta name=\"twitter:label1\" content=\"Tiempo de lectura\" \/>\n\t<meta name=\"twitter:data1\" content=\"1 minuto\" \/>\n<script type=\"application\/ld+json\" class=\"yoast-schema-graph\">{\"@context\":\"https:\/\/schema.org\",\"@graph\":[{\"@type\":\"WebPage\",\"@id\":\"https:\/\/www.panajamtours.com\/product\/hotel-el-otro-lado\",\"url\":\"https:\/\/www.panajamtours.com\/product\/hotel-el-otro-lado\",\"name\":\"HOTEL EL OTRO LADO - PanaJam Tours\",\"isPartOf\":{\"@id\":\"https:\/\/www.panajamtours.com\/es\/#website\"},\"primaryImageOfPage\":{\"@id\":\"https:\/\/www.panajamtours.com\/product\/hotel-el-otro-lado#primaryimage\"},\"image\":{\"@id\":\"https:\/\/www.panajamtours.com\/product\/hotel-el-otro-lado#primaryimage\"},\"thumbnailUrl\":\"https:\/\/www.panajamtours.com\/wp-content\/uploads\/2018\/02\/EL_OTRO_LADO_14.png\",\"datePublished\":\"2018-02-21T17:24:41+00:00\",\"dateModified\":\"2019-05-18T15:17:01+00:00\",\"breadcrumb\":{\"@id\":\"https:\/\/www.panajamtours.com\/product\/hotel-el-otro-lado#breadcrumb\"},\"inLanguage\":\"es\",\"potentialAction\":[{\"@type\":\"ReadAction\",\"target\":[\"https:\/\/www.panajamtours.com\/product\/hotel-el-otro-lado\"]}]},{\"@type\":\"ImageObject\",\"inLanguage\":\"es\",\"@id\":\"https:\/\/www.panajamtours.com\/product\/hotel-el-otro-lado#primaryimage\",\"url\":\"https:\/\/www.panajamtours.com\/wp-content\/uploads\/2018\/02\/EL_OTRO_LADO_14.png\",\"contentUrl\":\"https:\/\/www.panajamtours.com\/wp-content\/uploads\/2018\/02\/EL_OTRO_LADO_14.png\",\"width\":873,\"height\":582},{\"@type\":\"BreadcrumbList\",\"@id\":\"https:\/\/www.panajamtours.com\/product\/hotel-el-otro-lado#breadcrumb\",\"itemListElement\":[{\"@type\":\"ListItem\",\"position\":1,\"name\":\"Home\",\"item\":\"https:\/\/www.panajamtours.com\/es\/\"},{\"@type\":\"ListItem\",\"position\":2,\"name\":\"Opciones de vacaciones\",\"item\":\"https:\/\/www.panajamtours.com\/es\/shop\"},{\"@type\":\"ListItem\",\"position\":3,\"name\":\"HOTEL EL OTRO LADO\"}]},{\"@type\":\"WebSite\",\"@id\":\"https:\/\/www.panajamtours.com\/es\/#website\",\"url\":\"https:\/\/www.panajamtours.com\/es\/\",\"name\":\"PanaJam Tours\",\"description\":\"Agencia de Viajes\",\"publisher\":{\"@id\":\"https:\/\/www.panajamtours.com\/es\/#organization\"},\"potentialAction\":[{\"@type\":\"SearchAction\",\"target\":{\"@type\":\"EntryPoint\",\"urlTemplate\":\"https:\/\/www.panajamtours.com\/es\/?s={search_term_string}\"},\"query-input\":{\"@type\":\"PropertyValueSpecification\",\"valueRequired\":true,\"valueName\":\"search_term_string\"}}],\"inLanguage\":\"es\"},{\"@type\":\"Organization\",\"@id\":\"https:\/\/www.panajamtours.com\/es\/#organization\",\"name\":\"PanaJam Tours\",\"url\":\"https:\/\/www.panajamtours.com\/es\/\",\"logo\":{\"@type\":\"ImageObject\",\"inLanguage\":\"es\",\"@id\":\"https:\/\/www.panajamtours.com\/es\/#\/schema\/logo\/image\/\",\"url\":\"https:\/\/www.panajamtours.com\/wp-content\/uploads\/2015\/07\/cropped-PanaJamTours-1-e1452391999906.png\",\"contentUrl\":\"https:\/\/www.panajamtours.com\/wp-content\/uploads\/2015\/07\/cropped-PanaJamTours-1-e1452391999906.png\",\"width\":200,\"height\":166,\"caption\":\"PanaJam Tours\"},\"image\":{\"@id\":\"https:\/\/www.panajamtours.com\/es\/#\/schema\/logo\/image\/\"},\"sameAs\":[\"https:\/\/www.facebook.com\/PanaJamTours\/\",\"https:\/\/x.com\/panajamtours\",\"https:\/\/www.instagram.com\/PanaJamTours\/\"]}]}<\/script>\n<!-- \/ Yoast SEO plugin. -->","yoast_head_json":{"title":"HOTEL EL OTRO LADO  - PanaJam Tours","robots":{"index":"index","follow":"follow","max-snippet":"max-snippet:-1","max-image-preview":"max-image-preview:large","max-video-preview":"max-video-preview:-1"},"canonical":"https:\/\/www.panajamtours.com\/product\/hotel-el-otro-lado","og_locale":"es_ES","og_type":"article","og_title":"HOTEL EL OTRO LADO  - PanaJam Tours","og_url":"https:\/\/www.panajamtours.com\/product\/hotel-el-otro-lado","og_site_name":"PanaJam Tours","article_publisher":"https:\/\/www.facebook.com\/PanaJamTours\/","article_modified_time":"2019-05-18T15:17:01+00:00","og_image":[{"width":873,"height":582,"url":"https:\/\/www.panajamtours.com\/wp-content\/uploads\/2018\/02\/EL_OTRO_LADO_14.png","type":"image\/png"}],"twitter_card":"summary_large_image","twitter_site":"@panajamtours","twitter_misc":{"Tiempo de lectura":"1 minuto"},"schema":{"@context":"https:\/\/schema.org","@graph":[{"@type":"WebPage","@id":"https:\/\/www.panajamtours.com\/product\/hotel-el-otro-lado","url":"https:\/\/www.panajamtours.com\/product\/hotel-el-otro-lado","name":"HOTEL EL OTRO LADO - PanaJam Tours","isPartOf":{"@id":"https:\/\/www.panajamtours.com\/es\/#website"},"primaryImageOfPage":{"@id":"https:\/\/www.panajamtours.com\/product\/hotel-el-otro-lado#primaryimage"},"image":{"@id":"https:\/\/www.panajamtours.com\/product\/hotel-el-otro-lado#primaryimage"},"thumbnailUrl":"https:\/\/www.panajamtours.com\/wp-content\/uploads\/2018\/02\/EL_OTRO_LADO_14.png","datePublished":"2018-02-21T17:24:41+00:00","dateModified":"2019-05-18T15:17:01+00:00","breadcrumb":{"@id":"https:\/\/www.panajamtours.com\/product\/hotel-el-otro-lado#breadcrumb"},"inLanguage":"es","potentialAction":[{"@type":"ReadAction","target":["https:\/\/www.panajamtours.com\/product\/hotel-el-otro-lado"]}]},{"@type":"ImageObject","inLanguage":"es","@id":"https:\/\/www.panajamtours.com\/product\/hotel-el-otro-lado#primaryimage","url":"https:\/\/www.panajamtours.com\/wp-content\/uploads\/2018\/02\/EL_OTRO_LADO_14.png","contentUrl":"https:\/\/www.panajamtours.com\/wp-content\/uploads\/2018\/02\/EL_OTRO_LADO_14.png","width":873,"height":582},{"@type":"BreadcrumbList","@id":"https:\/\/www.panajamtours.com\/product\/hotel-el-otro-lado#breadcrumb","itemListElement":[{"@type":"ListItem","position":1,"name":"Home","item":"https:\/\/www.panajamtours.com\/es\/"},{"@type":"ListItem","position":2,"name":"Opciones de vacaciones","item":"https:\/\/www.panajamtours.com\/es\/shop"},{"@type":"ListItem","position":3,"name":"HOTEL EL OTRO LADO"}]},{"@type":"WebSite","@id":"https:\/\/www.panajamtours.com\/es\/#website","url":"https:\/\/www.panajamtours.com\/es\/","name":"PanaJam Tours","description":"Agencia de Viajes","publisher":{"@id":"https:\/\/www.panajamtours.com\/es\/#organization"},"potentialAction":[{"@type":"SearchAction","target":{"@type":"EntryPoint","urlTemplate":"https:\/\/www.panajamtours.com\/es\/?s={search_term_string}"},"query-input":{"@type":"PropertyValueSpecification","valueRequired":true,"valueName":"search_term_string"}}],"inLanguage":"es"},{"@type":"Organization","@id":"https:\/\/www.panajamtours.com\/es\/#organization","name":"PanaJam Tours","url":"https:\/\/www.panajamtours.com\/es\/","logo":{"@type":"ImageObject","inLanguage":"es","@id":"https:\/\/www.panajamtours.com\/es\/#\/schema\/logo\/image\/","url":"https:\/\/www.panajamtours.com\/wp-content\/uploads\/2015\/07\/cropped-PanaJamTours-1-e1452391999906.png","contentUrl":"https:\/\/www.panajamtours.com\/wp-content\/uploads\/2015\/07\/cropped-PanaJamTours-1-e1452391999906.png","width":200,"height":166,"caption":"PanaJam Tours"},"image":{"@id":"https:\/\/www.panajamtours.com\/es\/#\/schema\/logo\/image\/"},"sameAs":["https:\/\/www.facebook.com\/PanaJamTours\/","https:\/\/x.com\/panajamtours","https:\/\/www.instagram.com\/PanaJamTours\/"]}]}},"_links":{"self":[{"href":"https:\/\/www.panajamtours.com\/es\/wp-json\/wp\/v2\/product\/4519","targetHints":{"allow":["GET"]}}],"collection":[{"href":"https:\/\/www.panajamtours.com\/es\/wp-json\/wp\/v2\/product"}],"about":[{"href":"https:\/\/www.panajamtours.com\/es\/wp-json\/wp\/v2\/types\/product"}],"wp:featuredmedia":[{"embeddable":true,"href":"https:\/\/www.panajamtours.com\/es\/wp-json\/wp\/v2\/media\/4521"}],"wp:attachment":[{"href":"https:\/\/www.panajamtours.com\/es\/wp-json\/wp\/v2\/media?parent=4519"}],"wp:term":[{"taxonomy":"product_cat","embeddable":true,"href":"https:\/\/www.panajamtours.com\/es\/wp-json\/wp\/v2\/product_cat?post=4519"},{"taxonomy":"product_tag","embeddable":true,"href":"https:\/\/www.panajamtours.com\/es\/wp-json\/wp\/v2\/product_tag?post=4519"}],"curies":[{"name":"wp","href":"https:\/\/api.w.org\/{rel}","templated":true}]}}