{"id":4463,"date":"2018-02-05T16:00:07","date_gmt":"2018-02-05T21:00:07","guid":{"rendered":"http:\/\/www.panajamtours.com\/?post_type=product&#038;p=4463"},"modified":"2020-07-03T11:30:41","modified_gmt":"2020-07-03T16:30:41","slug":"pasadia-guna-yala-cayo-holandeses","status":"publish","type":"product","link":"https:\/\/www.panajamtours.com\/es\/product\/pasadia-guna-yala-cayo-holandeses","title":{"rendered":"PASADIA A GUNA YALA &#8211; CAYO HOLANDESES"},"content":{"rendered":"<h1 style=\"text-align: center;\"><span style=\"color: #000080;\"><strong><u>PASADIA A GUNA YALA- CAYO HOLANDESES.<\/u><\/strong><\/span><\/h1>\n<p><img loading=\"lazy\" decoding=\"async\" class=\"wp-image-4464 aligncenter lazyload\" data-src=\"http:\/\/www.panajamtours.com\/wp-content\/uploads\/2018\/02\/Holland-Cayes-1-jpg-300x180.jpg\" alt=\"\" width=\"383\" height=\"230\" data-srcset=\"https:\/\/www.panajamtours.com\/wp-content\/uploads\/2018\/02\/Holland-Cayes-1-jpg-300x180.jpg 300w, https:\/\/www.panajamtours.com\/wp-content\/uploads\/2018\/02\/Holland-Cayes-1-jpg-1024x614.jpg 1024w, https:\/\/www.panajamtours.com\/wp-content\/uploads\/2018\/02\/Holland-Cayes-1-jpg.jpg 1600w\" data-sizes=\"auto, (max-width: 383px) 100vw, 383px\" src=\"data:image\/gif;base64,R0lGODlhAQABAAAAACH5BAEKAAEALAAAAAABAAEAAAICTAEAOw==\" style=\"--smush-placeholder-width: 383px; --smush-placeholder-aspect-ratio: 383\/230;\" \/><noscript><img loading=\"lazy\" decoding=\"async\" class=\"wp-image-4464 aligncenter\" src=\"http:\/\/www.panajamtours.com\/wp-content\/uploads\/2018\/02\/Holland-Cayes-1-jpg-300x180.jpg\" alt=\"\" width=\"383\" height=\"230\" srcset=\"https:\/\/www.panajamtours.com\/wp-content\/uploads\/2018\/02\/Holland-Cayes-1-jpg-300x180.jpg 300w, https:\/\/www.panajamtours.com\/wp-content\/uploads\/2018\/02\/Holland-Cayes-1-jpg-1024x614.jpg 1024w, https:\/\/www.panajamtours.com\/wp-content\/uploads\/2018\/02\/Holland-Cayes-1-jpg.jpg 1600w\" sizes=\"auto, (max-width: 383px) 100vw, 383px\" \/><\/noscript><\/p>\n<p>&nbsp;<\/p>\n<h5><span style=\"color: #000080;\"><strong>Paquete Incluye:<\/strong><\/span><\/h5>\n<h6><span style=\"color: #000000;\">\u2666 Traslado en 4&#215;4 desde Ciudad de hacia el Puerto de Cart\u00ed (traslado compartido ida y vuelta)<\/span><\/h6>\n<h6><span style=\"color: #000000;\">\u2666 Traslado en lancha desde el puerto Cart\u00ed, con techos y chalecos salvavidas (ida y vuelta)\u00a0<\/span><\/h6>\n<h6><span style=\"color: #000000;\">\u2666 Almuerzos Servidos, Pescado, arroz con coco o patacones y ensaladas.<\/span><\/h6>\n<h6><span style=\"color: #000000;\">\u2666 Impuesto de entrada a la Reserva Comarcal.<\/span><\/h6>\n<h6><span style=\"color: #000000;\">\u2666 Impuesto de Puerto Cart\u00ed.<\/span><\/h6>\n<h6><span style=\"color: #000000;\">\u2666 Impuesto de las Islas Visitadas.<\/span><\/h6>\n<h6><span style=\"color: #000000;\">\u2666 Gu\u00eda Tur\u00edstico Local Guna certificado<\/span><\/h6>\n<h6><span style=\"color: #000000;\">\u2666\u00a0Seguro de Transporte.<\/span><\/h6>\n<p>&nbsp;<\/p>\n<h5><span style=\"color: #000080;\"><strong>Opciones:\u00a0 \u00a0 <\/strong><\/span><\/h5>\n<h6><span style=\"color: #000000;\">En base a disponibilidad al momento del viaje.<\/span><\/h6>\n<h6><span style=\"color: #ff6600;\">A.<\/span><span style=\"color: #000000;\"> Assudub Bibbi o Assudub Dummad, Banedub Bibbi y piscina natural.<\/span><br \/>\n<span style=\"color: #ff6600;\">B.<\/span><span style=\"color: #000000;\"> Assudub Bibbi o Assudub Dummad, Eloguadub y piscina natural.<\/span><br \/>\n<span style=\"color: #ff6600;\">C.<\/span><span style=\"color: #000000;\"> Niadub, Assudub Bibbi, piscina natural.<\/span><\/h6>\n<h6><span style=\"color: #000000;\">\u2666\u00a0 Las islas: Banedub Bibbi, Eloguadub y Walidub son b\u00e1sicamente las islas para almorzar.<\/span><\/h6>\n<hr \/>\n<h5><span style=\"color: #000080;\"><strong>HORARIO: Transporte\u00a04*4 en Servicio compartido<\/strong><\/span><\/h5>\n<h6><span style=\"color: #000000;\"><span style=\"color: #000080;\"><strong>Salida desde Panam\u00e1<\/strong> <\/span>5:00 am &#8211; 5:30 am<\/span><br \/>\n<span style=\"color: #000000;\"><strong><span style=\"color: #000080;\">Salida desde la Isla<\/span> <\/strong>3:30 pm &#8211; Llegada a Panam\u00e1 7:00<\/span><br \/>\n<span style=\"color: #000000;\"><strong><span style=\"color: #000080;\">Tiempo de Viaje:<\/span><\/strong> Desde ciudad de Panam\u00e1 hasta Cart\u00ed y viceversa son aproximadamente: 2.3 horas\u00a0a 3 horas.<\/span><br \/>\n<span style=\"color: #000000;\"><strong><span style=\"color: #000080;\">Distancia del viaje:<\/span><\/strong> Desde ciudad de Panam\u00e1 hasta Cart\u00ed y viceversa son aproximadamente:110Kms (68Millas)<\/span><\/h6>\n<h5><span style=\"color: #000080;\"><strong>NO Incluyen:<\/strong><\/span><\/h5>\n<h6><span style=\"color: #000000;\">\u2666 Bebidas: En las islas se venden bebidas desde US$2.00 c\/u.<\/span><\/h6>\n<h6><span style=\"color: #000000;\">\u2666 Giras a otras islas, que no se encuentren descritas en el paquete seleccionado<\/span><\/h6>\n<h6><span style=\"color: #000000;\">\u2666 Se permite llevar bebidas y bocadillos, no se cobra descorche<\/span><\/h6>\n<h6><span style=\"color: #000000;\">\u2666 Se puede agregar langosta, las mismas se cobran dependiendo del tama\u00f1o de 8.00$ hasta 20.00$ c\/u<\/span><\/h6>\n<h5><\/h5>\n<h5><span style=\"color: #000080;\"><strong>Recomendaciones:<\/strong><\/span><\/h5>\n<h6><span style=\"color: #000000;\">\u2666 Es muy importante llevar el Pasaporte Original o Cedula, ya que por leyes Gunas, no se permite el acceso a la reserva comarcal si no porta su identificaci\u00f3n personal.<\/span><\/h6>\n<h6><span style=\"color: #000000;\">\u2666 Se les recomienda llevar billetes de bajas denominaciones (US$5, US$10, US$20), ya que no hay cajeros autom\u00e1ticos.<\/span><\/h6>\n<h6><span style=\"color: #000000;\">\u2666 Toallas, C\u00e1mara, cambios de ropa, lentes, bloqueador solar, sombrero, zapatos de playa, repelente de insectos, linterna.<\/span><\/h6>\n<h6><span style=\"color: #000000;\">\u2666 S\u00ed es de su agrado, puede llevar su equipo de snorkel, m\u00e1s los tanques de Buceo no se encuentran permitidos.<\/span><\/h6>\n<h6><span style=\"color: #000000;\">\u2666 S\u00ed su mochila, no es impermeable, le recomendamos, guardar sus pertenencias, en una bolsa pl\u00e1stica gruesa y luego colocarla cerrada dentro de su mochila.<\/span><\/h6>\n<h6><span style=\"color: #000000;\">\u2666 Solo se permite una pieza de equipaje por persona.<\/span><\/h6>\n<h5><strong><span style=\"color: #ff6600;\">Observaciones:<\/span><\/strong><\/h5>\n<h6><span style=\"color: #000000;\">1. Todos los paquetes de pasadias en islas de Guna Yala incluyen la recogida en hotel, apartamento, lugar de alojamiento, terminal de transporte en ciudad de panam\u00e1 (ida y vuelta) en autos 4&#215;4 compartidos en total 6 pasajeros por auto.<\/span><\/h6>\n<h6><span style=\"color: #000000;\">2. Los desayunos son t\u00edpicos paname\u00f1os, y los almuerzos son en base a la pesca del d\u00eda. Se incluye pescado o<\/span><br \/>\n<span style=\"color: #000000;\">mariscos mixtos. Precio adicional para langostas, camarones, langostinos.<\/span><\/h6>\n<h6><span style=\"color: #000000;\">3. El impuesto que se cobra a la entrada en la Comarca de San Blas, es un impuesto establecido por la m\u00e1xima autoridad del \u00e1rea de Guna Yala, llamada el Congreso General Kuna (CGK), el mismo es solicitado para el beneficio del Pueblo Ind\u00edgena, para el desarrollo de diversos programas y actividades.<\/span><\/h6>\n<h6><span style=\"color: #000000;\">4. Portar documentos de identidad personal originales, ya sea c\u00e9dula paname\u00f1a \u00f3 pasaporte, sin este requisito no se le permitir\u00e1 el acceso a la Comarca, En el km 19 del \u00e1rea de Guna Yala, est\u00e1n ubicadas las estaciones de Control: de la Polic\u00eda (Senafront) y la del Congreso General Guna (CGK). En la estaci\u00f3n de control de la Polic\u00eda te solicitan mostrar los documentos de identidad personal, esto como medida de control.<\/span><\/h6>\n<h6><span style=\"color: #000000;\">5. Se puede contratar la opci\u00f3n de transporte privado por un costo adicional.<\/span><\/h6>\n<h1><\/h1>\n<h1 style=\"text-align: center;\"><span style=\"color: #000080;\"><strong><u>PASADIA A GUNA YALA- CAYO HOLANDESES.<\/u><\/strong><\/span><\/h1>\n","protected":false},"excerpt":{"rendered":"<h6 style=\"text-align: center;\"><span style=\"color: #000080;\">Los Cayos Holandeses, ubicado al norte del El Porvenir, en el archipi\u00e9lago de San Blas, es una de las playas m\u00e1s intensas. <\/span><\/h6>\n<h6 style=\"text-align: center;\"><span style=\"color: #000080;\">All\u00ed el color turquesa, la inmensidad del mar y el cielo parecieran confundirse en una gama de colores celestes, azules y verdes.<\/span><\/h6>\n","protected":false},"featured_media":4464,"template":"","meta":[],"product_cat":[148],"product_tag":[26,63,38,62,43,37],"class_list":{"0":"post-4463","1":"product","2":"type-product","3":"status-publish","4":"has-post-thumbnail","6":"product_cat-pasadias-de-playa","7":"product_tag-beach","8":"product_tag-day-pass","9":"product_tag-guna-yala","10":"product_tag-pasadia","11":"product_tag-playa","12":"product_tag-san-blas","14":"first","15":"instock","16":"shipping-taxable","17":"product-type-simple"},"translation":{"provider":"WPGlobus","version":"3.0.0","language":"es","enabled_languages":["en","es"],"languages":{"en":{"title":true,"content":false,"excerpt":false},"es":{"title":true,"content":true,"excerpt":true}}},"yoast_head":"<!-- This site is optimized with the Yoast SEO plugin v23.9 - https:\/\/yoast.com\/wordpress\/plugins\/seo\/ -->\n<title>PASADIA A GUNA YALA - CAYO HOLANDESES - PanaJam Tours<\/title>\n<meta name=\"robots\" content=\"index, follow, max-snippet:-1, max-image-preview:large, max-video-preview:-1\" \/>\n<link rel=\"canonical\" href=\"https:\/\/www.panajamtours.com\/product\/pasadia-guna-yala-cayo-holandeses\" \/>\n<meta property=\"og:locale\" content=\"es_ES\" \/>\n<meta property=\"og:type\" content=\"article\" \/>\n<meta property=\"og:title\" content=\"PASADIA A GUNA YALA - CAYO HOLANDESES - PanaJam Tours\" \/>\n<meta property=\"og:url\" content=\"https:\/\/www.panajamtours.com\/product\/pasadia-guna-yala-cayo-holandeses\" \/>\n<meta property=\"og:site_name\" content=\"PanaJam Tours\" \/>\n<meta property=\"article:publisher\" content=\"https:\/\/www.facebook.com\/PanaJamTours\/\" \/>\n<meta property=\"article:modified_time\" content=\"2020-07-03T16:30:41+00:00\" \/>\n<meta property=\"og:image\" content=\"https:\/\/www.panajamtours.com\/wp-content\/uploads\/2018\/02\/Holland-Cayes-1-jpg.jpg\" \/>\n\t<meta property=\"og:image:width\" content=\"1600\" \/>\n\t<meta property=\"og:image:height\" content=\"960\" \/>\n\t<meta property=\"og:image:type\" content=\"image\/jpeg\" \/>\n<meta name=\"twitter:card\" content=\"summary_large_image\" \/>\n<meta name=\"twitter:site\" content=\"@panajamtours\" \/>\n<meta name=\"twitter:label1\" content=\"Tiempo de lectura\" \/>\n\t<meta name=\"twitter:data1\" content=\"3 minutos\" \/>\n<script type=\"application\/ld+json\" class=\"yoast-schema-graph\">{\"@context\":\"https:\/\/schema.org\",\"@graph\":[{\"@type\":\"WebPage\",\"@id\":\"https:\/\/www.panajamtours.com\/product\/pasadia-guna-yala-cayo-holandeses\",\"url\":\"https:\/\/www.panajamtours.com\/product\/pasadia-guna-yala-cayo-holandeses\",\"name\":\"PASADIA A GUNA YALA - CAYO HOLANDESES - PanaJam Tours\",\"isPartOf\":{\"@id\":\"https:\/\/www.panajamtours.com\/es\/#website\"},\"primaryImageOfPage\":{\"@id\":\"https:\/\/www.panajamtours.com\/product\/pasadia-guna-yala-cayo-holandeses#primaryimage\"},\"image\":{\"@id\":\"https:\/\/www.panajamtours.com\/product\/pasadia-guna-yala-cayo-holandeses#primaryimage\"},\"thumbnailUrl\":\"https:\/\/www.panajamtours.com\/wp-content\/uploads\/2018\/02\/Holland-Cayes-1-jpg.jpg\",\"datePublished\":\"2018-02-05T21:00:07+00:00\",\"dateModified\":\"2020-07-03T16:30:41+00:00\",\"breadcrumb\":{\"@id\":\"https:\/\/www.panajamtours.com\/product\/pasadia-guna-yala-cayo-holandeses#breadcrumb\"},\"inLanguage\":\"es\",\"potentialAction\":[{\"@type\":\"ReadAction\",\"target\":[\"https:\/\/www.panajamtours.com\/product\/pasadia-guna-yala-cayo-holandeses\"]}]},{\"@type\":\"ImageObject\",\"inLanguage\":\"es\",\"@id\":\"https:\/\/www.panajamtours.com\/product\/pasadia-guna-yala-cayo-holandeses#primaryimage\",\"url\":\"https:\/\/www.panajamtours.com\/wp-content\/uploads\/2018\/02\/Holland-Cayes-1-jpg.jpg\",\"contentUrl\":\"https:\/\/www.panajamtours.com\/wp-content\/uploads\/2018\/02\/Holland-Cayes-1-jpg.jpg\",\"width\":1600,\"height\":960},{\"@type\":\"BreadcrumbList\",\"@id\":\"https:\/\/www.panajamtours.com\/product\/pasadia-guna-yala-cayo-holandeses#breadcrumb\",\"itemListElement\":[{\"@type\":\"ListItem\",\"position\":1,\"name\":\"Home\",\"item\":\"https:\/\/www.panajamtours.com\/es\/\"},{\"@type\":\"ListItem\",\"position\":2,\"name\":\"Opciones de vacaciones\",\"item\":\"https:\/\/www.panajamtours.com\/es\/shop\"},{\"@type\":\"ListItem\",\"position\":3,\"name\":\"PASADIA A GUNA YALA &#8211; CAYO HOLANDESES\"}]},{\"@type\":\"WebSite\",\"@id\":\"https:\/\/www.panajamtours.com\/es\/#website\",\"url\":\"https:\/\/www.panajamtours.com\/es\/\",\"name\":\"PanaJam Tours\",\"description\":\"Agencia de Viajes\",\"publisher\":{\"@id\":\"https:\/\/www.panajamtours.com\/es\/#organization\"},\"potentialAction\":[{\"@type\":\"SearchAction\",\"target\":{\"@type\":\"EntryPoint\",\"urlTemplate\":\"https:\/\/www.panajamtours.com\/es\/?s={search_term_string}\"},\"query-input\":{\"@type\":\"PropertyValueSpecification\",\"valueRequired\":true,\"valueName\":\"search_term_string\"}}],\"inLanguage\":\"es\"},{\"@type\":\"Organization\",\"@id\":\"https:\/\/www.panajamtours.com\/es\/#organization\",\"name\":\"PanaJam Tours\",\"url\":\"https:\/\/www.panajamtours.com\/es\/\",\"logo\":{\"@type\":\"ImageObject\",\"inLanguage\":\"es\",\"@id\":\"https:\/\/www.panajamtours.com\/es\/#\/schema\/logo\/image\/\",\"url\":\"https:\/\/www.panajamtours.com\/wp-content\/uploads\/2015\/07\/cropped-PanaJamTours-1-e1452391999906.png\",\"contentUrl\":\"https:\/\/www.panajamtours.com\/wp-content\/uploads\/2015\/07\/cropped-PanaJamTours-1-e1452391999906.png\",\"width\":200,\"height\":166,\"caption\":\"PanaJam Tours\"},\"image\":{\"@id\":\"https:\/\/www.panajamtours.com\/es\/#\/schema\/logo\/image\/\"},\"sameAs\":[\"https:\/\/www.facebook.com\/PanaJamTours\/\",\"https:\/\/x.com\/panajamtours\",\"https:\/\/www.instagram.com\/PanaJamTours\/\"]}]}<\/script>\n<!-- \/ Yoast SEO plugin. -->","yoast_head_json":{"title":"PASADIA A GUNA YALA - CAYO HOLANDESES - PanaJam Tours","robots":{"index":"index","follow":"follow","max-snippet":"max-snippet:-1","max-image-preview":"max-image-preview:large","max-video-preview":"max-video-preview:-1"},"canonical":"https:\/\/www.panajamtours.com\/product\/pasadia-guna-yala-cayo-holandeses","og_locale":"es_ES","og_type":"article","og_title":"PASADIA A GUNA YALA - CAYO HOLANDESES - PanaJam Tours","og_url":"https:\/\/www.panajamtours.com\/product\/pasadia-guna-yala-cayo-holandeses","og_site_name":"PanaJam Tours","article_publisher":"https:\/\/www.facebook.com\/PanaJamTours\/","article_modified_time":"2020-07-03T16:30:41+00:00","og_image":[{"width":1600,"height":960,"url":"https:\/\/www.panajamtours.com\/wp-content\/uploads\/2018\/02\/Holland-Cayes-1-jpg.jpg","type":"image\/jpeg"}],"twitter_card":"summary_large_image","twitter_site":"@panajamtours","twitter_misc":{"Tiempo de lectura":"3 minutos"},"schema":{"@context":"https:\/\/schema.org","@graph":[{"@type":"WebPage","@id":"https:\/\/www.panajamtours.com\/product\/pasadia-guna-yala-cayo-holandeses","url":"https:\/\/www.panajamtours.com\/product\/pasadia-guna-yala-cayo-holandeses","name":"PASADIA A GUNA YALA - CAYO HOLANDESES - PanaJam Tours","isPartOf":{"@id":"https:\/\/www.panajamtours.com\/es\/#website"},"primaryImageOfPage":{"@id":"https:\/\/www.panajamtours.com\/product\/pasadia-guna-yala-cayo-holandeses#primaryimage"},"image":{"@id":"https:\/\/www.panajamtours.com\/product\/pasadia-guna-yala-cayo-holandeses#primaryimage"},"thumbnailUrl":"https:\/\/www.panajamtours.com\/wp-content\/uploads\/2018\/02\/Holland-Cayes-1-jpg.jpg","datePublished":"2018-02-05T21:00:07+00:00","dateModified":"2020-07-03T16:30:41+00:00","breadcrumb":{"@id":"https:\/\/www.panajamtours.com\/product\/pasadia-guna-yala-cayo-holandeses#breadcrumb"},"inLanguage":"es","potentialAction":[{"@type":"ReadAction","target":["https:\/\/www.panajamtours.com\/product\/pasadia-guna-yala-cayo-holandeses"]}]},{"@type":"ImageObject","inLanguage":"es","@id":"https:\/\/www.panajamtours.com\/product\/pasadia-guna-yala-cayo-holandeses#primaryimage","url":"https:\/\/www.panajamtours.com\/wp-content\/uploads\/2018\/02\/Holland-Cayes-1-jpg.jpg","contentUrl":"https:\/\/www.panajamtours.com\/wp-content\/uploads\/2018\/02\/Holland-Cayes-1-jpg.jpg","width":1600,"height":960},{"@type":"BreadcrumbList","@id":"https:\/\/www.panajamtours.com\/product\/pasadia-guna-yala-cayo-holandeses#breadcrumb","itemListElement":[{"@type":"ListItem","position":1,"name":"Home","item":"https:\/\/www.panajamtours.com\/es\/"},{"@type":"ListItem","position":2,"name":"Opciones de vacaciones","item":"https:\/\/www.panajamtours.com\/es\/shop"},{"@type":"ListItem","position":3,"name":"PASADIA A GUNA YALA &#8211; CAYO HOLANDESES"}]},{"@type":"WebSite","@id":"https:\/\/www.panajamtours.com\/es\/#website","url":"https:\/\/www.panajamtours.com\/es\/","name":"PanaJam Tours","description":"Agencia de Viajes","publisher":{"@id":"https:\/\/www.panajamtours.com\/es\/#organization"},"potentialAction":[{"@type":"SearchAction","target":{"@type":"EntryPoint","urlTemplate":"https:\/\/www.panajamtours.com\/es\/?s={search_term_string}"},"query-input":{"@type":"PropertyValueSpecification","valueRequired":true,"valueName":"search_term_string"}}],"inLanguage":"es"},{"@type":"Organization","@id":"https:\/\/www.panajamtours.com\/es\/#organization","name":"PanaJam Tours","url":"https:\/\/www.panajamtours.com\/es\/","logo":{"@type":"ImageObject","inLanguage":"es","@id":"https:\/\/www.panajamtours.com\/es\/#\/schema\/logo\/image\/","url":"https:\/\/www.panajamtours.com\/wp-content\/uploads\/2015\/07\/cropped-PanaJamTours-1-e1452391999906.png","contentUrl":"https:\/\/www.panajamtours.com\/wp-content\/uploads\/2015\/07\/cropped-PanaJamTours-1-e1452391999906.png","width":200,"height":166,"caption":"PanaJam Tours"},"image":{"@id":"https:\/\/www.panajamtours.com\/es\/#\/schema\/logo\/image\/"},"sameAs":["https:\/\/www.facebook.com\/PanaJamTours\/","https:\/\/x.com\/panajamtours","https:\/\/www.instagram.com\/PanaJamTours\/"]}]}},"_links":{"self":[{"href":"https:\/\/www.panajamtours.com\/es\/wp-json\/wp\/v2\/product\/4463","targetHints":{"allow":["GET"]}}],"collection":[{"href":"https:\/\/www.panajamtours.com\/es\/wp-json\/wp\/v2\/product"}],"about":[{"href":"https:\/\/www.panajamtours.com\/es\/wp-json\/wp\/v2\/types\/product"}],"wp:featuredmedia":[{"embeddable":true,"href":"https:\/\/www.panajamtours.com\/es\/wp-json\/wp\/v2\/media\/4464"}],"wp:attachment":[{"href":"https:\/\/www.panajamtours.com\/es\/wp-json\/wp\/v2\/media?parent=4463"}],"wp:term":[{"taxonomy":"product_cat","embeddable":true,"href":"https:\/\/www.panajamtours.com\/es\/wp-json\/wp\/v2\/product_cat?post=4463"},{"taxonomy":"product_tag","embeddable":true,"href":"https:\/\/www.panajamtours.com\/es\/wp-json\/wp\/v2\/product_tag?post=4463"}],"curies":[{"name":"wp","href":"https:\/\/api.w.org\/{rel}","templated":true}]}}