{"id":4413,"date":"2018-01-31T11:56:38","date_gmt":"2018-01-31T16:56:38","guid":{"rendered":"http:\/\/www.panajamtours.com\/?post_type=product&#038;p=4413"},"modified":"2018-01-31T12:01:32","modified_gmt":"2018-01-31T17:01:32","slug":"cabanas-iggodub-isla-aguja","status":"publish","type":"product","link":"https:\/\/www.panajamtours.com\/es\/product\/cabanas-iggodub-isla-aguja","title":{"rendered":"CABA\u00d1AS IGGODUB &#8211; ISLA AGUJA"},"content":{"rendered":"<h4 style=\"text-align: center;\"><span style=\"color: #993300;\"><strong>CABA\u00d1AS IGGODUB<\/strong><\/span><\/h4>\n<h4 style=\"text-align: center;\"><span style=\"color: #993300;\"><strong>ISLA AGUJA<\/strong><\/span><\/h4>\n<p><img loading=\"lazy\" decoding=\"async\" class=\"wp-image-4414 aligncenter lazyload\" data-src=\"http:\/\/www.panajamtours.com\/wp-content\/uploads\/2018\/01\/ISLA-AGUJAA-300x205.jpg\" alt=\"\" width=\"218\" height=\"149\" data-srcset=\"https:\/\/www.panajamtours.com\/wp-content\/uploads\/2018\/01\/ISLA-AGUJAA-300x205.jpg 300w, https:\/\/www.panajamtours.com\/wp-content\/uploads\/2018\/01\/ISLA-AGUJAA-1024x701.jpg 1024w\" data-sizes=\"auto, (max-width: 218px) 100vw, 218px\" src=\"data:image\/gif;base64,R0lGODlhAQABAAAAACH5BAEKAAEALAAAAAABAAEAAAICTAEAOw==\" style=\"--smush-placeholder-width: 218px; --smush-placeholder-aspect-ratio: 218\/149;\" \/><noscript><img loading=\"lazy\" decoding=\"async\" class=\" wp-image-4414 aligncenter\" src=\"http:\/\/www.panajamtours.com\/wp-content\/uploads\/2018\/01\/ISLA-AGUJAA-300x205.jpg\" alt=\"\" width=\"218\" height=\"149\" srcset=\"https:\/\/www.panajamtours.com\/wp-content\/uploads\/2018\/01\/ISLA-AGUJAA-300x205.jpg 300w, https:\/\/www.panajamtours.com\/wp-content\/uploads\/2018\/01\/ISLA-AGUJAA-1024x701.jpg 1024w\" sizes=\"auto, (max-width: 218px) 100vw, 218px\" \/><\/noscript><\/p>\n<h6 style=\"text-align: center;\"><span style=\"color: #000000;\"><strong>Check In: 7:00 Am\u00a0 \u00a0 \u00a0 Check Out: 6:30 Am<\/strong><\/span><\/h6>\n<h6 style=\"text-align: center;\"><span style=\"color: #000000;\">Isla Aguja es una hermosa isla ubicada cerca del continente y la ciudad de Carti en Guna Yala San Blas.<\/span><\/h6>\n<h5><span style=\"color: #993300;\"><strong>Servicios principales:\u00a0<\/strong><\/span><\/h5>\n<h6><span style=\"color: #000000;\">\u2666 10 habitaciones<\/span><\/h6>\n<h6><span style=\"color: #000000;\">\u2666 En la playa<\/span><\/h6>\n<h6><span style=\"color: #000000;\">\u2666 Luz Generada por planta electrica\u00a0<\/span><\/h6>\n<h6><span style=\"color: #000000;\">\u2666 Restaurante y bar en la playa<\/span><\/h6>\n<h6><span style=\"color: #000000;\">\u2666 Transporte al aeropuerto ($)<\/span><\/h6>\n<h6><span style=\"color: #000000;\">\u2666 Recepci\u00f3n las 24 horas<\/span><\/h6>\n<h6><span style=\"color: #000000;\">\u2666 Limpieza diaria<\/span><\/h6>\n<h6><span style=\"color: #000000;\">\u2666 Remo \/ pirag\u00fcismo ($)<\/span><\/h6>\n<h6><span style=\"color: #000000;\">\u2666 Excursiones ($)<\/span><\/h6>\n<h6><span style=\"color: #000000;\">\u2666 Abanico<\/span><\/h6>\n<h6><span style=\"color: #000000;\">\u2666 Ba\u00f1o privado con art\u00edculos de higiene<\/span><\/h6>\n<h5><\/h5>\n<h5><span style=\"color: #993300;\"><strong>Habitaciones &amp; Suites:<\/strong><\/span><\/h5>\n<h6><span style=\"color: #000000;\">Tienen caba\u00f1as privadas, caba\u00f1as compartidas de estilo dormitorio y tambi\u00e9n permiten acampar a veces.<\/span><\/h6>\n<h6><span style=\"color: #000000;\">Recomendamos llevar su propia tienda de campa\u00f1a, pero es posible que tambi\u00e9n tengan una en alquiler, pregunte al hacer su reserva.<\/span><\/h6>\n<h6><span style=\"color: #000000;\">&#8211; Cama con colch\u00f3n\u00a0 \u00a0 \u00a0 \u00a0 \u00a0 \u00a0 \u00a0 \u00a0 \u00a0&#8211; Limpieza diaria\u00a0 \u00a0 \u00a0 \u00a0 \u00a0 \u00a0 \u00a0 \u00a0 \u00a0 \u00a0 \u00a0<\/span><\/h6>\n<h6><span style=\"color: #000000;\">&#8211; Ba\u00f1o privado Ducha\u00a0 \u00a0 \u00a0 \u00a0 \u00a0 \u00a0 \u00a0\u00a0&#8211; Camas supletorias ($)\u00a0 \u00a0 \u00a0 \u00a0 \u00a0<\/span><\/h6>\n<h6><span style=\"color: #000000;\">&#8211; Abanico\u00a0<\/span><\/h6>\n<p>&nbsp;<\/p>\n<h5><span style=\"color: #993300;\"><strong>Restaurantes:<\/strong><\/span><\/h5>\n<h6><span style=\"color: #000000;\">Restaurante\u00a0que ofrece cocina internacional y sirve desayunos, almuerzos y cenas.<\/span><\/h6>\n<h6><span style=\"color: #000000;\">Variedad de comida caribe\u00f1a pescado, marisco etc.<\/span><\/h6>\n<p>&nbsp;<\/p>\n<h6><strong><span style=\"color: #000000;\">Entre los atractivos y facilidades de la isla podemos mencionar:<\/span><\/strong><\/h6>\n<h6><span style=\"color: #000000;\">&#8211; Venta de diversas artesan\u00edas Gunas a precios m\u00f3dicos <\/span><\/h6>\n<h6><span style=\"color: #000000;\">&#8211; Espacio recreativo para realizar juegos de voleibol y f\u00fatbol de playa <\/span><\/h6>\n<h6><span style=\"color: #000000;\">&#8211; Luz generada por planta el\u00e9ctrica <\/span><\/h6>\n<h6><span style=\"color: #000000;\">&#8211; Reserva de agua dulce <\/span><\/h6>\n<h6><span style=\"color: #000000;\">&#8211; Ba\u00f1os sanitarios y duchas para todos los visitantes<\/span><\/h6>\n<h6><span style=\"color: #000000;\">&#8211; Practicar snorkeling<\/span><\/h6>\n<p>&nbsp;<\/p>\n<h3 style=\"text-align: center;\"><em><span style=\"color: #993300;\"><strong>CABA\u00d1AS IGGODUB<\/strong><\/span><\/em><\/h3>\n<h3 style=\"text-align: center;\"><em><span style=\"color: #993300;\"><strong>ISLA AGUJA<\/strong><\/span><\/em><\/h3>\n","protected":false},"excerpt":{"rendered":"<h4 style=\"text-align: center;\"><span style=\"color: #993300;\"><strong>Isla Aguja\u00a0<\/strong><\/span><\/h4>\n","protected":false},"featured_media":4415,"template":"","meta":[],"product_cat":[239],"product_tag":[26,228,38,156,37],"class_list":{"0":"post-4413","1":"product","2":"type-product","3":"status-publish","4":"has-post-thumbnail","6":"product_cat-guna-yala","7":"product_tag-beach","8":"product_tag-caribe","9":"product_tag-guna-yala","10":"product_tag-kuna-yala","11":"product_tag-san-blas","13":"first","14":"instock","15":"shipping-taxable","16":"product-type-simple"},"translation":{"provider":"WPGlobus","version":"3.0.0","language":"es","enabled_languages":["en","es"],"languages":{"en":{"title":true,"content":false,"excerpt":false},"es":{"title":true,"content":true,"excerpt":true}}},"yoast_head":"<!-- This site is optimized with the Yoast SEO plugin v23.9 - https:\/\/yoast.com\/wordpress\/plugins\/seo\/ -->\n<title>CABA\u00d1AS IGGODUB - ISLA AGUJA - PanaJam Tours<\/title>\n<meta name=\"robots\" content=\"index, follow, max-snippet:-1, max-image-preview:large, max-video-preview:-1\" \/>\n<link rel=\"canonical\" href=\"https:\/\/www.panajamtours.com\/product\/cabanas-iggodub-isla-aguja\" \/>\n<meta property=\"og:locale\" content=\"es_ES\" \/>\n<meta property=\"og:type\" content=\"article\" \/>\n<meta property=\"og:title\" content=\"CABA\u00d1AS IGGODUB - ISLA AGUJA - PanaJam Tours\" \/>\n<meta property=\"og:url\" content=\"https:\/\/www.panajamtours.com\/product\/cabanas-iggodub-isla-aguja\" \/>\n<meta property=\"og:site_name\" content=\"PanaJam Tours\" \/>\n<meta property=\"article:publisher\" content=\"https:\/\/www.facebook.com\/PanaJamTours\/\" \/>\n<meta property=\"article:modified_time\" content=\"2018-01-31T17:01:32+00:00\" \/>\n<meta property=\"og:image\" content=\"https:\/\/www.panajamtours.com\/wp-content\/uploads\/2018\/01\/img0102.jpg\" \/>\n\t<meta property=\"og:image:width\" content=\"1984\" \/>\n\t<meta property=\"og:image:height\" content=\"1298\" \/>\n\t<meta property=\"og:image:type\" content=\"image\/jpeg\" \/>\n<meta name=\"twitter:card\" content=\"summary_large_image\" \/>\n<meta name=\"twitter:site\" content=\"@panajamtours\" \/>\n<meta name=\"twitter:label1\" content=\"Tiempo de lectura\" \/>\n\t<meta name=\"twitter:data1\" content=\"1 minuto\" \/>\n<script type=\"application\/ld+json\" class=\"yoast-schema-graph\">{\"@context\":\"https:\/\/schema.org\",\"@graph\":[{\"@type\":\"WebPage\",\"@id\":\"https:\/\/www.panajamtours.com\/product\/cabanas-iggodub-isla-aguja\",\"url\":\"https:\/\/www.panajamtours.com\/product\/cabanas-iggodub-isla-aguja\",\"name\":\"CABA\u00d1AS IGGODUB - ISLA AGUJA - PanaJam Tours\",\"isPartOf\":{\"@id\":\"https:\/\/www.panajamtours.com\/es\/#website\"},\"primaryImageOfPage\":{\"@id\":\"https:\/\/www.panajamtours.com\/product\/cabanas-iggodub-isla-aguja#primaryimage\"},\"image\":{\"@id\":\"https:\/\/www.panajamtours.com\/product\/cabanas-iggodub-isla-aguja#primaryimage\"},\"thumbnailUrl\":\"https:\/\/www.panajamtours.com\/wp-content\/uploads\/2018\/01\/img0102.jpg\",\"datePublished\":\"2018-01-31T16:56:38+00:00\",\"dateModified\":\"2018-01-31T17:01:32+00:00\",\"breadcrumb\":{\"@id\":\"https:\/\/www.panajamtours.com\/product\/cabanas-iggodub-isla-aguja#breadcrumb\"},\"inLanguage\":\"es\",\"potentialAction\":[{\"@type\":\"ReadAction\",\"target\":[\"https:\/\/www.panajamtours.com\/product\/cabanas-iggodub-isla-aguja\"]}]},{\"@type\":\"ImageObject\",\"inLanguage\":\"es\",\"@id\":\"https:\/\/www.panajamtours.com\/product\/cabanas-iggodub-isla-aguja#primaryimage\",\"url\":\"https:\/\/www.panajamtours.com\/wp-content\/uploads\/2018\/01\/img0102.jpg\",\"contentUrl\":\"https:\/\/www.panajamtours.com\/wp-content\/uploads\/2018\/01\/img0102.jpg\",\"width\":1984,\"height\":1298},{\"@type\":\"BreadcrumbList\",\"@id\":\"https:\/\/www.panajamtours.com\/product\/cabanas-iggodub-isla-aguja#breadcrumb\",\"itemListElement\":[{\"@type\":\"ListItem\",\"position\":1,\"name\":\"Home\",\"item\":\"https:\/\/www.panajamtours.com\/es\/\"},{\"@type\":\"ListItem\",\"position\":2,\"name\":\"Opciones de vacaciones\",\"item\":\"https:\/\/www.panajamtours.com\/es\/shop\"},{\"@type\":\"ListItem\",\"position\":3,\"name\":\"CABA\u00d1AS IGGODUB &#8211; ISLA AGUJA\"}]},{\"@type\":\"WebSite\",\"@id\":\"https:\/\/www.panajamtours.com\/es\/#website\",\"url\":\"https:\/\/www.panajamtours.com\/es\/\",\"name\":\"PanaJam Tours\",\"description\":\"Agencia de Viajes\",\"publisher\":{\"@id\":\"https:\/\/www.panajamtours.com\/es\/#organization\"},\"potentialAction\":[{\"@type\":\"SearchAction\",\"target\":{\"@type\":\"EntryPoint\",\"urlTemplate\":\"https:\/\/www.panajamtours.com\/es\/?s={search_term_string}\"},\"query-input\":{\"@type\":\"PropertyValueSpecification\",\"valueRequired\":true,\"valueName\":\"search_term_string\"}}],\"inLanguage\":\"es\"},{\"@type\":\"Organization\",\"@id\":\"https:\/\/www.panajamtours.com\/es\/#organization\",\"name\":\"PanaJam Tours\",\"url\":\"https:\/\/www.panajamtours.com\/es\/\",\"logo\":{\"@type\":\"ImageObject\",\"inLanguage\":\"es\",\"@id\":\"https:\/\/www.panajamtours.com\/es\/#\/schema\/logo\/image\/\",\"url\":\"https:\/\/www.panajamtours.com\/wp-content\/uploads\/2015\/07\/cropped-PanaJamTours-1-e1452391999906.png\",\"contentUrl\":\"https:\/\/www.panajamtours.com\/wp-content\/uploads\/2015\/07\/cropped-PanaJamTours-1-e1452391999906.png\",\"width\":200,\"height\":166,\"caption\":\"PanaJam Tours\"},\"image\":{\"@id\":\"https:\/\/www.panajamtours.com\/es\/#\/schema\/logo\/image\/\"},\"sameAs\":[\"https:\/\/www.facebook.com\/PanaJamTours\/\",\"https:\/\/x.com\/panajamtours\",\"https:\/\/www.instagram.com\/PanaJamTours\/\"]}]}<\/script>\n<!-- \/ Yoast SEO plugin. -->","yoast_head_json":{"title":"CABA\u00d1AS IGGODUB - ISLA AGUJA - PanaJam Tours","robots":{"index":"index","follow":"follow","max-snippet":"max-snippet:-1","max-image-preview":"max-image-preview:large","max-video-preview":"max-video-preview:-1"},"canonical":"https:\/\/www.panajamtours.com\/product\/cabanas-iggodub-isla-aguja","og_locale":"es_ES","og_type":"article","og_title":"CABA\u00d1AS IGGODUB - ISLA AGUJA - PanaJam Tours","og_url":"https:\/\/www.panajamtours.com\/product\/cabanas-iggodub-isla-aguja","og_site_name":"PanaJam Tours","article_publisher":"https:\/\/www.facebook.com\/PanaJamTours\/","article_modified_time":"2018-01-31T17:01:32+00:00","og_image":[{"width":1984,"height":1298,"url":"https:\/\/www.panajamtours.com\/wp-content\/uploads\/2018\/01\/img0102.jpg","type":"image\/jpeg"}],"twitter_card":"summary_large_image","twitter_site":"@panajamtours","twitter_misc":{"Tiempo de lectura":"1 minuto"},"schema":{"@context":"https:\/\/schema.org","@graph":[{"@type":"WebPage","@id":"https:\/\/www.panajamtours.com\/product\/cabanas-iggodub-isla-aguja","url":"https:\/\/www.panajamtours.com\/product\/cabanas-iggodub-isla-aguja","name":"CABA\u00d1AS IGGODUB - ISLA AGUJA - PanaJam Tours","isPartOf":{"@id":"https:\/\/www.panajamtours.com\/es\/#website"},"primaryImageOfPage":{"@id":"https:\/\/www.panajamtours.com\/product\/cabanas-iggodub-isla-aguja#primaryimage"},"image":{"@id":"https:\/\/www.panajamtours.com\/product\/cabanas-iggodub-isla-aguja#primaryimage"},"thumbnailUrl":"https:\/\/www.panajamtours.com\/wp-content\/uploads\/2018\/01\/img0102.jpg","datePublished":"2018-01-31T16:56:38+00:00","dateModified":"2018-01-31T17:01:32+00:00","breadcrumb":{"@id":"https:\/\/www.panajamtours.com\/product\/cabanas-iggodub-isla-aguja#breadcrumb"},"inLanguage":"es","potentialAction":[{"@type":"ReadAction","target":["https:\/\/www.panajamtours.com\/product\/cabanas-iggodub-isla-aguja"]}]},{"@type":"ImageObject","inLanguage":"es","@id":"https:\/\/www.panajamtours.com\/product\/cabanas-iggodub-isla-aguja#primaryimage","url":"https:\/\/www.panajamtours.com\/wp-content\/uploads\/2018\/01\/img0102.jpg","contentUrl":"https:\/\/www.panajamtours.com\/wp-content\/uploads\/2018\/01\/img0102.jpg","width":1984,"height":1298},{"@type":"BreadcrumbList","@id":"https:\/\/www.panajamtours.com\/product\/cabanas-iggodub-isla-aguja#breadcrumb","itemListElement":[{"@type":"ListItem","position":1,"name":"Home","item":"https:\/\/www.panajamtours.com\/es\/"},{"@type":"ListItem","position":2,"name":"Opciones de vacaciones","item":"https:\/\/www.panajamtours.com\/es\/shop"},{"@type":"ListItem","position":3,"name":"CABA\u00d1AS IGGODUB &#8211; ISLA AGUJA"}]},{"@type":"WebSite","@id":"https:\/\/www.panajamtours.com\/es\/#website","url":"https:\/\/www.panajamtours.com\/es\/","name":"PanaJam Tours","description":"Agencia de Viajes","publisher":{"@id":"https:\/\/www.panajamtours.com\/es\/#organization"},"potentialAction":[{"@type":"SearchAction","target":{"@type":"EntryPoint","urlTemplate":"https:\/\/www.panajamtours.com\/es\/?s={search_term_string}"},"query-input":{"@type":"PropertyValueSpecification","valueRequired":true,"valueName":"search_term_string"}}],"inLanguage":"es"},{"@type":"Organization","@id":"https:\/\/www.panajamtours.com\/es\/#organization","name":"PanaJam Tours","url":"https:\/\/www.panajamtours.com\/es\/","logo":{"@type":"ImageObject","inLanguage":"es","@id":"https:\/\/www.panajamtours.com\/es\/#\/schema\/logo\/image\/","url":"https:\/\/www.panajamtours.com\/wp-content\/uploads\/2015\/07\/cropped-PanaJamTours-1-e1452391999906.png","contentUrl":"https:\/\/www.panajamtours.com\/wp-content\/uploads\/2015\/07\/cropped-PanaJamTours-1-e1452391999906.png","width":200,"height":166,"caption":"PanaJam Tours"},"image":{"@id":"https:\/\/www.panajamtours.com\/es\/#\/schema\/logo\/image\/"},"sameAs":["https:\/\/www.facebook.com\/PanaJamTours\/","https:\/\/x.com\/panajamtours","https:\/\/www.instagram.com\/PanaJamTours\/"]}]}},"_links":{"self":[{"href":"https:\/\/www.panajamtours.com\/es\/wp-json\/wp\/v2\/product\/4413","targetHints":{"allow":["GET"]}}],"collection":[{"href":"https:\/\/www.panajamtours.com\/es\/wp-json\/wp\/v2\/product"}],"about":[{"href":"https:\/\/www.panajamtours.com\/es\/wp-json\/wp\/v2\/types\/product"}],"wp:featuredmedia":[{"embeddable":true,"href":"https:\/\/www.panajamtours.com\/es\/wp-json\/wp\/v2\/media\/4415"}],"wp:attachment":[{"href":"https:\/\/www.panajamtours.com\/es\/wp-json\/wp\/v2\/media?parent=4413"}],"wp:term":[{"taxonomy":"product_cat","embeddable":true,"href":"https:\/\/www.panajamtours.com\/es\/wp-json\/wp\/v2\/product_cat?post=4413"},{"taxonomy":"product_tag","embeddable":true,"href":"https:\/\/www.panajamtours.com\/es\/wp-json\/wp\/v2\/product_tag?post=4413"}],"curies":[{"name":"wp","href":"https:\/\/api.w.org\/{rel}","templated":true}]}}