{"id":4335,"date":"2018-01-30T11:48:39","date_gmt":"2018-01-30T16:48:39","guid":{"rendered":"http:\/\/www.panajamtours.com\/?post_type=product&#038;p=4335"},"modified":"2020-01-05T20:40:54","modified_gmt":"2020-01-06T01:40:54","slug":"cabanas-yandup-lodge","status":"publish","type":"product","link":"https:\/\/www.panajamtours.com\/es\/product\/cabanas-yandup-lodge","title":{"rendered":"CABA\u00d1AS YANDUP LODGE"},"content":{"rendered":"<h4 style=\"text-align: center;\"><span style=\"color: #780c0c;\"><strong>CABA\u00d1AS YANDUP LODGE<\/strong><\/span><\/h4>\n<h6 style=\"text-align: center;\"><span style=\"color: #000000;\">Yandup Island Lodge se encuentra en una isla privada del archipi\u00e9lago de Guna Yala rodeada de arrecifes de coral con una peque\u00f1a playa de arena blanca y agua cristalina.<\/span><\/h6>\n<h6 style=\"text-align: center;\"><span style=\"color: #000000;\">Se encuentra a cinco minutos de Play\u00f3n Chico.<\/span><\/h6>\n<h6><span style=\"color: #000000;\"><strong><img loading=\"lazy\" decoding=\"async\" class=\"size-full wp-image-4336 aligncenter lazyload\" data-src=\"http:\/\/www.panajamtours.com\/wp-content\/uploads\/2018\/01\/LOGO_YANDUP_LODGE.png\" alt=\"\" width=\"169\" height=\"171\" data-srcset=\"https:\/\/www.panajamtours.com\/wp-content\/uploads\/2018\/01\/LOGO_YANDUP_LODGE.png 169w, https:\/\/www.panajamtours.com\/wp-content\/uploads\/2018\/01\/LOGO_YANDUP_LODGE-50x50.png 50w\" data-sizes=\"auto, (max-width: 169px) 100vw, 169px\" src=\"data:image\/gif;base64,R0lGODlhAQABAAAAACH5BAEKAAEALAAAAAABAAEAAAICTAEAOw==\" style=\"--smush-placeholder-width: 169px; --smush-placeholder-aspect-ratio: 169\/171;\" \/><noscript><img loading=\"lazy\" decoding=\"async\" class=\"size-full wp-image-4336 aligncenter\" src=\"http:\/\/www.panajamtours.com\/wp-content\/uploads\/2018\/01\/LOGO_YANDUP_LODGE.png\" alt=\"\" width=\"169\" height=\"171\" srcset=\"https:\/\/www.panajamtours.com\/wp-content\/uploads\/2018\/01\/LOGO_YANDUP_LODGE.png 169w, https:\/\/www.panajamtours.com\/wp-content\/uploads\/2018\/01\/LOGO_YANDUP_LODGE-50x50.png 50w\" sizes=\"auto, (max-width: 169px) 100vw, 169px\" \/><\/noscript><\/strong><\/span><\/h6>\n<h6 style=\"text-align: center;\"><span style=\"color: #000000;\"><strong>Check In: 7:00 Am\u00a0 \u00a0 \u00a0 \u00a0 Check Out: 6:00 Am<\/strong><\/span><\/h6>\n<h6><span style=\"color: #000000;\">Yandup lodge pertenece a una familia Guna y espa\u00f1ola\u00a0una etnia nativa de la regi\u00f3n que se diferencia por mantener gran parte de sus tradiciones intactas, estilo de vida, cocina y artesan\u00edas dando pas\u00f3 a una estad\u00eda de singular belleza esc\u00e9nica, riqueza cultural y exuberante flora y fauna.\u00a0<\/span><\/h6>\n<h5><span style=\"color: #780c0c;\"><strong>Servicios principales:\u00a0<\/strong><\/span><\/h5>\n<h6><span style=\"color: #000000;\">\u2666 10 habitaciones sobre y frente al mar<\/span><\/h6>\n<h6><span style=\"color: #000000;\">\u2666 En la playa<\/span><\/h6>\n<h6><span style=\"color: #000000;\">\u2666 Restaurante sobre el mar<\/span><\/h6>\n<h6><span style=\"color: #000000;\">\u2666 Terraza<\/span><\/h6>\n<h6><span style=\"color: #000000;\">\u2666 Recepci\u00f3n disponible las 24 horas<\/span><\/h6>\n<h6><span style=\"color: #000000;\">\u2666 Servicio de limpieza diario<\/span><\/h6>\n<h6><span style=\"color: #000000;\">\u2666 Jard\u00edn<\/span><\/h6>\n<h6><span style=\"color: #000000;\">\u2666 Excursiones<\/span><\/h6>\n<h6><span style=\"color: #000000;\">\u2666 Personal multiling\u00fce<\/span><\/h6>\n<h6><span style=\"color: #000000;\">\u2666 Servicios de concierge<\/span><\/h6>\n<h6><span style=\"color: #000000;\">\u2666 Electricidad las 24 horas con paneles solares<\/span><\/h6>\n<h6><span style=\"color: #000000;\">\u2666 Ventilador de techo<\/span><\/h6>\n<h6><span style=\"color: #000000;\">\u2666\u00a0 Ba\u00f1o privado con art\u00edculos de higiene<\/span><\/h6>\n<h6><span style=\"color: #000000;\">\u2666 Manglares, monta\u00f1as y arrecifes\u00a0<\/span><\/h6>\n<p>&nbsp;<\/p>\n<h5><span style=\"color: #780c0c;\"><strong>Habitaciones &amp; Suites:\u00a0<\/strong><\/span><\/h5>\n<h6><span style=\"color: #000000;\">Yandup Lodge ofrece\u00a0seis caba\u00f1as sobre el mar y cuatro caba\u00f1as frente al mar,\u00a0\u00a0rodeadas por un balc\u00f3n y hamacas con una vista incre\u00edble.\u00a0<\/span><\/h6>\n<h6><span style=\"color: #000000;\"><strong>Tipos de Habitaciones:<\/strong> Sencillas, Dobles y triples.<\/span><\/h6>\n<h6><span style=\"color: #000000;\">y se encuentran equipadas con:<\/span><\/h6>\n<h6><span style=\"color: #000000;\">\u00a0&#8211; camas con colchones ortop\u00e9dicos\u00a0 \u00a0 \u00a0 \u00a0 \u00a0 \u00a0 \u00a0 \u00a0 \u00a0 \u00a0 \u00a0 \u00a0 \u00a0 \u00a0 \u00a0 \u00a0 \u00a0 \u00a0 \u00a0 \u00a0 \u00a0 &#8211; mosquiteros<\/span><\/h6>\n<h6><span style=\"color: #000000;\">\u00a0&#8211; ventiladores de techo\u00a0 \u00a0 \u00a0 \u00a0 \u00a0 \u00a0 \u00a0 \u00a0 \u00a0 \u00a0 \u00a0 \u00a0 \u00a0 \u00a0 \u00a0 \u00a0 \u00a0 \u00a0 \u00a0 \u00a0 \u00a0 \u00a0 \u00a0 \u00a0 \u00a0 \u00a0 \u00a0 \u00a0 \u00a0 \u00a0 \u00a0 \u00a0&#8211; luz el\u00e9ctrica con paneles solares<\/span><\/h6>\n<h6><span style=\"color: #000000;\">&#8211; pisos de madera\u00a0 \u00a0 \u00a0 \u00a0 \u00a0 \u00a0 \u00a0 \u00a0 \u00a0 \u00a0 \u00a0 \u00a0 \u00a0 \u00a0 \u00a0 \u00a0 \u00a0 \u00a0 \u00a0 \u00a0 \u00a0 \u00a0 \u00a0 \u00a0 \u00a0 \u00a0 \u00a0 \u00a0 \u00a0 \u00a0 \u00a0 \u00a0 \u00a0 \u00a0 \u00a0 \u00a0&#8211;\u00a0 armarios<\/span><\/h6>\n<h6><span style=\"color: #000000;\">&#8211; mesitas de noche\u00a0 \u00a0 \u00a0 \u00a0 \u00a0 \u00a0 \u00a0 \u00a0 \u00a0 \u00a0 \u00a0 \u00a0 \u00a0 \u00a0 \u00a0 \u00a0 \u00a0 \u00a0 \u00a0 \u00a0 \u00a0 \u00a0 \u00a0 \u00a0 \u00a0 \u00a0 \u00a0 \u00a0 \u00a0 \u00a0 \u00a0 \u00a0 \u00a0 \u00a0 \u00a0&#8211; Ba\u00f1o privado<\/span><\/h6>\n<p>&nbsp;<\/p>\n<h5><span style=\"color: #780c0c;\"><strong>Restaurantes:\u00a0<\/strong><\/span><\/h5>\n<h6><span style=\"color: #000000;\">Yandup Lodge cuenta con un comedor sobre el mar. Disfrute de nuestra fresca comida con mariscos y pescados frescos, con una vista de 180\u00b0 hacia el mar.<\/span><\/h6>\n<h6><span style=\"color: #000000;\">se ofrece men\u00fas especiales donde debe solicitarse con anticipaci\u00f3n.\u00a0\u00a0<\/span><\/h6>\n<h6><span style=\"color: #000000;\">\u00a0<\/span><\/h6>\n<h6><span style=\"color: #000000;\">No puedes dejar pasar la oportunidad de practicar snorkeling recorriendo los arrecifes de coral, navegar en cayucos (canoa tradicional Guna), practicar senderismo en la selva hasta llegar a la relajante cascada o aprender las tradiciones y rituales Guna en una visita hacia el cementerio.<\/span><\/h6>\n<p>&nbsp;<\/p>\n<h6><\/h6>\n<h3 style=\"text-align: center;\"><em><span style=\"color: #780c0c;\"><strong>CABA\u00d1AS YANDUP LODGE<\/strong><\/span><\/em><\/h3>\n","protected":false},"excerpt":{"rendered":"<h5 style=\"text-align: center;\"><span style=\"color: #8c0f0f;\"><strong>Ven a descubrir la belleza incomparable de uno de los destinos predilectos de los amantes del Mar Caribe desde el tradicional<\/strong><\/span><\/h5>\n<h5 style=\"text-align: center;\"><span style=\"color: #8c0f0f;\"><strong> Yandup Island Lodge.<\/strong><\/span><\/h5>\n","protected":false},"featured_media":4339,"template":"","meta":[],"product_cat":[239],"product_tag":[26,240,38,156,43,37],"class_list":{"0":"post-4335","1":"product","2":"type-product","3":"status-publish","4":"has-post-thumbnail","6":"product_cat-guna-yala","7":"product_tag-beach","8":"product_tag-cabanas-guna-yala","9":"product_tag-guna-yala","10":"product_tag-kuna-yala","11":"product_tag-playa","12":"product_tag-san-blas","14":"first","15":"instock","16":"shipping-taxable","17":"product-type-simple"},"translation":{"provider":"WPGlobus","version":"3.0.0","language":"es","enabled_languages":["en","es"],"languages":{"en":{"title":true,"content":false,"excerpt":false},"es":{"title":true,"content":true,"excerpt":true}}},"yoast_head":"<!-- This site is optimized with the Yoast SEO plugin v23.9 - https:\/\/yoast.com\/wordpress\/plugins\/seo\/ -->\n<title>CABA\u00d1AS YANDUP LODGE - PanaJam Tours<\/title>\n<meta name=\"robots\" content=\"index, follow, max-snippet:-1, max-image-preview:large, max-video-preview:-1\" \/>\n<link rel=\"canonical\" href=\"https:\/\/www.panajamtours.com\/product\/cabanas-yandup-lodge\" \/>\n<meta property=\"og:locale\" content=\"es_ES\" \/>\n<meta property=\"og:type\" content=\"article\" \/>\n<meta property=\"og:title\" content=\"CABA\u00d1AS YANDUP LODGE - PanaJam Tours\" \/>\n<meta property=\"og:url\" content=\"https:\/\/www.panajamtours.com\/product\/cabanas-yandup-lodge\" \/>\n<meta property=\"og:site_name\" content=\"PanaJam Tours\" \/>\n<meta property=\"article:publisher\" content=\"https:\/\/www.facebook.com\/PanaJamTours\/\" \/>\n<meta property=\"article:modified_time\" content=\"2020-01-06T01:40:54+00:00\" \/>\n<meta property=\"og:image\" content=\"https:\/\/www.panajamtours.com\/wp-content\/uploads\/2018\/01\/55335504.jpg\" \/>\n\t<meta property=\"og:image:width\" content=\"1024\" \/>\n\t<meta property=\"og:image:height\" content=\"685\" \/>\n\t<meta property=\"og:image:type\" content=\"image\/jpeg\" \/>\n<meta name=\"twitter:card\" content=\"summary_large_image\" \/>\n<meta name=\"twitter:site\" content=\"@panajamtours\" \/>\n<meta name=\"twitter:label1\" content=\"Tiempo de lectura\" \/>\n\t<meta name=\"twitter:data1\" content=\"2 minutos\" \/>\n<script type=\"application\/ld+json\" class=\"yoast-schema-graph\">{\"@context\":\"https:\/\/schema.org\",\"@graph\":[{\"@type\":\"WebPage\",\"@id\":\"https:\/\/www.panajamtours.com\/product\/cabanas-yandup-lodge\",\"url\":\"https:\/\/www.panajamtours.com\/product\/cabanas-yandup-lodge\",\"name\":\"CABA\u00d1AS YANDUP LODGE - PanaJam Tours\",\"isPartOf\":{\"@id\":\"https:\/\/www.panajamtours.com\/es\/#website\"},\"primaryImageOfPage\":{\"@id\":\"https:\/\/www.panajamtours.com\/product\/cabanas-yandup-lodge#primaryimage\"},\"image\":{\"@id\":\"https:\/\/www.panajamtours.com\/product\/cabanas-yandup-lodge#primaryimage\"},\"thumbnailUrl\":\"https:\/\/www.panajamtours.com\/wp-content\/uploads\/2018\/01\/55335504.jpg\",\"datePublished\":\"2018-01-30T16:48:39+00:00\",\"dateModified\":\"2020-01-06T01:40:54+00:00\",\"breadcrumb\":{\"@id\":\"https:\/\/www.panajamtours.com\/product\/cabanas-yandup-lodge#breadcrumb\"},\"inLanguage\":\"es\",\"potentialAction\":[{\"@type\":\"ReadAction\",\"target\":[\"https:\/\/www.panajamtours.com\/product\/cabanas-yandup-lodge\"]}]},{\"@type\":\"ImageObject\",\"inLanguage\":\"es\",\"@id\":\"https:\/\/www.panajamtours.com\/product\/cabanas-yandup-lodge#primaryimage\",\"url\":\"https:\/\/www.panajamtours.com\/wp-content\/uploads\/2018\/01\/55335504.jpg\",\"contentUrl\":\"https:\/\/www.panajamtours.com\/wp-content\/uploads\/2018\/01\/55335504.jpg\",\"width\":1024,\"height\":685},{\"@type\":\"BreadcrumbList\",\"@id\":\"https:\/\/www.panajamtours.com\/product\/cabanas-yandup-lodge#breadcrumb\",\"itemListElement\":[{\"@type\":\"ListItem\",\"position\":1,\"name\":\"Home\",\"item\":\"https:\/\/www.panajamtours.com\/es\/\"},{\"@type\":\"ListItem\",\"position\":2,\"name\":\"Opciones de vacaciones\",\"item\":\"https:\/\/www.panajamtours.com\/es\/shop\"},{\"@type\":\"ListItem\",\"position\":3,\"name\":\"CABA\u00d1AS YANDUP LODGE\"}]},{\"@type\":\"WebSite\",\"@id\":\"https:\/\/www.panajamtours.com\/es\/#website\",\"url\":\"https:\/\/www.panajamtours.com\/es\/\",\"name\":\"PanaJam Tours\",\"description\":\"Agencia de Viajes\",\"publisher\":{\"@id\":\"https:\/\/www.panajamtours.com\/es\/#organization\"},\"potentialAction\":[{\"@type\":\"SearchAction\",\"target\":{\"@type\":\"EntryPoint\",\"urlTemplate\":\"https:\/\/www.panajamtours.com\/es\/?s={search_term_string}\"},\"query-input\":{\"@type\":\"PropertyValueSpecification\",\"valueRequired\":true,\"valueName\":\"search_term_string\"}}],\"inLanguage\":\"es\"},{\"@type\":\"Organization\",\"@id\":\"https:\/\/www.panajamtours.com\/es\/#organization\",\"name\":\"PanaJam Tours\",\"url\":\"https:\/\/www.panajamtours.com\/es\/\",\"logo\":{\"@type\":\"ImageObject\",\"inLanguage\":\"es\",\"@id\":\"https:\/\/www.panajamtours.com\/es\/#\/schema\/logo\/image\/\",\"url\":\"https:\/\/www.panajamtours.com\/wp-content\/uploads\/2015\/07\/cropped-PanaJamTours-1-e1452391999906.png\",\"contentUrl\":\"https:\/\/www.panajamtours.com\/wp-content\/uploads\/2015\/07\/cropped-PanaJamTours-1-e1452391999906.png\",\"width\":200,\"height\":166,\"caption\":\"PanaJam Tours\"},\"image\":{\"@id\":\"https:\/\/www.panajamtours.com\/es\/#\/schema\/logo\/image\/\"},\"sameAs\":[\"https:\/\/www.facebook.com\/PanaJamTours\/\",\"https:\/\/x.com\/panajamtours\",\"https:\/\/www.instagram.com\/PanaJamTours\/\"]}]}<\/script>\n<!-- \/ Yoast SEO plugin. -->","yoast_head_json":{"title":"CABA\u00d1AS YANDUP LODGE - PanaJam Tours","robots":{"index":"index","follow":"follow","max-snippet":"max-snippet:-1","max-image-preview":"max-image-preview:large","max-video-preview":"max-video-preview:-1"},"canonical":"https:\/\/www.panajamtours.com\/product\/cabanas-yandup-lodge","og_locale":"es_ES","og_type":"article","og_title":"CABA\u00d1AS YANDUP LODGE - PanaJam Tours","og_url":"https:\/\/www.panajamtours.com\/product\/cabanas-yandup-lodge","og_site_name":"PanaJam Tours","article_publisher":"https:\/\/www.facebook.com\/PanaJamTours\/","article_modified_time":"2020-01-06T01:40:54+00:00","og_image":[{"width":1024,"height":685,"url":"https:\/\/www.panajamtours.com\/wp-content\/uploads\/2018\/01\/55335504.jpg","type":"image\/jpeg"}],"twitter_card":"summary_large_image","twitter_site":"@panajamtours","twitter_misc":{"Tiempo de lectura":"2 minutos"},"schema":{"@context":"https:\/\/schema.org","@graph":[{"@type":"WebPage","@id":"https:\/\/www.panajamtours.com\/product\/cabanas-yandup-lodge","url":"https:\/\/www.panajamtours.com\/product\/cabanas-yandup-lodge","name":"CABA\u00d1AS YANDUP LODGE - PanaJam Tours","isPartOf":{"@id":"https:\/\/www.panajamtours.com\/es\/#website"},"primaryImageOfPage":{"@id":"https:\/\/www.panajamtours.com\/product\/cabanas-yandup-lodge#primaryimage"},"image":{"@id":"https:\/\/www.panajamtours.com\/product\/cabanas-yandup-lodge#primaryimage"},"thumbnailUrl":"https:\/\/www.panajamtours.com\/wp-content\/uploads\/2018\/01\/55335504.jpg","datePublished":"2018-01-30T16:48:39+00:00","dateModified":"2020-01-06T01:40:54+00:00","breadcrumb":{"@id":"https:\/\/www.panajamtours.com\/product\/cabanas-yandup-lodge#breadcrumb"},"inLanguage":"es","potentialAction":[{"@type":"ReadAction","target":["https:\/\/www.panajamtours.com\/product\/cabanas-yandup-lodge"]}]},{"@type":"ImageObject","inLanguage":"es","@id":"https:\/\/www.panajamtours.com\/product\/cabanas-yandup-lodge#primaryimage","url":"https:\/\/www.panajamtours.com\/wp-content\/uploads\/2018\/01\/55335504.jpg","contentUrl":"https:\/\/www.panajamtours.com\/wp-content\/uploads\/2018\/01\/55335504.jpg","width":1024,"height":685},{"@type":"BreadcrumbList","@id":"https:\/\/www.panajamtours.com\/product\/cabanas-yandup-lodge#breadcrumb","itemListElement":[{"@type":"ListItem","position":1,"name":"Home","item":"https:\/\/www.panajamtours.com\/es\/"},{"@type":"ListItem","position":2,"name":"Opciones de vacaciones","item":"https:\/\/www.panajamtours.com\/es\/shop"},{"@type":"ListItem","position":3,"name":"CABA\u00d1AS YANDUP LODGE"}]},{"@type":"WebSite","@id":"https:\/\/www.panajamtours.com\/es\/#website","url":"https:\/\/www.panajamtours.com\/es\/","name":"PanaJam Tours","description":"Agencia de Viajes","publisher":{"@id":"https:\/\/www.panajamtours.com\/es\/#organization"},"potentialAction":[{"@type":"SearchAction","target":{"@type":"EntryPoint","urlTemplate":"https:\/\/www.panajamtours.com\/es\/?s={search_term_string}"},"query-input":{"@type":"PropertyValueSpecification","valueRequired":true,"valueName":"search_term_string"}}],"inLanguage":"es"},{"@type":"Organization","@id":"https:\/\/www.panajamtours.com\/es\/#organization","name":"PanaJam Tours","url":"https:\/\/www.panajamtours.com\/es\/","logo":{"@type":"ImageObject","inLanguage":"es","@id":"https:\/\/www.panajamtours.com\/es\/#\/schema\/logo\/image\/","url":"https:\/\/www.panajamtours.com\/wp-content\/uploads\/2015\/07\/cropped-PanaJamTours-1-e1452391999906.png","contentUrl":"https:\/\/www.panajamtours.com\/wp-content\/uploads\/2015\/07\/cropped-PanaJamTours-1-e1452391999906.png","width":200,"height":166,"caption":"PanaJam Tours"},"image":{"@id":"https:\/\/www.panajamtours.com\/es\/#\/schema\/logo\/image\/"},"sameAs":["https:\/\/www.facebook.com\/PanaJamTours\/","https:\/\/x.com\/panajamtours","https:\/\/www.instagram.com\/PanaJamTours\/"]}]}},"_links":{"self":[{"href":"https:\/\/www.panajamtours.com\/es\/wp-json\/wp\/v2\/product\/4335","targetHints":{"allow":["GET"]}}],"collection":[{"href":"https:\/\/www.panajamtours.com\/es\/wp-json\/wp\/v2\/product"}],"about":[{"href":"https:\/\/www.panajamtours.com\/es\/wp-json\/wp\/v2\/types\/product"}],"wp:featuredmedia":[{"embeddable":true,"href":"https:\/\/www.panajamtours.com\/es\/wp-json\/wp\/v2\/media\/4339"}],"wp:attachment":[{"href":"https:\/\/www.panajamtours.com\/es\/wp-json\/wp\/v2\/media?parent=4335"}],"wp:term":[{"taxonomy":"product_cat","embeddable":true,"href":"https:\/\/www.panajamtours.com\/es\/wp-json\/wp\/v2\/product_cat?post=4335"},{"taxonomy":"product_tag","embeddable":true,"href":"https:\/\/www.panajamtours.com\/es\/wp-json\/wp\/v2\/product_tag?post=4335"}],"curies":[{"name":"wp","href":"https:\/\/api.w.org\/{rel}","templated":true}]}}