{"id":3965,"date":"2018-01-19T17:10:46","date_gmt":"2018-01-19T22:10:46","guid":{"rendered":"http:\/\/www.panajamtours.com\/?post_type=product&#038;p=3965"},"modified":"2020-07-03T11:30:27","modified_gmt":"2020-07-03T16:30:27","slug":"eclypse-de-mar","status":"publish","type":"product","link":"https:\/\/www.panajamtours.com\/es\/product\/eclypse-de-mar","title":{"rendered":"HOTEL ECLYPSE DE MAR"},"content":{"rendered":"<h4 style=\"text-align: center;\"><span style=\"color: #993300;\"><strong>HOTEL ECLYPSE DE MAR<\/strong><\/span><span style=\"color: #993300;\"><strong> ACQUA LODGE<\/strong><\/span><\/h4>\n<h6 style=\"text-align: center;\"><span style=\"color: #000000;\">El Eclypse de Mar Acqua Lodge se encuentra en Bastimentos Bocas del Toro<\/span><\/h6>\n<h6 style=\"text-align: center;\"><span style=\"color: #000000;\">Estamos comprometidos con el medio ambiente y su biodiversidad.<\/span><\/h6>\n<p><img loading=\"lazy\" decoding=\"async\" class=\"wp-image-3966 aligncenter lazyload\" data-src=\"http:\/\/www.panajamtours.com\/wp-content\/uploads\/2018\/01\/LOGO-ECLYPSE-DE-MAR.jpg\" alt=\"\" width=\"80\" height=\"131\" src=\"data:image\/gif;base64,R0lGODlhAQABAAAAACH5BAEKAAEALAAAAAABAAEAAAICTAEAOw==\" style=\"--smush-placeholder-width: 80px; --smush-placeholder-aspect-ratio: 80\/131;\" \/><noscript><img loading=\"lazy\" decoding=\"async\" class=\" wp-image-3966 aligncenter\" src=\"http:\/\/www.panajamtours.com\/wp-content\/uploads\/2018\/01\/LOGO-ECLYPSE-DE-MAR.jpg\" alt=\"\" width=\"80\" height=\"131\" \/><\/noscript><\/p>\n<h6 style=\"text-align: center;\"><span style=\"color: #000000;\"><strong>Check In: 1:00 md\u00a0 Check Out: 11:00 am<\/strong><\/span><\/h6>\n<h6><span style=\"color: #000000;\">Eclypse de Mar, construido con maderas aut\u00f3ctonas de la regi\u00f3n, acabados de alta calidad y una arquitectura de estilo caribe\u00f1o.<\/span><\/h6>\n<h5><span style=\"color: #993300;\"><strong>Servicios principales:\u00a0<\/strong><\/span><\/h5>\n<h6><span style=\"color: #000000;\">\u2666 9 habitaciones<\/span><\/h6>\n<h6><span style=\"color: #000000;\">\u2666 Marina\/club n\u00e1utico<\/span><\/h6>\n<h6><span style=\"color: #000000;\">\u2666 Restaurante<\/span><\/h6>\n<h6><span style=\"color: #000000;\">\u2666 Terraza<\/span><\/h6>\n<h6><span style=\"color: #000000;\">\u2666 Servicio de limpieza diario<\/span><\/h6>\n<h6><span style=\"color: #000000;\">\u2666 Jard\u00edn<\/span><\/h6>\n<h6><span style=\"color: #000000;\">\u2666 Sala de juegos electr\u00f3nicos o de mesa<\/span><\/h6>\n<h6><span style=\"color: #000000;\">\u2666 Personal multiling\u00fce<\/span><\/h6>\n<h6><span style=\"color: #000000;\">\u2666 Servicios de concierge<\/span><\/h6>\n<h6><span style=\"color: #000000;\">\u2666 Tienda de recuerdos o quiosco<\/span><\/h6>\n<h6><span style=\"color: #000000;\">\u2666 \u00c1rea de picnic<\/span><\/h6>\n<h6><span style=\"color: #000000;\">\u2666 Resguardo de equipaje<\/span><\/h6>\n<h6><span style=\"color: #000000;\">\u2666 Desayuno continental gratis y wifi gratis<\/span><\/h6>\n<p>&nbsp;<\/p>\n<h5><span style=\"color: #993300;\"><strong>Bungalow &amp; Habitaciones:\u00a0\u00a0<\/strong><\/span><\/h5>\n<h6><span style=\"color: #000000;\"><strong>Bungalow:<\/strong> con 7 exclusivos bungalows individuales, cuidadosamente decorados y construidos sobre el mar.\u00a0<\/span><\/h6>\n<h6><span style=\"color: #000000;\">Se encuentran muy bien orientados privilegiando una vista \u00fanica de los mejores atardeceres de Bocas. Adem\u00e1s de unos paneles de cristal ubicados en el piso, que permiten observar la vida marina justo debajo de sus pies desde el interior del Bungalow.<\/span><\/h6>\n<h6><span style=\"color: #000000;\">Nuestro Bungalows Cuentan con:<\/span><\/h6>\n<h6><span style=\"color: #000000;\">&#8211;\u00a0\u00a0terraza privada\u00a0 \u00a0 \u00a0 \u00a0 \u00a0 \u00a0 \u00a0 \u00a0 \u00a0 \u00a0 \u00a0 \u00a0 \u00a0 \u00a0 \u00a0 \u00a0 \u00a0 \u00a0 \u00a0 \u00a0 &#8211;\u00a0 ba\u00f1o privado<\/span><\/h6>\n<h6><span style=\"color: #000000;\">&#8211; agua caliente\u00a0 \u00a0 \u00a0 \u00a0 \u00a0 \u00a0 \u00a0 \u00a0 \u00a0 \u00a0 \u00a0 \u00a0 \u00a0 \u00a0 \u00a0 \u00a0 \u00a0 \u00a0 \u00a0 \u00a0 \u00a0 \u00a0&#8211; abanicos<\/span><\/h6>\n<h6><span style=\"color: #000000;\">&#8211; hamacas\u00a0 \u00a0 \u00a0 \u00a0 \u00a0 \u00a0 \u00a0 \u00a0 \u00a0 \u00a0 \u00a0 \u00a0 \u00a0 \u00a0 \u00a0 \u00a0 \u00a0 \u00a0 \u00a0 \u00a0 \u00a0 \u00a0 \u00a0 \u00a0 \u00a0 &#8211; sillas para tomar sol<\/span><\/h6>\n<h6><span style=\"color: #000000;\">&#8211; Wi-Fi inal\u00e1mbrico\u00a0 \u00a0 \u00a0 \u00a0 \u00a0 \u00a0 \u00a0 \u00a0 \u00a0 \u00a0 \u00a0 \u00a0 \u00a0 \u00a0 \u00a0 \u00a0 \u00a0 \u00a0 \u00a0&#8211;\u00a0 servicio de habitaci\u00f3n.<\/span><\/h6>\n<h6><span style=\"color: #000000;\"><strong>Habitaciones:<\/strong> Nuestras 2 Habitaciones son Standard las cuales est\u00e1n localizadas al frente del edificio principal, tambi\u00e9n sobre el agua.<\/span><\/h6>\n<p><span style=\"color: #000000;\">Nuestras\u00a0 Habitaciones cuentan con:<\/span><\/p>\n<h6><span style=\"color: #000000;\">\u00a0&#8211; cama Queen size\u00a0 \u00a0 \u00a0 \u00a0 \u00a0 \u00a0 \u00a0 \u00a0 \u00a0 \u00a0 \u00a0 \u00a0 \u00a0 \u00a0 \u00a0 \u00a0 \u00a0 \u00a0 \u00a0&#8211; ventilador de techo,<\/span><\/h6>\n<h6><span style=\"color: #000000;\">\u00a0&#8211; ba\u00f1o privado con agua caliente\u00a0 \u00a0 \u00a0 \u00a0 \u00a0 \u00a0 \u00a0 \u00a0&#8211; balc\u00f3n privado sobre el mar\u00a0 \u00a0 \u00a0 <\/span><\/h6>\n<h6><span style=\"color: #000000;\">\u00a0&#8211;\u00a0hamaca\u00a0<\/span><\/h6>\n<h6><span style=\"color: #000000;\"><strong>Las Habitaciones NO Cuentan Con <\/strong><\/span><\/h6>\n<h6><span style=\"color: #000000;\">\u25ca Aire Acondicionado<\/span><\/h6>\n<h6><span style=\"color: #000000;\">\u25ca secadores de cabello NO est\u00e1n permitidos<\/span><\/h6>\n<p>&nbsp;<\/p>\n<h5><span style=\"color: #993300;\"><strong>Restaurantes:\u00a0<\/strong><\/span><\/h5>\n<h6><span style=\"color: #000000;\">Eclypse de Mar cuenta con un restaurante exclusivo localizado en una terraza sobre el mar y ofrece sus servicios durante los 6 dias a la semana, usted podr\u00e1 apreciar una espectacular vista y diversos platos elaborados con productos frescos de la regi\u00f3n. <\/span><\/h6>\n<h6><span style=\"color: #000000;\">Entradas, Frutos del mar, Pastas, postres elaborados artesanalmente, exquisitos vinos y cocktails.<\/span><\/h6>\n<p>&nbsp;<\/p>\n<h6><strong><span style=\"color: #993300;\">Energ\u00eda Sustentable:<\/span><br \/>\n<\/strong><br \/>\n<span style=\"color: #000000;\">En\u00a0Eclypse de Mar Acqua Lodge\u00a0la electricidad proviene de Paneles Solares es por esa raz\u00f3n que se ofrece electricidad en los Bungalows.<\/span><\/h6>\n<p>&nbsp;<\/p>\n<h4 style=\"text-align: center;\"><em><span style=\"color: #993300;\"><strong>HOTEL ECLYPSE DE MAR<\/strong><\/span><span style=\"color: #993300;\"><strong> ACQUA LODGE<\/strong><\/span><\/em><\/h4>\n<p>&nbsp;<\/p>\n","protected":false},"excerpt":{"rendered":"<h4 style=\"text-align: center;\"><span style=\"color: #993300;\"><strong>Vistas \u00fanica de los mejores atardeceres de Bocas<\/strong><\/span><\/h4>\n","protected":false},"featured_media":3967,"template":"","meta":[],"product_cat":[232],"product_tag":[26,25,228,230,24],"class_list":{"0":"post-3965","1":"product","2":"type-product","3":"status-publish","4":"has-post-thumbnail","6":"product_cat-bocas-del-toro-hotels","7":"product_tag-beach","8":"product_tag-bocas-del-toro","9":"product_tag-caribe","10":"product_tag-hoteles-del-caribe","11":"product_tag-vacation","13":"first","14":"instock","15":"shipping-taxable","16":"product-type-simple"},"translation":{"provider":"WPGlobus","version":"3.0.0","language":"es","enabled_languages":["en","es"],"languages":{"en":{"title":true,"content":false,"excerpt":false},"es":{"title":true,"content":true,"excerpt":true}}},"yoast_head":"<!-- This site is optimized with the Yoast SEO plugin v23.9 - https:\/\/yoast.com\/wordpress\/plugins\/seo\/ -->\n<title>HOTEL ECLYPSE DE MAR - PanaJam Tours<\/title>\n<meta name=\"robots\" content=\"index, follow, max-snippet:-1, max-image-preview:large, max-video-preview:-1\" \/>\n<link rel=\"canonical\" href=\"https:\/\/www.panajamtours.com\/product\/eclypse-de-mar\" \/>\n<meta property=\"og:locale\" content=\"es_ES\" \/>\n<meta property=\"og:type\" content=\"article\" \/>\n<meta property=\"og:title\" content=\"HOTEL ECLYPSE DE MAR - PanaJam Tours\" \/>\n<meta property=\"og:url\" content=\"https:\/\/www.panajamtours.com\/product\/eclypse-de-mar\" \/>\n<meta property=\"og:site_name\" content=\"PanaJam Tours\" \/>\n<meta property=\"article:publisher\" content=\"https:\/\/www.facebook.com\/PanaJamTours\/\" \/>\n<meta property=\"article:modified_time\" content=\"2020-07-03T16:30:27+00:00\" \/>\n<meta property=\"og:image\" content=\"https:\/\/www.panajamtours.com\/wp-content\/uploads\/2018\/01\/002g.jpg\" \/>\n\t<meta property=\"og:image:width\" content=\"912\" \/>\n\t<meta property=\"og:image:height\" content=\"359\" \/>\n\t<meta property=\"og:image:type\" content=\"image\/jpeg\" \/>\n<meta name=\"twitter:card\" content=\"summary_large_image\" \/>\n<meta name=\"twitter:site\" content=\"@panajamtours\" \/>\n<meta name=\"twitter:label1\" content=\"Tiempo de lectura\" \/>\n\t<meta name=\"twitter:data1\" content=\"2 minutos\" \/>\n<script type=\"application\/ld+json\" class=\"yoast-schema-graph\">{\"@context\":\"https:\/\/schema.org\",\"@graph\":[{\"@type\":\"WebPage\",\"@id\":\"https:\/\/www.panajamtours.com\/product\/eclypse-de-mar\",\"url\":\"https:\/\/www.panajamtours.com\/product\/eclypse-de-mar\",\"name\":\"HOTEL ECLYPSE DE MAR - PanaJam Tours\",\"isPartOf\":{\"@id\":\"https:\/\/www.panajamtours.com\/es\/#website\"},\"primaryImageOfPage\":{\"@id\":\"https:\/\/www.panajamtours.com\/product\/eclypse-de-mar#primaryimage\"},\"image\":{\"@id\":\"https:\/\/www.panajamtours.com\/product\/eclypse-de-mar#primaryimage\"},\"thumbnailUrl\":\"https:\/\/www.panajamtours.com\/wp-content\/uploads\/2018\/01\/002g.jpg\",\"datePublished\":\"2018-01-19T22:10:46+00:00\",\"dateModified\":\"2020-07-03T16:30:27+00:00\",\"breadcrumb\":{\"@id\":\"https:\/\/www.panajamtours.com\/product\/eclypse-de-mar#breadcrumb\"},\"inLanguage\":\"es\",\"potentialAction\":[{\"@type\":\"ReadAction\",\"target\":[\"https:\/\/www.panajamtours.com\/product\/eclypse-de-mar\"]}]},{\"@type\":\"ImageObject\",\"inLanguage\":\"es\",\"@id\":\"https:\/\/www.panajamtours.com\/product\/eclypse-de-mar#primaryimage\",\"url\":\"https:\/\/www.panajamtours.com\/wp-content\/uploads\/2018\/01\/002g.jpg\",\"contentUrl\":\"https:\/\/www.panajamtours.com\/wp-content\/uploads\/2018\/01\/002g.jpg\",\"width\":912,\"height\":359},{\"@type\":\"BreadcrumbList\",\"@id\":\"https:\/\/www.panajamtours.com\/product\/eclypse-de-mar#breadcrumb\",\"itemListElement\":[{\"@type\":\"ListItem\",\"position\":1,\"name\":\"Home\",\"item\":\"https:\/\/www.panajamtours.com\/es\/\"},{\"@type\":\"ListItem\",\"position\":2,\"name\":\"Opciones de vacaciones\",\"item\":\"https:\/\/www.panajamtours.com\/es\/shop\"},{\"@type\":\"ListItem\",\"position\":3,\"name\":\"HOTEL ECLYPSE DE MAR\"}]},{\"@type\":\"WebSite\",\"@id\":\"https:\/\/www.panajamtours.com\/es\/#website\",\"url\":\"https:\/\/www.panajamtours.com\/es\/\",\"name\":\"PanaJam Tours\",\"description\":\"Agencia de Viajes\",\"publisher\":{\"@id\":\"https:\/\/www.panajamtours.com\/es\/#organization\"},\"potentialAction\":[{\"@type\":\"SearchAction\",\"target\":{\"@type\":\"EntryPoint\",\"urlTemplate\":\"https:\/\/www.panajamtours.com\/es\/?s={search_term_string}\"},\"query-input\":{\"@type\":\"PropertyValueSpecification\",\"valueRequired\":true,\"valueName\":\"search_term_string\"}}],\"inLanguage\":\"es\"},{\"@type\":\"Organization\",\"@id\":\"https:\/\/www.panajamtours.com\/es\/#organization\",\"name\":\"PanaJam Tours\",\"url\":\"https:\/\/www.panajamtours.com\/es\/\",\"logo\":{\"@type\":\"ImageObject\",\"inLanguage\":\"es\",\"@id\":\"https:\/\/www.panajamtours.com\/es\/#\/schema\/logo\/image\/\",\"url\":\"https:\/\/www.panajamtours.com\/wp-content\/uploads\/2015\/07\/cropped-PanaJamTours-1-e1452391999906.png\",\"contentUrl\":\"https:\/\/www.panajamtours.com\/wp-content\/uploads\/2015\/07\/cropped-PanaJamTours-1-e1452391999906.png\",\"width\":200,\"height\":166,\"caption\":\"PanaJam Tours\"},\"image\":{\"@id\":\"https:\/\/www.panajamtours.com\/es\/#\/schema\/logo\/image\/\"},\"sameAs\":[\"https:\/\/www.facebook.com\/PanaJamTours\/\",\"https:\/\/x.com\/panajamtours\",\"https:\/\/www.instagram.com\/PanaJamTours\/\"]}]}<\/script>\n<!-- \/ Yoast SEO plugin. -->","yoast_head_json":{"title":"HOTEL ECLYPSE DE MAR - PanaJam Tours","robots":{"index":"index","follow":"follow","max-snippet":"max-snippet:-1","max-image-preview":"max-image-preview:large","max-video-preview":"max-video-preview:-1"},"canonical":"https:\/\/www.panajamtours.com\/product\/eclypse-de-mar","og_locale":"es_ES","og_type":"article","og_title":"HOTEL ECLYPSE DE MAR - PanaJam Tours","og_url":"https:\/\/www.panajamtours.com\/product\/eclypse-de-mar","og_site_name":"PanaJam Tours","article_publisher":"https:\/\/www.facebook.com\/PanaJamTours\/","article_modified_time":"2020-07-03T16:30:27+00:00","og_image":[{"width":912,"height":359,"url":"https:\/\/www.panajamtours.com\/wp-content\/uploads\/2018\/01\/002g.jpg","type":"image\/jpeg"}],"twitter_card":"summary_large_image","twitter_site":"@panajamtours","twitter_misc":{"Tiempo de lectura":"2 minutos"},"schema":{"@context":"https:\/\/schema.org","@graph":[{"@type":"WebPage","@id":"https:\/\/www.panajamtours.com\/product\/eclypse-de-mar","url":"https:\/\/www.panajamtours.com\/product\/eclypse-de-mar","name":"HOTEL ECLYPSE DE MAR - PanaJam Tours","isPartOf":{"@id":"https:\/\/www.panajamtours.com\/es\/#website"},"primaryImageOfPage":{"@id":"https:\/\/www.panajamtours.com\/product\/eclypse-de-mar#primaryimage"},"image":{"@id":"https:\/\/www.panajamtours.com\/product\/eclypse-de-mar#primaryimage"},"thumbnailUrl":"https:\/\/www.panajamtours.com\/wp-content\/uploads\/2018\/01\/002g.jpg","datePublished":"2018-01-19T22:10:46+00:00","dateModified":"2020-07-03T16:30:27+00:00","breadcrumb":{"@id":"https:\/\/www.panajamtours.com\/product\/eclypse-de-mar#breadcrumb"},"inLanguage":"es","potentialAction":[{"@type":"ReadAction","target":["https:\/\/www.panajamtours.com\/product\/eclypse-de-mar"]}]},{"@type":"ImageObject","inLanguage":"es","@id":"https:\/\/www.panajamtours.com\/product\/eclypse-de-mar#primaryimage","url":"https:\/\/www.panajamtours.com\/wp-content\/uploads\/2018\/01\/002g.jpg","contentUrl":"https:\/\/www.panajamtours.com\/wp-content\/uploads\/2018\/01\/002g.jpg","width":912,"height":359},{"@type":"BreadcrumbList","@id":"https:\/\/www.panajamtours.com\/product\/eclypse-de-mar#breadcrumb","itemListElement":[{"@type":"ListItem","position":1,"name":"Home","item":"https:\/\/www.panajamtours.com\/es\/"},{"@type":"ListItem","position":2,"name":"Opciones de vacaciones","item":"https:\/\/www.panajamtours.com\/es\/shop"},{"@type":"ListItem","position":3,"name":"HOTEL ECLYPSE DE MAR"}]},{"@type":"WebSite","@id":"https:\/\/www.panajamtours.com\/es\/#website","url":"https:\/\/www.panajamtours.com\/es\/","name":"PanaJam Tours","description":"Agencia de Viajes","publisher":{"@id":"https:\/\/www.panajamtours.com\/es\/#organization"},"potentialAction":[{"@type":"SearchAction","target":{"@type":"EntryPoint","urlTemplate":"https:\/\/www.panajamtours.com\/es\/?s={search_term_string}"},"query-input":{"@type":"PropertyValueSpecification","valueRequired":true,"valueName":"search_term_string"}}],"inLanguage":"es"},{"@type":"Organization","@id":"https:\/\/www.panajamtours.com\/es\/#organization","name":"PanaJam Tours","url":"https:\/\/www.panajamtours.com\/es\/","logo":{"@type":"ImageObject","inLanguage":"es","@id":"https:\/\/www.panajamtours.com\/es\/#\/schema\/logo\/image\/","url":"https:\/\/www.panajamtours.com\/wp-content\/uploads\/2015\/07\/cropped-PanaJamTours-1-e1452391999906.png","contentUrl":"https:\/\/www.panajamtours.com\/wp-content\/uploads\/2015\/07\/cropped-PanaJamTours-1-e1452391999906.png","width":200,"height":166,"caption":"PanaJam Tours"},"image":{"@id":"https:\/\/www.panajamtours.com\/es\/#\/schema\/logo\/image\/"},"sameAs":["https:\/\/www.facebook.com\/PanaJamTours\/","https:\/\/x.com\/panajamtours","https:\/\/www.instagram.com\/PanaJamTours\/"]}]}},"_links":{"self":[{"href":"https:\/\/www.panajamtours.com\/es\/wp-json\/wp\/v2\/product\/3965","targetHints":{"allow":["GET"]}}],"collection":[{"href":"https:\/\/www.panajamtours.com\/es\/wp-json\/wp\/v2\/product"}],"about":[{"href":"https:\/\/www.panajamtours.com\/es\/wp-json\/wp\/v2\/types\/product"}],"wp:featuredmedia":[{"embeddable":true,"href":"https:\/\/www.panajamtours.com\/es\/wp-json\/wp\/v2\/media\/3967"}],"wp:attachment":[{"href":"https:\/\/www.panajamtours.com\/es\/wp-json\/wp\/v2\/media?parent=3965"}],"wp:term":[{"taxonomy":"product_cat","embeddable":true,"href":"https:\/\/www.panajamtours.com\/es\/wp-json\/wp\/v2\/product_cat?post=3965"},{"taxonomy":"product_tag","embeddable":true,"href":"https:\/\/www.panajamtours.com\/es\/wp-json\/wp\/v2\/product_tag?post=3965"}],"curies":[{"name":"wp","href":"https:\/\/api.w.org\/{rel}","templated":true}]}}