{"id":3920,"date":"2018-01-18T14:52:00","date_gmt":"2018-01-18T19:52:00","guid":{"rendered":"http:\/\/www.panajamtours.com\/?post_type=product&#038;p=3920"},"modified":"2018-01-26T11:45:29","modified_gmt":"2018-01-26T16:45:29","slug":"hotel-playa-tortuga","status":"publish","type":"product","link":"https:\/\/www.panajamtours.com\/es\/product\/hotel-playa-tortuga","title":{"rendered":"HOTEL PLAYA TORTUGA"},"content":{"rendered":"<h4 style=\"text-align: center;\"><span style=\"color: #008000;\"><strong>HOTEL PLAYA TORTUGA<\/strong><\/span><\/h4>\n<h6 style=\"text-align: center;\"><span style=\"color: #000000;\">El Playa Tortuga Hotel and Beach Resort est\u00e1 situado en una playa privada, en Isla Col\u00f3n de Bocas del Toro.\u00a0<\/span><\/h6>\n<p><img loading=\"lazy\" decoding=\"async\" class=\"wp-image-3921 aligncenter lazyload\" data-src=\"http:\/\/www.panajamtours.com\/wp-content\/uploads\/2018\/01\/LOGO-300x210.jpg\" alt=\"\" width=\"157\" height=\"110\" data-srcset=\"https:\/\/www.panajamtours.com\/wp-content\/uploads\/2018\/01\/LOGO-300x210.jpg 300w, https:\/\/www.panajamtours.com\/wp-content\/uploads\/2018\/01\/LOGO.jpg 541w\" data-sizes=\"auto, (max-width: 157px) 100vw, 157px\" src=\"data:image\/gif;base64,R0lGODlhAQABAAAAACH5BAEKAAEALAAAAAABAAEAAAICTAEAOw==\" style=\"--smush-placeholder-width: 157px; --smush-placeholder-aspect-ratio: 157\/110;\" \/><noscript><img loading=\"lazy\" decoding=\"async\" class=\" wp-image-3921 aligncenter\" src=\"http:\/\/www.panajamtours.com\/wp-content\/uploads\/2018\/01\/LOGO-300x210.jpg\" alt=\"\" width=\"157\" height=\"110\" srcset=\"https:\/\/www.panajamtours.com\/wp-content\/uploads\/2018\/01\/LOGO-300x210.jpg 300w, https:\/\/www.panajamtours.com\/wp-content\/uploads\/2018\/01\/LOGO.jpg 541w\" sizes=\"auto, (max-width: 157px) 100vw, 157px\" \/><\/noscript><\/p>\n<h6 style=\"text-align: center;\"><span style=\"color: #000000;\"><strong>Check In: 3:00 PM\u00a0 Check Out: 12:00 MD<\/strong><\/span><\/h6>\n<h6 style=\"text-align: center;\"><span style=\"color: #000000;\">Esc\u00e1pese a Playa Tortuga Hotel &amp; Beach Resort y experimente la combinaci\u00f3n perfecta de relajaci\u00f3n frente al mar y diversi\u00f3n familiar en una playa \u00edntima en Bocas del Toro<\/span><\/h6>\n<h5><span style=\"color: #008000;\"><strong>Servicios principales<\/strong><\/span><\/h5>\n<h6><span style=\"color: #000000;\">\u2666 117 habitaciones<\/span><\/h6>\n<h6><span style=\"color: #000000;\">\u2666 Cerca de la playa<\/span><\/h6>\n<h6><span style=\"color: #000000;\">\u2666 2 restaurantes<\/span><\/h6>\n<h6><span style=\"color: #000000;\">\u2666 2 piscinas al aire libre<\/span><\/h6>\n<h6><span style=\"color: #000000;\">\u2666 Sala de fitness<\/span><\/h6>\n<h6><span style=\"color: #000000;\">\u2666 Salas de tratamientos o masajes<\/span><\/h6>\n<h6><span style=\"color: #000000;\">\u2666 Servicio de traslado al aeropuerto ( consulte con anticipacion)<\/span><\/h6>\n<h6><span style=\"color: #000000;\">\u2666 Recepci\u00f3n disponible las 24 horas<\/span><\/h6>\n<h6><span style=\"color: #000000;\">\u2666 Aire acondicionado<\/span><\/h6>\n<h6><span style=\"color: #000000;\">\u2666 Servicio de limpieza diario<\/span><\/h6>\n<h6><span style=\"color: #000000;\">\u2666 Wifi gratis<\/span><\/h6>\n<h6><span style=\"color: #000000;\">\u2666 Estacionamiento gratis<\/span><\/h6>\n<h6><span style=\"color: #000000;\">\u2666 Asistencia tur\u00edstica y para la compra de entradas\u00a0<strong>(Coordine sus excursiones)<\/strong><\/span><\/h6>\n<h6><span style=\"color: #000000;\">\u2666 Uso de Kayaks (seg\u00fan disponibilidad)<\/span><\/h6>\n<h6><span style=\"color: #000000;\">\u2666 Uso de la cancha de voley playa<\/span><\/h6>\n<h5><span style=\"color: #008000;\"><strong>Habitaciones &amp; Suites<\/strong><\/span><\/h5>\n<h6><span style=\"color: #000000;\">A diferencia de muchos otros hoteles en Bocas del Toro, las 74 habitaciones y 43 suites del Playa Tortuga Hotel &amp; Beach Resort dan al mar, con balcones privados para disfrutar de las majestuosas vistas.\u00a0Con una atractiva decoraci\u00f3n caribe\u00f1a y lujosas camas con pillowtop.<\/span><\/h6>\n<h6><span style=\"color: #000000;\"><strong>Tipo de Habitaciones:\u00a0<\/strong><\/span><\/h6>\n<h6><span style=\"color: #000000;\">&#8211; Habitaci\u00f3n deluxe est\u00e1ndar\u00a0<\/span><\/h6>\n<h6><span style=\"color: #000000;\">&#8211; Habitacion Junior Suite<\/span><\/h6>\n<h6><span style=\"color: #000000;\">&#8211; Habitacion Master Suite con Balcon<\/span><\/h6>\n<h6><span style=\"color: #000000;\">&#8211; Habitacion Grand Suite vista al Mar\u00a0<\/span><br \/>\n<span style=\"color: #000000;\"> \u00a0 \u00a0<\/span><\/h6>\n<h6><span style=\"color: #000000;\"><strong>Comodidades:<\/strong>\u00a0Internet inal\u00e1mbrico de cortes\u00eda, Camas acolchadas, Ropa de cama de felpa, Secador de pelo, Servicio de habitaciones, Servicio diario de mucama, Aire acondicionado, TV con canales por cable, Seguro, Balc\u00f3n privado junto al mar con vista al mar, Puertas corredizas de vidrio.<\/span><\/h6>\n<p>&nbsp;<\/p>\n<h5><span style=\"color: #008000;\"><strong>Restaurantes:\u00a0<\/strong><\/span><\/h5>\n<h6><span style=\"color: #000000;\">\u00a0Nuestro entorno frente al mar ofrece abundantes posibilidades de experiencias gastron\u00f3micas memorables a la par de los mejores restaurantes.<\/span><\/h6>\n<h6 class=\"wsite-content-title\"><span style=\"color: #000000;\"><strong>&#8211; Restaurantes Naguas:\u00a0<\/strong>ofrece opciones de desayuno paname\u00f1os y estadounidenses y zumos de frutas de temporada<\/span><\/h6>\n<h6><span style=\"color: #000000;\"><strong>&#8211; Restaurante Baula &amp; Bar:\u00a0<\/strong>Situado al final de nuestro muelle privado, Baula est\u00e1 abierto para el almuerzo y la cena.\u00a0Elija entre una amplia selecci\u00f3n de aperitivos a la carta, carnes a la parrilla, mariscos, s\u00e1ndwiches y postres.<\/span><\/h6>\n<h5><span style=\"color: #008000;\"><strong>Centro de Reuniones &amp; Eventos:\u00a0<\/strong><\/span><\/h5>\n<h6><span style=\"color: #000000;\">Con impresionantes vistas desde casi todos los puntos de vista del hotel y una variedad de comodidades que incluyen dos salas de reuniones sofisticadas, la piscina m\u00e1s grande y la terraza en la isla de Col\u00f3n, y un personal amable y atento para satisfacer sus necesidades, ofrecemos el tel\u00f3n de fondo para reuniones, bodas de destino o eventos especiales.<\/span><\/h6>\n<h6><span style=\"color: #000000;\">Con capacidad para 50 personas, nuestras salas de banquetes Chaquira y D\u00e4nt\u00e4r\u00e4 est\u00e1n equipadas con la \u00faltima tecnolog\u00eda audiovisual y para eventos al aire libre con capacidad hasta de 100 invitados.<\/span><\/h6>\n<p>&nbsp;<\/p>\n<h3 style=\"text-align: center;\"><em><span style=\"color: #008000;\"><strong>HOTEL PLAYA TORTUGA<\/strong><\/span><\/em><\/h3>\n","protected":false},"excerpt":{"rendered":"<h4 style=\"text-align: center;\"><strong><span style=\"color: #008000;\"><em>Descubre el\u00a0<\/em><i>Para\u00edso<\/i><\/span><\/strong><\/h4>\n<p>&nbsp;<\/p>\n","protected":false},"featured_media":3923,"template":"","meta":[],"product_cat":[232],"product_tag":[26,25,228,43,28,24],"class_list":{"0":"post-3920","1":"product","2":"type-product","3":"status-publish","4":"has-post-thumbnail","6":"product_cat-bocas-del-toro-hotels","7":"product_tag-beach","8":"product_tag-bocas-del-toro","9":"product_tag-caribe","10":"product_tag-playa","11":"product_tag-tour","12":"product_tag-vacation","14":"first","15":"instock","16":"shipping-taxable","17":"product-type-simple"},"translation":{"provider":"WPGlobus","version":"3.0.0","language":"es","enabled_languages":["en","es"],"languages":{"en":{"title":true,"content":false,"excerpt":false},"es":{"title":true,"content":true,"excerpt":true}}},"yoast_head":"<!-- This site is optimized with the Yoast SEO plugin v23.9 - https:\/\/yoast.com\/wordpress\/plugins\/seo\/ -->\n<title>HOTEL PLAYA TORTUGA - PanaJam Tours<\/title>\n<meta name=\"robots\" content=\"index, follow, max-snippet:-1, max-image-preview:large, max-video-preview:-1\" \/>\n<link rel=\"canonical\" href=\"https:\/\/www.panajamtours.com\/product\/hotel-playa-tortuga\" \/>\n<meta property=\"og:locale\" content=\"es_ES\" \/>\n<meta property=\"og:type\" content=\"article\" \/>\n<meta property=\"og:title\" content=\"HOTEL PLAYA TORTUGA - PanaJam Tours\" \/>\n<meta property=\"og:url\" content=\"https:\/\/www.panajamtours.com\/product\/hotel-playa-tortuga\" \/>\n<meta property=\"og:site_name\" content=\"PanaJam Tours\" \/>\n<meta property=\"article:publisher\" content=\"https:\/\/www.facebook.com\/PanaJamTours\/\" \/>\n<meta property=\"article:modified_time\" content=\"2018-01-26T16:45:29+00:00\" \/>\n<meta property=\"og:image\" content=\"https:\/\/www.panajamtours.com\/wp-content\/uploads\/2018\/01\/HOTEL-PLAYA-TORTUGA.jpg\" \/>\n\t<meta property=\"og:image:width\" content=\"840\" \/>\n\t<meta property=\"og:image:height\" content=\"460\" \/>\n\t<meta property=\"og:image:type\" content=\"image\/jpeg\" \/>\n<meta name=\"twitter:card\" content=\"summary_large_image\" \/>\n<meta name=\"twitter:site\" content=\"@panajamtours\" \/>\n<meta name=\"twitter:label1\" content=\"Tiempo de lectura\" \/>\n\t<meta name=\"twitter:data1\" content=\"2 minutos\" \/>\n<script type=\"application\/ld+json\" class=\"yoast-schema-graph\">{\"@context\":\"https:\/\/schema.org\",\"@graph\":[{\"@type\":\"WebPage\",\"@id\":\"https:\/\/www.panajamtours.com\/product\/hotel-playa-tortuga\",\"url\":\"https:\/\/www.panajamtours.com\/product\/hotel-playa-tortuga\",\"name\":\"HOTEL PLAYA TORTUGA - PanaJam Tours\",\"isPartOf\":{\"@id\":\"https:\/\/www.panajamtours.com\/es\/#website\"},\"primaryImageOfPage\":{\"@id\":\"https:\/\/www.panajamtours.com\/product\/hotel-playa-tortuga#primaryimage\"},\"image\":{\"@id\":\"https:\/\/www.panajamtours.com\/product\/hotel-playa-tortuga#primaryimage\"},\"thumbnailUrl\":\"https:\/\/www.panajamtours.com\/wp-content\/uploads\/2018\/01\/HOTEL-PLAYA-TORTUGA.jpg\",\"datePublished\":\"2018-01-18T19:52:00+00:00\",\"dateModified\":\"2018-01-26T16:45:29+00:00\",\"breadcrumb\":{\"@id\":\"https:\/\/www.panajamtours.com\/product\/hotel-playa-tortuga#breadcrumb\"},\"inLanguage\":\"es\",\"potentialAction\":[{\"@type\":\"ReadAction\",\"target\":[\"https:\/\/www.panajamtours.com\/product\/hotel-playa-tortuga\"]}]},{\"@type\":\"ImageObject\",\"inLanguage\":\"es\",\"@id\":\"https:\/\/www.panajamtours.com\/product\/hotel-playa-tortuga#primaryimage\",\"url\":\"https:\/\/www.panajamtours.com\/wp-content\/uploads\/2018\/01\/HOTEL-PLAYA-TORTUGA.jpg\",\"contentUrl\":\"https:\/\/www.panajamtours.com\/wp-content\/uploads\/2018\/01\/HOTEL-PLAYA-TORTUGA.jpg\",\"width\":840,\"height\":460},{\"@type\":\"BreadcrumbList\",\"@id\":\"https:\/\/www.panajamtours.com\/product\/hotel-playa-tortuga#breadcrumb\",\"itemListElement\":[{\"@type\":\"ListItem\",\"position\":1,\"name\":\"Home\",\"item\":\"https:\/\/www.panajamtours.com\/es\/\"},{\"@type\":\"ListItem\",\"position\":2,\"name\":\"Opciones de vacaciones\",\"item\":\"https:\/\/www.panajamtours.com\/es\/shop\"},{\"@type\":\"ListItem\",\"position\":3,\"name\":\"HOTEL PLAYA TORTUGA\"}]},{\"@type\":\"WebSite\",\"@id\":\"https:\/\/www.panajamtours.com\/es\/#website\",\"url\":\"https:\/\/www.panajamtours.com\/es\/\",\"name\":\"PanaJam Tours\",\"description\":\"Agencia de Viajes\",\"publisher\":{\"@id\":\"https:\/\/www.panajamtours.com\/es\/#organization\"},\"potentialAction\":[{\"@type\":\"SearchAction\",\"target\":{\"@type\":\"EntryPoint\",\"urlTemplate\":\"https:\/\/www.panajamtours.com\/es\/?s={search_term_string}\"},\"query-input\":{\"@type\":\"PropertyValueSpecification\",\"valueRequired\":true,\"valueName\":\"search_term_string\"}}],\"inLanguage\":\"es\"},{\"@type\":\"Organization\",\"@id\":\"https:\/\/www.panajamtours.com\/es\/#organization\",\"name\":\"PanaJam Tours\",\"url\":\"https:\/\/www.panajamtours.com\/es\/\",\"logo\":{\"@type\":\"ImageObject\",\"inLanguage\":\"es\",\"@id\":\"https:\/\/www.panajamtours.com\/es\/#\/schema\/logo\/image\/\",\"url\":\"https:\/\/www.panajamtours.com\/wp-content\/uploads\/2015\/07\/cropped-PanaJamTours-1-e1452391999906.png\",\"contentUrl\":\"https:\/\/www.panajamtours.com\/wp-content\/uploads\/2015\/07\/cropped-PanaJamTours-1-e1452391999906.png\",\"width\":200,\"height\":166,\"caption\":\"PanaJam Tours\"},\"image\":{\"@id\":\"https:\/\/www.panajamtours.com\/es\/#\/schema\/logo\/image\/\"},\"sameAs\":[\"https:\/\/www.facebook.com\/PanaJamTours\/\",\"https:\/\/x.com\/panajamtours\",\"https:\/\/www.instagram.com\/PanaJamTours\/\"]}]}<\/script>\n<!-- \/ Yoast SEO plugin. -->","yoast_head_json":{"title":"HOTEL PLAYA TORTUGA - PanaJam Tours","robots":{"index":"index","follow":"follow","max-snippet":"max-snippet:-1","max-image-preview":"max-image-preview:large","max-video-preview":"max-video-preview:-1"},"canonical":"https:\/\/www.panajamtours.com\/product\/hotel-playa-tortuga","og_locale":"es_ES","og_type":"article","og_title":"HOTEL PLAYA TORTUGA - PanaJam Tours","og_url":"https:\/\/www.panajamtours.com\/product\/hotel-playa-tortuga","og_site_name":"PanaJam Tours","article_publisher":"https:\/\/www.facebook.com\/PanaJamTours\/","article_modified_time":"2018-01-26T16:45:29+00:00","og_image":[{"width":840,"height":460,"url":"https:\/\/www.panajamtours.com\/wp-content\/uploads\/2018\/01\/HOTEL-PLAYA-TORTUGA.jpg","type":"image\/jpeg"}],"twitter_card":"summary_large_image","twitter_site":"@panajamtours","twitter_misc":{"Tiempo de lectura":"2 minutos"},"schema":{"@context":"https:\/\/schema.org","@graph":[{"@type":"WebPage","@id":"https:\/\/www.panajamtours.com\/product\/hotel-playa-tortuga","url":"https:\/\/www.panajamtours.com\/product\/hotel-playa-tortuga","name":"HOTEL PLAYA TORTUGA - PanaJam Tours","isPartOf":{"@id":"https:\/\/www.panajamtours.com\/es\/#website"},"primaryImageOfPage":{"@id":"https:\/\/www.panajamtours.com\/product\/hotel-playa-tortuga#primaryimage"},"image":{"@id":"https:\/\/www.panajamtours.com\/product\/hotel-playa-tortuga#primaryimage"},"thumbnailUrl":"https:\/\/www.panajamtours.com\/wp-content\/uploads\/2018\/01\/HOTEL-PLAYA-TORTUGA.jpg","datePublished":"2018-01-18T19:52:00+00:00","dateModified":"2018-01-26T16:45:29+00:00","breadcrumb":{"@id":"https:\/\/www.panajamtours.com\/product\/hotel-playa-tortuga#breadcrumb"},"inLanguage":"es","potentialAction":[{"@type":"ReadAction","target":["https:\/\/www.panajamtours.com\/product\/hotel-playa-tortuga"]}]},{"@type":"ImageObject","inLanguage":"es","@id":"https:\/\/www.panajamtours.com\/product\/hotel-playa-tortuga#primaryimage","url":"https:\/\/www.panajamtours.com\/wp-content\/uploads\/2018\/01\/HOTEL-PLAYA-TORTUGA.jpg","contentUrl":"https:\/\/www.panajamtours.com\/wp-content\/uploads\/2018\/01\/HOTEL-PLAYA-TORTUGA.jpg","width":840,"height":460},{"@type":"BreadcrumbList","@id":"https:\/\/www.panajamtours.com\/product\/hotel-playa-tortuga#breadcrumb","itemListElement":[{"@type":"ListItem","position":1,"name":"Home","item":"https:\/\/www.panajamtours.com\/es\/"},{"@type":"ListItem","position":2,"name":"Opciones de vacaciones","item":"https:\/\/www.panajamtours.com\/es\/shop"},{"@type":"ListItem","position":3,"name":"HOTEL PLAYA TORTUGA"}]},{"@type":"WebSite","@id":"https:\/\/www.panajamtours.com\/es\/#website","url":"https:\/\/www.panajamtours.com\/es\/","name":"PanaJam Tours","description":"Agencia de Viajes","publisher":{"@id":"https:\/\/www.panajamtours.com\/es\/#organization"},"potentialAction":[{"@type":"SearchAction","target":{"@type":"EntryPoint","urlTemplate":"https:\/\/www.panajamtours.com\/es\/?s={search_term_string}"},"query-input":{"@type":"PropertyValueSpecification","valueRequired":true,"valueName":"search_term_string"}}],"inLanguage":"es"},{"@type":"Organization","@id":"https:\/\/www.panajamtours.com\/es\/#organization","name":"PanaJam Tours","url":"https:\/\/www.panajamtours.com\/es\/","logo":{"@type":"ImageObject","inLanguage":"es","@id":"https:\/\/www.panajamtours.com\/es\/#\/schema\/logo\/image\/","url":"https:\/\/www.panajamtours.com\/wp-content\/uploads\/2015\/07\/cropped-PanaJamTours-1-e1452391999906.png","contentUrl":"https:\/\/www.panajamtours.com\/wp-content\/uploads\/2015\/07\/cropped-PanaJamTours-1-e1452391999906.png","width":200,"height":166,"caption":"PanaJam Tours"},"image":{"@id":"https:\/\/www.panajamtours.com\/es\/#\/schema\/logo\/image\/"},"sameAs":["https:\/\/www.facebook.com\/PanaJamTours\/","https:\/\/x.com\/panajamtours","https:\/\/www.instagram.com\/PanaJamTours\/"]}]}},"_links":{"self":[{"href":"https:\/\/www.panajamtours.com\/es\/wp-json\/wp\/v2\/product\/3920","targetHints":{"allow":["GET"]}}],"collection":[{"href":"https:\/\/www.panajamtours.com\/es\/wp-json\/wp\/v2\/product"}],"about":[{"href":"https:\/\/www.panajamtours.com\/es\/wp-json\/wp\/v2\/types\/product"}],"wp:featuredmedia":[{"embeddable":true,"href":"https:\/\/www.panajamtours.com\/es\/wp-json\/wp\/v2\/media\/3923"}],"wp:attachment":[{"href":"https:\/\/www.panajamtours.com\/es\/wp-json\/wp\/v2\/media?parent=3920"}],"wp:term":[{"taxonomy":"product_cat","embeddable":true,"href":"https:\/\/www.panajamtours.com\/es\/wp-json\/wp\/v2\/product_cat?post=3920"},{"taxonomy":"product_tag","embeddable":true,"href":"https:\/\/www.panajamtours.com\/es\/wp-json\/wp\/v2\/product_tag?post=3920"}],"curies":[{"name":"wp","href":"https:\/\/api.w.org\/{rel}","templated":true}]}}