{"id":3865,"date":"2018-01-11T16:53:23","date_gmt":"2018-01-11T21:53:23","guid":{"rendered":"http:\/\/www.panajamtours.com\/?post_type=product&#038;p=3865"},"modified":"2020-07-03T11:30:27","modified_gmt":"2020-07-03T16:30:27","slug":"hotel-palma-royale","status":"publish","type":"product","link":"https:\/\/www.panajamtours.com\/es\/product\/hotel-palma-royale","title":{"rendered":"HOTEL PALMA ROYALE"},"content":{"rendered":"<h4 style=\"text-align: center;\"><span style=\"color: #800000;\"><strong>HOTEL PALMA ROYALE\u00a0<\/strong><\/span><\/h4>\n<h6 style=\"text-align: center;\"><span style=\"color: #000000;\">\u00a0Una sonrisa y una c\u00e1lida bienvenida al Hotel Palma Royale en Bocas del Toro, Panam\u00e1. <\/span><\/h6>\n<h6 style=\"text-align: center;\"><span style=\"color: #000000;\">Ubicado en la calle principal de Pueblo de Bocas Isla Colon hacia el extremo sur de la ciudad en una zona tranquila.<\/span><\/h6>\n<p><img loading=\"lazy\" decoding=\"async\" class=\"wp-image-3866 aligncenter lazyload\" data-src=\"http:\/\/www.panajamtours.com\/wp-content\/uploads\/2018\/01\/LOGO-PALMA-ROYALE.png\" alt=\"\" width=\"167\" height=\"101\" src=\"data:image\/gif;base64,R0lGODlhAQABAAAAACH5BAEKAAEALAAAAAABAAEAAAICTAEAOw==\" style=\"--smush-placeholder-width: 167px; --smush-placeholder-aspect-ratio: 167\/101;\" \/><noscript><img loading=\"lazy\" decoding=\"async\" class=\" wp-image-3866 aligncenter\" src=\"http:\/\/www.panajamtours.com\/wp-content\/uploads\/2018\/01\/LOGO-PALMA-ROYALE.png\" alt=\"\" width=\"167\" height=\"101\" \/><\/noscript><\/p>\n<h6 style=\"text-align: center;\"><span style=\"color: #000000;\"><strong>Check In: 2:00 PM\u00a0 \u00a0Check Out: 12.00 MD<\/strong><\/span><\/h6>\n<h6><span style=\"color: #000000;\">Palma Royale es un lindo hotel boutique ubicado frente al oc\u00e9ano en Isla Col\u00f3n, Bocas del Toro, al final de la Avenida Principal de la Isla, donde se ubican la mayor\u00eda de los restaurantes, bares, tiendas y actividades culturales de la isla.<\/span><\/h6>\n<h5><span style=\"color: #800000;\"><strong>Servicios principales<\/strong><\/span><\/h5>\n<h6><span style=\"color: #000000;\">\u2666 15 habitaciones<\/span><\/h6>\n<h6><span style=\"color: #000000;\">\u2666 En la playa<\/span><\/h6>\n<h6><span style=\"color: #000000;\">\u2666 Restaurante y bar o sal\u00f3n lounge<\/span><\/h6>\n<h6><span style=\"color: #000000;\">\u2666 Servicios de spa ($)<\/span><\/h6>\n<h6><span style=\"color: #000000;\">\u2666 Recepci\u00f3n disponible las 24 horas<\/span><\/h6>\n<h6><span style=\"color: #000000;\">\u2666 Aire acondicionado<\/span><\/h6>\n<h6><span style=\"color: #000000;\">\u2666 Servicio de limpieza diario<\/span><\/h6>\n<h6><span style=\"color: #000000;\">\u2666 Jard\u00edn<\/span><\/h6>\n<h6><span style=\"color: #000000;\">\u2666 Lavander\u00eda autoservicio($)<\/span><\/h6>\n<h6><span style=\"color: #000000;\">\u2666 Personal multiling\u00fce<\/span><\/h6>\n<h6><span style=\"color: #000000;\">\u2666 Resguardo de equipaje<\/span><\/h6>\n<h6><span style=\"color: #000000;\">\u2666 Asistencia tur\u00edstica y para la compra de entradas <strong>(Coordine sus excursiones)<\/strong><\/span><\/h6>\n<h6><span style=\"color: #000000;\">\u2666\u00a0 wifi gratis<\/span><\/h6>\n<h6><span style=\"color: #000000;\">\u00a0<\/span><\/h6>\n<h5><span style=\"color: #800000;\"><strong>Habitaciones:\u00a0<\/strong><\/span><\/h5>\n<h6><span style=\"color: #000000;\">Nuestras Habitaciones disponen de:\u00a0<\/span><\/h6>\n<h6><span style=\"color: #000000;\">&#8211; Wi-Fi gratis\u00a0 \u00a0 \u00a0 \u00a0 \u00a0 \u00a0 \u00a0 \u00a0 \u00a0 \u00a0 \u00a0 \u00a0 \u00a0 \u00a0 \u00a0 \u00a0 \u00a0 \u00a0 \u00a0 \u00a0 \u00a0 \u00a0&#8211; TV de pantalla plana<\/span><\/h6>\n<h6><span style=\"color: #000000;\">&#8211; Aire acondicionado\u00a0 \u00a0 \u00a0 \u00a0 \u00a0 \u00a0 \u00a0 \u00a0 \u00a0 \u00a0 \u00a0 \u00a0 \u00a0 \u00a0 \u00a0 &#8211; Mini nevera\u00a0 \u00a0 \u00a0 \u00a0 \u00a0 \u00a0 \u00a0 \u00a0 \u00a0 \u00a0 \u00a0 \u00a0 \u00a0 \u00a0 \u00a0 \u00a0 \u00a0 \u00a0 \u00a0 \u00a0 \u00a0<\/span><\/h6>\n<h6><span style=\"color: #000000;\">&#8211; Cabezas de ducha de lluvia\u00a0 \u00a0 \u00a0 \u00a0 \u00a0 \u00a0 \u00a0 \u00a0\u00a0&#8211; Agua caliente<\/span><\/h6>\n<h6><span style=\"color: #000000;\">&#8211; Gourmet Caf\u00e9 y caf\u00e9 en todas las habitaciones<\/span><\/h6>\n<h6><span style=\"color: #000000;\">&#8211; Calentadores de aromaterapia de olor en todas las habitaciones<\/span><\/h6>\n<h6><span style=\"color: #000000;\">&#8211; Abanico de techo\u00a0 \u00a0 \u00a0 \u00a0 \u00a0 \u00a0 \u00a0 \u00a0 \u00a0 \u00a0 \u00a0 \u00a0 \u00a0 \u00a0 \u00a0 \u00a0 &#8211; Terraza<\/span><\/h6>\n<h6><strong><span style=\"color: #000000;\"> El hotel ofrece diferentes tipos de habitaciones desde:<\/span><\/strong><\/h6>\n<h6><span style=\"color: #000000;\">\u2666 Habitaci\u00f3n Economy<\/span><\/h6>\n<h6><span style=\"color: #000000;\">\u2666 Habitaci\u00f3n Standard<\/span><\/h6>\n<h6><span style=\"color: #000000;\">\u2666 Habitaci\u00f3n Deluxe<\/span><\/h6>\n<h6><span style=\"color: #000000;\">\u2666 Habitaci\u00f3n Luxury Suite<\/span><\/h6>\n<h6><span style=\"color: #000000;\">\u2666 Penthouse Suite<\/span><\/h6>\n<p>&nbsp;<\/p>\n<h5><span style=\"color: #800000;\"><strong>Restaurantes:\u00a0<\/strong><\/span><\/h5>\n<h6><span style=\"color: #000000;\">El Hotel tambi\u00e9n ofrece un restaurante en la planta baja, donde se sirve el rico desayuno y m\u00e1s.<\/span><\/h6>\n<h6><span style=\"color: #000000;\"><strong>Under the Palm<\/strong>, restaurante con vista al mar, se sirven desayunos y platillos sencillos. Los hu\u00e9spedes pueden disfrutar de bebidas en el bar, y se puede comer en la terraza (siempre que el tiempo lo permita). Abre todos los d\u00edas.<\/span><\/h6>\n<p>&nbsp;<\/p>\n","protected":false},"excerpt":{"rendered":"<h3 style=\"text-align: center;\"><em><strong><span style=\"color: #800000;\">Lo \u00fanico que pasamos por alto es el mar.<\/span><\/strong><\/em><\/h3>\n","protected":false},"featured_media":3867,"template":"","meta":[],"product_cat":[232],"product_tag":[26,25,43,28,24],"class_list":{"0":"post-3865","1":"product","2":"type-product","3":"status-publish","4":"has-post-thumbnail","6":"product_cat-bocas-del-toro-hotels","7":"product_tag-beach","8":"product_tag-bocas-del-toro","9":"product_tag-playa","10":"product_tag-tour","11":"product_tag-vacation","13":"first","14":"instock","15":"shipping-taxable","16":"product-type-simple"},"translation":{"provider":"WPGlobus","version":"3.0.0","language":"es","enabled_languages":["en","es"],"languages":{"en":{"title":true,"content":false,"excerpt":false},"es":{"title":true,"content":true,"excerpt":true}}},"yoast_head":"<!-- This site is optimized with the Yoast SEO plugin v23.9 - https:\/\/yoast.com\/wordpress\/plugins\/seo\/ -->\n<title>HOTEL PALMA ROYALE  - PanaJam Tours<\/title>\n<meta name=\"robots\" content=\"index, follow, max-snippet:-1, max-image-preview:large, max-video-preview:-1\" \/>\n<link rel=\"canonical\" href=\"https:\/\/www.panajamtours.com\/product\/hotel-palma-royale\" \/>\n<meta property=\"og:locale\" content=\"es_ES\" \/>\n<meta property=\"og:type\" content=\"article\" \/>\n<meta property=\"og:title\" content=\"HOTEL PALMA ROYALE  - PanaJam Tours\" \/>\n<meta property=\"og:url\" content=\"https:\/\/www.panajamtours.com\/product\/hotel-palma-royale\" \/>\n<meta property=\"og:site_name\" content=\"PanaJam Tours\" \/>\n<meta property=\"article:publisher\" content=\"https:\/\/www.facebook.com\/PanaJamTours\/\" \/>\n<meta property=\"article:modified_time\" content=\"2020-07-03T16:30:27+00:00\" \/>\n<meta property=\"og:image\" content=\"https:\/\/www.panajamtours.com\/wp-content\/uploads\/2018\/01\/palma-royale-2.jpg\" \/>\n\t<meta property=\"og:image:width\" content=\"402\" \/>\n\t<meta property=\"og:image:height\" content=\"500\" \/>\n\t<meta property=\"og:image:type\" content=\"image\/jpeg\" \/>\n<meta name=\"twitter:card\" content=\"summary_large_image\" \/>\n<meta name=\"twitter:site\" content=\"@panajamtours\" \/>\n<meta name=\"twitter:label1\" content=\"Tiempo de lectura\" \/>\n\t<meta name=\"twitter:data1\" content=\"1 minuto\" \/>\n<script type=\"application\/ld+json\" class=\"yoast-schema-graph\">{\"@context\":\"https:\/\/schema.org\",\"@graph\":[{\"@type\":\"WebPage\",\"@id\":\"https:\/\/www.panajamtours.com\/product\/hotel-palma-royale\",\"url\":\"https:\/\/www.panajamtours.com\/product\/hotel-palma-royale\",\"name\":\"HOTEL PALMA ROYALE - PanaJam Tours\",\"isPartOf\":{\"@id\":\"https:\/\/www.panajamtours.com\/es\/#website\"},\"primaryImageOfPage\":{\"@id\":\"https:\/\/www.panajamtours.com\/product\/hotel-palma-royale#primaryimage\"},\"image\":{\"@id\":\"https:\/\/www.panajamtours.com\/product\/hotel-palma-royale#primaryimage\"},\"thumbnailUrl\":\"https:\/\/www.panajamtours.com\/wp-content\/uploads\/2018\/01\/palma-royale-2.jpg\",\"datePublished\":\"2018-01-11T21:53:23+00:00\",\"dateModified\":\"2020-07-03T16:30:27+00:00\",\"breadcrumb\":{\"@id\":\"https:\/\/www.panajamtours.com\/product\/hotel-palma-royale#breadcrumb\"},\"inLanguage\":\"es\",\"potentialAction\":[{\"@type\":\"ReadAction\",\"target\":[\"https:\/\/www.panajamtours.com\/product\/hotel-palma-royale\"]}]},{\"@type\":\"ImageObject\",\"inLanguage\":\"es\",\"@id\":\"https:\/\/www.panajamtours.com\/product\/hotel-palma-royale#primaryimage\",\"url\":\"https:\/\/www.panajamtours.com\/wp-content\/uploads\/2018\/01\/palma-royale-2.jpg\",\"contentUrl\":\"https:\/\/www.panajamtours.com\/wp-content\/uploads\/2018\/01\/palma-royale-2.jpg\",\"width\":402,\"height\":500,\"caption\":\"Hotel Palma Royale\"},{\"@type\":\"BreadcrumbList\",\"@id\":\"https:\/\/www.panajamtours.com\/product\/hotel-palma-royale#breadcrumb\",\"itemListElement\":[{\"@type\":\"ListItem\",\"position\":1,\"name\":\"Home\",\"item\":\"https:\/\/www.panajamtours.com\/es\/\"},{\"@type\":\"ListItem\",\"position\":2,\"name\":\"Opciones de vacaciones\",\"item\":\"https:\/\/www.panajamtours.com\/es\/shop\"},{\"@type\":\"ListItem\",\"position\":3,\"name\":\"HOTEL PALMA ROYALE\"}]},{\"@type\":\"WebSite\",\"@id\":\"https:\/\/www.panajamtours.com\/es\/#website\",\"url\":\"https:\/\/www.panajamtours.com\/es\/\",\"name\":\"PanaJam Tours\",\"description\":\"Agencia de Viajes\",\"publisher\":{\"@id\":\"https:\/\/www.panajamtours.com\/es\/#organization\"},\"potentialAction\":[{\"@type\":\"SearchAction\",\"target\":{\"@type\":\"EntryPoint\",\"urlTemplate\":\"https:\/\/www.panajamtours.com\/es\/?s={search_term_string}\"},\"query-input\":{\"@type\":\"PropertyValueSpecification\",\"valueRequired\":true,\"valueName\":\"search_term_string\"}}],\"inLanguage\":\"es\"},{\"@type\":\"Organization\",\"@id\":\"https:\/\/www.panajamtours.com\/es\/#organization\",\"name\":\"PanaJam Tours\",\"url\":\"https:\/\/www.panajamtours.com\/es\/\",\"logo\":{\"@type\":\"ImageObject\",\"inLanguage\":\"es\",\"@id\":\"https:\/\/www.panajamtours.com\/es\/#\/schema\/logo\/image\/\",\"url\":\"https:\/\/www.panajamtours.com\/wp-content\/uploads\/2015\/07\/cropped-PanaJamTours-1-e1452391999906.png\",\"contentUrl\":\"https:\/\/www.panajamtours.com\/wp-content\/uploads\/2015\/07\/cropped-PanaJamTours-1-e1452391999906.png\",\"width\":200,\"height\":166,\"caption\":\"PanaJam Tours\"},\"image\":{\"@id\":\"https:\/\/www.panajamtours.com\/es\/#\/schema\/logo\/image\/\"},\"sameAs\":[\"https:\/\/www.facebook.com\/PanaJamTours\/\",\"https:\/\/x.com\/panajamtours\",\"https:\/\/www.instagram.com\/PanaJamTours\/\"]}]}<\/script>\n<!-- \/ Yoast SEO plugin. -->","yoast_head_json":{"title":"HOTEL PALMA ROYALE  - PanaJam Tours","robots":{"index":"index","follow":"follow","max-snippet":"max-snippet:-1","max-image-preview":"max-image-preview:large","max-video-preview":"max-video-preview:-1"},"canonical":"https:\/\/www.panajamtours.com\/product\/hotel-palma-royale","og_locale":"es_ES","og_type":"article","og_title":"HOTEL PALMA ROYALE  - PanaJam Tours","og_url":"https:\/\/www.panajamtours.com\/product\/hotel-palma-royale","og_site_name":"PanaJam Tours","article_publisher":"https:\/\/www.facebook.com\/PanaJamTours\/","article_modified_time":"2020-07-03T16:30:27+00:00","og_image":[{"width":402,"height":500,"url":"https:\/\/www.panajamtours.com\/wp-content\/uploads\/2018\/01\/palma-royale-2.jpg","type":"image\/jpeg"}],"twitter_card":"summary_large_image","twitter_site":"@panajamtours","twitter_misc":{"Tiempo de lectura":"1 minuto"},"schema":{"@context":"https:\/\/schema.org","@graph":[{"@type":"WebPage","@id":"https:\/\/www.panajamtours.com\/product\/hotel-palma-royale","url":"https:\/\/www.panajamtours.com\/product\/hotel-palma-royale","name":"HOTEL PALMA ROYALE - PanaJam Tours","isPartOf":{"@id":"https:\/\/www.panajamtours.com\/es\/#website"},"primaryImageOfPage":{"@id":"https:\/\/www.panajamtours.com\/product\/hotel-palma-royale#primaryimage"},"image":{"@id":"https:\/\/www.panajamtours.com\/product\/hotel-palma-royale#primaryimage"},"thumbnailUrl":"https:\/\/www.panajamtours.com\/wp-content\/uploads\/2018\/01\/palma-royale-2.jpg","datePublished":"2018-01-11T21:53:23+00:00","dateModified":"2020-07-03T16:30:27+00:00","breadcrumb":{"@id":"https:\/\/www.panajamtours.com\/product\/hotel-palma-royale#breadcrumb"},"inLanguage":"es","potentialAction":[{"@type":"ReadAction","target":["https:\/\/www.panajamtours.com\/product\/hotel-palma-royale"]}]},{"@type":"ImageObject","inLanguage":"es","@id":"https:\/\/www.panajamtours.com\/product\/hotel-palma-royale#primaryimage","url":"https:\/\/www.panajamtours.com\/wp-content\/uploads\/2018\/01\/palma-royale-2.jpg","contentUrl":"https:\/\/www.panajamtours.com\/wp-content\/uploads\/2018\/01\/palma-royale-2.jpg","width":402,"height":500,"caption":"Hotel Palma Royale"},{"@type":"BreadcrumbList","@id":"https:\/\/www.panajamtours.com\/product\/hotel-palma-royale#breadcrumb","itemListElement":[{"@type":"ListItem","position":1,"name":"Home","item":"https:\/\/www.panajamtours.com\/es\/"},{"@type":"ListItem","position":2,"name":"Opciones de vacaciones","item":"https:\/\/www.panajamtours.com\/es\/shop"},{"@type":"ListItem","position":3,"name":"HOTEL PALMA ROYALE"}]},{"@type":"WebSite","@id":"https:\/\/www.panajamtours.com\/es\/#website","url":"https:\/\/www.panajamtours.com\/es\/","name":"PanaJam Tours","description":"Agencia de Viajes","publisher":{"@id":"https:\/\/www.panajamtours.com\/es\/#organization"},"potentialAction":[{"@type":"SearchAction","target":{"@type":"EntryPoint","urlTemplate":"https:\/\/www.panajamtours.com\/es\/?s={search_term_string}"},"query-input":{"@type":"PropertyValueSpecification","valueRequired":true,"valueName":"search_term_string"}}],"inLanguage":"es"},{"@type":"Organization","@id":"https:\/\/www.panajamtours.com\/es\/#organization","name":"PanaJam Tours","url":"https:\/\/www.panajamtours.com\/es\/","logo":{"@type":"ImageObject","inLanguage":"es","@id":"https:\/\/www.panajamtours.com\/es\/#\/schema\/logo\/image\/","url":"https:\/\/www.panajamtours.com\/wp-content\/uploads\/2015\/07\/cropped-PanaJamTours-1-e1452391999906.png","contentUrl":"https:\/\/www.panajamtours.com\/wp-content\/uploads\/2015\/07\/cropped-PanaJamTours-1-e1452391999906.png","width":200,"height":166,"caption":"PanaJam Tours"},"image":{"@id":"https:\/\/www.panajamtours.com\/es\/#\/schema\/logo\/image\/"},"sameAs":["https:\/\/www.facebook.com\/PanaJamTours\/","https:\/\/x.com\/panajamtours","https:\/\/www.instagram.com\/PanaJamTours\/"]}]}},"_links":{"self":[{"href":"https:\/\/www.panajamtours.com\/es\/wp-json\/wp\/v2\/product\/3865","targetHints":{"allow":["GET"]}}],"collection":[{"href":"https:\/\/www.panajamtours.com\/es\/wp-json\/wp\/v2\/product"}],"about":[{"href":"https:\/\/www.panajamtours.com\/es\/wp-json\/wp\/v2\/types\/product"}],"wp:featuredmedia":[{"embeddable":true,"href":"https:\/\/www.panajamtours.com\/es\/wp-json\/wp\/v2\/media\/3867"}],"wp:attachment":[{"href":"https:\/\/www.panajamtours.com\/es\/wp-json\/wp\/v2\/media?parent=3865"}],"wp:term":[{"taxonomy":"product_cat","embeddable":true,"href":"https:\/\/www.panajamtours.com\/es\/wp-json\/wp\/v2\/product_cat?post=3865"},{"taxonomy":"product_tag","embeddable":true,"href":"https:\/\/www.panajamtours.com\/es\/wp-json\/wp\/v2\/product_tag?post=3865"}],"curies":[{"name":"wp","href":"https:\/\/api.w.org\/{rel}","templated":true}]}}