{"id":3791,"date":"2018-01-08T12:01:31","date_gmt":"2018-01-08T17:01:31","guid":{"rendered":"http:\/\/www.panajamtours.com\/?post_type=product&#038;p=3791"},"modified":"2018-01-26T11:47:52","modified_gmt":"2018-01-26T16:47:52","slug":"hotel-bocas-del-toro","status":"publish","type":"product","link":"https:\/\/www.panajamtours.com\/es\/product\/hotel-bocas-del-toro","title":{"rendered":"HOTEL BOCAS DEL TORO"},"content":{"rendered":"<h4 style=\"text-align: center;\"><strong><span style=\"color: #ff6600;\">Hotel\u00a0Bocas del Toro\u00a0<\/span><\/strong><\/h4>\n<h6 style=\"text-align: center;\"><span style=\"color: #000000;\">El Hotel Bocas del Toro se encuentra localizado en calle 1a. isla Colon Bocas del Toro\u00a0<\/span><\/h6>\n<h6 style=\"text-align: center;\"><span style=\"color: #000000;\">Junto a aguas cristalinas\u00a0 con una mezcla de elegancia \u00fanica y ambiente hist\u00f3rico de artesan\u00edas de maderas<\/span><\/h6>\n<p><span style=\"color: #ff6600;\"><img loading=\"lazy\" decoding=\"async\" class=\"wp-image-3792 aligncenter lazyload\" data-src=\"http:\/\/www.panajamtours.com\/wp-content\/uploads\/2018\/01\/LOGO_BOCAS_DEL_TORO-300x181.png\" alt=\"\" width=\"193\" height=\"116\" data-srcset=\"https:\/\/www.panajamtours.com\/wp-content\/uploads\/2018\/01\/LOGO_BOCAS_DEL_TORO-300x182.png 300w, https:\/\/www.panajamtours.com\/wp-content\/uploads\/2018\/01\/LOGO_BOCAS_DEL_TORO.png 302w\" data-sizes=\"auto, (max-width: 193px) 100vw, 193px\" src=\"data:image\/gif;base64,R0lGODlhAQABAAAAACH5BAEKAAEALAAAAAABAAEAAAICTAEAOw==\" style=\"--smush-placeholder-width: 193px; --smush-placeholder-aspect-ratio: 193\/116;\" \/><noscript><img loading=\"lazy\" decoding=\"async\" class=\" wp-image-3792 aligncenter\" src=\"http:\/\/www.panajamtours.com\/wp-content\/uploads\/2018\/01\/LOGO_BOCAS_DEL_TORO-300x181.png\" alt=\"\" width=\"193\" height=\"116\" srcset=\"https:\/\/www.panajamtours.com\/wp-content\/uploads\/2018\/01\/LOGO_BOCAS_DEL_TORO-300x182.png 300w, https:\/\/www.panajamtours.com\/wp-content\/uploads\/2018\/01\/LOGO_BOCAS_DEL_TORO.png 302w\" sizes=\"auto, (max-width: 193px) 100vw, 193px\" \/><\/noscript><\/span><\/p>\n<h5><span style=\"color: #ff6600;\"><strong>Servicios principales:\u00a0<\/strong><\/span><\/h5>\n<h6><span style=\"color: #000000;\">\u2666 11 habitaciones<\/span><\/h6>\n<h6><span style=\"color: #000000;\">\u2666 Restaurante<\/span><\/h6>\n<h6><span style=\"color: #000000;\">\u2666 Terraza<\/span><\/h6>\n<h6><span style=\"color: #000000;\">\u2666 Aire acondicionado<\/span><\/h6>\n<h6><span style=\"color: #000000;\">\u2666 Servicio de limpieza diario<\/span><\/h6>\n<h6><span style=\"color: #000000;\">\u2666 Caja de seguridad en la recepci\u00f3n<\/span><\/h6>\n<h6><span style=\"color: #000000;\">\u2666 Lavander\u00eda autoservicio ($)<\/span><\/h6>\n<h6><span style=\"color: #000000;\">\u2666 Servicios de concierge<\/span><\/h6>\n<h6><span style=\"color: #000000;\">\u2666 Peri\u00f3dicos gratuitos en el lobby<\/span><\/h6>\n<h6><span style=\"color: #000000;\">\u2666 Resguardo de equipaje<\/span><\/h6>\n<h6><span style=\"color: #000000;\">\u2666 Recepci\u00f3n con horario limitado<\/span><\/h6>\n<h6><span style=\"color: #000000;\">\u2666 Asistencia tur\u00edstica y para la compra de entradas<strong> (Coordine sus excursiones)<\/strong><\/span><\/h6>\n<h6><span style=\"color: #000000;\">\u2666 Wifi gratis<\/span><\/h6>\n<p>&nbsp;<\/p>\n<h5><span style=\"color: #ff6600;\"><strong>Habitaciones:<\/strong><\/span><\/h5>\n<h6 style=\"text-align: left;\"><span style=\"color: #000000;\">Las habitaciones del Bocas del Toro presentan una decoraci\u00f3n elegante de estilo n\u00e1utico y todas ofrecen:\u00a0<\/span><\/h6>\n<h6 style=\"text-align: left;\"><span style=\"color: #000000;\">WiFi, Aire acondicionado, Pantalla Plana con Cable TV, camas ortopedicas, tel\u00e9fono, secador de cabello, cafetera<\/span><\/h6>\n<h6 style=\"text-align: left;\"><span style=\"color: #000000;\">caf\u00e9 org\u00e1nico, caja de seguridad, agua caliente, amenidades para el ba\u00f1o, toallas de playa y flores frescas naturales.<\/span><\/h6>\n<h6><strong><span style=\"color: #000000;\">&#8211; Habitaci\u00f3n Estandar<\/span><\/strong><\/h6>\n<h6><strong><span style=\"color: #000000;\">&#8211; Habitaci\u00f3n Premium<\/span><\/strong><\/h6>\n<h6><strong><span style=\"color: #000000;\">&#8211; Habitaci\u00f3n Suite de Lujo\u00a0<\/span><\/strong><\/h6>\n<h5><\/h5>\n<h5><span style=\"color: #ff6600;\"><strong>Restaurante y Bar:<\/strong><\/span><\/h5>\n<h6><span style=\"color: #000000;\">\u00a0Disfrutar de la brisa del mar y la magn\u00edfica vista de las islas vecinas es posible en nuestro restaurante abierto con baranda al aire libre, terraza y mesas de madera hechas de cedro aut\u00f3ctono.\u00a0<\/span><\/h6>\n<h6><span style=\"color: #000000;\">El restaurante ofrece los sabores t\u00edpicos de Bocas del Toro, con un innovador men\u00fa de platos tropicales, regionales y locales. Tiente su paladar con una fresca corvina o una langosta a nuestro estilo.<\/span><\/h6>\n<h6><span style=\"color: #000000;\"><strong>Bar:<\/strong><\/span><\/h6>\n<h6><span style=\"color: #000000;\"><strong>\u00a0<\/strong>A un costado de la entrada principal del hotel, con asientos al aire libre, nuestro bar es el m\u00e1s animado y amigable de la isla.\u00a0<\/span><\/h6>\n<h6><span style=\"color: #000000;\">En el bar se sirven copetines y platos del men\u00fa ofreci\u00e9ndole una amplia selecci\u00f3n de bebidas: desde un jugo de naranjas reci\u00e9n exprimido por la ma\u00f1ana hasta el m\u00e1s creativo de los c\u00f3cteles de frutas.\u00a0<\/span><\/h6>\n<p>&nbsp;<\/p>\n<h4 style=\"text-align: center;\"><span style=\"color: #ff6600;\"><strong><em>HOTEL BOCAS DEL TORO\u00a0<\/em><\/strong><\/span><\/h4>\n","protected":false},"excerpt":{"rendered":"<h4 style=\"text-align: center;\"><span style=\"color: #ff6600;\"><strong>Mezcla \u00fanica de elegancia simple y ambiente hist\u00f3rico.<\/strong><\/span><\/h4>\n","protected":false},"featured_media":3793,"template":"","meta":[],"product_cat":[232],"product_tag":[26,25,42,43,28,36,24],"class_list":{"0":"post-3791","1":"product","2":"type-product","3":"status-publish","4":"has-post-thumbnail","6":"product_cat-bocas-del-toro-hotels","7":"product_tag-beach","8":"product_tag-bocas-del-toro","9":"product_tag-hotel","10":"product_tag-playa","11":"product_tag-tour","12":"product_tag-tours","13":"product_tag-vacation","15":"first","16":"instock","17":"shipping-taxable","18":"product-type-simple"},"translation":{"provider":"WPGlobus","version":"3.0.0","language":"es","enabled_languages":["en","es"],"languages":{"en":{"title":true,"content":false,"excerpt":false},"es":{"title":true,"content":true,"excerpt":true}}},"yoast_head":"<!-- This site is optimized with the Yoast SEO plugin v23.9 - https:\/\/yoast.com\/wordpress\/plugins\/seo\/ -->\n<title>HOTEL BOCAS DEL TORO - PanaJam Tours<\/title>\n<meta name=\"robots\" content=\"index, follow, max-snippet:-1, max-image-preview:large, max-video-preview:-1\" \/>\n<link rel=\"canonical\" href=\"https:\/\/www.panajamtours.com\/product\/hotel-bocas-del-toro\" \/>\n<meta property=\"og:locale\" content=\"es_ES\" \/>\n<meta property=\"og:type\" content=\"article\" \/>\n<meta property=\"og:title\" content=\"HOTEL BOCAS DEL TORO - PanaJam Tours\" \/>\n<meta property=\"og:url\" content=\"https:\/\/www.panajamtours.com\/product\/hotel-bocas-del-toro\" \/>\n<meta property=\"og:site_name\" content=\"PanaJam Tours\" \/>\n<meta property=\"article:publisher\" content=\"https:\/\/www.facebook.com\/PanaJamTours\/\" \/>\n<meta property=\"article:modified_time\" content=\"2018-01-26T16:47:52+00:00\" \/>\n<meta property=\"og:image\" content=\"https:\/\/www.panajamtours.com\/wp-content\/uploads\/2018\/01\/19eb628f-2285-41aa-bf35-0052316e67bd.jpg\" \/>\n\t<meta property=\"og:image:width\" content=\"750\" \/>\n\t<meta property=\"og:image:height\" content=\"600\" \/>\n\t<meta property=\"og:image:type\" content=\"image\/jpeg\" \/>\n<meta name=\"twitter:card\" content=\"summary_large_image\" \/>\n<meta name=\"twitter:site\" content=\"@panajamtours\" \/>\n<meta name=\"twitter:label1\" content=\"Tiempo de lectura\" \/>\n\t<meta name=\"twitter:data1\" content=\"2 minutos\" \/>\n<script type=\"application\/ld+json\" class=\"yoast-schema-graph\">{\"@context\":\"https:\/\/schema.org\",\"@graph\":[{\"@type\":\"WebPage\",\"@id\":\"https:\/\/www.panajamtours.com\/product\/hotel-bocas-del-toro\",\"url\":\"https:\/\/www.panajamtours.com\/product\/hotel-bocas-del-toro\",\"name\":\"HOTEL BOCAS DEL TORO - PanaJam Tours\",\"isPartOf\":{\"@id\":\"https:\/\/www.panajamtours.com\/es\/#website\"},\"primaryImageOfPage\":{\"@id\":\"https:\/\/www.panajamtours.com\/product\/hotel-bocas-del-toro#primaryimage\"},\"image\":{\"@id\":\"https:\/\/www.panajamtours.com\/product\/hotel-bocas-del-toro#primaryimage\"},\"thumbnailUrl\":\"https:\/\/www.panajamtours.com\/wp-content\/uploads\/2018\/01\/19eb628f-2285-41aa-bf35-0052316e67bd.jpg\",\"datePublished\":\"2018-01-08T17:01:31+00:00\",\"dateModified\":\"2018-01-26T16:47:52+00:00\",\"breadcrumb\":{\"@id\":\"https:\/\/www.panajamtours.com\/product\/hotel-bocas-del-toro#breadcrumb\"},\"inLanguage\":\"es\",\"potentialAction\":[{\"@type\":\"ReadAction\",\"target\":[\"https:\/\/www.panajamtours.com\/product\/hotel-bocas-del-toro\"]}]},{\"@type\":\"ImageObject\",\"inLanguage\":\"es\",\"@id\":\"https:\/\/www.panajamtours.com\/product\/hotel-bocas-del-toro#primaryimage\",\"url\":\"https:\/\/www.panajamtours.com\/wp-content\/uploads\/2018\/01\/19eb628f-2285-41aa-bf35-0052316e67bd.jpg\",\"contentUrl\":\"https:\/\/www.panajamtours.com\/wp-content\/uploads\/2018\/01\/19eb628f-2285-41aa-bf35-0052316e67bd.jpg\",\"width\":750,\"height\":600,\"caption\":\"Hotel Bocas del toro\"},{\"@type\":\"BreadcrumbList\",\"@id\":\"https:\/\/www.panajamtours.com\/product\/hotel-bocas-del-toro#breadcrumb\",\"itemListElement\":[{\"@type\":\"ListItem\",\"position\":1,\"name\":\"Home\",\"item\":\"https:\/\/www.panajamtours.com\/es\/\"},{\"@type\":\"ListItem\",\"position\":2,\"name\":\"Opciones de vacaciones\",\"item\":\"https:\/\/www.panajamtours.com\/es\/shop\"},{\"@type\":\"ListItem\",\"position\":3,\"name\":\"HOTEL BOCAS DEL TORO\"}]},{\"@type\":\"WebSite\",\"@id\":\"https:\/\/www.panajamtours.com\/es\/#website\",\"url\":\"https:\/\/www.panajamtours.com\/es\/\",\"name\":\"PanaJam Tours\",\"description\":\"Agencia de Viajes\",\"publisher\":{\"@id\":\"https:\/\/www.panajamtours.com\/es\/#organization\"},\"potentialAction\":[{\"@type\":\"SearchAction\",\"target\":{\"@type\":\"EntryPoint\",\"urlTemplate\":\"https:\/\/www.panajamtours.com\/es\/?s={search_term_string}\"},\"query-input\":{\"@type\":\"PropertyValueSpecification\",\"valueRequired\":true,\"valueName\":\"search_term_string\"}}],\"inLanguage\":\"es\"},{\"@type\":\"Organization\",\"@id\":\"https:\/\/www.panajamtours.com\/es\/#organization\",\"name\":\"PanaJam Tours\",\"url\":\"https:\/\/www.panajamtours.com\/es\/\",\"logo\":{\"@type\":\"ImageObject\",\"inLanguage\":\"es\",\"@id\":\"https:\/\/www.panajamtours.com\/es\/#\/schema\/logo\/image\/\",\"url\":\"https:\/\/www.panajamtours.com\/wp-content\/uploads\/2015\/07\/cropped-PanaJamTours-1-e1452391999906.png\",\"contentUrl\":\"https:\/\/www.panajamtours.com\/wp-content\/uploads\/2015\/07\/cropped-PanaJamTours-1-e1452391999906.png\",\"width\":200,\"height\":166,\"caption\":\"PanaJam Tours\"},\"image\":{\"@id\":\"https:\/\/www.panajamtours.com\/es\/#\/schema\/logo\/image\/\"},\"sameAs\":[\"https:\/\/www.facebook.com\/PanaJamTours\/\",\"https:\/\/x.com\/panajamtours\",\"https:\/\/www.instagram.com\/PanaJamTours\/\"]}]}<\/script>\n<!-- \/ Yoast SEO plugin. -->","yoast_head_json":{"title":"HOTEL BOCAS DEL TORO - PanaJam Tours","robots":{"index":"index","follow":"follow","max-snippet":"max-snippet:-1","max-image-preview":"max-image-preview:large","max-video-preview":"max-video-preview:-1"},"canonical":"https:\/\/www.panajamtours.com\/product\/hotel-bocas-del-toro","og_locale":"es_ES","og_type":"article","og_title":"HOTEL BOCAS DEL TORO - PanaJam Tours","og_url":"https:\/\/www.panajamtours.com\/product\/hotel-bocas-del-toro","og_site_name":"PanaJam Tours","article_publisher":"https:\/\/www.facebook.com\/PanaJamTours\/","article_modified_time":"2018-01-26T16:47:52+00:00","og_image":[{"width":750,"height":600,"url":"https:\/\/www.panajamtours.com\/wp-content\/uploads\/2018\/01\/19eb628f-2285-41aa-bf35-0052316e67bd.jpg","type":"image\/jpeg"}],"twitter_card":"summary_large_image","twitter_site":"@panajamtours","twitter_misc":{"Tiempo de lectura":"2 minutos"},"schema":{"@context":"https:\/\/schema.org","@graph":[{"@type":"WebPage","@id":"https:\/\/www.panajamtours.com\/product\/hotel-bocas-del-toro","url":"https:\/\/www.panajamtours.com\/product\/hotel-bocas-del-toro","name":"HOTEL BOCAS DEL TORO - PanaJam Tours","isPartOf":{"@id":"https:\/\/www.panajamtours.com\/es\/#website"},"primaryImageOfPage":{"@id":"https:\/\/www.panajamtours.com\/product\/hotel-bocas-del-toro#primaryimage"},"image":{"@id":"https:\/\/www.panajamtours.com\/product\/hotel-bocas-del-toro#primaryimage"},"thumbnailUrl":"https:\/\/www.panajamtours.com\/wp-content\/uploads\/2018\/01\/19eb628f-2285-41aa-bf35-0052316e67bd.jpg","datePublished":"2018-01-08T17:01:31+00:00","dateModified":"2018-01-26T16:47:52+00:00","breadcrumb":{"@id":"https:\/\/www.panajamtours.com\/product\/hotel-bocas-del-toro#breadcrumb"},"inLanguage":"es","potentialAction":[{"@type":"ReadAction","target":["https:\/\/www.panajamtours.com\/product\/hotel-bocas-del-toro"]}]},{"@type":"ImageObject","inLanguage":"es","@id":"https:\/\/www.panajamtours.com\/product\/hotel-bocas-del-toro#primaryimage","url":"https:\/\/www.panajamtours.com\/wp-content\/uploads\/2018\/01\/19eb628f-2285-41aa-bf35-0052316e67bd.jpg","contentUrl":"https:\/\/www.panajamtours.com\/wp-content\/uploads\/2018\/01\/19eb628f-2285-41aa-bf35-0052316e67bd.jpg","width":750,"height":600,"caption":"Hotel Bocas del toro"},{"@type":"BreadcrumbList","@id":"https:\/\/www.panajamtours.com\/product\/hotel-bocas-del-toro#breadcrumb","itemListElement":[{"@type":"ListItem","position":1,"name":"Home","item":"https:\/\/www.panajamtours.com\/es\/"},{"@type":"ListItem","position":2,"name":"Opciones de vacaciones","item":"https:\/\/www.panajamtours.com\/es\/shop"},{"@type":"ListItem","position":3,"name":"HOTEL BOCAS DEL TORO"}]},{"@type":"WebSite","@id":"https:\/\/www.panajamtours.com\/es\/#website","url":"https:\/\/www.panajamtours.com\/es\/","name":"PanaJam Tours","description":"Agencia de Viajes","publisher":{"@id":"https:\/\/www.panajamtours.com\/es\/#organization"},"potentialAction":[{"@type":"SearchAction","target":{"@type":"EntryPoint","urlTemplate":"https:\/\/www.panajamtours.com\/es\/?s={search_term_string}"},"query-input":{"@type":"PropertyValueSpecification","valueRequired":true,"valueName":"search_term_string"}}],"inLanguage":"es"},{"@type":"Organization","@id":"https:\/\/www.panajamtours.com\/es\/#organization","name":"PanaJam Tours","url":"https:\/\/www.panajamtours.com\/es\/","logo":{"@type":"ImageObject","inLanguage":"es","@id":"https:\/\/www.panajamtours.com\/es\/#\/schema\/logo\/image\/","url":"https:\/\/www.panajamtours.com\/wp-content\/uploads\/2015\/07\/cropped-PanaJamTours-1-e1452391999906.png","contentUrl":"https:\/\/www.panajamtours.com\/wp-content\/uploads\/2015\/07\/cropped-PanaJamTours-1-e1452391999906.png","width":200,"height":166,"caption":"PanaJam Tours"},"image":{"@id":"https:\/\/www.panajamtours.com\/es\/#\/schema\/logo\/image\/"},"sameAs":["https:\/\/www.facebook.com\/PanaJamTours\/","https:\/\/x.com\/panajamtours","https:\/\/www.instagram.com\/PanaJamTours\/"]}]}},"_links":{"self":[{"href":"https:\/\/www.panajamtours.com\/es\/wp-json\/wp\/v2\/product\/3791","targetHints":{"allow":["GET"]}}],"collection":[{"href":"https:\/\/www.panajamtours.com\/es\/wp-json\/wp\/v2\/product"}],"about":[{"href":"https:\/\/www.panajamtours.com\/es\/wp-json\/wp\/v2\/types\/product"}],"wp:featuredmedia":[{"embeddable":true,"href":"https:\/\/www.panajamtours.com\/es\/wp-json\/wp\/v2\/media\/3793"}],"wp:attachment":[{"href":"https:\/\/www.panajamtours.com\/es\/wp-json\/wp\/v2\/media?parent=3791"}],"wp:term":[{"taxonomy":"product_cat","embeddable":true,"href":"https:\/\/www.panajamtours.com\/es\/wp-json\/wp\/v2\/product_cat?post=3791"},{"taxonomy":"product_tag","embeddable":true,"href":"https:\/\/www.panajamtours.com\/es\/wp-json\/wp\/v2\/product_tag?post=3791"}],"curies":[{"name":"wp","href":"https:\/\/api.w.org\/{rel}","templated":true}]}}