{"id":3772,"date":"2018-01-05T16:45:27","date_gmt":"2018-01-05T21:45:27","guid":{"rendered":"http:\/\/www.panajamtours.com\/?post_type=product&#038;p=3772"},"modified":"2020-07-03T11:30:03","modified_gmt":"2020-07-03T16:30:03","slug":"gran-hotel-bahia","status":"publish","type":"product","link":"https:\/\/www.panajamtours.com\/es\/product\/gran-hotel-bahia","title":{"rendered":"GRAN HOTEL BAH\u00cdA"},"content":{"rendered":"<h4 style=\"text-align: center;\"><span style=\"color: #333399;\"><strong>Hotel\u00a0<\/strong><\/span><\/h4>\n<h4 style=\"text-align: center;\"><span style=\"color: #333399;\"><strong>Gran Hotel Bah\u00eda<\/strong><\/span><\/h4>\n<h6 style=\"text-align: center;\"><span style=\"color: #000000;\">El Gran Hotel Bah\u00eda est\u00e1 localizado en el extremo sur de la Calle Tercera, ciudad de Bocas del Toro, en la paradis\u00edaca Isla Col\u00f3n, en un majestuoso edificio de madera que ya celebr\u00f3 su centenario y a\u00fan se mantiene firme.<\/span><\/h6>\n<p><img loading=\"lazy\" decoding=\"async\" class=\"wp-image-3773 aligncenter lazyload\" data-src=\"http:\/\/www.panajamtours.com\/wp-content\/uploads\/2018\/01\/Gran-Hotel-Bahia.png\" alt=\"\" width=\"160\" height=\"108\" src=\"data:image\/gif;base64,R0lGODlhAQABAAAAACH5BAEKAAEALAAAAAABAAEAAAICTAEAOw==\" style=\"--smush-placeholder-width: 160px; --smush-placeholder-aspect-ratio: 160\/108;\" \/><noscript><img loading=\"lazy\" decoding=\"async\" class=\" wp-image-3773 aligncenter\" src=\"http:\/\/www.panajamtours.com\/wp-content\/uploads\/2018\/01\/Gran-Hotel-Bahia.png\" alt=\"\" width=\"160\" height=\"108\" \/><\/noscript><\/p>\n<p style=\"text-align: center;\"><span style=\"color: #000000;\"><strong>Check In: 3: 00 PM\u00a0 \u00a0 Check Out: 12.00 MD<\/strong><\/span><\/p>\n<p>&nbsp;<\/p>\n<h5><span style=\"color: #333399;\"><strong>Servicios principales:\u00a0<\/strong><\/span><\/h5>\n<ul>\n<li>\n<h6><span style=\"color: #000000;\">18 habitaciones<\/span><\/h6>\n<\/li>\n<li>\n<h6><span style=\"color: #000000;\">Cerca de la playa<\/span><\/h6>\n<\/li>\n<li>\n<h6><span style=\"color: #000000;\">Restaurante<\/span><\/h6>\n<\/li>\n<li>\n<h6><span style=\"color: #000000;\">Servicio gratuito de traslado al aeropuerto <\/span><b style=\"color: #000000;\">(previa <\/b><span style=\"color: #000000;\"><b>reservacion<\/b><\/span><b style=\"color: #000000;\">)<\/b><\/h6>\n<\/li>\n<li>\n<h6><span style=\"color: #000000;\">Aire acondicionado<\/span><\/h6>\n<\/li>\n<li>\n<h6><span style=\"color: #000000;\">Servicio de limpieza diario<\/span><\/h6>\n<\/li>\n<li>\n<h6><span style=\"color: #000000;\">Caja de seguridad en la recepci\u00f3n<\/span><\/h6>\n<\/li>\n<li>\n<h6><span style=\"color: #000000;\">Servicio de tintorer\u00eda\/lavander\u00eda ($)<\/span><\/h6>\n<\/li>\n<li>\n<h6><span style=\"color: #000000;\">Servicios de concierge<\/span><\/h6>\n<\/li>\n<li>\n<h6><span style=\"color: #000000;\">Resguardo de equipaje<\/span><\/h6>\n<\/li>\n<li>\n<h6><span style=\"color: #000000;\">Asistencia tur\u00edstica y para la compra de entradas <strong>(coordine sus excursiones)<\/strong><\/span><\/h6>\n<\/li>\n<\/ul>\n<ul class=\"details\">\n<li>\n<h6><span style=\"color: #000000;\">Desayuno buffet gratis,<\/span><\/h6>\n<\/li>\n<li>\n<h6><span style=\"color: #000000;\"> wifi gratis\u00a0<\/span><\/h6>\n<\/li>\n<li>\n<h6><span style=\"color: #000000;\"> estacionamiento gratis<\/span><\/h6>\n<\/li>\n<\/ul>\n<p>&nbsp;<\/p>\n<h5><span style=\"color: #000080;\"><strong>Habitaciones:\u00a0<\/strong><\/span><\/h5>\n<h6><span style=\"color: #000000;\">En nuestro hotel contamos con 18 habitaciones amplias y c\u00f3modas\u00a0todas con aire acondicionado, televisi\u00f3n por cable, cajas de seguridad y ba\u00f1o privado con agua caliente,distribuidas de la siguiente manera:\u00a0<\/span><\/h6>\n<h6><span style=\"color: #000000;\">\u2666 En planta baja:<\/span><\/h6>\n<h6><span style=\"color: #000000;\">Cuatro habitaciones EST\u00c1NDAR, cada una con una cama doble y una sencilla.<\/span><br \/>\n<span style=\"color: #000000;\">Dos habitaciones EST\u00c1NDAR, cada una con dos camas dobles<\/span><br \/>\n<span style=\"color: #000000;\">Una\u00a0habitaci\u00f3n DELUXE, con dos camas dobles, con facilidades para hu\u00e9spedes con movilidad disminuida (<strong><em>NUEVO!<\/em><\/strong><em>)<\/em><\/span><br \/>\n<span style=\"color: #000000;\">Una habitaci\u00f3n DELUXE con una cama King\u00a0(<strong><em>NUEVO!<\/em><\/strong><em>)<\/em><\/span><\/h6>\n<h6><span style=\"color: #000000;\">\u2666 En planta alta:<\/span><br \/>\n<span style=\"color: #000000;\">Cuatro habitaciones DELUXE, cada una con una cama Queen<\/span><br \/>\n<span style=\"color: #000000;\">Cuatro habitaciones DELUXE, cada una con dos camas Queen<\/span><\/h6>\n<h6><span style=\"color: #000000;\">Dos habitaciones Deluxe Plus\u00a0 con una cama King,\u00a0 un sof\u00e1 cama y mini refri\u00a0<strong><em>(NUEVO!)<\/em><\/strong><\/span><\/h6>\n<h6 align=\"left\"><span style=\"color: #000000;\">Todos nuestros hu\u00e9spedes est\u00e1n invitados a relajarse en el gran balc\u00f3n del piso superior y disfrutar de la magn\u00edfica vista de la bah\u00eda y de la calle principal<\/span><\/h6>\n<h5><span style=\"color: #000080;\"><strong>Restaurantes:\u00a0<\/strong><\/span><\/h5>\n<h6><span style=\"color: #000000;\">Los hu\u00e9spedes pueden disfrutar de cocina internacional, comida local y platos de carne en el restaurante del Gran Hotel Bah\u00eda.<\/span><\/h6>\n<p>&nbsp;<\/p>\n<p>&nbsp;<\/p>\n","protected":false},"excerpt":{"rendered":"<h5 style=\"text-align: center;\"><span style=\"color: #000080;\"><strong>Popular y Majestuoso edificio y de ser un Centenario en isla Col\u00f3n\u00a0<\/strong><\/span><\/h5>\n","protected":false},"featured_media":3774,"template":"","meta":[],"product_cat":[232],"product_tag":[26,25,228,229,24],"class_list":{"0":"post-3772","1":"product","2":"type-product","3":"status-publish","4":"has-post-thumbnail","6":"product_cat-bocas-del-toro-hotels","7":"product_tag-beach","8":"product_tag-bocas-del-toro","9":"product_tag-caribe","10":"product_tag-paquetes","11":"product_tag-vacation","13":"first","14":"instock","15":"shipping-taxable","16":"product-type-simple"},"translation":{"provider":"WPGlobus","version":"3.0.0","language":"es","enabled_languages":["en","es"],"languages":{"en":{"title":true,"content":false,"excerpt":true},"es":{"title":true,"content":true,"excerpt":false}}},"yoast_head":"<!-- This site is optimized with the Yoast SEO plugin v23.9 - https:\/\/yoast.com\/wordpress\/plugins\/seo\/ -->\n<title>GRAN HOTEL BAH\u00cdA  - PanaJam Tours<\/title>\n<meta name=\"robots\" content=\"index, follow, max-snippet:-1, max-image-preview:large, max-video-preview:-1\" \/>\n<link rel=\"canonical\" href=\"https:\/\/www.panajamtours.com\/product\/gran-hotel-bahia\" \/>\n<meta property=\"og:locale\" content=\"es_ES\" \/>\n<meta property=\"og:type\" content=\"article\" \/>\n<meta property=\"og:title\" content=\"GRAN HOTEL BAH\u00cdA  - PanaJam Tours\" \/>\n<meta property=\"og:url\" content=\"https:\/\/www.panajamtours.com\/product\/gran-hotel-bahia\" \/>\n<meta property=\"og:site_name\" content=\"PanaJam Tours\" \/>\n<meta property=\"article:publisher\" content=\"https:\/\/www.facebook.com\/PanaJamTours\/\" \/>\n<meta property=\"article:modified_time\" content=\"2020-07-03T16:30:03+00:00\" \/>\n<meta property=\"og:image\" content=\"https:\/\/www.panajamtours.com\/wp-content\/uploads\/2018\/01\/13011936.jpg\" \/>\n\t<meta property=\"og:image:width\" content=\"960\" \/>\n\t<meta property=\"og:image:height\" content=\"635\" \/>\n\t<meta property=\"og:image:type\" content=\"image\/jpeg\" \/>\n<meta name=\"twitter:card\" content=\"summary_large_image\" \/>\n<meta name=\"twitter:site\" content=\"@panajamtours\" \/>\n<meta name=\"twitter:label1\" content=\"Tiempo de lectura\" \/>\n\t<meta name=\"twitter:data1\" content=\"1 minuto\" \/>\n<script type=\"application\/ld+json\" class=\"yoast-schema-graph\">{\"@context\":\"https:\/\/schema.org\",\"@graph\":[{\"@type\":\"WebPage\",\"@id\":\"https:\/\/www.panajamtours.com\/product\/gran-hotel-bahia\",\"url\":\"https:\/\/www.panajamtours.com\/product\/gran-hotel-bahia\",\"name\":\"GRAN HOTEL BAH\u00cdA - PanaJam Tours\",\"isPartOf\":{\"@id\":\"https:\/\/www.panajamtours.com\/es\/#website\"},\"primaryImageOfPage\":{\"@id\":\"https:\/\/www.panajamtours.com\/product\/gran-hotel-bahia#primaryimage\"},\"image\":{\"@id\":\"https:\/\/www.panajamtours.com\/product\/gran-hotel-bahia#primaryimage\"},\"thumbnailUrl\":\"https:\/\/www.panajamtours.com\/wp-content\/uploads\/2018\/01\/13011936.jpg\",\"datePublished\":\"2018-01-05T21:45:27+00:00\",\"dateModified\":\"2020-07-03T16:30:03+00:00\",\"breadcrumb\":{\"@id\":\"https:\/\/www.panajamtours.com\/product\/gran-hotel-bahia#breadcrumb\"},\"inLanguage\":\"es\",\"potentialAction\":[{\"@type\":\"ReadAction\",\"target\":[\"https:\/\/www.panajamtours.com\/product\/gran-hotel-bahia\"]}]},{\"@type\":\"ImageObject\",\"inLanguage\":\"es\",\"@id\":\"https:\/\/www.panajamtours.com\/product\/gran-hotel-bahia#primaryimage\",\"url\":\"https:\/\/www.panajamtours.com\/wp-content\/uploads\/2018\/01\/13011936.jpg\",\"contentUrl\":\"https:\/\/www.panajamtours.com\/wp-content\/uploads\/2018\/01\/13011936.jpg\",\"width\":960,\"height\":635,\"caption\":\"GRAN HOTEL BAHIA\"},{\"@type\":\"BreadcrumbList\",\"@id\":\"https:\/\/www.panajamtours.com\/product\/gran-hotel-bahia#breadcrumb\",\"itemListElement\":[{\"@type\":\"ListItem\",\"position\":1,\"name\":\"Home\",\"item\":\"https:\/\/www.panajamtours.com\/es\/\"},{\"@type\":\"ListItem\",\"position\":2,\"name\":\"Opciones de vacaciones\",\"item\":\"https:\/\/www.panajamtours.com\/es\/shop\"},{\"@type\":\"ListItem\",\"position\":3,\"name\":\"GRAN HOTEL BAH\u00cdA\"}]},{\"@type\":\"WebSite\",\"@id\":\"https:\/\/www.panajamtours.com\/es\/#website\",\"url\":\"https:\/\/www.panajamtours.com\/es\/\",\"name\":\"PanaJam Tours\",\"description\":\"Agencia de Viajes\",\"publisher\":{\"@id\":\"https:\/\/www.panajamtours.com\/es\/#organization\"},\"potentialAction\":[{\"@type\":\"SearchAction\",\"target\":{\"@type\":\"EntryPoint\",\"urlTemplate\":\"https:\/\/www.panajamtours.com\/es\/?s={search_term_string}\"},\"query-input\":{\"@type\":\"PropertyValueSpecification\",\"valueRequired\":true,\"valueName\":\"search_term_string\"}}],\"inLanguage\":\"es\"},{\"@type\":\"Organization\",\"@id\":\"https:\/\/www.panajamtours.com\/es\/#organization\",\"name\":\"PanaJam Tours\",\"url\":\"https:\/\/www.panajamtours.com\/es\/\",\"logo\":{\"@type\":\"ImageObject\",\"inLanguage\":\"es\",\"@id\":\"https:\/\/www.panajamtours.com\/es\/#\/schema\/logo\/image\/\",\"url\":\"https:\/\/www.panajamtours.com\/wp-content\/uploads\/2015\/07\/cropped-PanaJamTours-1-e1452391999906.png\",\"contentUrl\":\"https:\/\/www.panajamtours.com\/wp-content\/uploads\/2015\/07\/cropped-PanaJamTours-1-e1452391999906.png\",\"width\":200,\"height\":166,\"caption\":\"PanaJam Tours\"},\"image\":{\"@id\":\"https:\/\/www.panajamtours.com\/es\/#\/schema\/logo\/image\/\"},\"sameAs\":[\"https:\/\/www.facebook.com\/PanaJamTours\/\",\"https:\/\/x.com\/panajamtours\",\"https:\/\/www.instagram.com\/PanaJamTours\/\"]}]}<\/script>\n<!-- \/ Yoast SEO plugin. -->","yoast_head_json":{"title":"GRAN HOTEL BAH\u00cdA  - PanaJam Tours","robots":{"index":"index","follow":"follow","max-snippet":"max-snippet:-1","max-image-preview":"max-image-preview:large","max-video-preview":"max-video-preview:-1"},"canonical":"https:\/\/www.panajamtours.com\/product\/gran-hotel-bahia","og_locale":"es_ES","og_type":"article","og_title":"GRAN HOTEL BAH\u00cdA  - PanaJam Tours","og_url":"https:\/\/www.panajamtours.com\/product\/gran-hotel-bahia","og_site_name":"PanaJam Tours","article_publisher":"https:\/\/www.facebook.com\/PanaJamTours\/","article_modified_time":"2020-07-03T16:30:03+00:00","og_image":[{"width":960,"height":635,"url":"https:\/\/www.panajamtours.com\/wp-content\/uploads\/2018\/01\/13011936.jpg","type":"image\/jpeg"}],"twitter_card":"summary_large_image","twitter_site":"@panajamtours","twitter_misc":{"Tiempo de lectura":"1 minuto"},"schema":{"@context":"https:\/\/schema.org","@graph":[{"@type":"WebPage","@id":"https:\/\/www.panajamtours.com\/product\/gran-hotel-bahia","url":"https:\/\/www.panajamtours.com\/product\/gran-hotel-bahia","name":"GRAN HOTEL BAH\u00cdA - PanaJam Tours","isPartOf":{"@id":"https:\/\/www.panajamtours.com\/es\/#website"},"primaryImageOfPage":{"@id":"https:\/\/www.panajamtours.com\/product\/gran-hotel-bahia#primaryimage"},"image":{"@id":"https:\/\/www.panajamtours.com\/product\/gran-hotel-bahia#primaryimage"},"thumbnailUrl":"https:\/\/www.panajamtours.com\/wp-content\/uploads\/2018\/01\/13011936.jpg","datePublished":"2018-01-05T21:45:27+00:00","dateModified":"2020-07-03T16:30:03+00:00","breadcrumb":{"@id":"https:\/\/www.panajamtours.com\/product\/gran-hotel-bahia#breadcrumb"},"inLanguage":"es","potentialAction":[{"@type":"ReadAction","target":["https:\/\/www.panajamtours.com\/product\/gran-hotel-bahia"]}]},{"@type":"ImageObject","inLanguage":"es","@id":"https:\/\/www.panajamtours.com\/product\/gran-hotel-bahia#primaryimage","url":"https:\/\/www.panajamtours.com\/wp-content\/uploads\/2018\/01\/13011936.jpg","contentUrl":"https:\/\/www.panajamtours.com\/wp-content\/uploads\/2018\/01\/13011936.jpg","width":960,"height":635,"caption":"GRAN HOTEL BAHIA"},{"@type":"BreadcrumbList","@id":"https:\/\/www.panajamtours.com\/product\/gran-hotel-bahia#breadcrumb","itemListElement":[{"@type":"ListItem","position":1,"name":"Home","item":"https:\/\/www.panajamtours.com\/es\/"},{"@type":"ListItem","position":2,"name":"Opciones de vacaciones","item":"https:\/\/www.panajamtours.com\/es\/shop"},{"@type":"ListItem","position":3,"name":"GRAN HOTEL BAH\u00cdA"}]},{"@type":"WebSite","@id":"https:\/\/www.panajamtours.com\/es\/#website","url":"https:\/\/www.panajamtours.com\/es\/","name":"PanaJam Tours","description":"Agencia de Viajes","publisher":{"@id":"https:\/\/www.panajamtours.com\/es\/#organization"},"potentialAction":[{"@type":"SearchAction","target":{"@type":"EntryPoint","urlTemplate":"https:\/\/www.panajamtours.com\/es\/?s={search_term_string}"},"query-input":{"@type":"PropertyValueSpecification","valueRequired":true,"valueName":"search_term_string"}}],"inLanguage":"es"},{"@type":"Organization","@id":"https:\/\/www.panajamtours.com\/es\/#organization","name":"PanaJam Tours","url":"https:\/\/www.panajamtours.com\/es\/","logo":{"@type":"ImageObject","inLanguage":"es","@id":"https:\/\/www.panajamtours.com\/es\/#\/schema\/logo\/image\/","url":"https:\/\/www.panajamtours.com\/wp-content\/uploads\/2015\/07\/cropped-PanaJamTours-1-e1452391999906.png","contentUrl":"https:\/\/www.panajamtours.com\/wp-content\/uploads\/2015\/07\/cropped-PanaJamTours-1-e1452391999906.png","width":200,"height":166,"caption":"PanaJam Tours"},"image":{"@id":"https:\/\/www.panajamtours.com\/es\/#\/schema\/logo\/image\/"},"sameAs":["https:\/\/www.facebook.com\/PanaJamTours\/","https:\/\/x.com\/panajamtours","https:\/\/www.instagram.com\/PanaJamTours\/"]}]}},"_links":{"self":[{"href":"https:\/\/www.panajamtours.com\/es\/wp-json\/wp\/v2\/product\/3772","targetHints":{"allow":["GET"]}}],"collection":[{"href":"https:\/\/www.panajamtours.com\/es\/wp-json\/wp\/v2\/product"}],"about":[{"href":"https:\/\/www.panajamtours.com\/es\/wp-json\/wp\/v2\/types\/product"}],"wp:featuredmedia":[{"embeddable":true,"href":"https:\/\/www.panajamtours.com\/es\/wp-json\/wp\/v2\/media\/3774"}],"wp:attachment":[{"href":"https:\/\/www.panajamtours.com\/es\/wp-json\/wp\/v2\/media?parent=3772"}],"wp:term":[{"taxonomy":"product_cat","embeddable":true,"href":"https:\/\/www.panajamtours.com\/es\/wp-json\/wp\/v2\/product_cat?post=3772"},{"taxonomy":"product_tag","embeddable":true,"href":"https:\/\/www.panajamtours.com\/es\/wp-json\/wp\/v2\/product_tag?post=3772"}],"curies":[{"name":"wp","href":"https:\/\/api.w.org\/{rel}","templated":true}]}}