{"id":3192,"date":"2017-12-22T14:01:09","date_gmt":"2017-12-22T19:01:09","guid":{"rendered":"http:\/\/www.panajamtours.com\/?post_type=product&#038;p=3192"},"modified":"2020-07-03T11:30:03","modified_gmt":"2020-07-03T16:30:03","slug":"hotel-the-westin-playa-bonita","status":"publish","type":"product","link":"https:\/\/www.panajamtours.com\/es\/product\/hotel-the-westin-playa-bonita","title":{"rendered":"HOTEL THE WESTIN PLAYA BONITA"},"content":{"rendered":"<h4 style=\"text-align: center;\"><span style=\"color: #800080;\"><strong>Hotel The Westin Playa Bonita<\/strong><\/span><\/h4>\n<h6 style=\"text-align: center;\"><span style=\"color: #000000;\">Situado junto al Oc\u00e9ano Pac\u00edfico, a 2 kil\u00f3metros de playa de arena dorada y rodeado de un exuberante bosque tropical, este es el lugar ideal para disfrutar de la playa, la brisa y el mar<\/span><\/h6>\n<p><img loading=\"lazy\" decoding=\"async\" class=\"wp-image-3257 aligncenter lazyload\" data-src=\"http:\/\/www.panajamtours.com\/wp-content\/uploads\/2017\/12\/the-westin-playa-bonita.jpg\" alt=\"\" width=\"183\" height=\"67\" src=\"data:image\/gif;base64,R0lGODlhAQABAAAAACH5BAEKAAEALAAAAAABAAEAAAICTAEAOw==\" style=\"--smush-placeholder-width: 183px; --smush-placeholder-aspect-ratio: 183\/67;\" \/><noscript><img loading=\"lazy\" decoding=\"async\" class=\" wp-image-3257 aligncenter\" src=\"http:\/\/www.panajamtours.com\/wp-content\/uploads\/2017\/12\/the-westin-playa-bonita.jpg\" alt=\"\" width=\"183\" height=\"67\" \/><\/noscript><\/p>\n<h6 style=\"text-align: center;\"><b><span style=\"color: #000000;\">Check In:<\/span>\u00a0<span style=\"color: #800080;\">3:00 PM\u00a0<\/span> \u00a0 \u00a0<span style=\"color: #000000;\">Check Out:\u00a0<\/span><span style=\"color: #800080;\">12:00 PM<\/span><\/b><\/h6>\n<h6><span style=\"color: #000000;\">En la playa, este hotel de Ciudad de Panam\u00e1 se encuentra a 1,7 km de Puente de las Am\u00e9ricas y a 3,7 km de Centro de exposiciones marinas, Instituto Smithsonian de Panam\u00e1. Cerro Anc\u00f3n y Sociedad Audubon de Panam\u00e1 tambi\u00e9n est\u00e1n a menos de 10 kil\u00f3metros.<\/span><\/h6>\n<h5><strong><span style=\"color: #800080;\">Servicios principales<\/span><\/strong><\/h5>\n<ul>\n<li>\n<h6><span style=\"color: #000000;\">611 habitaciones<\/span><\/h6>\n<\/li>\n<li>\n<h6><span style=\"color: #000000;\">En una playa privada<\/span><\/h6>\n<\/li>\n<li>\n<h6><span style=\"color: #000000;\">6 restaurantes y 2 bares junto a la piscina<\/span><\/h6>\n<\/li>\n<li>\n<h6><span style=\"color: #000000;\">Spa de servicio completo<\/span><\/h6>\n<\/li>\n<li>\n<h6><span style=\"color: #000000;\">3 piscinas al aire libre y 2 ba\u00f1eras de hidromasaje<\/span><\/h6>\n<\/li>\n<li>\n<h6><span style=\"color: #000000;\">Desayuno disponible<\/span><\/h6>\n<\/li>\n<li>\n<h6><span style=\"color: #000000;\">Internet en el lobby<\/span><\/h6>\n<\/li>\n<li>\n<h6><span style=\"color: #000000;\">Club infantil gratuito<\/span><\/h6>\n<\/li>\n<li>\n<h6><span style=\"color: #000000;\">Sala de fitness abierta las 24 horas<\/span><\/h6>\n<\/li>\n<li>\n<h6><span style=\"color: #000000;\">Sombrillas de playa<\/span><\/h6>\n<\/li>\n<li>\n<h6><span style=\"color: #000000;\">Centro de conferencias<\/span><\/h6>\n<\/li>\n<li>\n<h6><span style=\"color: #000000;\">Gimnasio\u00a0<\/span><\/h6>\n<\/li>\n<li>\n<h6><span style=\"color: #000000;\">Terraza<\/span><\/h6>\n<\/li>\n<\/ul>\n<ul class=\"details\">\n<li>\n<h6><span style=\"color: #000000;\">Wifi en el lobby gratis y estacionamiento gratis<\/span><\/h6>\n<\/li>\n<\/ul>\n<h5><span style=\"color: #800080;\"><strong>Habitaciones:<\/strong><\/span><\/h5>\n<h6><span style=\"color: #000000;\">Con v\u00edvidas vistas al oc\u00e9ano Pac\u00edfico o a la selva tropical, nuestras <strong>611 habitaciones<\/strong> est\u00e1n dise\u00f1adas para que se sienta relajado y renovado. Despu\u00e9s de un d\u00eda en la piscina o la playa, rel\u00e1jese frente a un televisor de pantalla LCD. Si tiene trabajo, mant\u00e9ngase productivo en un espacio de trabajo con acceso a Internet inal\u00e1mbrico de alta velocidad y renu\u00e9vese con un caf\u00e9 de cortes\u00eda. Podr\u00e1 satisfacer cualquier antojo a trav\u00e9s del servicio de alimentos en la habitaci\u00f3n las 24 horas. Amenidades esmeradas, como lujosas batas de ba\u00f1o, har\u00e1n que se sienta de maravillas inmediatamente.<\/span><\/h6>\n<p><span style=\"color: #800080;\"><strong>Categor\u00eda de Habitaciones\u00a0<\/strong><\/span><\/p>\n<h6><span style=\"color: #000000;\">&#8211; Habitaciones Deluxe green view (total 171 Hab)\u00a0<\/span><\/h6>\n<h6><span style=\"color: #000000;\">&#8211; Habitaciones Deluxe con vista al mar (total 356 Hab)<\/span><\/h6>\n<h6><span style=\"color: #000000;\">&#8211;\u00a0Habitaciones Westin Executive Club (total 17 hab )<\/span><\/h6>\n<h6><span style=\"color: #000000;\">&#8211; Suite Revival ( total 29 Suites)<\/span><\/h6>\n<h6><span style=\"color: #000000;\">&#8211; Suites Renewal con vista al mar (total 34 suites)<\/span><\/h6>\n<h6><span style=\"color: #000000;\">&#8211; Suites Presidencial ( total 3 Suites)<\/span><\/h6>\n<h5><strong><span style=\"color: #800080;\">Restaurantes:\u00a0\u00a0<\/span><\/strong><\/h5>\n<h6><span style=\"color: #000000;\">Nuestros 6 restaurantes y 3 bares ofrecen pr\u00e1cticamente cualquier tipo de cocina que pueda imaginar en una variedad de ambientes.<\/span><\/h6>\n<h6><span style=\"color: #000000;\">Los dos bares en la piscina, incluido un bar sumergido, le permiten ordenar comidas y bebidas desde su silla mientras que los asientos en el interior y al aire libre ofrecen vistas cautivadoras del mar de d\u00eda, de espectaculares atardeceres y de cielos estrellados durante la noche.<\/span><\/h6>\n<h6><span style=\"color: #000000;\">\u2666<strong>\u00a0 Restaurante Tierra y Fuego:<\/strong>\u00a0es una casa de carnes de primer nivel, refinada y elegante, que impregna los cortes de primera de carnes con gastronom\u00eda internacional.<\/span><\/h6>\n<h6><span style=\"color: #000000;\"><strong>\u2666\u00a0 Restaurante Soleo:\u00a0<\/strong>bar estilo europeo ubicado en la terraza de la piscina\u00a0\u00a0se ofrece cerveza internacional, una lista de vinos y exclusivos c\u00f3cteles como sangr\u00eda y mojitos en un moderno lounge que atrae a los hu\u00e9spedes hacia el interior para disfrutar de c\u00f3cteles y de karaoke.\u00a0<\/span><\/h6>\n<h6><span style=\"color: #000000;\"><strong>\u2666\u00a0 Restaurante Starfish Grill :<\/strong>\u00a0con vista al mar y a la piscina ofrece mariscos, y sirve almuerzos y cenas.<\/span><\/h6>\n<h6><span style=\"color: #000000;\"><strong>\u2666 Restaurante Pacifica:\u00a0<\/strong>Disfrute de una selecci\u00f3n rotativa de cocinas en Pacifica. Este espacio elegante y contempor\u00e1neo ofrece extensos bufets de desayuno y almuerzo que realza los sabores frescos de la Costa del Pac\u00edfico.\u00a0<\/span><\/h6>\n<h6><span style=\"color: #000000;\"><strong>\u2666 Restaurante Oce\u00e1nica:<\/strong>\u00a0restaurante frente al mar, se sirven almuerzos y cenas. Se puede comer al aire libre (siempre que el tiempo lo permita).\u00a0<\/span><\/h6>\n<h6><span style=\"color: #000000;\"><strong>\u2666 Restaurante Asiana:\u00a0<\/strong>\u00a0restaurante frente al mar, se sirven almuerzos y cenas. Se puede comer al aire libre (siempre que el tiempo lo permita).\u00a0<\/span><\/h6>\n<h5><span style=\"color: #800080;\"><strong>Centro de Reuniones y Eventos:\u00a0<\/strong><\/span><\/h5>\n<h6><span style=\"color: #000000;\">Con 20 espacios para reuniones para fines m\u00faltiples que abarcan un total de 6.040 metros cuadrados, estamos equipados para recibir grupos de todos los tama\u00f1os y nuestro profesional equipo de eventos siempre est\u00e1 disponible para atender a sus necesidades.<\/span><\/h6>\n<p>&nbsp;<\/p>\n<h3 style=\"text-align: center;\"><em><span style=\"color: #800080;\"><strong>Hotel The Westin Playa Bonita<\/strong><\/span><\/em><\/h3>\n","protected":false},"excerpt":{"rendered":"<h5 style=\"text-align: center;\"><span style=\"color: #800080;\"><strong>El lugar ideal para disfrutar de la playa, la brisa y el mar<\/strong><\/span><\/h5>\n","protected":false},"featured_media":3193,"template":"","meta":[],"product_cat":[233],"product_tag":[27,22,43,24],"class_list":{"0":"post-3192","1":"product","2":"type-product","3":"status-publish","4":"has-post-thumbnail","6":"product_cat-panama-oeste","7":"product_tag-panama","8":"product_tag-panama-city-hotel","9":"product_tag-playa","10":"product_tag-vacation","12":"first","13":"instock","14":"shipping-taxable","15":"product-type-simple"},"translation":{"provider":"WPGlobus","version":"3.0.0","language":"es","enabled_languages":["en","es"],"languages":{"en":{"title":true,"content":false,"excerpt":false},"es":{"title":true,"content":true,"excerpt":true}}},"yoast_head":"<!-- This site is optimized with the Yoast SEO plugin v23.9 - https:\/\/yoast.com\/wordpress\/plugins\/seo\/ -->\n<title>HOTEL THE WESTIN PLAYA BONITA - PanaJam Tours<\/title>\n<meta name=\"robots\" content=\"index, follow, max-snippet:-1, max-image-preview:large, max-video-preview:-1\" \/>\n<link rel=\"canonical\" href=\"https:\/\/www.panajamtours.com\/product\/hotel-the-westin-playa-bonita\" \/>\n<meta property=\"og:locale\" content=\"es_ES\" \/>\n<meta property=\"og:type\" content=\"article\" \/>\n<meta property=\"og:title\" content=\"HOTEL THE WESTIN PLAYA BONITA - PanaJam Tours\" \/>\n<meta property=\"og:url\" content=\"https:\/\/www.panajamtours.com\/product\/hotel-the-westin-playa-bonita\" \/>\n<meta property=\"og:site_name\" content=\"PanaJam Tours\" \/>\n<meta property=\"article:publisher\" content=\"https:\/\/www.facebook.com\/PanaJamTours\/\" \/>\n<meta property=\"article:modified_time\" content=\"2020-07-03T16:30:03+00:00\" \/>\n<meta property=\"og:image\" content=\"https:\/\/www.panajamtours.com\/wp-content\/uploads\/2017\/12\/wes3386ex.115641_xx.jpg\" \/>\n\t<meta property=\"og:image:width\" content=\"770\" \/>\n\t<meta property=\"og:image:height\" content=\"520\" \/>\n\t<meta property=\"og:image:type\" content=\"image\/jpeg\" \/>\n<meta name=\"twitter:card\" content=\"summary_large_image\" \/>\n<meta name=\"twitter:site\" content=\"@panajamtours\" \/>\n<meta name=\"twitter:label1\" content=\"Tiempo de lectura\" \/>\n\t<meta name=\"twitter:data1\" content=\"3 minutos\" \/>\n<script type=\"application\/ld+json\" class=\"yoast-schema-graph\">{\"@context\":\"https:\/\/schema.org\",\"@graph\":[{\"@type\":\"WebPage\",\"@id\":\"https:\/\/www.panajamtours.com\/product\/hotel-the-westin-playa-bonita\",\"url\":\"https:\/\/www.panajamtours.com\/product\/hotel-the-westin-playa-bonita\",\"name\":\"HOTEL THE WESTIN PLAYA BONITA - PanaJam Tours\",\"isPartOf\":{\"@id\":\"https:\/\/www.panajamtours.com\/es\/#website\"},\"primaryImageOfPage\":{\"@id\":\"https:\/\/www.panajamtours.com\/product\/hotel-the-westin-playa-bonita#primaryimage\"},\"image\":{\"@id\":\"https:\/\/www.panajamtours.com\/product\/hotel-the-westin-playa-bonita#primaryimage\"},\"thumbnailUrl\":\"https:\/\/www.panajamtours.com\/wp-content\/uploads\/2017\/12\/wes3386ex.115641_xx.jpg\",\"datePublished\":\"2017-12-22T19:01:09+00:00\",\"dateModified\":\"2020-07-03T16:30:03+00:00\",\"breadcrumb\":{\"@id\":\"https:\/\/www.panajamtours.com\/product\/hotel-the-westin-playa-bonita#breadcrumb\"},\"inLanguage\":\"es\",\"potentialAction\":[{\"@type\":\"ReadAction\",\"target\":[\"https:\/\/www.panajamtours.com\/product\/hotel-the-westin-playa-bonita\"]}]},{\"@type\":\"ImageObject\",\"inLanguage\":\"es\",\"@id\":\"https:\/\/www.panajamtours.com\/product\/hotel-the-westin-playa-bonita#primaryimage\",\"url\":\"https:\/\/www.panajamtours.com\/wp-content\/uploads\/2017\/12\/wes3386ex.115641_xx.jpg\",\"contentUrl\":\"https:\/\/www.panajamtours.com\/wp-content\/uploads\/2017\/12\/wes3386ex.115641_xx.jpg\",\"width\":770,\"height\":520},{\"@type\":\"BreadcrumbList\",\"@id\":\"https:\/\/www.panajamtours.com\/product\/hotel-the-westin-playa-bonita#breadcrumb\",\"itemListElement\":[{\"@type\":\"ListItem\",\"position\":1,\"name\":\"Home\",\"item\":\"https:\/\/www.panajamtours.com\/es\/\"},{\"@type\":\"ListItem\",\"position\":2,\"name\":\"Opciones de vacaciones\",\"item\":\"https:\/\/www.panajamtours.com\/es\/shop\"},{\"@type\":\"ListItem\",\"position\":3,\"name\":\"HOTEL THE WESTIN PLAYA BONITA\"}]},{\"@type\":\"WebSite\",\"@id\":\"https:\/\/www.panajamtours.com\/es\/#website\",\"url\":\"https:\/\/www.panajamtours.com\/es\/\",\"name\":\"PanaJam Tours\",\"description\":\"Agencia de Viajes\",\"publisher\":{\"@id\":\"https:\/\/www.panajamtours.com\/es\/#organization\"},\"potentialAction\":[{\"@type\":\"SearchAction\",\"target\":{\"@type\":\"EntryPoint\",\"urlTemplate\":\"https:\/\/www.panajamtours.com\/es\/?s={search_term_string}\"},\"query-input\":{\"@type\":\"PropertyValueSpecification\",\"valueRequired\":true,\"valueName\":\"search_term_string\"}}],\"inLanguage\":\"es\"},{\"@type\":\"Organization\",\"@id\":\"https:\/\/www.panajamtours.com\/es\/#organization\",\"name\":\"PanaJam Tours\",\"url\":\"https:\/\/www.panajamtours.com\/es\/\",\"logo\":{\"@type\":\"ImageObject\",\"inLanguage\":\"es\",\"@id\":\"https:\/\/www.panajamtours.com\/es\/#\/schema\/logo\/image\/\",\"url\":\"https:\/\/www.panajamtours.com\/wp-content\/uploads\/2015\/07\/cropped-PanaJamTours-1-e1452391999906.png\",\"contentUrl\":\"https:\/\/www.panajamtours.com\/wp-content\/uploads\/2015\/07\/cropped-PanaJamTours-1-e1452391999906.png\",\"width\":200,\"height\":166,\"caption\":\"PanaJam Tours\"},\"image\":{\"@id\":\"https:\/\/www.panajamtours.com\/es\/#\/schema\/logo\/image\/\"},\"sameAs\":[\"https:\/\/www.facebook.com\/PanaJamTours\/\",\"https:\/\/x.com\/panajamtours\",\"https:\/\/www.instagram.com\/PanaJamTours\/\"]}]}<\/script>\n<!-- \/ Yoast SEO plugin. -->","yoast_head_json":{"title":"HOTEL THE WESTIN PLAYA BONITA - PanaJam Tours","robots":{"index":"index","follow":"follow","max-snippet":"max-snippet:-1","max-image-preview":"max-image-preview:large","max-video-preview":"max-video-preview:-1"},"canonical":"https:\/\/www.panajamtours.com\/product\/hotel-the-westin-playa-bonita","og_locale":"es_ES","og_type":"article","og_title":"HOTEL THE WESTIN PLAYA BONITA - PanaJam Tours","og_url":"https:\/\/www.panajamtours.com\/product\/hotel-the-westin-playa-bonita","og_site_name":"PanaJam Tours","article_publisher":"https:\/\/www.facebook.com\/PanaJamTours\/","article_modified_time":"2020-07-03T16:30:03+00:00","og_image":[{"width":770,"height":520,"url":"https:\/\/www.panajamtours.com\/wp-content\/uploads\/2017\/12\/wes3386ex.115641_xx.jpg","type":"image\/jpeg"}],"twitter_card":"summary_large_image","twitter_site":"@panajamtours","twitter_misc":{"Tiempo de lectura":"3 minutos"},"schema":{"@context":"https:\/\/schema.org","@graph":[{"@type":"WebPage","@id":"https:\/\/www.panajamtours.com\/product\/hotel-the-westin-playa-bonita","url":"https:\/\/www.panajamtours.com\/product\/hotel-the-westin-playa-bonita","name":"HOTEL THE WESTIN PLAYA BONITA - PanaJam Tours","isPartOf":{"@id":"https:\/\/www.panajamtours.com\/es\/#website"},"primaryImageOfPage":{"@id":"https:\/\/www.panajamtours.com\/product\/hotel-the-westin-playa-bonita#primaryimage"},"image":{"@id":"https:\/\/www.panajamtours.com\/product\/hotel-the-westin-playa-bonita#primaryimage"},"thumbnailUrl":"https:\/\/www.panajamtours.com\/wp-content\/uploads\/2017\/12\/wes3386ex.115641_xx.jpg","datePublished":"2017-12-22T19:01:09+00:00","dateModified":"2020-07-03T16:30:03+00:00","breadcrumb":{"@id":"https:\/\/www.panajamtours.com\/product\/hotel-the-westin-playa-bonita#breadcrumb"},"inLanguage":"es","potentialAction":[{"@type":"ReadAction","target":["https:\/\/www.panajamtours.com\/product\/hotel-the-westin-playa-bonita"]}]},{"@type":"ImageObject","inLanguage":"es","@id":"https:\/\/www.panajamtours.com\/product\/hotel-the-westin-playa-bonita#primaryimage","url":"https:\/\/www.panajamtours.com\/wp-content\/uploads\/2017\/12\/wes3386ex.115641_xx.jpg","contentUrl":"https:\/\/www.panajamtours.com\/wp-content\/uploads\/2017\/12\/wes3386ex.115641_xx.jpg","width":770,"height":520},{"@type":"BreadcrumbList","@id":"https:\/\/www.panajamtours.com\/product\/hotel-the-westin-playa-bonita#breadcrumb","itemListElement":[{"@type":"ListItem","position":1,"name":"Home","item":"https:\/\/www.panajamtours.com\/es\/"},{"@type":"ListItem","position":2,"name":"Opciones de vacaciones","item":"https:\/\/www.panajamtours.com\/es\/shop"},{"@type":"ListItem","position":3,"name":"HOTEL THE WESTIN PLAYA BONITA"}]},{"@type":"WebSite","@id":"https:\/\/www.panajamtours.com\/es\/#website","url":"https:\/\/www.panajamtours.com\/es\/","name":"PanaJam Tours","description":"Agencia de Viajes","publisher":{"@id":"https:\/\/www.panajamtours.com\/es\/#organization"},"potentialAction":[{"@type":"SearchAction","target":{"@type":"EntryPoint","urlTemplate":"https:\/\/www.panajamtours.com\/es\/?s={search_term_string}"},"query-input":{"@type":"PropertyValueSpecification","valueRequired":true,"valueName":"search_term_string"}}],"inLanguage":"es"},{"@type":"Organization","@id":"https:\/\/www.panajamtours.com\/es\/#organization","name":"PanaJam Tours","url":"https:\/\/www.panajamtours.com\/es\/","logo":{"@type":"ImageObject","inLanguage":"es","@id":"https:\/\/www.panajamtours.com\/es\/#\/schema\/logo\/image\/","url":"https:\/\/www.panajamtours.com\/wp-content\/uploads\/2015\/07\/cropped-PanaJamTours-1-e1452391999906.png","contentUrl":"https:\/\/www.panajamtours.com\/wp-content\/uploads\/2015\/07\/cropped-PanaJamTours-1-e1452391999906.png","width":200,"height":166,"caption":"PanaJam Tours"},"image":{"@id":"https:\/\/www.panajamtours.com\/es\/#\/schema\/logo\/image\/"},"sameAs":["https:\/\/www.facebook.com\/PanaJamTours\/","https:\/\/x.com\/panajamtours","https:\/\/www.instagram.com\/PanaJamTours\/"]}]}},"_links":{"self":[{"href":"https:\/\/www.panajamtours.com\/es\/wp-json\/wp\/v2\/product\/3192","targetHints":{"allow":["GET"]}}],"collection":[{"href":"https:\/\/www.panajamtours.com\/es\/wp-json\/wp\/v2\/product"}],"about":[{"href":"https:\/\/www.panajamtours.com\/es\/wp-json\/wp\/v2\/types\/product"}],"wp:featuredmedia":[{"embeddable":true,"href":"https:\/\/www.panajamtours.com\/es\/wp-json\/wp\/v2\/media\/3193"}],"wp:attachment":[{"href":"https:\/\/www.panajamtours.com\/es\/wp-json\/wp\/v2\/media?parent=3192"}],"wp:term":[{"taxonomy":"product_cat","embeddable":true,"href":"https:\/\/www.panajamtours.com\/es\/wp-json\/wp\/v2\/product_cat?post=3192"},{"taxonomy":"product_tag","embeddable":true,"href":"https:\/\/www.panajamtours.com\/es\/wp-json\/wp\/v2\/product_tag?post=3192"}],"curies":[{"name":"wp","href":"https:\/\/api.w.org\/{rel}","templated":true}]}}