{"id":3100,"date":"2017-12-22T08:58:29","date_gmt":"2017-12-22T13:58:29","guid":{"rendered":"http:\/\/www.panajamtours.com\/?post_type=product&#038;p=3100"},"modified":"2019-05-18T10:22:04","modified_gmt":"2019-05-18T15:22:04","slug":"hotel-radisson-decapolis-panama","status":"publish","type":"product","link":"https:\/\/www.panajamtours.com\/es\/product\/hotel-radisson-decapolis-panama","title":{"rendered":"HOTEL RADISSON DECAPOLIS PANAM\u00c1"},"content":{"rendered":"<h5 style=\"text-align: center;\"><span style=\"color: #99cc00;\"><strong>Hotel Radisson Decapolis Panama <\/strong><\/span><\/h5>\n<h6 style=\"text-align: center;\"><span style=\"color: #000000;\">\u00a0Ubicado a unos 20 minutos del aeropuerto internacional de Tocumen, ofrece el alojamiento ideal de una noche para los negocios y el placer.<img loading=\"lazy\" decoding=\"async\" class=\"size-full wp-image-3101 aligncenter lazyload\" data-src=\"http:\/\/www.panajamtours.com\/wp-content\/uploads\/2017\/12\/70126ae3bb-raddison-logo.jpg\" alt=\"\" width=\"180\" height=\"112\" src=\"data:image\/gif;base64,R0lGODlhAQABAAAAACH5BAEKAAEALAAAAAABAAEAAAICTAEAOw==\" style=\"--smush-placeholder-width: 180px; --smush-placeholder-aspect-ratio: 180\/112;\" \/><noscript><img loading=\"lazy\" decoding=\"async\" class=\"size-full wp-image-3101 aligncenter\" src=\"http:\/\/www.panajamtours.com\/wp-content\/uploads\/2017\/12\/70126ae3bb-raddison-logo.jpg\" alt=\"\" width=\"180\" height=\"112\" \/><\/noscript><\/span><\/h6>\n<h6 style=\"text-align: center;\"><span style=\"color: #99cc00;\"><b><span style=\"color: #000000;\">Check In:<\/span> 3:00 PM\u00a0 \u00a0 \u00a0<span style=\"color: #000000;\">Check Out:<\/span> 1:00 PM<\/b><\/span><\/h6>\n<h6 style=\"text-align: left;\"><span style=\"color: #000000;\">El Radisson Decapolis Hotel Panama City presenta un dise\u00f1o moderno y elegante, con obras originales de arte paname\u00f1o. <\/span><\/h6>\n<h6 style=\"text-align: left;\"><span style=\"color: #000000;\">Tome el tercer piso del hotel para ir al centro comercial Multicentro, que cuenta con un Hard Rock Caf\u00e9 y un casino, o qu\u00e9dese en el hotel para disfrutar de un masaje y un tratamiento facial en el spa Aqua.<\/span><\/h6>\n<h5><span style=\"color: #99cc00;\"><strong>Servicios principales<\/strong><\/span><\/h5>\n<ul>\n<li>\n<h6><span style=\"color: #000000;\">240 habitaciones<\/span><\/h6>\n<\/li>\n<li>\n<h6><span style=\"color: #000000;\">Casino<\/span><\/h6>\n<\/li>\n<li>\n<h6><span style=\"color: #000000;\">\u00a0Restaurantes y bares con sal\u00f3n lounge<\/span><\/h6>\n<\/li>\n<li>\n<h6><span style=\"color: #000000;\">Spa de servicio completo<\/span><\/h6>\n<\/li>\n<li>\n<h6><span style=\"color: #000000;\">Piscina al aire libre<\/span><\/h6>\n<\/li>\n<li>\n<h6><span style=\"color: #000000;\">Discoteca<\/span><\/h6>\n<\/li>\n<li>\n<h6><span style=\"color: #000000;\">Gimnasio abierto las 24 horas<\/span><\/h6>\n<\/li>\n<li>\n<h6><span style=\"color: #000000;\">Centro de conferencias<\/span><\/h6>\n<\/li>\n<li>\n<h6><span style=\"color: #000000;\">Servicio de traslado al aeropuerto<\/span><\/h6>\n<\/li>\n<li>\n<h6><span style=\"color: #000000;\">Terraza<\/span><\/h6>\n<\/li>\n<li>\n<h6><span style=\"color: #000000;\">Recepci\u00f3n disponible las 24 horas<\/span><\/h6>\n<\/li>\n<li>\n<h6><span style=\"color: #000000;\">Aire acondicionado<\/span><\/h6>\n<\/li>\n<\/ul>\n<ul class=\"details\">\n<li>\n<h6><span style=\"color: #000000;\">Desayuno buffet, wifi gratis y estacionamiento gratis<\/span><\/h6>\n<\/li>\n<\/ul>\n<p>&nbsp;<\/p>\n<h5 style=\"text-align: left;\"><span style=\"color: #99cc00;\"><strong>\u00a0Habitaciones y\u00a0suites:\u00a0<\/strong><\/span><\/h5>\n<h6><span style=\"color: #000000;\">Nuestras 240\u00a0habitaciones y suites\u00a0en el centro de Ciudad de Panam\u00e1 ofrecen un espacio elegante con muebles c\u00f3modos y vistas tanto de la ciudad como de la bah\u00eda, las habitaciones incluyen:<\/span><\/h6>\n<h6><span style=\"color: #000000;\">\u2666 Escritorio de trabajo\u00a0 \u00a0 \u00a0 \u00a0 \u00a0 \u00a0 \u00a0 \u00a0 \u00a0 \u00a0 \u00a0 \u00a0 \u00a0 \u00a0 \u2666 aire acondicionado\u00a0 \u00a0 \u00a0 \u00a0 \u00a0 \u00a0 \u00a0 \u00a0 \u00a0 \u00a0 \u00a0 \u00a0 \u00a0 \u00a0 \u00a0<\/span><\/h6>\n<h6><span style=\"color: #000000;\">\u2666 TV de pantalla plana por cable\u00a0 \u00a0 \u00a0 \u00a0 \u00a0 \u00a0\u2666 cafetera\u00a0 \u00a0 \u00a0 \u00a0 \u00a0 \u00a0 \u00a0 \u00a0 \u00a0 \u00a0 \u00a0 \u00a0 \u00a0 \u00a0 \u00a0 \u00a0 \u00a0 \u00a0 \u00a0 \u00a0 \u00a0<\/span><\/h6>\n<h6><span style=\"color: #000000;\">\u2666 minibar\u00a0 \u00a0 \u00a0 \u00a0 \u00a0 \u00a0 \u00a0 \u00a0 \u00a0 \u00a0 \u00a0 \u00a0 \u00a0 \u00a0 \u00a0 \u00a0 \u00a0 \u00a0 \u00a0 \u00a0 \u00a0 \u00a0 \u00a0 \u00a0 \u2666 Caja fuerte<\/span><\/h6>\n<h6><span style=\"color: #000000;\">\u2666 Secador de pelo\u00a0 \u00a0 \u00a0 \u00a0 \u00a0 \u00a0 \u00a0 \u00a0 \u00a0 \u00a0 \u00a0 \u00a0 \u00a0 \u00a0 \u00a0 \u00a0 \u00a0\u2666 Cuarto de ba\u00f1o con ducha y ba\u00f1era<\/span><\/h6>\n<h5><span style=\"color: #99cc00;\"><strong>Restaurantes:\u00a0<\/strong><\/span><\/h5>\n<h6><span style=\"color: #000000;\">El Radisson Decapolis cuenta con 3 restaurantes variados y con ricos platos.<\/span><\/h6>\n<h6><span style=\"color: #000000;\"><strong>Restaurante Principal Luxor:\u00a0<\/strong>\u00a0con vistas a la exquisita piscina de la azotea, ofrece un ambiente elegante con platos de gourmet por la ma\u00f1ana, el mediod\u00eda y la noche<\/span><\/h6>\n<h6><span style=\"color: #000000;\"><strong>Restaurante Sushi And Martini Bar<\/strong>: bar que ofrece cocina asi\u00e1tica, y sirve almuerzos y cenas. Se puede comer al aire libre (siempre que el tiempo lo permita). Se ofrece happy hour. Abre todos los d\u00edas.<\/span><\/h6>\n<h5><strong><span style=\"color: #99cc00;\">\u00a0Centro de Reuniones y Eventos:\u00a0<\/span><\/strong><\/h5>\n<h6><span style=\"color: #000000;\">Si busca alojar una conferencia empresarial o un banquete elegante, piense en las instalaciones para reuniones del Radisson.<\/span><\/h6>\n<h6><span style=\"color: #000000;\"> Ofrecemos m\u00e1s de 1133 m2 de espacio para eventos, repartidos entre ocho salas de reuniones. Aloje hasta 600 invitados para su evento y benef\u00edciese de la experiencia de nuestro personal, que se especializa en planificar funciones corporativas.\u00a0<\/span><\/h6>\n<h6><span style=\"color: #000000;\"><strong>Los servicios para reuniones de Radisson incluyen:<\/strong><\/span><\/h6>\n<ul>\n<li>\n<h6><span style=\"color: #000000;\">Equipo de audio con dos micr\u00f3fonos<\/span><\/h6>\n<\/li>\n<li>\n<h6><span style=\"color: #000000;\">Salas de conferencias con temperatura controlada<\/span><\/h6>\n<\/li>\n<li>\n<h6><span style=\"color: #000000;\">Asistencia completa<\/span><\/h6>\n<\/li>\n<li>\n<h6><span style=\"color: #000000;\">Sala distribuida seg\u00fan sus peticiones<\/span><\/h6>\n<\/li>\n<li>\n<h6><span style=\"color: #000000;\">Acceso a Internet de alta velocidad<\/span><\/h6>\n<\/li>\n<li>\n<h6><span style=\"color: #000000;\">Servicios de traducci\u00f3n disponibles a petici\u00f3n del cliente<\/span><\/h6>\n<\/li>\n<\/ul>\n<h6><\/h6>\n<h3 style=\"text-align: center;\"><em><span style=\"color: #99cc00;\"><strong>Hotel Radisson Decapolis Panama<\/strong><\/span><\/em><\/h3>\n","protected":false},"excerpt":{"rendered":"<h4 style=\"text-align: center;\"><strong><span style=\"color: #99cc00;\">Moderno y elegante\u00a0<\/span><\/strong><\/h4>\n","protected":false},"featured_media":3104,"template":"","meta":[],"product_cat":[226],"product_tag":[27,22,24],"class_list":{"0":"post-3100","1":"product","2":"type-product","3":"status-publish","4":"has-post-thumbnail","6":"product_cat-panama-hotels","7":"product_tag-panama","8":"product_tag-panama-city-hotel","9":"product_tag-vacation","11":"first","12":"instock","13":"shipping-taxable","14":"product-type-simple"},"translation":{"provider":"WPGlobus","version":"3.0.0","language":"es","enabled_languages":["en","es"],"languages":{"en":{"title":true,"content":false,"excerpt":false},"es":{"title":true,"content":true,"excerpt":true}}},"yoast_head":"<!-- This site is optimized with the Yoast SEO plugin v23.9 - https:\/\/yoast.com\/wordpress\/plugins\/seo\/ -->\n<title>HOTEL RADISSON DECAPOLIS PANAM\u00c1  - PanaJam Tours<\/title>\n<meta name=\"robots\" content=\"index, follow, max-snippet:-1, max-image-preview:large, max-video-preview:-1\" \/>\n<link rel=\"canonical\" href=\"https:\/\/www.panajamtours.com\/product\/hotel-radisson-decapolis-panama\" \/>\n<meta property=\"og:locale\" content=\"es_ES\" \/>\n<meta property=\"og:type\" content=\"article\" \/>\n<meta property=\"og:title\" content=\"HOTEL RADISSON DECAPOLIS PANAM\u00c1  - PanaJam Tours\" \/>\n<meta property=\"og:url\" content=\"https:\/\/www.panajamtours.com\/product\/hotel-radisson-decapolis-panama\" \/>\n<meta property=\"og:site_name\" content=\"PanaJam Tours\" \/>\n<meta property=\"article:publisher\" content=\"https:\/\/www.facebook.com\/PanaJamTours\/\" \/>\n<meta property=\"article:modified_time\" content=\"2019-05-18T15:22:04+00:00\" \/>\n<meta property=\"og:image\" content=\"https:\/\/www.panajamtours.com\/wp-content\/uploads\/2017\/12\/11315826.jpg\" \/>\n\t<meta property=\"og:image:width\" content=\"514\" \/>\n\t<meta property=\"og:image:height\" content=\"768\" \/>\n\t<meta property=\"og:image:type\" content=\"image\/jpeg\" \/>\n<meta name=\"twitter:card\" content=\"summary_large_image\" \/>\n<meta name=\"twitter:site\" content=\"@panajamtours\" \/>\n<meta name=\"twitter:label1\" content=\"Tiempo de lectura\" \/>\n\t<meta name=\"twitter:data1\" content=\"2 minutos\" \/>\n<script type=\"application\/ld+json\" class=\"yoast-schema-graph\">{\"@context\":\"https:\/\/schema.org\",\"@graph\":[{\"@type\":\"WebPage\",\"@id\":\"https:\/\/www.panajamtours.com\/product\/hotel-radisson-decapolis-panama\",\"url\":\"https:\/\/www.panajamtours.com\/product\/hotel-radisson-decapolis-panama\",\"name\":\"HOTEL RADISSON DECAPOLIS PANAM\u00c1 - PanaJam Tours\",\"isPartOf\":{\"@id\":\"https:\/\/www.panajamtours.com\/es\/#website\"},\"primaryImageOfPage\":{\"@id\":\"https:\/\/www.panajamtours.com\/product\/hotel-radisson-decapolis-panama#primaryimage\"},\"image\":{\"@id\":\"https:\/\/www.panajamtours.com\/product\/hotel-radisson-decapolis-panama#primaryimage\"},\"thumbnailUrl\":\"https:\/\/www.panajamtours.com\/wp-content\/uploads\/2017\/12\/11315826.jpg\",\"datePublished\":\"2017-12-22T13:58:29+00:00\",\"dateModified\":\"2019-05-18T15:22:04+00:00\",\"breadcrumb\":{\"@id\":\"https:\/\/www.panajamtours.com\/product\/hotel-radisson-decapolis-panama#breadcrumb\"},\"inLanguage\":\"es\",\"potentialAction\":[{\"@type\":\"ReadAction\",\"target\":[\"https:\/\/www.panajamtours.com\/product\/hotel-radisson-decapolis-panama\"]}]},{\"@type\":\"ImageObject\",\"inLanguage\":\"es\",\"@id\":\"https:\/\/www.panajamtours.com\/product\/hotel-radisson-decapolis-panama#primaryimage\",\"url\":\"https:\/\/www.panajamtours.com\/wp-content\/uploads\/2017\/12\/11315826.jpg\",\"contentUrl\":\"https:\/\/www.panajamtours.com\/wp-content\/uploads\/2017\/12\/11315826.jpg\",\"width\":514,\"height\":768},{\"@type\":\"BreadcrumbList\",\"@id\":\"https:\/\/www.panajamtours.com\/product\/hotel-radisson-decapolis-panama#breadcrumb\",\"itemListElement\":[{\"@type\":\"ListItem\",\"position\":1,\"name\":\"Home\",\"item\":\"https:\/\/www.panajamtours.com\/es\/\"},{\"@type\":\"ListItem\",\"position\":2,\"name\":\"Opciones de vacaciones\",\"item\":\"https:\/\/www.panajamtours.com\/es\/shop\"},{\"@type\":\"ListItem\",\"position\":3,\"name\":\"HOTEL RADISSON DECAPOLIS PANAM\u00c1\"}]},{\"@type\":\"WebSite\",\"@id\":\"https:\/\/www.panajamtours.com\/es\/#website\",\"url\":\"https:\/\/www.panajamtours.com\/es\/\",\"name\":\"PanaJam Tours\",\"description\":\"Agencia de Viajes\",\"publisher\":{\"@id\":\"https:\/\/www.panajamtours.com\/es\/#organization\"},\"potentialAction\":[{\"@type\":\"SearchAction\",\"target\":{\"@type\":\"EntryPoint\",\"urlTemplate\":\"https:\/\/www.panajamtours.com\/es\/?s={search_term_string}\"},\"query-input\":{\"@type\":\"PropertyValueSpecification\",\"valueRequired\":true,\"valueName\":\"search_term_string\"}}],\"inLanguage\":\"es\"},{\"@type\":\"Organization\",\"@id\":\"https:\/\/www.panajamtours.com\/es\/#organization\",\"name\":\"PanaJam Tours\",\"url\":\"https:\/\/www.panajamtours.com\/es\/\",\"logo\":{\"@type\":\"ImageObject\",\"inLanguage\":\"es\",\"@id\":\"https:\/\/www.panajamtours.com\/es\/#\/schema\/logo\/image\/\",\"url\":\"https:\/\/www.panajamtours.com\/wp-content\/uploads\/2015\/07\/cropped-PanaJamTours-1-e1452391999906.png\",\"contentUrl\":\"https:\/\/www.panajamtours.com\/wp-content\/uploads\/2015\/07\/cropped-PanaJamTours-1-e1452391999906.png\",\"width\":200,\"height\":166,\"caption\":\"PanaJam Tours\"},\"image\":{\"@id\":\"https:\/\/www.panajamtours.com\/es\/#\/schema\/logo\/image\/\"},\"sameAs\":[\"https:\/\/www.facebook.com\/PanaJamTours\/\",\"https:\/\/x.com\/panajamtours\",\"https:\/\/www.instagram.com\/PanaJamTours\/\"]}]}<\/script>\n<!-- \/ Yoast SEO plugin. -->","yoast_head_json":{"title":"HOTEL RADISSON DECAPOLIS PANAM\u00c1  - PanaJam Tours","robots":{"index":"index","follow":"follow","max-snippet":"max-snippet:-1","max-image-preview":"max-image-preview:large","max-video-preview":"max-video-preview:-1"},"canonical":"https:\/\/www.panajamtours.com\/product\/hotel-radisson-decapolis-panama","og_locale":"es_ES","og_type":"article","og_title":"HOTEL RADISSON DECAPOLIS PANAM\u00c1  - PanaJam Tours","og_url":"https:\/\/www.panajamtours.com\/product\/hotel-radisson-decapolis-panama","og_site_name":"PanaJam Tours","article_publisher":"https:\/\/www.facebook.com\/PanaJamTours\/","article_modified_time":"2019-05-18T15:22:04+00:00","og_image":[{"width":514,"height":768,"url":"https:\/\/www.panajamtours.com\/wp-content\/uploads\/2017\/12\/11315826.jpg","type":"image\/jpeg"}],"twitter_card":"summary_large_image","twitter_site":"@panajamtours","twitter_misc":{"Tiempo de lectura":"2 minutos"},"schema":{"@context":"https:\/\/schema.org","@graph":[{"@type":"WebPage","@id":"https:\/\/www.panajamtours.com\/product\/hotel-radisson-decapolis-panama","url":"https:\/\/www.panajamtours.com\/product\/hotel-radisson-decapolis-panama","name":"HOTEL RADISSON DECAPOLIS PANAM\u00c1 - PanaJam Tours","isPartOf":{"@id":"https:\/\/www.panajamtours.com\/es\/#website"},"primaryImageOfPage":{"@id":"https:\/\/www.panajamtours.com\/product\/hotel-radisson-decapolis-panama#primaryimage"},"image":{"@id":"https:\/\/www.panajamtours.com\/product\/hotel-radisson-decapolis-panama#primaryimage"},"thumbnailUrl":"https:\/\/www.panajamtours.com\/wp-content\/uploads\/2017\/12\/11315826.jpg","datePublished":"2017-12-22T13:58:29+00:00","dateModified":"2019-05-18T15:22:04+00:00","breadcrumb":{"@id":"https:\/\/www.panajamtours.com\/product\/hotel-radisson-decapolis-panama#breadcrumb"},"inLanguage":"es","potentialAction":[{"@type":"ReadAction","target":["https:\/\/www.panajamtours.com\/product\/hotel-radisson-decapolis-panama"]}]},{"@type":"ImageObject","inLanguage":"es","@id":"https:\/\/www.panajamtours.com\/product\/hotel-radisson-decapolis-panama#primaryimage","url":"https:\/\/www.panajamtours.com\/wp-content\/uploads\/2017\/12\/11315826.jpg","contentUrl":"https:\/\/www.panajamtours.com\/wp-content\/uploads\/2017\/12\/11315826.jpg","width":514,"height":768},{"@type":"BreadcrumbList","@id":"https:\/\/www.panajamtours.com\/product\/hotel-radisson-decapolis-panama#breadcrumb","itemListElement":[{"@type":"ListItem","position":1,"name":"Home","item":"https:\/\/www.panajamtours.com\/es\/"},{"@type":"ListItem","position":2,"name":"Opciones de vacaciones","item":"https:\/\/www.panajamtours.com\/es\/shop"},{"@type":"ListItem","position":3,"name":"HOTEL RADISSON DECAPOLIS PANAM\u00c1"}]},{"@type":"WebSite","@id":"https:\/\/www.panajamtours.com\/es\/#website","url":"https:\/\/www.panajamtours.com\/es\/","name":"PanaJam Tours","description":"Agencia de Viajes","publisher":{"@id":"https:\/\/www.panajamtours.com\/es\/#organization"},"potentialAction":[{"@type":"SearchAction","target":{"@type":"EntryPoint","urlTemplate":"https:\/\/www.panajamtours.com\/es\/?s={search_term_string}"},"query-input":{"@type":"PropertyValueSpecification","valueRequired":true,"valueName":"search_term_string"}}],"inLanguage":"es"},{"@type":"Organization","@id":"https:\/\/www.panajamtours.com\/es\/#organization","name":"PanaJam Tours","url":"https:\/\/www.panajamtours.com\/es\/","logo":{"@type":"ImageObject","inLanguage":"es","@id":"https:\/\/www.panajamtours.com\/es\/#\/schema\/logo\/image\/","url":"https:\/\/www.panajamtours.com\/wp-content\/uploads\/2015\/07\/cropped-PanaJamTours-1-e1452391999906.png","contentUrl":"https:\/\/www.panajamtours.com\/wp-content\/uploads\/2015\/07\/cropped-PanaJamTours-1-e1452391999906.png","width":200,"height":166,"caption":"PanaJam Tours"},"image":{"@id":"https:\/\/www.panajamtours.com\/es\/#\/schema\/logo\/image\/"},"sameAs":["https:\/\/www.facebook.com\/PanaJamTours\/","https:\/\/x.com\/panajamtours","https:\/\/www.instagram.com\/PanaJamTours\/"]}]}},"_links":{"self":[{"href":"https:\/\/www.panajamtours.com\/es\/wp-json\/wp\/v2\/product\/3100","targetHints":{"allow":["GET"]}}],"collection":[{"href":"https:\/\/www.panajamtours.com\/es\/wp-json\/wp\/v2\/product"}],"about":[{"href":"https:\/\/www.panajamtours.com\/es\/wp-json\/wp\/v2\/types\/product"}],"wp:featuredmedia":[{"embeddable":true,"href":"https:\/\/www.panajamtours.com\/es\/wp-json\/wp\/v2\/media\/3104"}],"wp:attachment":[{"href":"https:\/\/www.panajamtours.com\/es\/wp-json\/wp\/v2\/media?parent=3100"}],"wp:term":[{"taxonomy":"product_cat","embeddable":true,"href":"https:\/\/www.panajamtours.com\/es\/wp-json\/wp\/v2\/product_cat?post=3100"},{"taxonomy":"product_tag","embeddable":true,"href":"https:\/\/www.panajamtours.com\/es\/wp-json\/wp\/v2\/product_tag?post=3100"}],"curies":[{"name":"wp","href":"https:\/\/api.w.org\/{rel}","templated":true}]}}