{"id":2771,"date":"2017-11-23T16:42:33","date_gmt":"2017-11-23T21:42:33","guid":{"rendered":"http:\/\/www.panajamtours.com\/?post_type=product&#038;p=2771"},"modified":"2020-07-03T11:30:27","modified_gmt":"2020-07-03T16:30:27","slug":"hotel-le-meridien","status":"publish","type":"product","link":"https:\/\/www.panajamtours.com\/es\/product\/hotel-le-meridien","title":{"rendered":"HOTEL LE MERIDIEN PANAMA"},"content":{"rendered":"<h5 style=\"text-align: center;\"><span style=\"color: #000000;\"><strong><span style=\"color: #800080;\">Hotel Le M\u00e9ridien Panama\u00a0<\/span><\/strong><\/span><\/h5>\n<h6 style=\"text-align: center;\"><span style=\"color: #000000;\">\u00a0Famoso en el mundo por su atenci\u00f3n al detalle y su dedicaci\u00f3n por brindar un servicio ejemplar al cliente. <\/span><\/h6>\n<h6 style=\"text-align: center;\"><span style=\"color: #000000;\">Adem\u00e1s de todas las caracter\u00edsticas y actividades generales que espera encontrar en Le M\u00e9ridien, le prometemos un servicio impecable a cada momento.<\/span><\/h6>\n<h5><img loading=\"lazy\" decoding=\"async\" class=\"wp-image-3311 aligncenter lazyload\" data-src=\"http:\/\/www.panajamtours.com\/wp-content\/uploads\/2017\/11\/logo.jpg\" alt=\"\" width=\"168\" height=\"114\" src=\"data:image\/gif;base64,R0lGODlhAQABAAAAACH5BAEKAAEALAAAAAABAAEAAAICTAEAOw==\" style=\"--smush-placeholder-width: 168px; --smush-placeholder-aspect-ratio: 168\/114;\" \/><noscript><img loading=\"lazy\" decoding=\"async\" class=\"wp-image-3311 aligncenter\" src=\"http:\/\/www.panajamtours.com\/wp-content\/uploads\/2017\/11\/logo.jpg\" alt=\"\" width=\"168\" height=\"114\" \/><\/noscript><\/h5>\n<h6 style=\"text-align: center;\"><span style=\"color: #000000;\"><strong>Check In:<\/strong>\u00a0 3:00 PM\u00a0 <strong>Check Out:<\/strong> 12:00 MD<\/span><\/h6>\n<h6><span style=\"color: #000000;\">Ubicado en calle Uruguay Ave. Balboa y ofrece vista a la bah\u00eda de Panama con un espectacular dise\u00f1o llamativo y\u00a0 con un vest\u00edbulo luminoso con atrios de cristal.<\/span><\/h6>\n<h6><span style=\"color: #000000;\">\u00a0Cuenta con un spa ,\u00a0 piscina al aire libre y salas de reuniones para cualquier evento.<\/span><\/h6>\n<h5><span style=\"color: #800080;\"><strong>Servicios principales<\/strong><\/span><\/h5>\n<ul>\n<li>\n<h6><span style=\"color: #000000;\">111 habitaciones &#8211; (29 Suites)<\/span><\/h6>\n<\/li>\n<li>\n<h6><span style=\"color: #000000;\">Restaurante y bar o sal\u00f3n lounge<\/span><\/h6>\n<\/li>\n<li>\n<h6><span style=\"color: #000000;\">Spa de servicio completo<\/span><\/h6>\n<\/li>\n<li>\n<h6><span style=\"color: #000000;\">Piscina al aire libre<\/span><\/h6>\n<\/li>\n<li>\n<h6><span style=\"color: #000000;\">Desayuno disponible<\/span><\/h6>\n<\/li>\n<li>\n<h6><span style=\"color: #000000;\">Sala de fitness abierta las 24 horas<\/span><\/h6>\n<\/li>\n<li>\n<h6><span style=\"color: #000000;\">Valet parking<\/span><\/h6>\n<\/li>\n<li>\n<h6><span style=\"color: #000000;\">Centro de negocios<\/span><\/h6>\n<\/li>\n<li>\n<h6><span style=\"color: #000000;\">Servicio de traslado al aeropuerto<\/span><\/h6>\n<\/li>\n<li>\n<h6><span style=\"color: #000000;\">Servicio de cuidado de ni\u00f1os<\/span><\/h6>\n<\/li>\n<li>\n<h6><span style=\"color: #000000;\">Recepci\u00f3n disponible las 24 horas<\/span><\/h6>\n<\/li>\n<li>\n<h6><span style=\"color: #000000;\">Aire acondicionado<\/span><\/h6>\n<\/li>\n<\/ul>\n<ul class=\"details\">\n<li>\n<h6><span style=\"color: #000000;\">Wifi gratis en el lobby<\/span><\/h6>\n<\/li>\n<\/ul>\n<h5><strong><span style=\"color: #800080;\">Habitaciones:\u00a0\u00a0<\/span><\/strong><\/h5>\n<h6><span style=\"color: #000000;\">Le M\u00e9ridien ofrece una experiencia \u00fanica en cada una de sus elegantes habitaciones y suites.<\/span><\/h6>\n<h6><span style=\"color: #000000;\"> Los c\u00e1lidos tonos tierra y las lujosas \u00e1reas para estar y trabajar crean un entorno acogedor para que usted pueda sentir y disfrutar.<\/span><\/h6>\n<h6><span style=\"color: #000000;\">Cada Habitacion viene equipada con:\u00a0<\/span><\/h6>\n<h6><span style=\"color: #000000;\">&#8211;\u00a0 Minirefrigerador\u00a0 \u00a0 \u00a0 \u00a0 \u00a0 \u00a0 \u00a0 \u00a0 \u00a0 \u00a0 \u00a0 \u00a0 \u00a0 \u00a0 \u00a0&#8211; Caja de seguridad en la habitaci\u00f3n<\/span><\/h6>\n<h6><span style=\"color: #000000;\">&#8211; Plancha y tabla de planchar\u00a0 \u00a0 \u00a0 \u00a0 \u00a0 \u00a0&#8211; Agarraderas en el cuarto de ba\u00f1o<\/span><\/h6>\n<h6><span style=\"color: #000000;\">&#8211; Tel\u00e9fono en el cuarto de ba\u00f1o\u00a0 \u00a0 \u00a0 \u00a0 &#8211; Televisor con pantalla de LED<\/span><\/h6>\n<h6><span style=\"color: #000000;\">&#8211; Radio con reloj despertador\u00a0 \u00a0 \u00a0 \u00a0 \u00a0 \u00a0&#8211; Escritorio<\/span><\/h6>\n<h6><span style=\"color: #000000;\">&#8211; L\u00ednea de tel\u00e9fono ISD\u00a0 \u00a0 \u00a0 \u00a0 \u00a0 \u00a0 \u00a0 \u00a0 \u00a0 \u00a0 &#8211; Acceso a Internet<\/span><\/h6>\n<p>&nbsp;<\/p>\n<h5><strong><span style=\"color: #800080;\">Restaurantes:\u00a0<\/span><\/strong><\/h5>\n<h6><span style=\"color: #000000;\">Saboree la deliciosa gastronom\u00eda presentada en forma elegante en cada uno de nuestros restaurantes.<\/span><\/h6>\n<h6><span style=\"color: #000000;\"><strong>&#8211; Restaurante Longitudes Bar <\/strong><\/span><\/h6>\n<h6><span style=\"color: #000000;\"><strong>&#8211; Restaurante Sariel Kitchen Lounge\u00a0<\/strong><\/span><\/h6>\n<p>&nbsp;<\/p>\n<h5><span style=\"color: #800080;\"><strong>Centro de Reuniones y Eventos:\u00a0<\/strong><\/span><\/h5>\n<h6><span style=\"color: #000000;\">Las exclusivas y lujosas instalaciones para reuniones de Le M\u00e9ridien Panama ofrecen cuatro salas para eventos con modernas prestaciones y 405 metros cuadrados de espacio para reuniones con capacidad para albergar eventos corporativos, conferencias y eventos sociales.<\/span><\/h6>\n<p>&nbsp;<\/p>\n<h3 style=\"text-align: center;\"><em><span style=\"color: #000000;\"><strong><span style=\"color: #800080;\">Hotel Le M\u00e9ridien<\/span><\/strong><\/span><\/em><\/h3>\n","protected":false},"excerpt":{"rendered":"<h5 style=\"text-align: center;\"><span style=\"color: #800080;\">Con vista a la bah\u00eda de Panama y su espectacular dise\u00f1o llamativo.<\/span><\/h5>\n","protected":false},"featured_media":3312,"template":"","meta":[],"product_cat":[226],"product_tag":[27,31,22,24],"class_list":{"0":"post-2771","1":"product","2":"type-product","3":"status-publish","4":"has-post-thumbnail","6":"product_cat-panama-hotels","7":"product_tag-panama","8":"product_tag-panama-canal","9":"product_tag-panama-city-hotel","10":"product_tag-vacation","12":"first","13":"instock","14":"shipping-taxable","15":"product-type-simple"},"translation":{"provider":"WPGlobus","version":"3.0.0","language":"es","enabled_languages":["en","es"],"languages":{"en":{"title":true,"content":false,"excerpt":false},"es":{"title":true,"content":true,"excerpt":true}}},"yoast_head":"<!-- This site is optimized with the Yoast SEO plugin v23.9 - https:\/\/yoast.com\/wordpress\/plugins\/seo\/ -->\n<title>HOTEL LE MERIDIEN PANAMA - PanaJam Tours<\/title>\n<meta name=\"robots\" content=\"index, follow, max-snippet:-1, max-image-preview:large, max-video-preview:-1\" \/>\n<link rel=\"canonical\" href=\"https:\/\/www.panajamtours.com\/product\/hotel-le-meridien\" \/>\n<meta property=\"og:locale\" content=\"es_ES\" \/>\n<meta property=\"og:type\" content=\"article\" \/>\n<meta property=\"og:title\" content=\"HOTEL LE MERIDIEN PANAMA - PanaJam Tours\" \/>\n<meta property=\"og:url\" content=\"https:\/\/www.panajamtours.com\/product\/hotel-le-meridien\" \/>\n<meta property=\"og:site_name\" content=\"PanaJam Tours\" \/>\n<meta property=\"article:publisher\" content=\"https:\/\/www.facebook.com\/PanaJamTours\/\" \/>\n<meta property=\"article:modified_time\" content=\"2020-07-03T16:30:27+00:00\" \/>\n<meta property=\"og:image\" content=\"https:\/\/www.panajamtours.com\/wp-content\/uploads\/2017\/11\/128723a_hb_a_003.jpg\" \/>\n\t<meta property=\"og:image:width\" content=\"800\" \/>\n\t<meta property=\"og:image:height\" content=\"522\" \/>\n\t<meta property=\"og:image:type\" content=\"image\/jpeg\" \/>\n<meta name=\"twitter:card\" content=\"summary_large_image\" \/>\n<meta name=\"twitter:site\" content=\"@panajamtours\" \/>\n<meta name=\"twitter:label1\" content=\"Tiempo de lectura\" \/>\n\t<meta name=\"twitter:data1\" content=\"2 minutos\" \/>\n<script type=\"application\/ld+json\" class=\"yoast-schema-graph\">{\"@context\":\"https:\/\/schema.org\",\"@graph\":[{\"@type\":\"WebPage\",\"@id\":\"https:\/\/www.panajamtours.com\/product\/hotel-le-meridien\",\"url\":\"https:\/\/www.panajamtours.com\/product\/hotel-le-meridien\",\"name\":\"HOTEL LE MERIDIEN PANAMA - PanaJam Tours\",\"isPartOf\":{\"@id\":\"https:\/\/www.panajamtours.com\/es\/#website\"},\"primaryImageOfPage\":{\"@id\":\"https:\/\/www.panajamtours.com\/product\/hotel-le-meridien#primaryimage\"},\"image\":{\"@id\":\"https:\/\/www.panajamtours.com\/product\/hotel-le-meridien#primaryimage\"},\"thumbnailUrl\":\"https:\/\/www.panajamtours.com\/wp-content\/uploads\/2017\/11\/128723a_hb_a_003.jpg\",\"datePublished\":\"2017-11-23T21:42:33+00:00\",\"dateModified\":\"2020-07-03T16:30:27+00:00\",\"breadcrumb\":{\"@id\":\"https:\/\/www.panajamtours.com\/product\/hotel-le-meridien#breadcrumb\"},\"inLanguage\":\"es\",\"potentialAction\":[{\"@type\":\"ReadAction\",\"target\":[\"https:\/\/www.panajamtours.com\/product\/hotel-le-meridien\"]}]},{\"@type\":\"ImageObject\",\"inLanguage\":\"es\",\"@id\":\"https:\/\/www.panajamtours.com\/product\/hotel-le-meridien#primaryimage\",\"url\":\"https:\/\/www.panajamtours.com\/wp-content\/uploads\/2017\/11\/128723a_hb_a_003.jpg\",\"contentUrl\":\"https:\/\/www.panajamtours.com\/wp-content\/uploads\/2017\/11\/128723a_hb_a_003.jpg\",\"width\":800,\"height\":522},{\"@type\":\"BreadcrumbList\",\"@id\":\"https:\/\/www.panajamtours.com\/product\/hotel-le-meridien#breadcrumb\",\"itemListElement\":[{\"@type\":\"ListItem\",\"position\":1,\"name\":\"Home\",\"item\":\"https:\/\/www.panajamtours.com\/es\/\"},{\"@type\":\"ListItem\",\"position\":2,\"name\":\"Opciones de vacaciones\",\"item\":\"https:\/\/www.panajamtours.com\/es\/shop\"},{\"@type\":\"ListItem\",\"position\":3,\"name\":\"HOTEL LE MERIDIEN\"}]},{\"@type\":\"WebSite\",\"@id\":\"https:\/\/www.panajamtours.com\/es\/#website\",\"url\":\"https:\/\/www.panajamtours.com\/es\/\",\"name\":\"PanaJam Tours\",\"description\":\"Agencia de Viajes\",\"publisher\":{\"@id\":\"https:\/\/www.panajamtours.com\/es\/#organization\"},\"potentialAction\":[{\"@type\":\"SearchAction\",\"target\":{\"@type\":\"EntryPoint\",\"urlTemplate\":\"https:\/\/www.panajamtours.com\/es\/?s={search_term_string}\"},\"query-input\":{\"@type\":\"PropertyValueSpecification\",\"valueRequired\":true,\"valueName\":\"search_term_string\"}}],\"inLanguage\":\"es\"},{\"@type\":\"Organization\",\"@id\":\"https:\/\/www.panajamtours.com\/es\/#organization\",\"name\":\"PanaJam Tours\",\"url\":\"https:\/\/www.panajamtours.com\/es\/\",\"logo\":{\"@type\":\"ImageObject\",\"inLanguage\":\"es\",\"@id\":\"https:\/\/www.panajamtours.com\/es\/#\/schema\/logo\/image\/\",\"url\":\"https:\/\/www.panajamtours.com\/wp-content\/uploads\/2015\/07\/cropped-PanaJamTours-1-e1452391999906.png\",\"contentUrl\":\"https:\/\/www.panajamtours.com\/wp-content\/uploads\/2015\/07\/cropped-PanaJamTours-1-e1452391999906.png\",\"width\":200,\"height\":166,\"caption\":\"PanaJam Tours\"},\"image\":{\"@id\":\"https:\/\/www.panajamtours.com\/es\/#\/schema\/logo\/image\/\"},\"sameAs\":[\"https:\/\/www.facebook.com\/PanaJamTours\/\",\"https:\/\/x.com\/panajamtours\",\"https:\/\/www.instagram.com\/PanaJamTours\/\"]}]}<\/script>\n<!-- \/ Yoast SEO plugin. -->","yoast_head_json":{"title":"HOTEL LE MERIDIEN PANAMA - PanaJam Tours","robots":{"index":"index","follow":"follow","max-snippet":"max-snippet:-1","max-image-preview":"max-image-preview:large","max-video-preview":"max-video-preview:-1"},"canonical":"https:\/\/www.panajamtours.com\/product\/hotel-le-meridien","og_locale":"es_ES","og_type":"article","og_title":"HOTEL LE MERIDIEN PANAMA - PanaJam Tours","og_url":"https:\/\/www.panajamtours.com\/product\/hotel-le-meridien","og_site_name":"PanaJam Tours","article_publisher":"https:\/\/www.facebook.com\/PanaJamTours\/","article_modified_time":"2020-07-03T16:30:27+00:00","og_image":[{"width":800,"height":522,"url":"https:\/\/www.panajamtours.com\/wp-content\/uploads\/2017\/11\/128723a_hb_a_003.jpg","type":"image\/jpeg"}],"twitter_card":"summary_large_image","twitter_site":"@panajamtours","twitter_misc":{"Tiempo de lectura":"2 minutos"},"schema":{"@context":"https:\/\/schema.org","@graph":[{"@type":"WebPage","@id":"https:\/\/www.panajamtours.com\/product\/hotel-le-meridien","url":"https:\/\/www.panajamtours.com\/product\/hotel-le-meridien","name":"HOTEL LE MERIDIEN PANAMA - PanaJam Tours","isPartOf":{"@id":"https:\/\/www.panajamtours.com\/es\/#website"},"primaryImageOfPage":{"@id":"https:\/\/www.panajamtours.com\/product\/hotel-le-meridien#primaryimage"},"image":{"@id":"https:\/\/www.panajamtours.com\/product\/hotel-le-meridien#primaryimage"},"thumbnailUrl":"https:\/\/www.panajamtours.com\/wp-content\/uploads\/2017\/11\/128723a_hb_a_003.jpg","datePublished":"2017-11-23T21:42:33+00:00","dateModified":"2020-07-03T16:30:27+00:00","breadcrumb":{"@id":"https:\/\/www.panajamtours.com\/product\/hotel-le-meridien#breadcrumb"},"inLanguage":"es","potentialAction":[{"@type":"ReadAction","target":["https:\/\/www.panajamtours.com\/product\/hotel-le-meridien"]}]},{"@type":"ImageObject","inLanguage":"es","@id":"https:\/\/www.panajamtours.com\/product\/hotel-le-meridien#primaryimage","url":"https:\/\/www.panajamtours.com\/wp-content\/uploads\/2017\/11\/128723a_hb_a_003.jpg","contentUrl":"https:\/\/www.panajamtours.com\/wp-content\/uploads\/2017\/11\/128723a_hb_a_003.jpg","width":800,"height":522},{"@type":"BreadcrumbList","@id":"https:\/\/www.panajamtours.com\/product\/hotel-le-meridien#breadcrumb","itemListElement":[{"@type":"ListItem","position":1,"name":"Home","item":"https:\/\/www.panajamtours.com\/es\/"},{"@type":"ListItem","position":2,"name":"Opciones de vacaciones","item":"https:\/\/www.panajamtours.com\/es\/shop"},{"@type":"ListItem","position":3,"name":"HOTEL LE MERIDIEN"}]},{"@type":"WebSite","@id":"https:\/\/www.panajamtours.com\/es\/#website","url":"https:\/\/www.panajamtours.com\/es\/","name":"PanaJam Tours","description":"Agencia de Viajes","publisher":{"@id":"https:\/\/www.panajamtours.com\/es\/#organization"},"potentialAction":[{"@type":"SearchAction","target":{"@type":"EntryPoint","urlTemplate":"https:\/\/www.panajamtours.com\/es\/?s={search_term_string}"},"query-input":{"@type":"PropertyValueSpecification","valueRequired":true,"valueName":"search_term_string"}}],"inLanguage":"es"},{"@type":"Organization","@id":"https:\/\/www.panajamtours.com\/es\/#organization","name":"PanaJam Tours","url":"https:\/\/www.panajamtours.com\/es\/","logo":{"@type":"ImageObject","inLanguage":"es","@id":"https:\/\/www.panajamtours.com\/es\/#\/schema\/logo\/image\/","url":"https:\/\/www.panajamtours.com\/wp-content\/uploads\/2015\/07\/cropped-PanaJamTours-1-e1452391999906.png","contentUrl":"https:\/\/www.panajamtours.com\/wp-content\/uploads\/2015\/07\/cropped-PanaJamTours-1-e1452391999906.png","width":200,"height":166,"caption":"PanaJam Tours"},"image":{"@id":"https:\/\/www.panajamtours.com\/es\/#\/schema\/logo\/image\/"},"sameAs":["https:\/\/www.facebook.com\/PanaJamTours\/","https:\/\/x.com\/panajamtours","https:\/\/www.instagram.com\/PanaJamTours\/"]}]}},"_links":{"self":[{"href":"https:\/\/www.panajamtours.com\/es\/wp-json\/wp\/v2\/product\/2771","targetHints":{"allow":["GET"]}}],"collection":[{"href":"https:\/\/www.panajamtours.com\/es\/wp-json\/wp\/v2\/product"}],"about":[{"href":"https:\/\/www.panajamtours.com\/es\/wp-json\/wp\/v2\/types\/product"}],"wp:featuredmedia":[{"embeddable":true,"href":"https:\/\/www.panajamtours.com\/es\/wp-json\/wp\/v2\/media\/3312"}],"wp:attachment":[{"href":"https:\/\/www.panajamtours.com\/es\/wp-json\/wp\/v2\/media?parent=2771"}],"wp:term":[{"taxonomy":"product_cat","embeddable":true,"href":"https:\/\/www.panajamtours.com\/es\/wp-json\/wp\/v2\/product_cat?post=2771"},{"taxonomy":"product_tag","embeddable":true,"href":"https:\/\/www.panajamtours.com\/es\/wp-json\/wp\/v2\/product_tag?post=2771"}],"curies":[{"name":"wp","href":"https:\/\/api.w.org\/{rel}","templated":true}]}}