{"id":2765,"date":"2017-11-21T14:28:38","date_gmt":"2017-11-21T19:28:38","guid":{"rendered":"http:\/\/www.panajamtours.com\/?post_type=product&#038;p=2765"},"modified":"2018-01-26T12:18:27","modified_gmt":"2018-01-26T17:18:27","slug":"hotel-interncontinental","status":"publish","type":"product","link":"https:\/\/www.panajamtours.com\/es\/product\/hotel-interncontinental","title":{"rendered":"HOTEL INTERNCONTINENTAL MIRAMAR"},"content":{"rendered":"<h5 style=\"text-align: center;\"><span style=\"color: #993300;\"><strong>Hotel Intercontinental Miramar<\/strong><\/span><\/h5>\n<h6 style=\"text-align: center;\"><span style=\"color: #000000;\">Admire el Oc\u00e9ano Pac\u00edfico, la Bah\u00eda de Panam\u00e1 y el distrito financiero desde este lujoso hotel en la Ciudad de Panam\u00e1.<\/span><\/h6>\n<p><img loading=\"lazy\" decoding=\"async\" class=\"wp-image-3529 aligncenter lazyload\" data-src=\"http:\/\/www.panajamtours.com\/wp-content\/uploads\/2017\/11\/LOGO-2-300x214.jpg\" alt=\"\" width=\"168\" height=\"120\" data-srcset=\"https:\/\/www.panajamtours.com\/wp-content\/uploads\/2017\/11\/LOGO-2-300x214.jpg 300w, https:\/\/www.panajamtours.com\/wp-content\/uploads\/2017\/11\/LOGO-2.jpg 350w\" data-sizes=\"auto, (max-width: 168px) 100vw, 168px\" src=\"data:image\/gif;base64,R0lGODlhAQABAAAAACH5BAEKAAEALAAAAAABAAEAAAICTAEAOw==\" style=\"--smush-placeholder-width: 168px; --smush-placeholder-aspect-ratio: 168\/120;\" \/><noscript><img loading=\"lazy\" decoding=\"async\" class=\"wp-image-3529 aligncenter\" src=\"http:\/\/www.panajamtours.com\/wp-content\/uploads\/2017\/11\/LOGO-2-300x214.jpg\" alt=\"\" width=\"168\" height=\"120\" srcset=\"https:\/\/www.panajamtours.com\/wp-content\/uploads\/2017\/11\/LOGO-2-300x214.jpg 300w, https:\/\/www.panajamtours.com\/wp-content\/uploads\/2017\/11\/LOGO-2.jpg 350w\" sizes=\"auto, (max-width: 168px) 100vw, 168px\" \/><\/noscript><\/p>\n<h6 style=\"text-align: center;\"><b><span style=\"color: #000000;\">Check In:<\/span>\u00a0<span style=\"color: #993300;\">3:00 PM\u00a0 \u00a0<\/span> \u00a0<span style=\"color: #000000;\">Check Out:<\/span>\u00a0<span style=\"color: #993300;\">12:00 PM<\/span><\/b><\/h6>\n<h6><span style=\"color: #000000;\">Hotel Intercontinental miramar es el lugar perfecto para ver la entrada de barcos al ic\u00f3nico Canal de Panam\u00e1 o si desea caminar toda la Cinta costera y el Casco Antiguo.<\/span><\/h6>\n<h6><span style=\"color: #000000;\">Sus amplias suites con impresionantes vistas al mar y un pintoresco sendero que lleva directamente a la marina. Disfrute del restaurante junto a la piscina o de un tratamiento en el Spa. Cerca del hotel, encontrar\u00e1 tiendas de renombre, mercados locales y el colonial Casco Viejo.\u00a0\u00a0<\/span><\/h6>\n<h5><span style=\"color: #993300;\"><strong>Servicios principales:<\/strong><\/span><\/h5>\n<h6><span style=\"color: #000000;\">&#8211; 186 habitaciones<\/span><\/h6>\n<h6><span style=\"color: #000000;\">&#8211; Marina\/club n\u00e1utico<\/span><\/h6>\n<h6><span style=\"color: #000000;\">&#8211; Restaurante y bar o sal\u00f3n lounge<\/span><\/h6>\n<h6><span style=\"color: #000000;\">&#8211; Piscina al aire libre<\/span><\/h6>\n<h6><span style=\"color: #000000;\">&#8211; Cancha de tenis exterior<\/span><\/h6>\n<h6><span style=\"color: #000000;\">&#8211; Servicios de spa<\/span><\/h6>\n<h6><span style=\"color: #000000;\">&#8211; Centro de negocios<\/span><\/h6>\n<h6><span style=\"color: #000000;\">&#8211; Servicio de traslado al aeropuerto<\/span><\/h6>\n<h6><span style=\"color: #000000;\">&#8211; Servicio de cuidado de ni\u00f1os en la habitaci\u00f3n<\/span><\/h6>\n<h6><span style=\"color: #000000;\">&#8211; Recepci\u00f3n disponible las 24 horas<\/span><\/h6>\n<h6><span style=\"color: #000000;\">&#8211; Cafe o t\u00e9 en las \u00e1reas comunes<\/span><\/h6>\n<h6><span style=\"color: #000000;\">&#8211; Wifi en el lobby gratis y estacionamiento gratis<\/span><\/h6>\n<h5><span style=\"color: #993300;\"><strong>Habitaciones:\u00a0<\/strong><\/span><\/h5>\n<h6><span style=\"color: #000000;\">Las habitaciones y suites presentan una decoraci\u00f3n moderna ademas con una espectacular vista al oc\u00e9ano y\u00a0 tambi\u00e9n de la ciudad.<\/span><\/h6>\n<h6><span style=\"color: #000000;\">se encuentran equipadas con:<\/span><\/h6>\n<h6><span style=\"color: #000000;\">-Aire acondicionado\u00a0 \u00a0 \u00a0 \u00a0 \u00a0 \u00a0 \u00a0 \u00a0 \u00a0 \u00a0 \u00a0 \u00a0 &#8211; Utensilios de planchado<\/span><\/h6>\n<h6><span style=\"color: #000000;\">-Escritorio\u00a0 \u00a0 \u00a0 \u00a0 \u00a0 \u00a0 \u00a0 \u00a0 \u00a0 \u00a0 \u00a0 \u00a0 \u00a0 \u00a0 \u00a0 \u00a0 \u00a0 \u00a0 \u00a0 \u00a0&#8211; Cafetera<\/span><\/h6>\n<h6><span style=\"color: #000000;\">-TV de pantalla plana por cable\u00a0 \u00a0 \u00a0&#8211; minibar\u00a0<\/span><\/h6>\n<h6><span style=\"color: #000000;\">-Secador de pelo\u00a0 \u00a0 \u00a0 \u00a0 \u00a0 \u00a0 \u00a0 \u00a0 \u00a0 \u00a0 \u00a0 \u00a0 \u00a0 \u00a0 &#8211; El ba\u00f1o es privado e incluye ba\u00f1era y art\u00edculos de aseo gratuitos.<\/span><\/h6>\n<h5><span style=\"color: #993300;\"><strong>Restaurante:\u00a0<\/strong><\/span><\/h5>\n<h6><span style=\"color: #000000;\"><strong>Restaurante Bay View:\u00a0<\/strong>est\u00e1 disponible en horarios de 6:00 a.m &#8211; 10:30 p.m :\u00a0su servicio es estilo buffet\u00a0 y ofrece desayunos, almuerzos y cenas con variedades de comida Internacional y especialidades nacionales como es el plato de sancocho paname\u00f1o.<\/span><\/h6>\n<h6><span style=\"color: #000000;\">En los Buffet de noche los fin de semana son variados temas de platos culinario como comida: asi\u00e1tica, mediterr\u00e1neo, caribe\u00f1o y Europeos.<\/span><\/h6>\n<h6><span style=\"color: #000000;\"><strong>Sparkles Bar:\u00a0<\/strong>\u00a0bar en el establecimiento.<\/span><\/h6>\n<p>&nbsp;<\/p>\n<h5><span style=\"color: #993300;\"><strong>Centro de Reuniones y Eventos:\u00a0<\/strong><\/span><\/h5>\n<h6><span style=\"color: #000000;\">Realice juntas de trabajo y eventos sociales en cualquiera de nuestros 11 salones de reuniones totalmente equipados con capacidad m\u00e1xima para 600 personas. Contamos con un coordinador de eventos certificado, quien lo ayudar\u00e1 a volver de su d\u00eda algo \u00fanico.<\/span><\/h6>\n<h4 style=\"text-align: center;\"><em><span style=\"color: #993300;\"><strong>Hotel Intercontinental Miramar<\/strong><\/span><\/em><\/h4>\n","protected":false},"excerpt":{"rendered":"<h5 class=\"b_geo_hp_city_centre_description_heading\" style=\"text-align: center;\"><span style=\"color: #993300;\"><strong>Descubre c\u00f3mo se sienten las estrellas en el mejor lugar<\/strong><\/span><\/h5>\n","protected":false},"featured_media":3473,"template":"","meta":[],"product_cat":[226],"product_tag":[27,31,22,24],"class_list":{"0":"post-2765","1":"product","2":"type-product","3":"status-publish","4":"has-post-thumbnail","6":"product_cat-panama-hotels","7":"product_tag-panama","8":"product_tag-panama-canal","9":"product_tag-panama-city-hotel","10":"product_tag-vacation","12":"first","13":"instock","14":"featured","15":"shipping-taxable","16":"product-type-simple"},"translation":{"provider":"WPGlobus","version":"3.0.0","language":"es","enabled_languages":["en","es"],"languages":{"en":{"title":true,"content":false,"excerpt":false},"es":{"title":true,"content":true,"excerpt":true}}},"yoast_head":"<!-- This site is optimized with the Yoast SEO plugin v23.9 - https:\/\/yoast.com\/wordpress\/plugins\/seo\/ -->\n<title>HOTEL INTERNCONTINENTAL MIRAMAR  - PanaJam Tours<\/title>\n<meta name=\"robots\" content=\"index, follow, max-snippet:-1, max-image-preview:large, max-video-preview:-1\" \/>\n<link rel=\"canonical\" href=\"https:\/\/www.panajamtours.com\/product\/hotel-interncontinental\" \/>\n<meta property=\"og:locale\" content=\"es_ES\" \/>\n<meta property=\"og:type\" content=\"article\" \/>\n<meta property=\"og:title\" content=\"HOTEL INTERNCONTINENTAL MIRAMAR  - PanaJam Tours\" \/>\n<meta property=\"og:url\" content=\"https:\/\/www.panajamtours.com\/product\/hotel-interncontinental\" \/>\n<meta property=\"og:site_name\" content=\"PanaJam Tours\" \/>\n<meta property=\"article:publisher\" content=\"https:\/\/www.facebook.com\/PanaJamTours\/\" \/>\n<meta property=\"article:modified_time\" content=\"2018-01-26T17:18:27+00:00\" \/>\n<meta property=\"og:image\" content=\"https:\/\/www.panajamtours.com\/wp-content\/uploads\/2017\/11\/intercontinental-panama-city-4069211769-2x1.jpg\" \/>\n\t<meta property=\"og:image:width\" content=\"1440\" \/>\n\t<meta property=\"og:image:height\" content=\"720\" \/>\n\t<meta property=\"og:image:type\" content=\"image\/jpeg\" \/>\n<meta name=\"twitter:card\" content=\"summary_large_image\" \/>\n<meta name=\"twitter:site\" content=\"@panajamtours\" \/>\n<meta name=\"twitter:label1\" content=\"Tiempo de lectura\" \/>\n\t<meta name=\"twitter:data1\" content=\"2 minutos\" \/>\n<script type=\"application\/ld+json\" class=\"yoast-schema-graph\">{\"@context\":\"https:\/\/schema.org\",\"@graph\":[{\"@type\":\"WebPage\",\"@id\":\"https:\/\/www.panajamtours.com\/product\/hotel-interncontinental\",\"url\":\"https:\/\/www.panajamtours.com\/product\/hotel-interncontinental\",\"name\":\"HOTEL INTERNCONTINENTAL MIRAMAR - PanaJam Tours\",\"isPartOf\":{\"@id\":\"https:\/\/www.panajamtours.com\/es\/#website\"},\"primaryImageOfPage\":{\"@id\":\"https:\/\/www.panajamtours.com\/product\/hotel-interncontinental#primaryimage\"},\"image\":{\"@id\":\"https:\/\/www.panajamtours.com\/product\/hotel-interncontinental#primaryimage\"},\"thumbnailUrl\":\"https:\/\/www.panajamtours.com\/wp-content\/uploads\/2017\/11\/intercontinental-panama-city-4069211769-2x1.jpg\",\"datePublished\":\"2017-11-21T19:28:38+00:00\",\"dateModified\":\"2018-01-26T17:18:27+00:00\",\"breadcrumb\":{\"@id\":\"https:\/\/www.panajamtours.com\/product\/hotel-interncontinental#breadcrumb\"},\"inLanguage\":\"es\",\"potentialAction\":[{\"@type\":\"ReadAction\",\"target\":[\"https:\/\/www.panajamtours.com\/product\/hotel-interncontinental\"]}]},{\"@type\":\"ImageObject\",\"inLanguage\":\"es\",\"@id\":\"https:\/\/www.panajamtours.com\/product\/hotel-interncontinental#primaryimage\",\"url\":\"https:\/\/www.panajamtours.com\/wp-content\/uploads\/2017\/11\/intercontinental-panama-city-4069211769-2x1.jpg\",\"contentUrl\":\"https:\/\/www.panajamtours.com\/wp-content\/uploads\/2017\/11\/intercontinental-panama-city-4069211769-2x1.jpg\",\"width\":1440,\"height\":720,\"caption\":\"Hotel Intercontinental\"},{\"@type\":\"BreadcrumbList\",\"@id\":\"https:\/\/www.panajamtours.com\/product\/hotel-interncontinental#breadcrumb\",\"itemListElement\":[{\"@type\":\"ListItem\",\"position\":1,\"name\":\"Home\",\"item\":\"https:\/\/www.panajamtours.com\/es\/\"},{\"@type\":\"ListItem\",\"position\":2,\"name\":\"Opciones de vacaciones\",\"item\":\"https:\/\/www.panajamtours.com\/es\/shop\"},{\"@type\":\"ListItem\",\"position\":3,\"name\":\"HOTEL INTERNCONTINENTAL\"}]},{\"@type\":\"WebSite\",\"@id\":\"https:\/\/www.panajamtours.com\/es\/#website\",\"url\":\"https:\/\/www.panajamtours.com\/es\/\",\"name\":\"PanaJam Tours\",\"description\":\"Agencia de Viajes\",\"publisher\":{\"@id\":\"https:\/\/www.panajamtours.com\/es\/#organization\"},\"potentialAction\":[{\"@type\":\"SearchAction\",\"target\":{\"@type\":\"EntryPoint\",\"urlTemplate\":\"https:\/\/www.panajamtours.com\/es\/?s={search_term_string}\"},\"query-input\":{\"@type\":\"PropertyValueSpecification\",\"valueRequired\":true,\"valueName\":\"search_term_string\"}}],\"inLanguage\":\"es\"},{\"@type\":\"Organization\",\"@id\":\"https:\/\/www.panajamtours.com\/es\/#organization\",\"name\":\"PanaJam Tours\",\"url\":\"https:\/\/www.panajamtours.com\/es\/\",\"logo\":{\"@type\":\"ImageObject\",\"inLanguage\":\"es\",\"@id\":\"https:\/\/www.panajamtours.com\/es\/#\/schema\/logo\/image\/\",\"url\":\"https:\/\/www.panajamtours.com\/wp-content\/uploads\/2015\/07\/cropped-PanaJamTours-1-e1452391999906.png\",\"contentUrl\":\"https:\/\/www.panajamtours.com\/wp-content\/uploads\/2015\/07\/cropped-PanaJamTours-1-e1452391999906.png\",\"width\":200,\"height\":166,\"caption\":\"PanaJam Tours\"},\"image\":{\"@id\":\"https:\/\/www.panajamtours.com\/es\/#\/schema\/logo\/image\/\"},\"sameAs\":[\"https:\/\/www.facebook.com\/PanaJamTours\/\",\"https:\/\/x.com\/panajamtours\",\"https:\/\/www.instagram.com\/PanaJamTours\/\"]}]}<\/script>\n<!-- \/ Yoast SEO plugin. -->","yoast_head_json":{"title":"HOTEL INTERNCONTINENTAL MIRAMAR  - PanaJam Tours","robots":{"index":"index","follow":"follow","max-snippet":"max-snippet:-1","max-image-preview":"max-image-preview:large","max-video-preview":"max-video-preview:-1"},"canonical":"https:\/\/www.panajamtours.com\/product\/hotel-interncontinental","og_locale":"es_ES","og_type":"article","og_title":"HOTEL INTERNCONTINENTAL MIRAMAR  - PanaJam Tours","og_url":"https:\/\/www.panajamtours.com\/product\/hotel-interncontinental","og_site_name":"PanaJam Tours","article_publisher":"https:\/\/www.facebook.com\/PanaJamTours\/","article_modified_time":"2018-01-26T17:18:27+00:00","og_image":[{"width":1440,"height":720,"url":"https:\/\/www.panajamtours.com\/wp-content\/uploads\/2017\/11\/intercontinental-panama-city-4069211769-2x1.jpg","type":"image\/jpeg"}],"twitter_card":"summary_large_image","twitter_site":"@panajamtours","twitter_misc":{"Tiempo de lectura":"2 minutos"},"schema":{"@context":"https:\/\/schema.org","@graph":[{"@type":"WebPage","@id":"https:\/\/www.panajamtours.com\/product\/hotel-interncontinental","url":"https:\/\/www.panajamtours.com\/product\/hotel-interncontinental","name":"HOTEL INTERNCONTINENTAL MIRAMAR - PanaJam Tours","isPartOf":{"@id":"https:\/\/www.panajamtours.com\/es\/#website"},"primaryImageOfPage":{"@id":"https:\/\/www.panajamtours.com\/product\/hotel-interncontinental#primaryimage"},"image":{"@id":"https:\/\/www.panajamtours.com\/product\/hotel-interncontinental#primaryimage"},"thumbnailUrl":"https:\/\/www.panajamtours.com\/wp-content\/uploads\/2017\/11\/intercontinental-panama-city-4069211769-2x1.jpg","datePublished":"2017-11-21T19:28:38+00:00","dateModified":"2018-01-26T17:18:27+00:00","breadcrumb":{"@id":"https:\/\/www.panajamtours.com\/product\/hotel-interncontinental#breadcrumb"},"inLanguage":"es","potentialAction":[{"@type":"ReadAction","target":["https:\/\/www.panajamtours.com\/product\/hotel-interncontinental"]}]},{"@type":"ImageObject","inLanguage":"es","@id":"https:\/\/www.panajamtours.com\/product\/hotel-interncontinental#primaryimage","url":"https:\/\/www.panajamtours.com\/wp-content\/uploads\/2017\/11\/intercontinental-panama-city-4069211769-2x1.jpg","contentUrl":"https:\/\/www.panajamtours.com\/wp-content\/uploads\/2017\/11\/intercontinental-panama-city-4069211769-2x1.jpg","width":1440,"height":720,"caption":"Hotel Intercontinental"},{"@type":"BreadcrumbList","@id":"https:\/\/www.panajamtours.com\/product\/hotel-interncontinental#breadcrumb","itemListElement":[{"@type":"ListItem","position":1,"name":"Home","item":"https:\/\/www.panajamtours.com\/es\/"},{"@type":"ListItem","position":2,"name":"Opciones de vacaciones","item":"https:\/\/www.panajamtours.com\/es\/shop"},{"@type":"ListItem","position":3,"name":"HOTEL INTERNCONTINENTAL"}]},{"@type":"WebSite","@id":"https:\/\/www.panajamtours.com\/es\/#website","url":"https:\/\/www.panajamtours.com\/es\/","name":"PanaJam Tours","description":"Agencia de Viajes","publisher":{"@id":"https:\/\/www.panajamtours.com\/es\/#organization"},"potentialAction":[{"@type":"SearchAction","target":{"@type":"EntryPoint","urlTemplate":"https:\/\/www.panajamtours.com\/es\/?s={search_term_string}"},"query-input":{"@type":"PropertyValueSpecification","valueRequired":true,"valueName":"search_term_string"}}],"inLanguage":"es"},{"@type":"Organization","@id":"https:\/\/www.panajamtours.com\/es\/#organization","name":"PanaJam Tours","url":"https:\/\/www.panajamtours.com\/es\/","logo":{"@type":"ImageObject","inLanguage":"es","@id":"https:\/\/www.panajamtours.com\/es\/#\/schema\/logo\/image\/","url":"https:\/\/www.panajamtours.com\/wp-content\/uploads\/2015\/07\/cropped-PanaJamTours-1-e1452391999906.png","contentUrl":"https:\/\/www.panajamtours.com\/wp-content\/uploads\/2015\/07\/cropped-PanaJamTours-1-e1452391999906.png","width":200,"height":166,"caption":"PanaJam Tours"},"image":{"@id":"https:\/\/www.panajamtours.com\/es\/#\/schema\/logo\/image\/"},"sameAs":["https:\/\/www.facebook.com\/PanaJamTours\/","https:\/\/x.com\/panajamtours","https:\/\/www.instagram.com\/PanaJamTours\/"]}]}},"_links":{"self":[{"href":"https:\/\/www.panajamtours.com\/es\/wp-json\/wp\/v2\/product\/2765","targetHints":{"allow":["GET"]}}],"collection":[{"href":"https:\/\/www.panajamtours.com\/es\/wp-json\/wp\/v2\/product"}],"about":[{"href":"https:\/\/www.panajamtours.com\/es\/wp-json\/wp\/v2\/types\/product"}],"wp:featuredmedia":[{"embeddable":true,"href":"https:\/\/www.panajamtours.com\/es\/wp-json\/wp\/v2\/media\/3473"}],"wp:attachment":[{"href":"https:\/\/www.panajamtours.com\/es\/wp-json\/wp\/v2\/media?parent=2765"}],"wp:term":[{"taxonomy":"product_cat","embeddable":true,"href":"https:\/\/www.panajamtours.com\/es\/wp-json\/wp\/v2\/product_cat?post=2765"},{"taxonomy":"product_tag","embeddable":true,"href":"https:\/\/www.panajamtours.com\/es\/wp-json\/wp\/v2\/product_tag?post=2765"}],"curies":[{"name":"wp","href":"https:\/\/api.w.org\/{rel}","templated":true}]}}