{"id":2734,"date":"2017-10-27T12:26:48","date_gmt":"2017-10-27T17:26:48","guid":{"rendered":"http:\/\/www.panajamtours.com\/?post_type=product&#038;p=2734"},"modified":"2018-01-26T12:29:03","modified_gmt":"2018-01-26T17:29:03","slug":"hotel-hilton-garden-inn","status":"publish","type":"product","link":"https:\/\/www.panajamtours.com\/es\/product\/hotel-hilton-garden-inn","title":{"rendered":"HOTEL HILTON GARDEN INN"},"content":{"rendered":"<h4 style=\"text-align: center;\"><span style=\"color: #003366;\"><strong>Hotel Hilton Garden Inn<\/strong><\/span><\/h4>\n<h6 style=\"text-align: center;\"><span style=\"color: #000000;\">Localizado en zona Financiera y Comercial a\u00a0 s\u00f3lo 19 km del Aeropuerto Internacional de Tocumen y a 2 cuadras del Metro de Panam\u00e1 (Estaci\u00f3n de Iglesia del Carmen).<\/span><\/h6>\n<p><em><img loading=\"lazy\" decoding=\"async\" class=\"wp-image-3582 aligncenter lazyload\" data-src=\"http:\/\/www.panajamtours.com\/wp-content\/uploads\/2017\/10\/LOGO-HILTON-GARDEN-INN-300x75.jpg\" alt=\"\" width=\"216\" height=\"54\" data-srcset=\"https:\/\/www.panajamtours.com\/wp-content\/uploads\/2017\/10\/LOGO-HILTON-GARDEN-INN-300x75.jpg 300w, https:\/\/www.panajamtours.com\/wp-content\/uploads\/2017\/10\/LOGO-HILTON-GARDEN-INN.jpg 800w\" data-sizes=\"auto, (max-width: 216px) 100vw, 216px\" src=\"data:image\/gif;base64,R0lGODlhAQABAAAAACH5BAEKAAEALAAAAAABAAEAAAICTAEAOw==\" style=\"--smush-placeholder-width: 216px; --smush-placeholder-aspect-ratio: 216\/54;\" \/><noscript><img loading=\"lazy\" decoding=\"async\" class=\" wp-image-3582 aligncenter\" src=\"http:\/\/www.panajamtours.com\/wp-content\/uploads\/2017\/10\/LOGO-HILTON-GARDEN-INN-300x75.jpg\" alt=\"\" width=\"216\" height=\"54\" srcset=\"https:\/\/www.panajamtours.com\/wp-content\/uploads\/2017\/10\/LOGO-HILTON-GARDEN-INN-300x75.jpg 300w, https:\/\/www.panajamtours.com\/wp-content\/uploads\/2017\/10\/LOGO-HILTON-GARDEN-INN.jpg 800w\" sizes=\"auto, (max-width: 216px) 100vw, 216px\" \/><\/noscript><\/em><\/p>\n<h6 style=\"text-align: center;\"><b><span style=\"color: #000000;\">Check In:\u00a0<\/span><span style=\"color: #003366;\">3:00 PM\u00a0<\/span> \u00a0<span style=\"color: #000000;\"> \u00a0Check Out:<\/span>\u00a0<span style=\"color: #003366;\">1:00 PM<\/span><\/b><\/h6>\n<h5 style=\"text-align: left;\"><span style=\"color: #003366;\"><strong>Servicios principales:\u00a0<\/strong><\/span><\/h5>\n<h6 style=\"text-align: left;\"><span style=\"color: #000000;\">-165 habitaciones amplias<\/span><\/h6>\n<h6 style=\"text-align: left;\"><span style=\"color: #000000;\">&#8211; Restaurante y bar o sal\u00f3n lounge<\/span><\/h6>\n<h6 style=\"text-align: left;\"><span style=\"color: #000000;\">&#8211; Terraza en la azotea<\/span><\/h6>\n<h6 style=\"text-align: left;\"><span style=\"color: #000000;\">&#8211; Ba\u00f1era de hidromasaje<\/span><\/h6>\n<h6 style=\"text-align: left;\"><span style=\"color: #000000;\">&#8211; Sala de fitness abierta las 24 horas<\/span><\/h6>\n<h6 style=\"text-align: left;\"><span style=\"color: #000000;\">&#8211; Centro de negocios abierto las 24 horas<\/span><\/h6>\n<h6 style=\"text-align: left;\"><span style=\"color: #000000;\">&#8211; Servicio de traslado al aeropuerto<\/span><\/h6>\n<h6 style=\"text-align: left;\"><span style=\"color: #000000;\">&#8211; Aire acondicionado<\/span><\/h6>\n<h6 style=\"text-align: left;\"><span style=\"color: #000000;\">&#8211; Servicio de limpieza diario<\/span><\/h6>\n<h6 style=\"text-align: left;\"><span style=\"color: #000000;\">&#8211; Sala de computadoras<\/span><\/h6>\n<h6 style=\"text-align: left;\"><span style=\"color: #000000;\">&#8211; Servicio de tintorer\u00eda\/lavander\u00eda<\/span><\/h6>\n<h6 style=\"text-align: left;\"><span style=\"color: #000000;\">&#8211; Wifi gratis y estacionamiento gratis<\/span><\/h6>\n<div id=\"overview-section-5\" class=\"overview-section overview-column ticked\"><\/div>\n<h5><span style=\"color: #003366;\"><strong>Habitaciones y Suites:\u00a0<\/strong><\/span><\/h5>\n<h6><span style=\"color: #000000;\">Rel\u00e1jese y descanse en una de nuestras c\u00f3modas habitaciones en el Hilton Garden Inn Panama.\u00a0<\/span><\/h6>\n<h6 style=\"text-align: left;\"><span style=\"color: #000000;\">Las habitaciones disponen de:<\/span><\/h6>\n<h6 style=\"text-align: left;\"><span style=\"color: #000000;\">&#8211; Aire acondicionado\u00a0 \u00a0 \u00a0 \u00a0 \u00a0 \u00a0 &#8211; TV de pantalla plana por cable<\/span><\/h6>\n<h6 style=\"text-align: left;\"><span style=\"color: #000000;\">&#8211; Cafetera\u00a0 \u00a0 \u00a0 \u00a0 \u00a0 \u00a0 \u00a0 \u00a0 \u00a0 \u00a0 \u00a0 \u00a0 \u00a0 \u00a0 \u00a0&#8211; Ba\u00f1o privado con secador de pelo art\u00edculos de aseo de Neutrogena.<\/span><\/h6>\n<h6 style=\"text-align: left;\"><span style=\"color: #000000;\">&#8211; Escritorio amplio con silla ergon\u00f3mica\u00a0 \u00a0 \u00a0<\/span><\/h6>\n<h6 style=\"text-align: left;\"><span style=\"color: #000000;\">&#8211; 2 tel\u00e9fonos con puerto de datos y contestador.<\/span><\/h6>\n<p>&nbsp;<\/p>\n<h5><span style=\"color: #003366;\"><strong>Restaurantes:\u00a0<\/strong><\/span><\/h5>\n<h6><span style=\"color: #000000;\"><strong>&#8211; Restaurante the Garden Grill:<\/strong> del hotel sirve desayunos, as\u00ed como almuerzos y cenas a la carta. El men\u00fa incluye platos regionales e internacionales.<\/span><\/h6>\n<h6><span style=\"color: #000000;\">&#8211; El centro de conveniencia <strong>Pavilion Pantry<\/strong> ofrece art\u00edculos diversos, una variedad de bebidas y comidas listas para cocinar para el horno de microondas o el refrigerador en la habitaci\u00f3n.<\/span><\/h6>\n<p>&nbsp;<\/p>\n<h2 style=\"text-align: center;\"><span style=\"font-size: 14px; color: #000000;\"><strong>Hotel Hilton Garden Inn<\/strong><\/span><\/h2>\n<h2 style=\"text-align: center;\"><span style=\"color: #000000; font-size: 14px;\"><strong>Todo a solo minutos de mayores Centros Comerciales y Sitios tur\u00edsticos de la ciudad de Panam\u00e1.<\/strong><\/span><\/h2>\n","protected":false},"excerpt":{"rendered":"<h5 style=\"text-align: center;\"><span style=\"color: #003366;\"><strong>Se encuentra cerca del centro financiero Ciudad de Panam\u00e1 y otras \u00e1reas comerciales y de negocios.<\/strong><\/span><\/h5>\n","protected":false},"featured_media":3583,"template":"","meta":[],"product_cat":[226],"product_tag":[134,27,22,28],"class_list":{"0":"post-2734","1":"product","2":"type-product","3":"status-publish","4":"has-post-thumbnail","6":"product_cat-panama-hotels","7":"product_tag-gastronomia-panamena","8":"product_tag-panama","9":"product_tag-panama-city-hotel","10":"product_tag-tour","12":"first","13":"instock","14":"shipping-taxable","15":"product-type-simple"},"translation":{"provider":"WPGlobus","version":"3.0.0","language":"es","enabled_languages":["en","es"],"languages":{"en":{"title":true,"content":false,"excerpt":false},"es":{"title":true,"content":true,"excerpt":true}}},"yoast_head":"<!-- This site is optimized with the Yoast SEO plugin v23.9 - https:\/\/yoast.com\/wordpress\/plugins\/seo\/ -->\n<title>HOTEL HILTON GARDEN INN - PanaJam Tours<\/title>\n<meta name=\"robots\" content=\"index, follow, max-snippet:-1, max-image-preview:large, max-video-preview:-1\" \/>\n<link rel=\"canonical\" href=\"https:\/\/www.panajamtours.com\/product\/hotel-hilton-garden-inn\" \/>\n<meta property=\"og:locale\" content=\"es_ES\" \/>\n<meta property=\"og:type\" content=\"article\" \/>\n<meta property=\"og:title\" content=\"HOTEL HILTON GARDEN INN - PanaJam Tours\" \/>\n<meta property=\"og:url\" content=\"https:\/\/www.panajamtours.com\/product\/hotel-hilton-garden-inn\" \/>\n<meta property=\"og:site_name\" content=\"PanaJam Tours\" \/>\n<meta property=\"article:publisher\" content=\"https:\/\/www.facebook.com\/PanaJamTours\/\" \/>\n<meta property=\"article:modified_time\" content=\"2018-01-26T17:29:03+00:00\" \/>\n<meta property=\"og:image\" content=\"https:\/\/www.panajamtours.com\/wp-content\/uploads\/2017\/10\/GI_exterior02_698x390_FitToBoxSmallDimension_Center-1.jpg\" \/>\n\t<meta property=\"og:image:width\" content=\"698\" \/>\n\t<meta property=\"og:image:height\" content=\"390\" \/>\n\t<meta property=\"og:image:type\" content=\"image\/jpeg\" \/>\n<meta name=\"twitter:card\" content=\"summary_large_image\" \/>\n<meta name=\"twitter:site\" content=\"@panajamtours\" \/>\n<meta name=\"twitter:label1\" content=\"Tiempo de lectura\" \/>\n\t<meta name=\"twitter:data1\" content=\"1 minuto\" \/>\n<script type=\"application\/ld+json\" class=\"yoast-schema-graph\">{\"@context\":\"https:\/\/schema.org\",\"@graph\":[{\"@type\":\"WebPage\",\"@id\":\"https:\/\/www.panajamtours.com\/product\/hotel-hilton-garden-inn\",\"url\":\"https:\/\/www.panajamtours.com\/product\/hotel-hilton-garden-inn\",\"name\":\"HOTEL HILTON GARDEN INN - PanaJam Tours\",\"isPartOf\":{\"@id\":\"https:\/\/www.panajamtours.com\/es\/#website\"},\"primaryImageOfPage\":{\"@id\":\"https:\/\/www.panajamtours.com\/product\/hotel-hilton-garden-inn#primaryimage\"},\"image\":{\"@id\":\"https:\/\/www.panajamtours.com\/product\/hotel-hilton-garden-inn#primaryimage\"},\"thumbnailUrl\":\"https:\/\/www.panajamtours.com\/wp-content\/uploads\/2017\/10\/GI_exterior02_698x390_FitToBoxSmallDimension_Center-1.jpg\",\"datePublished\":\"2017-10-27T17:26:48+00:00\",\"dateModified\":\"2018-01-26T17:29:03+00:00\",\"breadcrumb\":{\"@id\":\"https:\/\/www.panajamtours.com\/product\/hotel-hilton-garden-inn#breadcrumb\"},\"inLanguage\":\"es\",\"potentialAction\":[{\"@type\":\"ReadAction\",\"target\":[\"https:\/\/www.panajamtours.com\/product\/hotel-hilton-garden-inn\"]}]},{\"@type\":\"ImageObject\",\"inLanguage\":\"es\",\"@id\":\"https:\/\/www.panajamtours.com\/product\/hotel-hilton-garden-inn#primaryimage\",\"url\":\"https:\/\/www.panajamtours.com\/wp-content\/uploads\/2017\/10\/GI_exterior02_698x390_FitToBoxSmallDimension_Center-1.jpg\",\"contentUrl\":\"https:\/\/www.panajamtours.com\/wp-content\/uploads\/2017\/10\/GI_exterior02_698x390_FitToBoxSmallDimension_Center-1.jpg\",\"width\":698,\"height\":390},{\"@type\":\"BreadcrumbList\",\"@id\":\"https:\/\/www.panajamtours.com\/product\/hotel-hilton-garden-inn#breadcrumb\",\"itemListElement\":[{\"@type\":\"ListItem\",\"position\":1,\"name\":\"Home\",\"item\":\"https:\/\/www.panajamtours.com\/es\/\"},{\"@type\":\"ListItem\",\"position\":2,\"name\":\"Opciones de vacaciones\",\"item\":\"https:\/\/www.panajamtours.com\/es\/shop\"},{\"@type\":\"ListItem\",\"position\":3,\"name\":\"HOTEL HILTON GARDEN INN\"}]},{\"@type\":\"WebSite\",\"@id\":\"https:\/\/www.panajamtours.com\/es\/#website\",\"url\":\"https:\/\/www.panajamtours.com\/es\/\",\"name\":\"PanaJam Tours\",\"description\":\"Agencia de Viajes\",\"publisher\":{\"@id\":\"https:\/\/www.panajamtours.com\/es\/#organization\"},\"potentialAction\":[{\"@type\":\"SearchAction\",\"target\":{\"@type\":\"EntryPoint\",\"urlTemplate\":\"https:\/\/www.panajamtours.com\/es\/?s={search_term_string}\"},\"query-input\":{\"@type\":\"PropertyValueSpecification\",\"valueRequired\":true,\"valueName\":\"search_term_string\"}}],\"inLanguage\":\"es\"},{\"@type\":\"Organization\",\"@id\":\"https:\/\/www.panajamtours.com\/es\/#organization\",\"name\":\"PanaJam Tours\",\"url\":\"https:\/\/www.panajamtours.com\/es\/\",\"logo\":{\"@type\":\"ImageObject\",\"inLanguage\":\"es\",\"@id\":\"https:\/\/www.panajamtours.com\/es\/#\/schema\/logo\/image\/\",\"url\":\"https:\/\/www.panajamtours.com\/wp-content\/uploads\/2015\/07\/cropped-PanaJamTours-1-e1452391999906.png\",\"contentUrl\":\"https:\/\/www.panajamtours.com\/wp-content\/uploads\/2015\/07\/cropped-PanaJamTours-1-e1452391999906.png\",\"width\":200,\"height\":166,\"caption\":\"PanaJam Tours\"},\"image\":{\"@id\":\"https:\/\/www.panajamtours.com\/es\/#\/schema\/logo\/image\/\"},\"sameAs\":[\"https:\/\/www.facebook.com\/PanaJamTours\/\",\"https:\/\/x.com\/panajamtours\",\"https:\/\/www.instagram.com\/PanaJamTours\/\"]}]}<\/script>\n<!-- \/ Yoast SEO plugin. -->","yoast_head_json":{"title":"HOTEL HILTON GARDEN INN - PanaJam Tours","robots":{"index":"index","follow":"follow","max-snippet":"max-snippet:-1","max-image-preview":"max-image-preview:large","max-video-preview":"max-video-preview:-1"},"canonical":"https:\/\/www.panajamtours.com\/product\/hotel-hilton-garden-inn","og_locale":"es_ES","og_type":"article","og_title":"HOTEL HILTON GARDEN INN - PanaJam Tours","og_url":"https:\/\/www.panajamtours.com\/product\/hotel-hilton-garden-inn","og_site_name":"PanaJam Tours","article_publisher":"https:\/\/www.facebook.com\/PanaJamTours\/","article_modified_time":"2018-01-26T17:29:03+00:00","og_image":[{"width":698,"height":390,"url":"https:\/\/www.panajamtours.com\/wp-content\/uploads\/2017\/10\/GI_exterior02_698x390_FitToBoxSmallDimension_Center-1.jpg","type":"image\/jpeg"}],"twitter_card":"summary_large_image","twitter_site":"@panajamtours","twitter_misc":{"Tiempo de lectura":"1 minuto"},"schema":{"@context":"https:\/\/schema.org","@graph":[{"@type":"WebPage","@id":"https:\/\/www.panajamtours.com\/product\/hotel-hilton-garden-inn","url":"https:\/\/www.panajamtours.com\/product\/hotel-hilton-garden-inn","name":"HOTEL HILTON GARDEN INN - PanaJam Tours","isPartOf":{"@id":"https:\/\/www.panajamtours.com\/es\/#website"},"primaryImageOfPage":{"@id":"https:\/\/www.panajamtours.com\/product\/hotel-hilton-garden-inn#primaryimage"},"image":{"@id":"https:\/\/www.panajamtours.com\/product\/hotel-hilton-garden-inn#primaryimage"},"thumbnailUrl":"https:\/\/www.panajamtours.com\/wp-content\/uploads\/2017\/10\/GI_exterior02_698x390_FitToBoxSmallDimension_Center-1.jpg","datePublished":"2017-10-27T17:26:48+00:00","dateModified":"2018-01-26T17:29:03+00:00","breadcrumb":{"@id":"https:\/\/www.panajamtours.com\/product\/hotel-hilton-garden-inn#breadcrumb"},"inLanguage":"es","potentialAction":[{"@type":"ReadAction","target":["https:\/\/www.panajamtours.com\/product\/hotel-hilton-garden-inn"]}]},{"@type":"ImageObject","inLanguage":"es","@id":"https:\/\/www.panajamtours.com\/product\/hotel-hilton-garden-inn#primaryimage","url":"https:\/\/www.panajamtours.com\/wp-content\/uploads\/2017\/10\/GI_exterior02_698x390_FitToBoxSmallDimension_Center-1.jpg","contentUrl":"https:\/\/www.panajamtours.com\/wp-content\/uploads\/2017\/10\/GI_exterior02_698x390_FitToBoxSmallDimension_Center-1.jpg","width":698,"height":390},{"@type":"BreadcrumbList","@id":"https:\/\/www.panajamtours.com\/product\/hotel-hilton-garden-inn#breadcrumb","itemListElement":[{"@type":"ListItem","position":1,"name":"Home","item":"https:\/\/www.panajamtours.com\/es\/"},{"@type":"ListItem","position":2,"name":"Opciones de vacaciones","item":"https:\/\/www.panajamtours.com\/es\/shop"},{"@type":"ListItem","position":3,"name":"HOTEL HILTON GARDEN INN"}]},{"@type":"WebSite","@id":"https:\/\/www.panajamtours.com\/es\/#website","url":"https:\/\/www.panajamtours.com\/es\/","name":"PanaJam Tours","description":"Agencia de Viajes","publisher":{"@id":"https:\/\/www.panajamtours.com\/es\/#organization"},"potentialAction":[{"@type":"SearchAction","target":{"@type":"EntryPoint","urlTemplate":"https:\/\/www.panajamtours.com\/es\/?s={search_term_string}"},"query-input":{"@type":"PropertyValueSpecification","valueRequired":true,"valueName":"search_term_string"}}],"inLanguage":"es"},{"@type":"Organization","@id":"https:\/\/www.panajamtours.com\/es\/#organization","name":"PanaJam Tours","url":"https:\/\/www.panajamtours.com\/es\/","logo":{"@type":"ImageObject","inLanguage":"es","@id":"https:\/\/www.panajamtours.com\/es\/#\/schema\/logo\/image\/","url":"https:\/\/www.panajamtours.com\/wp-content\/uploads\/2015\/07\/cropped-PanaJamTours-1-e1452391999906.png","contentUrl":"https:\/\/www.panajamtours.com\/wp-content\/uploads\/2015\/07\/cropped-PanaJamTours-1-e1452391999906.png","width":200,"height":166,"caption":"PanaJam Tours"},"image":{"@id":"https:\/\/www.panajamtours.com\/es\/#\/schema\/logo\/image\/"},"sameAs":["https:\/\/www.facebook.com\/PanaJamTours\/","https:\/\/x.com\/panajamtours","https:\/\/www.instagram.com\/PanaJamTours\/"]}]}},"_links":{"self":[{"href":"https:\/\/www.panajamtours.com\/es\/wp-json\/wp\/v2\/product\/2734","targetHints":{"allow":["GET"]}}],"collection":[{"href":"https:\/\/www.panajamtours.com\/es\/wp-json\/wp\/v2\/product"}],"about":[{"href":"https:\/\/www.panajamtours.com\/es\/wp-json\/wp\/v2\/types\/product"}],"wp:featuredmedia":[{"embeddable":true,"href":"https:\/\/www.panajamtours.com\/es\/wp-json\/wp\/v2\/media\/3583"}],"wp:attachment":[{"href":"https:\/\/www.panajamtours.com\/es\/wp-json\/wp\/v2\/media?parent=2734"}],"wp:term":[{"taxonomy":"product_cat","embeddable":true,"href":"https:\/\/www.panajamtours.com\/es\/wp-json\/wp\/v2\/product_cat?post=2734"},{"taxonomy":"product_tag","embeddable":true,"href":"https:\/\/www.panajamtours.com\/es\/wp-json\/wp\/v2\/product_tag?post=2734"}],"curies":[{"name":"wp","href":"https:\/\/api.w.org\/{rel}","templated":true}]}}