{"id":2724,"date":"2017-10-23T15:57:16","date_gmt":"2017-10-23T20:57:16","guid":{"rendered":"http:\/\/www.panajamtours.com\/?post_type=product&#038;p=2724"},"modified":"2018-01-26T12:36:48","modified_gmt":"2018-01-26T17:36:48","slug":"gamboa-rainforest-resort","status":"publish","type":"product","link":"https:\/\/www.panajamtours.com\/es\/product\/gamboa-rainforest-resort","title":{"rendered":"HOTEL GAMBOA RAINFOREST RESORT"},"content":{"rendered":"<h5 style=\"text-align: center;\"><strong><span style=\"color: #008000;\">Hotel Gamboa Rainforest Resort <\/span><\/strong><\/h5>\n<h5 style=\"text-align: center;\"><span style=\"color: #000000;\">uno de los hoteles m\u00e1s exclusivos ubicados directamente en el \u00e1rea del Canal de Panam\u00e1.<\/span><\/h5>\n<p><img loading=\"lazy\" decoding=\"async\" class=\"wp-image-3765 aligncenter lazyload\" data-src=\"http:\/\/www.panajamtours.com\/wp-content\/uploads\/2017\/10\/LOGO.jpg\" alt=\"\" width=\"120\" height=\"120\" data-srcset=\"https:\/\/www.panajamtours.com\/wp-content\/uploads\/2017\/10\/LOGO.jpg 200w, https:\/\/www.panajamtours.com\/wp-content\/uploads\/2017\/10\/LOGO-150x150.jpg 150w, https:\/\/www.panajamtours.com\/wp-content\/uploads\/2017\/10\/LOGO-50x50.jpg 50w, https:\/\/www.panajamtours.com\/wp-content\/uploads\/2017\/10\/LOGO-180x180.jpg 180w\" data-sizes=\"auto, (max-width: 120px) 100vw, 120px\" src=\"data:image\/gif;base64,R0lGODlhAQABAAAAACH5BAEKAAEALAAAAAABAAEAAAICTAEAOw==\" style=\"--smush-placeholder-width: 120px; --smush-placeholder-aspect-ratio: 120\/120;\" \/><noscript><img loading=\"lazy\" decoding=\"async\" class=\" wp-image-3765 aligncenter\" src=\"http:\/\/www.panajamtours.com\/wp-content\/uploads\/2017\/10\/LOGO.jpg\" alt=\"\" width=\"120\" height=\"120\" srcset=\"https:\/\/www.panajamtours.com\/wp-content\/uploads\/2017\/10\/LOGO.jpg 200w, https:\/\/www.panajamtours.com\/wp-content\/uploads\/2017\/10\/LOGO-150x150.jpg 150w, https:\/\/www.panajamtours.com\/wp-content\/uploads\/2017\/10\/LOGO-50x50.jpg 50w, https:\/\/www.panajamtours.com\/wp-content\/uploads\/2017\/10\/LOGO-180x180.jpg 180w\" sizes=\"auto, (max-width: 120px) 100vw, 120px\" \/><\/noscript><\/p>\n<h6 style=\"text-align: center;\"><span style=\"color: #000000;\"><strong>Check In: 3:00 PM\u00a0 \u00a0 \u00a0 \u00a0Check Out: 12:00 MD\u00a0<\/strong><\/span><\/h6>\n<h6 style=\"text-align: left;\"><span style=\"color: #000000;\">Recomendado para vacacionar tanto en pareja como en familia y llevarse hermosos recuerdos que les durar\u00e1n toda una vida;\u00a0 como emocionantes paseos en telef\u00e9rico, safaris nocturnos por el R\u00edo Chagres y aventuras en kayak por el Canal de Panam\u00e1 \u00a0y muchas actividades m\u00e1s.\u00a0\u00a0<\/span><\/h6>\n<div id=\"overview-section-4\" class=\"overview-section overview-column ticked\" data-overview-section-type=\"HOTEL_FEATURE\">\n<h5><span style=\"color: #008000;\"><strong>Servicios principales:\u00a0\u00a0<\/strong><\/span><\/h5>\n<h6><span style=\"color: #000000;\">\u2666 164 habitaciones<\/span><\/h6>\n<h6><span style=\"color: #000000;\">\u2666 Marina\/club n\u00e1utico<\/span><\/h6>\n<h6><span style=\"color: #000000;\">\u2666\u00a0Cerca de la playa<\/span><\/h6>\n<h6><span style=\"color: #000000;\">\u2666 3 restaurantes<\/span><\/h6>\n<h6><span style=\"color: #000000;\">\u2666 Spa de servicio completo<\/span><\/h6>\n<h6><span style=\"color: #000000;\">\u2666 Piscina al aire libre y piscina con una corriente suave (r\u00edo lento)<\/span><\/h6>\n<h6><span style=\"color: #000000;\">\u2666 Sala de fitness abierta las 24 horas<\/span><\/h6>\n<h6><span style=\"color: #000000;\">\u2666 Centro de negocios<\/span><\/h6>\n<h6><span style=\"color: #000000;\">\u2666 Servicio de cuidado de ni\u00f1os en la habitaci\u00f3n<\/span><\/h6>\n<h6><span style=\"color: #000000;\">\u2666 Terraza<\/span><\/h6>\n<h6><span style=\"color: #000000;\">\u2666 Recepci\u00f3n disponible las 24 horas<\/span><\/h6>\n<h6><span style=\"color: #000000;\">\u2666 Wifi gratis y estacionamiento gratis<\/span><\/h6>\n<\/div>\n<div id=\"overview-section-5\" class=\"overview-section overview-column ticked\" data-overview-section-type=\"FAMILY_FRIENDLY_SECTION\"><\/div>\n<h5 data-overview-section-type=\"FAMILY_FRIENDLY_SECTION\"><span style=\"color: #008000;\"><strong>Habitaciones y Suites:\u00a0<\/strong><\/span><\/h5>\n<h6><span style=\"color: #000000;\">Todas las 137 habitaciones y 27 suites del Gamboa Rainforest Resort ofrecen vistas al r\u00edo, a los jardines o a la piscina de estilo tropical, y le brindan su propio santuario privado en el medio de la belleza natural virgen del Parque Nacional Soberan\u00eda.\u00a0<\/span><\/h6>\n<h6><span style=\"color: #000000;\">Con un estilo ecol\u00f3gico r\u00fastico y a la vez c\u00f3modo, todas nuestras habitaciones incluyen comodidades que van desde:\u00a0<\/span><\/h6>\n<h6><span style=\"color: #000000;\">&#8211; Servicio a la habitaci\u00f3n 24 horas\u00a0 \u00a0 \u00a0 \u00a0 \u00a0 \u00a0 \u00a0 \u00a0 \u00a0 \u00a0 \u00a0 \u00a0 \u00a0 \u00a0 \u00a0 \u00a0 \u00a0 &#8211; Ducha con agua caliente<\/span><\/h6>\n<h6><span style=\"color: #000000;\">&#8211; Cerradura magn\u00e9tica\u00a0 \u00a0 \u00a0 \u00a0 \u00a0 \u00a0 \u00a0 \u00a0 \u00a0 \u00a0 \u00a0 \u00a0 \u00a0 \u00a0 \u00a0 \u00a0 \u00a0 \u00a0 \u00a0 \u00a0 \u00a0 \u00a0 \u00a0 \u00a0 \u00a0 \u00a0 &#8211; Wi-Fi de cortes\u00eda<\/span><\/h6>\n<h6><span style=\"color: #000000;\">&#8211; Cajilla electr\u00f3nica de seguridad en la habitaci\u00f3n\u00a0 \u00a0 \u00a0 \u00a0 \u00a0 &#8211; Lujosas instalaciones de ba\u00f1o<\/span><\/h6>\n<h6><span style=\"color: #000000;\">&#8211; Aire acondicionado\u00a0 \u00a0 \u00a0 \u00a0 \u00a0 \u00a0 \u00a0 \u00a0 \u00a0 \u00a0 \u00a0 \u00a0 \u00a0 \u00a0 \u00a0 \u00a0 \u00a0 \u00a0 \u00a0 \u00a0 \u00a0 \u00a0 \u00a0 \u00a0 \u00a0 \u00a0 \u00a0 \u00a0 &#8211; Reloj con alarma<\/span><\/h6>\n<h6><span style=\"color: #000000;\">&#8211; Cunas disponibles\u00a0 \u00a0 \u00a0 \u00a0 \u00a0 \u00a0 \u00a0 \u00a0 \u00a0 \u00a0 \u00a0 \u00a0 \u00a0 \u00a0 \u00a0 \u00a0 \u00a0 \u00a0 \u00a0 \u00a0 \u00a0 \u00a0 \u00a0 \u00a0 \u00a0 \u00a0 \u00a0 \u00a0 \u00a0&#8211; Secador de cabello<\/span><\/h6>\n<h6><span style=\"color: #000000;\">&#8211; Plancha y tabla de planchar\u00a0 \u00a0 \u00a0 \u00a0 \u00a0 \u00a0 \u00a0 \u00a0 \u00a0 \u00a0 \u00a0 \u00a0 \u00a0 \u00a0 \u00a0 \u00a0 \u00a0 \u00a0 \u00a0 \u00a0 \u00a0 &#8211; Mininevera<\/span><\/h6>\n<h6><span style=\"color: #000000;\">&#8211; Escritorio y silla de trabajo\u00a0 \u00a0 \u00a0 \u00a0 \u00a0 \u00a0 \u00a0 \u00a0 \u00a0 \u00a0 \u00a0 \u00a0 \u00a0 \u00a0 \u00a0 \u00a0 \u00a0 \u00a0 \u00a0 \u00a0 \u00a0 \u00a0 &#8211; Cafetera<\/span><\/h6>\n<h6><span style=\"color: #000000;\">&#8211; Detector de humo\u00a0 \u00a0 \u00a0 \u00a0 \u00a0 \u00a0 \u00a0 \u00a0 \u00a0 \u00a0 \u00a0 \u00a0 \u00a0 \u00a0 \u00a0 \u00a0 \u00a0 \u00a0 \u00a0 \u00a0 \u00a0 \u00a0 \u00a0 \u00a0 \u00a0 \u00a0 \u00a0 \u00a0 \u00a0 &#8211; TV LCD de 40 pulgadas con conexi\u00f3n satelital y cable<\/span><\/h6>\n<h6><span style=\"color: #000000;\">&#8211; Tel\u00e9fono<\/span><\/h6>\n<h5><span style=\"color: #008000;\"><strong>Restaurantes:\u00a0<\/strong><\/span><\/h5>\n<h6><span style=\"color: #000000;\">En el Gamboa Rainforest Resort, le brindamos una experiencia gastron\u00f3mica\u00a0 inspirada por el impresionante entorno natural que nos rodea. Cada uno de nuestros restaurantes combina un ambiente relajado con un toque de sabor local. Acomp\u00e1\u00f1enos en nuestra mesa, donde vistas maravillosas del r\u00edo, la selva y los jardines complementan nuestra cocina con productos frescos y de temporada.<\/span><\/h6>\n<h6><span style=\"color: #000000;\"><strong>&#8211; Restaurante El Corotu:\u00a0<\/strong>ubicado en el edificio principal y sirve especialidades locales aut\u00e9nticas, tales como los afamados ceviche Corot\u00fa y corvina con pl\u00e1tano.Abre diariamente para el servicio de desayuno, almuerzo y cena.<\/span><\/h6>\n<h6><span style=\"color: #000000;\"><strong>&#8211; Restaurante Los Lagartos:<\/strong> ubicado en el muelle y cuenta con una terraza al aire libre con vistas al R\u00edo Chagres. Cuenta con un men\u00fa inspirado en la gastronom\u00eda Caribe\u00f1a y podr\u00e1 encontrar diversos platos como nuestros Ceviches tropicales, Pollo estilo Jerk y Pescado Frito al estilo \u00abSaus\u00bb, plato insignia de Don Caim\u00e1n.<\/span><\/h6>\n<h6><span style=\"color: #000000;\"><strong>&#8211; Monkey Bar:<\/strong>\u00a0\u00a0ubicado en el lobby y es el lugar perfecto para reunirse y disfrutar de unos c\u00f3cteles, aperitivos y m\u00fasica en vivo<\/span><\/h6>\n<h6><span style=\"color: #000000;\"><strong>&#8211; Las Cascadas pool Bar:\u00a0<\/strong>A tan solo unos pasos de nuestra piscina tropical, Las Cascadas brinda un refugio a la sombra para disfrutar de una gran selecci\u00f3n de bebidas, bocadillos y c\u00f3cteles.<\/span><\/h6>\n<h5><span style=\"color: #008000;\"><strong>Centro de Reuniones y Eventos:\u00a0<\/strong><\/span><\/h5>\n<h6><span style=\"color: #000000;\">Celebre su reuni\u00f3n o ongreso en el Gamboa Rainforest Resort. Nuestro hotel ofrece instalaciones c\u00f3modas al estilo ecol\u00f3gico y un servicio personalizado, adem\u00e1s de 1,510 metros cuadrados de espacio equipado con Wi-Fi de cortes\u00eda, equipos modernos de audio y video, puertos de datos y aire acondicionado.<\/span><\/h6>\n<h6><span style=\"color: #000000;\"><strong>El Gran Sal\u00f3n:\u00a0<\/strong> con un cielorraso a una altura de ocho metros y un espectacular domo pintado a mano, puede alojar hasta 400 hu\u00e9spedes para su congreso, reuni\u00f3n de ventas, presentaci\u00f3n de productos o cualquier otro evento de gran magnitud.<\/span><\/h6>\n<h4 style=\"text-align: center;\"><em><span style=\"color: #008000;\"><b>Gamboa Rainforest\u00a0 Resort<\/b><\/span><\/em><\/h4>\n<p>&nbsp;<\/p>\n","protected":false},"excerpt":{"rendered":"<h6 style=\"text-align: center;\"><span style=\"color: #008000;\"><strong>Gamboa Rainforest Resort Destino Excepcional<\/strong><\/span><\/h6>\n","protected":false},"featured_media":3053,"template":"","meta":[],"product_cat":[234],"product_tag":[33,221,31,22,34,44,36,24],"class_list":{"0":"post-2724","1":"product","2":"type-product","3":"status-publish","4":"has-post-thumbnail","6":"product_cat-colon","7":"product_tag-gamboa","8":"product_tag-hoteles-panama","9":"product_tag-panama-canal","10":"product_tag-panama-city-hotel","11":"product_tag-rainforest","12":"product_tag-resort","13":"product_tag-tours","14":"product_tag-vacation","16":"first","17":"instock","18":"shipping-taxable","19":"product-type-simple"},"translation":{"provider":"WPGlobus","version":"3.0.0","language":"es","enabled_languages":["en","es"],"languages":{"en":{"title":true,"content":false,"excerpt":false},"es":{"title":true,"content":true,"excerpt":true}}},"yoast_head":"<!-- This site is optimized with the Yoast SEO plugin v23.9 - https:\/\/yoast.com\/wordpress\/plugins\/seo\/ -->\n<title>HOTEL GAMBOA RAINFOREST RESORT  - PanaJam Tours<\/title>\n<meta name=\"robots\" content=\"index, follow, max-snippet:-1, max-image-preview:large, max-video-preview:-1\" \/>\n<link rel=\"canonical\" href=\"https:\/\/www.panajamtours.com\/product\/gamboa-rainforest-resort\" \/>\n<meta property=\"og:locale\" content=\"es_ES\" \/>\n<meta property=\"og:type\" content=\"article\" \/>\n<meta property=\"og:title\" content=\"HOTEL GAMBOA RAINFOREST RESORT  - PanaJam Tours\" \/>\n<meta property=\"og:url\" content=\"https:\/\/www.panajamtours.com\/product\/gamboa-rainforest-resort\" \/>\n<meta property=\"og:site_name\" content=\"PanaJam Tours\" \/>\n<meta property=\"article:publisher\" content=\"https:\/\/www.facebook.com\/PanaJamTours\/\" \/>\n<meta property=\"article:modified_time\" content=\"2018-01-26T17:36:48+00:00\" \/>\n<meta property=\"og:image\" content=\"https:\/\/www.panajamtours.com\/wp-content\/uploads\/2017\/10\/41103958.jpg\" \/>\n\t<meta property=\"og:image:width\" content=\"1024\" \/>\n\t<meta property=\"og:image:height\" content=\"683\" \/>\n\t<meta property=\"og:image:type\" content=\"image\/jpeg\" \/>\n<meta name=\"twitter:card\" content=\"summary_large_image\" \/>\n<meta name=\"twitter:site\" content=\"@panajamtours\" \/>\n<meta name=\"twitter:label1\" content=\"Tiempo de lectura\" \/>\n\t<meta name=\"twitter:data1\" content=\"3 minutos\" \/>\n<script type=\"application\/ld+json\" class=\"yoast-schema-graph\">{\"@context\":\"https:\/\/schema.org\",\"@graph\":[{\"@type\":\"WebPage\",\"@id\":\"https:\/\/www.panajamtours.com\/product\/gamboa-rainforest-resort\",\"url\":\"https:\/\/www.panajamtours.com\/product\/gamboa-rainforest-resort\",\"name\":\"HOTEL GAMBOA RAINFOREST RESORT - PanaJam Tours\",\"isPartOf\":{\"@id\":\"https:\/\/www.panajamtours.com\/es\/#website\"},\"primaryImageOfPage\":{\"@id\":\"https:\/\/www.panajamtours.com\/product\/gamboa-rainforest-resort#primaryimage\"},\"image\":{\"@id\":\"https:\/\/www.panajamtours.com\/product\/gamboa-rainforest-resort#primaryimage\"},\"thumbnailUrl\":\"https:\/\/www.panajamtours.com\/wp-content\/uploads\/2017\/10\/41103958.jpg\",\"datePublished\":\"2017-10-23T20:57:16+00:00\",\"dateModified\":\"2018-01-26T17:36:48+00:00\",\"breadcrumb\":{\"@id\":\"https:\/\/www.panajamtours.com\/product\/gamboa-rainforest-resort#breadcrumb\"},\"inLanguage\":\"es\",\"potentialAction\":[{\"@type\":\"ReadAction\",\"target\":[\"https:\/\/www.panajamtours.com\/product\/gamboa-rainforest-resort\"]}]},{\"@type\":\"ImageObject\",\"inLanguage\":\"es\",\"@id\":\"https:\/\/www.panajamtours.com\/product\/gamboa-rainforest-resort#primaryimage\",\"url\":\"https:\/\/www.panajamtours.com\/wp-content\/uploads\/2017\/10\/41103958.jpg\",\"contentUrl\":\"https:\/\/www.panajamtours.com\/wp-content\/uploads\/2017\/10\/41103958.jpg\",\"width\":1024,\"height\":683},{\"@type\":\"BreadcrumbList\",\"@id\":\"https:\/\/www.panajamtours.com\/product\/gamboa-rainforest-resort#breadcrumb\",\"itemListElement\":[{\"@type\":\"ListItem\",\"position\":1,\"name\":\"Home\",\"item\":\"https:\/\/www.panajamtours.com\/es\/\"},{\"@type\":\"ListItem\",\"position\":2,\"name\":\"Opciones de vacaciones\",\"item\":\"https:\/\/www.panajamtours.com\/es\/shop\"},{\"@type\":\"ListItem\",\"position\":3,\"name\":\"GAMBOA RAINFOREST RESORT\"}]},{\"@type\":\"WebSite\",\"@id\":\"https:\/\/www.panajamtours.com\/es\/#website\",\"url\":\"https:\/\/www.panajamtours.com\/es\/\",\"name\":\"PanaJam Tours\",\"description\":\"Agencia de Viajes\",\"publisher\":{\"@id\":\"https:\/\/www.panajamtours.com\/es\/#organization\"},\"potentialAction\":[{\"@type\":\"SearchAction\",\"target\":{\"@type\":\"EntryPoint\",\"urlTemplate\":\"https:\/\/www.panajamtours.com\/es\/?s={search_term_string}\"},\"query-input\":{\"@type\":\"PropertyValueSpecification\",\"valueRequired\":true,\"valueName\":\"search_term_string\"}}],\"inLanguage\":\"es\"},{\"@type\":\"Organization\",\"@id\":\"https:\/\/www.panajamtours.com\/es\/#organization\",\"name\":\"PanaJam Tours\",\"url\":\"https:\/\/www.panajamtours.com\/es\/\",\"logo\":{\"@type\":\"ImageObject\",\"inLanguage\":\"es\",\"@id\":\"https:\/\/www.panajamtours.com\/es\/#\/schema\/logo\/image\/\",\"url\":\"https:\/\/www.panajamtours.com\/wp-content\/uploads\/2015\/07\/cropped-PanaJamTours-1-e1452391999906.png\",\"contentUrl\":\"https:\/\/www.panajamtours.com\/wp-content\/uploads\/2015\/07\/cropped-PanaJamTours-1-e1452391999906.png\",\"width\":200,\"height\":166,\"caption\":\"PanaJam Tours\"},\"image\":{\"@id\":\"https:\/\/www.panajamtours.com\/es\/#\/schema\/logo\/image\/\"},\"sameAs\":[\"https:\/\/www.facebook.com\/PanaJamTours\/\",\"https:\/\/x.com\/panajamtours\",\"https:\/\/www.instagram.com\/PanaJamTours\/\"]}]}<\/script>\n<!-- \/ Yoast SEO plugin. -->","yoast_head_json":{"title":"HOTEL GAMBOA RAINFOREST RESORT  - PanaJam Tours","robots":{"index":"index","follow":"follow","max-snippet":"max-snippet:-1","max-image-preview":"max-image-preview:large","max-video-preview":"max-video-preview:-1"},"canonical":"https:\/\/www.panajamtours.com\/product\/gamboa-rainforest-resort","og_locale":"es_ES","og_type":"article","og_title":"HOTEL GAMBOA RAINFOREST RESORT  - PanaJam Tours","og_url":"https:\/\/www.panajamtours.com\/product\/gamboa-rainforest-resort","og_site_name":"PanaJam Tours","article_publisher":"https:\/\/www.facebook.com\/PanaJamTours\/","article_modified_time":"2018-01-26T17:36:48+00:00","og_image":[{"width":1024,"height":683,"url":"https:\/\/www.panajamtours.com\/wp-content\/uploads\/2017\/10\/41103958.jpg","type":"image\/jpeg"}],"twitter_card":"summary_large_image","twitter_site":"@panajamtours","twitter_misc":{"Tiempo de lectura":"3 minutos"},"schema":{"@context":"https:\/\/schema.org","@graph":[{"@type":"WebPage","@id":"https:\/\/www.panajamtours.com\/product\/gamboa-rainforest-resort","url":"https:\/\/www.panajamtours.com\/product\/gamboa-rainforest-resort","name":"HOTEL GAMBOA RAINFOREST RESORT - PanaJam Tours","isPartOf":{"@id":"https:\/\/www.panajamtours.com\/es\/#website"},"primaryImageOfPage":{"@id":"https:\/\/www.panajamtours.com\/product\/gamboa-rainforest-resort#primaryimage"},"image":{"@id":"https:\/\/www.panajamtours.com\/product\/gamboa-rainforest-resort#primaryimage"},"thumbnailUrl":"https:\/\/www.panajamtours.com\/wp-content\/uploads\/2017\/10\/41103958.jpg","datePublished":"2017-10-23T20:57:16+00:00","dateModified":"2018-01-26T17:36:48+00:00","breadcrumb":{"@id":"https:\/\/www.panajamtours.com\/product\/gamboa-rainforest-resort#breadcrumb"},"inLanguage":"es","potentialAction":[{"@type":"ReadAction","target":["https:\/\/www.panajamtours.com\/product\/gamboa-rainforest-resort"]}]},{"@type":"ImageObject","inLanguage":"es","@id":"https:\/\/www.panajamtours.com\/product\/gamboa-rainforest-resort#primaryimage","url":"https:\/\/www.panajamtours.com\/wp-content\/uploads\/2017\/10\/41103958.jpg","contentUrl":"https:\/\/www.panajamtours.com\/wp-content\/uploads\/2017\/10\/41103958.jpg","width":1024,"height":683},{"@type":"BreadcrumbList","@id":"https:\/\/www.panajamtours.com\/product\/gamboa-rainforest-resort#breadcrumb","itemListElement":[{"@type":"ListItem","position":1,"name":"Home","item":"https:\/\/www.panajamtours.com\/es\/"},{"@type":"ListItem","position":2,"name":"Opciones de vacaciones","item":"https:\/\/www.panajamtours.com\/es\/shop"},{"@type":"ListItem","position":3,"name":"GAMBOA RAINFOREST RESORT"}]},{"@type":"WebSite","@id":"https:\/\/www.panajamtours.com\/es\/#website","url":"https:\/\/www.panajamtours.com\/es\/","name":"PanaJam Tours","description":"Agencia de Viajes","publisher":{"@id":"https:\/\/www.panajamtours.com\/es\/#organization"},"potentialAction":[{"@type":"SearchAction","target":{"@type":"EntryPoint","urlTemplate":"https:\/\/www.panajamtours.com\/es\/?s={search_term_string}"},"query-input":{"@type":"PropertyValueSpecification","valueRequired":true,"valueName":"search_term_string"}}],"inLanguage":"es"},{"@type":"Organization","@id":"https:\/\/www.panajamtours.com\/es\/#organization","name":"PanaJam Tours","url":"https:\/\/www.panajamtours.com\/es\/","logo":{"@type":"ImageObject","inLanguage":"es","@id":"https:\/\/www.panajamtours.com\/es\/#\/schema\/logo\/image\/","url":"https:\/\/www.panajamtours.com\/wp-content\/uploads\/2015\/07\/cropped-PanaJamTours-1-e1452391999906.png","contentUrl":"https:\/\/www.panajamtours.com\/wp-content\/uploads\/2015\/07\/cropped-PanaJamTours-1-e1452391999906.png","width":200,"height":166,"caption":"PanaJam Tours"},"image":{"@id":"https:\/\/www.panajamtours.com\/es\/#\/schema\/logo\/image\/"},"sameAs":["https:\/\/www.facebook.com\/PanaJamTours\/","https:\/\/x.com\/panajamtours","https:\/\/www.instagram.com\/PanaJamTours\/"]}]}},"_links":{"self":[{"href":"https:\/\/www.panajamtours.com\/es\/wp-json\/wp\/v2\/product\/2724","targetHints":{"allow":["GET"]}}],"collection":[{"href":"https:\/\/www.panajamtours.com\/es\/wp-json\/wp\/v2\/product"}],"about":[{"href":"https:\/\/www.panajamtours.com\/es\/wp-json\/wp\/v2\/types\/product"}],"wp:featuredmedia":[{"embeddable":true,"href":"https:\/\/www.panajamtours.com\/es\/wp-json\/wp\/v2\/media\/3053"}],"wp:attachment":[{"href":"https:\/\/www.panajamtours.com\/es\/wp-json\/wp\/v2\/media?parent=2724"}],"wp:term":[{"taxonomy":"product_cat","embeddable":true,"href":"https:\/\/www.panajamtours.com\/es\/wp-json\/wp\/v2\/product_cat?post=2724"},{"taxonomy":"product_tag","embeddable":true,"href":"https:\/\/www.panajamtours.com\/es\/wp-json\/wp\/v2\/product_tag?post=2724"}],"curies":[{"name":"wp","href":"https:\/\/api.w.org\/{rel}","templated":true}]}}