{"id":2718,"date":"2017-10-23T12:38:07","date_gmt":"2017-10-23T17:38:07","guid":{"rendered":"http:\/\/www.panajamtours.com\/?post_type=product&#038;p=2718"},"modified":"2018-01-26T12:39:18","modified_gmt":"2018-01-26T17:39:18","slug":"hotel-crowne-plaza-panama","status":"publish","type":"product","link":"https:\/\/www.panajamtours.com\/es\/product\/hotel-crowne-plaza-panama","title":{"rendered":"HOTEL CROWNE PLAZA PANAM\u00c1"},"content":{"rendered":"<h3 style=\"text-align: center;\"><strong><span style=\"color: #ff0000;\">Crowne Plaza Panama <\/span><\/strong><\/h3>\n<h6 style=\"text-align: center;\"><span style=\"color: #000000;\">Le damos la Bienvenido a una nueva y mejor manera de hacer viajes de negocios en donde usted podr\u00e1 sentirse relajado durante toda su estancia.<\/span><\/h6>\n<p><img loading=\"lazy\" decoding=\"async\" class=\"wp-image-3665 aligncenter lazyload\" data-src=\"http:\/\/www.panajamtours.com\/wp-content\/uploads\/2017\/10\/LOGO.gif\" alt=\"\" width=\"127\" height=\"127\" src=\"data:image\/gif;base64,R0lGODlhAQABAAAAACH5BAEKAAEALAAAAAABAAEAAAICTAEAOw==\" style=\"--smush-placeholder-width: 127px; --smush-placeholder-aspect-ratio: 127\/127;\" \/><noscript><img loading=\"lazy\" decoding=\"async\" class=\" wp-image-3665 aligncenter\" src=\"http:\/\/www.panajamtours.com\/wp-content\/uploads\/2017\/10\/LOGO.gif\" alt=\"\" width=\"127\" height=\"127\" \/><\/noscript><\/p>\n<h6 style=\"text-align: center;\"><span style=\"color: #000000;\"><b>Check In:\u00a03:00 PM\u00a0 \u00a0\u00a0\u00a0Check Out:\u00a012:00 PM<\/b><\/span><\/h6>\n<h6><span style=\"color: #000000;\">El Crowne Plaza Panama cuenta con el personal experto que estar\u00e1 al pendiente para ayudarlo durante toda su estancia.<\/span><\/h6>\n<h5><span style=\"color: #ff0000;\"><strong>Servicios principales:\u00a0<\/strong><\/span><\/h5>\n<h6><span style=\"color: #000000;\">\u2666 149 habitaciones<\/span><\/h6>\n<h6><span style=\"color: #000000;\">\u2666 Restaurante y bar o sal\u00f3n lounge<\/span><\/h6>\n<h6><span style=\"color: #000000;\">\u2666 Piscina al aire libre<\/span><\/h6>\n<h6><span style=\"color: #000000;\">\u2666 Sala de fitness abierta las 24 horas<\/span><\/h6>\n<h6><span style=\"color: #000000;\">\u2666 Centro de negocios<\/span><\/h6>\n<h6><span style=\"color: #000000;\">\u2666 Servicio de traslado al aeropuerto<\/span><\/h6>\n<h6><span style=\"color: #000000;\">\u2666 Servicio de cuidado de ni\u00f1os<\/span><\/h6>\n<h6><span style=\"color: #000000;\">\u2666 Recepci\u00f3n disponible las 24 horas<\/span><\/h6>\n<h6><span style=\"color: #000000;\">\u2666 Caf\u00e9 o t\u00e9 en las \u00e1reas comunes<\/span><\/h6>\n<h6><span style=\"color: #000000;\">\u2666 Aire acondicionado<\/span><\/h6>\n<h6><span style=\"color: #000000;\">\u2666 Servicio de limpieza diario<\/span><\/h6>\n<h6><span style=\"color: #000000;\">\u2666 Wifi en el lobby gratis y estacionamiento gratis<\/span><\/h6>\n<p>&nbsp;<\/p>\n<h5><span style=\"color: #000000;\"><strong><span style=\"color: #ff0000;\">Habitaciones y suites:<\/span><\/strong>\u00a0 presentan una decoraci\u00f3n fresca y disponen de:<\/span><\/h5>\n<ul>\n<li>\n<h6><span style=\"color: #000000;\">Aire acondicionado<\/span><\/h6>\n<\/li>\n<li>\n<h6><span style=\"color: #000000;\">Utensilios de planchado<\/span><\/h6>\n<\/li>\n<li>\n<h6><span style=\"color: #000000;\">Escritorio y Cafetera<\/span><\/h6>\n<\/li>\n<li>\n<h6><span style=\"color: #000000;\">TV de pantalla plana por cable<\/span><\/h6>\n<\/li>\n<li>\n<h6><span style=\"color: #000000;\">Minibar y secador de pelo<\/span><\/h6>\n<\/li>\n<li>\n<h6><span style=\"color: #000000;\">El ba\u00f1o privado incluye art\u00edculos de aseo gratuitos<\/span><\/h6>\n<\/li>\n<\/ul>\n<p>&nbsp;<\/p>\n<h5><span style=\"color: #ff0000;\"><strong>Restaurantes:<\/strong><\/span><\/h5>\n<h6><span style=\"color: #ff0000;\"> <span style=\"color: #000000;\">Disfrute de una variedad de opciones de alimentos y bebidas a lo largo del d\u00eda, desde exquisitas cenas a comidas m\u00e1s ligeras en nuestro restaurante y sal\u00f3n con servicio completo. Trabaje o rel\u00e1jese a su gusto con c\u00f3modas opciones de comida en su habitaci\u00f3n.<\/span><\/span><\/h6>\n<ul>\n<li>\n<h6><span style=\"color: #000000;\">El restaurante del Crowne Plaza Panama est\u00e1 especializado en platos t\u00edpicos de Panam\u00e1\u00a0 con opciones de comidas, r\u00e1pidas y frescas .<\/span><\/h6>\n<\/li>\n<li>\n<h6><span style=\"color: #000000;\">El Cocktail Lounge ofrece una variedad de bebidas para todo sus clientes.<\/span><\/h6>\n<\/li>\n<\/ul>\n<p>&nbsp;<\/p>\n<h5><span style=\"color: #ff0000;\"><strong>Centro de Reuniones y Eventos:\u00a0<\/strong><\/span><\/h5>\n<h6><span style=\"color: #000000;\">Cuenta con cuatro hermosos salones que se pueden acomodar para cualquier tipo de evento:<\/span><\/h6>\n<h6><span style=\"color: #000000;\">&#8211; 4 Salones <\/span><\/h6>\n<h6><span style=\"color: #000000;\">&#8211; capacidad m\u00e1xima 200 <\/span><\/h6>\n<h6><span style=\"color: #000000;\">&#8211; capacidad de dimensiones totales del \u00e1rea disponible 132.6 m2<\/span><\/h6>\n<hr \/>\n<h5 style=\"text-align: center;\"><em><strong><span style=\"color: #666699;\">Recuerde que la vida no se detiene cuando comienzan los negocios<\/span><\/strong><\/em><\/h5>\n<h5 style=\"text-align: center;\"><em><strong><span style=\"color: #666699;\">Disfrute todo cerca de usted con Crowne Plaza Panama\u00a0<\/span><\/strong><\/em><\/h5>\n","protected":false},"excerpt":{"rendered":"<h1 style=\"text-align: center; background: white;\" align=\"center\"><span style=\"font-size: 9.5pt;\"><strong><span style=\"font-family: 'Segoe UI', sans-serif; color: #383838;\">Ubicado en el Distrito Financiero de la Ciudad de Panam\u00e1<\/span><\/strong><\/span><\/h1>\n<h1 style=\"text-align: center; background: white;\" align=\"center\"><span style=\"font-size: 9.5pt;\"><strong><span style=\"font-family: 'Segoe UI', sans-serif; color: #383838;\">A poca distancia de restaurantes y tiendas.<\/span><\/strong><\/span><\/h1>\n","protected":false},"featured_media":3666,"template":"","meta":[],"product_cat":[226],"product_tag":[21,27,22,186],"class_list":{"0":"post-2718","1":"product","2":"type-product","3":"status-publish","4":"has-post-thumbnail","6":"product_cat-panama-hotels","7":"product_tag-hard-rock-hotel-hotels-megapolis","8":"product_tag-panama","9":"product_tag-panama-city-hotel","10":"product_tag-resort-pacifico-all-inclusive","12":"first","13":"instock","14":"shipping-taxable","15":"product-type-simple"},"translation":{"provider":"WPGlobus","version":"3.0.0","language":"es","enabled_languages":["en","es"],"languages":{"en":{"title":true,"content":false,"excerpt":false},"es":{"title":true,"content":true,"excerpt":true}}},"yoast_head":"<!-- This site is optimized with the Yoast SEO plugin v23.9 - https:\/\/yoast.com\/wordpress\/plugins\/seo\/ -->\n<title>HOTEL CROWNE PLAZA PANAM\u00c1 - PanaJam Tours<\/title>\n<meta name=\"robots\" content=\"index, follow, max-snippet:-1, max-image-preview:large, max-video-preview:-1\" \/>\n<link rel=\"canonical\" href=\"https:\/\/www.panajamtours.com\/product\/hotel-crowne-plaza-panama\" \/>\n<meta property=\"og:locale\" content=\"es_ES\" \/>\n<meta property=\"og:type\" content=\"article\" \/>\n<meta property=\"og:title\" content=\"HOTEL CROWNE PLAZA PANAM\u00c1 - PanaJam Tours\" \/>\n<meta property=\"og:url\" content=\"https:\/\/www.panajamtours.com\/product\/hotel-crowne-plaza-panama\" \/>\n<meta property=\"og:site_name\" content=\"PanaJam Tours\" \/>\n<meta property=\"article:publisher\" content=\"https:\/\/www.facebook.com\/PanaJamTours\/\" \/>\n<meta property=\"article:modified_time\" content=\"2018-01-26T17:39:18+00:00\" \/>\n<meta property=\"og:image\" content=\"https:\/\/www.panajamtours.com\/wp-content\/uploads\/2017\/10\/crowne-plaza-panama-city-3903501566-4x3-1.jpg\" \/>\n\t<meta property=\"og:image:width\" content=\"640\" \/>\n\t<meta property=\"og:image:height\" content=\"480\" \/>\n\t<meta property=\"og:image:type\" content=\"image\/jpeg\" \/>\n<meta name=\"twitter:card\" content=\"summary_large_image\" \/>\n<meta name=\"twitter:site\" content=\"@panajamtours\" \/>\n<meta name=\"twitter:label1\" content=\"Tiempo de lectura\" \/>\n\t<meta name=\"twitter:data1\" content=\"1 minuto\" \/>\n<script type=\"application\/ld+json\" class=\"yoast-schema-graph\">{\"@context\":\"https:\/\/schema.org\",\"@graph\":[{\"@type\":\"WebPage\",\"@id\":\"https:\/\/www.panajamtours.com\/product\/hotel-crowne-plaza-panama\",\"url\":\"https:\/\/www.panajamtours.com\/product\/hotel-crowne-plaza-panama\",\"name\":\"HOTEL CROWNE PLAZA PANAM\u00c1 - PanaJam Tours\",\"isPartOf\":{\"@id\":\"https:\/\/www.panajamtours.com\/es\/#website\"},\"primaryImageOfPage\":{\"@id\":\"https:\/\/www.panajamtours.com\/product\/hotel-crowne-plaza-panama#primaryimage\"},\"image\":{\"@id\":\"https:\/\/www.panajamtours.com\/product\/hotel-crowne-plaza-panama#primaryimage\"},\"thumbnailUrl\":\"https:\/\/www.panajamtours.com\/wp-content\/uploads\/2017\/10\/crowne-plaza-panama-city-3903501566-4x3-1.jpg\",\"datePublished\":\"2017-10-23T17:38:07+00:00\",\"dateModified\":\"2018-01-26T17:39:18+00:00\",\"breadcrumb\":{\"@id\":\"https:\/\/www.panajamtours.com\/product\/hotel-crowne-plaza-panama#breadcrumb\"},\"inLanguage\":\"es\",\"potentialAction\":[{\"@type\":\"ReadAction\",\"target\":[\"https:\/\/www.panajamtours.com\/product\/hotel-crowne-plaza-panama\"]}]},{\"@type\":\"ImageObject\",\"inLanguage\":\"es\",\"@id\":\"https:\/\/www.panajamtours.com\/product\/hotel-crowne-plaza-panama#primaryimage\",\"url\":\"https:\/\/www.panajamtours.com\/wp-content\/uploads\/2017\/10\/crowne-plaza-panama-city-3903501566-4x3-1.jpg\",\"contentUrl\":\"https:\/\/www.panajamtours.com\/wp-content\/uploads\/2017\/10\/crowne-plaza-panama-city-3903501566-4x3-1.jpg\",\"width\":640,\"height\":480},{\"@type\":\"BreadcrumbList\",\"@id\":\"https:\/\/www.panajamtours.com\/product\/hotel-crowne-plaza-panama#breadcrumb\",\"itemListElement\":[{\"@type\":\"ListItem\",\"position\":1,\"name\":\"Home\",\"item\":\"https:\/\/www.panajamtours.com\/es\/\"},{\"@type\":\"ListItem\",\"position\":2,\"name\":\"Opciones de vacaciones\",\"item\":\"https:\/\/www.panajamtours.com\/es\/shop\"},{\"@type\":\"ListItem\",\"position\":3,\"name\":\"HOTEL CROWNE PLAZA PANAM\u00c1\"}]},{\"@type\":\"WebSite\",\"@id\":\"https:\/\/www.panajamtours.com\/es\/#website\",\"url\":\"https:\/\/www.panajamtours.com\/es\/\",\"name\":\"PanaJam Tours\",\"description\":\"Agencia de Viajes\",\"publisher\":{\"@id\":\"https:\/\/www.panajamtours.com\/es\/#organization\"},\"potentialAction\":[{\"@type\":\"SearchAction\",\"target\":{\"@type\":\"EntryPoint\",\"urlTemplate\":\"https:\/\/www.panajamtours.com\/es\/?s={search_term_string}\"},\"query-input\":{\"@type\":\"PropertyValueSpecification\",\"valueRequired\":true,\"valueName\":\"search_term_string\"}}],\"inLanguage\":\"es\"},{\"@type\":\"Organization\",\"@id\":\"https:\/\/www.panajamtours.com\/es\/#organization\",\"name\":\"PanaJam Tours\",\"url\":\"https:\/\/www.panajamtours.com\/es\/\",\"logo\":{\"@type\":\"ImageObject\",\"inLanguage\":\"es\",\"@id\":\"https:\/\/www.panajamtours.com\/es\/#\/schema\/logo\/image\/\",\"url\":\"https:\/\/www.panajamtours.com\/wp-content\/uploads\/2015\/07\/cropped-PanaJamTours-1-e1452391999906.png\",\"contentUrl\":\"https:\/\/www.panajamtours.com\/wp-content\/uploads\/2015\/07\/cropped-PanaJamTours-1-e1452391999906.png\",\"width\":200,\"height\":166,\"caption\":\"PanaJam Tours\"},\"image\":{\"@id\":\"https:\/\/www.panajamtours.com\/es\/#\/schema\/logo\/image\/\"},\"sameAs\":[\"https:\/\/www.facebook.com\/PanaJamTours\/\",\"https:\/\/x.com\/panajamtours\",\"https:\/\/www.instagram.com\/PanaJamTours\/\"]}]}<\/script>\n<!-- \/ Yoast SEO plugin. -->","yoast_head_json":{"title":"HOTEL CROWNE PLAZA PANAM\u00c1 - PanaJam Tours","robots":{"index":"index","follow":"follow","max-snippet":"max-snippet:-1","max-image-preview":"max-image-preview:large","max-video-preview":"max-video-preview:-1"},"canonical":"https:\/\/www.panajamtours.com\/product\/hotel-crowne-plaza-panama","og_locale":"es_ES","og_type":"article","og_title":"HOTEL CROWNE PLAZA PANAM\u00c1 - PanaJam Tours","og_url":"https:\/\/www.panajamtours.com\/product\/hotel-crowne-plaza-panama","og_site_name":"PanaJam Tours","article_publisher":"https:\/\/www.facebook.com\/PanaJamTours\/","article_modified_time":"2018-01-26T17:39:18+00:00","og_image":[{"width":640,"height":480,"url":"https:\/\/www.panajamtours.com\/wp-content\/uploads\/2017\/10\/crowne-plaza-panama-city-3903501566-4x3-1.jpg","type":"image\/jpeg"}],"twitter_card":"summary_large_image","twitter_site":"@panajamtours","twitter_misc":{"Tiempo de lectura":"1 minuto"},"schema":{"@context":"https:\/\/schema.org","@graph":[{"@type":"WebPage","@id":"https:\/\/www.panajamtours.com\/product\/hotel-crowne-plaza-panama","url":"https:\/\/www.panajamtours.com\/product\/hotel-crowne-plaza-panama","name":"HOTEL CROWNE PLAZA PANAM\u00c1 - PanaJam Tours","isPartOf":{"@id":"https:\/\/www.panajamtours.com\/es\/#website"},"primaryImageOfPage":{"@id":"https:\/\/www.panajamtours.com\/product\/hotel-crowne-plaza-panama#primaryimage"},"image":{"@id":"https:\/\/www.panajamtours.com\/product\/hotel-crowne-plaza-panama#primaryimage"},"thumbnailUrl":"https:\/\/www.panajamtours.com\/wp-content\/uploads\/2017\/10\/crowne-plaza-panama-city-3903501566-4x3-1.jpg","datePublished":"2017-10-23T17:38:07+00:00","dateModified":"2018-01-26T17:39:18+00:00","breadcrumb":{"@id":"https:\/\/www.panajamtours.com\/product\/hotel-crowne-plaza-panama#breadcrumb"},"inLanguage":"es","potentialAction":[{"@type":"ReadAction","target":["https:\/\/www.panajamtours.com\/product\/hotel-crowne-plaza-panama"]}]},{"@type":"ImageObject","inLanguage":"es","@id":"https:\/\/www.panajamtours.com\/product\/hotel-crowne-plaza-panama#primaryimage","url":"https:\/\/www.panajamtours.com\/wp-content\/uploads\/2017\/10\/crowne-plaza-panama-city-3903501566-4x3-1.jpg","contentUrl":"https:\/\/www.panajamtours.com\/wp-content\/uploads\/2017\/10\/crowne-plaza-panama-city-3903501566-4x3-1.jpg","width":640,"height":480},{"@type":"BreadcrumbList","@id":"https:\/\/www.panajamtours.com\/product\/hotel-crowne-plaza-panama#breadcrumb","itemListElement":[{"@type":"ListItem","position":1,"name":"Home","item":"https:\/\/www.panajamtours.com\/es\/"},{"@type":"ListItem","position":2,"name":"Opciones de vacaciones","item":"https:\/\/www.panajamtours.com\/es\/shop"},{"@type":"ListItem","position":3,"name":"HOTEL CROWNE PLAZA PANAM\u00c1"}]},{"@type":"WebSite","@id":"https:\/\/www.panajamtours.com\/es\/#website","url":"https:\/\/www.panajamtours.com\/es\/","name":"PanaJam Tours","description":"Agencia de Viajes","publisher":{"@id":"https:\/\/www.panajamtours.com\/es\/#organization"},"potentialAction":[{"@type":"SearchAction","target":{"@type":"EntryPoint","urlTemplate":"https:\/\/www.panajamtours.com\/es\/?s={search_term_string}"},"query-input":{"@type":"PropertyValueSpecification","valueRequired":true,"valueName":"search_term_string"}}],"inLanguage":"es"},{"@type":"Organization","@id":"https:\/\/www.panajamtours.com\/es\/#organization","name":"PanaJam Tours","url":"https:\/\/www.panajamtours.com\/es\/","logo":{"@type":"ImageObject","inLanguage":"es","@id":"https:\/\/www.panajamtours.com\/es\/#\/schema\/logo\/image\/","url":"https:\/\/www.panajamtours.com\/wp-content\/uploads\/2015\/07\/cropped-PanaJamTours-1-e1452391999906.png","contentUrl":"https:\/\/www.panajamtours.com\/wp-content\/uploads\/2015\/07\/cropped-PanaJamTours-1-e1452391999906.png","width":200,"height":166,"caption":"PanaJam Tours"},"image":{"@id":"https:\/\/www.panajamtours.com\/es\/#\/schema\/logo\/image\/"},"sameAs":["https:\/\/www.facebook.com\/PanaJamTours\/","https:\/\/x.com\/panajamtours","https:\/\/www.instagram.com\/PanaJamTours\/"]}]}},"_links":{"self":[{"href":"https:\/\/www.panajamtours.com\/es\/wp-json\/wp\/v2\/product\/2718","targetHints":{"allow":["GET"]}}],"collection":[{"href":"https:\/\/www.panajamtours.com\/es\/wp-json\/wp\/v2\/product"}],"about":[{"href":"https:\/\/www.panajamtours.com\/es\/wp-json\/wp\/v2\/types\/product"}],"wp:featuredmedia":[{"embeddable":true,"href":"https:\/\/www.panajamtours.com\/es\/wp-json\/wp\/v2\/media\/3666"}],"wp:attachment":[{"href":"https:\/\/www.panajamtours.com\/es\/wp-json\/wp\/v2\/media?parent=2718"}],"wp:term":[{"taxonomy":"product_cat","embeddable":true,"href":"https:\/\/www.panajamtours.com\/es\/wp-json\/wp\/v2\/product_cat?post=2718"},{"taxonomy":"product_tag","embeddable":true,"href":"https:\/\/www.panajamtours.com\/es\/wp-json\/wp\/v2\/product_tag?post=2718"}],"curies":[{"name":"wp","href":"https:\/\/api.w.org\/{rel}","templated":true}]}}