{"id":2565,"date":"2017-07-29T11:37:01","date_gmt":"2017-07-29T16:37:01","guid":{"rendered":"http:\/\/www.panajamtours.com\/?post_type=product&#038;p=2565"},"modified":"2017-08-10T15:13:22","modified_gmt":"2017-08-10T20:13:22","slug":"gatun-jungle-boat","status":"publish","type":"product","link":"https:\/\/www.panajamtours.com\/es\/product\/gatun-jungle-boat","title":{"rendered":"Gat\u00fan Jungle Boat"},"content":{"rendered":"<p>Gatun Jungle Boat nos lleva a las maravillosas aguas del lago Gat\u00fan; lago artificial que alimenta de agua el Canal de Panam\u00e1. Partiendo desde el muelle de Gamboa, en una lancha techada, recorreremos algunas islas y canales donde podr\u00e1 encontrarse con una exuberante flora y fauna, monos Cariblancos y Aulladores, aves de diferentes especies le esperan y posiblemente navegaremos cerca de uno de los grandes barcos que van navegando rumbo al Canal de Panam\u00e1.\u00a0 Sin lugar a duda, siempre encontraremos algo encantador que ver.\u00a0 Una vez lleguemos a Jungle Land, disfrutaremos de diferentes actividades como kayak, pesca o tomar un refrescante ba\u00f1o en las aguas del lago. Luego degustaremos un delicioso almuerzo y pasaremos disfrutando la tranquilidad y belleza que solo la naturaleza nos puede brindar.<\/p>\n<p><strong>Incluye: \u00a0<\/strong>transporte terrestre, mar\u00edtimo, almuerzo, actividades kayak, pesca y refrescos.<\/p>\n<p><strong>Recomendaciones: <\/strong>\u00a0vestido de ba\u00f1o, toalla, repelente de insectos, ropa fresca, muda de ropa extra, wet shoes, protector solar,\u00a0 sombrero y c\u00e1mara fotogr\u00e1fica.<\/p>\n<p><strong>Horario: <\/strong>\u00a08:00 am \u2013 5:30 pm.<\/p>\n","protected":false},"excerpt":{"rendered":"<p>Gatun Jungle Boat nos permite disfrutar de las maravillas que nos ofrece la Naturaleza, navegando por las aguas del Lago Gat\u00fan.<\/p>\n","protected":false},"featured_media":2567,"template":"","meta":[],"product_cat":[18],"product_tag":[197,36],"class_list":{"0":"post-2565","1":"product","2":"type-product","3":"status-publish","4":"has-post-thumbnail","6":"product_cat-tours","7":"product_tag-gatun-jungle-boat","8":"product_tag-tours","10":"first","11":"instock","12":"shipping-taxable","13":"product-type-simple"},"translation":{"provider":"WPGlobus","version":"3.0.0","language":"es","enabled_languages":["en","es"],"languages":{"en":{"title":true,"content":true,"excerpt":true},"es":{"title":true,"content":true,"excerpt":true}}},"yoast_head":"<!-- This site is optimized with the Yoast SEO plugin v23.9 - https:\/\/yoast.com\/wordpress\/plugins\/seo\/ -->\n<title>Gat\u00fan Jungle Boat - PanaJam Tours<\/title>\n<meta name=\"robots\" content=\"index, follow, max-snippet:-1, max-image-preview:large, max-video-preview:-1\" \/>\n<link rel=\"canonical\" href=\"https:\/\/www.panajamtours.com\/product\/gatun-jungle-boat\" \/>\n<meta property=\"og:locale\" content=\"es_ES\" \/>\n<meta property=\"og:type\" content=\"article\" \/>\n<meta property=\"og:title\" content=\"Gat\u00fan Jungle Boat - PanaJam Tours\" \/>\n<meta property=\"og:url\" content=\"https:\/\/www.panajamtours.com\/product\/gatun-jungle-boat\" \/>\n<meta property=\"og:site_name\" content=\"PanaJam Tours\" \/>\n<meta property=\"article:publisher\" content=\"https:\/\/www.facebook.com\/PanaJamTours\/\" \/>\n<meta property=\"article:modified_time\" content=\"2017-08-10T20:13:22+00:00\" \/>\n<meta property=\"og:image\" content=\"https:\/\/www.panajamtours.com\/wp-content\/uploads\/2017\/07\/80333397.jpg\" \/>\n\t<meta property=\"og:image:width\" content=\"1024\" \/>\n\t<meta property=\"og:image:height\" content=\"768\" \/>\n\t<meta property=\"og:image:type\" content=\"image\/jpeg\" \/>\n<meta name=\"twitter:card\" content=\"summary_large_image\" \/>\n<meta name=\"twitter:site\" content=\"@panajamtours\" \/>\n<meta name=\"twitter:label1\" content=\"Tiempo de lectura\" \/>\n\t<meta name=\"twitter:data1\" content=\"2 minutos\" \/>\n<script type=\"application\/ld+json\" class=\"yoast-schema-graph\">{\"@context\":\"https:\/\/schema.org\",\"@graph\":[{\"@type\":\"WebPage\",\"@id\":\"https:\/\/www.panajamtours.com\/product\/gatun-jungle-boat\",\"url\":\"https:\/\/www.panajamtours.com\/product\/gatun-jungle-boat\",\"name\":\"Gat\u00fan Jungle Boat - PanaJam Tours\",\"isPartOf\":{\"@id\":\"https:\/\/www.panajamtours.com\/es\/#website\"},\"primaryImageOfPage\":{\"@id\":\"https:\/\/www.panajamtours.com\/product\/gatun-jungle-boat#primaryimage\"},\"image\":{\"@id\":\"https:\/\/www.panajamtours.com\/product\/gatun-jungle-boat#primaryimage\"},\"thumbnailUrl\":\"https:\/\/www.panajamtours.com\/wp-content\/uploads\/2017\/07\/80333397.jpg\",\"datePublished\":\"2017-07-29T16:37:01+00:00\",\"dateModified\":\"2017-08-10T20:13:22+00:00\",\"breadcrumb\":{\"@id\":\"https:\/\/www.panajamtours.com\/product\/gatun-jungle-boat#breadcrumb\"},\"inLanguage\":\"es\",\"potentialAction\":[{\"@type\":\"ReadAction\",\"target\":[\"https:\/\/www.panajamtours.com\/product\/gatun-jungle-boat\"]}]},{\"@type\":\"ImageObject\",\"inLanguage\":\"es\",\"@id\":\"https:\/\/www.panajamtours.com\/product\/gatun-jungle-boat#primaryimage\",\"url\":\"https:\/\/www.panajamtours.com\/wp-content\/uploads\/2017\/07\/80333397.jpg\",\"contentUrl\":\"https:\/\/www.panajamtours.com\/wp-content\/uploads\/2017\/07\/80333397.jpg\",\"width\":1024,\"height\":768,\"caption\":\"Gatun Jungle Boat\"},{\"@type\":\"BreadcrumbList\",\"@id\":\"https:\/\/www.panajamtours.com\/product\/gatun-jungle-boat#breadcrumb\",\"itemListElement\":[{\"@type\":\"ListItem\",\"position\":1,\"name\":\"Home\",\"item\":\"https:\/\/www.panajamtours.com\/es\/\"},{\"@type\":\"ListItem\",\"position\":2,\"name\":\"Opciones de vacaciones\",\"item\":\"https:\/\/www.panajamtours.com\/es\/shop\"},{\"@type\":\"ListItem\",\"position\":3,\"name\":\"Gat\u00fan Jungle Boat\"}]},{\"@type\":\"WebSite\",\"@id\":\"https:\/\/www.panajamtours.com\/es\/#website\",\"url\":\"https:\/\/www.panajamtours.com\/es\/\",\"name\":\"PanaJam Tours\",\"description\":\"Agencia de Viajes\",\"publisher\":{\"@id\":\"https:\/\/www.panajamtours.com\/es\/#organization\"},\"potentialAction\":[{\"@type\":\"SearchAction\",\"target\":{\"@type\":\"EntryPoint\",\"urlTemplate\":\"https:\/\/www.panajamtours.com\/es\/?s={search_term_string}\"},\"query-input\":{\"@type\":\"PropertyValueSpecification\",\"valueRequired\":true,\"valueName\":\"search_term_string\"}}],\"inLanguage\":\"es\"},{\"@type\":\"Organization\",\"@id\":\"https:\/\/www.panajamtours.com\/es\/#organization\",\"name\":\"PanaJam Tours\",\"url\":\"https:\/\/www.panajamtours.com\/es\/\",\"logo\":{\"@type\":\"ImageObject\",\"inLanguage\":\"es\",\"@id\":\"https:\/\/www.panajamtours.com\/es\/#\/schema\/logo\/image\/\",\"url\":\"https:\/\/www.panajamtours.com\/wp-content\/uploads\/2015\/07\/cropped-PanaJamTours-1-e1452391999906.png\",\"contentUrl\":\"https:\/\/www.panajamtours.com\/wp-content\/uploads\/2015\/07\/cropped-PanaJamTours-1-e1452391999906.png\",\"width\":200,\"height\":166,\"caption\":\"PanaJam Tours\"},\"image\":{\"@id\":\"https:\/\/www.panajamtours.com\/es\/#\/schema\/logo\/image\/\"},\"sameAs\":[\"https:\/\/www.facebook.com\/PanaJamTours\/\",\"https:\/\/x.com\/panajamtours\",\"https:\/\/www.instagram.com\/PanaJamTours\/\"]}]}<\/script>\n<!-- \/ Yoast SEO plugin. -->","yoast_head_json":{"title":"Gat\u00fan Jungle Boat - PanaJam Tours","robots":{"index":"index","follow":"follow","max-snippet":"max-snippet:-1","max-image-preview":"max-image-preview:large","max-video-preview":"max-video-preview:-1"},"canonical":"https:\/\/www.panajamtours.com\/product\/gatun-jungle-boat","og_locale":"es_ES","og_type":"article","og_title":"Gat\u00fan Jungle Boat - PanaJam Tours","og_url":"https:\/\/www.panajamtours.com\/product\/gatun-jungle-boat","og_site_name":"PanaJam Tours","article_publisher":"https:\/\/www.facebook.com\/PanaJamTours\/","article_modified_time":"2017-08-10T20:13:22+00:00","og_image":[{"width":1024,"height":768,"url":"https:\/\/www.panajamtours.com\/wp-content\/uploads\/2017\/07\/80333397.jpg","type":"image\/jpeg"}],"twitter_card":"summary_large_image","twitter_site":"@panajamtours","twitter_misc":{"Tiempo de lectura":"2 minutos"},"schema":{"@context":"https:\/\/schema.org","@graph":[{"@type":"WebPage","@id":"https:\/\/www.panajamtours.com\/product\/gatun-jungle-boat","url":"https:\/\/www.panajamtours.com\/product\/gatun-jungle-boat","name":"Gat\u00fan Jungle Boat - PanaJam Tours","isPartOf":{"@id":"https:\/\/www.panajamtours.com\/es\/#website"},"primaryImageOfPage":{"@id":"https:\/\/www.panajamtours.com\/product\/gatun-jungle-boat#primaryimage"},"image":{"@id":"https:\/\/www.panajamtours.com\/product\/gatun-jungle-boat#primaryimage"},"thumbnailUrl":"https:\/\/www.panajamtours.com\/wp-content\/uploads\/2017\/07\/80333397.jpg","datePublished":"2017-07-29T16:37:01+00:00","dateModified":"2017-08-10T20:13:22+00:00","breadcrumb":{"@id":"https:\/\/www.panajamtours.com\/product\/gatun-jungle-boat#breadcrumb"},"inLanguage":"es","potentialAction":[{"@type":"ReadAction","target":["https:\/\/www.panajamtours.com\/product\/gatun-jungle-boat"]}]},{"@type":"ImageObject","inLanguage":"es","@id":"https:\/\/www.panajamtours.com\/product\/gatun-jungle-boat#primaryimage","url":"https:\/\/www.panajamtours.com\/wp-content\/uploads\/2017\/07\/80333397.jpg","contentUrl":"https:\/\/www.panajamtours.com\/wp-content\/uploads\/2017\/07\/80333397.jpg","width":1024,"height":768,"caption":"Gatun Jungle Boat"},{"@type":"BreadcrumbList","@id":"https:\/\/www.panajamtours.com\/product\/gatun-jungle-boat#breadcrumb","itemListElement":[{"@type":"ListItem","position":1,"name":"Home","item":"https:\/\/www.panajamtours.com\/es\/"},{"@type":"ListItem","position":2,"name":"Opciones de vacaciones","item":"https:\/\/www.panajamtours.com\/es\/shop"},{"@type":"ListItem","position":3,"name":"Gat\u00fan Jungle Boat"}]},{"@type":"WebSite","@id":"https:\/\/www.panajamtours.com\/es\/#website","url":"https:\/\/www.panajamtours.com\/es\/","name":"PanaJam Tours","description":"Agencia de Viajes","publisher":{"@id":"https:\/\/www.panajamtours.com\/es\/#organization"},"potentialAction":[{"@type":"SearchAction","target":{"@type":"EntryPoint","urlTemplate":"https:\/\/www.panajamtours.com\/es\/?s={search_term_string}"},"query-input":{"@type":"PropertyValueSpecification","valueRequired":true,"valueName":"search_term_string"}}],"inLanguage":"es"},{"@type":"Organization","@id":"https:\/\/www.panajamtours.com\/es\/#organization","name":"PanaJam Tours","url":"https:\/\/www.panajamtours.com\/es\/","logo":{"@type":"ImageObject","inLanguage":"es","@id":"https:\/\/www.panajamtours.com\/es\/#\/schema\/logo\/image\/","url":"https:\/\/www.panajamtours.com\/wp-content\/uploads\/2015\/07\/cropped-PanaJamTours-1-e1452391999906.png","contentUrl":"https:\/\/www.panajamtours.com\/wp-content\/uploads\/2015\/07\/cropped-PanaJamTours-1-e1452391999906.png","width":200,"height":166,"caption":"PanaJam Tours"},"image":{"@id":"https:\/\/www.panajamtours.com\/es\/#\/schema\/logo\/image\/"},"sameAs":["https:\/\/www.facebook.com\/PanaJamTours\/","https:\/\/x.com\/panajamtours","https:\/\/www.instagram.com\/PanaJamTours\/"]}]}},"_links":{"self":[{"href":"https:\/\/www.panajamtours.com\/es\/wp-json\/wp\/v2\/product\/2565","targetHints":{"allow":["GET"]}}],"collection":[{"href":"https:\/\/www.panajamtours.com\/es\/wp-json\/wp\/v2\/product"}],"about":[{"href":"https:\/\/www.panajamtours.com\/es\/wp-json\/wp\/v2\/types\/product"}],"wp:featuredmedia":[{"embeddable":true,"href":"https:\/\/www.panajamtours.com\/es\/wp-json\/wp\/v2\/media\/2567"}],"wp:attachment":[{"href":"https:\/\/www.panajamtours.com\/es\/wp-json\/wp\/v2\/media?parent=2565"}],"wp:term":[{"taxonomy":"product_cat","embeddable":true,"href":"https:\/\/www.panajamtours.com\/es\/wp-json\/wp\/v2\/product_cat?post=2565"},{"taxonomy":"product_tag","embeddable":true,"href":"https:\/\/www.panajamtours.com\/es\/wp-json\/wp\/v2\/product_tag?post=2565"}],"curies":[{"name":"wp","href":"https:\/\/api.w.org\/{rel}","templated":true}]}}