{"id":2382,"date":"2017-05-29T07:59:05","date_gmt":"2017-05-29T12:59:05","guid":{"rendered":"http:\/\/www.panajamtours.com\/?post_type=product&#038;p=2382"},"modified":"2021-03-22T16:46:16","modified_gmt":"2021-03-22T21:46:16","slug":"pasadia-isla-viveros","status":"publish","type":"product","link":"https:\/\/www.panajamtours.com\/es\/product\/pasadia-isla-viveros","title":{"rendered":"PASADIA A ISLA VIVEROS"},"content":{"rendered":"\n\t\t<style type=\"text\/css\">\n\t\t\t#gallery-1 {\n\t\t\t\tmargin: auto;\n\t\t\t}\n\t\t\t#gallery-1 .gallery-item {\n\t\t\t\tfloat: left;\n\t\t\t\tmargin-top: 10px;\n\t\t\t\ttext-align: center;\n\t\t\t\twidth: 33%;\n\t\t\t}\n\t\t\t#gallery-1 img {\n\t\t\t\tborder: 2px solid #cfcfcf;\n\t\t\t}\n\t\t\t#gallery-1 .gallery-caption {\n\t\t\t\tmargin-left: 0;\n\t\t\t}\n\t\t\t\/* see gallery_shortcode() in wp-includes\/media.php *\/\n\t\t<\/style>\n\t\t<div id='gallery-1' class='gallery galleryid-2382 gallery-columns-3 gallery-size-thumbnail'><dl class='gallery-item'>\n\t\t\t<dt class='gallery-icon landscape'>\n\t\t\t\t<a href='https:\/\/www.panajamtours.com\/es\/?attachment_id=2386'><img loading=\"lazy\" decoding=\"async\" width=\"150\" height=\"150\" data-src=\"https:\/\/www.panajamtours.com\/wp-content\/uploads\/2017\/04\/PASADIA-ISLA-VIVEROS-5.-150x150.jpg\" class=\"attachment-thumbnail size-thumbnail lazyload\" alt=\"PLAYA DE ARENAS BLANCAS YA GUAS CRISTALINAS\" aria-describedby=\"gallery-1-2386\" data-srcset=\"https:\/\/www.panajamtours.com\/wp-content\/uploads\/2017\/04\/PASADIA-ISLA-VIVEROS-5.-150x150.jpg 150w, https:\/\/www.panajamtours.com\/wp-content\/uploads\/2017\/04\/PASADIA-ISLA-VIVEROS-5.-50x50.jpg 50w, https:\/\/www.panajamtours.com\/wp-content\/uploads\/2017\/04\/PASADIA-ISLA-VIVEROS-5.-180x180.jpg 180w\" data-sizes=\"auto, (max-width: 150px) 100vw, 150px\" src=\"data:image\/gif;base64,R0lGODlhAQABAAAAACH5BAEKAAEALAAAAAABAAEAAAICTAEAOw==\" style=\"--smush-placeholder-width: 150px; --smush-placeholder-aspect-ratio: 150\/150;\" \/><noscript><img loading=\"lazy\" decoding=\"async\" width=\"150\" height=\"150\" src=\"https:\/\/www.panajamtours.com\/wp-content\/uploads\/2017\/04\/PASADIA-ISLA-VIVEROS-5.-150x150.jpg\" class=\"attachment-thumbnail size-thumbnail\" alt=\"PLAYA DE ARENAS BLANCAS YA GUAS CRISTALINAS\" aria-describedby=\"gallery-1-2386\" srcset=\"https:\/\/www.panajamtours.com\/wp-content\/uploads\/2017\/04\/PASADIA-ISLA-VIVEROS-5.-150x150.jpg 150w, https:\/\/www.panajamtours.com\/wp-content\/uploads\/2017\/04\/PASADIA-ISLA-VIVEROS-5.-50x50.jpg 50w, https:\/\/www.panajamtours.com\/wp-content\/uploads\/2017\/04\/PASADIA-ISLA-VIVEROS-5.-180x180.jpg 180w\" sizes=\"auto, (max-width: 150px) 100vw, 150px\" \/><\/noscript><\/a>\n\t\t\t<\/dt>\n\t\t\t\t<dd class='wp-caption-text gallery-caption' id='gallery-1-2386'>\n\t\t\t\tVIVERO ISLAND DAY PASS  &#8211; WHITE SAND \n\t\t\t\t<\/dd><\/dl><dl class='gallery-item'>\n\t\t\t<dt class='gallery-icon landscape'>\n\t\t\t\t<a href='https:\/\/www.panajamtours.com\/es\/?attachment_id=2390'><img loading=\"lazy\" decoding=\"async\" width=\"150\" height=\"150\" data-src=\"https:\/\/www.panajamtours.com\/wp-content\/uploads\/2017\/04\/PASADIA-ISLA-VIVEROS-1-1-150x150.jpg\" class=\"attachment-thumbnail size-thumbnail lazyload\" alt=\"TUMBONES ISLA VIVEROS\" aria-describedby=\"gallery-1-2390\" data-srcset=\"https:\/\/www.panajamtours.com\/wp-content\/uploads\/2017\/04\/PASADIA-ISLA-VIVEROS-1-1-150x150.jpg 150w, https:\/\/www.panajamtours.com\/wp-content\/uploads\/2017\/04\/PASADIA-ISLA-VIVEROS-1-1-50x50.jpg 50w, https:\/\/www.panajamtours.com\/wp-content\/uploads\/2017\/04\/PASADIA-ISLA-VIVEROS-1-1-180x180.jpg 180w, https:\/\/www.panajamtours.com\/wp-content\/uploads\/2017\/04\/PASADIA-ISLA-VIVEROS-1-1-300x300.jpg 300w, https:\/\/www.panajamtours.com\/wp-content\/uploads\/2017\/04\/PASADIA-ISLA-VIVEROS-1-1-600x600.jpg 600w, https:\/\/www.panajamtours.com\/wp-content\/uploads\/2017\/04\/PASADIA-ISLA-VIVEROS-1-1-640x640.jpg 640w\" data-sizes=\"auto, (max-width: 150px) 100vw, 150px\" src=\"data:image\/gif;base64,R0lGODlhAQABAAAAACH5BAEKAAEALAAAAAABAAEAAAICTAEAOw==\" style=\"--smush-placeholder-width: 150px; --smush-placeholder-aspect-ratio: 150\/150;\" \/><noscript><img loading=\"lazy\" decoding=\"async\" width=\"150\" height=\"150\" src=\"https:\/\/www.panajamtours.com\/wp-content\/uploads\/2017\/04\/PASADIA-ISLA-VIVEROS-1-1-150x150.jpg\" class=\"attachment-thumbnail size-thumbnail\" alt=\"TUMBONES ISLA VIVEROS\" aria-describedby=\"gallery-1-2390\" srcset=\"https:\/\/www.panajamtours.com\/wp-content\/uploads\/2017\/04\/PASADIA-ISLA-VIVEROS-1-1-150x150.jpg 150w, https:\/\/www.panajamtours.com\/wp-content\/uploads\/2017\/04\/PASADIA-ISLA-VIVEROS-1-1-50x50.jpg 50w, https:\/\/www.panajamtours.com\/wp-content\/uploads\/2017\/04\/PASADIA-ISLA-VIVEROS-1-1-180x180.jpg 180w, https:\/\/www.panajamtours.com\/wp-content\/uploads\/2017\/04\/PASADIA-ISLA-VIVEROS-1-1-300x300.jpg 300w, https:\/\/www.panajamtours.com\/wp-content\/uploads\/2017\/04\/PASADIA-ISLA-VIVEROS-1-1-600x600.jpg 600w, https:\/\/www.panajamtours.com\/wp-content\/uploads\/2017\/04\/PASADIA-ISLA-VIVEROS-1-1-640x640.jpg 640w\" sizes=\"auto, (max-width: 150px) 100vw, 150px\" \/><\/noscript><\/a>\n\t\t\t<\/dt>\n\t\t\t\t<dd class='wp-caption-text gallery-caption' id='gallery-1-2390'>\n\t\t\t\t VIVERO ISLAND DAY PASS &#8211;  RELAXING PLACE\n\t\t\t\t<\/dd><\/dl><dl class='gallery-item'>\n\t\t\t<dt class='gallery-icon landscape'>\n\t\t\t\t<a href='https:\/\/www.panajamtours.com\/es\/?attachment_id=2389'><img loading=\"lazy\" decoding=\"async\" width=\"150\" height=\"150\" data-src=\"https:\/\/www.panajamtours.com\/wp-content\/uploads\/2017\/04\/PASADIA-ISLA-VIVEROS-2.-1-150x150.jpg\" class=\"attachment-thumbnail size-thumbnail lazyload\" alt=\"PISCINAS\" aria-describedby=\"gallery-1-2389\" data-srcset=\"https:\/\/www.panajamtours.com\/wp-content\/uploads\/2017\/04\/PASADIA-ISLA-VIVEROS-2.-1-150x150.jpg 150w, https:\/\/www.panajamtours.com\/wp-content\/uploads\/2017\/04\/PASADIA-ISLA-VIVEROS-2.-1-50x50.jpg 50w, https:\/\/www.panajamtours.com\/wp-content\/uploads\/2017\/04\/PASADIA-ISLA-VIVEROS-2.-1-180x180.jpg 180w, https:\/\/www.panajamtours.com\/wp-content\/uploads\/2017\/04\/PASADIA-ISLA-VIVEROS-2.-1-300x300.jpg 300w, https:\/\/www.panajamtours.com\/wp-content\/uploads\/2017\/04\/PASADIA-ISLA-VIVEROS-2.-1-600x600.jpg 600w\" data-sizes=\"auto, (max-width: 150px) 100vw, 150px\" src=\"data:image\/gif;base64,R0lGODlhAQABAAAAACH5BAEKAAEALAAAAAABAAEAAAICTAEAOw==\" style=\"--smush-placeholder-width: 150px; --smush-placeholder-aspect-ratio: 150\/150;\" \/><noscript><img loading=\"lazy\" decoding=\"async\" width=\"150\" height=\"150\" src=\"https:\/\/www.panajamtours.com\/wp-content\/uploads\/2017\/04\/PASADIA-ISLA-VIVEROS-2.-1-150x150.jpg\" class=\"attachment-thumbnail size-thumbnail\" alt=\"PISCINAS\" aria-describedby=\"gallery-1-2389\" srcset=\"https:\/\/www.panajamtours.com\/wp-content\/uploads\/2017\/04\/PASADIA-ISLA-VIVEROS-2.-1-150x150.jpg 150w, https:\/\/www.panajamtours.com\/wp-content\/uploads\/2017\/04\/PASADIA-ISLA-VIVEROS-2.-1-50x50.jpg 50w, https:\/\/www.panajamtours.com\/wp-content\/uploads\/2017\/04\/PASADIA-ISLA-VIVEROS-2.-1-180x180.jpg 180w, https:\/\/www.panajamtours.com\/wp-content\/uploads\/2017\/04\/PASADIA-ISLA-VIVEROS-2.-1-300x300.jpg 300w, https:\/\/www.panajamtours.com\/wp-content\/uploads\/2017\/04\/PASADIA-ISLA-VIVEROS-2.-1-600x600.jpg 600w\" sizes=\"auto, (max-width: 150px) 100vw, 150px\" \/><\/noscript><\/a>\n\t\t\t<\/dt>\n\t\t\t\t<dd class='wp-caption-text gallery-caption' id='gallery-1-2389'>\n\t\t\t\t VIVERO ISLAND DAY PASS  &#8211; POOL CHAIRS AND UMBRELLA\n\t\t\t\t<\/dd><\/dl><br style=\"clear: both\" \/><dl class='gallery-item'>\n\t\t\t<dt class='gallery-icon landscape'>\n\t\t\t\t<a href='https:\/\/www.panajamtours.com\/es\/?attachment_id=2387'><img loading=\"lazy\" decoding=\"async\" width=\"150\" height=\"150\" data-src=\"https:\/\/www.panajamtours.com\/wp-content\/uploads\/2017\/04\/PASADIA-ISLA-VIVEROS-4.-150x150.jpg\" class=\"attachment-thumbnail size-thumbnail lazyload\" alt=\"SENDERA A LA PLAYA\" aria-describedby=\"gallery-1-2387\" data-srcset=\"https:\/\/www.panajamtours.com\/wp-content\/uploads\/2017\/04\/PASADIA-ISLA-VIVEROS-4.-150x150.jpg 150w, https:\/\/www.panajamtours.com\/wp-content\/uploads\/2017\/04\/PASADIA-ISLA-VIVEROS-4.-50x50.jpg 50w, https:\/\/www.panajamtours.com\/wp-content\/uploads\/2017\/04\/PASADIA-ISLA-VIVEROS-4.-180x180.jpg 180w\" data-sizes=\"auto, (max-width: 150px) 100vw, 150px\" src=\"data:image\/gif;base64,R0lGODlhAQABAAAAACH5BAEKAAEALAAAAAABAAEAAAICTAEAOw==\" style=\"--smush-placeholder-width: 150px; --smush-placeholder-aspect-ratio: 150\/150;\" \/><noscript><img loading=\"lazy\" decoding=\"async\" width=\"150\" height=\"150\" src=\"https:\/\/www.panajamtours.com\/wp-content\/uploads\/2017\/04\/PASADIA-ISLA-VIVEROS-4.-150x150.jpg\" class=\"attachment-thumbnail size-thumbnail\" alt=\"SENDERA A LA PLAYA\" aria-describedby=\"gallery-1-2387\" srcset=\"https:\/\/www.panajamtours.com\/wp-content\/uploads\/2017\/04\/PASADIA-ISLA-VIVEROS-4.-150x150.jpg 150w, https:\/\/www.panajamtours.com\/wp-content\/uploads\/2017\/04\/PASADIA-ISLA-VIVEROS-4.-50x50.jpg 50w, https:\/\/www.panajamtours.com\/wp-content\/uploads\/2017\/04\/PASADIA-ISLA-VIVEROS-4.-180x180.jpg 180w\" sizes=\"auto, (max-width: 150px) 100vw, 150px\" \/><\/noscript><\/a>\n\t\t\t<\/dt>\n\t\t\t\t<dd class='wp-caption-text gallery-caption' id='gallery-1-2387'>\n\t\t\t\tVIVERO  ISLAND DAY PASS  &#8211; NICE BEACH\n\t\t\t\t<\/dd><\/dl>\n\t\t\t<br style='clear: both' \/>\n\t\t<\/div>\n\n<h1 style=\"text-align: center;\"><strong><span style=\"color: #0000ff;\"><u>ARCHIPIELAGO DE LAS PERLAS- ISLA VIVEROS<\/u><\/span><\/strong><\/h1>\n<p style=\"text-align: center;\"><strong><span style=\"color: #ff6600;\"><u>M\u00ednimo 1 Personas<\/u><\/span><\/strong><\/p>\n<p>&nbsp;<\/p>\n<h5><span style=\"color: #0000ff;\"><strong>Paquete Incluye:<\/strong><\/span><\/h5>\n<ul>\n<li>\n<h6><span style=\"color: #000000;\">Transporte acu\u00e1tico en Ferry desde Panam\u00e1 a Isla Viveros ida y vuelta.<\/span><\/h6>\n<\/li>\n<li>\n<h6><span style=\"color: #000000;\">Transporte Terrestre Muelle de Viveros- club- Muelle Viveros.<\/span><\/h6>\n<\/li>\n<li>\n<h6><span style=\"color: #000000;\">C\u00f3ctel de bienvenida.<\/span><\/h6>\n<\/li>\n<li>\n<h6><span style=\"color: #000000;\">Almuerzo Servido con una soda.<\/span><\/h6>\n<\/li>\n<li>\n<h6><span style=\"color: #000000;\">Sillas y sombrilla de playa.<\/span><\/h6>\n<\/li>\n<li>\n<h6><span style=\"color: #000000;\">Uso de las instalaciones : Duchas, Piscinas, Cambiadores<\/span><\/h6>\n<\/li>\n<li>\n<h6><span style=\"color: #000000;\">Las toallas est\u00e1n incluidas.<\/span><\/h6>\n<\/li>\n<li>\n<h6><span style=\"color: #000000;\">Impuestos Gubernamentales<\/span><\/h6>\n<\/li>\n<\/ul>\n<h5><strong><span style=\"color: #00ccff;\"><span style=\"color: #0000ff;\">Horario:<\/span><\/span><\/strong><\/h5>\n<h6><strong><span style=\"color: #00ccff;\"><span style=\"color: #000000;\"> (Viernes, S\u00e1bado, Domingos)<\/span><\/span><\/strong><\/h6>\n<ul>\n<li>\n<h6><span style=\"color: #000000;\">Salida desde Panam\u00e1: Pre &#8211; Check in: 6:40 AM \/\/\u00a0 <u>Hora de salida: 7:30 AM<\/u><\/span><\/h6>\n<\/li>\n<li>\n<h6><span style=\"color: #000000;\">Salida desde la Isla: 3:00 pm &#8211; <u>Llegada a Panam\u00e1 5:00 pm<\/u><\/span><\/h6>\n<\/li>\n<\/ul>\n<h5><span style=\"color: #0000ff;\"><strong>Recomendaciones:<\/strong><\/span><\/h5>\n<ul>\n<li>\n<h6><span style=\"color: #000000;\">Es muy importante llevar el <\/span><span style=\"color: #ff6600;\"><strong><u>Pasaporte Original o C\u00e9dula.<\/u><\/strong><\/span><\/h6>\n<\/li>\n<li>\n<h6><span style=\"color: #000000;\">Se les recomienda llevar billetes de bajas denominaciones (5.00$; 10.00$; 20.00$), ya que no hay cajeros autom\u00e1ticos.<\/span><\/h6>\n<\/li>\n<li>\n<h6><span style=\"color: #000000;\">Toallas, C\u00e1mara, cambios de ropa, lentes, bloqueador solar, sombrero, zapatos de playa, gafas de sol y traje de ba\u00f1o.<\/span><\/h6>\n<\/li>\n<li>\n<h6><span style=\"color: #000000;\">S\u00ed su mochila, no es impermeable, le recomendamos, guardar sus pertenencias, en una bolsa pl\u00e1stica gruesa y luego colocarla cerrada dentro de su mochila.<\/span><\/h6>\n<\/li>\n<li>\n<h6><span style=\"color: #000000;\">Solo se permite una pieza de equipaje por persona.<\/span><\/h6>\n<\/li>\n<\/ul>\n<h5><span style=\"color: #0000ff;\"><strong>Observaciones:<\/strong><\/span><\/h5>\n<ul>\n<li>\n<h6><span style=\"color: #000000;\">Se puede contratar la opci\u00f3n de transporte privado por un costo adicional.<\/span><\/h6>\n<\/li>\n<\/ul>\n<p>&nbsp;<\/p>\n","protected":false},"excerpt":{"rendered":"<h5 style=\"text-align: center;\"><span style=\"color: #0000ff;\"><strong><u>PASADIA A ISLA VIVEROS<\/u><\/strong><\/span><\/h5>\n<h6 style=\"text-align: center;\"><span style=\"color: #000000;\">Isla Viveros, se encuentra localizada en el Archipi\u00e9lago de las Perlas, en el coraz\u00f3n del Golfo de Panam\u00e1, \u00a0es el lugar ideal \u00a0para escaparse de la rutina.<\/span><\/h6>\n<table style=\"height: 243px;\" width=\"690\">\n<tbody>\n<tr>\n<td width=\"150\"><strong>\u00a0<\/strong><\/td>\n<td colspan=\"4\" width=\"565\"><span style=\"color: #3366ff;\"><strong>TARIFAS \u00a0POR PERSONA <\/strong><\/span><\/td>\n<\/tr>\n<tr>\n<td width=\"150\"><strong>\u00a0<\/strong><\/td>\n<td colspan=\"4\" width=\"565\"><b>V\u00e1lidas<\/b><strong>: 1 de enero\u00a0 al 30 de diciembre 2021<\/strong><\/td>\n<\/tr>\n<tr>\n<td style=\"text-align: center;\" colspan=\"2\" width=\"235\"><span style=\"color: #3366ff;\"><strong>PAQUETES PASADIAS<\/strong><\/span><\/td>\n<td style=\"text-align: center;\" width=\"180\"><span style=\"color: #3366ff;\"><strong>\u00a0 \u00a0 \u00a0ADULTO<\/strong><\/span><\/td>\n<td style=\"text-align: center;\" width=\"150\"><span style=\"color: #3366ff;\"><strong>4 A\u00d1OS<\/strong><\/span><\/td>\n<td style=\"text-align: center;\" width=\"150\"><span style=\"color: #3366ff;\"><strong>NI\u00d1OS 5 \u2013 11 A\u00d1OS<\/strong><\/span><\/td>\n<\/tr>\n<tr>\n<td colspan=\"2\" width=\"235\"><span style=\"color: #ff6600;\"><strong>Isla Viveros \u2013 M\u00ednimo 1 pax<\/strong><\/span><\/td>\n<td style=\"text-align: center;\" width=\"180\"><strong>$158<\/strong><\/td>\n<td style=\"text-align: center;\" width=\"150\">$60<\/td>\n<td style=\"text-align: center;\" width=\"150\">$136<\/td>\n<\/tr>\n<tr>\n<td width=\"150\"><\/td>\n<td colspan=\"4\" width=\"565\"><strong><span style=\"color: #ff6600;\">NOTA:<\/span><\/strong> Ni\u00f1os de 0 a 3 a\u00f1os viajan gratis, descuentos del 10% en el total, por compra anticipada de 15 d\u00edas.<\/td>\n<\/tr>\n<\/tbody>\n<\/table>\n","protected":false},"featured_media":2383,"template":"","meta":[],"product_cat":[148],"product_tag":[160,63,161,62,162,171],"class_list":{"0":"post-2382","1":"product","2":"type-product","3":"status-publish","4":"has-post-thumbnail","6":"product_cat-pasadias-de-playa","7":"product_tag-archipielago-de-las-perlas","8":"product_tag-day-pass","9":"product_tag-isla-viveros","10":"product_tag-pasadia","11":"product_tag-playas","12":"product_tag-vivero-island-day-pass","14":"first","15":"instock","16":"shipping-taxable","17":"product-type-simple"},"translation":{"provider":"WPGlobus","version":"3.0.0","language":"es","enabled_languages":["en","es"],"languages":{"en":{"title":true,"content":false,"excerpt":false},"es":{"title":true,"content":true,"excerpt":true}}},"yoast_head":"<!-- This site is optimized with the Yoast SEO plugin v23.9 - https:\/\/yoast.com\/wordpress\/plugins\/seo\/ -->\n<title>PASADIA A ISLA VIVEROS - PanaJam Tours<\/title>\n<meta name=\"robots\" content=\"index, follow, max-snippet:-1, max-image-preview:large, max-video-preview:-1\" \/>\n<link rel=\"canonical\" href=\"https:\/\/www.panajamtours.com\/product\/pasadia-isla-viveros\" \/>\n<meta property=\"og:locale\" content=\"es_ES\" \/>\n<meta property=\"og:type\" content=\"article\" \/>\n<meta property=\"og:title\" content=\"PASADIA A ISLA VIVEROS - PanaJam Tours\" \/>\n<meta property=\"og:url\" content=\"https:\/\/www.panajamtours.com\/product\/pasadia-isla-viveros\" \/>\n<meta property=\"og:site_name\" content=\"PanaJam Tours\" \/>\n<meta property=\"article:publisher\" content=\"https:\/\/www.facebook.com\/PanaJamTours\/\" \/>\n<meta property=\"article:modified_time\" content=\"2021-03-22T21:46:16+00:00\" \/>\n<meta property=\"og:image\" content=\"https:\/\/www.panajamtours.com\/wp-content\/uploads\/2017\/04\/VIVERO-BEACH-CLUB.jpg\" \/>\n\t<meta property=\"og:image:width\" content=\"720\" \/>\n\t<meta property=\"og:image:height\" content=\"720\" \/>\n\t<meta property=\"og:image:type\" content=\"image\/jpeg\" \/>\n<meta name=\"twitter:card\" content=\"summary_large_image\" \/>\n<meta name=\"twitter:site\" content=\"@panajamtours\" \/>\n<meta name=\"twitter:label1\" content=\"Tiempo de lectura\" \/>\n\t<meta name=\"twitter:data1\" content=\"1 minuto\" \/>\n<script type=\"application\/ld+json\" class=\"yoast-schema-graph\">{\"@context\":\"https:\/\/schema.org\",\"@graph\":[{\"@type\":\"WebPage\",\"@id\":\"https:\/\/www.panajamtours.com\/product\/pasadia-isla-viveros\",\"url\":\"https:\/\/www.panajamtours.com\/product\/pasadia-isla-viveros\",\"name\":\"PASADIA A ISLA VIVEROS - PanaJam Tours\",\"isPartOf\":{\"@id\":\"https:\/\/www.panajamtours.com\/es\/#website\"},\"primaryImageOfPage\":{\"@id\":\"https:\/\/www.panajamtours.com\/product\/pasadia-isla-viveros#primaryimage\"},\"image\":{\"@id\":\"https:\/\/www.panajamtours.com\/product\/pasadia-isla-viveros#primaryimage\"},\"thumbnailUrl\":\"https:\/\/www.panajamtours.com\/wp-content\/uploads\/2017\/04\/VIVERO-BEACH-CLUB.jpg\",\"datePublished\":\"2017-05-29T12:59:05+00:00\",\"dateModified\":\"2021-03-22T21:46:16+00:00\",\"description\":\"Isla Viveros, se encuentra localizada en el Archipi\u00e9lago de las Perlas, en el coraz\u00f3n del Golfo de Panam\u00e1, \u00a0es el lugar ideal \u00a0para escaparse de la rutina.\",\"breadcrumb\":{\"@id\":\"https:\/\/www.panajamtours.com\/product\/pasadia-isla-viveros#breadcrumb\"},\"inLanguage\":\"es\",\"potentialAction\":[{\"@type\":\"ReadAction\",\"target\":[\"https:\/\/www.panajamtours.com\/product\/pasadia-isla-viveros\"]}]},{\"@type\":\"ImageObject\",\"inLanguage\":\"es\",\"@id\":\"https:\/\/www.panajamtours.com\/product\/pasadia-isla-viveros#primaryimage\",\"url\":\"https:\/\/www.panajamtours.com\/wp-content\/uploads\/2017\/04\/VIVERO-BEACH-CLUB.jpg\",\"contentUrl\":\"https:\/\/www.panajamtours.com\/wp-content\/uploads\/2017\/04\/VIVERO-BEACH-CLUB.jpg\",\"width\":720,\"height\":720,\"caption\":\"VIVERO ISLAND DAY PAS - BEACH CLUB\"},{\"@type\":\"BreadcrumbList\",\"@id\":\"https:\/\/www.panajamtours.com\/product\/pasadia-isla-viveros#breadcrumb\",\"itemListElement\":[{\"@type\":\"ListItem\",\"position\":1,\"name\":\"Home\",\"item\":\"https:\/\/www.panajamtours.com\/es\/\"},{\"@type\":\"ListItem\",\"position\":2,\"name\":\"Opciones de vacaciones\",\"item\":\"https:\/\/www.panajamtours.com\/es\/shop\"},{\"@type\":\"ListItem\",\"position\":3,\"name\":\"VIVERO ISLAND DAY PASS\"}]},{\"@type\":\"WebSite\",\"@id\":\"https:\/\/www.panajamtours.com\/es\/#website\",\"url\":\"https:\/\/www.panajamtours.com\/es\/\",\"name\":\"PanaJam Tours\",\"description\":\"Agencia de Viajes\",\"publisher\":{\"@id\":\"https:\/\/www.panajamtours.com\/es\/#organization\"},\"potentialAction\":[{\"@type\":\"SearchAction\",\"target\":{\"@type\":\"EntryPoint\",\"urlTemplate\":\"https:\/\/www.panajamtours.com\/es\/?s={search_term_string}\"},\"query-input\":{\"@type\":\"PropertyValueSpecification\",\"valueRequired\":true,\"valueName\":\"search_term_string\"}}],\"inLanguage\":\"es\"},{\"@type\":\"Organization\",\"@id\":\"https:\/\/www.panajamtours.com\/es\/#organization\",\"name\":\"PanaJam Tours\",\"url\":\"https:\/\/www.panajamtours.com\/es\/\",\"logo\":{\"@type\":\"ImageObject\",\"inLanguage\":\"es\",\"@id\":\"https:\/\/www.panajamtours.com\/es\/#\/schema\/logo\/image\/\",\"url\":\"https:\/\/www.panajamtours.com\/wp-content\/uploads\/2015\/07\/cropped-PanaJamTours-1-e1452391999906.png\",\"contentUrl\":\"https:\/\/www.panajamtours.com\/wp-content\/uploads\/2015\/07\/cropped-PanaJamTours-1-e1452391999906.png\",\"width\":200,\"height\":166,\"caption\":\"PanaJam Tours\"},\"image\":{\"@id\":\"https:\/\/www.panajamtours.com\/es\/#\/schema\/logo\/image\/\"},\"sameAs\":[\"https:\/\/www.facebook.com\/PanaJamTours\/\",\"https:\/\/x.com\/panajamtours\",\"https:\/\/www.instagram.com\/PanaJamTours\/\"]}]}<\/script>\n<!-- \/ Yoast SEO plugin. -->","yoast_head_json":{"title":"PASADIA A ISLA VIVEROS - PanaJam Tours","robots":{"index":"index","follow":"follow","max-snippet":"max-snippet:-1","max-image-preview":"max-image-preview:large","max-video-preview":"max-video-preview:-1"},"canonical":"https:\/\/www.panajamtours.com\/product\/pasadia-isla-viveros","og_locale":"es_ES","og_type":"article","og_title":"PASADIA A ISLA VIVEROS - PanaJam Tours","og_url":"https:\/\/www.panajamtours.com\/product\/pasadia-isla-viveros","og_site_name":"PanaJam Tours","article_publisher":"https:\/\/www.facebook.com\/PanaJamTours\/","article_modified_time":"2021-03-22T21:46:16+00:00","og_image":[{"width":720,"height":720,"url":"https:\/\/www.panajamtours.com\/wp-content\/uploads\/2017\/04\/VIVERO-BEACH-CLUB.jpg","type":"image\/jpeg"}],"twitter_card":"summary_large_image","twitter_site":"@panajamtours","twitter_misc":{"Tiempo de lectura":"1 minuto"},"schema":{"@context":"https:\/\/schema.org","@graph":[{"@type":"WebPage","@id":"https:\/\/www.panajamtours.com\/product\/pasadia-isla-viveros","url":"https:\/\/www.panajamtours.com\/product\/pasadia-isla-viveros","name":"PASADIA A ISLA VIVEROS - PanaJam Tours","isPartOf":{"@id":"https:\/\/www.panajamtours.com\/es\/#website"},"primaryImageOfPage":{"@id":"https:\/\/www.panajamtours.com\/product\/pasadia-isla-viveros#primaryimage"},"image":{"@id":"https:\/\/www.panajamtours.com\/product\/pasadia-isla-viveros#primaryimage"},"thumbnailUrl":"https:\/\/www.panajamtours.com\/wp-content\/uploads\/2017\/04\/VIVERO-BEACH-CLUB.jpg","datePublished":"2017-05-29T12:59:05+00:00","dateModified":"2021-03-22T21:46:16+00:00","description":"Isla Viveros, se encuentra localizada en el Archipi\u00e9lago de las Perlas, en el coraz\u00f3n del Golfo de Panam\u00e1, \u00a0es el lugar ideal \u00a0para escaparse de la rutina.","breadcrumb":{"@id":"https:\/\/www.panajamtours.com\/product\/pasadia-isla-viveros#breadcrumb"},"inLanguage":"es","potentialAction":[{"@type":"ReadAction","target":["https:\/\/www.panajamtours.com\/product\/pasadia-isla-viveros"]}]},{"@type":"ImageObject","inLanguage":"es","@id":"https:\/\/www.panajamtours.com\/product\/pasadia-isla-viveros#primaryimage","url":"https:\/\/www.panajamtours.com\/wp-content\/uploads\/2017\/04\/VIVERO-BEACH-CLUB.jpg","contentUrl":"https:\/\/www.panajamtours.com\/wp-content\/uploads\/2017\/04\/VIVERO-BEACH-CLUB.jpg","width":720,"height":720,"caption":"VIVERO ISLAND DAY PAS - BEACH CLUB"},{"@type":"BreadcrumbList","@id":"https:\/\/www.panajamtours.com\/product\/pasadia-isla-viveros#breadcrumb","itemListElement":[{"@type":"ListItem","position":1,"name":"Home","item":"https:\/\/www.panajamtours.com\/es\/"},{"@type":"ListItem","position":2,"name":"Opciones de vacaciones","item":"https:\/\/www.panajamtours.com\/es\/shop"},{"@type":"ListItem","position":3,"name":"VIVERO ISLAND DAY PASS"}]},{"@type":"WebSite","@id":"https:\/\/www.panajamtours.com\/es\/#website","url":"https:\/\/www.panajamtours.com\/es\/","name":"PanaJam Tours","description":"Agencia de Viajes","publisher":{"@id":"https:\/\/www.panajamtours.com\/es\/#organization"},"potentialAction":[{"@type":"SearchAction","target":{"@type":"EntryPoint","urlTemplate":"https:\/\/www.panajamtours.com\/es\/?s={search_term_string}"},"query-input":{"@type":"PropertyValueSpecification","valueRequired":true,"valueName":"search_term_string"}}],"inLanguage":"es"},{"@type":"Organization","@id":"https:\/\/www.panajamtours.com\/es\/#organization","name":"PanaJam Tours","url":"https:\/\/www.panajamtours.com\/es\/","logo":{"@type":"ImageObject","inLanguage":"es","@id":"https:\/\/www.panajamtours.com\/es\/#\/schema\/logo\/image\/","url":"https:\/\/www.panajamtours.com\/wp-content\/uploads\/2015\/07\/cropped-PanaJamTours-1-e1452391999906.png","contentUrl":"https:\/\/www.panajamtours.com\/wp-content\/uploads\/2015\/07\/cropped-PanaJamTours-1-e1452391999906.png","width":200,"height":166,"caption":"PanaJam Tours"},"image":{"@id":"https:\/\/www.panajamtours.com\/es\/#\/schema\/logo\/image\/"},"sameAs":["https:\/\/www.facebook.com\/PanaJamTours\/","https:\/\/x.com\/panajamtours","https:\/\/www.instagram.com\/PanaJamTours\/"]}]}},"_links":{"self":[{"href":"https:\/\/www.panajamtours.com\/es\/wp-json\/wp\/v2\/product\/2382","targetHints":{"allow":["GET"]}}],"collection":[{"href":"https:\/\/www.panajamtours.com\/es\/wp-json\/wp\/v2\/product"}],"about":[{"href":"https:\/\/www.panajamtours.com\/es\/wp-json\/wp\/v2\/types\/product"}],"wp:featuredmedia":[{"embeddable":true,"href":"https:\/\/www.panajamtours.com\/es\/wp-json\/wp\/v2\/media\/2383"}],"wp:attachment":[{"href":"https:\/\/www.panajamtours.com\/es\/wp-json\/wp\/v2\/media?parent=2382"}],"wp:term":[{"taxonomy":"product_cat","embeddable":true,"href":"https:\/\/www.panajamtours.com\/es\/wp-json\/wp\/v2\/product_cat?post=2382"},{"taxonomy":"product_tag","embeddable":true,"href":"https:\/\/www.panajamtours.com\/es\/wp-json\/wp\/v2\/product_tag?post=2382"}],"curies":[{"name":"wp","href":"https:\/\/api.w.org\/{rel}","templated":true}]}}