{"id":173,"date":"2016-10-19T20:55:55","date_gmt":"2016-10-20T01:55:55","guid":{"rendered":"http:\/\/panajamtours.apps-1and1.com\/\/?post_type=product&#038;p=173"},"modified":"2019-10-02T09:59:26","modified_gmt":"2019-10-02T14:59:26","slug":"panama-bocas-del-toro-6-days5-nights","status":"publish","type":"product","link":"https:\/\/www.panajamtours.com\/es\/product\/panama-bocas-del-toro-6-days5-nights","title":{"rendered":"Panama &#8211; Bocas del Toro Vacacion 6 d\u00edas \/ 5 noches"},"content":{"rendered":"<p>Bocas del Toro es un archipi\u00e9lago de la costa noroeste de Panam\u00e1. Bocas del Toro es un favorito de eco-turismo con Ingl\u00e9s de habla y otros turistas que viajan a este pa\u00eds de Am\u00e9rica Central. Se compone de siete islas (incluyendo la Isla Col\u00f3n, Isla Carenero y Bastimentos Isla) con el Pueblo de Bocas, su capital regional y la \u00abgran ciudad\u00bb, para aquellos que buscan comprar, comer bien, y explorar la vida nocturna. amantes de la aventura encontrar\u00e1n mucho para mantenerlos ocupados, como buceo, snorkel, vela, surf y el senderismo son de primera clase. Si usted es m\u00e1s de un tour-asistente, nunca miedo-Bocas del Toro ofrece una gran cantidad de ellos, que van desde la navegaci\u00f3n a los viajes Nivida Bat Cave.<\/p>\n<p>El itinerario de su 6 d\u00edas \/ 5 noches vacaciones en Panam\u00e1 es la siguiente:<\/p>\n<ul>\n<li>D\u00eda 1: Traslado desde el aeropuerto de Tocumen Aeropuerto | Riu Plaza, Panam\u00e1 City entrada<\/li>\n<li>D\u00eda 2: Riu Plaza, Ciudad de Panam\u00e1 salida | Traslado desde el aeropuerto de Albrook Aeropuerto | Vuelo Air Panam\u00e1 &#8211; Bocas del Toro | Traslado desde el aeropuerto de Bocas del Toro Aeropuerto | Bocas del Toro Hotel entrada<\/li>\n<li>D\u00eda 3: Tour de Playa<\/li>\n<li>D\u00eda 4: D\u00eda libre<\/li>\n<li>D\u00eda 5: Bocas del Toro Hotel salida | Traslado desde el aeropuerto de Bocas del Toro Aeropuerto | Vuelo Air Panam\u00e1 &#8211; Albrook Aeropuerto Aeropuerto | Transferir el Aeropuerto de Albrook | Riu Plaza, Panam\u00e1 \u00a0entrada<\/li>\n<li>D\u00eda 6: Riu Plaza, Panam\u00e1 salida | Traslado aeropuerto de Tocumen<\/li>\n<\/ul>\n<p>Precios desde $945+ por persona ocupaci\u00f3n doble<\/p>\n","protected":false},"excerpt":{"rendered":"<p>Bocas del Toro es un archipi\u00e9lago de la costa noroeste de Panam\u00e1. Bocas del Toro es un favorito de eco-turismo con Ingl\u00e9s de habla y otros turistas que viajan a este pa\u00eds de Am\u00e9rica Central. Se compone de siete islas (incluyendo la Isla Col\u00f3n, Isla Carenero y Bastimentos Isla) con el Pueblo de Bocas, su capital regional y la \u00abgran ciudad\u00bb, para aquellos que buscan comprar, comer bien, y explorar la vida nocturna. amantes de la aventura encontrar\u00e1n mucho para mantenerlos ocupados, como buceo, snorkel, vela, surf y el senderismo son de primera clase. Si usted es m\u00e1s de un tour-asistente, nunca miedo-Bocas del Toro ofrece una gran cantidad de ellos, que van desde la navegaci\u00f3n a los viajes Nivida Bat Cave.<\/p>\n","protected":false},"featured_media":277,"template":"","meta":[],"product_cat":[347],"product_tag":[26,25,27,24],"class_list":{"0":"post-173","1":"product","2":"type-product","3":"status-publish","4":"has-post-thumbnail","6":"product_cat-uncategorized","7":"product_tag-beach","8":"product_tag-bocas-del-toro","9":"product_tag-panama","10":"product_tag-vacation","12":"first","13":"instock","14":"shipping-taxable","15":"product-type-simple"},"translation":{"provider":"WPGlobus","version":"3.0.0","language":"es","enabled_languages":["en","es"],"languages":{"en":{"title":true,"content":true,"excerpt":true},"es":{"title":true,"content":true,"excerpt":true}}},"yoast_head":"<!-- This site is optimized with the Yoast SEO plugin v23.9 - https:\/\/yoast.com\/wordpress\/plugins\/seo\/ -->\n<title>Panama - Bocas del Toro Vacacion 6 d\u00edas \/ 5 noches - PanaJam Tours<\/title>\n<meta name=\"robots\" content=\"index, follow, max-snippet:-1, max-image-preview:large, max-video-preview:-1\" \/>\n<link rel=\"canonical\" href=\"https:\/\/www.panajamtours.com\/product\/panama-bocas-del-toro-6-days5-nights\" \/>\n<meta property=\"og:locale\" content=\"es_ES\" \/>\n<meta property=\"og:type\" content=\"article\" \/>\n<meta property=\"og:title\" content=\"Panama - Bocas del Toro Vacacion 6 d\u00edas \/ 5 noches - PanaJam Tours\" \/>\n<meta property=\"og:url\" content=\"https:\/\/www.panajamtours.com\/product\/panama-bocas-del-toro-6-days5-nights\" \/>\n<meta property=\"og:site_name\" content=\"PanaJam Tours\" \/>\n<meta property=\"article:publisher\" content=\"https:\/\/www.facebook.com\/PanaJamTours\/\" \/>\n<meta property=\"article:modified_time\" content=\"2019-10-02T14:59:26+00:00\" \/>\n<meta property=\"og:image\" content=\"https:\/\/www.panajamtours.com\/wp-content\/uploads\/2016\/10\/Bocas-beach-3.jpg\" \/>\n\t<meta property=\"og:image:width\" content=\"1024\" \/>\n\t<meta property=\"og:image:height\" content=\"768\" \/>\n\t<meta property=\"og:image:type\" content=\"image\/jpeg\" \/>\n<meta name=\"twitter:card\" content=\"summary_large_image\" \/>\n<meta name=\"twitter:site\" content=\"@panajamtours\" \/>\n<meta name=\"twitter:label1\" content=\"Tiempo de lectura\" \/>\n\t<meta name=\"twitter:data1\" content=\"2 minutos\" \/>\n<script type=\"application\/ld+json\" class=\"yoast-schema-graph\">{\"@context\":\"https:\/\/schema.org\",\"@graph\":[{\"@type\":\"WebPage\",\"@id\":\"https:\/\/www.panajamtours.com\/product\/panama-bocas-del-toro-6-days5-nights\",\"url\":\"https:\/\/www.panajamtours.com\/product\/panama-bocas-del-toro-6-days5-nights\",\"name\":\"Panama - Bocas del Toro Vacacion 6 d\u00edas \/ 5 noches - PanaJam Tours\",\"isPartOf\":{\"@id\":\"https:\/\/www.panajamtours.com\/es\/#website\"},\"primaryImageOfPage\":{\"@id\":\"https:\/\/www.panajamtours.com\/product\/panama-bocas-del-toro-6-days5-nights#primaryimage\"},\"image\":{\"@id\":\"https:\/\/www.panajamtours.com\/product\/panama-bocas-del-toro-6-days5-nights#primaryimage\"},\"thumbnailUrl\":\"https:\/\/www.panajamtours.com\/wp-content\/uploads\/2016\/10\/Bocas-beach-3.jpg\",\"datePublished\":\"2016-10-20T01:55:55+00:00\",\"dateModified\":\"2019-10-02T14:59:26+00:00\",\"breadcrumb\":{\"@id\":\"https:\/\/www.panajamtours.com\/product\/panama-bocas-del-toro-6-days5-nights#breadcrumb\"},\"inLanguage\":\"es\",\"potentialAction\":[{\"@type\":\"ReadAction\",\"target\":[\"https:\/\/www.panajamtours.com\/product\/panama-bocas-del-toro-6-days5-nights\"]}]},{\"@type\":\"ImageObject\",\"inLanguage\":\"es\",\"@id\":\"https:\/\/www.panajamtours.com\/product\/panama-bocas-del-toro-6-days5-nights#primaryimage\",\"url\":\"https:\/\/www.panajamtours.com\/wp-content\/uploads\/2016\/10\/Bocas-beach-3.jpg\",\"contentUrl\":\"https:\/\/www.panajamtours.com\/wp-content\/uploads\/2016\/10\/Bocas-beach-3.jpg\",\"width\":1024,\"height\":768},{\"@type\":\"BreadcrumbList\",\"@id\":\"https:\/\/www.panajamtours.com\/product\/panama-bocas-del-toro-6-days5-nights#breadcrumb\",\"itemListElement\":[{\"@type\":\"ListItem\",\"position\":1,\"name\":\"Home\",\"item\":\"https:\/\/www.panajamtours.com\/es\/\"},{\"@type\":\"ListItem\",\"position\":2,\"name\":\"Opciones de vacaciones\",\"item\":\"https:\/\/www.panajamtours.com\/es\/shop\"},{\"@type\":\"ListItem\",\"position\":3,\"name\":\"Panama &#8211; Bocas del Toro Vacation 6 days \/ 5 nights\"}]},{\"@type\":\"WebSite\",\"@id\":\"https:\/\/www.panajamtours.com\/es\/#website\",\"url\":\"https:\/\/www.panajamtours.com\/es\/\",\"name\":\"PanaJam Tours\",\"description\":\"Agencia de Viajes\",\"publisher\":{\"@id\":\"https:\/\/www.panajamtours.com\/es\/#organization\"},\"potentialAction\":[{\"@type\":\"SearchAction\",\"target\":{\"@type\":\"EntryPoint\",\"urlTemplate\":\"https:\/\/www.panajamtours.com\/es\/?s={search_term_string}\"},\"query-input\":{\"@type\":\"PropertyValueSpecification\",\"valueRequired\":true,\"valueName\":\"search_term_string\"}}],\"inLanguage\":\"es\"},{\"@type\":\"Organization\",\"@id\":\"https:\/\/www.panajamtours.com\/es\/#organization\",\"name\":\"PanaJam Tours\",\"url\":\"https:\/\/www.panajamtours.com\/es\/\",\"logo\":{\"@type\":\"ImageObject\",\"inLanguage\":\"es\",\"@id\":\"https:\/\/www.panajamtours.com\/es\/#\/schema\/logo\/image\/\",\"url\":\"https:\/\/www.panajamtours.com\/wp-content\/uploads\/2015\/07\/cropped-PanaJamTours-1-e1452391999906.png\",\"contentUrl\":\"https:\/\/www.panajamtours.com\/wp-content\/uploads\/2015\/07\/cropped-PanaJamTours-1-e1452391999906.png\",\"width\":200,\"height\":166,\"caption\":\"PanaJam Tours\"},\"image\":{\"@id\":\"https:\/\/www.panajamtours.com\/es\/#\/schema\/logo\/image\/\"},\"sameAs\":[\"https:\/\/www.facebook.com\/PanaJamTours\/\",\"https:\/\/x.com\/panajamtours\",\"https:\/\/www.instagram.com\/PanaJamTours\/\"]}]}<\/script>\n<!-- \/ Yoast SEO plugin. -->","yoast_head_json":{"title":"Panama - Bocas del Toro Vacacion 6 d\u00edas \/ 5 noches - PanaJam Tours","robots":{"index":"index","follow":"follow","max-snippet":"max-snippet:-1","max-image-preview":"max-image-preview:large","max-video-preview":"max-video-preview:-1"},"canonical":"https:\/\/www.panajamtours.com\/product\/panama-bocas-del-toro-6-days5-nights","og_locale":"es_ES","og_type":"article","og_title":"Panama - Bocas del Toro Vacacion 6 d\u00edas \/ 5 noches - PanaJam Tours","og_url":"https:\/\/www.panajamtours.com\/product\/panama-bocas-del-toro-6-days5-nights","og_site_name":"PanaJam Tours","article_publisher":"https:\/\/www.facebook.com\/PanaJamTours\/","article_modified_time":"2019-10-02T14:59:26+00:00","og_image":[{"width":1024,"height":768,"url":"https:\/\/www.panajamtours.com\/wp-content\/uploads\/2016\/10\/Bocas-beach-3.jpg","type":"image\/jpeg"}],"twitter_card":"summary_large_image","twitter_site":"@panajamtours","twitter_misc":{"Tiempo de lectura":"2 minutos"},"schema":{"@context":"https:\/\/schema.org","@graph":[{"@type":"WebPage","@id":"https:\/\/www.panajamtours.com\/product\/panama-bocas-del-toro-6-days5-nights","url":"https:\/\/www.panajamtours.com\/product\/panama-bocas-del-toro-6-days5-nights","name":"Panama - Bocas del Toro Vacacion 6 d\u00edas \/ 5 noches - PanaJam Tours","isPartOf":{"@id":"https:\/\/www.panajamtours.com\/es\/#website"},"primaryImageOfPage":{"@id":"https:\/\/www.panajamtours.com\/product\/panama-bocas-del-toro-6-days5-nights#primaryimage"},"image":{"@id":"https:\/\/www.panajamtours.com\/product\/panama-bocas-del-toro-6-days5-nights#primaryimage"},"thumbnailUrl":"https:\/\/www.panajamtours.com\/wp-content\/uploads\/2016\/10\/Bocas-beach-3.jpg","datePublished":"2016-10-20T01:55:55+00:00","dateModified":"2019-10-02T14:59:26+00:00","breadcrumb":{"@id":"https:\/\/www.panajamtours.com\/product\/panama-bocas-del-toro-6-days5-nights#breadcrumb"},"inLanguage":"es","potentialAction":[{"@type":"ReadAction","target":["https:\/\/www.panajamtours.com\/product\/panama-bocas-del-toro-6-days5-nights"]}]},{"@type":"ImageObject","inLanguage":"es","@id":"https:\/\/www.panajamtours.com\/product\/panama-bocas-del-toro-6-days5-nights#primaryimage","url":"https:\/\/www.panajamtours.com\/wp-content\/uploads\/2016\/10\/Bocas-beach-3.jpg","contentUrl":"https:\/\/www.panajamtours.com\/wp-content\/uploads\/2016\/10\/Bocas-beach-3.jpg","width":1024,"height":768},{"@type":"BreadcrumbList","@id":"https:\/\/www.panajamtours.com\/product\/panama-bocas-del-toro-6-days5-nights#breadcrumb","itemListElement":[{"@type":"ListItem","position":1,"name":"Home","item":"https:\/\/www.panajamtours.com\/es\/"},{"@type":"ListItem","position":2,"name":"Opciones de vacaciones","item":"https:\/\/www.panajamtours.com\/es\/shop"},{"@type":"ListItem","position":3,"name":"Panama &#8211; Bocas del Toro Vacation 6 days \/ 5 nights"}]},{"@type":"WebSite","@id":"https:\/\/www.panajamtours.com\/es\/#website","url":"https:\/\/www.panajamtours.com\/es\/","name":"PanaJam Tours","description":"Agencia de Viajes","publisher":{"@id":"https:\/\/www.panajamtours.com\/es\/#organization"},"potentialAction":[{"@type":"SearchAction","target":{"@type":"EntryPoint","urlTemplate":"https:\/\/www.panajamtours.com\/es\/?s={search_term_string}"},"query-input":{"@type":"PropertyValueSpecification","valueRequired":true,"valueName":"search_term_string"}}],"inLanguage":"es"},{"@type":"Organization","@id":"https:\/\/www.panajamtours.com\/es\/#organization","name":"PanaJam Tours","url":"https:\/\/www.panajamtours.com\/es\/","logo":{"@type":"ImageObject","inLanguage":"es","@id":"https:\/\/www.panajamtours.com\/es\/#\/schema\/logo\/image\/","url":"https:\/\/www.panajamtours.com\/wp-content\/uploads\/2015\/07\/cropped-PanaJamTours-1-e1452391999906.png","contentUrl":"https:\/\/www.panajamtours.com\/wp-content\/uploads\/2015\/07\/cropped-PanaJamTours-1-e1452391999906.png","width":200,"height":166,"caption":"PanaJam Tours"},"image":{"@id":"https:\/\/www.panajamtours.com\/es\/#\/schema\/logo\/image\/"},"sameAs":["https:\/\/www.facebook.com\/PanaJamTours\/","https:\/\/x.com\/panajamtours","https:\/\/www.instagram.com\/PanaJamTours\/"]}]}},"_links":{"self":[{"href":"https:\/\/www.panajamtours.com\/es\/wp-json\/wp\/v2\/product\/173","targetHints":{"allow":["GET"]}}],"collection":[{"href":"https:\/\/www.panajamtours.com\/es\/wp-json\/wp\/v2\/product"}],"about":[{"href":"https:\/\/www.panajamtours.com\/es\/wp-json\/wp\/v2\/types\/product"}],"wp:featuredmedia":[{"embeddable":true,"href":"https:\/\/www.panajamtours.com\/es\/wp-json\/wp\/v2\/media\/277"}],"wp:attachment":[{"href":"https:\/\/www.panajamtours.com\/es\/wp-json\/wp\/v2\/media?parent=173"}],"wp:term":[{"taxonomy":"product_cat","embeddable":true,"href":"https:\/\/www.panajamtours.com\/es\/wp-json\/wp\/v2\/product_cat?post=173"},{"taxonomy":"product_tag","embeddable":true,"href":"https:\/\/www.panajamtours.com\/es\/wp-json\/wp\/v2\/product_tag?post=173"}],"curies":[{"name":"wp","href":"https:\/\/api.w.org\/{rel}","templated":true}]}}