{"id":140,"date":"2016-02-19T16:43:50","date_gmt":"2016-02-19T21:43:50","guid":{"rendered":"http:\/\/panajamtours.apps-1and1.com\/\/?post_type=product&#038;p=140"},"modified":"2017-02-26T20:13:36","modified_gmt":"2017-02-27T01:13:36","slug":"hard-rock","status":"publish","type":"product","link":"https:\/\/www.panajamtours.com\/es\/product\/hard-rock","title":{"rendered":"Hard Rock Megapolis Panam\u00e1"},"content":{"rendered":"<section id=\"side\">\n<div class=\"container clear-fix\">\n<div id=\"FullWidthIntroWidget256813\" class=\"customWidget FullWidthIntroWidget pageWidgetId256813\">\n<div class=\"fullWidthContainer\">\n<h2><a href=\"http:\/\/panajamtours.apps-1and1.com\/\/wp-content\/uploads\/2016\/02\/Logo-Hardrock.jpeg\" rel=\"attachment wp-att-163\"><img loading=\"lazy\" decoding=\"async\" class=\"size-full wp-image-163 aligncenter lazyload\" data-src=\"http:\/\/panajamtours.apps-1and1.com\/\/wp-content\/uploads\/2016\/02\/Logo-Hardrock.jpeg\" alt=\"Logo Hardrock\" width=\"227\" height=\"222\" data-srcset=\"https:\/\/www.panajamtours.com\/wp-content\/uploads\/2016\/02\/Logo-Hardrock.jpeg 227w, https:\/\/www.panajamtours.com\/wp-content\/uploads\/2016\/02\/Logo-Hardrock-50x50.jpeg 50w\" data-sizes=\"auto, (max-width: 227px) 100vw, 227px\" src=\"data:image\/gif;base64,R0lGODlhAQABAAAAACH5BAEKAAEALAAAAAABAAEAAAICTAEAOw==\" style=\"--smush-placeholder-width: 227px; --smush-placeholder-aspect-ratio: 227\/222;\" \/><noscript><img loading=\"lazy\" decoding=\"async\" class=\"size-full wp-image-163 aligncenter\" src=\"http:\/\/panajamtours.apps-1and1.com\/\/wp-content\/uploads\/2016\/02\/Logo-Hardrock.jpeg\" alt=\"Logo Hardrock\" width=\"227\" height=\"222\" srcset=\"https:\/\/www.panajamtours.com\/wp-content\/uploads\/2016\/02\/Logo-Hardrock.jpeg 227w, https:\/\/www.panajamtours.com\/wp-content\/uploads\/2016\/02\/Logo-Hardrock-50x50.jpeg 50w\" sizes=\"auto, (max-width: 227px) 100vw, 227px\" \/><\/noscript><\/a><\/h2>\n<h2>COMODIDADES DE ROCKSTAR EN EL HARD ROCK DE CIUDAD DE PANAM\u00c1<\/h2>\n<div class=\"fullWidthTextArea\">\n<p>Comienza tus vacaciones con estilo y lujo en el Hard Rock Hotel Panam\u00e1 Megapolis. Nuestro imponente hotel ofrece 1500 habitaciones y suites\u00a0 para escoger justo en el centro del coraz\u00f3n de ciudad de Panam\u00e1. Adicional a nuestros cuartos y suites est\u00e1ndar, ofrecemos las mejores comodidades para personas con discapacidades en los cuartos del hotel y accesos para sillas de ruedas de todo Panam\u00e1.<\/p>\n<\/div>\n<\/div>\n<\/div>\n<\/div>\n<\/section>\n<div class=\"container\">\n<article id=\"article\">\n<div id=\"textWidget256809\" class=\"textWidget pageWidgetId256809\">\n<h2>AMENIDADES EN LOS CUARTOS<\/h2>\n<\/div>\n<div id=\"MultipleColumnsWidget256814\" class=\"customWidget MultipleColumnsWidget pageWidgetId256814\">\n<div class=\"clear-fix colContainer\">\n<div class=\"col MultipleColumnGroup1 \">\n<div class=\"innerCol\">\n<ul>\n<li>Ropa de cama exclusiva marca Sleep Like a Rock<\/li>\n<li>Televisi\u00f3n de 42&#8243; hi-def LCD, con conexi\u00f3n hub<\/li>\n<li>Balc\u00f3n\/terraza privada<\/li>\n<li>Ventanas de piso a techo<\/li>\n<li>Espacioso y elegante ba\u00f1o<\/li>\n<li>Lujosa l\u00ednea de jabones y shampoos Rock Spa<\/li>\n<li>Escritorio<\/li>\n<li>Caja fuerte interna para laptop<\/li>\n<li>Refrigerador-Minibar<\/li>\n<\/ul>\n<\/div>\n<\/div>\n<div class=\"col MultipleColumnGroup2 MultipleColumnGroupLast\">\n<div class=\"innerCol\">\n<ul>\n<li>Microondas (Previe Solicitud)<\/li>\n<li>Cafetera<\/li>\n<li>Estaci\u00f3n iPad\/iPhone<\/li>\n<li>Bata de ba\u00f1o y pantunflas<\/li>\n<li>Wi-Fi gratis<\/li>\n<li>Oferta de m\u00fasica personalizada en la habitaci\u00f3n<\/li>\n<li>Decoraci\u00f3n rock<\/li>\n<\/ul>\n<\/div>\n<\/div>\n<\/div>\n<\/div>\n<\/article>\n<\/div>\n","protected":false},"excerpt":{"rendered":"<p>Comienza tus vacaciones con estilo y lujo en el Hard Rock Hotel Panam\u00e1 Megapolis. Nuestro imponente hotel ofrece 1500 habitaciones y suites\u00a0 para escoger justo en el centro del coraz\u00f3n de ciudad de Panam\u00e1. Adicional a nuestros cuartos y suites est\u00e1ndar, ofrecemos las mejores comodidades para personas con discapacidades en los cuartos del hotel y accesos para sillas de ruedas de todo Panam\u00e1.<\/p>\n","protected":false},"featured_media":145,"template":"","meta":[],"product_cat":[16],"product_tag":[71,22],"class_list":{"0":"post-140","1":"product","2":"type-product","3":"status-publish","4":"has-post-thumbnail","6":"product_cat-hotels","7":"product_tag-hard-rock","8":"product_tag-panama-city-hotel","10":"first","11":"instock","12":"shipping-taxable","13":"product-type-simple"},"translation":{"provider":"WPGlobus","version":"3.0.0","language":"es","enabled_languages":["en","es"],"languages":{"en":{"title":true,"content":true,"excerpt":true},"es":{"title":true,"content":true,"excerpt":true}}},"yoast_head":"<!-- This site is optimized with the Yoast SEO plugin v23.9 - https:\/\/yoast.com\/wordpress\/plugins\/seo\/ -->\n<title>Hard Rock Megapolis Panam\u00e1 - PanaJam Tours<\/title>\n<meta name=\"robots\" content=\"index, follow, max-snippet:-1, max-image-preview:large, max-video-preview:-1\" \/>\n<link rel=\"canonical\" href=\"https:\/\/www.panajamtours.com\/product\/hard-rock\" \/>\n<meta property=\"og:locale\" content=\"es_ES\" \/>\n<meta property=\"og:type\" content=\"article\" \/>\n<meta property=\"og:title\" content=\"Hard Rock Megapolis Panam\u00e1 - PanaJam Tours\" \/>\n<meta property=\"og:url\" content=\"https:\/\/www.panajamtours.com\/product\/hard-rock\" \/>\n<meta property=\"og:site_name\" content=\"PanaJam Tours\" \/>\n<meta property=\"article:publisher\" content=\"https:\/\/www.facebook.com\/PanaJamTours\/\" \/>\n<meta property=\"article:modified_time\" content=\"2017-02-27T01:13:36+00:00\" \/>\n<meta property=\"og:image\" content=\"https:\/\/www.panajamtours.com\/wp-content\/uploads\/2016\/02\/HARD-ROCK-CAFE-3.jpg\" \/>\n\t<meta property=\"og:image:width\" content=\"659\" \/>\n\t<meta property=\"og:image:height\" content=\"298\" \/>\n\t<meta property=\"og:image:type\" content=\"image\/jpeg\" \/>\n<meta name=\"twitter:card\" content=\"summary_large_image\" \/>\n<meta name=\"twitter:site\" content=\"@panajamtours\" \/>\n<meta name=\"twitter:label1\" content=\"Tiempo de lectura\" \/>\n\t<meta name=\"twitter:data1\" content=\"1 minuto\" \/>\n<script type=\"application\/ld+json\" class=\"yoast-schema-graph\">{\"@context\":\"https:\/\/schema.org\",\"@graph\":[{\"@type\":\"WebPage\",\"@id\":\"https:\/\/www.panajamtours.com\/product\/hard-rock\",\"url\":\"https:\/\/www.panajamtours.com\/product\/hard-rock\",\"name\":\"Hard Rock Megapolis Panam\u00e1 - PanaJam Tours\",\"isPartOf\":{\"@id\":\"https:\/\/www.panajamtours.com\/es\/#website\"},\"primaryImageOfPage\":{\"@id\":\"https:\/\/www.panajamtours.com\/product\/hard-rock#primaryimage\"},\"image\":{\"@id\":\"https:\/\/www.panajamtours.com\/product\/hard-rock#primaryimage\"},\"thumbnailUrl\":\"https:\/\/www.panajamtours.com\/wp-content\/uploads\/2016\/02\/HARD-ROCK-CAFE-3.jpg\",\"datePublished\":\"2016-02-19T21:43:50+00:00\",\"dateModified\":\"2017-02-27T01:13:36+00:00\",\"breadcrumb\":{\"@id\":\"https:\/\/www.panajamtours.com\/product\/hard-rock#breadcrumb\"},\"inLanguage\":\"es\",\"potentialAction\":[{\"@type\":\"ReadAction\",\"target\":[\"https:\/\/www.panajamtours.com\/product\/hard-rock\"]}]},{\"@type\":\"ImageObject\",\"inLanguage\":\"es\",\"@id\":\"https:\/\/www.panajamtours.com\/product\/hard-rock#primaryimage\",\"url\":\"https:\/\/www.panajamtours.com\/wp-content\/uploads\/2016\/02\/HARD-ROCK-CAFE-3.jpg\",\"contentUrl\":\"https:\/\/www.panajamtours.com\/wp-content\/uploads\/2016\/02\/HARD-ROCK-CAFE-3.jpg\",\"width\":659,\"height\":298,\"caption\":\"Hard Rock Hotel Panama Megapolis\"},{\"@type\":\"BreadcrumbList\",\"@id\":\"https:\/\/www.panajamtours.com\/product\/hard-rock#breadcrumb\",\"itemListElement\":[{\"@type\":\"ListItem\",\"position\":1,\"name\":\"Home\",\"item\":\"https:\/\/www.panajamtours.com\/es\/\"},{\"@type\":\"ListItem\",\"position\":2,\"name\":\"Opciones de vacaciones\",\"item\":\"https:\/\/www.panajamtours.com\/es\/shop\"},{\"@type\":\"ListItem\",\"position\":3,\"name\":\"Hard Rock\"}]},{\"@type\":\"WebSite\",\"@id\":\"https:\/\/www.panajamtours.com\/es\/#website\",\"url\":\"https:\/\/www.panajamtours.com\/es\/\",\"name\":\"PanaJam Tours\",\"description\":\"Agencia de Viajes\",\"publisher\":{\"@id\":\"https:\/\/www.panajamtours.com\/es\/#organization\"},\"potentialAction\":[{\"@type\":\"SearchAction\",\"target\":{\"@type\":\"EntryPoint\",\"urlTemplate\":\"https:\/\/www.panajamtours.com\/es\/?s={search_term_string}\"},\"query-input\":{\"@type\":\"PropertyValueSpecification\",\"valueRequired\":true,\"valueName\":\"search_term_string\"}}],\"inLanguage\":\"es\"},{\"@type\":\"Organization\",\"@id\":\"https:\/\/www.panajamtours.com\/es\/#organization\",\"name\":\"PanaJam Tours\",\"url\":\"https:\/\/www.panajamtours.com\/es\/\",\"logo\":{\"@type\":\"ImageObject\",\"inLanguage\":\"es\",\"@id\":\"https:\/\/www.panajamtours.com\/es\/#\/schema\/logo\/image\/\",\"url\":\"https:\/\/www.panajamtours.com\/wp-content\/uploads\/2015\/07\/cropped-PanaJamTours-1-e1452391999906.png\",\"contentUrl\":\"https:\/\/www.panajamtours.com\/wp-content\/uploads\/2015\/07\/cropped-PanaJamTours-1-e1452391999906.png\",\"width\":200,\"height\":166,\"caption\":\"PanaJam Tours\"},\"image\":{\"@id\":\"https:\/\/www.panajamtours.com\/es\/#\/schema\/logo\/image\/\"},\"sameAs\":[\"https:\/\/www.facebook.com\/PanaJamTours\/\",\"https:\/\/x.com\/panajamtours\",\"https:\/\/www.instagram.com\/PanaJamTours\/\"]}]}<\/script>\n<!-- \/ Yoast SEO plugin. -->","yoast_head_json":{"title":"Hard Rock Megapolis Panam\u00e1 - PanaJam Tours","robots":{"index":"index","follow":"follow","max-snippet":"max-snippet:-1","max-image-preview":"max-image-preview:large","max-video-preview":"max-video-preview:-1"},"canonical":"https:\/\/www.panajamtours.com\/product\/hard-rock","og_locale":"es_ES","og_type":"article","og_title":"Hard Rock Megapolis Panam\u00e1 - PanaJam Tours","og_url":"https:\/\/www.panajamtours.com\/product\/hard-rock","og_site_name":"PanaJam Tours","article_publisher":"https:\/\/www.facebook.com\/PanaJamTours\/","article_modified_time":"2017-02-27T01:13:36+00:00","og_image":[{"width":659,"height":298,"url":"https:\/\/www.panajamtours.com\/wp-content\/uploads\/2016\/02\/HARD-ROCK-CAFE-3.jpg","type":"image\/jpeg"}],"twitter_card":"summary_large_image","twitter_site":"@panajamtours","twitter_misc":{"Tiempo de lectura":"1 minuto"},"schema":{"@context":"https:\/\/schema.org","@graph":[{"@type":"WebPage","@id":"https:\/\/www.panajamtours.com\/product\/hard-rock","url":"https:\/\/www.panajamtours.com\/product\/hard-rock","name":"Hard Rock Megapolis Panam\u00e1 - PanaJam Tours","isPartOf":{"@id":"https:\/\/www.panajamtours.com\/es\/#website"},"primaryImageOfPage":{"@id":"https:\/\/www.panajamtours.com\/product\/hard-rock#primaryimage"},"image":{"@id":"https:\/\/www.panajamtours.com\/product\/hard-rock#primaryimage"},"thumbnailUrl":"https:\/\/www.panajamtours.com\/wp-content\/uploads\/2016\/02\/HARD-ROCK-CAFE-3.jpg","datePublished":"2016-02-19T21:43:50+00:00","dateModified":"2017-02-27T01:13:36+00:00","breadcrumb":{"@id":"https:\/\/www.panajamtours.com\/product\/hard-rock#breadcrumb"},"inLanguage":"es","potentialAction":[{"@type":"ReadAction","target":["https:\/\/www.panajamtours.com\/product\/hard-rock"]}]},{"@type":"ImageObject","inLanguage":"es","@id":"https:\/\/www.panajamtours.com\/product\/hard-rock#primaryimage","url":"https:\/\/www.panajamtours.com\/wp-content\/uploads\/2016\/02\/HARD-ROCK-CAFE-3.jpg","contentUrl":"https:\/\/www.panajamtours.com\/wp-content\/uploads\/2016\/02\/HARD-ROCK-CAFE-3.jpg","width":659,"height":298,"caption":"Hard Rock Hotel Panama Megapolis"},{"@type":"BreadcrumbList","@id":"https:\/\/www.panajamtours.com\/product\/hard-rock#breadcrumb","itemListElement":[{"@type":"ListItem","position":1,"name":"Home","item":"https:\/\/www.panajamtours.com\/es\/"},{"@type":"ListItem","position":2,"name":"Opciones de vacaciones","item":"https:\/\/www.panajamtours.com\/es\/shop"},{"@type":"ListItem","position":3,"name":"Hard Rock"}]},{"@type":"WebSite","@id":"https:\/\/www.panajamtours.com\/es\/#website","url":"https:\/\/www.panajamtours.com\/es\/","name":"PanaJam Tours","description":"Agencia de Viajes","publisher":{"@id":"https:\/\/www.panajamtours.com\/es\/#organization"},"potentialAction":[{"@type":"SearchAction","target":{"@type":"EntryPoint","urlTemplate":"https:\/\/www.panajamtours.com\/es\/?s={search_term_string}"},"query-input":{"@type":"PropertyValueSpecification","valueRequired":true,"valueName":"search_term_string"}}],"inLanguage":"es"},{"@type":"Organization","@id":"https:\/\/www.panajamtours.com\/es\/#organization","name":"PanaJam Tours","url":"https:\/\/www.panajamtours.com\/es\/","logo":{"@type":"ImageObject","inLanguage":"es","@id":"https:\/\/www.panajamtours.com\/es\/#\/schema\/logo\/image\/","url":"https:\/\/www.panajamtours.com\/wp-content\/uploads\/2015\/07\/cropped-PanaJamTours-1-e1452391999906.png","contentUrl":"https:\/\/www.panajamtours.com\/wp-content\/uploads\/2015\/07\/cropped-PanaJamTours-1-e1452391999906.png","width":200,"height":166,"caption":"PanaJam Tours"},"image":{"@id":"https:\/\/www.panajamtours.com\/es\/#\/schema\/logo\/image\/"},"sameAs":["https:\/\/www.facebook.com\/PanaJamTours\/","https:\/\/x.com\/panajamtours","https:\/\/www.instagram.com\/PanaJamTours\/"]}]}},"_links":{"self":[{"href":"https:\/\/www.panajamtours.com\/es\/wp-json\/wp\/v2\/product\/140","targetHints":{"allow":["GET"]}}],"collection":[{"href":"https:\/\/www.panajamtours.com\/es\/wp-json\/wp\/v2\/product"}],"about":[{"href":"https:\/\/www.panajamtours.com\/es\/wp-json\/wp\/v2\/types\/product"}],"wp:featuredmedia":[{"embeddable":true,"href":"https:\/\/www.panajamtours.com\/es\/wp-json\/wp\/v2\/media\/145"}],"wp:attachment":[{"href":"https:\/\/www.panajamtours.com\/es\/wp-json\/wp\/v2\/media?parent=140"}],"wp:term":[{"taxonomy":"product_cat","embeddable":true,"href":"https:\/\/www.panajamtours.com\/es\/wp-json\/wp\/v2\/product_cat?post=140"},{"taxonomy":"product_tag","embeddable":true,"href":"https:\/\/www.panajamtours.com\/es\/wp-json\/wp\/v2\/product_tag?post=140"}],"curies":[{"name":"wp","href":"https:\/\/api.w.org\/{rel}","templated":true}]}}