{"id":1320,"date":"2017-04-11T08:00:48","date_gmt":"2017-04-11T13:00:48","guid":{"rendered":"http:\/\/www.panajamtours.com\/?post_type=product&#038;p=1320"},"modified":"2017-08-03T17:39:46","modified_gmt":"2017-08-03T22:39:46","slug":"tinajas-restaurant","status":"publish","type":"product","link":"https:\/\/www.panajamtours.com\/es\/product\/tinajas-restaurant","title":{"rendered":"CENA FOLKL\u00d3RICA LAS TINAJAS"},"content":{"rendered":"<h1 style=\"text-align: center;\"><strong><span style=\"color: #3366ff;\">CENA Y SHOW FOLKL\u00d3RICO\u00a0TINAJAS<\/span><\/strong><\/h1>\n<p><span style=\"color: #000000;\">Usted disfrutara en su visita al Restaurante Tinajas las danzas del zaracund\u00e9, cumbias, tamborito y el punto, donde se manifiesta a trav\u00e9s de la cultura y bailes el crisol de razas que se unifico en nuestro pa\u00eds, manteniendo viva nuestras tradiciones bajo un concepto tur\u00edstico del Panam\u00e1 t\u00edpico.<\/span><\/p>\n<p><span style=\"color: #000000;\">El nombre de tinajas proviene de grandes vasijas de barro y as\u00ed como de las tinajas se bebe agua fresca, hoy el Restaurante Tinajas, conserva fresco el sabor de Panam\u00e1, con su comida que es una selecci\u00f3n de las m\u00e1s autenticas recetas de inc\u00f3gnitas cocineras de la campi\u00f1a interiorana.<\/span><\/p>\n<p><span style=\"color: #000000;\"><strong>Incluye: <\/strong>transporte terrestre, show folkl\u00f3rico y cena.<\/span><\/p>\n<p><span style=\"color: #000000;\"><strong>Recomendaciones: <\/strong>pasaporte original, vestimenta casual, c\u00e1mara\u00a0\u00a0 fotogr\u00e1fica.<\/span><\/p>\n<p>&nbsp;<\/p>\n","protected":false},"excerpt":{"rendered":"<h2 style=\"text-align: center;\"><span style=\"color: #3366ff;\"><strong>Folkloric Dinner \u00a0At Tinajas Restaurant<\/strong><\/span><\/h2>\n<p>You will enjoy in this visit to Las Tinajas the flavor \u00a0and dances of Panama<\/p>\n","protected":false},"featured_media":2237,"template":"","meta":[],"product_cat":[18],"product_tag":[133,134,132,143,135],"class_list":{"0":"post-1320","1":"product","2":"type-product","3":"status-publish","4":"has-post-thumbnail","6":"product_cat-tours","7":"product_tag-cena-tipica","8":"product_tag-gastronomia-panamena","9":"product_tag-restaurante-tinajas","10":"product_tag-show-folklorico","11":"product_tag-tradiciones-de-panama","13":"first","14":"instock","15":"shipping-taxable","16":"product-type-simple"},"translation":{"provider":"WPGlobus","version":"3.0.0","language":"es","enabled_languages":["en","es"],"languages":{"en":{"title":true,"content":true,"excerpt":true},"es":{"title":true,"content":true,"excerpt":false}}},"yoast_head":"<!-- This site is optimized with the Yoast SEO plugin v23.9 - https:\/\/yoast.com\/wordpress\/plugins\/seo\/ -->\n<title>CENA FOLKL\u00d3RICA LAS TINAJAS - PanaJam Tours<\/title>\n<meta name=\"robots\" content=\"index, follow, max-snippet:-1, max-image-preview:large, max-video-preview:-1\" \/>\n<link rel=\"canonical\" href=\"https:\/\/www.panajamtours.com\/product\/tinajas-restaurant\" \/>\n<meta property=\"og:locale\" content=\"es_ES\" \/>\n<meta property=\"og:type\" content=\"article\" \/>\n<meta property=\"og:title\" content=\"CENA FOLKL\u00d3RICA LAS TINAJAS - PanaJam Tours\" \/>\n<meta property=\"og:url\" content=\"https:\/\/www.panajamtours.com\/product\/tinajas-restaurant\" \/>\n<meta property=\"og:site_name\" content=\"PanaJam Tours\" \/>\n<meta property=\"article:publisher\" content=\"https:\/\/www.facebook.com\/PanaJamTours\/\" \/>\n<meta property=\"article:modified_time\" content=\"2017-08-03T22:39:46+00:00\" \/>\n<meta property=\"og:image\" content=\"https:\/\/www.panajamtours.com\/wp-content\/uploads\/2017\/05\/RESTAURANTE-TINAJAS-1024x684.jpg\" \/>\n\t<meta property=\"og:image:width\" content=\"1024\" \/>\n\t<meta property=\"og:image:height\" content=\"684\" \/>\n\t<meta property=\"og:image:type\" content=\"image\/jpeg\" \/>\n<meta name=\"twitter:card\" content=\"summary_large_image\" \/>\n<meta name=\"twitter:site\" content=\"@panajamtours\" \/>\n<meta name=\"twitter:label1\" content=\"Tiempo de lectura\" \/>\n\t<meta name=\"twitter:data1\" content=\"1 minuto\" \/>\n<script type=\"application\/ld+json\" class=\"yoast-schema-graph\">{\"@context\":\"https:\/\/schema.org\",\"@graph\":[{\"@type\":\"WebPage\",\"@id\":\"https:\/\/www.panajamtours.com\/product\/tinajas-restaurant\",\"url\":\"https:\/\/www.panajamtours.com\/product\/tinajas-restaurant\",\"name\":\"CENA FOLKL\u00d3RICA LAS TINAJAS - PanaJam Tours\",\"isPartOf\":{\"@id\":\"https:\/\/www.panajamtours.com\/es\/#website\"},\"primaryImageOfPage\":{\"@id\":\"https:\/\/www.panajamtours.com\/product\/tinajas-restaurant#primaryimage\"},\"image\":{\"@id\":\"https:\/\/www.panajamtours.com\/product\/tinajas-restaurant#primaryimage\"},\"thumbnailUrl\":\"https:\/\/www.panajamtours.com\/wp-content\/uploads\/2017\/05\/RESTAURANTE-TINAJAS.jpg\",\"datePublished\":\"2017-04-11T13:00:48+00:00\",\"dateModified\":\"2017-08-03T22:39:46+00:00\",\"breadcrumb\":{\"@id\":\"https:\/\/www.panajamtours.com\/product\/tinajas-restaurant#breadcrumb\"},\"inLanguage\":\"es\",\"potentialAction\":[{\"@type\":\"ReadAction\",\"target\":[\"https:\/\/www.panajamtours.com\/product\/tinajas-restaurant\"]}]},{\"@type\":\"ImageObject\",\"inLanguage\":\"es\",\"@id\":\"https:\/\/www.panajamtours.com\/product\/tinajas-restaurant#primaryimage\",\"url\":\"https:\/\/www.panajamtours.com\/wp-content\/uploads\/2017\/05\/RESTAURANTE-TINAJAS.jpg\",\"contentUrl\":\"https:\/\/www.panajamtours.com\/wp-content\/uploads\/2017\/05\/RESTAURANTE-TINAJAS.jpg\",\"width\":1800,\"height\":1202,\"caption\":\"RESTAURANTE TINAJAS\"},{\"@type\":\"BreadcrumbList\",\"@id\":\"https:\/\/www.panajamtours.com\/product\/tinajas-restaurant#breadcrumb\",\"itemListElement\":[{\"@type\":\"ListItem\",\"position\":1,\"name\":\"Home\",\"item\":\"https:\/\/www.panajamtours.com\/es\/\"},{\"@type\":\"ListItem\",\"position\":2,\"name\":\"Opciones de vacaciones\",\"item\":\"https:\/\/www.panajamtours.com\/es\/shop\"},{\"@type\":\"ListItem\",\"position\":3,\"name\":\"FOLKLORIC DINNER AT LAS TINAJAS\"}]},{\"@type\":\"WebSite\",\"@id\":\"https:\/\/www.panajamtours.com\/es\/#website\",\"url\":\"https:\/\/www.panajamtours.com\/es\/\",\"name\":\"PanaJam Tours\",\"description\":\"Agencia de Viajes\",\"publisher\":{\"@id\":\"https:\/\/www.panajamtours.com\/es\/#organization\"},\"potentialAction\":[{\"@type\":\"SearchAction\",\"target\":{\"@type\":\"EntryPoint\",\"urlTemplate\":\"https:\/\/www.panajamtours.com\/es\/?s={search_term_string}\"},\"query-input\":{\"@type\":\"PropertyValueSpecification\",\"valueRequired\":true,\"valueName\":\"search_term_string\"}}],\"inLanguage\":\"es\"},{\"@type\":\"Organization\",\"@id\":\"https:\/\/www.panajamtours.com\/es\/#organization\",\"name\":\"PanaJam Tours\",\"url\":\"https:\/\/www.panajamtours.com\/es\/\",\"logo\":{\"@type\":\"ImageObject\",\"inLanguage\":\"es\",\"@id\":\"https:\/\/www.panajamtours.com\/es\/#\/schema\/logo\/image\/\",\"url\":\"https:\/\/www.panajamtours.com\/wp-content\/uploads\/2015\/07\/cropped-PanaJamTours-1-e1452391999906.png\",\"contentUrl\":\"https:\/\/www.panajamtours.com\/wp-content\/uploads\/2015\/07\/cropped-PanaJamTours-1-e1452391999906.png\",\"width\":200,\"height\":166,\"caption\":\"PanaJam Tours\"},\"image\":{\"@id\":\"https:\/\/www.panajamtours.com\/es\/#\/schema\/logo\/image\/\"},\"sameAs\":[\"https:\/\/www.facebook.com\/PanaJamTours\/\",\"https:\/\/x.com\/panajamtours\",\"https:\/\/www.instagram.com\/PanaJamTours\/\"]}]}<\/script>\n<!-- \/ Yoast SEO plugin. -->","yoast_head_json":{"title":"CENA FOLKL\u00d3RICA LAS TINAJAS - PanaJam Tours","robots":{"index":"index","follow":"follow","max-snippet":"max-snippet:-1","max-image-preview":"max-image-preview:large","max-video-preview":"max-video-preview:-1"},"canonical":"https:\/\/www.panajamtours.com\/product\/tinajas-restaurant","og_locale":"es_ES","og_type":"article","og_title":"CENA FOLKL\u00d3RICA LAS TINAJAS - PanaJam Tours","og_url":"https:\/\/www.panajamtours.com\/product\/tinajas-restaurant","og_site_name":"PanaJam Tours","article_publisher":"https:\/\/www.facebook.com\/PanaJamTours\/","article_modified_time":"2017-08-03T22:39:46+00:00","og_image":[{"width":1024,"height":684,"url":"https:\/\/www.panajamtours.com\/wp-content\/uploads\/2017\/05\/RESTAURANTE-TINAJAS-1024x684.jpg","type":"image\/jpeg"}],"twitter_card":"summary_large_image","twitter_site":"@panajamtours","twitter_misc":{"Tiempo de lectura":"1 minuto"},"schema":{"@context":"https:\/\/schema.org","@graph":[{"@type":"WebPage","@id":"https:\/\/www.panajamtours.com\/product\/tinajas-restaurant","url":"https:\/\/www.panajamtours.com\/product\/tinajas-restaurant","name":"CENA FOLKL\u00d3RICA LAS TINAJAS - PanaJam Tours","isPartOf":{"@id":"https:\/\/www.panajamtours.com\/es\/#website"},"primaryImageOfPage":{"@id":"https:\/\/www.panajamtours.com\/product\/tinajas-restaurant#primaryimage"},"image":{"@id":"https:\/\/www.panajamtours.com\/product\/tinajas-restaurant#primaryimage"},"thumbnailUrl":"https:\/\/www.panajamtours.com\/wp-content\/uploads\/2017\/05\/RESTAURANTE-TINAJAS.jpg","datePublished":"2017-04-11T13:00:48+00:00","dateModified":"2017-08-03T22:39:46+00:00","breadcrumb":{"@id":"https:\/\/www.panajamtours.com\/product\/tinajas-restaurant#breadcrumb"},"inLanguage":"es","potentialAction":[{"@type":"ReadAction","target":["https:\/\/www.panajamtours.com\/product\/tinajas-restaurant"]}]},{"@type":"ImageObject","inLanguage":"es","@id":"https:\/\/www.panajamtours.com\/product\/tinajas-restaurant#primaryimage","url":"https:\/\/www.panajamtours.com\/wp-content\/uploads\/2017\/05\/RESTAURANTE-TINAJAS.jpg","contentUrl":"https:\/\/www.panajamtours.com\/wp-content\/uploads\/2017\/05\/RESTAURANTE-TINAJAS.jpg","width":1800,"height":1202,"caption":"RESTAURANTE TINAJAS"},{"@type":"BreadcrumbList","@id":"https:\/\/www.panajamtours.com\/product\/tinajas-restaurant#breadcrumb","itemListElement":[{"@type":"ListItem","position":1,"name":"Home","item":"https:\/\/www.panajamtours.com\/es\/"},{"@type":"ListItem","position":2,"name":"Opciones de vacaciones","item":"https:\/\/www.panajamtours.com\/es\/shop"},{"@type":"ListItem","position":3,"name":"FOLKLORIC DINNER AT LAS TINAJAS"}]},{"@type":"WebSite","@id":"https:\/\/www.panajamtours.com\/es\/#website","url":"https:\/\/www.panajamtours.com\/es\/","name":"PanaJam Tours","description":"Agencia de Viajes","publisher":{"@id":"https:\/\/www.panajamtours.com\/es\/#organization"},"potentialAction":[{"@type":"SearchAction","target":{"@type":"EntryPoint","urlTemplate":"https:\/\/www.panajamtours.com\/es\/?s={search_term_string}"},"query-input":{"@type":"PropertyValueSpecification","valueRequired":true,"valueName":"search_term_string"}}],"inLanguage":"es"},{"@type":"Organization","@id":"https:\/\/www.panajamtours.com\/es\/#organization","name":"PanaJam Tours","url":"https:\/\/www.panajamtours.com\/es\/","logo":{"@type":"ImageObject","inLanguage":"es","@id":"https:\/\/www.panajamtours.com\/es\/#\/schema\/logo\/image\/","url":"https:\/\/www.panajamtours.com\/wp-content\/uploads\/2015\/07\/cropped-PanaJamTours-1-e1452391999906.png","contentUrl":"https:\/\/www.panajamtours.com\/wp-content\/uploads\/2015\/07\/cropped-PanaJamTours-1-e1452391999906.png","width":200,"height":166,"caption":"PanaJam Tours"},"image":{"@id":"https:\/\/www.panajamtours.com\/es\/#\/schema\/logo\/image\/"},"sameAs":["https:\/\/www.facebook.com\/PanaJamTours\/","https:\/\/x.com\/panajamtours","https:\/\/www.instagram.com\/PanaJamTours\/"]}]}},"_links":{"self":[{"href":"https:\/\/www.panajamtours.com\/es\/wp-json\/wp\/v2\/product\/1320","targetHints":{"allow":["GET"]}}],"collection":[{"href":"https:\/\/www.panajamtours.com\/es\/wp-json\/wp\/v2\/product"}],"about":[{"href":"https:\/\/www.panajamtours.com\/es\/wp-json\/wp\/v2\/types\/product"}],"wp:featuredmedia":[{"embeddable":true,"href":"https:\/\/www.panajamtours.com\/es\/wp-json\/wp\/v2\/media\/2237"}],"wp:attachment":[{"href":"https:\/\/www.panajamtours.com\/es\/wp-json\/wp\/v2\/media?parent=1320"}],"wp:term":[{"taxonomy":"product_cat","embeddable":true,"href":"https:\/\/www.panajamtours.com\/es\/wp-json\/wp\/v2\/product_cat?post=1320"},{"taxonomy":"product_tag","embeddable":true,"href":"https:\/\/www.panajamtours.com\/es\/wp-json\/wp\/v2\/product_tag?post=1320"}],"curies":[{"name":"wp","href":"https:\/\/api.w.org\/{rel}","templated":true}]}}