{"id":1318,"date":"2017-04-11T08:00:39","date_gmt":"2017-04-11T13:00:39","guid":{"rendered":"http:\/\/www.panajamtours.com\/?post_type=product&#038;p=1318"},"modified":"2017-08-03T17:40:10","modified_gmt":"2017-08-03T22:40:10","slug":"hato-viejo-agro-tourism","status":"publish","type":"product","link":"https:\/\/www.panajamtours.com\/es\/product\/hato-viejo-agro-tourism","title":{"rendered":"AGROTURISMO EN HATO VIEJO"},"content":{"rendered":"<h1 style=\"text-align: center;\"><span style=\"color: #3366ff;\"><strong>AGROTURISMO EN HATO VIEJO<\/strong><\/span><\/h1>\n<p><span style=\"color: #000000;\">Rancho Hato Viejo es una finca Agro tur\u00edstica acreditada por el MIDA, por el uso de excelentes pr\u00e1cticas para el cuidado de la tierra.\u00a0 En sus 170 hect\u00e1reas (420 acres) se encuentra una Reserva Natural Privada de bosque galer\u00eda, jardines, palmas, plantas medicinales y hortalizas org\u00e1nicas. En el \u00e1rea agropecuaria\u00a0 cuenta con ganado bovino,\u00a0\u00a0 caprino, caballos, burros y variedad de aves que visitan el lugar. Adem\u00e1s se cultivan \u00e1rboles de c\u00edtricos, caf\u00e9, pl\u00e1tanos, cacao y ca\u00f1a de az\u00facar.\u00a0 Tendr\u00e1s la oportunidad de visitar el proyecto de peque\u00f1as especies, la siembra, la molienda de ca\u00f1a\u00a0 y de orde\u00f1o.<\/span><\/p>\n<p>&nbsp;<\/p>\n<p><span style=\"color: #000000;\"><strong>Incluye: <\/strong>transporte terrestre, gu\u00eda interno, botella de agua, almuerzo \u00a0entradas.<\/span><\/p>\n<p><span style=\"color: #000000;\"><strong>Recomendaciones: <\/strong>pasaporte original, repelente de insectos, pantalones largos, gorra, calzados c\u00f3modos y c\u00e1mara fotogr\u00e1fica.<\/span><\/p>\n","protected":false},"excerpt":{"rendered":"<h1 style=\"text-align: center;\"><span style=\"color: #3366ff;\"><strong>Working Farm Tour<\/strong><\/span><\/h1>\n<p><span style=\"color: #000000;\">We also offer a variety of activities like, walking trails and our famous Working Ranch Tour were you&#8217;ll enjoy different every day activies of a real farm, like: sugar cane milling, milking the cows, bottle feeding small farm animals and much more.\u00a0<\/span><\/p>\n","protected":false},"featured_media":2267,"template":"","meta":[],"product_cat":[18],"product_tag":[128,130,127,131,129],"class_list":{"0":"post-1318","1":"product","2":"type-product","3":"status-publish","4":"has-post-thumbnail","6":"product_cat-tours","7":"product_tag-agroturismo","8":"product_tag-cocle","9":"product_tag-hato-viejo","10":"product_tag-rancho-hato-viejo","11":"product_tag-rio-hato","13":"first","14":"instock","15":"shipping-taxable","16":"product-type-simple"},"translation":{"provider":"WPGlobus","version":"3.0.0","language":"es","enabled_languages":["en","es"],"languages":{"en":{"title":true,"content":true,"excerpt":true},"es":{"title":true,"content":true,"excerpt":false}}},"yoast_head":"<!-- This site is optimized with the Yoast SEO plugin v23.9 - https:\/\/yoast.com\/wordpress\/plugins\/seo\/ -->\n<title>AGROTURISMO EN HATO VIEJO - PanaJam Tours<\/title>\n<meta name=\"robots\" content=\"index, follow, max-snippet:-1, max-image-preview:large, max-video-preview:-1\" \/>\n<link rel=\"canonical\" href=\"https:\/\/www.panajamtours.com\/product\/hato-viejo-agro-tourism\" \/>\n<meta property=\"og:locale\" content=\"es_ES\" \/>\n<meta property=\"og:type\" content=\"article\" \/>\n<meta property=\"og:title\" content=\"AGROTURISMO EN HATO VIEJO - PanaJam Tours\" \/>\n<meta property=\"og:url\" content=\"https:\/\/www.panajamtours.com\/product\/hato-viejo-agro-tourism\" \/>\n<meta property=\"og:site_name\" content=\"PanaJam Tours\" \/>\n<meta property=\"article:publisher\" content=\"https:\/\/www.facebook.com\/PanaJamTours\/\" \/>\n<meta property=\"article:modified_time\" content=\"2017-08-03T22:40:10+00:00\" \/>\n<meta property=\"og:image\" content=\"https:\/\/www.panajamtours.com\/wp-content\/uploads\/2017\/05\/Picture14.png\" \/>\n\t<meta property=\"og:image:width\" content=\"1436\" \/>\n\t<meta property=\"og:image:height\" content=\"635\" \/>\n\t<meta property=\"og:image:type\" content=\"image\/png\" \/>\n<meta name=\"twitter:card\" content=\"summary_large_image\" \/>\n<meta name=\"twitter:site\" content=\"@panajamtours\" \/>\n<meta name=\"twitter:label1\" content=\"Tiempo de lectura\" \/>\n\t<meta name=\"twitter:data1\" content=\"1 minuto\" \/>\n<script type=\"application\/ld+json\" class=\"yoast-schema-graph\">{\"@context\":\"https:\/\/schema.org\",\"@graph\":[{\"@type\":\"WebPage\",\"@id\":\"https:\/\/www.panajamtours.com\/product\/hato-viejo-agro-tourism\",\"url\":\"https:\/\/www.panajamtours.com\/product\/hato-viejo-agro-tourism\",\"name\":\"AGROTURISMO EN HATO VIEJO - PanaJam Tours\",\"isPartOf\":{\"@id\":\"https:\/\/www.panajamtours.com\/es\/#website\"},\"primaryImageOfPage\":{\"@id\":\"https:\/\/www.panajamtours.com\/product\/hato-viejo-agro-tourism#primaryimage\"},\"image\":{\"@id\":\"https:\/\/www.panajamtours.com\/product\/hato-viejo-agro-tourism#primaryimage\"},\"thumbnailUrl\":\"https:\/\/www.panajamtours.com\/wp-content\/uploads\/2017\/05\/Picture14.png\",\"datePublished\":\"2017-04-11T13:00:39+00:00\",\"dateModified\":\"2017-08-03T22:40:10+00:00\",\"breadcrumb\":{\"@id\":\"https:\/\/www.panajamtours.com\/product\/hato-viejo-agro-tourism#breadcrumb\"},\"inLanguage\":\"es\",\"potentialAction\":[{\"@type\":\"ReadAction\",\"target\":[\"https:\/\/www.panajamtours.com\/product\/hato-viejo-agro-tourism\"]}]},{\"@type\":\"ImageObject\",\"inLanguage\":\"es\",\"@id\":\"https:\/\/www.panajamtours.com\/product\/hato-viejo-agro-tourism#primaryimage\",\"url\":\"https:\/\/www.panajamtours.com\/wp-content\/uploads\/2017\/05\/Picture14.png\",\"contentUrl\":\"https:\/\/www.panajamtours.com\/wp-content\/uploads\/2017\/05\/Picture14.png\",\"width\":1436,\"height\":635,\"caption\":\"HATO VIEJO AGRO TOURISM\"},{\"@type\":\"BreadcrumbList\",\"@id\":\"https:\/\/www.panajamtours.com\/product\/hato-viejo-agro-tourism#breadcrumb\",\"itemListElement\":[{\"@type\":\"ListItem\",\"position\":1,\"name\":\"Home\",\"item\":\"https:\/\/www.panajamtours.com\/es\/\"},{\"@type\":\"ListItem\",\"position\":2,\"name\":\"Opciones de vacaciones\",\"item\":\"https:\/\/www.panajamtours.com\/es\/shop\"},{\"@type\":\"ListItem\",\"position\":3,\"name\":\"HATO VIEJO RANCH\"}]},{\"@type\":\"WebSite\",\"@id\":\"https:\/\/www.panajamtours.com\/es\/#website\",\"url\":\"https:\/\/www.panajamtours.com\/es\/\",\"name\":\"PanaJam Tours\",\"description\":\"Agencia de Viajes\",\"publisher\":{\"@id\":\"https:\/\/www.panajamtours.com\/es\/#organization\"},\"potentialAction\":[{\"@type\":\"SearchAction\",\"target\":{\"@type\":\"EntryPoint\",\"urlTemplate\":\"https:\/\/www.panajamtours.com\/es\/?s={search_term_string}\"},\"query-input\":{\"@type\":\"PropertyValueSpecification\",\"valueRequired\":true,\"valueName\":\"search_term_string\"}}],\"inLanguage\":\"es\"},{\"@type\":\"Organization\",\"@id\":\"https:\/\/www.panajamtours.com\/es\/#organization\",\"name\":\"PanaJam Tours\",\"url\":\"https:\/\/www.panajamtours.com\/es\/\",\"logo\":{\"@type\":\"ImageObject\",\"inLanguage\":\"es\",\"@id\":\"https:\/\/www.panajamtours.com\/es\/#\/schema\/logo\/image\/\",\"url\":\"https:\/\/www.panajamtours.com\/wp-content\/uploads\/2015\/07\/cropped-PanaJamTours-1-e1452391999906.png\",\"contentUrl\":\"https:\/\/www.panajamtours.com\/wp-content\/uploads\/2015\/07\/cropped-PanaJamTours-1-e1452391999906.png\",\"width\":200,\"height\":166,\"caption\":\"PanaJam Tours\"},\"image\":{\"@id\":\"https:\/\/www.panajamtours.com\/es\/#\/schema\/logo\/image\/\"},\"sameAs\":[\"https:\/\/www.facebook.com\/PanaJamTours\/\",\"https:\/\/x.com\/panajamtours\",\"https:\/\/www.instagram.com\/PanaJamTours\/\"]}]}<\/script>\n<!-- \/ Yoast SEO plugin. -->","yoast_head_json":{"title":"AGROTURISMO EN HATO VIEJO - PanaJam Tours","robots":{"index":"index","follow":"follow","max-snippet":"max-snippet:-1","max-image-preview":"max-image-preview:large","max-video-preview":"max-video-preview:-1"},"canonical":"https:\/\/www.panajamtours.com\/product\/hato-viejo-agro-tourism","og_locale":"es_ES","og_type":"article","og_title":"AGROTURISMO EN HATO VIEJO - PanaJam Tours","og_url":"https:\/\/www.panajamtours.com\/product\/hato-viejo-agro-tourism","og_site_name":"PanaJam Tours","article_publisher":"https:\/\/www.facebook.com\/PanaJamTours\/","article_modified_time":"2017-08-03T22:40:10+00:00","og_image":[{"width":1436,"height":635,"url":"https:\/\/www.panajamtours.com\/wp-content\/uploads\/2017\/05\/Picture14.png","type":"image\/png"}],"twitter_card":"summary_large_image","twitter_site":"@panajamtours","twitter_misc":{"Tiempo de lectura":"1 minuto"},"schema":{"@context":"https:\/\/schema.org","@graph":[{"@type":"WebPage","@id":"https:\/\/www.panajamtours.com\/product\/hato-viejo-agro-tourism","url":"https:\/\/www.panajamtours.com\/product\/hato-viejo-agro-tourism","name":"AGROTURISMO EN HATO VIEJO - PanaJam Tours","isPartOf":{"@id":"https:\/\/www.panajamtours.com\/es\/#website"},"primaryImageOfPage":{"@id":"https:\/\/www.panajamtours.com\/product\/hato-viejo-agro-tourism#primaryimage"},"image":{"@id":"https:\/\/www.panajamtours.com\/product\/hato-viejo-agro-tourism#primaryimage"},"thumbnailUrl":"https:\/\/www.panajamtours.com\/wp-content\/uploads\/2017\/05\/Picture14.png","datePublished":"2017-04-11T13:00:39+00:00","dateModified":"2017-08-03T22:40:10+00:00","breadcrumb":{"@id":"https:\/\/www.panajamtours.com\/product\/hato-viejo-agro-tourism#breadcrumb"},"inLanguage":"es","potentialAction":[{"@type":"ReadAction","target":["https:\/\/www.panajamtours.com\/product\/hato-viejo-agro-tourism"]}]},{"@type":"ImageObject","inLanguage":"es","@id":"https:\/\/www.panajamtours.com\/product\/hato-viejo-agro-tourism#primaryimage","url":"https:\/\/www.panajamtours.com\/wp-content\/uploads\/2017\/05\/Picture14.png","contentUrl":"https:\/\/www.panajamtours.com\/wp-content\/uploads\/2017\/05\/Picture14.png","width":1436,"height":635,"caption":"HATO VIEJO AGRO TOURISM"},{"@type":"BreadcrumbList","@id":"https:\/\/www.panajamtours.com\/product\/hato-viejo-agro-tourism#breadcrumb","itemListElement":[{"@type":"ListItem","position":1,"name":"Home","item":"https:\/\/www.panajamtours.com\/es\/"},{"@type":"ListItem","position":2,"name":"Opciones de vacaciones","item":"https:\/\/www.panajamtours.com\/es\/shop"},{"@type":"ListItem","position":3,"name":"HATO VIEJO RANCH"}]},{"@type":"WebSite","@id":"https:\/\/www.panajamtours.com\/es\/#website","url":"https:\/\/www.panajamtours.com\/es\/","name":"PanaJam Tours","description":"Agencia de Viajes","publisher":{"@id":"https:\/\/www.panajamtours.com\/es\/#organization"},"potentialAction":[{"@type":"SearchAction","target":{"@type":"EntryPoint","urlTemplate":"https:\/\/www.panajamtours.com\/es\/?s={search_term_string}"},"query-input":{"@type":"PropertyValueSpecification","valueRequired":true,"valueName":"search_term_string"}}],"inLanguage":"es"},{"@type":"Organization","@id":"https:\/\/www.panajamtours.com\/es\/#organization","name":"PanaJam Tours","url":"https:\/\/www.panajamtours.com\/es\/","logo":{"@type":"ImageObject","inLanguage":"es","@id":"https:\/\/www.panajamtours.com\/es\/#\/schema\/logo\/image\/","url":"https:\/\/www.panajamtours.com\/wp-content\/uploads\/2015\/07\/cropped-PanaJamTours-1-e1452391999906.png","contentUrl":"https:\/\/www.panajamtours.com\/wp-content\/uploads\/2015\/07\/cropped-PanaJamTours-1-e1452391999906.png","width":200,"height":166,"caption":"PanaJam Tours"},"image":{"@id":"https:\/\/www.panajamtours.com\/es\/#\/schema\/logo\/image\/"},"sameAs":["https:\/\/www.facebook.com\/PanaJamTours\/","https:\/\/x.com\/panajamtours","https:\/\/www.instagram.com\/PanaJamTours\/"]}]}},"_links":{"self":[{"href":"https:\/\/www.panajamtours.com\/es\/wp-json\/wp\/v2\/product\/1318","targetHints":{"allow":["GET"]}}],"collection":[{"href":"https:\/\/www.panajamtours.com\/es\/wp-json\/wp\/v2\/product"}],"about":[{"href":"https:\/\/www.panajamtours.com\/es\/wp-json\/wp\/v2\/types\/product"}],"wp:featuredmedia":[{"embeddable":true,"href":"https:\/\/www.panajamtours.com\/es\/wp-json\/wp\/v2\/media\/2267"}],"wp:attachment":[{"href":"https:\/\/www.panajamtours.com\/es\/wp-json\/wp\/v2\/media?parent=1318"}],"wp:term":[{"taxonomy":"product_cat","embeddable":true,"href":"https:\/\/www.panajamtours.com\/es\/wp-json\/wp\/v2\/product_cat?post=1318"},{"taxonomy":"product_tag","embeddable":true,"href":"https:\/\/www.panajamtours.com\/es\/wp-json\/wp\/v2\/product_tag?post=1318"}],"curies":[{"name":"wp","href":"https:\/\/api.w.org\/{rel}","templated":true}]}}