{"id":1307,"date":"2017-04-12T01:00:26","date_gmt":"2017-04-12T06:00:26","guid":{"rendered":"http:\/\/www.panajamtours.com\/?post_type=product&#038;p=1307"},"modified":"2017-08-03T17:18:18","modified_gmt":"2017-08-03T22:18:18","slug":"zip-line","status":"publish","type":"product","link":"https:\/\/www.panajamtours.com\/es\/product\/zip-line","title":{"rendered":"ANTON VALLEY ZIP -LINE"},"content":{"rendered":"<h1 style=\"text-align: center;\"><span style=\"color: #3366ff;\"><strong>ZIP-PLINE VALLE DE ANT\u00d3N<\/strong><\/span><\/h1>\n<p><span style=\"color: #000000;\">Ubicado alrededor\u00a0 de la impresionante ca\u00edda de agua denominada como Chorro El Macho, usted ascender\u00e1 hasta el dosel de los \u00e1rboles donde tendr\u00e1 la\u00a0 oportunidad de disfrutar de la flora y la fauna\u00a0 del bosque lluvioso tropical.\u00a0 El recorrido del canopy\u00a0 tiene diferentes distancias a recorrer, desde unos 100m hasta m\u00e1s de 300m de largo y desde unos pocos metros sobre el suelo hasta unos 50m sobre el suelo.\u00a0 Al finalizar nuestro recorrido, podremos tomar el almuerzo y realizar una visita al Mercado de Artesan\u00edas del Valle.<\/span><\/p>\n<p><span style=\"color: #000000;\"><strong>Incluye:<\/strong> Transporte terrestre,\u00a0 instructores, equipo de seguridad, almuerzo con refresco.<\/span><\/p>\n<p><span style=\"color: #000000;\"><strong>Recomendaciones:<\/strong> Pantalones cortos, zapatos deportivos o wet shoes, repelente de insectos, sombrero, lentes de sol.<\/span><\/p>\n<p><span style=\"color: #000000;\"><strong>Edad m\u00ednima:<\/strong> 12 a\u00f1os\u00a0\u00a0\u00a0\u00a0\u00a0\u00a0\u00a0\u00a0\u00a0\u00a0\u00a0\u00a0\u00a0\u00a0\u00a0\u00a0\u00a0\u00a0\u00a0\u00a0\u00a0\u00a0\u00a0\u00a0\u00a0\u00a0\u00a0\u00a0\u00a0\u00a0\u00a0\u00a0\u00a0\u00a0\u00a0\u00a0\u00a0\u00a0\u00a0\u00a0\u00a0\u00a0\u00a0\u00a0\u00a0\u00a0<\/span><\/p>\n<p><span style=\"color: #000000;\"><strong>Peso m\u00e1ximo:<\/strong> 200 libras por persona\u00a0\u00a0\u00a0<\/span><\/p>\n","protected":false},"excerpt":{"rendered":"<h2 style=\"text-align: center;\"><span style=\"color: #3366ff;\"><strong>Canopy Adventure<\/strong><\/span><\/h2>\n<p><span style=\"color: #000000;\">Canopy Adventure is located in a beautiful valley (El Valle) not far from Panama City, the capital city of Panama. This exciting new ecotourism opportunity allows visitors to enter and explore the rain forest canopy using safe modern climbing techniques.<\/span><\/p>\n<p><span style=\"color: #000000;\">After an invigorating short climb to the top of the ridge through a bird-rich forest, you strap in and soar through the treetops, where you see a wealth of unexpected natural beauty and activity. Swooping from platform to platform high among the sturdy cloud forest trees, you pass over the stream and waterfall not once, but twice.<\/span><\/p>\n","protected":false},"featured_media":2304,"template":"","meta":[],"product_cat":[18],"product_tag":[112,111,114,113,147],"class_list":{"0":"post-1307","1":"product","2":"type-product","3":"status-publish","4":"has-post-thumbnail","6":"product_cat-tours","7":"product_tag-canopy","8":"product_tag-chorro-el-macho","9":"product_tag-mercado-de-artesanias-del-valle","10":"product_tag-valle-de-anton","11":"product_tag-zip-line","13":"first","14":"instock","15":"shipping-taxable","16":"product-type-simple"},"translation":{"provider":"WPGlobus","version":"3.0.0","language":"es","enabled_languages":["en","es"],"languages":{"en":{"title":true,"content":true,"excerpt":true},"es":{"title":false,"content":true,"excerpt":false}}},"yoast_head":"<!-- This site is optimized with the Yoast SEO plugin v23.9 - https:\/\/yoast.com\/wordpress\/plugins\/seo\/ -->\n<title>ANTON VALLEY ZIP -LINE - PanaJam Tours<\/title>\n<meta name=\"robots\" content=\"index, follow, max-snippet:-1, max-image-preview:large, max-video-preview:-1\" \/>\n<link rel=\"canonical\" href=\"https:\/\/www.panajamtours.com\/product\/zip-line\" \/>\n<meta property=\"og:locale\" content=\"es_ES\" \/>\n<meta property=\"og:type\" content=\"article\" \/>\n<meta property=\"og:title\" content=\"ANTON VALLEY ZIP -LINE - PanaJam Tours\" \/>\n<meta property=\"og:url\" content=\"https:\/\/www.panajamtours.com\/product\/zip-line\" \/>\n<meta property=\"og:site_name\" content=\"PanaJam Tours\" \/>\n<meta property=\"article:publisher\" content=\"https:\/\/www.facebook.com\/PanaJamTours\/\" \/>\n<meta property=\"article:modified_time\" content=\"2017-08-03T22:18:18+00:00\" \/>\n<meta property=\"og:image\" content=\"https:\/\/www.panajamtours.com\/wp-content\/uploads\/2017\/05\/ZIP-PLINE-1.jpg\" \/>\n\t<meta property=\"og:image:width\" content=\"272\" \/>\n\t<meta property=\"og:image:height\" content=\"480\" \/>\n\t<meta property=\"og:image:type\" content=\"image\/jpeg\" \/>\n<meta name=\"twitter:card\" content=\"summary_large_image\" \/>\n<meta name=\"twitter:site\" content=\"@panajamtours\" \/>\n<meta name=\"twitter:label1\" content=\"Tiempo de lectura\" \/>\n\t<meta name=\"twitter:data1\" content=\"3 minutos\" \/>\n<script type=\"application\/ld+json\" class=\"yoast-schema-graph\">{\"@context\":\"https:\/\/schema.org\",\"@graph\":[{\"@type\":\"WebPage\",\"@id\":\"https:\/\/www.panajamtours.com\/product\/zip-line\",\"url\":\"https:\/\/www.panajamtours.com\/product\/zip-line\",\"name\":\"ANTON VALLEY ZIP -LINE - PanaJam Tours\",\"isPartOf\":{\"@id\":\"https:\/\/www.panajamtours.com\/es\/#website\"},\"primaryImageOfPage\":{\"@id\":\"https:\/\/www.panajamtours.com\/product\/zip-line#primaryimage\"},\"image\":{\"@id\":\"https:\/\/www.panajamtours.com\/product\/zip-line#primaryimage\"},\"thumbnailUrl\":\"https:\/\/www.panajamtours.com\/wp-content\/uploads\/2017\/05\/ZIP-PLINE-1.jpg\",\"datePublished\":\"2017-04-12T06:00:26+00:00\",\"dateModified\":\"2017-08-03T22:18:18+00:00\",\"breadcrumb\":{\"@id\":\"https:\/\/www.panajamtours.com\/product\/zip-line#breadcrumb\"},\"inLanguage\":\"es\",\"potentialAction\":[{\"@type\":\"ReadAction\",\"target\":[\"https:\/\/www.panajamtours.com\/product\/zip-line\"]}]},{\"@type\":\"ImageObject\",\"inLanguage\":\"es\",\"@id\":\"https:\/\/www.panajamtours.com\/product\/zip-line#primaryimage\",\"url\":\"https:\/\/www.panajamtours.com\/wp-content\/uploads\/2017\/05\/ZIP-PLINE-1.jpg\",\"contentUrl\":\"https:\/\/www.panajamtours.com\/wp-content\/uploads\/2017\/05\/ZIP-PLINE-1.jpg\",\"width\":272,\"height\":480,\"caption\":\"ZIP LINE VALLE DE ANTON\"},{\"@type\":\"BreadcrumbList\",\"@id\":\"https:\/\/www.panajamtours.com\/product\/zip-line#breadcrumb\",\"itemListElement\":[{\"@type\":\"ListItem\",\"position\":1,\"name\":\"Home\",\"item\":\"https:\/\/www.panajamtours.com\/es\/\"},{\"@type\":\"ListItem\",\"position\":2,\"name\":\"Opciones de vacaciones\",\"item\":\"https:\/\/www.panajamtours.com\/es\/shop\"},{\"@type\":\"ListItem\",\"position\":3,\"name\":\"ANTON VALLEY ZIP -LINE\"}]},{\"@type\":\"WebSite\",\"@id\":\"https:\/\/www.panajamtours.com\/es\/#website\",\"url\":\"https:\/\/www.panajamtours.com\/es\/\",\"name\":\"PanaJam Tours\",\"description\":\"Agencia de Viajes\",\"publisher\":{\"@id\":\"https:\/\/www.panajamtours.com\/es\/#organization\"},\"potentialAction\":[{\"@type\":\"SearchAction\",\"target\":{\"@type\":\"EntryPoint\",\"urlTemplate\":\"https:\/\/www.panajamtours.com\/es\/?s={search_term_string}\"},\"query-input\":{\"@type\":\"PropertyValueSpecification\",\"valueRequired\":true,\"valueName\":\"search_term_string\"}}],\"inLanguage\":\"es\"},{\"@type\":\"Organization\",\"@id\":\"https:\/\/www.panajamtours.com\/es\/#organization\",\"name\":\"PanaJam Tours\",\"url\":\"https:\/\/www.panajamtours.com\/es\/\",\"logo\":{\"@type\":\"ImageObject\",\"inLanguage\":\"es\",\"@id\":\"https:\/\/www.panajamtours.com\/es\/#\/schema\/logo\/image\/\",\"url\":\"https:\/\/www.panajamtours.com\/wp-content\/uploads\/2015\/07\/cropped-PanaJamTours-1-e1452391999906.png\",\"contentUrl\":\"https:\/\/www.panajamtours.com\/wp-content\/uploads\/2015\/07\/cropped-PanaJamTours-1-e1452391999906.png\",\"width\":200,\"height\":166,\"caption\":\"PanaJam Tours\"},\"image\":{\"@id\":\"https:\/\/www.panajamtours.com\/es\/#\/schema\/logo\/image\/\"},\"sameAs\":[\"https:\/\/www.facebook.com\/PanaJamTours\/\",\"https:\/\/x.com\/panajamtours\",\"https:\/\/www.instagram.com\/PanaJamTours\/\"]}]}<\/script>\n<!-- \/ Yoast SEO plugin. -->","yoast_head_json":{"title":"ANTON VALLEY ZIP -LINE - PanaJam Tours","robots":{"index":"index","follow":"follow","max-snippet":"max-snippet:-1","max-image-preview":"max-image-preview:large","max-video-preview":"max-video-preview:-1"},"canonical":"https:\/\/www.panajamtours.com\/product\/zip-line","og_locale":"es_ES","og_type":"article","og_title":"ANTON VALLEY ZIP -LINE - PanaJam Tours","og_url":"https:\/\/www.panajamtours.com\/product\/zip-line","og_site_name":"PanaJam Tours","article_publisher":"https:\/\/www.facebook.com\/PanaJamTours\/","article_modified_time":"2017-08-03T22:18:18+00:00","og_image":[{"width":272,"height":480,"url":"https:\/\/www.panajamtours.com\/wp-content\/uploads\/2017\/05\/ZIP-PLINE-1.jpg","type":"image\/jpeg"}],"twitter_card":"summary_large_image","twitter_site":"@panajamtours","twitter_misc":{"Tiempo de lectura":"3 minutos"},"schema":{"@context":"https:\/\/schema.org","@graph":[{"@type":"WebPage","@id":"https:\/\/www.panajamtours.com\/product\/zip-line","url":"https:\/\/www.panajamtours.com\/product\/zip-line","name":"ANTON VALLEY ZIP -LINE - PanaJam Tours","isPartOf":{"@id":"https:\/\/www.panajamtours.com\/es\/#website"},"primaryImageOfPage":{"@id":"https:\/\/www.panajamtours.com\/product\/zip-line#primaryimage"},"image":{"@id":"https:\/\/www.panajamtours.com\/product\/zip-line#primaryimage"},"thumbnailUrl":"https:\/\/www.panajamtours.com\/wp-content\/uploads\/2017\/05\/ZIP-PLINE-1.jpg","datePublished":"2017-04-12T06:00:26+00:00","dateModified":"2017-08-03T22:18:18+00:00","breadcrumb":{"@id":"https:\/\/www.panajamtours.com\/product\/zip-line#breadcrumb"},"inLanguage":"es","potentialAction":[{"@type":"ReadAction","target":["https:\/\/www.panajamtours.com\/product\/zip-line"]}]},{"@type":"ImageObject","inLanguage":"es","@id":"https:\/\/www.panajamtours.com\/product\/zip-line#primaryimage","url":"https:\/\/www.panajamtours.com\/wp-content\/uploads\/2017\/05\/ZIP-PLINE-1.jpg","contentUrl":"https:\/\/www.panajamtours.com\/wp-content\/uploads\/2017\/05\/ZIP-PLINE-1.jpg","width":272,"height":480,"caption":"ZIP LINE VALLE DE ANTON"},{"@type":"BreadcrumbList","@id":"https:\/\/www.panajamtours.com\/product\/zip-line#breadcrumb","itemListElement":[{"@type":"ListItem","position":1,"name":"Home","item":"https:\/\/www.panajamtours.com\/es\/"},{"@type":"ListItem","position":2,"name":"Opciones de vacaciones","item":"https:\/\/www.panajamtours.com\/es\/shop"},{"@type":"ListItem","position":3,"name":"ANTON VALLEY ZIP -LINE"}]},{"@type":"WebSite","@id":"https:\/\/www.panajamtours.com\/es\/#website","url":"https:\/\/www.panajamtours.com\/es\/","name":"PanaJam Tours","description":"Agencia de Viajes","publisher":{"@id":"https:\/\/www.panajamtours.com\/es\/#organization"},"potentialAction":[{"@type":"SearchAction","target":{"@type":"EntryPoint","urlTemplate":"https:\/\/www.panajamtours.com\/es\/?s={search_term_string}"},"query-input":{"@type":"PropertyValueSpecification","valueRequired":true,"valueName":"search_term_string"}}],"inLanguage":"es"},{"@type":"Organization","@id":"https:\/\/www.panajamtours.com\/es\/#organization","name":"PanaJam Tours","url":"https:\/\/www.panajamtours.com\/es\/","logo":{"@type":"ImageObject","inLanguage":"es","@id":"https:\/\/www.panajamtours.com\/es\/#\/schema\/logo\/image\/","url":"https:\/\/www.panajamtours.com\/wp-content\/uploads\/2015\/07\/cropped-PanaJamTours-1-e1452391999906.png","contentUrl":"https:\/\/www.panajamtours.com\/wp-content\/uploads\/2015\/07\/cropped-PanaJamTours-1-e1452391999906.png","width":200,"height":166,"caption":"PanaJam Tours"},"image":{"@id":"https:\/\/www.panajamtours.com\/es\/#\/schema\/logo\/image\/"},"sameAs":["https:\/\/www.facebook.com\/PanaJamTours\/","https:\/\/x.com\/panajamtours","https:\/\/www.instagram.com\/PanaJamTours\/"]}]}},"_links":{"self":[{"href":"https:\/\/www.panajamtours.com\/es\/wp-json\/wp\/v2\/product\/1307","targetHints":{"allow":["GET"]}}],"collection":[{"href":"https:\/\/www.panajamtours.com\/es\/wp-json\/wp\/v2\/product"}],"about":[{"href":"https:\/\/www.panajamtours.com\/es\/wp-json\/wp\/v2\/types\/product"}],"wp:featuredmedia":[{"embeddable":true,"href":"https:\/\/www.panajamtours.com\/es\/wp-json\/wp\/v2\/media\/2304"}],"wp:attachment":[{"href":"https:\/\/www.panajamtours.com\/es\/wp-json\/wp\/v2\/media?parent=1307"}],"wp:term":[{"taxonomy":"product_cat","embeddable":true,"href":"https:\/\/www.panajamtours.com\/es\/wp-json\/wp\/v2\/product_cat?post=1307"},{"taxonomy":"product_tag","embeddable":true,"href":"https:\/\/www.panajamtours.com\/es\/wp-json\/wp\/v2\/product_tag?post=1307"}],"curies":[{"name":"wp","href":"https:\/\/api.w.org\/{rel}","templated":true}]}}