{"id":1304,"date":"2017-04-11T09:00:32","date_gmt":"2017-04-11T14:00:32","guid":{"rendered":"http:\/\/www.panajamtours.com\/?post_type=product&#038;p=1304"},"modified":"2017-08-03T17:39:33","modified_gmt":"2017-08-03T22:39:33","slug":"panama-canal-partial-transit-2","status":"publish","type":"product","link":"https:\/\/www.panajamtours.com\/es\/product\/panama-canal-partial-transit-2","title":{"rendered":"PANAMA CANAL PARTIAL TRANSIT"},"content":{"rendered":"<h1 style=\"text-align: center;\"><span style=\"color: #3366ff;\"><strong>Transito Parcial por el Canal de Panam\u00e1<\/strong><\/span><\/h1>\n<p><span style=\"color: #000000;\">La zona de Gamboa en la Divisi\u00f3n de Dragados de la\u00a0\u00a0 Autoridad del Canal de Panam\u00e1 nos da la bienvenida para dirigirnos a la Esclusa de Pedro Miguel, a trav\u00e9s del Corte Culebra que es la divisi\u00f3n continental americana que tiene un\u00a0 gran valor geol\u00f3gico e hist\u00f3rico.<\/span><\/p>\n<p><span style=\"color: #000000;\">Adem\u00e1s, podr\u00e1 apreciar el\u00a0 nuevo Puente Centenario y observar\u00e1 c\u00f3mo funciona el mecanismo hidr\u00e1ulico de las esclusas.<\/span><\/p>\n<p><span style=\"color: #000000;\">En las Esclusas de Miraflores el barco descender\u00e1 a una profundidad de 18 metros, desde donde podr\u00e1 observar el Puente de las Am\u00e9ricas y una hermosa vista panor\u00e1mica de la ciudad de Panam\u00e1, finalizando su trayecto en la Calzada de Amador en la Marina de flamenco.<\/span><\/p>\n<p><span style=\"color: #000000;\"><strong>Incluye: <\/strong>Almuerzos (arroz, pollo, papas salteadas, ensalada verde, postre, soda y agua), servicio de gu\u00eda interno biling\u00fce, entradas, transporte terrestre y mar\u00edtimo.<\/span><\/p>\n<p><span style=\"color: #000000;\"><strong>Recomendaciones:<\/strong> pasaporte, ropa fresca, calzados c\u00f3modos, protector solar, lentes de sol, sombrero y c\u00e1mara fotogr\u00e1fica.<\/span><\/p>\n<p><span style=\"color: #000000;\"><strong>Datos Importantes: <\/strong>El tipo de embarcaci\u00f3n puede variar, el horario depende del recorrido del tr\u00e1nsito por las esclusas, difiere hasta dos horas.<\/span><\/p>\n","protected":false},"excerpt":{"rendered":"<h2 class=\"titles_home\"><span style=\"color: #3366ff;\">Panama Canal Partial Transit Tours, Live the Experience<\/span><\/h2>\n<p>Onboard the <span class=\"txtBold\">Pacific Queen<\/span>. During your tour, you will have the unique opportunity to see the Canal up close in operation<\/p>\n","protected":false},"featured_media":2224,"template":"","meta":[],"product_cat":[18],"product_tag":[109,110,108],"class_list":{"0":"post-1304","1":"product","2":"type-product","3":"status-publish","4":"has-post-thumbnail","6":"product_cat-tours","7":"product_tag-canal-de-panama","8":"product_tag-esclusas-de-miraflores","9":"product_tag-transito-parcial","11":"first","12":"instock","13":"shipping-taxable","14":"product-type-simple"},"translation":{"provider":"WPGlobus","version":"3.0.0","language":"es","enabled_languages":["en","es"],"languages":{"en":{"title":true,"content":true,"excerpt":true},"es":{"title":false,"content":true,"excerpt":false}}},"yoast_head":"<!-- This site is optimized with the Yoast SEO plugin v23.9 - https:\/\/yoast.com\/wordpress\/plugins\/seo\/ -->\n<title>PANAMA CANAL PARTIAL TRANSIT - PanaJam Tours<\/title>\n<meta name=\"robots\" content=\"index, follow, max-snippet:-1, max-image-preview:large, max-video-preview:-1\" \/>\n<link rel=\"canonical\" href=\"https:\/\/www.panajamtours.com\/product\/panama-canal-partial-transit-2\" \/>\n<meta property=\"og:locale\" content=\"es_ES\" \/>\n<meta property=\"og:type\" content=\"article\" \/>\n<meta property=\"og:title\" content=\"PANAMA CANAL PARTIAL TRANSIT - PanaJam Tours\" \/>\n<meta property=\"og:url\" content=\"https:\/\/www.panajamtours.com\/product\/panama-canal-partial-transit-2\" \/>\n<meta property=\"og:site_name\" content=\"PanaJam Tours\" \/>\n<meta property=\"article:publisher\" content=\"https:\/\/www.facebook.com\/PanaJamTours\/\" \/>\n<meta property=\"article:modified_time\" content=\"2017-08-03T22:39:33+00:00\" \/>\n<meta property=\"og:image\" content=\"https:\/\/www.panajamtours.com\/wp-content\/uploads\/2017\/05\/pma-tour-7.jpg\" \/>\n\t<meta property=\"og:image:width\" content=\"513\" \/>\n\t<meta property=\"og:image:height\" content=\"378\" \/>\n\t<meta property=\"og:image:type\" content=\"image\/jpeg\" \/>\n<meta name=\"twitter:card\" content=\"summary_large_image\" \/>\n<meta name=\"twitter:site\" content=\"@panajamtours\" \/>\n<meta name=\"twitter:label1\" content=\"Tiempo de lectura\" \/>\n\t<meta name=\"twitter:data1\" content=\"2 minutos\" \/>\n<script type=\"application\/ld+json\" class=\"yoast-schema-graph\">{\"@context\":\"https:\/\/schema.org\",\"@graph\":[{\"@type\":\"WebPage\",\"@id\":\"https:\/\/www.panajamtours.com\/product\/panama-canal-partial-transit-2\",\"url\":\"https:\/\/www.panajamtours.com\/product\/panama-canal-partial-transit-2\",\"name\":\"PANAMA CANAL PARTIAL TRANSIT - PanaJam Tours\",\"isPartOf\":{\"@id\":\"https:\/\/www.panajamtours.com\/es\/#website\"},\"primaryImageOfPage\":{\"@id\":\"https:\/\/www.panajamtours.com\/product\/panama-canal-partial-transit-2#primaryimage\"},\"image\":{\"@id\":\"https:\/\/www.panajamtours.com\/product\/panama-canal-partial-transit-2#primaryimage\"},\"thumbnailUrl\":\"https:\/\/www.panajamtours.com\/wp-content\/uploads\/2017\/05\/pma-tour-7.jpg\",\"datePublished\":\"2017-04-11T14:00:32+00:00\",\"dateModified\":\"2017-08-03T22:39:33+00:00\",\"breadcrumb\":{\"@id\":\"https:\/\/www.panajamtours.com\/product\/panama-canal-partial-transit-2#breadcrumb\"},\"inLanguage\":\"es\",\"potentialAction\":[{\"@type\":\"ReadAction\",\"target\":[\"https:\/\/www.panajamtours.com\/product\/panama-canal-partial-transit-2\"]}]},{\"@type\":\"ImageObject\",\"inLanguage\":\"es\",\"@id\":\"https:\/\/www.panajamtours.com\/product\/panama-canal-partial-transit-2#primaryimage\",\"url\":\"https:\/\/www.panajamtours.com\/wp-content\/uploads\/2017\/05\/pma-tour-7.jpg\",\"contentUrl\":\"https:\/\/www.panajamtours.com\/wp-content\/uploads\/2017\/05\/pma-tour-7.jpg\",\"width\":513,\"height\":378,\"caption\":\"NAVEGA EN EL CANA DE PANAMA\"},{\"@type\":\"BreadcrumbList\",\"@id\":\"https:\/\/www.panajamtours.com\/product\/panama-canal-partial-transit-2#breadcrumb\",\"itemListElement\":[{\"@type\":\"ListItem\",\"position\":1,\"name\":\"Home\",\"item\":\"https:\/\/www.panajamtours.com\/es\/\"},{\"@type\":\"ListItem\",\"position\":2,\"name\":\"Opciones de vacaciones\",\"item\":\"https:\/\/www.panajamtours.com\/es\/shop\"},{\"@type\":\"ListItem\",\"position\":3,\"name\":\"PANAMA CANAL PARTIAL TRANSIT\"}]},{\"@type\":\"WebSite\",\"@id\":\"https:\/\/www.panajamtours.com\/es\/#website\",\"url\":\"https:\/\/www.panajamtours.com\/es\/\",\"name\":\"PanaJam Tours\",\"description\":\"Agencia de Viajes\",\"publisher\":{\"@id\":\"https:\/\/www.panajamtours.com\/es\/#organization\"},\"potentialAction\":[{\"@type\":\"SearchAction\",\"target\":{\"@type\":\"EntryPoint\",\"urlTemplate\":\"https:\/\/www.panajamtours.com\/es\/?s={search_term_string}\"},\"query-input\":{\"@type\":\"PropertyValueSpecification\",\"valueRequired\":true,\"valueName\":\"search_term_string\"}}],\"inLanguage\":\"es\"},{\"@type\":\"Organization\",\"@id\":\"https:\/\/www.panajamtours.com\/es\/#organization\",\"name\":\"PanaJam Tours\",\"url\":\"https:\/\/www.panajamtours.com\/es\/\",\"logo\":{\"@type\":\"ImageObject\",\"inLanguage\":\"es\",\"@id\":\"https:\/\/www.panajamtours.com\/es\/#\/schema\/logo\/image\/\",\"url\":\"https:\/\/www.panajamtours.com\/wp-content\/uploads\/2015\/07\/cropped-PanaJamTours-1-e1452391999906.png\",\"contentUrl\":\"https:\/\/www.panajamtours.com\/wp-content\/uploads\/2015\/07\/cropped-PanaJamTours-1-e1452391999906.png\",\"width\":200,\"height\":166,\"caption\":\"PanaJam Tours\"},\"image\":{\"@id\":\"https:\/\/www.panajamtours.com\/es\/#\/schema\/logo\/image\/\"},\"sameAs\":[\"https:\/\/www.facebook.com\/PanaJamTours\/\",\"https:\/\/x.com\/panajamtours\",\"https:\/\/www.instagram.com\/PanaJamTours\/\"]}]}<\/script>\n<!-- \/ Yoast SEO plugin. -->","yoast_head_json":{"title":"PANAMA CANAL PARTIAL TRANSIT - PanaJam Tours","robots":{"index":"index","follow":"follow","max-snippet":"max-snippet:-1","max-image-preview":"max-image-preview:large","max-video-preview":"max-video-preview:-1"},"canonical":"https:\/\/www.panajamtours.com\/product\/panama-canal-partial-transit-2","og_locale":"es_ES","og_type":"article","og_title":"PANAMA CANAL PARTIAL TRANSIT - PanaJam Tours","og_url":"https:\/\/www.panajamtours.com\/product\/panama-canal-partial-transit-2","og_site_name":"PanaJam Tours","article_publisher":"https:\/\/www.facebook.com\/PanaJamTours\/","article_modified_time":"2017-08-03T22:39:33+00:00","og_image":[{"width":513,"height":378,"url":"https:\/\/www.panajamtours.com\/wp-content\/uploads\/2017\/05\/pma-tour-7.jpg","type":"image\/jpeg"}],"twitter_card":"summary_large_image","twitter_site":"@panajamtours","twitter_misc":{"Tiempo de lectura":"2 minutos"},"schema":{"@context":"https:\/\/schema.org","@graph":[{"@type":"WebPage","@id":"https:\/\/www.panajamtours.com\/product\/panama-canal-partial-transit-2","url":"https:\/\/www.panajamtours.com\/product\/panama-canal-partial-transit-2","name":"PANAMA CANAL PARTIAL TRANSIT - PanaJam Tours","isPartOf":{"@id":"https:\/\/www.panajamtours.com\/es\/#website"},"primaryImageOfPage":{"@id":"https:\/\/www.panajamtours.com\/product\/panama-canal-partial-transit-2#primaryimage"},"image":{"@id":"https:\/\/www.panajamtours.com\/product\/panama-canal-partial-transit-2#primaryimage"},"thumbnailUrl":"https:\/\/www.panajamtours.com\/wp-content\/uploads\/2017\/05\/pma-tour-7.jpg","datePublished":"2017-04-11T14:00:32+00:00","dateModified":"2017-08-03T22:39:33+00:00","breadcrumb":{"@id":"https:\/\/www.panajamtours.com\/product\/panama-canal-partial-transit-2#breadcrumb"},"inLanguage":"es","potentialAction":[{"@type":"ReadAction","target":["https:\/\/www.panajamtours.com\/product\/panama-canal-partial-transit-2"]}]},{"@type":"ImageObject","inLanguage":"es","@id":"https:\/\/www.panajamtours.com\/product\/panama-canal-partial-transit-2#primaryimage","url":"https:\/\/www.panajamtours.com\/wp-content\/uploads\/2017\/05\/pma-tour-7.jpg","contentUrl":"https:\/\/www.panajamtours.com\/wp-content\/uploads\/2017\/05\/pma-tour-7.jpg","width":513,"height":378,"caption":"NAVEGA EN EL CANA DE PANAMA"},{"@type":"BreadcrumbList","@id":"https:\/\/www.panajamtours.com\/product\/panama-canal-partial-transit-2#breadcrumb","itemListElement":[{"@type":"ListItem","position":1,"name":"Home","item":"https:\/\/www.panajamtours.com\/es\/"},{"@type":"ListItem","position":2,"name":"Opciones de vacaciones","item":"https:\/\/www.panajamtours.com\/es\/shop"},{"@type":"ListItem","position":3,"name":"PANAMA CANAL PARTIAL TRANSIT"}]},{"@type":"WebSite","@id":"https:\/\/www.panajamtours.com\/es\/#website","url":"https:\/\/www.panajamtours.com\/es\/","name":"PanaJam Tours","description":"Agencia de Viajes","publisher":{"@id":"https:\/\/www.panajamtours.com\/es\/#organization"},"potentialAction":[{"@type":"SearchAction","target":{"@type":"EntryPoint","urlTemplate":"https:\/\/www.panajamtours.com\/es\/?s={search_term_string}"},"query-input":{"@type":"PropertyValueSpecification","valueRequired":true,"valueName":"search_term_string"}}],"inLanguage":"es"},{"@type":"Organization","@id":"https:\/\/www.panajamtours.com\/es\/#organization","name":"PanaJam Tours","url":"https:\/\/www.panajamtours.com\/es\/","logo":{"@type":"ImageObject","inLanguage":"es","@id":"https:\/\/www.panajamtours.com\/es\/#\/schema\/logo\/image\/","url":"https:\/\/www.panajamtours.com\/wp-content\/uploads\/2015\/07\/cropped-PanaJamTours-1-e1452391999906.png","contentUrl":"https:\/\/www.panajamtours.com\/wp-content\/uploads\/2015\/07\/cropped-PanaJamTours-1-e1452391999906.png","width":200,"height":166,"caption":"PanaJam Tours"},"image":{"@id":"https:\/\/www.panajamtours.com\/es\/#\/schema\/logo\/image\/"},"sameAs":["https:\/\/www.facebook.com\/PanaJamTours\/","https:\/\/x.com\/panajamtours","https:\/\/www.instagram.com\/PanaJamTours\/"]}]}},"_links":{"self":[{"href":"https:\/\/www.panajamtours.com\/es\/wp-json\/wp\/v2\/product\/1304","targetHints":{"allow":["GET"]}}],"collection":[{"href":"https:\/\/www.panajamtours.com\/es\/wp-json\/wp\/v2\/product"}],"about":[{"href":"https:\/\/www.panajamtours.com\/es\/wp-json\/wp\/v2\/types\/product"}],"wp:featuredmedia":[{"embeddable":true,"href":"https:\/\/www.panajamtours.com\/es\/wp-json\/wp\/v2\/media\/2224"}],"wp:attachment":[{"href":"https:\/\/www.panajamtours.com\/es\/wp-json\/wp\/v2\/media?parent=1304"}],"wp:term":[{"taxonomy":"product_cat","embeddable":true,"href":"https:\/\/www.panajamtours.com\/es\/wp-json\/wp\/v2\/product_cat?post=1304"},{"taxonomy":"product_tag","embeddable":true,"href":"https:\/\/www.panajamtours.com\/es\/wp-json\/wp\/v2\/product_tag?post=1304"}],"curies":[{"name":"wp","href":"https:\/\/api.w.org\/{rel}","templated":true}]}}