{"id":1302,"date":"2017-04-11T08:00:30","date_gmt":"2017-04-11T13:00:30","guid":{"rendered":"http:\/\/www.panajamtours.com\/?post_type=product&#038;p=1302"},"modified":"2017-04-11T15:52:50","modified_gmt":"2017-04-11T20:52:50","slug":"aquabus-city-tours","status":"publish","type":"product","link":"https:\/\/www.panajamtours.com\/es\/product\/aquabus-city-tours","title":{"rendered":"AQUABUS CITY TOURS"},"content":{"rendered":"<h1 style=\"text-align: center;\"><span style=\"color: #3366ff;\"><strong>AQUABUS CITY TOURS<\/strong><\/span><\/h1>\n<p><span style=\"color: #000000;\">El Aquabus es el \u00fanico veh\u00edculo anfibio en Centroam\u00e9rica y les ofrece la oportunidad\u00a0 de ver la ciudad desde el mar y tierra.\u00a0 Abordo tendremos nuestro capit\u00e1n\/chofer, que nos llevara en nuestro recorrido por la Cinta Costera, tendremos nuestra primera zambullida en la Bah\u00eda de Panam\u00e1 para apreciar los imponentes rascacielos de la Cinta Costera y el Casco Antiguo, visitaremos v\u00eda terrestre el Casco Antiguo y el Causeway de Amador.<\/span><\/p>\n<p><span style=\"color: #000000;\">La segunda zambullida\u00a0 ser\u00e1 en La Playita de Amador\u00a0\u00a0\u00a0 para\u00a0 observar los buques que est\u00e1n a la espera de transitar el\u00a0\u00a0\u00a0 Canal de Panam\u00e1 y la \u00faltima zambullida ser\u00e1 en la Marina de Flamenco para\u00a0 una espectacular vista panor\u00e1mica de la ciudad de Panam\u00e1 y el Puente de las Am\u00e9ricas y finalmente llegaremos v\u00eda terrestre al Administration Building.<\/span><\/p>\n<p><span style=\"color: #000000;\">La nueva y emocionante forma de conocer la ciudad de Panam\u00e1.<\/span><\/p>\n<p><span style=\"color: #000000;\"><strong>Incluye: <\/strong>transporte terrestre\/acu\u00e1tico, gu\u00eda interno biling\u00fce,\u00a0 botella de agua, almuerzo o Cena y entradas.<\/span><\/p>\n<p><span style=\"color: #000000;\"><strong>Recomendaciones: <\/strong>pasaporte original, ropa fresca, calzados c\u00f3modos, c\u00e1mara fotogr\u00e1fica, bloqueador solar.<\/span><\/p>\n<p><span style=\"color: #000000;\"><strong>Datos Importantes: <\/strong>esta gira opera de martes a domingo, el horario depende de la marea.<\/span><\/p>\n","protected":false},"excerpt":{"rendered":"<h1 id=\"breadcrumbs\" style=\"text-align: center;\"><span style=\"color: #3366ff;\">The Aquabus<\/span><\/h1>\n<p><span style=\"color: #000000;\">The <strong>AQUABUS<\/strong> is a custom made Hydra Terra model amphibious vehicle designed and built by C.A.M.I LLC., in Bluffton, South Carolina, USA. Each vehicle is US Coast Guard certified and approved as a passenger vehicle for use on roadways. The AQUABUS is 39\u2019\u2019 feet long by 8\u2019\u2019 feet wide with capacity for 47 passengers and 2 crew members (the operator and the guide).<\/span><\/p>\n","protected":false},"featured_media":2286,"template":"","meta":[],"product_cat":[18],"product_tag":[105,106,107],"class_list":{"0":"post-1302","1":"product","2":"type-product","3":"status-publish","4":"has-post-thumbnail","6":"product_cat-tours","7":"product_tag-aquabus","8":"product_tag-city-tours","9":"product_tag-marina-de-flamenco","11":"first","12":"instock","13":"shipping-taxable","14":"product-type-simple"},"translation":{"provider":"WPGlobus","version":"3.0.0","language":"es","enabled_languages":["en","es"],"languages":{"en":{"title":true,"content":true,"excerpt":true},"es":{"title":true,"content":true,"excerpt":false}}},"yoast_head":"<!-- This site is optimized with the Yoast SEO plugin v23.9 - https:\/\/yoast.com\/wordpress\/plugins\/seo\/ -->\n<title>AQUABUS CITY TOURS - PanaJam Tours<\/title>\n<meta name=\"robots\" content=\"index, follow, max-snippet:-1, max-image-preview:large, max-video-preview:-1\" \/>\n<link rel=\"canonical\" href=\"https:\/\/www.panajamtours.com\/product\/aquabus-city-tours\" \/>\n<meta property=\"og:locale\" content=\"es_ES\" \/>\n<meta property=\"og:type\" content=\"article\" \/>\n<meta property=\"og:title\" content=\"AQUABUS CITY TOURS - PanaJam Tours\" \/>\n<meta property=\"og:url\" content=\"https:\/\/www.panajamtours.com\/product\/aquabus-city-tours\" \/>\n<meta property=\"og:site_name\" content=\"PanaJam Tours\" \/>\n<meta property=\"article:publisher\" content=\"https:\/\/www.facebook.com\/PanaJamTours\/\" \/>\n<meta property=\"article:modified_time\" content=\"2017-04-11T20:52:50+00:00\" \/>\n<meta property=\"og:image\" content=\"https:\/\/www.panajamtours.com\/wp-content\/uploads\/2017\/05\/AQUABUS-CITY-TOURS-2.jpg\" \/>\n\t<meta property=\"og:image:width\" content=\"721\" \/>\n\t<meta property=\"og:image:height\" content=\"260\" \/>\n\t<meta property=\"og:image:type\" content=\"image\/jpeg\" \/>\n<meta name=\"twitter:card\" content=\"summary_large_image\" \/>\n<meta name=\"twitter:site\" content=\"@panajamtours\" \/>\n<meta name=\"twitter:label1\" content=\"Tiempo de lectura\" \/>\n\t<meta name=\"twitter:data1\" content=\"2 minutos\" \/>\n<script type=\"application\/ld+json\" class=\"yoast-schema-graph\">{\"@context\":\"https:\/\/schema.org\",\"@graph\":[{\"@type\":\"WebPage\",\"@id\":\"https:\/\/www.panajamtours.com\/product\/aquabus-city-tours\",\"url\":\"https:\/\/www.panajamtours.com\/product\/aquabus-city-tours\",\"name\":\"AQUABUS CITY TOURS - PanaJam Tours\",\"isPartOf\":{\"@id\":\"https:\/\/www.panajamtours.com\/es\/#website\"},\"primaryImageOfPage\":{\"@id\":\"https:\/\/www.panajamtours.com\/product\/aquabus-city-tours#primaryimage\"},\"image\":{\"@id\":\"https:\/\/www.panajamtours.com\/product\/aquabus-city-tours#primaryimage\"},\"thumbnailUrl\":\"https:\/\/www.panajamtours.com\/wp-content\/uploads\/2017\/05\/AQUABUS-CITY-TOURS-2.jpg\",\"datePublished\":\"2017-04-11T13:00:30+00:00\",\"dateModified\":\"2017-04-11T20:52:50+00:00\",\"breadcrumb\":{\"@id\":\"https:\/\/www.panajamtours.com\/product\/aquabus-city-tours#breadcrumb\"},\"inLanguage\":\"es\",\"potentialAction\":[{\"@type\":\"ReadAction\",\"target\":[\"https:\/\/www.panajamtours.com\/product\/aquabus-city-tours\"]}]},{\"@type\":\"ImageObject\",\"inLanguage\":\"es\",\"@id\":\"https:\/\/www.panajamtours.com\/product\/aquabus-city-tours#primaryimage\",\"url\":\"https:\/\/www.panajamtours.com\/wp-content\/uploads\/2017\/05\/AQUABUS-CITY-TOURS-2.jpg\",\"contentUrl\":\"https:\/\/www.panajamtours.com\/wp-content\/uploads\/2017\/05\/AQUABUS-CITY-TOURS-2.jpg\",\"width\":721,\"height\":260,\"caption\":\"NEW STYLE FOR CITY TOURS\"},{\"@type\":\"BreadcrumbList\",\"@id\":\"https:\/\/www.panajamtours.com\/product\/aquabus-city-tours#breadcrumb\",\"itemListElement\":[{\"@type\":\"ListItem\",\"position\":1,\"name\":\"Home\",\"item\":\"https:\/\/www.panajamtours.com\/es\/\"},{\"@type\":\"ListItem\",\"position\":2,\"name\":\"Opciones de vacaciones\",\"item\":\"https:\/\/www.panajamtours.com\/es\/shop\"},{\"@type\":\"ListItem\",\"position\":3,\"name\":\"{:en}AQUABUS CITY TOURS\"}]},{\"@type\":\"WebSite\",\"@id\":\"https:\/\/www.panajamtours.com\/es\/#website\",\"url\":\"https:\/\/www.panajamtours.com\/es\/\",\"name\":\"PanaJam Tours\",\"description\":\"Agencia de Viajes\",\"publisher\":{\"@id\":\"https:\/\/www.panajamtours.com\/es\/#organization\"},\"potentialAction\":[{\"@type\":\"SearchAction\",\"target\":{\"@type\":\"EntryPoint\",\"urlTemplate\":\"https:\/\/www.panajamtours.com\/es\/?s={search_term_string}\"},\"query-input\":{\"@type\":\"PropertyValueSpecification\",\"valueRequired\":true,\"valueName\":\"search_term_string\"}}],\"inLanguage\":\"es\"},{\"@type\":\"Organization\",\"@id\":\"https:\/\/www.panajamtours.com\/es\/#organization\",\"name\":\"PanaJam Tours\",\"url\":\"https:\/\/www.panajamtours.com\/es\/\",\"logo\":{\"@type\":\"ImageObject\",\"inLanguage\":\"es\",\"@id\":\"https:\/\/www.panajamtours.com\/es\/#\/schema\/logo\/image\/\",\"url\":\"https:\/\/www.panajamtours.com\/wp-content\/uploads\/2015\/07\/cropped-PanaJamTours-1-e1452391999906.png\",\"contentUrl\":\"https:\/\/www.panajamtours.com\/wp-content\/uploads\/2015\/07\/cropped-PanaJamTours-1-e1452391999906.png\",\"width\":200,\"height\":166,\"caption\":\"PanaJam Tours\"},\"image\":{\"@id\":\"https:\/\/www.panajamtours.com\/es\/#\/schema\/logo\/image\/\"},\"sameAs\":[\"https:\/\/www.facebook.com\/PanaJamTours\/\",\"https:\/\/x.com\/panajamtours\",\"https:\/\/www.instagram.com\/PanaJamTours\/\"]}]}<\/script>\n<!-- \/ Yoast SEO plugin. -->","yoast_head_json":{"title":"AQUABUS CITY TOURS - PanaJam Tours","robots":{"index":"index","follow":"follow","max-snippet":"max-snippet:-1","max-image-preview":"max-image-preview:large","max-video-preview":"max-video-preview:-1"},"canonical":"https:\/\/www.panajamtours.com\/product\/aquabus-city-tours","og_locale":"es_ES","og_type":"article","og_title":"AQUABUS CITY TOURS - PanaJam Tours","og_url":"https:\/\/www.panajamtours.com\/product\/aquabus-city-tours","og_site_name":"PanaJam Tours","article_publisher":"https:\/\/www.facebook.com\/PanaJamTours\/","article_modified_time":"2017-04-11T20:52:50+00:00","og_image":[{"width":721,"height":260,"url":"https:\/\/www.panajamtours.com\/wp-content\/uploads\/2017\/05\/AQUABUS-CITY-TOURS-2.jpg","type":"image\/jpeg"}],"twitter_card":"summary_large_image","twitter_site":"@panajamtours","twitter_misc":{"Tiempo de lectura":"2 minutos"},"schema":{"@context":"https:\/\/schema.org","@graph":[{"@type":"WebPage","@id":"https:\/\/www.panajamtours.com\/product\/aquabus-city-tours","url":"https:\/\/www.panajamtours.com\/product\/aquabus-city-tours","name":"AQUABUS CITY TOURS - PanaJam Tours","isPartOf":{"@id":"https:\/\/www.panajamtours.com\/es\/#website"},"primaryImageOfPage":{"@id":"https:\/\/www.panajamtours.com\/product\/aquabus-city-tours#primaryimage"},"image":{"@id":"https:\/\/www.panajamtours.com\/product\/aquabus-city-tours#primaryimage"},"thumbnailUrl":"https:\/\/www.panajamtours.com\/wp-content\/uploads\/2017\/05\/AQUABUS-CITY-TOURS-2.jpg","datePublished":"2017-04-11T13:00:30+00:00","dateModified":"2017-04-11T20:52:50+00:00","breadcrumb":{"@id":"https:\/\/www.panajamtours.com\/product\/aquabus-city-tours#breadcrumb"},"inLanguage":"es","potentialAction":[{"@type":"ReadAction","target":["https:\/\/www.panajamtours.com\/product\/aquabus-city-tours"]}]},{"@type":"ImageObject","inLanguage":"es","@id":"https:\/\/www.panajamtours.com\/product\/aquabus-city-tours#primaryimage","url":"https:\/\/www.panajamtours.com\/wp-content\/uploads\/2017\/05\/AQUABUS-CITY-TOURS-2.jpg","contentUrl":"https:\/\/www.panajamtours.com\/wp-content\/uploads\/2017\/05\/AQUABUS-CITY-TOURS-2.jpg","width":721,"height":260,"caption":"NEW STYLE FOR CITY TOURS"},{"@type":"BreadcrumbList","@id":"https:\/\/www.panajamtours.com\/product\/aquabus-city-tours#breadcrumb","itemListElement":[{"@type":"ListItem","position":1,"name":"Home","item":"https:\/\/www.panajamtours.com\/es\/"},{"@type":"ListItem","position":2,"name":"Opciones de vacaciones","item":"https:\/\/www.panajamtours.com\/es\/shop"},{"@type":"ListItem","position":3,"name":"{:en}AQUABUS CITY TOURS"}]},{"@type":"WebSite","@id":"https:\/\/www.panajamtours.com\/es\/#website","url":"https:\/\/www.panajamtours.com\/es\/","name":"PanaJam Tours","description":"Agencia de Viajes","publisher":{"@id":"https:\/\/www.panajamtours.com\/es\/#organization"},"potentialAction":[{"@type":"SearchAction","target":{"@type":"EntryPoint","urlTemplate":"https:\/\/www.panajamtours.com\/es\/?s={search_term_string}"},"query-input":{"@type":"PropertyValueSpecification","valueRequired":true,"valueName":"search_term_string"}}],"inLanguage":"es"},{"@type":"Organization","@id":"https:\/\/www.panajamtours.com\/es\/#organization","name":"PanaJam Tours","url":"https:\/\/www.panajamtours.com\/es\/","logo":{"@type":"ImageObject","inLanguage":"es","@id":"https:\/\/www.panajamtours.com\/es\/#\/schema\/logo\/image\/","url":"https:\/\/www.panajamtours.com\/wp-content\/uploads\/2015\/07\/cropped-PanaJamTours-1-e1452391999906.png","contentUrl":"https:\/\/www.panajamtours.com\/wp-content\/uploads\/2015\/07\/cropped-PanaJamTours-1-e1452391999906.png","width":200,"height":166,"caption":"PanaJam Tours"},"image":{"@id":"https:\/\/www.panajamtours.com\/es\/#\/schema\/logo\/image\/"},"sameAs":["https:\/\/www.facebook.com\/PanaJamTours\/","https:\/\/x.com\/panajamtours","https:\/\/www.instagram.com\/PanaJamTours\/"]}]}},"_links":{"self":[{"href":"https:\/\/www.panajamtours.com\/es\/wp-json\/wp\/v2\/product\/1302","targetHints":{"allow":["GET"]}}],"collection":[{"href":"https:\/\/www.panajamtours.com\/es\/wp-json\/wp\/v2\/product"}],"about":[{"href":"https:\/\/www.panajamtours.com\/es\/wp-json\/wp\/v2\/types\/product"}],"wp:featuredmedia":[{"embeddable":true,"href":"https:\/\/www.panajamtours.com\/es\/wp-json\/wp\/v2\/media\/2286"}],"wp:attachment":[{"href":"https:\/\/www.panajamtours.com\/es\/wp-json\/wp\/v2\/media?parent=1302"}],"wp:term":[{"taxonomy":"product_cat","embeddable":true,"href":"https:\/\/www.panajamtours.com\/es\/wp-json\/wp\/v2\/product_cat?post=1302"},{"taxonomy":"product_tag","embeddable":true,"href":"https:\/\/www.panajamtours.com\/es\/wp-json\/wp\/v2\/product_tag?post=1302"}],"curies":[{"name":"wp","href":"https:\/\/api.w.org\/{rel}","templated":true}]}}