{"id":1300,"date":"2017-04-11T09:00:40","date_gmt":"2017-04-11T14:00:40","guid":{"rendered":"http:\/\/www.panajamtours.com\/?post_type=product&#038;p=1300"},"modified":"2017-08-03T17:39:18","modified_gmt":"2017-08-03T22:39:18","slug":"marine-exhibitions-mi-pueblito","status":"publish","type":"product","link":"https:\/\/www.panajamtours.com\/es\/product\/marine-exhibitions-mi-pueblito","title":{"rendered":"CENTRO DE EXHIBICIONES MARINAS &#038; MI PUEBLITO"},"content":{"rendered":"<h1 style=\"text-align: center;\"><strong><span style=\"color: #3366ff;\">CENTRO DE EXHIBICIONES MARINAS <\/span><\/strong><\/h1>\n<h1 style=\"text-align: center;\"><strong><span style=\"color: #3366ff;\">&amp; MI PUEBLITO<\/span><\/strong><\/h1>\n<p><span style=\"color: #000000;\">El Centro de Exhibiciones Marinas Punta culebra les ofrecer\u00e1\u00a0 una interpretaci\u00f3n de los ambientes costeros marinos, enfocado\u00a0 principalmente en la ciencia marina, en la educaci\u00f3n y conservaci\u00f3n de los mismos.\u00a0 La Relaci\u00f3n del Hombre con el Mar y los Arrecifes de\u00a0 Coral;\u00a0\u00a0 acuarios donde es posible tocar las especies marinas\u00a0\u00a0\u00a0 tanto del Pac\u00edfico como del Caribe.\u00a0 Mi Pueblito es una fusi\u00f3n de la ecolog\u00eda y la historia. La parte hist\u00f3rica de este sitio se divide en 3 secciones: La Colonial, La Afro\u2013Antillana y La Ind\u00edgena. La secci\u00f3n Colonial refleja la arquitectura espa\u00f1ola que visti\u00f3 por muchos siglos nuestras ciudades. La secci\u00f3n Afro\u2013Antillana concentra toda la\u00a0 cultura de la etnia negra paname\u00f1a. La secci\u00f3n Ind\u00edgena muestra el modo de vida de nuestros pueblos aut\u00f3ctonos que datan de muchos siglos antes que la conquista espa\u00f1ola. \u00a0<\/span><\/p>\n<p><span style=\"color: #000000;\"><strong>Incluye:<\/strong> transporte, servicio de gu\u00eda interno, almuerzo, entradas a los\u00a0 sitios y botella\u00a0 de agua.<\/span><\/p>\n<p><span style=\"color: #000000;\"><strong>Recomendaciones:<\/strong> copia del pasaporte, repelente de insectos, ropa\u00a0\u00a0\u00a0 fresca, calzados c\u00f3modos, protector solar, sombrero y c\u00e1mara\u00a0\u00a0\u00a0\u00a0\u00a0\u00a0\u00a0\u00a0\u00a0 fotogr\u00e1fica.<\/span><\/p>\n","protected":false},"excerpt":{"rendered":"<h1 style=\"text-align: center;\"><span style=\"color: #3366ff;\"><strong>MARINE EXHIBITIONS &amp; MI PUEBLITO<\/strong><\/span><\/h1>\n<p>THE PERFECT PLACE FOR KNOW CULTURAL AND MARINE BIODIVERSITY IN PANAMA.<\/p>\n","protected":false},"featured_media":1670,"template":"","meta":[],"product_cat":[18],"product_tag":[102,104,103,101,100],"class_list":{"0":"post-1300","1":"product","2":"type-product","3":"status-publish","4":"has-post-thumbnail","6":"product_cat-tours","7":"product_tag-afroantillano","8":"product_tag-exhibiciones-marinas","9":"product_tag-interiorano","10":"product_tag-mi-pueblito","11":"product_tag-panama-marine","13":"first","14":"instock","15":"shipping-taxable","16":"product-type-simple"},"translation":{"provider":"WPGlobus","version":"3.0.0","language":"es","enabled_languages":["en","es"],"languages":{"en":{"title":true,"content":true,"excerpt":true},"es":{"title":true,"content":true,"excerpt":false}}},"yoast_head":"<!-- This site is optimized with the Yoast SEO plugin v23.9 - https:\/\/yoast.com\/wordpress\/plugins\/seo\/ -->\n<title>CENTRO DE EXHIBICIONES MARINAS &amp; MI PUEBLITO - PanaJam Tours<\/title>\n<meta name=\"robots\" content=\"index, follow, max-snippet:-1, max-image-preview:large, max-video-preview:-1\" \/>\n<link rel=\"canonical\" href=\"https:\/\/www.panajamtours.com\/product\/marine-exhibitions-mi-pueblito\" \/>\n<meta property=\"og:locale\" content=\"es_ES\" \/>\n<meta property=\"og:type\" content=\"article\" \/>\n<meta property=\"og:title\" content=\"CENTRO DE EXHIBICIONES MARINAS &amp; MI PUEBLITO - PanaJam Tours\" \/>\n<meta property=\"og:url\" content=\"https:\/\/www.panajamtours.com\/product\/marine-exhibitions-mi-pueblito\" \/>\n<meta property=\"og:site_name\" content=\"PanaJam Tours\" \/>\n<meta property=\"article:publisher\" content=\"https:\/\/www.facebook.com\/PanaJamTours\/\" \/>\n<meta property=\"article:modified_time\" content=\"2017-08-03T22:39:18+00:00\" \/>\n<meta property=\"og:image\" content=\"https:\/\/www.panajamtours.com\/wp-content\/uploads\/2017\/04\/9cb3850c-840f-45b3-9e7a-cc6f58a16594.jpg\" \/>\n\t<meta property=\"og:image:width\" content=\"750\" \/>\n\t<meta property=\"og:image:height\" content=\"600\" \/>\n\t<meta property=\"og:image:type\" content=\"image\/jpeg\" \/>\n<meta name=\"twitter:card\" content=\"summary_large_image\" \/>\n<meta name=\"twitter:site\" content=\"@panajamtours\" \/>\n<meta name=\"twitter:label1\" content=\"Tiempo de lectura\" \/>\n\t<meta name=\"twitter:data1\" content=\"2 minutos\" \/>\n<script type=\"application\/ld+json\" class=\"yoast-schema-graph\">{\"@context\":\"https:\/\/schema.org\",\"@graph\":[{\"@type\":\"WebPage\",\"@id\":\"https:\/\/www.panajamtours.com\/product\/marine-exhibitions-mi-pueblito\",\"url\":\"https:\/\/www.panajamtours.com\/product\/marine-exhibitions-mi-pueblito\",\"name\":\"CENTRO DE EXHIBICIONES MARINAS & MI PUEBLITO - PanaJam Tours\",\"isPartOf\":{\"@id\":\"https:\/\/www.panajamtours.com\/es\/#website\"},\"primaryImageOfPage\":{\"@id\":\"https:\/\/www.panajamtours.com\/product\/marine-exhibitions-mi-pueblito#primaryimage\"},\"image\":{\"@id\":\"https:\/\/www.panajamtours.com\/product\/marine-exhibitions-mi-pueblito#primaryimage\"},\"thumbnailUrl\":\"https:\/\/www.panajamtours.com\/wp-content\/uploads\/2017\/04\/9cb3850c-840f-45b3-9e7a-cc6f58a16594.jpg\",\"datePublished\":\"2017-04-11T14:00:40+00:00\",\"dateModified\":\"2017-08-03T22:39:18+00:00\",\"breadcrumb\":{\"@id\":\"https:\/\/www.panajamtours.com\/product\/marine-exhibitions-mi-pueblito#breadcrumb\"},\"inLanguage\":\"es\",\"potentialAction\":[{\"@type\":\"ReadAction\",\"target\":[\"https:\/\/www.panajamtours.com\/product\/marine-exhibitions-mi-pueblito\"]}]},{\"@type\":\"ImageObject\",\"inLanguage\":\"es\",\"@id\":\"https:\/\/www.panajamtours.com\/product\/marine-exhibitions-mi-pueblito#primaryimage\",\"url\":\"https:\/\/www.panajamtours.com\/wp-content\/uploads\/2017\/04\/9cb3850c-840f-45b3-9e7a-cc6f58a16594.jpg\",\"contentUrl\":\"https:\/\/www.panajamtours.com\/wp-content\/uploads\/2017\/04\/9cb3850c-840f-45b3-9e7a-cc6f58a16594.jpg\",\"width\":750,\"height\":600,\"caption\":\"ESTRELLAS DE MAR\"},{\"@type\":\"BreadcrumbList\",\"@id\":\"https:\/\/www.panajamtours.com\/product\/marine-exhibitions-mi-pueblito#breadcrumb\",\"itemListElement\":[{\"@type\":\"ListItem\",\"position\":1,\"name\":\"Home\",\"item\":\"https:\/\/www.panajamtours.com\/es\/\"},{\"@type\":\"ListItem\",\"position\":2,\"name\":\"Opciones de vacaciones\",\"item\":\"https:\/\/www.panajamtours.com\/es\/shop\"},{\"@type\":\"ListItem\",\"position\":3,\"name\":\"{:en}MARINE EXHIBITIONS &#038; MI PUEBLITO\"}]},{\"@type\":\"WebSite\",\"@id\":\"https:\/\/www.panajamtours.com\/es\/#website\",\"url\":\"https:\/\/www.panajamtours.com\/es\/\",\"name\":\"PanaJam Tours\",\"description\":\"Agencia de Viajes\",\"publisher\":{\"@id\":\"https:\/\/www.panajamtours.com\/es\/#organization\"},\"potentialAction\":[{\"@type\":\"SearchAction\",\"target\":{\"@type\":\"EntryPoint\",\"urlTemplate\":\"https:\/\/www.panajamtours.com\/es\/?s={search_term_string}\"},\"query-input\":{\"@type\":\"PropertyValueSpecification\",\"valueRequired\":true,\"valueName\":\"search_term_string\"}}],\"inLanguage\":\"es\"},{\"@type\":\"Organization\",\"@id\":\"https:\/\/www.panajamtours.com\/es\/#organization\",\"name\":\"PanaJam Tours\",\"url\":\"https:\/\/www.panajamtours.com\/es\/\",\"logo\":{\"@type\":\"ImageObject\",\"inLanguage\":\"es\",\"@id\":\"https:\/\/www.panajamtours.com\/es\/#\/schema\/logo\/image\/\",\"url\":\"https:\/\/www.panajamtours.com\/wp-content\/uploads\/2015\/07\/cropped-PanaJamTours-1-e1452391999906.png\",\"contentUrl\":\"https:\/\/www.panajamtours.com\/wp-content\/uploads\/2015\/07\/cropped-PanaJamTours-1-e1452391999906.png\",\"width\":200,\"height\":166,\"caption\":\"PanaJam Tours\"},\"image\":{\"@id\":\"https:\/\/www.panajamtours.com\/es\/#\/schema\/logo\/image\/\"},\"sameAs\":[\"https:\/\/www.facebook.com\/PanaJamTours\/\",\"https:\/\/x.com\/panajamtours\",\"https:\/\/www.instagram.com\/PanaJamTours\/\"]}]}<\/script>\n<!-- \/ Yoast SEO plugin. -->","yoast_head_json":{"title":"CENTRO DE EXHIBICIONES MARINAS & MI PUEBLITO - PanaJam Tours","robots":{"index":"index","follow":"follow","max-snippet":"max-snippet:-1","max-image-preview":"max-image-preview:large","max-video-preview":"max-video-preview:-1"},"canonical":"https:\/\/www.panajamtours.com\/product\/marine-exhibitions-mi-pueblito","og_locale":"es_ES","og_type":"article","og_title":"CENTRO DE EXHIBICIONES MARINAS & MI PUEBLITO - PanaJam Tours","og_url":"https:\/\/www.panajamtours.com\/product\/marine-exhibitions-mi-pueblito","og_site_name":"PanaJam Tours","article_publisher":"https:\/\/www.facebook.com\/PanaJamTours\/","article_modified_time":"2017-08-03T22:39:18+00:00","og_image":[{"width":750,"height":600,"url":"https:\/\/www.panajamtours.com\/wp-content\/uploads\/2017\/04\/9cb3850c-840f-45b3-9e7a-cc6f58a16594.jpg","type":"image\/jpeg"}],"twitter_card":"summary_large_image","twitter_site":"@panajamtours","twitter_misc":{"Tiempo de lectura":"2 minutos"},"schema":{"@context":"https:\/\/schema.org","@graph":[{"@type":"WebPage","@id":"https:\/\/www.panajamtours.com\/product\/marine-exhibitions-mi-pueblito","url":"https:\/\/www.panajamtours.com\/product\/marine-exhibitions-mi-pueblito","name":"CENTRO DE EXHIBICIONES MARINAS & MI PUEBLITO - PanaJam Tours","isPartOf":{"@id":"https:\/\/www.panajamtours.com\/es\/#website"},"primaryImageOfPage":{"@id":"https:\/\/www.panajamtours.com\/product\/marine-exhibitions-mi-pueblito#primaryimage"},"image":{"@id":"https:\/\/www.panajamtours.com\/product\/marine-exhibitions-mi-pueblito#primaryimage"},"thumbnailUrl":"https:\/\/www.panajamtours.com\/wp-content\/uploads\/2017\/04\/9cb3850c-840f-45b3-9e7a-cc6f58a16594.jpg","datePublished":"2017-04-11T14:00:40+00:00","dateModified":"2017-08-03T22:39:18+00:00","breadcrumb":{"@id":"https:\/\/www.panajamtours.com\/product\/marine-exhibitions-mi-pueblito#breadcrumb"},"inLanguage":"es","potentialAction":[{"@type":"ReadAction","target":["https:\/\/www.panajamtours.com\/product\/marine-exhibitions-mi-pueblito"]}]},{"@type":"ImageObject","inLanguage":"es","@id":"https:\/\/www.panajamtours.com\/product\/marine-exhibitions-mi-pueblito#primaryimage","url":"https:\/\/www.panajamtours.com\/wp-content\/uploads\/2017\/04\/9cb3850c-840f-45b3-9e7a-cc6f58a16594.jpg","contentUrl":"https:\/\/www.panajamtours.com\/wp-content\/uploads\/2017\/04\/9cb3850c-840f-45b3-9e7a-cc6f58a16594.jpg","width":750,"height":600,"caption":"ESTRELLAS DE MAR"},{"@type":"BreadcrumbList","@id":"https:\/\/www.panajamtours.com\/product\/marine-exhibitions-mi-pueblito#breadcrumb","itemListElement":[{"@type":"ListItem","position":1,"name":"Home","item":"https:\/\/www.panajamtours.com\/es\/"},{"@type":"ListItem","position":2,"name":"Opciones de vacaciones","item":"https:\/\/www.panajamtours.com\/es\/shop"},{"@type":"ListItem","position":3,"name":"{:en}MARINE EXHIBITIONS &#038; MI PUEBLITO"}]},{"@type":"WebSite","@id":"https:\/\/www.panajamtours.com\/es\/#website","url":"https:\/\/www.panajamtours.com\/es\/","name":"PanaJam Tours","description":"Agencia de Viajes","publisher":{"@id":"https:\/\/www.panajamtours.com\/es\/#organization"},"potentialAction":[{"@type":"SearchAction","target":{"@type":"EntryPoint","urlTemplate":"https:\/\/www.panajamtours.com\/es\/?s={search_term_string}"},"query-input":{"@type":"PropertyValueSpecification","valueRequired":true,"valueName":"search_term_string"}}],"inLanguage":"es"},{"@type":"Organization","@id":"https:\/\/www.panajamtours.com\/es\/#organization","name":"PanaJam Tours","url":"https:\/\/www.panajamtours.com\/es\/","logo":{"@type":"ImageObject","inLanguage":"es","@id":"https:\/\/www.panajamtours.com\/es\/#\/schema\/logo\/image\/","url":"https:\/\/www.panajamtours.com\/wp-content\/uploads\/2015\/07\/cropped-PanaJamTours-1-e1452391999906.png","contentUrl":"https:\/\/www.panajamtours.com\/wp-content\/uploads\/2015\/07\/cropped-PanaJamTours-1-e1452391999906.png","width":200,"height":166,"caption":"PanaJam Tours"},"image":{"@id":"https:\/\/www.panajamtours.com\/es\/#\/schema\/logo\/image\/"},"sameAs":["https:\/\/www.facebook.com\/PanaJamTours\/","https:\/\/x.com\/panajamtours","https:\/\/www.instagram.com\/PanaJamTours\/"]}]}},"_links":{"self":[{"href":"https:\/\/www.panajamtours.com\/es\/wp-json\/wp\/v2\/product\/1300","targetHints":{"allow":["GET"]}}],"collection":[{"href":"https:\/\/www.panajamtours.com\/es\/wp-json\/wp\/v2\/product"}],"about":[{"href":"https:\/\/www.panajamtours.com\/es\/wp-json\/wp\/v2\/types\/product"}],"wp:featuredmedia":[{"embeddable":true,"href":"https:\/\/www.panajamtours.com\/es\/wp-json\/wp\/v2\/media\/1670"}],"wp:attachment":[{"href":"https:\/\/www.panajamtours.com\/es\/wp-json\/wp\/v2\/media?parent=1300"}],"wp:term":[{"taxonomy":"product_cat","embeddable":true,"href":"https:\/\/www.panajamtours.com\/es\/wp-json\/wp\/v2\/product_cat?post=1300"},{"taxonomy":"product_tag","embeddable":true,"href":"https:\/\/www.panajamtours.com\/es\/wp-json\/wp\/v2\/product_tag?post=1300"}],"curies":[{"name":"wp","href":"https:\/\/api.w.org\/{rel}","templated":true}]}}