{"id":127,"date":"2016-01-23T22:12:22","date_gmt":"2016-01-24T03:12:22","guid":{"rendered":"http:\/\/panajamtours.apps-1and1.com\/\/?post_type=product&#038;p=127"},"modified":"2018-01-30T14:30:46","modified_gmt":"2018-01-30T19:30:46","slug":"transfer","status":"publish","type":"product","link":"https:\/\/www.panajamtours.com\/es\/product\/transfer","title":{"rendered":"TRASLADOS"},"content":{"rendered":"<h3 style=\"text-align: center;\"><span style=\"color: #000080;\"><strong>SERVICIOS DE TRASLADOS\u00a0<\/strong><\/span><\/h3>\n<p style=\"text-align: left;\"><span style=\"color: #000000;\">Estamos comprometidos a proporcionar traslados seguros y confiables en todas las \u00e1reas,\u00a0 hacia y desde todos los aeropuertos y puertos de cruceros.\u00a0\u00a0<\/span><\/p>\n<p style=\"text-align: left;\"><span style=\"color: #000000;\">Disponemos de una flota de veh\u00edculos adaptada a sus necesidades, minivans de 4 plazas,\u00a0 minibuses de 10 plazas, buses de 25 plazas y autobuses de 45 plazas.<\/span><\/p>\n<p style=\"text-align: left;\"><span style=\"color: #000000;\">Soluciones para todas sus necesidades de transporte de pasajeros en el \u00e1rea de Panam\u00e1 y provincias centrales.\u00a0<\/span><\/p>\n<p style=\"text-align: left;\"><span style=\"color: #000000;\">Pida su presupuesto \u00a0por tel\u00e9fono o contactando directamente con nosotros mediante e-mail.<\/span><\/p>\n<h2><span style=\"color: #000080;\"><strong><img loading=\"lazy\" decoding=\"async\" class=\"wp-image-2698 aligncenter lazyload\" data-src=\"http:\/\/www.panajamtours.com\/wp-content\/uploads\/2016\/01\/CENAS-1-1024x585.jpg\" alt=\"TRANSPORTE PANAJAM TOURS\" width=\"159\" height=\"91\" data-srcset=\"https:\/\/www.panajamtours.com\/wp-content\/uploads\/2016\/01\/CENAS-1-1024x585.jpg 1024w, https:\/\/www.panajamtours.com\/wp-content\/uploads\/2016\/01\/CENAS-1-300x171.jpg 300w, https:\/\/www.panajamtours.com\/wp-content\/uploads\/2016\/01\/CENAS-1.jpg 1050w\" data-sizes=\"auto, (max-width: 159px) 100vw, 159px\" src=\"data:image\/gif;base64,R0lGODlhAQABAAAAACH5BAEKAAEALAAAAAABAAEAAAICTAEAOw==\" style=\"--smush-placeholder-width: 159px; --smush-placeholder-aspect-ratio: 159\/91;\" \/><noscript><img loading=\"lazy\" decoding=\"async\" class=\"wp-image-2698 aligncenter\" src=\"http:\/\/www.panajamtours.com\/wp-content\/uploads\/2016\/01\/CENAS-1-1024x585.jpg\" alt=\"TRANSPORTE PANAJAM TOURS\" width=\"159\" height=\"91\" srcset=\"https:\/\/www.panajamtours.com\/wp-content\/uploads\/2016\/01\/CENAS-1-1024x585.jpg 1024w, https:\/\/www.panajamtours.com\/wp-content\/uploads\/2016\/01\/CENAS-1-300x171.jpg 300w, https:\/\/www.panajamtours.com\/wp-content\/uploads\/2016\/01\/CENAS-1.jpg 1050w\" sizes=\"auto, (max-width: 159px) 100vw, 159px\" \/><\/noscript><\/strong><\/span><\/h2>\n<h5 style=\"text-align: center;\"><span style=\"color: #000080;\"><strong>EMPRESAS<\/strong><\/span><\/h5>\n<p><span style=\"color: #000000;\">\u00a0Efectuamos traslados garantizando la seguridad, puntualidad y comodidad las 24 horas. A colaboradores desde y hacia sus empresas. Transporte para cenas, congresos, fiestas o eventos de empresariales.<\/span><\/p>\n<h2><span style=\"color: #000080;\"><strong><img loading=\"lazy\" decoding=\"async\" class=\"wp-image-2701 aligncenter lazyload\" data-src=\"http:\/\/www.panajamtours.com\/wp-content\/uploads\/2016\/01\/TRASLADO-1-1024x585.jpg\" alt=\"TRANSPORTE TURISTICO\" width=\"162\" height=\"93\" data-srcset=\"https:\/\/www.panajamtours.com\/wp-content\/uploads\/2016\/01\/TRASLADO-1-1024x585.jpg 1024w, https:\/\/www.panajamtours.com\/wp-content\/uploads\/2016\/01\/TRASLADO-1-300x171.jpg 300w, https:\/\/www.panajamtours.com\/wp-content\/uploads\/2016\/01\/TRASLADO-1.jpg 1050w\" data-sizes=\"auto, (max-width: 162px) 100vw, 162px\" src=\"data:image\/gif;base64,R0lGODlhAQABAAAAACH5BAEKAAEALAAAAAABAAEAAAICTAEAOw==\" style=\"--smush-placeholder-width: 162px; --smush-placeholder-aspect-ratio: 162\/93;\" \/><noscript><img loading=\"lazy\" decoding=\"async\" class=\"wp-image-2701 aligncenter\" src=\"http:\/\/www.panajamtours.com\/wp-content\/uploads\/2016\/01\/TRASLADO-1-1024x585.jpg\" alt=\"TRANSPORTE TURISTICO\" width=\"162\" height=\"93\" srcset=\"https:\/\/www.panajamtours.com\/wp-content\/uploads\/2016\/01\/TRASLADO-1-1024x585.jpg 1024w, https:\/\/www.panajamtours.com\/wp-content\/uploads\/2016\/01\/TRASLADO-1-300x171.jpg 300w, https:\/\/www.panajamtours.com\/wp-content\/uploads\/2016\/01\/TRASLADO-1.jpg 1050w\" sizes=\"auto, (max-width: 162px) 100vw, 162px\" \/><\/noscript><\/strong><\/span><\/h2>\n<h5 style=\"text-align: center;\"><span style=\"color: #000080;\"><strong>TRANSFER<\/strong><\/span><\/h5>\n<p><span style=\"color: #000000;\">Lo importante para fugarse con buen pie es hacerlo de la forma m\u00e1s relajada posible. Por eso, te ofrecemos traslados desde el Aeropuerto Internacional de Tocumen <strong><em><span style=\"color: #000080;\">(PTY)<\/span><\/em><\/strong> hasta el centro de la ciudad a precios econ\u00f3micos y con la m\u00e1xima seguridad de que llegar\u00e1s a tu destino sin problemas.Transporte desde Aeropuerto a Hoteles de ciudad, Puerto de Crucero en Col\u00f3n y playas del Pac\u00edfico.<\/span><\/p>\n<h5 style=\"text-align: center;\"><span style=\"color: #000080;\"><strong><img loading=\"lazy\" decoding=\"async\" class=\"wp-image-2699 aligncenter lazyload\" data-src=\"http:\/\/www.panajamtours.com\/wp-content\/uploads\/2016\/01\/DEPORTES-1-1024x585.jpg\" alt=\"TRANSPORTE TURISTICO\" width=\"161\" height=\"92\" data-srcset=\"https:\/\/www.panajamtours.com\/wp-content\/uploads\/2016\/01\/DEPORTES-1-1024x585.jpg 1024w, https:\/\/www.panajamtours.com\/wp-content\/uploads\/2016\/01\/DEPORTES-1-300x171.jpg 300w, https:\/\/www.panajamtours.com\/wp-content\/uploads\/2016\/01\/DEPORTES-1.jpg 1050w\" data-sizes=\"auto, (max-width: 161px) 100vw, 161px\" src=\"data:image\/gif;base64,R0lGODlhAQABAAAAACH5BAEKAAEALAAAAAABAAEAAAICTAEAOw==\" style=\"--smush-placeholder-width: 161px; --smush-placeholder-aspect-ratio: 161\/92;\" \/><noscript><img loading=\"lazy\" decoding=\"async\" class=\"wp-image-2699 aligncenter\" src=\"http:\/\/www.panajamtours.com\/wp-content\/uploads\/2016\/01\/DEPORTES-1-1024x585.jpg\" alt=\"TRANSPORTE TURISTICO\" width=\"161\" height=\"92\" srcset=\"https:\/\/www.panajamtours.com\/wp-content\/uploads\/2016\/01\/DEPORTES-1-1024x585.jpg 1024w, https:\/\/www.panajamtours.com\/wp-content\/uploads\/2016\/01\/DEPORTES-1-300x171.jpg 300w, https:\/\/www.panajamtours.com\/wp-content\/uploads\/2016\/01\/DEPORTES-1.jpg 1050w\" sizes=\"auto, (max-width: 161px) 100vw, 161px\" \/><\/noscript><\/strong><\/span><span style=\"color: #000080;\"><strong>EVENTOS DEPORTIVOS<\/strong><\/span><\/h5>\n<p><span style=\"color: #000080;\"><span style=\"color: #000000;\">Podemos atender todas sus necesidades, simplemente informenos de cu\u00e1ndo y d\u00f3nde, y prep\u00e1rese para relajarse y disfrutar del mejor servicio de desplazamientos, para eventos deportivos en ciudad de Panam\u00e1 y Provincias centrales.<\/span>\u00a0<\/span><\/p>\n<h5 style=\"text-align: center;\"><span style=\"color: #000080;\"><strong><img loading=\"lazy\" decoding=\"async\" class=\"wp-image-2700 aligncenter lazyload\" data-src=\"http:\/\/www.panajamtours.com\/wp-content\/uploads\/2016\/01\/TOURS-1-1024x585.jpg\" alt=\"TRANSPORTE DE TOURS\" width=\"166\" height=\"95\" data-srcset=\"https:\/\/www.panajamtours.com\/wp-content\/uploads\/2016\/01\/TOURS-1-1024x585.jpg 1024w, https:\/\/www.panajamtours.com\/wp-content\/uploads\/2016\/01\/TOURS-1-300x171.jpg 300w, https:\/\/www.panajamtours.com\/wp-content\/uploads\/2016\/01\/TOURS-1.jpg 1050w\" data-sizes=\"auto, (max-width: 166px) 100vw, 166px\" src=\"data:image\/gif;base64,R0lGODlhAQABAAAAACH5BAEKAAEALAAAAAABAAEAAAICTAEAOw==\" style=\"--smush-placeholder-width: 166px; --smush-placeholder-aspect-ratio: 166\/95;\" \/><noscript><img loading=\"lazy\" decoding=\"async\" class=\"wp-image-2700 aligncenter\" src=\"http:\/\/www.panajamtours.com\/wp-content\/uploads\/2016\/01\/TOURS-1-1024x585.jpg\" alt=\"TRANSPORTE DE TOURS\" width=\"166\" height=\"95\" srcset=\"https:\/\/www.panajamtours.com\/wp-content\/uploads\/2016\/01\/TOURS-1-1024x585.jpg 1024w, https:\/\/www.panajamtours.com\/wp-content\/uploads\/2016\/01\/TOURS-1-300x171.jpg 300w, https:\/\/www.panajamtours.com\/wp-content\/uploads\/2016\/01\/TOURS-1.jpg 1050w\" sizes=\"auto, (max-width: 166px) 100vw, 166px\" \/><\/noscript>EXCURSIONES<\/strong><\/span><\/h5>\n<p style=\"text-align: left;\"><span style=\"color: #000000;\">Panam\u00e1 es mucho m\u00e1s que la capital, es el punto de partida hacia todos los destinos del pa\u00eds.\u00a0Miles son los turistas, tanto nacionales como internacionales, que cada d\u00eda y cada temporada del a\u00f1o se acercan, en busca de los secretos que encierran sus calles y barrios.\u00a0 Visite ciudades cercanas a Panam\u00e1 como Valle de Ant\u00f3n, Portobelo o Playas del Pac\u00edfico.<\/span><\/p>\n<h6 style=\"text-align: center;\">\u00a0<span style=\"color: #000080;\">Le ofrecemos una amplia gama de \u00a0veh\u00edculos, para asegurarnos de satisfacer sus necesidades. \u00bfViaja en un grupo m\u00e1s grande? \u00a0Elija nuestra\u00a0 MiniVan privada, con capacidad para cuatro personas. Disfrute de una tranquila conversaci\u00f3n, de su emisora de radio favorita, o simplemente de una siesta durante el viaje.<\/span><\/h6>\n<p style=\"text-align: center;\"><span style=\"color: #000080;\"><strong>\u00a0<\/strong><\/span><\/p>\n<div style=\"width: 480px;\" class=\"wp-video\"><video class=\"wp-video-shortcode\" id=\"video-127-1\" width=\"480\" height=\"640\" poster=\"http:\/\/www.panajamtours.com\/wp-content\/uploads\/2016\/01\/bus-transportation.jpg\" preload=\"metadata\" controls=\"controls\"><source type=\"video\/mp4\" src=\"http:\/\/www.panajamtours.com\/wp-content\/uploads\/2016\/01\/Coaster_PanaJam-Tours_HQ.mp4?_=1\" \/><a href=\"http:\/\/www.panajamtours.com\/wp-content\/uploads\/2016\/01\/Coaster_PanaJam-Tours_HQ.mp4\">http:\/\/www.panajamtours.com\/wp-content\/uploads\/2016\/01\/Coaster_PanaJam-Tours_HQ.mp4<\/a><\/video><\/div>\n","protected":false},"excerpt":{"rendered":"<p><span style=\"color: #000080;\"><strong>\u00bfBuscas un transporte exclusivo para tus trayectos?<\/strong><\/span><\/p>\n<p><span style=\"color: #000000;\">Ofrecemos servicios de transporte ideal para grupos o privado, en Panam\u00e1.<\/span><\/p>\n<p><span style=\"color: #000000;\">Somos tu servicio de Traslados en Panam\u00e1: \u00a0aeropuerto \/ ciudad \u00a0o viceversa.<\/span><\/p>\n<p><span style=\"color: #000000;\">Transporte privado para cenas de empresa, transfer, excursiones, eventos deportivos, viajes con gran confort y satisfacci\u00f3n.<\/span><\/p>\n<p>&nbsp;<\/p>\n[gallery masterslider=\"true\" autoplay=\"true\" thumbs=\"false\" thumbs_align=\"top\" auto_height=\"true\" skin=\"ms-skin-black-2 round-skin\" ids=\"2702,2703\"]\n","protected":false},"featured_media":125,"template":"","meta":[],"product_cat":[235],"product_tag":[45,211,216,215,212,219,218,220,213,217,214],"class_list":{"0":"post-127","1":"product","2":"type-product","3":"status-publish","4":"has-post-thumbnail","6":"product_cat-transfer","7":"product_tag-bus-rental","8":"product_tag-transporte-de-turismo","9":"product_tag-transporte-empresarial","10":"product_tag-transporte-para-eventos-deportivos","11":"product_tag-transporte-turistico","12":"product_tag-traslado-al-aeropuerto-de-albrook","13":"product_tag-traslado-al-aeropuerto-de-tocumen","14":"product_tag-traslado-al-homeboard","15":"product_tag-traslado-de-negocios","16":"product_tag-traslado-ida-y-vuelta","17":"product_tag-traslados-para-conciertos","19":"first","20":"instock","21":"shipping-taxable","22":"product-type-simple"},"translation":{"provider":"WPGlobus","version":"3.0.0","language":"es","enabled_languages":["en","es"],"languages":{"en":{"title":true,"content":true,"excerpt":false},"es":{"title":true,"content":true,"excerpt":true}}},"yoast_head":"<!-- This site is optimized with the Yoast SEO plugin v23.9 - https:\/\/yoast.com\/wordpress\/plugins\/seo\/ -->\n<title>TRASLADOS - PanaJam Tours<\/title>\n<meta name=\"robots\" content=\"index, follow, max-snippet:-1, max-image-preview:large, max-video-preview:-1\" \/>\n<link rel=\"canonical\" href=\"https:\/\/www.panajamtours.com\/product\/transfer\" \/>\n<meta property=\"og:locale\" content=\"es_ES\" \/>\n<meta property=\"og:type\" content=\"article\" \/>\n<meta property=\"og:title\" content=\"TRASLADOS - PanaJam Tours\" \/>\n<meta property=\"og:url\" content=\"https:\/\/www.panajamtours.com\/product\/transfer\" \/>\n<meta property=\"og:site_name\" content=\"PanaJam Tours\" \/>\n<meta property=\"article:publisher\" content=\"https:\/\/www.facebook.com\/PanaJamTours\/\" \/>\n<meta property=\"article:modified_time\" content=\"2018-01-30T19:30:46+00:00\" \/>\n<meta property=\"og:image\" content=\"https:\/\/www.panajamtours.com\/wp-content\/uploads\/2016\/01\/bus-transportation.jpg\" \/>\n\t<meta property=\"og:image:width\" content=\"575\" \/>\n\t<meta property=\"og:image:height\" content=\"431\" \/>\n\t<meta property=\"og:image:type\" content=\"image\/jpeg\" \/>\n<meta name=\"twitter:card\" content=\"summary_large_image\" \/>\n<meta name=\"twitter:site\" content=\"@panajamtours\" \/>\n<meta name=\"twitter:label1\" content=\"Tiempo de lectura\" \/>\n\t<meta name=\"twitter:data1\" content=\"2 minutos\" \/>\n<script type=\"application\/ld+json\" class=\"yoast-schema-graph\">{\"@context\":\"https:\/\/schema.org\",\"@graph\":[{\"@type\":\"WebPage\",\"@id\":\"https:\/\/www.panajamtours.com\/product\/transfer\",\"url\":\"https:\/\/www.panajamtours.com\/product\/transfer\",\"name\":\"TRASLADOS - PanaJam Tours\",\"isPartOf\":{\"@id\":\"https:\/\/www.panajamtours.com\/es\/#website\"},\"primaryImageOfPage\":{\"@id\":\"https:\/\/www.panajamtours.com\/product\/transfer#primaryimage\"},\"image\":{\"@id\":\"https:\/\/www.panajamtours.com\/product\/transfer#primaryimage\"},\"thumbnailUrl\":\"https:\/\/www.panajamtours.com\/wp-content\/uploads\/2016\/01\/bus-transportation.jpg\",\"datePublished\":\"2016-01-24T03:12:22+00:00\",\"dateModified\":\"2018-01-30T19:30:46+00:00\",\"breadcrumb\":{\"@id\":\"https:\/\/www.panajamtours.com\/product\/transfer#breadcrumb\"},\"inLanguage\":\"es\",\"potentialAction\":[{\"@type\":\"ReadAction\",\"target\":[\"https:\/\/www.panajamtours.com\/product\/transfer\"]}]},{\"@type\":\"ImageObject\",\"inLanguage\":\"es\",\"@id\":\"https:\/\/www.panajamtours.com\/product\/transfer#primaryimage\",\"url\":\"https:\/\/www.panajamtours.com\/wp-content\/uploads\/2016\/01\/bus-transportation.jpg\",\"contentUrl\":\"https:\/\/www.panajamtours.com\/wp-content\/uploads\/2016\/01\/bus-transportation.jpg\",\"width\":575,\"height\":431},{\"@type\":\"BreadcrumbList\",\"@id\":\"https:\/\/www.panajamtours.com\/product\/transfer#breadcrumb\",\"itemListElement\":[{\"@type\":\"ListItem\",\"position\":1,\"name\":\"Home\",\"item\":\"https:\/\/www.panajamtours.com\/es\/\"},{\"@type\":\"ListItem\",\"position\":2,\"name\":\"Opciones de vacaciones\",\"item\":\"https:\/\/www.panajamtours.com\/es\/shop\"},{\"@type\":\"ListItem\",\"position\":3,\"name\":\"Transfer\"}]},{\"@type\":\"WebSite\",\"@id\":\"https:\/\/www.panajamtours.com\/es\/#website\",\"url\":\"https:\/\/www.panajamtours.com\/es\/\",\"name\":\"PanaJam Tours\",\"description\":\"Agencia de Viajes\",\"publisher\":{\"@id\":\"https:\/\/www.panajamtours.com\/es\/#organization\"},\"potentialAction\":[{\"@type\":\"SearchAction\",\"target\":{\"@type\":\"EntryPoint\",\"urlTemplate\":\"https:\/\/www.panajamtours.com\/es\/?s={search_term_string}\"},\"query-input\":{\"@type\":\"PropertyValueSpecification\",\"valueRequired\":true,\"valueName\":\"search_term_string\"}}],\"inLanguage\":\"es\"},{\"@type\":\"Organization\",\"@id\":\"https:\/\/www.panajamtours.com\/es\/#organization\",\"name\":\"PanaJam Tours\",\"url\":\"https:\/\/www.panajamtours.com\/es\/\",\"logo\":{\"@type\":\"ImageObject\",\"inLanguage\":\"es\",\"@id\":\"https:\/\/www.panajamtours.com\/es\/#\/schema\/logo\/image\/\",\"url\":\"https:\/\/www.panajamtours.com\/wp-content\/uploads\/2015\/07\/cropped-PanaJamTours-1-e1452391999906.png\",\"contentUrl\":\"https:\/\/www.panajamtours.com\/wp-content\/uploads\/2015\/07\/cropped-PanaJamTours-1-e1452391999906.png\",\"width\":200,\"height\":166,\"caption\":\"PanaJam Tours\"},\"image\":{\"@id\":\"https:\/\/www.panajamtours.com\/es\/#\/schema\/logo\/image\/\"},\"sameAs\":[\"https:\/\/www.facebook.com\/PanaJamTours\/\",\"https:\/\/x.com\/panajamtours\",\"https:\/\/www.instagram.com\/PanaJamTours\/\"]}]}<\/script>\n<!-- \/ Yoast SEO plugin. -->","yoast_head_json":{"title":"TRASLADOS - PanaJam Tours","robots":{"index":"index","follow":"follow","max-snippet":"max-snippet:-1","max-image-preview":"max-image-preview:large","max-video-preview":"max-video-preview:-1"},"canonical":"https:\/\/www.panajamtours.com\/product\/transfer","og_locale":"es_ES","og_type":"article","og_title":"TRASLADOS - PanaJam Tours","og_url":"https:\/\/www.panajamtours.com\/product\/transfer","og_site_name":"PanaJam Tours","article_publisher":"https:\/\/www.facebook.com\/PanaJamTours\/","article_modified_time":"2018-01-30T19:30:46+00:00","og_image":[{"width":575,"height":431,"url":"https:\/\/www.panajamtours.com\/wp-content\/uploads\/2016\/01\/bus-transportation.jpg","type":"image\/jpeg"}],"twitter_card":"summary_large_image","twitter_site":"@panajamtours","twitter_misc":{"Tiempo de lectura":"2 minutos"},"schema":{"@context":"https:\/\/schema.org","@graph":[{"@type":"WebPage","@id":"https:\/\/www.panajamtours.com\/product\/transfer","url":"https:\/\/www.panajamtours.com\/product\/transfer","name":"TRASLADOS - PanaJam Tours","isPartOf":{"@id":"https:\/\/www.panajamtours.com\/es\/#website"},"primaryImageOfPage":{"@id":"https:\/\/www.panajamtours.com\/product\/transfer#primaryimage"},"image":{"@id":"https:\/\/www.panajamtours.com\/product\/transfer#primaryimage"},"thumbnailUrl":"https:\/\/www.panajamtours.com\/wp-content\/uploads\/2016\/01\/bus-transportation.jpg","datePublished":"2016-01-24T03:12:22+00:00","dateModified":"2018-01-30T19:30:46+00:00","breadcrumb":{"@id":"https:\/\/www.panajamtours.com\/product\/transfer#breadcrumb"},"inLanguage":"es","potentialAction":[{"@type":"ReadAction","target":["https:\/\/www.panajamtours.com\/product\/transfer"]}]},{"@type":"ImageObject","inLanguage":"es","@id":"https:\/\/www.panajamtours.com\/product\/transfer#primaryimage","url":"https:\/\/www.panajamtours.com\/wp-content\/uploads\/2016\/01\/bus-transportation.jpg","contentUrl":"https:\/\/www.panajamtours.com\/wp-content\/uploads\/2016\/01\/bus-transportation.jpg","width":575,"height":431},{"@type":"BreadcrumbList","@id":"https:\/\/www.panajamtours.com\/product\/transfer#breadcrumb","itemListElement":[{"@type":"ListItem","position":1,"name":"Home","item":"https:\/\/www.panajamtours.com\/es\/"},{"@type":"ListItem","position":2,"name":"Opciones de vacaciones","item":"https:\/\/www.panajamtours.com\/es\/shop"},{"@type":"ListItem","position":3,"name":"Transfer"}]},{"@type":"WebSite","@id":"https:\/\/www.panajamtours.com\/es\/#website","url":"https:\/\/www.panajamtours.com\/es\/","name":"PanaJam Tours","description":"Agencia de Viajes","publisher":{"@id":"https:\/\/www.panajamtours.com\/es\/#organization"},"potentialAction":[{"@type":"SearchAction","target":{"@type":"EntryPoint","urlTemplate":"https:\/\/www.panajamtours.com\/es\/?s={search_term_string}"},"query-input":{"@type":"PropertyValueSpecification","valueRequired":true,"valueName":"search_term_string"}}],"inLanguage":"es"},{"@type":"Organization","@id":"https:\/\/www.panajamtours.com\/es\/#organization","name":"PanaJam Tours","url":"https:\/\/www.panajamtours.com\/es\/","logo":{"@type":"ImageObject","inLanguage":"es","@id":"https:\/\/www.panajamtours.com\/es\/#\/schema\/logo\/image\/","url":"https:\/\/www.panajamtours.com\/wp-content\/uploads\/2015\/07\/cropped-PanaJamTours-1-e1452391999906.png","contentUrl":"https:\/\/www.panajamtours.com\/wp-content\/uploads\/2015\/07\/cropped-PanaJamTours-1-e1452391999906.png","width":200,"height":166,"caption":"PanaJam Tours"},"image":{"@id":"https:\/\/www.panajamtours.com\/es\/#\/schema\/logo\/image\/"},"sameAs":["https:\/\/www.facebook.com\/PanaJamTours\/","https:\/\/x.com\/panajamtours","https:\/\/www.instagram.com\/PanaJamTours\/"]}]}},"_links":{"self":[{"href":"https:\/\/www.panajamtours.com\/es\/wp-json\/wp\/v2\/product\/127","targetHints":{"allow":["GET"]}}],"collection":[{"href":"https:\/\/www.panajamtours.com\/es\/wp-json\/wp\/v2\/product"}],"about":[{"href":"https:\/\/www.panajamtours.com\/es\/wp-json\/wp\/v2\/types\/product"}],"wp:featuredmedia":[{"embeddable":true,"href":"https:\/\/www.panajamtours.com\/es\/wp-json\/wp\/v2\/media\/125"}],"wp:attachment":[{"href":"https:\/\/www.panajamtours.com\/es\/wp-json\/wp\/v2\/media?parent=127"}],"wp:term":[{"taxonomy":"product_cat","embeddable":true,"href":"https:\/\/www.panajamtours.com\/es\/wp-json\/wp\/v2\/product_cat?post=127"},{"taxonomy":"product_tag","embeddable":true,"href":"https:\/\/www.panajamtours.com\/es\/wp-json\/wp\/v2\/product_tag?post=127"}],"curies":[{"name":"wp","href":"https:\/\/api.w.org\/{rel}","templated":true}]}}