{"id":112,"date":"2016-01-23T18:04:59","date_gmt":"2016-01-23T18:04:59","guid":{"rendered":"http:\/\/panajamtours.apps-1and1.com\/\/?post_type=product&#038;p=112"},"modified":"2018-01-28T23:21:08","modified_gmt":"2018-01-29T04:21:08","slug":"embera-quera","status":"publish","type":"product","link":"https:\/\/www.panajamtours.com\/es\/product\/embera-quera","title":{"rendered":"Embera Quera Indian Community"},"content":{"rendered":"<p>Al llegar al embarcadero de uno de los m\u00e1s importantes afluentes del Canal de Panam\u00e1 el R\u00edo Gat\u00fan, empezaremos nuestro recorrido fluvial en la piragua desde la cual, lograremos disfrutar de la naturaleza que rodea el trayecto, visitaremos Isla Mono para luego visitar a la Comunidad Ember\u00e1 Quera. La cual, nos recibir\u00e1 con su tradicional m\u00fasica.<br \/>\nAdem\u00e1s, conoceremos sus tradiciones, su medicina natural e historia, para luego apreciar sus danzas y bailes tradicionales, la cual tendr\u00e1 oportunidad de participar. Luego, degustaremos el m\u00e1s fresco almuerzo compuesto por pescado frito, pl\u00e1tano o yuca. Tambi\u00e9n, podr\u00e1 comprar artesan\u00edas\u00a0 confeccionadas por los habitantes de la comunidad.<br \/>\n<strong>D\u00edas:<\/strong> Martes a Jueves<\/p>\n<p><strong>Horario: <\/strong><\/p>\n<ul>\n<li>8:45 a.m. to 4:30 p.m. (Playa)<\/li>\n<li>10:00 a.m. to 4:00 p.m. (Cuidad)<\/li>\n<\/ul>\n<p><strong>Incluye:<\/strong> transporte terrestre y mar\u00edtimo (piragua), refresco, almuerzo tradicional ind\u00edgena,\u00a0 y servicio de gu\u00edas.<br \/>\nRecomendaciones: copia de pasaporte, repelente de insectos, ropa fresca, calzados c\u00f3modos,\u00a0protector solar, una muda extra de ropa, lentes de sol, sombrero y c\u00e1mara fotogr\u00e1fica.<\/p>\n","protected":false},"excerpt":{"rendered":"<p>Aprenda sobre la cultura de la comunidad ind\u00edgena Embera<\/p>\n","protected":false},"featured_media":179,"template":"","meta":[],"product_cat":[18],"product_tag":[],"class_list":{"0":"post-112","1":"product","2":"type-product","3":"status-publish","4":"has-post-thumbnail","6":"product_cat-tours","8":"first","9":"instock","10":"shipping-taxable","11":"product-type-simple"},"translation":{"provider":"WPGlobus","version":"3.0.0","language":"es","enabled_languages":["en","es"],"languages":{"en":{"title":true,"content":true,"excerpt":true},"es":{"title":false,"content":true,"excerpt":true}}},"yoast_head":"<!-- This site is optimized with the Yoast SEO plugin v23.9 - https:\/\/yoast.com\/wordpress\/plugins\/seo\/ -->\n<title>Embera Quera Indian Community - PanaJam Tours<\/title>\n<meta name=\"robots\" content=\"index, follow, max-snippet:-1, max-image-preview:large, max-video-preview:-1\" \/>\n<link rel=\"canonical\" href=\"https:\/\/www.panajamtours.com\/product\/embera-quera\" \/>\n<meta property=\"og:locale\" content=\"es_ES\" \/>\n<meta property=\"og:type\" content=\"article\" \/>\n<meta property=\"og:title\" content=\"Embera Quera Indian Community - PanaJam Tours\" \/>\n<meta property=\"og:url\" content=\"https:\/\/www.panajamtours.com\/product\/embera-quera\" \/>\n<meta property=\"og:site_name\" content=\"PanaJam Tours\" \/>\n<meta property=\"article:publisher\" content=\"https:\/\/www.facebook.com\/PanaJamTours\/\" \/>\n<meta property=\"article:modified_time\" content=\"2018-01-29T04:21:08+00:00\" \/>\n<meta property=\"og:image\" content=\"https:\/\/www.panajamtours.com\/wp-content\/uploads\/2016\/01\/embera-indian-food-website.jpg\" \/>\n\t<meta property=\"og:image:width\" content=\"494\" \/>\n\t<meta property=\"og:image:height\" content=\"561\" \/>\n\t<meta property=\"og:image:type\" content=\"image\/jpeg\" \/>\n<meta name=\"twitter:card\" content=\"summary_large_image\" \/>\n<meta name=\"twitter:site\" content=\"@panajamtours\" \/>\n<meta name=\"twitter:label1\" content=\"Tiempo de lectura\" \/>\n\t<meta name=\"twitter:data1\" content=\"2 minutos\" \/>\n<script type=\"application\/ld+json\" class=\"yoast-schema-graph\">{\"@context\":\"https:\/\/schema.org\",\"@graph\":[{\"@type\":\"WebPage\",\"@id\":\"https:\/\/www.panajamtours.com\/product\/embera-quera\",\"url\":\"https:\/\/www.panajamtours.com\/product\/embera-quera\",\"name\":\"Embera Quera Indian Community - PanaJam Tours\",\"isPartOf\":{\"@id\":\"https:\/\/www.panajamtours.com\/es\/#website\"},\"primaryImageOfPage\":{\"@id\":\"https:\/\/www.panajamtours.com\/product\/embera-quera#primaryimage\"},\"image\":{\"@id\":\"https:\/\/www.panajamtours.com\/product\/embera-quera#primaryimage\"},\"thumbnailUrl\":\"https:\/\/www.panajamtours.com\/wp-content\/uploads\/2016\/01\/embera-indian-food-website.jpg\",\"datePublished\":\"2016-01-23T18:04:59+00:00\",\"dateModified\":\"2018-01-29T04:21:08+00:00\",\"breadcrumb\":{\"@id\":\"https:\/\/www.panajamtours.com\/product\/embera-quera#breadcrumb\"},\"inLanguage\":\"es\",\"potentialAction\":[{\"@type\":\"ReadAction\",\"target\":[\"https:\/\/www.panajamtours.com\/product\/embera-quera\"]}]},{\"@type\":\"ImageObject\",\"inLanguage\":\"es\",\"@id\":\"https:\/\/www.panajamtours.com\/product\/embera-quera#primaryimage\",\"url\":\"https:\/\/www.panajamtours.com\/wp-content\/uploads\/2016\/01\/embera-indian-food-website.jpg\",\"contentUrl\":\"https:\/\/www.panajamtours.com\/wp-content\/uploads\/2016\/01\/embera-indian-food-website.jpg\",\"width\":494,\"height\":561,\"caption\":\"Embera Indigenous Indians Panama\"},{\"@type\":\"BreadcrumbList\",\"@id\":\"https:\/\/www.panajamtours.com\/product\/embera-quera#breadcrumb\",\"itemListElement\":[{\"@type\":\"ListItem\",\"position\":1,\"name\":\"Home\",\"item\":\"https:\/\/www.panajamtours.com\/es\/\"},{\"@type\":\"ListItem\",\"position\":2,\"name\":\"Opciones de vacaciones\",\"item\":\"https:\/\/www.panajamtours.com\/es\/shop\"},{\"@type\":\"ListItem\",\"position\":3,\"name\":\"Embera Quera Indian Community\"}]},{\"@type\":\"WebSite\",\"@id\":\"https:\/\/www.panajamtours.com\/es\/#website\",\"url\":\"https:\/\/www.panajamtours.com\/es\/\",\"name\":\"PanaJam Tours\",\"description\":\"Agencia de Viajes\",\"publisher\":{\"@id\":\"https:\/\/www.panajamtours.com\/es\/#organization\"},\"potentialAction\":[{\"@type\":\"SearchAction\",\"target\":{\"@type\":\"EntryPoint\",\"urlTemplate\":\"https:\/\/www.panajamtours.com\/es\/?s={search_term_string}\"},\"query-input\":{\"@type\":\"PropertyValueSpecification\",\"valueRequired\":true,\"valueName\":\"search_term_string\"}}],\"inLanguage\":\"es\"},{\"@type\":\"Organization\",\"@id\":\"https:\/\/www.panajamtours.com\/es\/#organization\",\"name\":\"PanaJam Tours\",\"url\":\"https:\/\/www.panajamtours.com\/es\/\",\"logo\":{\"@type\":\"ImageObject\",\"inLanguage\":\"es\",\"@id\":\"https:\/\/www.panajamtours.com\/es\/#\/schema\/logo\/image\/\",\"url\":\"https:\/\/www.panajamtours.com\/wp-content\/uploads\/2015\/07\/cropped-PanaJamTours-1-e1452391999906.png\",\"contentUrl\":\"https:\/\/www.panajamtours.com\/wp-content\/uploads\/2015\/07\/cropped-PanaJamTours-1-e1452391999906.png\",\"width\":200,\"height\":166,\"caption\":\"PanaJam Tours\"},\"image\":{\"@id\":\"https:\/\/www.panajamtours.com\/es\/#\/schema\/logo\/image\/\"},\"sameAs\":[\"https:\/\/www.facebook.com\/PanaJamTours\/\",\"https:\/\/x.com\/panajamtours\",\"https:\/\/www.instagram.com\/PanaJamTours\/\"]}]}<\/script>\n<!-- \/ Yoast SEO plugin. -->","yoast_head_json":{"title":"Embera Quera Indian Community - PanaJam Tours","robots":{"index":"index","follow":"follow","max-snippet":"max-snippet:-1","max-image-preview":"max-image-preview:large","max-video-preview":"max-video-preview:-1"},"canonical":"https:\/\/www.panajamtours.com\/product\/embera-quera","og_locale":"es_ES","og_type":"article","og_title":"Embera Quera Indian Community - PanaJam Tours","og_url":"https:\/\/www.panajamtours.com\/product\/embera-quera","og_site_name":"PanaJam Tours","article_publisher":"https:\/\/www.facebook.com\/PanaJamTours\/","article_modified_time":"2018-01-29T04:21:08+00:00","og_image":[{"width":494,"height":561,"url":"https:\/\/www.panajamtours.com\/wp-content\/uploads\/2016\/01\/embera-indian-food-website.jpg","type":"image\/jpeg"}],"twitter_card":"summary_large_image","twitter_site":"@panajamtours","twitter_misc":{"Tiempo de lectura":"2 minutos"},"schema":{"@context":"https:\/\/schema.org","@graph":[{"@type":"WebPage","@id":"https:\/\/www.panajamtours.com\/product\/embera-quera","url":"https:\/\/www.panajamtours.com\/product\/embera-quera","name":"Embera Quera Indian Community - PanaJam Tours","isPartOf":{"@id":"https:\/\/www.panajamtours.com\/es\/#website"},"primaryImageOfPage":{"@id":"https:\/\/www.panajamtours.com\/product\/embera-quera#primaryimage"},"image":{"@id":"https:\/\/www.panajamtours.com\/product\/embera-quera#primaryimage"},"thumbnailUrl":"https:\/\/www.panajamtours.com\/wp-content\/uploads\/2016\/01\/embera-indian-food-website.jpg","datePublished":"2016-01-23T18:04:59+00:00","dateModified":"2018-01-29T04:21:08+00:00","breadcrumb":{"@id":"https:\/\/www.panajamtours.com\/product\/embera-quera#breadcrumb"},"inLanguage":"es","potentialAction":[{"@type":"ReadAction","target":["https:\/\/www.panajamtours.com\/product\/embera-quera"]}]},{"@type":"ImageObject","inLanguage":"es","@id":"https:\/\/www.panajamtours.com\/product\/embera-quera#primaryimage","url":"https:\/\/www.panajamtours.com\/wp-content\/uploads\/2016\/01\/embera-indian-food-website.jpg","contentUrl":"https:\/\/www.panajamtours.com\/wp-content\/uploads\/2016\/01\/embera-indian-food-website.jpg","width":494,"height":561,"caption":"Embera Indigenous Indians Panama"},{"@type":"BreadcrumbList","@id":"https:\/\/www.panajamtours.com\/product\/embera-quera#breadcrumb","itemListElement":[{"@type":"ListItem","position":1,"name":"Home","item":"https:\/\/www.panajamtours.com\/es\/"},{"@type":"ListItem","position":2,"name":"Opciones de vacaciones","item":"https:\/\/www.panajamtours.com\/es\/shop"},{"@type":"ListItem","position":3,"name":"Embera Quera Indian Community"}]},{"@type":"WebSite","@id":"https:\/\/www.panajamtours.com\/es\/#website","url":"https:\/\/www.panajamtours.com\/es\/","name":"PanaJam Tours","description":"Agencia de Viajes","publisher":{"@id":"https:\/\/www.panajamtours.com\/es\/#organization"},"potentialAction":[{"@type":"SearchAction","target":{"@type":"EntryPoint","urlTemplate":"https:\/\/www.panajamtours.com\/es\/?s={search_term_string}"},"query-input":{"@type":"PropertyValueSpecification","valueRequired":true,"valueName":"search_term_string"}}],"inLanguage":"es"},{"@type":"Organization","@id":"https:\/\/www.panajamtours.com\/es\/#organization","name":"PanaJam Tours","url":"https:\/\/www.panajamtours.com\/es\/","logo":{"@type":"ImageObject","inLanguage":"es","@id":"https:\/\/www.panajamtours.com\/es\/#\/schema\/logo\/image\/","url":"https:\/\/www.panajamtours.com\/wp-content\/uploads\/2015\/07\/cropped-PanaJamTours-1-e1452391999906.png","contentUrl":"https:\/\/www.panajamtours.com\/wp-content\/uploads\/2015\/07\/cropped-PanaJamTours-1-e1452391999906.png","width":200,"height":166,"caption":"PanaJam Tours"},"image":{"@id":"https:\/\/www.panajamtours.com\/es\/#\/schema\/logo\/image\/"},"sameAs":["https:\/\/www.facebook.com\/PanaJamTours\/","https:\/\/x.com\/panajamtours","https:\/\/www.instagram.com\/PanaJamTours\/"]}]}},"_links":{"self":[{"href":"https:\/\/www.panajamtours.com\/es\/wp-json\/wp\/v2\/product\/112","targetHints":{"allow":["GET"]}}],"collection":[{"href":"https:\/\/www.panajamtours.com\/es\/wp-json\/wp\/v2\/product"}],"about":[{"href":"https:\/\/www.panajamtours.com\/es\/wp-json\/wp\/v2\/types\/product"}],"wp:featuredmedia":[{"embeddable":true,"href":"https:\/\/www.panajamtours.com\/es\/wp-json\/wp\/v2\/media\/179"}],"wp:attachment":[{"href":"https:\/\/www.panajamtours.com\/es\/wp-json\/wp\/v2\/media?parent=112"}],"wp:term":[{"taxonomy":"product_cat","embeddable":true,"href":"https:\/\/www.panajamtours.com\/es\/wp-json\/wp\/v2\/product_cat?post=112"},{"taxonomy":"product_tag","embeddable":true,"href":"https:\/\/www.panajamtours.com\/es\/wp-json\/wp\/v2\/product_tag?post=112"}],"curies":[{"name":"wp","href":"https:\/\/api.w.org\/{rel}","templated":true}]}}