{"id":111,"date":"2016-01-23T12:56:39","date_gmt":"2016-01-23T17:56:39","guid":{"rendered":"http:\/\/panajamtours.apps-1and1.com\/\/?post_type=product&#038;p=111"},"modified":"2018-01-26T14:01:01","modified_gmt":"2018-01-26T19:01:01","slug":"playa-blanca","status":"publish","type":"product","link":"https:\/\/www.panajamtours.com\/es\/product\/playa-blanca","title":{"rendered":"HOTEL PLAYA BLANCA RESORT"},"content":{"rendered":"<div id=\"gt-src-c\" class=\"g-unit\">\n<div id=\"gt-src-p\">\n<h5 id=\"src-translit\" class=\"translit\" dir=\"ltr\" style=\"text-align: center;\"><span style=\"color: #0000ff;\"><strong><span title=\"The Playa Blanca All-Inclusive Beach Resort is located in Cocle, Panama.\">Hotel Playa Blanca Resort se encuentra en Cocl\u00e9, Panam\u00e1.\u00a0<\/span><\/strong><\/span><\/h5>\n<h6 class=\"translit\" dir=\"ltr\" style=\"text-align: center;\"><span style=\"color: #000000;\"><span title=\"A beautiful hotel with variety of pools including the largest salt water pool in Central America and the Caribbean, hot tubs and tennis courts.\">Un hermoso hotel con variedad de piscinas;\u00a0<\/span>incluida la piscina de agua salada m\u00e1s grande de Am\u00e9rica Central y el Caribe,<\/span><\/h6>\n<h6 class=\"translit\" dir=\"ltr\" style=\"text-align: center;\"><span style=\"color: #000000;\">jacuzzis y canchas de tenis.<span title=\"A beautiful hotel with variety of pools including the largest salt water pool in Central America and the Caribbean, hot tubs and tennis courts.\">\u00a0<\/span><span title=\"Guests can enjoy free use of kayaks, aerobics and dance. \">Los hu\u00e9spedes pueden disfrutar del uso gratuito de kayaks, aer\u00f3bic y baile.<\/span><\/span><\/h6>\n<p><img loading=\"lazy\" decoding=\"async\" class=\"wp-image-2836 aligncenter lazyload\" data-src=\"http:\/\/www.panajamtours.com\/wp-content\/uploads\/2016\/01\/hotel-playa-blanca-300x98.jpg\" alt=\"\" width=\"242\" height=\"79\" data-srcset=\"https:\/\/www.panajamtours.com\/wp-content\/uploads\/2016\/01\/hotel-playa-blanca-300x98.jpg 300w, https:\/\/www.panajamtours.com\/wp-content\/uploads\/2016\/01\/hotel-playa-blanca.jpg 432w\" data-sizes=\"auto, (max-width: 242px) 100vw, 242px\" src=\"data:image\/gif;base64,R0lGODlhAQABAAAAACH5BAEKAAEALAAAAAABAAEAAAICTAEAOw==\" style=\"--smush-placeholder-width: 242px; --smush-placeholder-aspect-ratio: 242\/79;\" \/><noscript><img loading=\"lazy\" decoding=\"async\" class=\" wp-image-2836 aligncenter\" src=\"http:\/\/www.panajamtours.com\/wp-content\/uploads\/2016\/01\/hotel-playa-blanca-300x98.jpg\" alt=\"\" width=\"242\" height=\"79\" srcset=\"https:\/\/www.panajamtours.com\/wp-content\/uploads\/2016\/01\/hotel-playa-blanca-300x98.jpg 300w, https:\/\/www.panajamtours.com\/wp-content\/uploads\/2016\/01\/hotel-playa-blanca.jpg 432w\" sizes=\"auto, (max-width: 242px) 100vw, 242px\" \/><\/noscript><\/p>\n<h4 style=\"text-align: center;\"><strong>Plan todo Incluido<\/strong><\/h4>\n<h6 style=\"text-align: center;\"><span style=\"color: #ff0000;\"><strong><span style=\"color: #000000;\">Check In<\/span> 3:00 p.m.\u00a0 \u00a0 \u00a0 \u00a0 \u00a0\u00a0\u00a0<span style=\"color: #000000;\">Check Out<\/span> 12:00 p.m.<\/strong><\/span><\/h6>\n<\/div>\n<\/div>\n<h6><span style=\"color: #000000;\">\u2666 Habitaci\u00f3n<\/span><\/h6>\n<h6><span style=\"color: #000000;\">\u2666\u00a0Desayuno Buffet<\/span><\/h6>\n<h6><span style=\"color: #000000;\">\u2666\u00a0Almuerzo Buffet<\/span><\/h6>\n<h6><span style=\"color: #000000;\">\u2666 Cena tipo Buffet<\/span><\/h6>\n<h6><span style=\"color: #000000;\">\u2666 Snacks Bar<\/span><\/h6>\n<h6><span style=\"color: #000000;\">\u2666 Uso de las Instalaciones (Piscinas, Juegos<\/span><\/h6>\n<h6><span style=\"color: #000000;\">Deportes acu\u00e1ticos no motorizados.)<\/span><\/h6>\n<h6><span style=\"color: #000000;\">\u2666\u00a0Impuestos<\/span><\/h6>\n<hr \/>\n<h5><span style=\"color: #0000ff;\"><strong>Habitaciones &amp; Suites<\/strong><\/span><\/h5>\n<p><span style=\"color: #000000;\">COMODIDAD Y RELAJACI\u00d3N CERCA DEL MAR<\/span><\/p>\n<h6><span style=\"color: #000000;\">Nuestro resort de playa\u00a0TODO INCLUIDO le da la bienvenida con un alojamiento contempor\u00e1neo que captura la esencia del lujo tropical, con vistas panor\u00e1micas desde su balc\u00f3n puedes apreciar el oc\u00e9ano,vista al Jard\u00edn o la piscina de agua salada m\u00e1s grande de Centroam\u00e9rica y El Caribe.<\/span><\/h6>\n<h6><span style=\"color: #000000;\">&#8211; Las habitaciones\u00a0est\u00e1n equipadas con televisi\u00f3n por cable, caja de seguridad, ba\u00f1o privado, refrigerador, cafetera,tel\u00e9fono, aire acondicionado y Balc\u00f3n.<\/span><\/h6>\n<h6><span style=\"color: #000000;\">\u2666 Habitaciones Deluxe<\/span><\/h6>\n<h6><span style=\"color: #000000;\">\u2666 Habitaciones Luxury Suite en Town Center<\/span><\/h6>\n<p>&nbsp;<\/p>\n<h5><strong><span style=\"color: #0000ff;\">Restaurantes<\/span><\/strong><\/h5>\n<h6><span style=\"color: #000000;\">En nuestro resort contamos con\u00a0una selecci\u00f3n de\u00a0restaurantes que le deleitar\u00e1n su paladar con especialidades que van desde cocina tradicional Paname\u00f1a hasta platos internacionales como: sushi , mariscos y cocina italiana. Desde cenas rom\u00e1nticas hasta cenas familiar, cada uno de nuestros restaurantes es perfecto para cualquier gusto y ocasi\u00f3n.<\/span><\/h6>\n<h6><span style=\"color: #000000;\"><strong>&#8211; Restaurante Panama Canal Buffet<\/strong><\/span><br \/>\n<span style=\"color: #000000;\"> Comida Internacional<\/span><br \/>\n<span style=\"color: #000000;\"> * Abierto para Desayuno, Almuerzo y Cena<\/span><\/h6>\n<h6><span style=\"color: #000000;\"><strong>&#8211; Restaurante Velero (A la Carta)<\/strong><\/span><br \/>\n<span style=\"color: #000000;\"> Restaurante Tailand\u00e9s (parrillada mariscos)<\/span><br \/>\n<span style=\"color: #000000;\"> * Servicio de Almuerzos y Cenas<\/span><br \/>\n<span style=\"color: #000000;\"> Panama Canal (Buffet)<\/span><br \/>\n<span style=\"color: #000000;\"> Comida Internacional<\/span><br \/>\n<span style=\"color: #000000;\"> * Abierto para Desayuno, Almuerzo y Cena<\/span><\/h6>\n<h6><span style=\"color: #000000;\"><strong>&#8211; Make Sushi (A la Carta)<\/strong><\/span><br \/>\n<span style=\"color: #000000;\"> Comida Japonesa<\/span><br \/>\n<span style=\"color: #000000;\"> * Abierto para Cena<\/span><\/h6>\n<h6><span style=\"color: #000000;\"><strong>&#8211; Restaurante Italiano ( A la Carta)<\/strong><\/span><br \/>\n<span style=\"color: #000000;\"> Deliciosas pastas, pizzas y mas<\/span><br \/>\n<span style=\"color: #000000;\"> Previa reservacion 12:00 pm- 10:00 pm<\/span><\/h6>\n<h6><span style=\"color: #000000;\"><strong>&#8211; Restaurante La Laguna<\/strong><\/span><br \/>\n<span style=\"color: #000000;\"> Disponible para los huespedes ubicados en Town Center Suite.<\/span><br \/>\n<span style=\"color: #000000;\"> *Ofrece platos mediterr\u00e1neos a especialidades internacionales.<\/span><br \/>\n<span style=\"color: #000000;\"> 10:00 am &#8211; 6:00 pm<\/span><\/h6>\n<h6><span style=\"color: #000000;\"><strong>-Sport Bar (hamburguesas, nachos, alitas de pollo, emparedados (A La Carta)<\/strong><\/span><br \/>\n<span style=\"color: #000000;\"> * Abierto para Cena<\/span><\/h6>\n<h6><span style=\"color: #000000;\"><strong>-Snack Bar<\/strong><\/span><br \/>\n<span style=\"color: #000000;\"> Comida R\u00e1pida (pizza, hot dogs y nuggets)<\/span><br \/>\n<span style=\"color: #000000;\"> * Abierto desde 10:00am a 11:00pm<\/span><br \/>\n<span style=\"color: #000000;\"> 6 bares alrededor del Resort<\/span><br \/>\n<span style=\"color: #000000;\"> Wet Bar (Active Pool)<\/span><br \/>\n<span style=\"color: #000000;\"> Lobby Bar<\/span><br \/>\n<span style=\"color: #000000;\"> Snack Bar<\/span><br \/>\n<span style=\"color: #000000;\"> Disco Bar<\/span><br \/>\n<span style=\"color: #000000;\"> Pool Bar (Calm Pool)<\/span><br \/>\n<span style=\"color: #000000;\"> El Velero Bar<\/span><br \/>\n<span style=\"color: #000000;\"> Todos los bares ofrecen c\u00f3cteles a base de licores nacionales e internacionales, Jugos naturales, Gaseosas, vino de<\/span><br \/>\n<span style=\"color: #000000;\"> la casa, cerveza de barril.<\/span><\/h6>\n<h6><span style=\"color: #000000;\">Ofrecemos un ambiente familiar donde organizamos una serie de actividades desde gimnasio, spa de d\u00eda, espect\u00e1culos para ni\u00f1os y adultos, juegos infantiles y mucho m\u00e1s.<\/span><\/h6>\n<h6><\/h6>\n<div id=\"gt-src-c\" class=\"g-unit\">\n<div id=\"gt-src-p\">\n<div class=\"m_-6705218063578114138gmail-m_3583057439737480004gmail-m_-949081973074772936x_gmail-m_-3685621203723889495gmail-m_-5404871382485262860gmail-m_562449265912445588gmail-m_-3344468439411714556gmail-m_-7682389797088384124gmail-m_-2365883370894716004gmail-m_-1034640048907534165gmail-m_-2135892683005344966gmail-m_-3131982594097856585gmail-m_-3136197317688960672gmail-m_3339853940556701214gmail-m_5552246804647453069gmail-m_-1370489734676629891m_6895941561534531336gmail-m_3692031481985729881gmail-m_5052257814608154131gmail-m_3312485198480731950gmail-m_-5063422940091430138gmail-m_876575275204212190m_-2738513660186945204gmail-m_8253372698032100585gmail-m_-2478215448474963422gmail-m_6564061770401107243gmail-m_-9005016139579935210m_7313285467517243064gmail_msg\" style=\"text-align: left;\"><span style=\"color: #ff0000;\"><b><u><span style=\"font-family: tahoma, sans-serif;\">Importante:\u00a0<\/span><\/u><\/b><\/span><\/div>\n<div><\/div>\n<h5 class=\"m_-6705218063578114138gmail-m_3583057439737480004gmail-m_-949081973074772936x_gmail-m_-3685621203723889495gmail-m_-5404871382485262860gmail-m_562449265912445588gmail-m_-3344468439411714556gmail-m_-7682389797088384124gmail-m_-2365883370894716004gmail-m_-1034640048907534165gmail-m_-2135892683005344966gmail-m_-3131982594097856585gmail-m_-3136197317688960672gmail-m_3339853940556701214gmail-m_5552246804647453069gmail-m_-1370489734676629891m_6895941561534531336gmail-m_3692031481985729881gmail-m_5052257814608154131gmail-m_3312485198480731950gmail-m_-5063422940091430138gmail-m_876575275204212190m_-2738513660186945204gmail-m_8253372698032100585gmail-m_-2478215448474963422gmail-m_6564061770401107243gmail-m_-9005016139579935210m_7313285467517243064gmail_msg\" style=\"text-align: center;\"><span style=\"color: #ff0000;\"><b><u><span style=\"font-family: tahoma, sans-serif;\"><span style=\"color: #000000;\">El resort solicita al momento de realizar el check in, un dep\u00f3sito de garant\u00eda por 50.00$ en su estad\u00eda, puede ser en efectivo o tarjeta de cr\u00e9dito. En caso de no incurrir en cargos adicionales, se le regresar\u00e1, al momento del check out.<\/span><\/span><\/u><\/b><\/span><\/h5>\n<div><\/div>\n<\/div>\n<h6><strong><span style=\"color: #0000ff;\">Recomendaciones para los resorts:<\/span><\/strong><br \/>\n<span style=\"color: #000000;\">&#8211; Es muy importante llevar el Pasaporte Original o Cedula.<\/span><br \/>\n<span style=\"color: #000000;\"> &#8211; Se les recomienda llevar billetes de bajas denominaciones (5.00$; 10.00$; 20.00$), ya que no hay cajeros<\/span><br \/>\n<span style=\"color: #000000;\"> autom\u00e1ticos.<\/span><br \/>\n<span style=\"color: #000000;\"> &#8211; C\u00e1mara, cambios de ropa, lentes, bloqueador solar, sombrero, zapatos de playa, repelente de insectos, gafas de<\/span><br \/>\n<span style=\"color: #000000;\"> sol.<\/span><br \/>\n<strong><span style=\"color: #0000ff;\">Observaciones:<\/span><\/strong><br \/>\n<span style=\"color: #000000;\">&#8211; Se puede contratar la opci\u00f3n de transporte privado por un costo adicional.<\/span><br \/>\n<span style=\"color: #000000;\"> &#8211; Los precios promocionales de los resort, no aplican para descuento de jubilado, para ello se requiere cotizar con<\/span><br \/>\n<span style=\"color: #000000;\"> la tarifa regular.<\/span><br \/>\n<span style=\"color: #0000ff;\"><strong>Tomar en cuenta las siguientes recomendaciones, al reservar en Tarifa de Jubilado.<\/strong><\/span><br \/>\n<span style=\"color: #000000;\">-Se debe informar al agente de Reservas al momento de hacer la solicitud, la cantidad de personas que tienen<\/span><br \/>\n<span style=\"color: #000000;\"> Derecho al descuento y relacionarlos (nombre completo). Enviar la documentaci\u00f3n requerida al momento de<\/span><br \/>\n<span style=\"color: #000000;\"> pagar su reservaci\u00f3n.<\/span><br \/>\n<span style=\"color: #000000;\"> Adicional se le notificar al cliente que al llegar al hotel debe contar con la documentaci\u00f3n solicitada<\/span><br \/>\n<span style=\"color: #000000;\"> Anteriormente.<\/span><br \/>\n<span style=\"color: #000000;\"> &#8211; Con el objetivo de aclararles la documentaci\u00f3n que deben mostrar los clientes que tienen<\/span><br \/>\n<span style=\"color: #000000;\"> derecho al descuento, les detallamos los siguientes puntos:<\/span><br \/>\n<span style=\"color: #000000;\"> <strong>Jubilados:<\/strong><\/span><br \/>\n<span style=\"color: #000000;\"> Con el carnet del Seguro Social, se deber\u00e1 verificar si el cliente es jubilado.<\/span><br \/>\n<span style=\"color: #000000;\"> El carnet correcto es el blanco.<\/span><br \/>\n<span style=\"color: #000000;\"> <strong>Tercera Edad:<\/strong><\/span><br \/>\n<span style=\"color: #000000;\"> Debe mostrar su c\u00e9dula de ciudadan\u00eda.<\/span><br \/>\n<span style=\"color: #000000;\"> Las damas desde los 55 a\u00f1os de edad y los caballeros desde los 60 a\u00f1os de edad.<\/span><br \/>\n<span style=\"color: #000000;\"> <strong>Pensionados:<\/strong><\/span><br \/>\n<span style=\"color: #000000;\"> Con el carnet de Seguro Social, se deber\u00e1 verificar si el cliente es pensionado.<\/span><br \/>\n<span style=\"color: #000000;\"> Las personas extranjeras con residencia en Panam\u00e1 comprobada:<\/span><br \/>\n<span style=\"color: #000000;\"> Aplican a este descuento siempre y cuando sean jubilados, pensionados, tercera edad y cuenten con el<\/span><br \/>\n<span style=\"color: #000000;\"> documento expedido por Migraci\u00f3n que avale. El carnet de Migraci\u00f3n en tr\u00e1mite de residencia NO aplica para<\/span><br \/>\n<span style=\"color: #000000;\"> adquirir este beneficio.<\/span><\/h6>\n<\/div>\n","protected":false},"excerpt":{"rendered":"<h6 style=\"text-align: center;\"><span style=\"color: #0000ff;\"><strong>El Playa Blanca All-Inclusive Beach Resort se encuentra en Cocl\u00e9, Panam\u00e1.<\/strong><\/span><\/h6>\n<h6 style=\"text-align: center;\"><span style=\"color: #0000ff;\"><strong> Un hermoso hotel con variedad de piscinas, incluida la piscina de agua salada m\u00e1s grande de Am\u00e9rica Central y el Caribe, jacuzzis y canchas de tenis. Los hu\u00e9spedes pueden disfrutar del uso gratuito de kayaks, aer\u00f3bic y baile.<\/strong><\/span><\/h6>\n","protected":false},"featured_media":2837,"template":"","meta":[],"product_cat":[224],"product_tag":[26,186,24],"class_list":{"0":"post-111","1":"product","2":"type-product","3":"status-publish","4":"has-post-thumbnail","6":"product_cat-cocle","7":"product_tag-beach","8":"product_tag-resort-pacifico-all-inclusive","9":"product_tag-vacation","11":"first","12":"instock","13":"shipping-taxable","14":"product-type-simple"},"translation":{"provider":"WPGlobus","version":"3.0.0","language":"es","enabled_languages":["en","es"],"languages":{"en":{"title":true,"content":true,"excerpt":false},"es":{"title":true,"content":true,"excerpt":true}}},"yoast_head":"<!-- This site is optimized with the Yoast SEO plugin v23.9 - https:\/\/yoast.com\/wordpress\/plugins\/seo\/ -->\n<title>HOTEL PLAYA BLANCA RESORT - PanaJam Tours<\/title>\n<meta name=\"robots\" content=\"index, follow, max-snippet:-1, max-image-preview:large, max-video-preview:-1\" \/>\n<link rel=\"canonical\" href=\"https:\/\/www.panajamtours.com\/product\/playa-blanca\" \/>\n<meta property=\"og:locale\" content=\"es_ES\" \/>\n<meta property=\"og:type\" content=\"article\" \/>\n<meta property=\"og:title\" content=\"HOTEL PLAYA BLANCA RESORT - PanaJam Tours\" \/>\n<meta property=\"og:url\" content=\"https:\/\/www.panajamtours.com\/product\/playa-blanca\" \/>\n<meta property=\"og:site_name\" content=\"PanaJam Tours\" \/>\n<meta property=\"article:publisher\" content=\"https:\/\/www.facebook.com\/PanaJamTours\/\" \/>\n<meta property=\"article:modified_time\" content=\"2018-01-26T19:01:01+00:00\" \/>\n<meta property=\"og:image\" content=\"https:\/\/www.panajamtours.com\/wp-content\/uploads\/2016\/01\/AEREA_e042d7.jpg\" \/>\n\t<meta property=\"og:image:width\" content=\"1600\" \/>\n\t<meta property=\"og:image:height\" content=\"1024\" \/>\n\t<meta property=\"og:image:type\" content=\"image\/jpeg\" \/>\n<meta name=\"twitter:card\" content=\"summary_large_image\" \/>\n<meta name=\"twitter:site\" content=\"@panajamtours\" \/>\n<meta name=\"twitter:label1\" content=\"Tiempo de lectura\" \/>\n\t<meta name=\"twitter:data1\" content=\"4 minutos\" \/>\n<script type=\"application\/ld+json\" class=\"yoast-schema-graph\">{\"@context\":\"https:\/\/schema.org\",\"@graph\":[{\"@type\":\"WebPage\",\"@id\":\"https:\/\/www.panajamtours.com\/product\/playa-blanca\",\"url\":\"https:\/\/www.panajamtours.com\/product\/playa-blanca\",\"name\":\"HOTEL PLAYA BLANCA RESORT - PanaJam Tours\",\"isPartOf\":{\"@id\":\"https:\/\/www.panajamtours.com\/es\/#website\"},\"primaryImageOfPage\":{\"@id\":\"https:\/\/www.panajamtours.com\/product\/playa-blanca#primaryimage\"},\"image\":{\"@id\":\"https:\/\/www.panajamtours.com\/product\/playa-blanca#primaryimage\"},\"thumbnailUrl\":\"https:\/\/www.panajamtours.com\/wp-content\/uploads\/2016\/01\/AEREA_e042d7.jpg\",\"datePublished\":\"2016-01-23T17:56:39+00:00\",\"dateModified\":\"2018-01-26T19:01:01+00:00\",\"breadcrumb\":{\"@id\":\"https:\/\/www.panajamtours.com\/product\/playa-blanca#breadcrumb\"},\"inLanguage\":\"es\",\"potentialAction\":[{\"@type\":\"ReadAction\",\"target\":[\"https:\/\/www.panajamtours.com\/product\/playa-blanca\"]}]},{\"@type\":\"ImageObject\",\"inLanguage\":\"es\",\"@id\":\"https:\/\/www.panajamtours.com\/product\/playa-blanca#primaryimage\",\"url\":\"https:\/\/www.panajamtours.com\/wp-content\/uploads\/2016\/01\/AEREA_e042d7.jpg\",\"contentUrl\":\"https:\/\/www.panajamtours.com\/wp-content\/uploads\/2016\/01\/AEREA_e042d7.jpg\",\"width\":1600,\"height\":1024,\"caption\":\"Hotel Playa Blanca Resort\"},{\"@type\":\"BreadcrumbList\",\"@id\":\"https:\/\/www.panajamtours.com\/product\/playa-blanca#breadcrumb\",\"itemListElement\":[{\"@type\":\"ListItem\",\"position\":1,\"name\":\"Home\",\"item\":\"https:\/\/www.panajamtours.com\/es\/\"},{\"@type\":\"ListItem\",\"position\":2,\"name\":\"Opciones de vacaciones\",\"item\":\"https:\/\/www.panajamtours.com\/es\/shop\"},{\"@type\":\"ListItem\",\"position\":3,\"name\":\"PLAYA BLANCA BEACH RESORT\"}]},{\"@type\":\"WebSite\",\"@id\":\"https:\/\/www.panajamtours.com\/es\/#website\",\"url\":\"https:\/\/www.panajamtours.com\/es\/\",\"name\":\"PanaJam Tours\",\"description\":\"Agencia de Viajes\",\"publisher\":{\"@id\":\"https:\/\/www.panajamtours.com\/es\/#organization\"},\"potentialAction\":[{\"@type\":\"SearchAction\",\"target\":{\"@type\":\"EntryPoint\",\"urlTemplate\":\"https:\/\/www.panajamtours.com\/es\/?s={search_term_string}\"},\"query-input\":{\"@type\":\"PropertyValueSpecification\",\"valueRequired\":true,\"valueName\":\"search_term_string\"}}],\"inLanguage\":\"es\"},{\"@type\":\"Organization\",\"@id\":\"https:\/\/www.panajamtours.com\/es\/#organization\",\"name\":\"PanaJam Tours\",\"url\":\"https:\/\/www.panajamtours.com\/es\/\",\"logo\":{\"@type\":\"ImageObject\",\"inLanguage\":\"es\",\"@id\":\"https:\/\/www.panajamtours.com\/es\/#\/schema\/logo\/image\/\",\"url\":\"https:\/\/www.panajamtours.com\/wp-content\/uploads\/2015\/07\/cropped-PanaJamTours-1-e1452391999906.png\",\"contentUrl\":\"https:\/\/www.panajamtours.com\/wp-content\/uploads\/2015\/07\/cropped-PanaJamTours-1-e1452391999906.png\",\"width\":200,\"height\":166,\"caption\":\"PanaJam Tours\"},\"image\":{\"@id\":\"https:\/\/www.panajamtours.com\/es\/#\/schema\/logo\/image\/\"},\"sameAs\":[\"https:\/\/www.facebook.com\/PanaJamTours\/\",\"https:\/\/x.com\/panajamtours\",\"https:\/\/www.instagram.com\/PanaJamTours\/\"]}]}<\/script>\n<!-- \/ Yoast SEO plugin. -->","yoast_head_json":{"title":"HOTEL PLAYA BLANCA RESORT - PanaJam Tours","robots":{"index":"index","follow":"follow","max-snippet":"max-snippet:-1","max-image-preview":"max-image-preview:large","max-video-preview":"max-video-preview:-1"},"canonical":"https:\/\/www.panajamtours.com\/product\/playa-blanca","og_locale":"es_ES","og_type":"article","og_title":"HOTEL PLAYA BLANCA RESORT - PanaJam Tours","og_url":"https:\/\/www.panajamtours.com\/product\/playa-blanca","og_site_name":"PanaJam Tours","article_publisher":"https:\/\/www.facebook.com\/PanaJamTours\/","article_modified_time":"2018-01-26T19:01:01+00:00","og_image":[{"width":1600,"height":1024,"url":"https:\/\/www.panajamtours.com\/wp-content\/uploads\/2016\/01\/AEREA_e042d7.jpg","type":"image\/jpeg"}],"twitter_card":"summary_large_image","twitter_site":"@panajamtours","twitter_misc":{"Tiempo de lectura":"4 minutos"},"schema":{"@context":"https:\/\/schema.org","@graph":[{"@type":"WebPage","@id":"https:\/\/www.panajamtours.com\/product\/playa-blanca","url":"https:\/\/www.panajamtours.com\/product\/playa-blanca","name":"HOTEL PLAYA BLANCA RESORT - PanaJam Tours","isPartOf":{"@id":"https:\/\/www.panajamtours.com\/es\/#website"},"primaryImageOfPage":{"@id":"https:\/\/www.panajamtours.com\/product\/playa-blanca#primaryimage"},"image":{"@id":"https:\/\/www.panajamtours.com\/product\/playa-blanca#primaryimage"},"thumbnailUrl":"https:\/\/www.panajamtours.com\/wp-content\/uploads\/2016\/01\/AEREA_e042d7.jpg","datePublished":"2016-01-23T17:56:39+00:00","dateModified":"2018-01-26T19:01:01+00:00","breadcrumb":{"@id":"https:\/\/www.panajamtours.com\/product\/playa-blanca#breadcrumb"},"inLanguage":"es","potentialAction":[{"@type":"ReadAction","target":["https:\/\/www.panajamtours.com\/product\/playa-blanca"]}]},{"@type":"ImageObject","inLanguage":"es","@id":"https:\/\/www.panajamtours.com\/product\/playa-blanca#primaryimage","url":"https:\/\/www.panajamtours.com\/wp-content\/uploads\/2016\/01\/AEREA_e042d7.jpg","contentUrl":"https:\/\/www.panajamtours.com\/wp-content\/uploads\/2016\/01\/AEREA_e042d7.jpg","width":1600,"height":1024,"caption":"Hotel Playa Blanca Resort"},{"@type":"BreadcrumbList","@id":"https:\/\/www.panajamtours.com\/product\/playa-blanca#breadcrumb","itemListElement":[{"@type":"ListItem","position":1,"name":"Home","item":"https:\/\/www.panajamtours.com\/es\/"},{"@type":"ListItem","position":2,"name":"Opciones de vacaciones","item":"https:\/\/www.panajamtours.com\/es\/shop"},{"@type":"ListItem","position":3,"name":"PLAYA BLANCA BEACH RESORT"}]},{"@type":"WebSite","@id":"https:\/\/www.panajamtours.com\/es\/#website","url":"https:\/\/www.panajamtours.com\/es\/","name":"PanaJam Tours","description":"Agencia de Viajes","publisher":{"@id":"https:\/\/www.panajamtours.com\/es\/#organization"},"potentialAction":[{"@type":"SearchAction","target":{"@type":"EntryPoint","urlTemplate":"https:\/\/www.panajamtours.com\/es\/?s={search_term_string}"},"query-input":{"@type":"PropertyValueSpecification","valueRequired":true,"valueName":"search_term_string"}}],"inLanguage":"es"},{"@type":"Organization","@id":"https:\/\/www.panajamtours.com\/es\/#organization","name":"PanaJam Tours","url":"https:\/\/www.panajamtours.com\/es\/","logo":{"@type":"ImageObject","inLanguage":"es","@id":"https:\/\/www.panajamtours.com\/es\/#\/schema\/logo\/image\/","url":"https:\/\/www.panajamtours.com\/wp-content\/uploads\/2015\/07\/cropped-PanaJamTours-1-e1452391999906.png","contentUrl":"https:\/\/www.panajamtours.com\/wp-content\/uploads\/2015\/07\/cropped-PanaJamTours-1-e1452391999906.png","width":200,"height":166,"caption":"PanaJam Tours"},"image":{"@id":"https:\/\/www.panajamtours.com\/es\/#\/schema\/logo\/image\/"},"sameAs":["https:\/\/www.facebook.com\/PanaJamTours\/","https:\/\/x.com\/panajamtours","https:\/\/www.instagram.com\/PanaJamTours\/"]}]}},"_links":{"self":[{"href":"https:\/\/www.panajamtours.com\/es\/wp-json\/wp\/v2\/product\/111","targetHints":{"allow":["GET"]}}],"collection":[{"href":"https:\/\/www.panajamtours.com\/es\/wp-json\/wp\/v2\/product"}],"about":[{"href":"https:\/\/www.panajamtours.com\/es\/wp-json\/wp\/v2\/types\/product"}],"wp:featuredmedia":[{"embeddable":true,"href":"https:\/\/www.panajamtours.com\/es\/wp-json\/wp\/v2\/media\/2837"}],"wp:attachment":[{"href":"https:\/\/www.panajamtours.com\/es\/wp-json\/wp\/v2\/media?parent=111"}],"wp:term":[{"taxonomy":"product_cat","embeddable":true,"href":"https:\/\/www.panajamtours.com\/es\/wp-json\/wp\/v2\/product_cat?post=111"},{"taxonomy":"product_tag","embeddable":true,"href":"https:\/\/www.panajamtours.com\/es\/wp-json\/wp\/v2\/product_tag?post=111"}],"curies":[{"name":"wp","href":"https:\/\/api.w.org\/{rel}","templated":true}]}}