{"id":109,"date":"2016-01-20T04:30:21","date_gmt":"2016-01-20T04:30:21","guid":{"rendered":"http:\/\/panajamtours.apps-1and1.com\/\/?post_type=product&#038;p=109"},"modified":"2018-01-26T12:43:06","modified_gmt":"2018-01-26T17:43:06","slug":"hotels","status":"publish","type":"product","link":"https:\/\/www.panajamtours.com\/es\/product\/hotels","title":{"rendered":"HOTEL RIU PLAZA PANAM\u00c1"},"content":{"rendered":"<h4 style=\"text-align: center;\"><span style=\"color: #000000;\"><strong>Hotel Riu Plaza Panama\u00a0<\/strong><\/span><\/h4>\n<h6 style=\"text-align: center;\"><span style=\"color: #000000;\">Situado en el coraz\u00f3n del distrito financiero, muy cerca de bancos, tiendas y centros comerciales, el hotel\u00a0ideal para disfrutar de los alicientes que ofrece\u00a0<a style=\"color: #000000;\" href=\"http:\/\/www.riu.com\/es\/Paises\/panama\/panama-city\/index.jsp\">Ciudad de Panam\u00e1<\/a>.<\/span><\/h6>\n<h6 style=\"text-align: center;\"><span style=\"color: #000000;\"> Hombres de negocios y turistas apreciar\u00e1n su privilegiada Localizaci\u00f3n\u00a0<\/span><\/h6>\n<h6 style=\"text-align: center;\"><\/h6>\n<h6><img loading=\"lazy\" decoding=\"async\" class=\"wp-image-3722 aligncenter lazyload\" style=\"--smush-placeholder-width: 121px; --smush-placeholder-aspect-ratio: 121\/121;text-align: center;\" data-src=\"http:\/\/www.panajamtours.com\/wp-content\/uploads\/2016\/01\/LOGO-300x300.png\" alt=\"\" width=\"121\" height=\"121\" data-srcset=\"https:\/\/www.panajamtours.com\/wp-content\/uploads\/2016\/01\/LOGO-300x300.png 300w, https:\/\/www.panajamtours.com\/wp-content\/uploads\/2016\/01\/LOGO-150x150.png 150w, https:\/\/www.panajamtours.com\/wp-content\/uploads\/2016\/01\/LOGO-50x50.png 50w, https:\/\/www.panajamtours.com\/wp-content\/uploads\/2016\/01\/LOGO-180x180.png 180w, https:\/\/www.panajamtours.com\/wp-content\/uploads\/2016\/01\/LOGO.png 458w\" data-sizes=\"auto, (max-width: 121px) 100vw, 121px\" src=\"data:image\/gif;base64,R0lGODlhAQABAAAAACH5BAEKAAEALAAAAAABAAEAAAICTAEAOw==\" \/><noscript><img loading=\"lazy\" decoding=\"async\" class=\"wp-image-3722 aligncenter\" style=\"text-align: center;\" src=\"http:\/\/www.panajamtours.com\/wp-content\/uploads\/2016\/01\/LOGO-300x300.png\" alt=\"\" width=\"121\" height=\"121\" srcset=\"https:\/\/www.panajamtours.com\/wp-content\/uploads\/2016\/01\/LOGO-300x300.png 300w, https:\/\/www.panajamtours.com\/wp-content\/uploads\/2016\/01\/LOGO-150x150.png 150w, https:\/\/www.panajamtours.com\/wp-content\/uploads\/2016\/01\/LOGO-50x50.png 50w, https:\/\/www.panajamtours.com\/wp-content\/uploads\/2016\/01\/LOGO-180x180.png 180w, https:\/\/www.panajamtours.com\/wp-content\/uploads\/2016\/01\/LOGO.png 458w\" sizes=\"auto, (max-width: 121px) 100vw, 121px\" \/><\/noscript><\/h6>\n<h6 style=\"text-align: center;\"><span style=\"color: #000000;\"><b>Check In:\u00a03:00 PM\u00a0 \u00a0\u00a0\u00a0Check Out:\u00a012:00 PM<\/b><\/span><\/h6>\n<h5><span style=\"color: #000000;\"><strong>Servicios principales:\u00a0<\/strong><\/span><\/h5>\n<h6><span style=\"color: #000000;\">\u2666 644 habitaciones<\/span><\/h6>\n<h6><span style=\"color: #000000;\">\u2666 3 restaurantes<\/span><\/h6>\n<h6><span style=\"color: #000000;\">\u2666 Spa de servicio completo<\/span><\/h6>\n<h6><span style=\"color: #000000;\">\u2666 Piscina al aire libre<\/span><\/h6>\n<h6><span style=\"color: #000000;\">\u2666 Sala de fitness<\/span><\/h6>\n<h6><span style=\"color: #000000;\">\u2666 Valet parking<\/span><\/h6>\n<h6><span style=\"color: #000000;\">\u2666 Centro de negocios<\/span><\/h6>\n<h6><span style=\"color: #000000;\">\u2666 Terraza<\/span><\/h6>\n<h6><span style=\"color: #000000;\">\u2666 Recepci\u00f3n disponible las 24 horas<\/span><\/h6>\n<h6><span style=\"color: #000000;\">\u2666 Caf\u00e9 o t\u00e9 en las \u00e1reas comunes<\/span><\/h6>\n<h6><span style=\"color: #000000;\">\u2666 Aire acondicionado<\/span><\/h6>\n<h6><span style=\"color: #000000;\">\u2666 Wifi gratis<\/span><\/h6>\n<h6><\/h6>\n<h5><span style=\"color: #000000;\"><strong>Habitaciones y Suites:\u00a0\u00a0<\/strong><\/span><\/h5>\n<h6><span style=\"color: #000000;\">Sus habitaciones espaciosas, elegantes con decoraci\u00f3n vanguardista adem\u00e1s de\u00a0<strong>vistas panor\u00e1micas sobre toda la ciudad\u00a0<\/strong>ofrecen:<\/span><\/h6>\n<h6><span style=\"color: #000000;\">\u2013 Aire acondicionado\u00a0 \u00a0 \u00a0\u2013 Utensilios de planchado<\/span><\/h6>\n<h6><span style=\"color: #000000;\">\u2013 Escritorio\u00a0 \u00a0 \u00a0 \u00a0 \u00a0 \u00a0 \u00a0 \u00a0 \u00a0 \u00a0 \u00a0\u2013 cafetera<\/span><\/h6>\n<h6><span style=\"color: #000000;\">\u2013 TV por cable\u00a0 \u00a0 \u00a0 \u00a0 \u00a0 \u00a0 \u00a0 \u00a0\u2013 Minibar<\/span><\/h6>\n<h6><span style=\"color: #000000;\">\u2013 secador de pelo\u00a0 \u00a0 \u00a0 \u00a0 \u00a0\u2013 Ba\u00f1o con Ba\u00f1era o ducha<\/span><\/h6>\n<h6><span style=\"color: #000000;\">&#8211; Conexi\u00f3n Internet WiFi\u00a0 \u00a0&#8211; Mini refrigerador<\/span><\/h6>\n<h5><span style=\"color: #000000;\"><strong>Restaurantes:\u00a0<\/strong><\/span><\/h5>\n<h6><span style=\"color: #000000;\">variedad de opciones gastron\u00f3micas del hotel, los convierten en una verdadera atracci\u00f3n podr\u00e1n disfrutar de una gran variedad de platos as\u00ed como del mejor ambiente<\/span><\/h6>\n<h6><span style=\"color: #000000;\">&#8211; Restaurante Taste<\/span><\/h6>\n<h6><span style=\"color: #000000;\">&#8211; Restaurante Arts<\/span><\/h6>\n<h6><span style=\"color: #000000;\">&#8211; Restaurante Sushi Lounge\u00a0Studio 50 y Bares<\/span><\/h6>\n<p>&nbsp;<\/p>\n<h5><span style=\"color: #000000;\"><strong>Centro de Reuniones y Eventos:\u00a0<\/strong><\/span><\/h5>\n<h6><span style=\"color: #000000;\">Enfocado a una clientela de negocios, el hotel cuenta con\u00a023\u00a0<a style=\"color: #000000;\" href=\"http:\/\/www.riu.com\/es\/posts\/hoteles\/hoteles-para-reuniones-eventos.jsp\" target=\"_blank\" rel=\"noopener\">salas de conferencias<\/a>, todas con cobertura Internet WiFi y con capacidad para hasta 1600 personas.<\/span><\/h6>\n<hr \/>\n<h6><span style=\"color: #000000;\">En los alrededores del\u00a0<strong>Hotel Riu Plaza Panam\u00e1<\/strong>\u00a0encontrar\u00e1 las mejores atracciones y centros comerciales de la ciudad, como el famoso\u00a0<strong>Soho Mall<\/strong>\u00a0, ubicado a menos de un cuarto de milla de nuestras instalaciones.\u00a0Adem\u00e1s, nuestro hotel se encuentra a solo 10 minutos de las estaciones de metro de Iglesia del Carmen y Via Argentina, por lo que es f\u00e1cil descubrir toda la ciudad de Panam\u00e1.<\/span><\/h6>\n<p>&nbsp;<\/p>\n","protected":false},"excerpt":{"rendered":"<h5><span style=\"color: #000000;\"><em><strong>Ubicado en distrito financiero de la Ciudad de Panama\u00a0<\/strong><\/em><\/span><\/h5>\n","protected":false},"featured_media":3723,"template":"","meta":[],"product_cat":[226],"product_tag":[134,27,32,22,24],"class_list":{"0":"post-109","1":"product","2":"type-product","3":"status-publish","4":"has-post-thumbnail","6":"product_cat-panama-hotels","7":"product_tag-gastronomia-panamena","8":"product_tag-panama","9":"product_tag-panama-city","10":"product_tag-panama-city-hotel","11":"product_tag-vacation","13":"first","14":"instock","15":"shipping-taxable","16":"product-type-simple"},"translation":{"provider":"WPGlobus","version":"3.0.0","language":"es","enabled_languages":["en","es"],"languages":{"en":{"title":true,"content":false,"excerpt":false},"es":{"title":true,"content":true,"excerpt":true}}},"yoast_head":"<!-- This site is optimized with the Yoast SEO plugin v23.9 - https:\/\/yoast.com\/wordpress\/plugins\/seo\/ -->\n<title>HOTEL RIU PLAZA PANAM\u00c1  - PanaJam Tours<\/title>\n<meta name=\"robots\" content=\"index, follow, max-snippet:-1, max-image-preview:large, max-video-preview:-1\" \/>\n<link rel=\"canonical\" href=\"https:\/\/www.panajamtours.com\/product\/hotels\" \/>\n<meta property=\"og:locale\" content=\"es_ES\" \/>\n<meta property=\"og:type\" content=\"article\" \/>\n<meta property=\"og:title\" content=\"HOTEL RIU PLAZA PANAM\u00c1  - PanaJam Tours\" \/>\n<meta property=\"og:url\" content=\"https:\/\/www.panajamtours.com\/product\/hotels\" \/>\n<meta property=\"og:site_name\" content=\"PanaJam Tours\" \/>\n<meta property=\"article:publisher\" content=\"https:\/\/www.facebook.com\/PanaJamTours\/\" \/>\n<meta property=\"article:modified_time\" content=\"2018-01-26T17:43:06+00:00\" \/>\n<meta property=\"og:image\" content=\"https:\/\/www.panajamtours.com\/wp-content\/uploads\/2016\/01\/Hotel_Riu_Plaza_Panama.jpg\" \/>\n\t<meta property=\"og:image:width\" content=\"490\" \/>\n\t<meta property=\"og:image:height\" content=\"326\" \/>\n\t<meta property=\"og:image:type\" content=\"image\/jpeg\" \/>\n<meta name=\"twitter:card\" content=\"summary_large_image\" \/>\n<meta name=\"twitter:site\" content=\"@panajamtours\" \/>\n<meta name=\"twitter:label1\" content=\"Tiempo de lectura\" \/>\n\t<meta name=\"twitter:data1\" content=\"1 minuto\" \/>\n<script type=\"application\/ld+json\" class=\"yoast-schema-graph\">{\"@context\":\"https:\/\/schema.org\",\"@graph\":[{\"@type\":\"WebPage\",\"@id\":\"https:\/\/www.panajamtours.com\/product\/hotels\",\"url\":\"https:\/\/www.panajamtours.com\/product\/hotels\",\"name\":\"HOTEL RIU PLAZA PANAM\u00c1 - PanaJam Tours\",\"isPartOf\":{\"@id\":\"https:\/\/www.panajamtours.com\/es\/#website\"},\"primaryImageOfPage\":{\"@id\":\"https:\/\/www.panajamtours.com\/product\/hotels#primaryimage\"},\"image\":{\"@id\":\"https:\/\/www.panajamtours.com\/product\/hotels#primaryimage\"},\"thumbnailUrl\":\"https:\/\/www.panajamtours.com\/wp-content\/uploads\/2016\/01\/Hotel_Riu_Plaza_Panama.jpg\",\"datePublished\":\"2016-01-20T04:30:21+00:00\",\"dateModified\":\"2018-01-26T17:43:06+00:00\",\"breadcrumb\":{\"@id\":\"https:\/\/www.panajamtours.com\/product\/hotels#breadcrumb\"},\"inLanguage\":\"es\",\"potentialAction\":[{\"@type\":\"ReadAction\",\"target\":[\"https:\/\/www.panajamtours.com\/product\/hotels\"]}]},{\"@type\":\"ImageObject\",\"inLanguage\":\"es\",\"@id\":\"https:\/\/www.panajamtours.com\/product\/hotels#primaryimage\",\"url\":\"https:\/\/www.panajamtours.com\/wp-content\/uploads\/2016\/01\/Hotel_Riu_Plaza_Panama.jpg\",\"contentUrl\":\"https:\/\/www.panajamtours.com\/wp-content\/uploads\/2016\/01\/Hotel_Riu_Plaza_Panama.jpg\",\"width\":490,\"height\":326},{\"@type\":\"BreadcrumbList\",\"@id\":\"https:\/\/www.panajamtours.com\/product\/hotels#breadcrumb\",\"itemListElement\":[{\"@type\":\"ListItem\",\"position\":1,\"name\":\"Home\",\"item\":\"https:\/\/www.panajamtours.com\/es\/\"},{\"@type\":\"ListItem\",\"position\":2,\"name\":\"Opciones de vacaciones\",\"item\":\"https:\/\/www.panajamtours.com\/es\/shop\"},{\"@type\":\"ListItem\",\"position\":3,\"name\":\"HOTEL RIU PLAZA PANAM\u00c1\"}]},{\"@type\":\"WebSite\",\"@id\":\"https:\/\/www.panajamtours.com\/es\/#website\",\"url\":\"https:\/\/www.panajamtours.com\/es\/\",\"name\":\"PanaJam Tours\",\"description\":\"Agencia de Viajes\",\"publisher\":{\"@id\":\"https:\/\/www.panajamtours.com\/es\/#organization\"},\"potentialAction\":[{\"@type\":\"SearchAction\",\"target\":{\"@type\":\"EntryPoint\",\"urlTemplate\":\"https:\/\/www.panajamtours.com\/es\/?s={search_term_string}\"},\"query-input\":{\"@type\":\"PropertyValueSpecification\",\"valueRequired\":true,\"valueName\":\"search_term_string\"}}],\"inLanguage\":\"es\"},{\"@type\":\"Organization\",\"@id\":\"https:\/\/www.panajamtours.com\/es\/#organization\",\"name\":\"PanaJam Tours\",\"url\":\"https:\/\/www.panajamtours.com\/es\/\",\"logo\":{\"@type\":\"ImageObject\",\"inLanguage\":\"es\",\"@id\":\"https:\/\/www.panajamtours.com\/es\/#\/schema\/logo\/image\/\",\"url\":\"https:\/\/www.panajamtours.com\/wp-content\/uploads\/2015\/07\/cropped-PanaJamTours-1-e1452391999906.png\",\"contentUrl\":\"https:\/\/www.panajamtours.com\/wp-content\/uploads\/2015\/07\/cropped-PanaJamTours-1-e1452391999906.png\",\"width\":200,\"height\":166,\"caption\":\"PanaJam Tours\"},\"image\":{\"@id\":\"https:\/\/www.panajamtours.com\/es\/#\/schema\/logo\/image\/\"},\"sameAs\":[\"https:\/\/www.facebook.com\/PanaJamTours\/\",\"https:\/\/x.com\/panajamtours\",\"https:\/\/www.instagram.com\/PanaJamTours\/\"]}]}<\/script>\n<!-- \/ Yoast SEO plugin. -->","yoast_head_json":{"title":"HOTEL RIU PLAZA PANAM\u00c1  - PanaJam Tours","robots":{"index":"index","follow":"follow","max-snippet":"max-snippet:-1","max-image-preview":"max-image-preview:large","max-video-preview":"max-video-preview:-1"},"canonical":"https:\/\/www.panajamtours.com\/product\/hotels","og_locale":"es_ES","og_type":"article","og_title":"HOTEL RIU PLAZA PANAM\u00c1  - PanaJam Tours","og_url":"https:\/\/www.panajamtours.com\/product\/hotels","og_site_name":"PanaJam Tours","article_publisher":"https:\/\/www.facebook.com\/PanaJamTours\/","article_modified_time":"2018-01-26T17:43:06+00:00","og_image":[{"width":490,"height":326,"url":"https:\/\/www.panajamtours.com\/wp-content\/uploads\/2016\/01\/Hotel_Riu_Plaza_Panama.jpg","type":"image\/jpeg"}],"twitter_card":"summary_large_image","twitter_site":"@panajamtours","twitter_misc":{"Tiempo de lectura":"1 minuto"},"schema":{"@context":"https:\/\/schema.org","@graph":[{"@type":"WebPage","@id":"https:\/\/www.panajamtours.com\/product\/hotels","url":"https:\/\/www.panajamtours.com\/product\/hotels","name":"HOTEL RIU PLAZA PANAM\u00c1 - PanaJam Tours","isPartOf":{"@id":"https:\/\/www.panajamtours.com\/es\/#website"},"primaryImageOfPage":{"@id":"https:\/\/www.panajamtours.com\/product\/hotels#primaryimage"},"image":{"@id":"https:\/\/www.panajamtours.com\/product\/hotels#primaryimage"},"thumbnailUrl":"https:\/\/www.panajamtours.com\/wp-content\/uploads\/2016\/01\/Hotel_Riu_Plaza_Panama.jpg","datePublished":"2016-01-20T04:30:21+00:00","dateModified":"2018-01-26T17:43:06+00:00","breadcrumb":{"@id":"https:\/\/www.panajamtours.com\/product\/hotels#breadcrumb"},"inLanguage":"es","potentialAction":[{"@type":"ReadAction","target":["https:\/\/www.panajamtours.com\/product\/hotels"]}]},{"@type":"ImageObject","inLanguage":"es","@id":"https:\/\/www.panajamtours.com\/product\/hotels#primaryimage","url":"https:\/\/www.panajamtours.com\/wp-content\/uploads\/2016\/01\/Hotel_Riu_Plaza_Panama.jpg","contentUrl":"https:\/\/www.panajamtours.com\/wp-content\/uploads\/2016\/01\/Hotel_Riu_Plaza_Panama.jpg","width":490,"height":326},{"@type":"BreadcrumbList","@id":"https:\/\/www.panajamtours.com\/product\/hotels#breadcrumb","itemListElement":[{"@type":"ListItem","position":1,"name":"Home","item":"https:\/\/www.panajamtours.com\/es\/"},{"@type":"ListItem","position":2,"name":"Opciones de vacaciones","item":"https:\/\/www.panajamtours.com\/es\/shop"},{"@type":"ListItem","position":3,"name":"HOTEL RIU PLAZA PANAM\u00c1"}]},{"@type":"WebSite","@id":"https:\/\/www.panajamtours.com\/es\/#website","url":"https:\/\/www.panajamtours.com\/es\/","name":"PanaJam Tours","description":"Agencia de Viajes","publisher":{"@id":"https:\/\/www.panajamtours.com\/es\/#organization"},"potentialAction":[{"@type":"SearchAction","target":{"@type":"EntryPoint","urlTemplate":"https:\/\/www.panajamtours.com\/es\/?s={search_term_string}"},"query-input":{"@type":"PropertyValueSpecification","valueRequired":true,"valueName":"search_term_string"}}],"inLanguage":"es"},{"@type":"Organization","@id":"https:\/\/www.panajamtours.com\/es\/#organization","name":"PanaJam Tours","url":"https:\/\/www.panajamtours.com\/es\/","logo":{"@type":"ImageObject","inLanguage":"es","@id":"https:\/\/www.panajamtours.com\/es\/#\/schema\/logo\/image\/","url":"https:\/\/www.panajamtours.com\/wp-content\/uploads\/2015\/07\/cropped-PanaJamTours-1-e1452391999906.png","contentUrl":"https:\/\/www.panajamtours.com\/wp-content\/uploads\/2015\/07\/cropped-PanaJamTours-1-e1452391999906.png","width":200,"height":166,"caption":"PanaJam Tours"},"image":{"@id":"https:\/\/www.panajamtours.com\/es\/#\/schema\/logo\/image\/"},"sameAs":["https:\/\/www.facebook.com\/PanaJamTours\/","https:\/\/x.com\/panajamtours","https:\/\/www.instagram.com\/PanaJamTours\/"]}]}},"_links":{"self":[{"href":"https:\/\/www.panajamtours.com\/es\/wp-json\/wp\/v2\/product\/109","targetHints":{"allow":["GET"]}}],"collection":[{"href":"https:\/\/www.panajamtours.com\/es\/wp-json\/wp\/v2\/product"}],"about":[{"href":"https:\/\/www.panajamtours.com\/es\/wp-json\/wp\/v2\/types\/product"}],"wp:featuredmedia":[{"embeddable":true,"href":"https:\/\/www.panajamtours.com\/es\/wp-json\/wp\/v2\/media\/3723"}],"wp:attachment":[{"href":"https:\/\/www.panajamtours.com\/es\/wp-json\/wp\/v2\/media?parent=109"}],"wp:term":[{"taxonomy":"product_cat","embeddable":true,"href":"https:\/\/www.panajamtours.com\/es\/wp-json\/wp\/v2\/product_cat?post=109"},{"taxonomy":"product_tag","embeddable":true,"href":"https:\/\/www.panajamtours.com\/es\/wp-json\/wp\/v2\/product_tag?post=109"}],"curies":[{"name":"wp","href":"https:\/\/api.w.org\/{rel}","templated":true}]}}