{"id":532,"date":"2014-10-21T12:31:20","date_gmt":"2014-10-21T12:31:20","guid":{"rendered":"http:\/\/demo3.pixflow.net\/the-moon\/?page_id=197"},"modified":"2017-03-12T13:09:22","modified_gmt":"2017-03-12T18:09:22","slug":"first-paralax","status":"publish","type":"page","link":"https:\/\/www.panajamtours.com\/es\/first-paralax","title":{"rendered":"First Paralax"},"content":{"rendered":"<div class=\"wpb-content-wrapper\"><p>[vc_row row_type=\u00bbparallax\u00bb background_img_id=\u00bb978&#8243; parallax_speed=\u00bb10&#8243; min_height=\u00bb700px\u00bb row_padding_top=\u00bb150&#8243; row_padding_bottom=\u00bb140&#8243;][vc_column width=\u00bb1\/2&#8243;]\r\n    <div id=\"imagebox-1\" class=\"imageBox imageBoxleft ImageBoxDisable\"   >\r\n\r\n                 \r\n            <!-- Disable Hover  -->\r\n            <div class=\"image\">\r\n                <img decoding=\"async\" data-src=\"https:\/\/www.panajamtours.com\/wp-content\/uploads\/2014\/10\/San-Blas.png\"  alt=\"\"  src=\"data:image\/gif;base64,R0lGODlhAQABAAAAACH5BAEKAAEALAAAAAABAAEAAAICTAEAOw==\" class=\"lazyload\" style=\"--smush-placeholder-width: 495px; --smush-placeholder-aspect-ratio: 495\/597;\"><noscript><img decoding=\"async\" src=\"https:\/\/www.panajamtours.com\/wp-content\/uploads\/2014\/10\/San-Blas.png\"  alt=\"\" ><\/noscript>\r\n            <\/div>\r\n        \r\n                \r\n         \r\n         \r\n    <\/div>\r\n\r\n    [\/vc_column][vc_column width=\u00bb1\/2&#8243; css=\u00bb.vc_custom_1413956284567{padding-top: 160px !important;}\u00bb][vc_empty_space height=\u00bb130px\u00bb]\r\n    <div id=\"textbox_icon-1\" class=\"textBox textBoxIcon fontSize38 textBoxleft textLeftBorder\"   >\r\n        \r\n                \r\n            <div class=\"textBoxIconTitle clearfix\">\r\n            \r\n                                    <span class=\"icon icon-medal2\"  style=\"color:#ffffff;\" ><\/span>\r\n                        \r\n                \r\n                                                <div class=\"title\" style=\"  color:#ffffff; \">PanaJam Tours es su agencia de viajes n\u00famero uno<\/div>\r\n                                            \r\n                            \r\n            <\/div>\r\n        \r\n                    <div class=\"contentfs16 text\"   style=\"color:#ffffff;\" >Bienvenido a PanaJam Tours - su agencia de viajes l\u00edder haciendo sus vacaciones de ensue\u00f1o una realidad. Nuestros servicios incluyen, pero no se limitan a, tours y atracciones, alojamiento en hoteles, viajes a\u00e9reos y otros servicios de transporte. Personalizamos paquetes de vacaciones basados en c\u00f3mo te gusta pasar las vacaciones.<\/div>\r\n            <\/div>\r\n\r\n    [vc_empty_space]    \r\n        \r\n        <a id=\"button-1\" class=\"button button1 left transparent\" href=\"\/shop-2\" title=\"\"  style=\" color:#ffffff;   background-color: transparent; border:2px solid #ffffff; \">\r\n            <span class=\"hover-bg reset\"  style=\"background-color:#ffffff;\" >\r\n\t\t        <span class=\"hover-text reset\"  style=\"color: #000000;\"  >\r\n                    NUESTROS SERVICIOS                <\/span>\r\n\t        <\/span>\r\n            NUESTROS SERVICIOS        <\/a>\r\n    \r\n        \r\n    [\/vc_column][\/vc_row]<\/p>\n<\/div>","protected":false},"excerpt":{"rendered":"<p>[vc_row row_type=\u00bbparallax\u00bb background_img_id=\u00bb978&#8243; parallax_speed=\u00bb10&#8243; min_height=\u00bb700px\u00bb row_padding_top=\u00bb150&#8243; row_padding_bottom=\u00bb140&#8243;][vc_column width=\u00bb1\/2&#8243;][\/vc_column][vc_column width=\u00bb1\/2&#8243; css=\u00bb.vc_custom_1413956284567{padding-top: 160px !important;}\u00bb][vc_empty_space height=\u00bb130px\u00bb][vc_empty_space][\/vc_column][\/vc_row]<\/p>\n","protected":false},"author":1,"featured_media":0,"parent":0,"menu_order":0,"comment_status":"closed","ping_status":"closed","template":"","meta":{"footnotes":""},"class_list":["post-532","page","type-page","status-publish","hentry"],"translation":{"provider":"WPGlobus","version":"3.0.0","language":"es","enabled_languages":["en","es"],"languages":{"en":{"title":true,"content":true,"excerpt":false},"es":{"title":false,"content":true,"excerpt":false}}},"yoast_head":"<!-- This site is optimized with the Yoast SEO plugin v23.9 - https:\/\/yoast.com\/wordpress\/plugins\/seo\/ -->\n<title>First Paralax - PanaJam Tours<\/title>\n<meta name=\"robots\" content=\"index, follow, max-snippet:-1, max-image-preview:large, max-video-preview:-1\" \/>\n<link rel=\"canonical\" href=\"https:\/\/www.panajamtours.com\/first-paralax\" \/>\n<meta property=\"og:locale\" content=\"es_ES\" \/>\n<meta property=\"og:type\" content=\"article\" \/>\n<meta property=\"og:title\" content=\"First Paralax - PanaJam Tours\" \/>\n<meta property=\"og:url\" content=\"https:\/\/www.panajamtours.com\/first-paralax\" \/>\n<meta property=\"og:site_name\" content=\"PanaJam Tours\" \/>\n<meta property=\"article:publisher\" content=\"https:\/\/www.facebook.com\/PanaJamTours\/\" \/>\n<meta property=\"article:modified_time\" content=\"2017-03-12T18:09:22+00:00\" \/>\n<meta name=\"twitter:card\" content=\"summary_large_image\" \/>\n<meta name=\"twitter:site\" content=\"@panajamtours\" \/>\n<meta name=\"twitter:label1\" content=\"Tiempo de lectura\" \/>\n\t<meta name=\"twitter:data1\" content=\"2 minutos\" \/>\n<script type=\"application\/ld+json\" class=\"yoast-schema-graph\">{\"@context\":\"https:\/\/schema.org\",\"@graph\":[{\"@type\":\"WebPage\",\"@id\":\"https:\/\/www.panajamtours.com\/first-paralax\",\"url\":\"https:\/\/www.panajamtours.com\/first-paralax\",\"name\":\"First Paralax - PanaJam Tours\",\"isPartOf\":{\"@id\":\"https:\/\/www.panajamtours.com\/es\/#website\"},\"datePublished\":\"2014-10-21T12:31:20+00:00\",\"dateModified\":\"2017-03-12T18:09:22+00:00\",\"breadcrumb\":{\"@id\":\"https:\/\/www.panajamtours.com\/first-paralax#breadcrumb\"},\"inLanguage\":\"es\",\"potentialAction\":[{\"@type\":\"ReadAction\",\"target\":[\"https:\/\/www.panajamtours.com\/first-paralax\"]}]},{\"@type\":\"BreadcrumbList\",\"@id\":\"https:\/\/www.panajamtours.com\/first-paralax#breadcrumb\",\"itemListElement\":[{\"@type\":\"ListItem\",\"position\":1,\"name\":\"Home\",\"item\":\"https:\/\/www.panajamtours.com\/es\/\"},{\"@type\":\"ListItem\",\"position\":2,\"name\":\"First Paralax\"}]},{\"@type\":\"WebSite\",\"@id\":\"https:\/\/www.panajamtours.com\/es\/#website\",\"url\":\"https:\/\/www.panajamtours.com\/es\/\",\"name\":\"PanaJam Tours\",\"description\":\"Agencia de Viajes\",\"publisher\":{\"@id\":\"https:\/\/www.panajamtours.com\/es\/#organization\"},\"potentialAction\":[{\"@type\":\"SearchAction\",\"target\":{\"@type\":\"EntryPoint\",\"urlTemplate\":\"https:\/\/www.panajamtours.com\/es\/?s={search_term_string}\"},\"query-input\":{\"@type\":\"PropertyValueSpecification\",\"valueRequired\":true,\"valueName\":\"search_term_string\"}}],\"inLanguage\":\"es\"},{\"@type\":\"Organization\",\"@id\":\"https:\/\/www.panajamtours.com\/es\/#organization\",\"name\":\"PanaJam Tours\",\"url\":\"https:\/\/www.panajamtours.com\/es\/\",\"logo\":{\"@type\":\"ImageObject\",\"inLanguage\":\"es\",\"@id\":\"https:\/\/www.panajamtours.com\/es\/#\/schema\/logo\/image\/\",\"url\":\"https:\/\/www.panajamtours.com\/wp-content\/uploads\/2015\/07\/cropped-PanaJamTours-1-e1452391999906.png\",\"contentUrl\":\"https:\/\/www.panajamtours.com\/wp-content\/uploads\/2015\/07\/cropped-PanaJamTours-1-e1452391999906.png\",\"width\":200,\"height\":166,\"caption\":\"PanaJam Tours\"},\"image\":{\"@id\":\"https:\/\/www.panajamtours.com\/es\/#\/schema\/logo\/image\/\"},\"sameAs\":[\"https:\/\/www.facebook.com\/PanaJamTours\/\",\"https:\/\/x.com\/panajamtours\",\"https:\/\/www.instagram.com\/PanaJamTours\/\"]}]}<\/script>\n<!-- \/ Yoast SEO plugin. -->","yoast_head_json":{"title":"First Paralax - PanaJam Tours","robots":{"index":"index","follow":"follow","max-snippet":"max-snippet:-1","max-image-preview":"max-image-preview:large","max-video-preview":"max-video-preview:-1"},"canonical":"https:\/\/www.panajamtours.com\/first-paralax","og_locale":"es_ES","og_type":"article","og_title":"First Paralax - PanaJam Tours","og_url":"https:\/\/www.panajamtours.com\/first-paralax","og_site_name":"PanaJam Tours","article_publisher":"https:\/\/www.facebook.com\/PanaJamTours\/","article_modified_time":"2017-03-12T18:09:22+00:00","twitter_card":"summary_large_image","twitter_site":"@panajamtours","twitter_misc":{"Tiempo de lectura":"2 minutos"},"schema":{"@context":"https:\/\/schema.org","@graph":[{"@type":"WebPage","@id":"https:\/\/www.panajamtours.com\/first-paralax","url":"https:\/\/www.panajamtours.com\/first-paralax","name":"First Paralax - PanaJam Tours","isPartOf":{"@id":"https:\/\/www.panajamtours.com\/es\/#website"},"datePublished":"2014-10-21T12:31:20+00:00","dateModified":"2017-03-12T18:09:22+00:00","breadcrumb":{"@id":"https:\/\/www.panajamtours.com\/first-paralax#breadcrumb"},"inLanguage":"es","potentialAction":[{"@type":"ReadAction","target":["https:\/\/www.panajamtours.com\/first-paralax"]}]},{"@type":"BreadcrumbList","@id":"https:\/\/www.panajamtours.com\/first-paralax#breadcrumb","itemListElement":[{"@type":"ListItem","position":1,"name":"Home","item":"https:\/\/www.panajamtours.com\/es\/"},{"@type":"ListItem","position":2,"name":"First Paralax"}]},{"@type":"WebSite","@id":"https:\/\/www.panajamtours.com\/es\/#website","url":"https:\/\/www.panajamtours.com\/es\/","name":"PanaJam Tours","description":"Agencia de Viajes","publisher":{"@id":"https:\/\/www.panajamtours.com\/es\/#organization"},"potentialAction":[{"@type":"SearchAction","target":{"@type":"EntryPoint","urlTemplate":"https:\/\/www.panajamtours.com\/es\/?s={search_term_string}"},"query-input":{"@type":"PropertyValueSpecification","valueRequired":true,"valueName":"search_term_string"}}],"inLanguage":"es"},{"@type":"Organization","@id":"https:\/\/www.panajamtours.com\/es\/#organization","name":"PanaJam Tours","url":"https:\/\/www.panajamtours.com\/es\/","logo":{"@type":"ImageObject","inLanguage":"es","@id":"https:\/\/www.panajamtours.com\/es\/#\/schema\/logo\/image\/","url":"https:\/\/www.panajamtours.com\/wp-content\/uploads\/2015\/07\/cropped-PanaJamTours-1-e1452391999906.png","contentUrl":"https:\/\/www.panajamtours.com\/wp-content\/uploads\/2015\/07\/cropped-PanaJamTours-1-e1452391999906.png","width":200,"height":166,"caption":"PanaJam Tours"},"image":{"@id":"https:\/\/www.panajamtours.com\/es\/#\/schema\/logo\/image\/"},"sameAs":["https:\/\/www.facebook.com\/PanaJamTours\/","https:\/\/x.com\/panajamtours","https:\/\/www.instagram.com\/PanaJamTours\/"]}]}},"_links":{"self":[{"href":"https:\/\/www.panajamtours.com\/es\/wp-json\/wp\/v2\/pages\/532","targetHints":{"allow":["GET"]}}],"collection":[{"href":"https:\/\/www.panajamtours.com\/es\/wp-json\/wp\/v2\/pages"}],"about":[{"href":"https:\/\/www.panajamtours.com\/es\/wp-json\/wp\/v2\/types\/page"}],"author":[{"embeddable":true,"href":"https:\/\/www.panajamtours.com\/es\/wp-json\/wp\/v2\/users\/1"}],"replies":[{"embeddable":true,"href":"https:\/\/www.panajamtours.com\/es\/wp-json\/wp\/v2\/comments?post=532"}],"version-history":[{"count":11,"href":"https:\/\/www.panajamtours.com\/es\/wp-json\/wp\/v2\/pages\/532\/revisions"}],"predecessor-version":[{"id":12284,"href":"https:\/\/www.panajamtours.com\/es\/wp-json\/wp\/v2\/pages\/532\/revisions\/12284"}],"wp:attachment":[{"href":"https:\/\/www.panajamtours.com\/es\/wp-json\/wp\/v2\/media?parent=532"}],"curies":[{"name":"wp","href":"https:\/\/api.w.org\/{rel}","templated":true}]}}